{"id":3116,"date":"2024-10-26T14:54:13","date_gmt":"2024-10-26T07:54:13","guid":{"rendered":"https:\/\/nge.123websitedev.com\/san-pham\/nhua-in-3d-creality-hyper-series-pla-filament-1-75mm-1kg\/"},"modified":"2026-03-04T10:02:32","modified_gmt":"2026-03-04T03:02:32","slug":"nhua-in-3d-creality-hyper-series-pla-filament-1-75mm-1kg","status":"publish","type":"product","link":"https:\/\/nge.vn\/en\/product\/nhua-in-3d-creality-hyper-series-pla-filament-1-75mm-1kg\/","title":{"rendered":"Nh\u1ef1a in 3d Creality Hyper Series PLA Filament 1.75mm 1kg"},"content":{"rendered":"<p>Nh\u1ef1a in 3d Creality Hyper Series PLA Filament 1.75mm 1kg<br \/>\nHyper Series PLA Kh\u00f4ng ch\u1ec9 c\u00f3 t\u1ed1c \u0111\u1ed9 cao<br \/>\n+T\u00ednh l\u01b0u \u0111\u1ed9ng t\u1ed1t h\u01a1n<br \/>\n+L\u00e0m m\u00e1t nhanh h\u01a1n<br \/>\n+\u0110\u1ed9 ch\u00ednh x\u00e1c cao<\/p>\n<p>_In nhanh h\u01a1n g\u1ea5p 10 l\u1ea7n, t\u0103ng t\u1ed1c \u0111\u1ed9 s\u00e1ng t\u1ea1o c\u1ee7a b\u1ea1n<br \/>\nNh\u1edd t\u00ednh l\u01b0u \u0111\u1ed9ng cao v\u00e0 c\u00f4ng th\u1ee9c l\u00e0m m\u00e1t nhanh, Hyper Series PLA h\u1ed7 tr\u1ee3 t\u1ed1c \u0111\u1ed9 in l\u00ean t\u1edbi 600mm\/s. T\u00ednh l\u01b0u \u0111\u1ed9ng cao cung c\u1ea5p \u0111\u1ee7 \u0111\u1ed9 n\u00f3ng ch\u1ea3y v\u00e0 \u0111\u00f9n, trong khi l\u00e0m m\u00e1t nhanh gi\u00fap t\u1ea1o h\u00ecnh nhanh \u0111\u1ec3 in t\u1ed1c \u0111\u1ed9 cao.<\/p>\n<p>_Gi\u1eef \u0111\u1ed9 ch\u00ednh x\u00e1c trong khi v\u1eabn gi\u1eef t\u1ed1c \u0111\u1ed9 c\u1ef1c cao<br \/>\n\u0110\u1ed9 \u1ed5n \u0111\u1ecbnh cao \u0111\u1ea3m b\u1ea3o nh\u1eefng thay \u0111\u1ed5i nh\u1ecf trong gi\u00e3n n\u1edf nhi\u1ec7t v\u00e0 co ngu\u1ed9i ngay c\u1ea3 khi in \u1edf t\u1ed1c \u0111\u1ed9 cao, mang l\u1ea1i \u0111\u1ed9 ch\u00ednh x\u00e1c cao v\u1ec1 k\u00edch th\u01b0\u1edbc v\u00e0 k\u1ebft qu\u1ea3 t\u1ed1t h\u01a1n.<br \/>\n+T\u01b0\u01a1ng th\u00edch v\u1edbi in t\u1ed1c \u0111\u1ed9 cao v\u00e0 t\u1ed1c \u0111\u1ed9 b\u00ecnh th\u01b0\u1eddng.<\/p>\n<p>_\u0110\u1ed9 d\u1ebbo dai cao h\u01a1n cho c\u00e1c model m\u1ea1nh m\u1ebd h\u01a1n<br \/>\nV\u1edbi \u0111\u1ed9 b\u1ec1n k\u00e9o cao h\u01a1n ABS v\u00e0 \u0111\u1ed9 d\u1ebbo dai cao h\u01a1n PLA truy\u1ec1n th\u1ed1ng, Hyper Series PLA mang l\u1ea1i kh\u1ea3 n\u0103ng ch\u1ecbu l\u1ef1c k\u1ebft c\u1ea5u t\u1ed1t h\u01a1n cho c\u00e1c m\u1eabu in.<\/p>\n<p>_\u0110\u01b0\u1eddng k\u00ednh d\u00e2y \u0111\u1ed3ng \u0111\u1ec1u, \u0111\u00f9n \u1ed5n \u0111\u1ecbnh<br \/>\nD\u1ef1a tr\u00ean ph\u00e9p \u0111o \u0111\u01b0\u1eddng k\u00ednh laser hai chi\u1ec1u, \u0111\u1ed9 ch\u00ednh x\u00e1c \u0111\u01b0\u1eddng k\u00ednh d\u00e2y t\u00f3c l\u00e0 1,75 + 0,03mm, gi\u00fap d\u00e2y t\u00f3c ch\u1ea3y ra tr\u01a1n tru h\u01a1n.<\/p>\n<p>_Cu\u1ed9n d\u00e2y g\u1ecdn g\u00e0ng v\u1edbi b\u1ea3n in m\u01b0\u1ee3t m\u00e0<br \/>\nKi\u1ec3m so\u00e1t \u0111\u01b0\u1eddng k\u00ednh d\u00e2y t\u00f3c ch\u00ednh x\u00e1c v\u00e0 s\u1eafp x\u1ebfp cu\u1ed9n d\u00e2y t\u1ef1 \u0111\u1ed9ng \u0111\u01b0\u1ee3c k\u1ebft h\u1ee3p \u0111\u1ec3 \u0111\u1ea3m b\u1ea3o in m\u01b0\u1ee3t m\u00e0 h\u01a1n m\u00e0 kh\u00f4ng b\u1ecb r\u1ed1i.<\/p>\n<p>_Bao b\u00ec th\u00e2n thi\u1ec7n v\u1edbi m\u00f4i tr\u01b0\u1eddng, gi\u1ea3m l\u01b0\u1ee3ng kh\u00ed th\u1ea3i carbon<br \/>\nCu\u1ed9n ch\u1ec9 gi\u1ea5y H\u1ed9p th\u00e2n thi\u1ec7n v\u1edbi m\u00f4i tr\u01b0\u1eddng<\/p>\n<p>_K\u1ebf ho\u1ea1ch d\u00e2y t\u00f3c t\u1ed1t h\u01a1n:<br \/>\n\u0110\u1ea1t \u0111\u01b0\u1ee3c k\u1ebft qu\u1ea3 t\u1ed1t nh\u1ea5t b\u1eb1ng c\u00e1ch k\u1ebft h\u1ee3p c\u00e1c s\u1ee3i c\u1ee7a Creality v\u1edbi m\u00e1y in 3D c\u1ee7a Creality.<br \/>\n+T\u01b0\u01a1ng th\u00edch cao v\u1edbi m\u00e1y in 3D c\u1ee7a Creality<br \/>\n+\u0110\u01b0\u1ee3c l\u00e0m t\u1eeb v\u1eadt li\u1ec7u ch\u1ea5t l\u01b0\u1ee3ng cao<br \/>\n+Chia s\u1ebb Th\u01b0 vi\u1ec7n m\u1eabu tr\u00ean Creality Cloud<\/p>\n<p>_T\u01b0\u01a1ng th\u00edch cao v\u1edbi m\u00e1y in 3D c\u1ee7a Creality<br \/>\nVi\u1ec7c ki\u1ec3m tra m\u00e1y v\u00e0 d\u00e2y t\u00f3c li\u00ean t\u1ee5c \u0111\u1ea3m b\u1ea3o kh\u1ea3 n\u0103ng th\u00edch \u1ee9ng cao.<\/p>\n<p>_\u0110\u01b0\u1ee3c l\u00e0m t\u1eeb v\u1eadt li\u1ec7u ch\u1ea5t l\u01b0\u1ee3ng cao<br \/>\nNguy\u00ean li\u1ec7u th\u00f4 \u0111\u01b0\u1ee3c l\u1ef1a ch\u1ecdn tr\u00ean to\u00e0n c\u1ea7u v\u00e0 ki\u1ec3m so\u00e1t ch\u1ea5t l\u01b0\u1ee3ng nghi\u00eam ng\u1eb7t mang l\u1ea1i hi\u1ec7u su\u1ea5t in \u1ea5n v\u00e0 k\u1ebft qu\u1ea3 in tuy\u1ec7t v\u1eddi.<\/p>\n<p>_Chia s\u1ebb Th\u01b0 vi\u1ec7n m\u00f4 h\u00ecnh tr\u00ean Creality Cloud<br \/>\nNh\u1eadn h\u01a1n 300.000 m\u00f4 h\u00ecnh tr\u00ean Creality Cloud.<br \/>\nT\u1ea1o m\u00f4 h\u00ecnh mi\u1ec5n ph\u00ed, C\u1eaft v\u00e0 in tr\u1ef1c tuy\u1ebfn, chia s\u1ebb c\u1ed9ng \u0111\u1ed3ng<\/p>\n<p>+Packing Size\uff1a210\u00d7210\u00d770mm<br \/>\n+G.W\uff1a1.29kg<br \/>\n+N.W.\uff1a1kg<br \/>\n+Package Way\uff1a12 spools \/ carton<br \/>\n+Carton Weight\uff1a16.5kg<\/p>\n<p>Product Parameters<br \/>\n+Product Name: Hyper Series PLA<br \/>\n+Wire Diameter: 1.75+0.03mm<br \/>\n+Net Weight: 1Kg\/2.2Ib<br \/>\n+Gross Weight: 1.29Kg\/2.8Ib<br \/>\n+Package Size: 210*210*70mm.<br \/>\n+Density: 1.25g\/cm?<br \/>\n+Tensile Strength (X-Y): 52.991Mpa<br \/>\n+Tensile Modulus (X-Y): 1146.064<br \/>\n+Elongation at Break: 6.304%<br \/>\n+Bending Strength (X-Y): 92.381Mpa<br \/>\n+Flexural Modulus: (X-Y): 2490.178Mpa<br \/>\n+Charpy Impact Strength (X-Y): 8.8344kJ\/m2<br \/>\n+Printing Temperature: 190-230\u00b0C<br \/>\n+Hot Bed Temperature: 25~60<br \/>\n+Printing Speed: 30-600mm\/s<br \/>\n+Fan: 100%<br \/>\n+Printing Platform: Carbon Silicon, PEI Platform Board, Textured Paper, PVP Solid Glue<\/p>\n<p>**To receive a better price, please contact the shop directly.<br \/>\n0913.939.775 contact A.Quan (for English)<br \/>\n094.144.0951 contact A.Quynh<br \/>\n**Gi\u00e1 b\u00e1n ch\u01b0a bao g\u1ed3m VAT (+8% n\u1ebfu xu\u1ea5t ho\u00e1 \u0111\u01a1n GTGT)<\/p>","protected":false},"excerpt":{"rendered":"<p>Nh\u1ef1a in 3d Creality Hyper Series PLA Filament 1.75mm 1kg<\/p>","protected":false},"featured_media":3107,"comment_status":"open","ping_status":"closed","template":"","meta":{"inline_featured_image":false},"product_brand":[],"product_cat":[455,465],"product_tag":[],"class_list":{"0":"post-3116","1":"product","2":"type-product","3":"status-publish","4":"has-post-thumbnail","6":"product_cat-nhua-in-3d","7":"product_cat-nhua-in-3d-creality","9":"first","10":"instock","11":"sale","12":"taxable","13":"shipping-taxable","14":"purchasable","15":"product-type-variable"},"yoast_head":"<!-- This site is optimized with the Yoast SEO Premium plugin v22.8 (Yoast SEO v26.9) - https:\/\/yoast.com\/product\/yoast-seo-premium-wordpress\/ -->\n<title>Nh\u1ef1a in 3d Creality Hyper Series PLA Filament 1.75mm 1kg - NGE 3D Printers Services<\/title>\n<meta name=\"description\" content=\"Nh\u1ef1a in 3d Creality Hyper Series PLA Filament 1.75mm 1kg Kh\u00f4ng ch\u1ec9 c\u00f3 t\u1ed1c \u0111\u1ed9 cao, T\u00ednh l\u01b0u \u0111\u1ed9ng t\u1ed1t h\u01a1n, L\u00e0m m\u00e1t nhanh h\u01a1n, \u0110\u1ed9 ch\u00ednh x\u00e1c cao\" \/>\n<meta name=\"robots\" content=\"index, follow, max-snippet:-1, max-image-preview:large, max-video-preview:-1\" \/>\n<link rel=\"canonical\" href=\"https:\/\/nge.vn\/en\/product\/nhua-in-3d-creality-hyper-series-pla-filament-1-75mm-1kg\/\" \/>\n<meta property=\"og:locale\" content=\"en_US\" \/>\n<meta property=\"og:type\" content=\"article\" \/>\n<meta property=\"og:title\" content=\"Nh\u1ef1a in 3d Creality Hyper Series PLA Filament 1.75mm 1kg\" \/>\n<meta property=\"og:description\" content=\"Nh\u1ef1a in 3d Creality Hyper Series PLA Filament 1.75mm 1kg Kh\u00f4ng ch\u1ec9 c\u00f3 t\u1ed1c \u0111\u1ed9 cao, T\u00ednh l\u01b0u \u0111\u1ed9ng t\u1ed1t h\u01a1n, L\u00e0m m\u00e1t nhanh h\u01a1n, \u0110\u1ed9 ch\u00ednh x\u00e1c cao\" \/>\n<meta property=\"og:url\" content=\"https:\/\/nge.vn\/en\/product\/nhua-in-3d-creality-hyper-series-pla-filament-1-75mm-1kg\/\" \/>\n<meta property=\"og:site_name\" content=\"NGE 3D Printers Services\" \/>\n<meta property=\"article:modified_time\" content=\"2026-03-04T03:02:32+00:00\" \/>\n<meta property=\"og:image\" content=\"https:\/\/nge.vn\/wp-content\/uploads\/2024\/10\/images-upload-woo2F09e12e7bb0f7fb2937e69f3864ab409e.jpg\" \/>\n\t<meta property=\"og:image:width\" content=\"823\" \/>\n\t<meta property=\"og:image:height\" content=\"823\" \/>\n\t<meta property=\"og:image:type\" content=\"image\/jpeg\" \/>\n<meta name=\"twitter:card\" content=\"summary_large_image\" \/>\n<meta name=\"twitter:label1\" content=\"Est. reading time\" \/>\n\t<meta name=\"twitter:data1\" content=\"4 minutes\" \/>\n<script type=\"application\/ld+json\" class=\"yoast-schema-graph\">{\"@context\":\"https:\/\/schema.org\",\"@graph\":[{\"@type\":\"WebPage\",\"@id\":\"https:\/\/nge.vn\/san-pham\/nhua-in-3d-creality-hyper-series-pla-filament-1-75mm-1kg\/\",\"url\":\"https:\/\/nge.vn\/san-pham\/nhua-in-3d-creality-hyper-series-pla-filament-1-75mm-1kg\/\",\"name\":\"Nh\u1ef1a in 3d Creality Hyper Series PLA Filament 1.75mm 1kg - NGE 3D Printers Services\",\"isPartOf\":{\"@id\":\"https:\/\/nge.vn\/#website\"},\"primaryImageOfPage\":{\"@id\":\"https:\/\/nge.vn\/san-pham\/nhua-in-3d-creality-hyper-series-pla-filament-1-75mm-1kg\/#primaryimage\"},\"image\":{\"@id\":\"https:\/\/nge.vn\/san-pham\/nhua-in-3d-creality-hyper-series-pla-filament-1-75mm-1kg\/#primaryimage\"},\"thumbnailUrl\":\"https:\/\/nge.vn\/wp-content\/uploads\/2024\/10\/images-upload-woo2F09e12e7bb0f7fb2937e69f3864ab409e.jpg\",\"datePublished\":\"2024-10-26T07:54:13+00:00\",\"dateModified\":\"2026-03-04T03:02:32+00:00\",\"description\":\"Nh\u1ef1a in 3d Creality Hyper Series PLA Filament 1.75mm 1kg Kh\u00f4ng ch\u1ec9 c\u00f3 t\u1ed1c \u0111\u1ed9 cao, T\u00ednh l\u01b0u \u0111\u1ed9ng t\u1ed1t h\u01a1n, L\u00e0m m\u00e1t nhanh h\u01a1n, \u0110\u1ed9 ch\u00ednh x\u00e1c cao\",\"breadcrumb\":{\"@id\":\"https:\/\/nge.vn\/san-pham\/nhua-in-3d-creality-hyper-series-pla-filament-1-75mm-1kg\/#breadcrumb\"},\"inLanguage\":\"en-US\",\"potentialAction\":[{\"@type\":\"ReadAction\",\"target\":[\"https:\/\/nge.vn\/san-pham\/nhua-in-3d-creality-hyper-series-pla-filament-1-75mm-1kg\/\"]}]},{\"@type\":\"ImageObject\",\"inLanguage\":\"en-US\",\"@id\":\"https:\/\/nge.vn\/san-pham\/nhua-in-3d-creality-hyper-series-pla-filament-1-75mm-1kg\/#primaryimage\",\"url\":\"https:\/\/nge.vn\/wp-content\/uploads\/2024\/10\/images-upload-woo2F09e12e7bb0f7fb2937e69f3864ab409e.jpg\",\"contentUrl\":\"https:\/\/nge.vn\/wp-content\/uploads\/2024\/10\/images-upload-woo2F09e12e7bb0f7fb2937e69f3864ab409e.jpg\",\"width\":823,\"height\":823},{\"@type\":\"BreadcrumbList\",\"@id\":\"https:\/\/nge.vn\/san-pham\/nhua-in-3d-creality-hyper-series-pla-filament-1-75mm-1kg\/#breadcrumb\",\"itemListElement\":[{\"@type\":\"ListItem\",\"position\":1,\"name\":\"Trang ch\u1ee7\",\"item\":\"https:\/\/nge.vn\/\"},{\"@type\":\"ListItem\",\"position\":2,\"name\":\"S\u1ea3n ph\u1ea9m\",\"item\":\"https:\/\/nge.vn\/san-pham\/\"},{\"@type\":\"ListItem\",\"position\":3,\"name\":\"Nh\u1ef1a in 3d Creality Hyper Series PLA Filament 1.75mm 1kg\"}]},{\"@type\":\"WebSite\",\"@id\":\"https:\/\/nge.vn\/#website\",\"url\":\"https:\/\/nge.vn\/\",\"name\":\"NGE 3D Printers Services\",\"description\":\"\",\"potentialAction\":[{\"@type\":\"SearchAction\",\"target\":{\"@type\":\"EntryPoint\",\"urlTemplate\":\"https:\/\/nge.vn\/?s={search_term_string}\"},\"query-input\":{\"@type\":\"PropertyValueSpecification\",\"valueRequired\":true,\"valueName\":\"search_term_string\"}}],\"inLanguage\":\"en-US\"}]}<\/script>\n<!-- \/ Yoast SEO Premium plugin. -->","yoast_head_json":{"title":"Nh\u1ef1a in 3d Creality Hyper Series PLA Filament 1.75mm 1kg - NGE 3D Printers Services","description":"Nh\u1ef1a in 3d Creality Hyper Series PLA Filament 1.75mm 1kg Kh\u00f4ng ch\u1ec9 c\u00f3 t\u1ed1c \u0111\u1ed9 cao, T\u00ednh l\u01b0u \u0111\u1ed9ng t\u1ed1t h\u01a1n, L\u00e0m m\u00e1t nhanh h\u01a1n, \u0110\u1ed9 ch\u00ednh x\u00e1c cao","robots":{"index":"index","follow":"follow","max-snippet":"max-snippet:-1","max-image-preview":"max-image-preview:large","max-video-preview":"max-video-preview:-1"},"canonical":"https:\/\/nge.vn\/en\/product\/nhua-in-3d-creality-hyper-series-pla-filament-1-75mm-1kg\/","og_locale":"en_US","og_type":"article","og_title":"Nh\u1ef1a in 3d Creality Hyper Series PLA Filament 1.75mm 1kg","og_description":"Nh\u1ef1a in 3d Creality Hyper Series PLA Filament 1.75mm 1kg Kh\u00f4ng ch\u1ec9 c\u00f3 t\u1ed1c \u0111\u1ed9 cao, T\u00ednh l\u01b0u \u0111\u1ed9ng t\u1ed1t h\u01a1n, L\u00e0m m\u00e1t nhanh h\u01a1n, \u0110\u1ed9 ch\u00ednh x\u00e1c cao","og_url":"https:\/\/nge.vn\/en\/product\/nhua-in-3d-creality-hyper-series-pla-filament-1-75mm-1kg\/","og_site_name":"NGE 3D Printers Services","article_modified_time":"2026-03-04T03:02:32+00:00","og_image":[{"width":823,"height":823,"url":"https:\/\/nge.vn\/wp-content\/uploads\/2024\/10\/images-upload-woo2F09e12e7bb0f7fb2937e69f3864ab409e.jpg","type":"image\/jpeg"}],"twitter_card":"summary_large_image","twitter_misc":{"Est. reading time":"4 minutes"},"schema":{"@context":"https:\/\/schema.org","@graph":[{"@type":"WebPage","@id":"https:\/\/nge.vn\/san-pham\/nhua-in-3d-creality-hyper-series-pla-filament-1-75mm-1kg\/","url":"https:\/\/nge.vn\/san-pham\/nhua-in-3d-creality-hyper-series-pla-filament-1-75mm-1kg\/","name":"Nh\u1ef1a in 3d Creality Hyper Series PLA Filament 1.75mm 1kg - NGE 3D Printers Services","isPartOf":{"@id":"https:\/\/nge.vn\/#website"},"primaryImageOfPage":{"@id":"https:\/\/nge.vn\/san-pham\/nhua-in-3d-creality-hyper-series-pla-filament-1-75mm-1kg\/#primaryimage"},"image":{"@id":"https:\/\/nge.vn\/san-pham\/nhua-in-3d-creality-hyper-series-pla-filament-1-75mm-1kg\/#primaryimage"},"thumbnailUrl":"https:\/\/nge.vn\/wp-content\/uploads\/2024\/10\/images-upload-woo2F09e12e7bb0f7fb2937e69f3864ab409e.jpg","datePublished":"2024-10-26T07:54:13+00:00","dateModified":"2026-03-04T03:02:32+00:00","description":"Nh\u1ef1a in 3d Creality Hyper Series PLA Filament 1.75mm 1kg Kh\u00f4ng ch\u1ec9 c\u00f3 t\u1ed1c \u0111\u1ed9 cao, T\u00ednh l\u01b0u \u0111\u1ed9ng t\u1ed1t h\u01a1n, L\u00e0m m\u00e1t nhanh h\u01a1n, \u0110\u1ed9 ch\u00ednh x\u00e1c cao","breadcrumb":{"@id":"https:\/\/nge.vn\/san-pham\/nhua-in-3d-creality-hyper-series-pla-filament-1-75mm-1kg\/#breadcrumb"},"inLanguage":"en-US","potentialAction":[{"@type":"ReadAction","target":["https:\/\/nge.vn\/san-pham\/nhua-in-3d-creality-hyper-series-pla-filament-1-75mm-1kg\/"]}]},{"@type":"ImageObject","inLanguage":"en-US","@id":"https:\/\/nge.vn\/san-pham\/nhua-in-3d-creality-hyper-series-pla-filament-1-75mm-1kg\/#primaryimage","url":"https:\/\/nge.vn\/wp-content\/uploads\/2024\/10\/images-upload-woo2F09e12e7bb0f7fb2937e69f3864ab409e.jpg","contentUrl":"https:\/\/nge.vn\/wp-content\/uploads\/2024\/10\/images-upload-woo2F09e12e7bb0f7fb2937e69f3864ab409e.jpg","width":823,"height":823},{"@type":"BreadcrumbList","@id":"https:\/\/nge.vn\/san-pham\/nhua-in-3d-creality-hyper-series-pla-filament-1-75mm-1kg\/#breadcrumb","itemListElement":[{"@type":"ListItem","position":1,"name":"Trang ch\u1ee7","item":"https:\/\/nge.vn\/"},{"@type":"ListItem","position":2,"name":"S\u1ea3n ph\u1ea9m","item":"https:\/\/nge.vn\/san-pham\/"},{"@type":"ListItem","position":3,"name":"Nh\u1ef1a in 3d Creality Hyper Series PLA Filament 1.75mm 1kg"}]},{"@type":"WebSite","@id":"https:\/\/nge.vn\/#website","url":"https:\/\/nge.vn\/","name":"NGE 3D Printers Services","description":"","potentialAction":[{"@type":"SearchAction","target":{"@type":"EntryPoint","urlTemplate":"https:\/\/nge.vn\/?s={search_term_string}"},"query-input":{"@type":"PropertyValueSpecification","valueRequired":true,"valueName":"search_term_string"}}],"inLanguage":"en-US"}]}},"_links":{"self":[{"href":"https:\/\/nge.vn\/en\/wp-json\/wp\/v2\/product\/3116","targetHints":{"allow":["GET"]}}],"collection":[{"href":"https:\/\/nge.vn\/en\/wp-json\/wp\/v2\/product"}],"about":[{"href":"https:\/\/nge.vn\/en\/wp-json\/wp\/v2\/types\/product"}],"replies":[{"embeddable":true,"href":"https:\/\/nge.vn\/en\/wp-json\/wp\/v2\/comments?post=3116"}],"wp:featuredmedia":[{"embeddable":true,"href":"https:\/\/nge.vn\/en\/wp-json\/wp\/v2\/media\/3107"}],"wp:attachment":[{"href":"https:\/\/nge.vn\/en\/wp-json\/wp\/v2\/media?parent=3116"}],"wp:term":[{"taxonomy":"product_brand","embeddable":true,"href":"https:\/\/nge.vn\/en\/wp-json\/wp\/v2\/product_brand?post=3116"},{"taxonomy":"product_cat","embeddable":true,"href":"https:\/\/nge.vn\/en\/wp-json\/wp\/v2\/product_cat?post=3116"},{"taxonomy":"product_tag","embeddable":true,"href":"https:\/\/nge.vn\/en\/wp-json\/wp\/v2\/product_tag?post=3116"}],"curies":[{"name":"wp","href":"https:\/\/api.w.org\/{rel}","templated":true}]}}