{"id":3078,"date":"2024-10-26T14:48:56","date_gmt":"2024-10-26T07:48:56","guid":{"rendered":"https:\/\/nge.123websitedev.com\/san-pham\/nhua-in-3d-creality-ender-pla-chat-luong-cao-1kg-cuon\/"},"modified":"2024-12-30T17:16:20","modified_gmt":"2024-12-30T10:16:20","slug":"nhua-in-3d-creality-ender-pla-chat-luong-cao-1kg-cuon","status":"publish","type":"product","link":"https:\/\/nge.vn\/en\/product\/nhua-in-3d-creality-ender-pla-chat-luong-cao-1kg-cuon\/","title":{"rendered":"Nh\u1ef1a in 3d Creality Ender PLA+ ch\u1ea5t l\u01b0\u1ee3ng cao 1kg\/ Cu\u1ed9n"},"content":{"rendered":"<p>Nh\u1ef1a in 3d Creality Ender PLA+ ch\u1ea5t l\u01b0\u1ee3ng cao 1kg\/ Cu\u1ed9n<br \/>\n_\u0110\u1ed9 d\u1ebbo dai \u0111\u01b0\u1ee3c n\u00e2ng c\u1ea5p Hi\u1ec7u su\u1ea5t v\u01b0\u1ee3t tr\u1ed9i<br \/>\n+\u0110\u1ed9 d\u1ebbo dai \u0111\u01b0\u1ee3c n\u00e2ng c\u1ea5p<br \/>\n+Hi\u1ec7u qu\u1ea3 chi ph\u00ed cao<br \/>\n+Cu\u1ed9n d\u00e2y g\u1ecdn g\u00e0ng<br \/>\n+Kh\u00f4ng b\u1ecb t\u1eafc ngh\u1ebdn<br \/>\n+K\u1ebft n\u1ed1i c\u1ed9ng \u0111\u1ed3ng<br \/>\n+Kh\u1ea3 n\u0103ng t\u01b0\u01a1ng th\u00edch r\u1ed9ng<\/p>\n<p>_D\u1ebbo dai h\u01a1n m\u00e0 kh\u00f4ng b\u1ecb g\u00e3y<br \/>\nEnder-PLA+ t\u0103ng c\u01b0\u1eddng \u0111\u1ed9 d\u1ebbo dai c\u1ee7a d\u00e2y t\u00f3c, c\u00f3 th\u1ec3 u\u1ed1n cong nhi\u1ec1u l\u1ea7n m\u00e0 \u00edt b\u1ecb \u0111\u1ee9t h\u01a1n, m\u1eabu m\u00e3 ch\u1eafc ch\u1eafn h\u01a1n v\u00e0 kh\u00f4ng d\u1ec5 h\u01b0 h\u1ecfng, ph\u00f9 h\u1ee3p v\u1edbi nhi\u1ec1u t\u00ecnh hu\u1ed1ng in \u1ea5n h\u01a1n, ch\u1eb3ng h\u1ea1n nh\u01b0<br \/>\n\u0111\u1ed3 ch\u01a1i gi\u00e1o d\u1ee5c, linh ki\u1ec7n m\u00e1y m\u00f3c, v.v.<\/p>\n<p>_V\u1eeba ti\u1ebft ki\u1ec7m chi ph\u00ed v\u1eeba ch\u1ea5t l\u01b0\u1ee3ng cao<br \/>\nHi\u1ec7u su\u1ea5t in \u1ed5n \u0111\u1ecbnh h\u01a1n \u0111\u00e1p \u1ee9ng nhu c\u1ea7u tr\u1ea3i nghi\u1ec7m s\u1ee3i nh\u1ef1a ch\u1ea5t l\u01b0\u1ee3ng cao h\u01a1n c\u1ee7a nh\u1eefng ng\u01b0\u1eddi \u0111am m\u00ea DIY.<\/p>\n<p>_Cu\u1ed9n d\u00e2y g\u1ecdn g\u00e0ng v\u1edbi b\u1ea3n in m\u01b0\u1ee3t m\u00e0<br \/>\nKi\u1ec3m so\u00e1t \u0111\u01b0\u1eddng k\u00ednh d\u00e2y t\u00f3c ch\u00ednh x\u00e1c, s\u1eafp x\u1ebfp cu\u1ed9n d\u00e2y t\u1ef1 \u0111\u1ed9ng EPC, \u0111\u1ea3m b\u1ea3o d\u00e2y t\u00f3c PLA g\u1ecdn g\u00e0ng, n\u1ea1p v\u00e0 in m\u01b0\u1ee3t m\u00e0 h\u01a1n.<\/p>\n<p>_D\u00f2ng ch\u1ea3y in nhanh m\u00e0 kh\u00f4ng b\u1ecb t\u1eafc ngh\u1ebdn.<br \/>\n+ Nguy\u00ean li\u1ec7u th\u00f4 c\u00f3 \u0111\u1ed9 tinh khi\u1ebft cao, kh\u00f4ng l\u1eabn t\u1ea1p ch\u1ea5t, t\u00ednh l\u01b0u \u0111\u1ed9ng t\u1ed1t gi\u00fap s\u1ee3i nh\u1ef1a \u0111\u01b0\u1ee3c \u00e9p \u0111\u00f9n \u0111\u1ec1u v\u00e0 m\u1ecbn trong qu\u00e1 tr\u00ecnh in.<br \/>\n+Kh\u00f4ng g\u00e2y t\u1eafc \u0111\u1ea7u phun, n\u00e2ng cao t\u1ef7 l\u1ec7 in th\u00e0nh c\u00f4ng.<\/p>\n<p>_K\u1ebft n\u1ed1i v\u00e0 ch\u01a1i v\u1edbi c\u1ed9ng \u0111\u1ed3ng \u0111\u00e1m m\u00e2y in 3D<br \/>\n+K\u1ebft n\u1ed1i v\u1edbi n\u1ec1n t\u1ea3ng m\u1ea1ng x\u00e3 h\u1ed9i v\u00e0 Creality Cloud \u0111\u1ec3 k\u1ebft th\u00eam nhi\u1ec1u b\u1ea1n b\u00e8 in 3D, tham gia c\u1ed9ng \u0111\u1ed3ng \u0111\u00e1m m\u00e2y in 3D tuy\u1ec7t v\u1eddi.<br \/>\n+Creality Cloud cung c\u1ea5p h\u01a1n 100.000 m\u00f4 h\u00ecnh c\u00f3 th\u1ec3 \u0111\u01b0\u1ee3c t\u00ecm ki\u1ebfm v\u00e0 t\u1ea3i xu\u1ed1ng ch\u1ec9 b\u1eb1ng m\u1ed9t c\u00fa nh\u1ea5p chu\u1ed9t.<\/p>\n<p>_Kh\u1ea3 n\u0103ng t\u01b0\u01a1ng th\u00edch r\u1ed9ng<br \/>\n+\u0110\u01b0\u1ee3c x\u00e1c minh b\u1edfi BFP&#8211;T\u01b0\u01a1ng th\u00edch ho\u00e0n h\u1ea3o v\u1edbi m\u00e1y in Creality<br \/>\n+V\u00e0 t\u01b0\u01a1ng th\u00edch v\u1edbi 99% m\u00e1y in FDM tr\u00ean th\u1ecb tr\u01b0\u1eddng<\/p>\n<p>C\u00e1c \u1ee9ng d\u1ee5ng<br \/>\n+Ph\u1ee5 ki\u1ec7n gia \u0111\u00ecnh<br \/>\n+\u0110\u1ed3 ch\u01a1i gi\u00e1o d\u1ee5c<br \/>\n+Linh ki\u1ec7n m\u00e1y<br \/>\n+B\u1ed9 ph\u1eadn ch\u1ee9c n\u0103ng<\/p>\n<p>Th\u00f4ng s\u1ed1 s\u1ea3n ph\u1ea9m<br \/>\n+T\u00ean s\u1ea3n ph\u1ea9m: Ender-PLA+Filament<br \/>\n+Nhi\u1ec7t \u0111\u1ed9 m\u00e1y \u0111\u00f9n : 190-230\u00b0C<br \/>\n+Nhi\u1ec7t \u0111\u1ed9 l\u00f2 s\u01b0\u1edfi: Kh\u00f4ng gia nhi\u1ec7t &#8211; 60\u00b0C<br \/>\n+T\u1ed1c \u0111\u1ed9 in: 40-100mm\/s<br \/>\n+\u0110\u1ed9 b\u1ec1n k\u00e9o: 34MPa<br \/>\n+C\u01b0\u1eddng \u0111\u1ed9 u\u1ed1n: 77MPa<br \/>\n+\u0110\u01b0\u1eddng k\u00ednh d\u00e2y t\u00f3c: 1.75mm<br \/>\n+N.W: 1Kg\/2,21b<br \/>\n+G.W: 1,29Kg\/2,8Ib<br \/>\n+K\u00edch th\u01b0\u1edbc \u0111\u00f3ng g\u00f3i: 210*210*70mm<\/p>\n<p>**To receive a better price, please contact the shop directly.<br \/>\n0913.939.775 contact A.Quan (for English)<br \/>\n094.144.0951 contact A.Quynh<br \/>\n**Selling price does not include VAT (+10% if VAT invoice is issued)<\/p>","protected":false},"excerpt":{"rendered":"<p>Nh\u1ef1a in 3d Creality Ender PLA+ ch\u1ea5t l\u01b0\u1ee3ng cao 1kg\/ Cu\u1ed9n<\/p>","protected":false},"featured_media":3069,"comment_status":"open","ping_status":"closed","template":"","meta":{"inline_featured_image":false},"product_brand":[],"product_cat":[455,465,456],"product_tag":[],"class_list":{"0":"post-3078","1":"product","2":"type-product","3":"status-publish","4":"has-post-thumbnail","6":"product_cat-nhua-in-3d","7":"product_cat-nhua-in-3d-creality","8":"product_cat-nhua-in-3d-fdm","10":"first","11":"instock","12":"taxable","13":"shipping-taxable","14":"purchasable","15":"product-type-variable"},"yoast_head":"<!-- This site is optimized with the Yoast SEO Premium plugin v22.8 (Yoast SEO v26.9) - https:\/\/yoast.com\/product\/yoast-seo-premium-wordpress\/ -->\n<title>Nh\u1ef1a in 3d Creality Ender PLA+ ch\u1ea5t l\u01b0\u1ee3ng cao 1kg\/ Cu\u1ed9n - NGE 3D Printers Services<\/title>\n<meta name=\"robots\" content=\"index, follow, max-snippet:-1, max-image-preview:large, max-video-preview:-1\" \/>\n<link rel=\"canonical\" href=\"https:\/\/nge.vn\/en\/product\/nhua-in-3d-creality-ender-pla-chat-luong-cao-1kg-cuon\/\" \/>\n<meta property=\"og:locale\" content=\"en_US\" \/>\n<meta property=\"og:type\" content=\"article\" \/>\n<meta property=\"og:title\" content=\"Nh\u1ef1a in 3d Creality Ender PLA+ ch\u1ea5t l\u01b0\u1ee3ng cao 1kg\/ Cu\u1ed9n\" \/>\n<meta property=\"og:description\" content=\"Nh\u1ef1a in 3d Creality Ender PLA+ ch\u1ea5t l\u01b0\u1ee3ng cao 1kg\/ Cu\u1ed9n\" \/>\n<meta property=\"og:url\" content=\"https:\/\/nge.vn\/en\/product\/nhua-in-3d-creality-ender-pla-chat-luong-cao-1kg-cuon\/\" \/>\n<meta property=\"og:site_name\" content=\"NGE 3D Printers Services\" \/>\n<meta property=\"article:modified_time\" content=\"2024-12-30T10:16:20+00:00\" \/>\n<meta property=\"og:image\" content=\"https:\/\/nge.vn\/wp-content\/uploads\/2024\/10\/images-upload-woo2Faa09b06a8882e356a090d81398ed189d.jpg\" \/>\n\t<meta property=\"og:image:width\" content=\"879\" \/>\n\t<meta property=\"og:image:height\" content=\"879\" \/>\n\t<meta property=\"og:image:type\" content=\"image\/jpeg\" \/>\n<meta name=\"twitter:card\" content=\"summary_large_image\" \/>\n<meta name=\"twitter:label1\" content=\"Est. reading time\" \/>\n\t<meta name=\"twitter:data1\" content=\"3 minutes\" \/>\n<script type=\"application\/ld+json\" class=\"yoast-schema-graph\">{\"@context\":\"https:\/\/schema.org\",\"@graph\":[{\"@type\":\"WebPage\",\"@id\":\"https:\/\/nge.vn\/san-pham\/nhua-in-3d-creality-ender-pla-chat-luong-cao-1kg-cuon\/\",\"url\":\"https:\/\/nge.vn\/san-pham\/nhua-in-3d-creality-ender-pla-chat-luong-cao-1kg-cuon\/\",\"name\":\"Nh\u1ef1a in 3d Creality Ender PLA+ ch\u1ea5t l\u01b0\u1ee3ng cao 1kg\/ Cu\u1ed9n - NGE 3D Printers Services\",\"isPartOf\":{\"@id\":\"https:\/\/nge.vn\/#website\"},\"primaryImageOfPage\":{\"@id\":\"https:\/\/nge.vn\/san-pham\/nhua-in-3d-creality-ender-pla-chat-luong-cao-1kg-cuon\/#primaryimage\"},\"image\":{\"@id\":\"https:\/\/nge.vn\/san-pham\/nhua-in-3d-creality-ender-pla-chat-luong-cao-1kg-cuon\/#primaryimage\"},\"thumbnailUrl\":\"https:\/\/nge.vn\/wp-content\/uploads\/2024\/10\/images-upload-woo2Faa09b06a8882e356a090d81398ed189d.jpg\",\"datePublished\":\"2024-10-26T07:48:56+00:00\",\"dateModified\":\"2024-12-30T10:16:20+00:00\",\"breadcrumb\":{\"@id\":\"https:\/\/nge.vn\/san-pham\/nhua-in-3d-creality-ender-pla-chat-luong-cao-1kg-cuon\/#breadcrumb\"},\"inLanguage\":\"en-US\",\"potentialAction\":[{\"@type\":\"ReadAction\",\"target\":[\"https:\/\/nge.vn\/san-pham\/nhua-in-3d-creality-ender-pla-chat-luong-cao-1kg-cuon\/\"]}]},{\"@type\":\"ImageObject\",\"inLanguage\":\"en-US\",\"@id\":\"https:\/\/nge.vn\/san-pham\/nhua-in-3d-creality-ender-pla-chat-luong-cao-1kg-cuon\/#primaryimage\",\"url\":\"https:\/\/nge.vn\/wp-content\/uploads\/2024\/10\/images-upload-woo2Faa09b06a8882e356a090d81398ed189d.jpg\",\"contentUrl\":\"https:\/\/nge.vn\/wp-content\/uploads\/2024\/10\/images-upload-woo2Faa09b06a8882e356a090d81398ed189d.jpg\",\"width\":879,\"height\":879},{\"@type\":\"BreadcrumbList\",\"@id\":\"https:\/\/nge.vn\/san-pham\/nhua-in-3d-creality-ender-pla-chat-luong-cao-1kg-cuon\/#breadcrumb\",\"itemListElement\":[{\"@type\":\"ListItem\",\"position\":1,\"name\":\"Trang ch\u1ee7\",\"item\":\"https:\/\/nge.vn\/\"},{\"@type\":\"ListItem\",\"position\":2,\"name\":\"S\u1ea3n ph\u1ea9m\",\"item\":\"https:\/\/nge.vn\/san-pham\/\"},{\"@type\":\"ListItem\",\"position\":3,\"name\":\"Nh\u1ef1a in 3d Creality Ender PLA+ ch\u1ea5t l\u01b0\u1ee3ng cao 1kg\/ Cu\u1ed9n\"}]},{\"@type\":\"WebSite\",\"@id\":\"https:\/\/nge.vn\/#website\",\"url\":\"https:\/\/nge.vn\/\",\"name\":\"NGE 3D Printers Services\",\"description\":\"\",\"potentialAction\":[{\"@type\":\"SearchAction\",\"target\":{\"@type\":\"EntryPoint\",\"urlTemplate\":\"https:\/\/nge.vn\/?s={search_term_string}\"},\"query-input\":{\"@type\":\"PropertyValueSpecification\",\"valueRequired\":true,\"valueName\":\"search_term_string\"}}],\"inLanguage\":\"en-US\"}]}<\/script>\n<!-- \/ Yoast SEO Premium plugin. -->","yoast_head_json":{"title":"Nh\u1ef1a in 3d Creality Ender PLA+ ch\u1ea5t l\u01b0\u1ee3ng cao 1kg\/ Cu\u1ed9n - NGE 3D Printers Services","robots":{"index":"index","follow":"follow","max-snippet":"max-snippet:-1","max-image-preview":"max-image-preview:large","max-video-preview":"max-video-preview:-1"},"canonical":"https:\/\/nge.vn\/en\/product\/nhua-in-3d-creality-ender-pla-chat-luong-cao-1kg-cuon\/","og_locale":"en_US","og_type":"article","og_title":"Nh\u1ef1a in 3d Creality Ender PLA+ ch\u1ea5t l\u01b0\u1ee3ng cao 1kg\/ Cu\u1ed9n","og_description":"Nh\u1ef1a in 3d Creality Ender PLA+ ch\u1ea5t l\u01b0\u1ee3ng cao 1kg\/ Cu\u1ed9n","og_url":"https:\/\/nge.vn\/en\/product\/nhua-in-3d-creality-ender-pla-chat-luong-cao-1kg-cuon\/","og_site_name":"NGE 3D Printers Services","article_modified_time":"2024-12-30T10:16:20+00:00","og_image":[{"width":879,"height":879,"url":"https:\/\/nge.vn\/wp-content\/uploads\/2024\/10\/images-upload-woo2Faa09b06a8882e356a090d81398ed189d.jpg","type":"image\/jpeg"}],"twitter_card":"summary_large_image","twitter_misc":{"Est. reading time":"3 minutes"},"schema":{"@context":"https:\/\/schema.org","@graph":[{"@type":"WebPage","@id":"https:\/\/nge.vn\/san-pham\/nhua-in-3d-creality-ender-pla-chat-luong-cao-1kg-cuon\/","url":"https:\/\/nge.vn\/san-pham\/nhua-in-3d-creality-ender-pla-chat-luong-cao-1kg-cuon\/","name":"Nh\u1ef1a in 3d Creality Ender PLA+ ch\u1ea5t l\u01b0\u1ee3ng cao 1kg\/ Cu\u1ed9n - NGE 3D Printers Services","isPartOf":{"@id":"https:\/\/nge.vn\/#website"},"primaryImageOfPage":{"@id":"https:\/\/nge.vn\/san-pham\/nhua-in-3d-creality-ender-pla-chat-luong-cao-1kg-cuon\/#primaryimage"},"image":{"@id":"https:\/\/nge.vn\/san-pham\/nhua-in-3d-creality-ender-pla-chat-luong-cao-1kg-cuon\/#primaryimage"},"thumbnailUrl":"https:\/\/nge.vn\/wp-content\/uploads\/2024\/10\/images-upload-woo2Faa09b06a8882e356a090d81398ed189d.jpg","datePublished":"2024-10-26T07:48:56+00:00","dateModified":"2024-12-30T10:16:20+00:00","breadcrumb":{"@id":"https:\/\/nge.vn\/san-pham\/nhua-in-3d-creality-ender-pla-chat-luong-cao-1kg-cuon\/#breadcrumb"},"inLanguage":"en-US","potentialAction":[{"@type":"ReadAction","target":["https:\/\/nge.vn\/san-pham\/nhua-in-3d-creality-ender-pla-chat-luong-cao-1kg-cuon\/"]}]},{"@type":"ImageObject","inLanguage":"en-US","@id":"https:\/\/nge.vn\/san-pham\/nhua-in-3d-creality-ender-pla-chat-luong-cao-1kg-cuon\/#primaryimage","url":"https:\/\/nge.vn\/wp-content\/uploads\/2024\/10\/images-upload-woo2Faa09b06a8882e356a090d81398ed189d.jpg","contentUrl":"https:\/\/nge.vn\/wp-content\/uploads\/2024\/10\/images-upload-woo2Faa09b06a8882e356a090d81398ed189d.jpg","width":879,"height":879},{"@type":"BreadcrumbList","@id":"https:\/\/nge.vn\/san-pham\/nhua-in-3d-creality-ender-pla-chat-luong-cao-1kg-cuon\/#breadcrumb","itemListElement":[{"@type":"ListItem","position":1,"name":"Trang ch\u1ee7","item":"https:\/\/nge.vn\/"},{"@type":"ListItem","position":2,"name":"S\u1ea3n ph\u1ea9m","item":"https:\/\/nge.vn\/san-pham\/"},{"@type":"ListItem","position":3,"name":"Nh\u1ef1a in 3d Creality Ender PLA+ ch\u1ea5t l\u01b0\u1ee3ng cao 1kg\/ Cu\u1ed9n"}]},{"@type":"WebSite","@id":"https:\/\/nge.vn\/#website","url":"https:\/\/nge.vn\/","name":"NGE 3D Printers Services","description":"","potentialAction":[{"@type":"SearchAction","target":{"@type":"EntryPoint","urlTemplate":"https:\/\/nge.vn\/?s={search_term_string}"},"query-input":{"@type":"PropertyValueSpecification","valueRequired":true,"valueName":"search_term_string"}}],"inLanguage":"en-US"}]}},"_links":{"self":[{"href":"https:\/\/nge.vn\/en\/wp-json\/wp\/v2\/product\/3078","targetHints":{"allow":["GET"]}}],"collection":[{"href":"https:\/\/nge.vn\/en\/wp-json\/wp\/v2\/product"}],"about":[{"href":"https:\/\/nge.vn\/en\/wp-json\/wp\/v2\/types\/product"}],"replies":[{"embeddable":true,"href":"https:\/\/nge.vn\/en\/wp-json\/wp\/v2\/comments?post=3078"}],"wp:featuredmedia":[{"embeddable":true,"href":"https:\/\/nge.vn\/en\/wp-json\/wp\/v2\/media\/3069"}],"wp:attachment":[{"href":"https:\/\/nge.vn\/en\/wp-json\/wp\/v2\/media?parent=3078"}],"wp:term":[{"taxonomy":"product_brand","embeddable":true,"href":"https:\/\/nge.vn\/en\/wp-json\/wp\/v2\/product_brand?post=3078"},{"taxonomy":"product_cat","embeddable":true,"href":"https:\/\/nge.vn\/en\/wp-json\/wp\/v2\/product_cat?post=3078"},{"taxonomy":"product_tag","embeddable":true,"href":"https:\/\/nge.vn\/en\/wp-json\/wp\/v2\/product_tag?post=3078"}],"curies":[{"name":"wp","href":"https:\/\/api.w.org\/{rel}","templated":true}]}}