{"id":3066,"date":"2024-10-26T14:48:07","date_gmt":"2024-10-26T07:48:07","guid":{"rendered":"https:\/\/nge.123websitedev.com\/san-pham\/may-in-3d-creality-cr-6-max-kho-in-404040cm\/"},"modified":"2025-02-10T09:29:29","modified_gmt":"2025-02-10T02:29:29","slug":"may-in-3d-creality-cr-6-max-kho-in-404040cm","status":"publish","type":"product","link":"https:\/\/nge.vn\/en\/product\/may-in-3d-creality-cr-6-max-kho-in-404040cm\/","title":{"rendered":"M\u00e1y in 3d CR-6 MAX kh\u1ed5 in 40*40*40cm"},"content":{"rendered":"<p style=\"text-align: center;\"><em><strong>M\u00e1y in 3d CR-6 Max kh\u1ed5 in 40*40*40cm<\/strong><\/em><\/p>\n<p>_M\u00e1y in 3d CR-6 Max l\u00e0 m\u00e1y in th\u1ee9 hai m\u00e0 Creality \u0111\u00e3 t\u00e0i tr\u1ee3 th\u00f4ng qua huy \u0111\u1ed9ng v\u1ed1n c\u1ed9ng \u0111\u1ed3ng.<br \/>\n_The Golden Triangle:<br \/>\n+Gi\u1eef tr\u1ee5c Z cao ch\u00f3t v\u00f3t l\u00e0 c\u00e1c thanh \u0111\u1ee1 m\u00e0 tr\u01b0\u1edbc \u0111\u00e2y Creality \u0111\u00e3 m\u1ec7nh danh l\u00e0 \u201cTam gi\u00e1c v\u00e0ng\u201d. Nh\u1eefng gi\u00e1 \u0111\u1ee1 b\u1eb1ng kim lo\u1ea1i n\u00e0y gi\u00fap gi\u1ea3m rung \u0111\u1ed9ng khi gi\u01b0\u1eddng di chuy\u1ec3n qua l\u1ea1i.<br \/>\n+S\u1ef1 xu\u1ea5t hi\u1ec7n c\u1ee7a nh\u1eefng th\u1ee9 n\u00e0y l\u00e0 m\u1ed9t \u0111i\u1ec1u \u0111\u00e1ng hoan ngh\u00eanh v\u00e0 c\u00f3 ngh\u0129a l\u00e0 b\u1ea1n s\u1ebd c\u00f3 th\u1ec3 in cao h\u01a1n m\u00e0 kh\u00f4ng ph\u1ea3i lo l\u1eafng v\u1ec1 s\u1ef1 dao \u0111\u1ed9ng Z qu\u00e1 m\u1ee9c khi b\u1ea1n \u0111\u1ea1t \u0111\u1ebfn gi\u1edbi h\u1ea1n tr\u00ean c\u1ee7a kh\u1ed1i l\u01b0\u1ee3ng b\u1ea3n d\u1ef1ng.<br \/>\n+M\u00e1y in 3d CR-6 Max c\u00f3 c\u00f9ng h\u1ec7 th\u1ed1ng san l\u1ea5p m\u1eb7t b\u1eb1ng t\u1ef1 \u0111\u1ed9ng s\u00e1ng t\u1ea1o nh\u01b0 CR-6 SE, s\u1eed d\u1ee5ng c\u1ea3m bi\u1ebfn d\u1ef1a tr\u00ean l\u1ef1c. Max s\u1ebd ch\u1ec9 c\u1ea7n ch\u1ea1m \u0111\u1ea7u phun v\u00e0o gi\u01b0\u1eddng t\u1ea1i c\u00e1c \u0111i\u1ec3m c\u1ee5 th\u1ec3 v\u00e0 c\u1ea3m bi\u1ebfn l\u1ef1c tr\u00ean \u0111\u1ea7u n\u00f3ng s\u1ebd ph\u00e1t hi\u1ec7n ch\u00ednh x\u00e1c \u0111i\u1ec3m m\u00e0 \u0111\u1ea7u phun ch\u1ea1m v\u00e0o k\u00ednh.<br \/>\n+H\u1ec7 th\u1ed1ng n\u00e0y t\u1ed1t v\u00ec m\u1ed9t s\u1ed1 l\u00fd do. \u0110\u1ed1i v\u1edbi m\u1ed9t, kh\u00f4ng c\u00f3 \u0111\u1ea7u d\u00f2 c\u1ea3m bi\u1ebfn b\u1ed5 sung, c\u00f3 ngh\u0129a l\u00e0 b\u1ea1n kh\u00f4ng c\u1ea7n ph\u1ea3i hi\u1ec7u ch\u1ec9nh b\u1ea5t k\u1ef3 hi\u1ec7u s\u1ed1 n\u00e0o ngo\u00e0i chi\u1ec1u cao Z ban \u0111\u1ea7u \u0111\u1ec3 c\u00f3 \u0111\u01b0\u1ee3c &#8220;ti\u1ebfng k\u00eau&#8221; ph\u00f9 h\u1ee3p trong l\u1edbp \u0111\u1ea7u ti\u00ean c\u1ee7a b\u1ea1n. Ngo\u00e0i ra, h\u1ec7 th\u1ed1ng san l\u1ea5p m\u1eb7t b\u1eb1ng t\u1ef1 \u0111\u1ed9ng lo\u1ea1i b\u1ecf c\u00e1c n\u00fat b\u1ea5m \u1edf m\u1eb7t d\u01b0\u1edbi c\u1ee7a gi\u01b0\u1eddng, \u0111i\u1ec1u n\u00e0y s\u1ebd l\u00e0 m\u1ed9t s\u1ef1 nh\u1eb9 nh\u00f5m cho b\u1ea5t k\u1ef3 ai c\u00f3 kinh nghi\u1ec7m c\u1ed1 g\u1eafng c\u00e2n b\u1eb1ng c\u00e1c m\u00e1y kh\u1ed5 l\u1edbn nh\u01b0 v\u1eady.<br \/>\n_C\u00e1c t\u00ednh n\u0103ng b\u1ed5 sung c\u1ee7a M\u00e1y in 3d CR-6 Max s\u1ebd bao g\u1ed3m:<br \/>\n+\u0110\u1ea7u phun m\u00f4-\u0111un: Creality \u0111\u00e3 thi\u1ebft k\u1ebf v\u00f2i phun c\u00f3 t\u00ednh m\u00f4 \u0111un. Ng\u01b0\u1eddi d\u00f9ng c\u00f3 th\u1ec3 v\u00f4 hi\u1ec7u h\u00f3a \u0111\u1ea7u phun v\u00e0 thay \u0111\u1ed5i kh\u1ed1i t\u1ea3n nhi\u1ec7t, t\u1ea3n nhi\u1ec7t, \u1ed1ng Teflon ho\u1eb7c \u0111\u1ea7u v\u00f2i b\u1eb1ng ph\u1ee5 t\u00f9ng \u0111i k\u00e8m.<br \/>\n+M\u00e1y \u0111\u00f9n: M\u00e1y \u0111\u00f9n \u0111\u01b0\u1ee3c thi\u1ebft k\u1ebf l\u1ea1i s\u1ebd cho ph\u00e9p n\u1ea1p s\u1ee3i d\u1ec5 d\u00e0ng h\u01a1n.<br \/>\n+C\u1ea3m bi\u1ebfn s\u1ee3i nh\u1ef1a: M\u00e1y in 3d CR-6 Max \u0111\u01b0\u1ee3c trang b\u1ecb c\u1ea3m bi\u1ebfn s\u1ee3i nh\u1ef1a quang \u0111i\u1ec7n ph\u00e1t hi\u1ec7n b\u1ea5t k\u1ef3 kh\u1ea3 n\u0103ng \u0111\u1ee9t ho\u1eb7c h\u1ebft s\u1ee3i nh\u1ef1a n\u00e0o.<br \/>\n+Ch\u1ee9c n\u0103ng ti\u1ebfp t\u1ee5c in: M\u1ea5t \u0111i\u1ec7n ho\u1eb7c ng\u1eaft k\u1ebft n\u1ed1i s\u1ebd kh\u00f4ng th\u00e0nh v\u1ea5n \u0111\u1ec1 \u0111\u1ed1i v\u1edbi CR-6 Max v\u00ec n\u00f3 c\u00f3 th\u1ec3 kh\u00f4i ph\u1ee5c ho\u00e0n to\u00e0n v\u00e0 ti\u1ebfp t\u1ee5c in khi \u0111\u01b0\u1ee3c sao l\u01b0u.<br \/>\n+Bo m\u1ea1ch ch\u1ee7 32bit: CR-6 SE \u0111\u00e3 \u0111\u1ea1t \u0111\u01b0\u1ee3c m\u1ed9t trong nh\u1eefng m\u1ee5c ti\u00eau m\u1edf r\u1ed9ng c\u1ee7a n\u00f3 tr\u00ean Kickstarter, c\u00f3 ngh\u0129a l\u00e0 c\u1ea3 SE v\u00e0 Max s\u1ebd \u0111\u01b0\u1ee3c cung c\u1ea5p bo m\u1ea1ch ch\u1ee7 32-bit \u0111\u1ec3 n\u00e2ng cao hi\u1ec7u su\u1ea5t.<br \/>\n+Tr\u00ecnh \u0111i\u1ec1u khi\u1ec3n \u0111\u1ed9ng c\u01a1 TMC2209: M\u1ed9t \u0111i\u1ec3m m\u1edf r\u1ed9ng kh\u00e1c, Creality s\u1ebd b\u1ed5 sung th\u00eam tr\u00ecnh \u0111i\u1ec1u khi\u1ec3n \u0111\u1ed9ng c\u01a1 TMC2209 \u0111\u1ec3 in ch\u00ednh x\u00e1c v\u00e0 y\u00ean t\u0129nh h\u01a1n.<br \/>\n+B\u1ed9 ngu\u1ed3n Mean Well: \u0110\u01b0\u1ee3c l\u00e0m r\u00f5 trong b\u1ea3n c\u1eadp nh\u1eadt m\u1edbi nh\u1ea5t c\u1ee7a Creality, CR-6 SE v\u00e0 CR-6 Max s\u1ebd c\u00f9ng \u0111\u01b0\u1ee3c v\u1eadn h\u00e0nh v\u1edbi b\u1ed9 ngu\u1ed3n Mean Well ch\u1ea5t l\u01b0\u1ee3ng cao \u0111\u1ec3 k\u00e9o d\u00e0i tu\u1ed5i th\u1ecd ph\u1ea7n c\u1ee9ng v\u00e0 gi\u00fap b\u1ea1n y\u00ean t\u00e2m.<br \/>\n**Th\u00f4ng s\u1ed1 k\u1ef9 thu\u00e2\u0323t 3d printer Creality CR-6 Max<br \/>\n+C\u00f4ng ngh\u1ec7 m\u00f4 h\u00ecnh h\u00f3a: FDM<br \/>\n+K\u00edch th\u01b0\u1edbc in: 40*40*40cm<br \/>\n+V\u1eadt li\u1ec7u \u0111\u01b0\u1ee3c h\u1ed7 tr\u1ee3: PLA\/TPU\/PETG\/WOOD<br \/>\n+Truy\u1ec1n t\u1ec7p: USB\/Th\u1ebb nh\u1edb<br \/>\n+K\u00edch th\u01b0\u1edbc m\u00e1y: 725*640*691mm<br \/>\n+Bo m\u1ea1ch ch\u1ee7 im l\u1eb7ng<br \/>\n+\u0110i\u1ec7n \u00e1p: 100v-240v<br \/>\n+C\u00f4ng su\u1ea5t: 500W<br \/>\n+\u0110i\u1ec7n \u00e1p: 24V<br \/>\n+\u0110\u1ed9 d\u00e0y l\u1edbp: 0,1-0,4mm<br \/>\n+\u0110\u1ed9 ph\u00e2n gi\u1ea3i in: \u00b1 0,1mm<br \/>\n+Nhi\u1ec7t \u0111\u1ed9 v\u00f2i phun: \u2264260 \u2103<br \/>\n+\u0110\u01b0\u1eddng k\u00ednh v\u00f2i phun: ti\u00eau chu\u1ea9n 0,4mm<br \/>\n+Nhi\u1ec7t \u0111\u1ed9 gi\u01b0\u1eddng n\u00f3ng: \u226490 \u2103<br \/>\n**\u0110\u1ec3 \u0111\u01b0\u1ee3c nh\u1eadn h\u1ed9 tr\u1ee3 th\u00eam v\u1ec1 Gi\u00e1 v\u00e0 Th\u00f4ng tin c\u1ee7a s\u1ea3n ph\u1ea9m, vui l\u00f2ng li\u00ean h\u1ec7:<br \/>\n0913.939.775 g\u1eb7p A. Qu\u00e2n (for English)<br \/>\n094.144.0951 contact A.Quynh<br \/>\n**Selling price does not include VAT (+10% if VAT invoice is issued)<\/p>\n<p>&nbsp;<\/p>\n<p><a href=\"https:\/\/www.creality.com\/products\/creality-cr-6-max-3d-printer?spm=..page_11973645.products_display_1.1&amp;spm_prev=..index.header_1.1\">Xem th\u00eam chi ti\u1ebft m\u00e1y CR-6 Max<\/a><\/p>\n<p><a href=\"https:\/\/nge.vn\/en\/product\/may-in-3d-creality-cr-m4-kho-in-450450470mm-can-ban-tu-dong-voi-cr-touch\/\">M\u00e1y in 3d Creality CR-M4 kh\u1ed5 in 45*45*47cm<\/a><\/p>","protected":false},"excerpt":{"rendered":"<p>M\u00e1y in 3d Creality CR-6 MAX kh\u1ed5 in 40*40*40cm<\/p>","protected":false},"featured_media":4760,"comment_status":"open","ping_status":"closed","template":"","meta":{"inline_featured_image":false},"product_brand":[],"product_cat":[39,51],"product_tag":[],"class_list":{"0":"post-3066","1":"product","2":"type-product","3":"status-publish","4":"has-post-thumbnail","6":"product_cat-may-in-3d","7":"product_cat-may-in-3d-creality","9":"first","10":"instock","11":"taxable","12":"shipping-taxable","13":"purchasable","14":"product-type-simple"},"yoast_head":"<!-- This site is optimized with the Yoast SEO Premium plugin v22.8 (Yoast SEO v26.9) - https:\/\/yoast.com\/product\/yoast-seo-premium-wordpress\/ -->\n<title>M\u00e1y in 3d CR-6 MAX kh\u1ed5 in 40*40*40cm - NGE 3D Printers Services<\/title>\n<meta name=\"description\" content=\"M\u00e1y in 3d CR-6 Max c\u1ea3m bi\u1ebfn s\u1ee3i nh\u1ef1a quang \u0111i\u1ec7n ph\u00e1t hi\u1ec7n \u0111\u1ee9t ho\u1eb7c h\u1ebft s\u1ee3i nh\u1ef1a, Ch\u1ee9c n\u0103ng ti\u1ebfp t\u1ee5c in, board 32bit, driver TMC2209, ngu\u1ed3n MeanWell\" \/>\n<meta name=\"robots\" content=\"index, follow, max-snippet:-1, max-image-preview:large, max-video-preview:-1\" \/>\n<link rel=\"canonical\" href=\"https:\/\/nge.vn\/en\/product\/may-in-3d-creality-cr-6-max-kho-in-404040cm\/\" \/>\n<meta property=\"og:locale\" content=\"en_US\" \/>\n<meta property=\"og:type\" content=\"article\" \/>\n<meta property=\"og:title\" content=\"M\u00e1y in 3d CR-6 MAX kh\u1ed5 in 40*40*40cm\" \/>\n<meta property=\"og:description\" content=\"M\u00e1y in 3d CR-6 Max c\u1ea3m bi\u1ebfn s\u1ee3i nh\u1ef1a quang \u0111i\u1ec7n ph\u00e1t hi\u1ec7n \u0111\u1ee9t ho\u1eb7c h\u1ebft s\u1ee3i nh\u1ef1a, Ch\u1ee9c n\u0103ng ti\u1ebfp t\u1ee5c in, board 32bit, driver TMC2209, ngu\u1ed3n MeanWell\" \/>\n<meta property=\"og:url\" content=\"https:\/\/nge.vn\/en\/product\/may-in-3d-creality-cr-6-max-kho-in-404040cm\/\" \/>\n<meta property=\"og:site_name\" content=\"NGE 3D Printers Services\" \/>\n<meta property=\"article:modified_time\" content=\"2025-02-10T02:29:29+00:00\" \/>\n<meta property=\"og:image\" content=\"https:\/\/nge.vn\/wp-content\/uploads\/2024\/10\/cr-6max-1000-1.png\" \/>\n\t<meta property=\"og:image:width\" content=\"1000\" \/>\n\t<meta property=\"og:image:height\" content=\"1000\" \/>\n\t<meta property=\"og:image:type\" content=\"image\/png\" \/>\n<meta name=\"twitter:card\" content=\"summary_large_image\" \/>\n<meta name=\"twitter:label1\" content=\"Est. reading time\" \/>\n\t<meta name=\"twitter:data1\" content=\"4 minutes\" \/>\n<script type=\"application\/ld+json\" class=\"yoast-schema-graph\">{\"@context\":\"https:\/\/schema.org\",\"@graph\":[{\"@type\":\"WebPage\",\"@id\":\"https:\/\/nge.vn\/san-pham\/may-in-3d-creality-cr-6-max-kho-in-404040cm\/\",\"url\":\"https:\/\/nge.vn\/san-pham\/may-in-3d-creality-cr-6-max-kho-in-404040cm\/\",\"name\":\"M\u00e1y in 3d CR-6 MAX kh\u1ed5 in 40*40*40cm - NGE 3D Printers Services\",\"isPartOf\":{\"@id\":\"https:\/\/nge.vn\/#website\"},\"primaryImageOfPage\":{\"@id\":\"https:\/\/nge.vn\/san-pham\/may-in-3d-creality-cr-6-max-kho-in-404040cm\/#primaryimage\"},\"image\":{\"@id\":\"https:\/\/nge.vn\/san-pham\/may-in-3d-creality-cr-6-max-kho-in-404040cm\/#primaryimage\"},\"thumbnailUrl\":\"https:\/\/nge.vn\/wp-content\/uploads\/2024\/10\/cr-6max-1000-1.png\",\"datePublished\":\"2024-10-26T07:48:07+00:00\",\"dateModified\":\"2025-02-10T02:29:29+00:00\",\"description\":\"M\u00e1y in 3d CR-6 Max c\u1ea3m bi\u1ebfn s\u1ee3i nh\u1ef1a quang \u0111i\u1ec7n ph\u00e1t hi\u1ec7n \u0111\u1ee9t ho\u1eb7c h\u1ebft s\u1ee3i nh\u1ef1a, Ch\u1ee9c n\u0103ng ti\u1ebfp t\u1ee5c in, board 32bit, driver TMC2209, ngu\u1ed3n MeanWell\",\"breadcrumb\":{\"@id\":\"https:\/\/nge.vn\/san-pham\/may-in-3d-creality-cr-6-max-kho-in-404040cm\/#breadcrumb\"},\"inLanguage\":\"en-US\",\"potentialAction\":[{\"@type\":\"ReadAction\",\"target\":[\"https:\/\/nge.vn\/san-pham\/may-in-3d-creality-cr-6-max-kho-in-404040cm\/\"]}]},{\"@type\":\"ImageObject\",\"inLanguage\":\"en-US\",\"@id\":\"https:\/\/nge.vn\/san-pham\/may-in-3d-creality-cr-6-max-kho-in-404040cm\/#primaryimage\",\"url\":\"https:\/\/nge.vn\/wp-content\/uploads\/2024\/10\/cr-6max-1000-1.png\",\"contentUrl\":\"https:\/\/nge.vn\/wp-content\/uploads\/2024\/10\/cr-6max-1000-1.png\",\"width\":1000,\"height\":1000,\"caption\":\"M\u00e1y in 3d CR-6 Max\"},{\"@type\":\"BreadcrumbList\",\"@id\":\"https:\/\/nge.vn\/san-pham\/may-in-3d-creality-cr-6-max-kho-in-404040cm\/#breadcrumb\",\"itemListElement\":[{\"@type\":\"ListItem\",\"position\":1,\"name\":\"Trang ch\u1ee7\",\"item\":\"https:\/\/nge.vn\/\"},{\"@type\":\"ListItem\",\"position\":2,\"name\":\"S\u1ea3n ph\u1ea9m\",\"item\":\"https:\/\/nge.vn\/san-pham\/\"},{\"@type\":\"ListItem\",\"position\":3,\"name\":\"M\u00e1y in 3d CR-6 MAX kh\u1ed5 in 40*40*40cm\"}]},{\"@type\":\"WebSite\",\"@id\":\"https:\/\/nge.vn\/#website\",\"url\":\"https:\/\/nge.vn\/\",\"name\":\"NGE 3D Printers Services\",\"description\":\"\",\"potentialAction\":[{\"@type\":\"SearchAction\",\"target\":{\"@type\":\"EntryPoint\",\"urlTemplate\":\"https:\/\/nge.vn\/?s={search_term_string}\"},\"query-input\":{\"@type\":\"PropertyValueSpecification\",\"valueRequired\":true,\"valueName\":\"search_term_string\"}}],\"inLanguage\":\"en-US\"}]}<\/script>\n<!-- \/ Yoast SEO Premium plugin. -->","yoast_head_json":{"title":"M\u00e1y in 3d CR-6 MAX kh\u1ed5 in 40*40*40cm - NGE 3D Printers Services","description":"M\u00e1y in 3d CR-6 Max c\u1ea3m bi\u1ebfn s\u1ee3i nh\u1ef1a quang \u0111i\u1ec7n ph\u00e1t hi\u1ec7n \u0111\u1ee9t ho\u1eb7c h\u1ebft s\u1ee3i nh\u1ef1a, Ch\u1ee9c n\u0103ng ti\u1ebfp t\u1ee5c in, board 32bit, driver TMC2209, ngu\u1ed3n MeanWell","robots":{"index":"index","follow":"follow","max-snippet":"max-snippet:-1","max-image-preview":"max-image-preview:large","max-video-preview":"max-video-preview:-1"},"canonical":"https:\/\/nge.vn\/en\/product\/may-in-3d-creality-cr-6-max-kho-in-404040cm\/","og_locale":"en_US","og_type":"article","og_title":"M\u00e1y in 3d CR-6 MAX kh\u1ed5 in 40*40*40cm","og_description":"M\u00e1y in 3d CR-6 Max c\u1ea3m bi\u1ebfn s\u1ee3i nh\u1ef1a quang \u0111i\u1ec7n ph\u00e1t hi\u1ec7n \u0111\u1ee9t ho\u1eb7c h\u1ebft s\u1ee3i nh\u1ef1a, Ch\u1ee9c n\u0103ng ti\u1ebfp t\u1ee5c in, board 32bit, driver TMC2209, ngu\u1ed3n MeanWell","og_url":"https:\/\/nge.vn\/en\/product\/may-in-3d-creality-cr-6-max-kho-in-404040cm\/","og_site_name":"NGE 3D Printers Services","article_modified_time":"2025-02-10T02:29:29+00:00","og_image":[{"width":1000,"height":1000,"url":"https:\/\/nge.vn\/wp-content\/uploads\/2024\/10\/cr-6max-1000-1.png","type":"image\/png"}],"twitter_card":"summary_large_image","twitter_misc":{"Est. reading time":"4 minutes"},"schema":{"@context":"https:\/\/schema.org","@graph":[{"@type":"WebPage","@id":"https:\/\/nge.vn\/san-pham\/may-in-3d-creality-cr-6-max-kho-in-404040cm\/","url":"https:\/\/nge.vn\/san-pham\/may-in-3d-creality-cr-6-max-kho-in-404040cm\/","name":"M\u00e1y in 3d CR-6 MAX kh\u1ed5 in 40*40*40cm - NGE 3D Printers Services","isPartOf":{"@id":"https:\/\/nge.vn\/#website"},"primaryImageOfPage":{"@id":"https:\/\/nge.vn\/san-pham\/may-in-3d-creality-cr-6-max-kho-in-404040cm\/#primaryimage"},"image":{"@id":"https:\/\/nge.vn\/san-pham\/may-in-3d-creality-cr-6-max-kho-in-404040cm\/#primaryimage"},"thumbnailUrl":"https:\/\/nge.vn\/wp-content\/uploads\/2024\/10\/cr-6max-1000-1.png","datePublished":"2024-10-26T07:48:07+00:00","dateModified":"2025-02-10T02:29:29+00:00","description":"M\u00e1y in 3d CR-6 Max c\u1ea3m bi\u1ebfn s\u1ee3i nh\u1ef1a quang \u0111i\u1ec7n ph\u00e1t hi\u1ec7n \u0111\u1ee9t ho\u1eb7c h\u1ebft s\u1ee3i nh\u1ef1a, Ch\u1ee9c n\u0103ng ti\u1ebfp t\u1ee5c in, board 32bit, driver TMC2209, ngu\u1ed3n MeanWell","breadcrumb":{"@id":"https:\/\/nge.vn\/san-pham\/may-in-3d-creality-cr-6-max-kho-in-404040cm\/#breadcrumb"},"inLanguage":"en-US","potentialAction":[{"@type":"ReadAction","target":["https:\/\/nge.vn\/san-pham\/may-in-3d-creality-cr-6-max-kho-in-404040cm\/"]}]},{"@type":"ImageObject","inLanguage":"en-US","@id":"https:\/\/nge.vn\/san-pham\/may-in-3d-creality-cr-6-max-kho-in-404040cm\/#primaryimage","url":"https:\/\/nge.vn\/wp-content\/uploads\/2024\/10\/cr-6max-1000-1.png","contentUrl":"https:\/\/nge.vn\/wp-content\/uploads\/2024\/10\/cr-6max-1000-1.png","width":1000,"height":1000,"caption":"M\u00e1y in 3d CR-6 Max"},{"@type":"BreadcrumbList","@id":"https:\/\/nge.vn\/san-pham\/may-in-3d-creality-cr-6-max-kho-in-404040cm\/#breadcrumb","itemListElement":[{"@type":"ListItem","position":1,"name":"Trang ch\u1ee7","item":"https:\/\/nge.vn\/"},{"@type":"ListItem","position":2,"name":"S\u1ea3n ph\u1ea9m","item":"https:\/\/nge.vn\/san-pham\/"},{"@type":"ListItem","position":3,"name":"M\u00e1y in 3d CR-6 MAX kh\u1ed5 in 40*40*40cm"}]},{"@type":"WebSite","@id":"https:\/\/nge.vn\/#website","url":"https:\/\/nge.vn\/","name":"NGE 3D Printers Services","description":"","potentialAction":[{"@type":"SearchAction","target":{"@type":"EntryPoint","urlTemplate":"https:\/\/nge.vn\/?s={search_term_string}"},"query-input":{"@type":"PropertyValueSpecification","valueRequired":true,"valueName":"search_term_string"}}],"inLanguage":"en-US"}]}},"_links":{"self":[{"href":"https:\/\/nge.vn\/en\/wp-json\/wp\/v2\/product\/3066","targetHints":{"allow":["GET"]}}],"collection":[{"href":"https:\/\/nge.vn\/en\/wp-json\/wp\/v2\/product"}],"about":[{"href":"https:\/\/nge.vn\/en\/wp-json\/wp\/v2\/types\/product"}],"replies":[{"embeddable":true,"href":"https:\/\/nge.vn\/en\/wp-json\/wp\/v2\/comments?post=3066"}],"wp:featuredmedia":[{"embeddable":true,"href":"https:\/\/nge.vn\/en\/wp-json\/wp\/v2\/media\/4760"}],"wp:attachment":[{"href":"https:\/\/nge.vn\/en\/wp-json\/wp\/v2\/media?parent=3066"}],"wp:term":[{"taxonomy":"product_brand","embeddable":true,"href":"https:\/\/nge.vn\/en\/wp-json\/wp\/v2\/product_brand?post=3066"},{"taxonomy":"product_cat","embeddable":true,"href":"https:\/\/nge.vn\/en\/wp-json\/wp\/v2\/product_cat?post=3066"},{"taxonomy":"product_tag","embeddable":true,"href":"https:\/\/nge.vn\/en\/wp-json\/wp\/v2\/product_tag?post=3066"}],"curies":[{"name":"wp","href":"https:\/\/api.w.org\/{rel}","templated":true}]}}