{"id":3020,"date":"2024-10-26T14:44:46","date_gmt":"2024-10-26T07:44:46","guid":{"rendered":"https:\/\/nge.123websitedev.com\/san-pham\/nhua-in-3d-esun-petg-cao-cap-loi-giay-1kg-cuon\/"},"modified":"2025-08-30T17:06:54","modified_gmt":"2025-08-30T10:06:54","slug":"nhua-in-3d-esun-petg-cao-cap-loi-giay-1kg-cuon","status":"publish","type":"product","link":"https:\/\/nge.vn\/en\/product\/nhua-in-3d-esun-petg-cao-cap-loi-giay-1kg-cuon\/","title":{"rendered":"ESUN PETG High-grade 3D printing plastic paper core 1Kg\/Roll"},"content":{"rendered":"<p>Nh\u1ef1a in 3D ESUN PETG Cao c\u1ea5p kh\u00f4ng t\u1ea1p ch\u1ea5t v\u00e0 b\u1ecdt kh\u00ed 1Kg\/Cu\u1ed9n<br \/>\n_H\u00e3ng s\u1ea3n xu\u1ea5t: eSun<br \/>\n_\u0110\u00f3ng g\u00f3i: 1kg\/Cu\u1ed9n<br \/>\n_Ng\u00e0y s\u1ea3n xu\u1ea5t: 11\/2020<\/p>\n<p>PETG l\u00e0 v\u1eadt li\u1ec7u hi\u1ec7u su\u1ea5t cao v\u1edbi kh\u1ea3 n\u0103ng ch\u1ed1ng n\u01b0\u1edbc, kh\u00e1ng h\u00f3a ch\u1ea5t v\u00e0 \u0111\u1ed9 d\u1ebbo dai cao. N\u00f3 c\u1ee9ng h\u01a1n ABS; S\u1ea3n ph\u1ea9m in ra c\u00f3 b\u1ec1 m\u1eb7t m\u1edd v\u00e0 m\u1ecbn. D\u1ec5 d\u00e0ng in d\u01b0\u1edbi d\u1ea1ng PLA m\u00e0 kh\u00f4ng c\u1ea7n bu\u1ed3ng nhi\u1ec7t \u0111\u1ed9.<\/p>\n<p>_M\u00f4 t\u1ea3 s\u1ea3n ph\u1ea9m:<br \/>\n+Nhi\u1ec7t \u0111\u1ed9 in t\u1ed1t nh\u1ea5t: 230~250\u2103<br \/>\n+Nhi\u1ec7t \u0111\u1ed9 c\u01a1 b\u1ea3n: Kh\u00f4ng n\u00f3ng \/\uff0860-80\uff09\u2103<\/p>\n<p>_\u0110\u1eb7c \u0111i\u1ec3m k\u1ef9 thu\u1eadt:<br \/>\n+\u0110\u01b0\u1eddng k\u00ednh d\u00e2y: 1.75mm<br \/>\n+Ch\u1ea5t li\u1ec7u: PETG<\/p>\n<p>_\u0110\u1eb7c \u0111i\u1ec3m:<br \/>\n+Kh\u00f4ng m\u00f9i, t\u1ef7 l\u1ec7 co r\u00fat \u00edt;<br \/>\n+T\u00ednh k\u1ef5 n\u01b0\u1edbc (S\u1ebd kh\u00f4ng h\u1ea5p th\u1ee5 n\u01b0\u1edbc v\u00e0 do \u0111\u00f3 kh\u00f4ng l\u00e0m t\u1eafc ngh\u1ebdn m\u00e1y \u0111\u00f9n);<br \/>\n+\u0110\u1ed9 d\u1ebbo dai v\u01b0\u1ee3t tr\u1ed9i v\u00e0 \u0111\u1ed9 b\u1ec1n va \u0111\u1eadp cao;<br \/>\n+T\u00ednh thanh kho\u1ea3n t\u1ed1t (tr\u00f4i ch\u1ea3y);<br \/>\n+\u0110\u1ed9 b\u1ec1n c\u01a1 h\u1ecdc cao v\u00e0 t\u00ednh linh ho\u1ea1t tuy\u1ec7t v\u1eddi;<br \/>\n+\u0110\u1ed9 trong su\u1ed1t cao, \u0111\u1ed9 b\u00f3ng t\u1ed1t, c\u00f3 th\u1ec3 t\u00e1i ch\u1ebf.<\/p>\n<p>_\u1ee8ng d\u1ee5ng: PPE; \u0110\u1ed3 ch\u01a1i; S\u1ea3n ph\u1ea9m \u0111i\u1ec7n v\u00e0 \u0111i\u1ec7n t\u1eed; V\u0103n ph\u00f2ng ph\u1ea9m; H\u1ed9p \u0111\u1ef1ng m\u1ef9 ph\u1ea9m.<\/p>\n<p>***Ghi ch\u00fa:<br \/>\n+M\u00e0u c\u00f3 ch\u1eef Solid l\u00e0 m\u00e0u th\u01b0\u1eddng, VD: Solid Black l\u00e0 \u0110en th\u01b0\u1eddng<br \/>\n+Ch\u1ec9 c\u00f3 t\u00ean m\u00e0u kh\u00f4ng l\u00e0 nh\u1ef1a Transparent (Trong su\u1ed1t), VD: Red l\u00e0 \u0110\u1ecf Trong Su\u1ed1t<\/p>\n<p>**\u0110\u1ec3 \u0111\u01b0\u1ee3c nh\u1eadn h\u1ed9 tr\u1ee3 th\u00eam v\u1ec1 Gi\u00e1 v\u00e0 Th\u00f4ng tin c\u1ee7a s\u1ea3n ph\u1ea9m, vui l\u00f2ng li\u00ean h\u1ec7:<br \/>\n0913.939.775 contact A.Quan (for English)<br \/>\n094.144.0951 A.Qu\u1ef3nh<br \/>\n**Selling price does not include VAT (+10% if VAT invoice is issued)<\/p>","protected":false},"excerpt":{"rendered":"<p>ESUN PETG High-grade 3D printing plastic paper core 1Kg\/Roll<\/p>","protected":false},"featured_media":3011,"comment_status":"open","ping_status":"closed","template":"","meta":{"inline_featured_image":false},"product_brand":[],"product_cat":[43],"product_tag":[],"class_list":{"0":"post-3020","1":"product","2":"type-product","3":"status-publish","4":"has-post-thumbnail","6":"product_cat-nhua-in-3d-resin","8":"first","9":"instock","10":"sale","11":"taxable","12":"shipping-taxable","13":"purchasable","14":"product-type-variable"},"yoast_head":"<!-- This site is optimized with the Yoast SEO Premium plugin v22.8 (Yoast SEO v26.9) - https:\/\/yoast.com\/product\/yoast-seo-premium-wordpress\/ -->\n<title>Nh\u1ef1a in 3D ESUN PETG Cao c\u1ea5p lo\u0303i gi\u00e2\u0301y 1Kg\/Cu\u1ed9n - NGE 3D Printers Services<\/title>\n<meta name=\"robots\" content=\"index, follow, max-snippet:-1, max-image-preview:large, max-video-preview:-1\" \/>\n<link rel=\"canonical\" href=\"https:\/\/nge.vn\/en\/product\/nhua-in-3d-esun-petg-cao-cap-loi-giay-1kg-cuon\/\" \/>\n<meta property=\"og:locale\" content=\"en_US\" \/>\n<meta property=\"og:type\" content=\"article\" \/>\n<meta property=\"og:title\" content=\"Nh\u1ef1a in 3D ESUN PETG Cao c\u1ea5p lo\u0303i gi\u00e2\u0301y 1Kg\/Cu\u1ed9n\" \/>\n<meta property=\"og:description\" content=\"Nh\u1ef1a in 3D ESUN PETG Cao c\u1ea5p lo\u0303i gi\u00e2\u0301y 1Kg\/Cu\u1ed9n\" \/>\n<meta property=\"og:url\" content=\"https:\/\/nge.vn\/en\/product\/nhua-in-3d-esun-petg-cao-cap-loi-giay-1kg-cuon\/\" \/>\n<meta property=\"og:site_name\" content=\"NGE 3D Printers Services\" \/>\n<meta property=\"article:modified_time\" content=\"2025-08-30T10:06:54+00:00\" \/>\n<meta property=\"og:image\" content=\"https:\/\/nge.vn\/wp-content\/uploads\/2024\/10\/images-upload-woo2F8feeda5202dffa1599eb2d1e9f4dac26.jpg\" \/>\n\t<meta property=\"og:image:width\" content=\"912\" \/>\n\t<meta property=\"og:image:height\" content=\"912\" \/>\n\t<meta property=\"og:image:type\" content=\"image\/jpeg\" \/>\n<meta name=\"twitter:card\" content=\"summary_large_image\" \/>\n<meta name=\"twitter:label1\" content=\"Est. reading time\" \/>\n\t<meta name=\"twitter:data1\" content=\"2 minutes\" \/>\n<script type=\"application\/ld+json\" class=\"yoast-schema-graph\">{\"@context\":\"https:\/\/schema.org\",\"@graph\":[{\"@type\":\"WebPage\",\"@id\":\"https:\/\/nge.vn\/san-pham\/nhua-in-3d-esun-petg-cao-cap-loi-giay-1kg-cuon\/\",\"url\":\"https:\/\/nge.vn\/san-pham\/nhua-in-3d-esun-petg-cao-cap-loi-giay-1kg-cuon\/\",\"name\":\"Nh\u1ef1a in 3D ESUN PETG Cao c\u1ea5p lo\u0303i gi\u00e2\u0301y 1Kg\/Cu\u1ed9n - NGE 3D Printers Services\",\"isPartOf\":{\"@id\":\"https:\/\/nge.vn\/#website\"},\"primaryImageOfPage\":{\"@id\":\"https:\/\/nge.vn\/san-pham\/nhua-in-3d-esun-petg-cao-cap-loi-giay-1kg-cuon\/#primaryimage\"},\"image\":{\"@id\":\"https:\/\/nge.vn\/san-pham\/nhua-in-3d-esun-petg-cao-cap-loi-giay-1kg-cuon\/#primaryimage\"},\"thumbnailUrl\":\"https:\/\/nge.vn\/wp-content\/uploads\/2024\/10\/images-upload-woo2F8feeda5202dffa1599eb2d1e9f4dac26.jpg\",\"datePublished\":\"2024-10-26T07:44:46+00:00\",\"dateModified\":\"2025-08-30T10:06:54+00:00\",\"breadcrumb\":{\"@id\":\"https:\/\/nge.vn\/san-pham\/nhua-in-3d-esun-petg-cao-cap-loi-giay-1kg-cuon\/#breadcrumb\"},\"inLanguage\":\"en-US\",\"potentialAction\":[{\"@type\":\"ReadAction\",\"target\":[\"https:\/\/nge.vn\/san-pham\/nhua-in-3d-esun-petg-cao-cap-loi-giay-1kg-cuon\/\"]}]},{\"@type\":\"ImageObject\",\"inLanguage\":\"en-US\",\"@id\":\"https:\/\/nge.vn\/san-pham\/nhua-in-3d-esun-petg-cao-cap-loi-giay-1kg-cuon\/#primaryimage\",\"url\":\"https:\/\/nge.vn\/wp-content\/uploads\/2024\/10\/images-upload-woo2F8feeda5202dffa1599eb2d1e9f4dac26.jpg\",\"contentUrl\":\"https:\/\/nge.vn\/wp-content\/uploads\/2024\/10\/images-upload-woo2F8feeda5202dffa1599eb2d1e9f4dac26.jpg\",\"width\":912,\"height\":912},{\"@type\":\"BreadcrumbList\",\"@id\":\"https:\/\/nge.vn\/san-pham\/nhua-in-3d-esun-petg-cao-cap-loi-giay-1kg-cuon\/#breadcrumb\",\"itemListElement\":[{\"@type\":\"ListItem\",\"position\":1,\"name\":\"Trang ch\u1ee7\",\"item\":\"https:\/\/nge.vn\/\"},{\"@type\":\"ListItem\",\"position\":2,\"name\":\"S\u1ea3n ph\u1ea9m\",\"item\":\"https:\/\/nge.vn\/san-pham\/\"},{\"@type\":\"ListItem\",\"position\":3,\"name\":\"Nh\u1ef1a in 3D ESUN PETG Cao c\u1ea5p lo\u0303i gi\u00e2\u0301y 1Kg\/Cu\u1ed9n\"}]},{\"@type\":\"WebSite\",\"@id\":\"https:\/\/nge.vn\/#website\",\"url\":\"https:\/\/nge.vn\/\",\"name\":\"NGE 3D Printers Services\",\"description\":\"\",\"potentialAction\":[{\"@type\":\"SearchAction\",\"target\":{\"@type\":\"EntryPoint\",\"urlTemplate\":\"https:\/\/nge.vn\/?s={search_term_string}\"},\"query-input\":{\"@type\":\"PropertyValueSpecification\",\"valueRequired\":true,\"valueName\":\"search_term_string\"}}],\"inLanguage\":\"en-US\"}]}<\/script>\n<!-- \/ Yoast SEO Premium plugin. -->","yoast_head_json":{"title":"Nh\u1ef1a in 3D ESUN PETG Cao c\u1ea5p lo\u0303i gi\u00e2\u0301y 1Kg\/Cu\u1ed9n - NGE 3D Printers Services","robots":{"index":"index","follow":"follow","max-snippet":"max-snippet:-1","max-image-preview":"max-image-preview:large","max-video-preview":"max-video-preview:-1"},"canonical":"https:\/\/nge.vn\/en\/product\/nhua-in-3d-esun-petg-cao-cap-loi-giay-1kg-cuon\/","og_locale":"en_US","og_type":"article","og_title":"Nh\u1ef1a in 3D ESUN PETG Cao c\u1ea5p lo\u0303i gi\u00e2\u0301y 1Kg\/Cu\u1ed9n","og_description":"Nh\u1ef1a in 3D ESUN PETG Cao c\u1ea5p lo\u0303i gi\u00e2\u0301y 1Kg\/Cu\u1ed9n","og_url":"https:\/\/nge.vn\/en\/product\/nhua-in-3d-esun-petg-cao-cap-loi-giay-1kg-cuon\/","og_site_name":"NGE 3D Printers Services","article_modified_time":"2025-08-30T10:06:54+00:00","og_image":[{"width":912,"height":912,"url":"https:\/\/nge.vn\/wp-content\/uploads\/2024\/10\/images-upload-woo2F8feeda5202dffa1599eb2d1e9f4dac26.jpg","type":"image\/jpeg"}],"twitter_card":"summary_large_image","twitter_misc":{"Est. reading time":"2 minutes"},"schema":{"@context":"https:\/\/schema.org","@graph":[{"@type":"WebPage","@id":"https:\/\/nge.vn\/san-pham\/nhua-in-3d-esun-petg-cao-cap-loi-giay-1kg-cuon\/","url":"https:\/\/nge.vn\/san-pham\/nhua-in-3d-esun-petg-cao-cap-loi-giay-1kg-cuon\/","name":"Nh\u1ef1a in 3D ESUN PETG Cao c\u1ea5p lo\u0303i gi\u00e2\u0301y 1Kg\/Cu\u1ed9n - NGE 3D Printers Services","isPartOf":{"@id":"https:\/\/nge.vn\/#website"},"primaryImageOfPage":{"@id":"https:\/\/nge.vn\/san-pham\/nhua-in-3d-esun-petg-cao-cap-loi-giay-1kg-cuon\/#primaryimage"},"image":{"@id":"https:\/\/nge.vn\/san-pham\/nhua-in-3d-esun-petg-cao-cap-loi-giay-1kg-cuon\/#primaryimage"},"thumbnailUrl":"https:\/\/nge.vn\/wp-content\/uploads\/2024\/10\/images-upload-woo2F8feeda5202dffa1599eb2d1e9f4dac26.jpg","datePublished":"2024-10-26T07:44:46+00:00","dateModified":"2025-08-30T10:06:54+00:00","breadcrumb":{"@id":"https:\/\/nge.vn\/san-pham\/nhua-in-3d-esun-petg-cao-cap-loi-giay-1kg-cuon\/#breadcrumb"},"inLanguage":"en-US","potentialAction":[{"@type":"ReadAction","target":["https:\/\/nge.vn\/san-pham\/nhua-in-3d-esun-petg-cao-cap-loi-giay-1kg-cuon\/"]}]},{"@type":"ImageObject","inLanguage":"en-US","@id":"https:\/\/nge.vn\/san-pham\/nhua-in-3d-esun-petg-cao-cap-loi-giay-1kg-cuon\/#primaryimage","url":"https:\/\/nge.vn\/wp-content\/uploads\/2024\/10\/images-upload-woo2F8feeda5202dffa1599eb2d1e9f4dac26.jpg","contentUrl":"https:\/\/nge.vn\/wp-content\/uploads\/2024\/10\/images-upload-woo2F8feeda5202dffa1599eb2d1e9f4dac26.jpg","width":912,"height":912},{"@type":"BreadcrumbList","@id":"https:\/\/nge.vn\/san-pham\/nhua-in-3d-esun-petg-cao-cap-loi-giay-1kg-cuon\/#breadcrumb","itemListElement":[{"@type":"ListItem","position":1,"name":"Trang ch\u1ee7","item":"https:\/\/nge.vn\/"},{"@type":"ListItem","position":2,"name":"S\u1ea3n ph\u1ea9m","item":"https:\/\/nge.vn\/san-pham\/"},{"@type":"ListItem","position":3,"name":"Nh\u1ef1a in 3D ESUN PETG Cao c\u1ea5p lo\u0303i gi\u00e2\u0301y 1Kg\/Cu\u1ed9n"}]},{"@type":"WebSite","@id":"https:\/\/nge.vn\/#website","url":"https:\/\/nge.vn\/","name":"NGE 3D Printers Services","description":"","potentialAction":[{"@type":"SearchAction","target":{"@type":"EntryPoint","urlTemplate":"https:\/\/nge.vn\/?s={search_term_string}"},"query-input":{"@type":"PropertyValueSpecification","valueRequired":true,"valueName":"search_term_string"}}],"inLanguage":"en-US"}]}},"_links":{"self":[{"href":"https:\/\/nge.vn\/en\/wp-json\/wp\/v2\/product\/3020","targetHints":{"allow":["GET"]}}],"collection":[{"href":"https:\/\/nge.vn\/en\/wp-json\/wp\/v2\/product"}],"about":[{"href":"https:\/\/nge.vn\/en\/wp-json\/wp\/v2\/types\/product"}],"replies":[{"embeddable":true,"href":"https:\/\/nge.vn\/en\/wp-json\/wp\/v2\/comments?post=3020"}],"wp:featuredmedia":[{"embeddable":true,"href":"https:\/\/nge.vn\/en\/wp-json\/wp\/v2\/media\/3011"}],"wp:attachment":[{"href":"https:\/\/nge.vn\/en\/wp-json\/wp\/v2\/media?parent=3020"}],"wp:term":[{"taxonomy":"product_brand","embeddable":true,"href":"https:\/\/nge.vn\/en\/wp-json\/wp\/v2\/product_brand?post=3020"},{"taxonomy":"product_cat","embeddable":true,"href":"https:\/\/nge.vn\/en\/wp-json\/wp\/v2\/product_cat?post=3020"},{"taxonomy":"product_tag","embeddable":true,"href":"https:\/\/nge.vn\/en\/wp-json\/wp\/v2\/product_tag?post=3020"}],"curies":[{"name":"wp","href":"https:\/\/api.w.org\/{rel}","templated":true}]}}