{"id":3010,"date":"2024-10-26T14:43:56","date_gmt":"2024-10-26T07:43:56","guid":{"rendered":"https:\/\/nge.123websitedev.com\/san-pham\/man-hinh-dieu-khien-may-in-3d-creality-ender-3-v2-screen-kit\/"},"modified":"2024-10-29T14:37:44","modified_gmt":"2024-10-29T07:37:44","slug":"man-hinh-dieu-khien-may-in-3d-creality-ender-3-v2-screen-kit","status":"publish","type":"product","link":"https:\/\/nge.vn\/en\/product\/man-hinh-dieu-khien-may-in-3d-creality-ender-3-v2-screen-kit\/","title":{"rendered":"M\u00e0n h\u00ecnh \u0111i\u1ec1u khi\u1ec3n m\u00e1y in 3d Creality Ender 3 V2 Screen Kit"},"content":{"rendered":"<p>B\u1ed9 m\u00e0n h\u00ecnh Ender-3 V2<br \/>\nTh\u00f4ng minh | M\u00e0n h\u00ecnh m\u00e0u HD | B\u1ed9 nh\u1edb l\u1edbn<\/p>\n<p>_Thi\u1ebft k\u1ebf m\u00f4-\u0111un c\u00e0i \u0111\u1eb7t d\u1ec5 d\u00e0ng<br \/>\nM\u00e0n h\u00ecnh nghi\u00eang gi\u00fap t\u1ea7m nh\u00ecn r\u1ed9ng v\u00e0 thao t\u00e1c d\u1ec5 d\u00e0ng. N\u00f3 c\u00f3 th\u1ec3 \u0111\u01b0\u1ee3c c\u1ed1 \u0111\u1ecbnh tr\u1ef1c ti\u1ebfp tr\u00ean \u0111\u1ebf m\u00e1y in 3D.<\/p>\n<p>_M\u00e0u 24-bit<br \/>\nM\u00e0n h\u00ecnh hi\u1ec3n th\u1ecb tuy\u1ec7t v\u1eddi<br \/>\nM\u00e0n h\u00ecnh HD m\u00e0u 24 bit hi\u1ec3n th\u1ecb h\u00ecnh \u1ea3nh r\u00f5 r\u00e0ng v\u1edbi \u0111\u1ed9 t\u01b0\u01a1ng ph\u1ea3n t\u1ed1t.<\/p>\n<p>_Giao di\u1ec7n UI th\u00e2n thi\u1ec7n v\u1edbi ng\u01b0\u1eddi d\u00f9ng<br \/>\nM\u00e0n h\u00ecnh ho\u00e0n to\u00e0n m\u1edbi cho ph\u00e9p thao t\u00e1c d\u1ec5 d\u00e0ng h\u01a1n th\u00f4ng qua giao di\u1ec7n UI \u0111\u01a1n gi\u1ea3n.<\/p>\n<p>_B\u1ed9 nh\u1edb chung<br \/>\nN\u00f3 cung c\u1ea5p \u0111\u1ee7 dung l\u01b0\u1ee3ng l\u01b0u tr\u1eef v\u00e0 h\u1ed7 tr\u1ee3 l\u01b0u tr\u1eef \u1ea3nh \u1edf ch\u1ebf \u0111\u1ed9 n\u00e9n JPEG, t\u0103ng th\u00eam s\u1ed1 l\u01b0\u1ee3ng t\u1ec7p \u0111\u01b0\u1ee3c l\u01b0u tr\u1eef.<\/p>\n<p>_JPEG<br \/>\nL\u01b0u tr\u1eef \u1ea3nh \u1edf ch\u1ebf \u0111\u1ed9 n\u00e9n<\/p>\n<p>_N\u1ed1i d\u00e2y m\u00e0n h\u00ecnh<br \/>\nC\u00e1c b\u01b0\u1edbc c\u00e0i \u0111\u1eb7t:<br \/>\n1. \u0110\u1ea5u n\u1ed1i d\u00e2y m\u00e0n h\u00ecnh nh\u01b0 h\u00ecnh minh h\u1ecda.<br \/>\n2. S\u1eed d\u1ee5ng c\u1edd l\u00ea l\u1ee5c gi\u00e1c \u0111\u1ec3 kh\u00f3a v\u00edt \u1edf b\u00ean tr\u00e1i m\u00e0n h\u00ecnh b\u1eb1ng \u0111\u1ebf m\u00e1y in.<\/p>\n<p>_PRODUCT INFORMATION<br \/>\n+Product name: Ender-3 V2 screen kit Product color: Black<br \/>\n+N.W.: 250g<br \/>\n+Applicable model: Ender-3 V2<br \/>\n+Product size: 93*162*45mm<br \/>\n+Rated voltage: 24V<br \/>\n+G.W.: 350g<br \/>\n+Touch screen or not: No<br \/>\n+Package size:120*180*65mm<br \/>\n+Screen size: 4.3inch<\/p>\n<p>_Hi\u1ec7u qu\u1ea3 v\u00e0 th\u00f4ng minh, Kh\u1ea3 n\u0103ng t\u01b0\u01a1ng th\u00edch cao, C\u1ea3m \u1ee9ng nh\u1ea1y, B\u1ed9 nh\u1edb l\u1edbn<\/p>\n<p>Packing Size\uff1a190\u00d7125\u00d780mm<br \/>\nG.W\uff1a348g<br \/>\nN.W.\uff1a252g<br \/>\nScreen Kit: 4001050013<\/p>\n<p>Compatible Models: Ender 3 V2<\/p>\n<p>**To receive a better price, please contact the shop directly.<br \/>\n     0913.939.775 contact A.Quan (for English)<br \/>\n     094.144.0951 contact A.Quynh<br \/>\n**Selling price does not include VAT (+10% if VAT invoice is issued)<\/p>","protected":false},"excerpt":{"rendered":"<p>M\u00e0n h\u00ecnh \u0111i\u1ec1u khi\u1ec3n m\u00e1y in 3d Creality Ender 3 V2 Screen Kit<\/p>","protected":false},"featured_media":3002,"comment_status":"open","ping_status":"closed","template":"","meta":{"inline_featured_image":false},"product_brand":[],"product_cat":[462,40,56],"product_tag":[],"class_list":{"0":"post-3010","1":"product","2":"type-product","3":"status-publish","4":"has-post-thumbnail","6":"product_cat-board-va-man-hinh-dieu-khien","7":"product_cat-linh-kien-va-phu-kien","8":"product_cat-linh-phu-kien-may-in-3d-creality","10":"first","11":"instock","12":"taxable","13":"shipping-taxable","14":"purchasable","15":"product-type-simple"},"yoast_head":"<!-- This site is optimized with the Yoast SEO Premium plugin v22.8 (Yoast SEO v26.9) - https:\/\/yoast.com\/product\/yoast-seo-premium-wordpress\/ -->\n<title>M\u00e0n h\u00ecnh \u0111i\u1ec1u khi\u1ec3n m\u00e1y in 3d Creality Ender 3 V2 Screen Kit - NGE 3D Printers Services<\/title>\n<meta name=\"robots\" content=\"index, follow, max-snippet:-1, max-image-preview:large, max-video-preview:-1\" \/>\n<link rel=\"canonical\" href=\"https:\/\/nge.vn\/en\/product\/man-hinh-dieu-khien-may-in-3d-creality-ender-3-v2-screen-kit\/\" \/>\n<meta property=\"og:locale\" content=\"en_US\" \/>\n<meta property=\"og:type\" content=\"article\" \/>\n<meta property=\"og:title\" content=\"M\u00e0n h\u00ecnh \u0111i\u1ec1u khi\u1ec3n m\u00e1y in 3d Creality Ender 3 V2 Screen Kit\" \/>\n<meta property=\"og:description\" content=\"M\u00e0n h\u00ecnh \u0111i\u1ec1u khi\u1ec3n m\u00e1y in 3d Creality Ender 3 V2 Screen Kit\" \/>\n<meta property=\"og:url\" content=\"https:\/\/nge.vn\/en\/product\/man-hinh-dieu-khien-may-in-3d-creality-ender-3-v2-screen-kit\/\" \/>\n<meta property=\"og:site_name\" content=\"NGE 3D Printers Services\" \/>\n<meta property=\"article:modified_time\" content=\"2024-10-29T07:37:44+00:00\" \/>\n<meta property=\"og:image\" content=\"https:\/\/nge.vn\/wp-content\/uploads\/2024\/10\/images-upload-woo2F6d598b7670c3d742e9d25a448582643a.jpg\" \/>\n\t<meta property=\"og:image:width\" content=\"846\" \/>\n\t<meta property=\"og:image:height\" content=\"846\" \/>\n\t<meta property=\"og:image:type\" content=\"image\/jpeg\" \/>\n<meta name=\"twitter:card\" content=\"summary_large_image\" \/>\n<meta name=\"twitter:label1\" content=\"Est. reading time\" \/>\n\t<meta name=\"twitter:data1\" content=\"2 minutes\" \/>\n<script type=\"application\/ld+json\" class=\"yoast-schema-graph\">{\"@context\":\"https:\/\/schema.org\",\"@graph\":[{\"@type\":\"WebPage\",\"@id\":\"https:\/\/nge.vn\/san-pham\/man-hinh-dieu-khien-may-in-3d-creality-ender-3-v2-screen-kit\/\",\"url\":\"https:\/\/nge.vn\/san-pham\/man-hinh-dieu-khien-may-in-3d-creality-ender-3-v2-screen-kit\/\",\"name\":\"M\u00e0n h\u00ecnh \u0111i\u1ec1u khi\u1ec3n m\u00e1y in 3d Creality Ender 3 V2 Screen Kit - NGE 3D Printers Services\",\"isPartOf\":{\"@id\":\"https:\/\/nge.vn\/#website\"},\"primaryImageOfPage\":{\"@id\":\"https:\/\/nge.vn\/san-pham\/man-hinh-dieu-khien-may-in-3d-creality-ender-3-v2-screen-kit\/#primaryimage\"},\"image\":{\"@id\":\"https:\/\/nge.vn\/san-pham\/man-hinh-dieu-khien-may-in-3d-creality-ender-3-v2-screen-kit\/#primaryimage\"},\"thumbnailUrl\":\"https:\/\/nge.vn\/wp-content\/uploads\/2024\/10\/images-upload-woo2F6d598b7670c3d742e9d25a448582643a.jpg\",\"datePublished\":\"2024-10-26T07:43:56+00:00\",\"dateModified\":\"2024-10-29T07:37:44+00:00\",\"breadcrumb\":{\"@id\":\"https:\/\/nge.vn\/san-pham\/man-hinh-dieu-khien-may-in-3d-creality-ender-3-v2-screen-kit\/#breadcrumb\"},\"inLanguage\":\"en-US\",\"potentialAction\":[{\"@type\":\"ReadAction\",\"target\":[\"https:\/\/nge.vn\/san-pham\/man-hinh-dieu-khien-may-in-3d-creality-ender-3-v2-screen-kit\/\"]}]},{\"@type\":\"ImageObject\",\"inLanguage\":\"en-US\",\"@id\":\"https:\/\/nge.vn\/san-pham\/man-hinh-dieu-khien-may-in-3d-creality-ender-3-v2-screen-kit\/#primaryimage\",\"url\":\"https:\/\/nge.vn\/wp-content\/uploads\/2024\/10\/images-upload-woo2F6d598b7670c3d742e9d25a448582643a.jpg\",\"contentUrl\":\"https:\/\/nge.vn\/wp-content\/uploads\/2024\/10\/images-upload-woo2F6d598b7670c3d742e9d25a448582643a.jpg\",\"width\":846,\"height\":846},{\"@type\":\"BreadcrumbList\",\"@id\":\"https:\/\/nge.vn\/san-pham\/man-hinh-dieu-khien-may-in-3d-creality-ender-3-v2-screen-kit\/#breadcrumb\",\"itemListElement\":[{\"@type\":\"ListItem\",\"position\":1,\"name\":\"Trang ch\u1ee7\",\"item\":\"https:\/\/nge.vn\/\"},{\"@type\":\"ListItem\",\"position\":2,\"name\":\"S\u1ea3n ph\u1ea9m\",\"item\":\"https:\/\/nge.vn\/san-pham\/\"},{\"@type\":\"ListItem\",\"position\":3,\"name\":\"M\u00e0n h\u00ecnh \u0111i\u1ec1u khi\u1ec3n m\u00e1y in 3d Creality Ender 3 V2 Screen Kit\"}]},{\"@type\":\"WebSite\",\"@id\":\"https:\/\/nge.vn\/#website\",\"url\":\"https:\/\/nge.vn\/\",\"name\":\"NGE 3D Printers Services\",\"description\":\"\",\"potentialAction\":[{\"@type\":\"SearchAction\",\"target\":{\"@type\":\"EntryPoint\",\"urlTemplate\":\"https:\/\/nge.vn\/?s={search_term_string}\"},\"query-input\":{\"@type\":\"PropertyValueSpecification\",\"valueRequired\":true,\"valueName\":\"search_term_string\"}}],\"inLanguage\":\"en-US\"}]}<\/script>\n<!-- \/ Yoast SEO Premium plugin. -->","yoast_head_json":{"title":"M\u00e0n h\u00ecnh \u0111i\u1ec1u khi\u1ec3n m\u00e1y in 3d Creality Ender 3 V2 Screen Kit - NGE 3D Printers Services","robots":{"index":"index","follow":"follow","max-snippet":"max-snippet:-1","max-image-preview":"max-image-preview:large","max-video-preview":"max-video-preview:-1"},"canonical":"https:\/\/nge.vn\/en\/product\/man-hinh-dieu-khien-may-in-3d-creality-ender-3-v2-screen-kit\/","og_locale":"en_US","og_type":"article","og_title":"M\u00e0n h\u00ecnh \u0111i\u1ec1u khi\u1ec3n m\u00e1y in 3d Creality Ender 3 V2 Screen Kit","og_description":"M\u00e0n h\u00ecnh \u0111i\u1ec1u khi\u1ec3n m\u00e1y in 3d Creality Ender 3 V2 Screen Kit","og_url":"https:\/\/nge.vn\/en\/product\/man-hinh-dieu-khien-may-in-3d-creality-ender-3-v2-screen-kit\/","og_site_name":"NGE 3D Printers Services","article_modified_time":"2024-10-29T07:37:44+00:00","og_image":[{"width":846,"height":846,"url":"https:\/\/nge.vn\/wp-content\/uploads\/2024\/10\/images-upload-woo2F6d598b7670c3d742e9d25a448582643a.jpg","type":"image\/jpeg"}],"twitter_card":"summary_large_image","twitter_misc":{"Est. reading time":"2 minutes"},"schema":{"@context":"https:\/\/schema.org","@graph":[{"@type":"WebPage","@id":"https:\/\/nge.vn\/san-pham\/man-hinh-dieu-khien-may-in-3d-creality-ender-3-v2-screen-kit\/","url":"https:\/\/nge.vn\/san-pham\/man-hinh-dieu-khien-may-in-3d-creality-ender-3-v2-screen-kit\/","name":"M\u00e0n h\u00ecnh \u0111i\u1ec1u khi\u1ec3n m\u00e1y in 3d Creality Ender 3 V2 Screen Kit - NGE 3D Printers Services","isPartOf":{"@id":"https:\/\/nge.vn\/#website"},"primaryImageOfPage":{"@id":"https:\/\/nge.vn\/san-pham\/man-hinh-dieu-khien-may-in-3d-creality-ender-3-v2-screen-kit\/#primaryimage"},"image":{"@id":"https:\/\/nge.vn\/san-pham\/man-hinh-dieu-khien-may-in-3d-creality-ender-3-v2-screen-kit\/#primaryimage"},"thumbnailUrl":"https:\/\/nge.vn\/wp-content\/uploads\/2024\/10\/images-upload-woo2F6d598b7670c3d742e9d25a448582643a.jpg","datePublished":"2024-10-26T07:43:56+00:00","dateModified":"2024-10-29T07:37:44+00:00","breadcrumb":{"@id":"https:\/\/nge.vn\/san-pham\/man-hinh-dieu-khien-may-in-3d-creality-ender-3-v2-screen-kit\/#breadcrumb"},"inLanguage":"en-US","potentialAction":[{"@type":"ReadAction","target":["https:\/\/nge.vn\/san-pham\/man-hinh-dieu-khien-may-in-3d-creality-ender-3-v2-screen-kit\/"]}]},{"@type":"ImageObject","inLanguage":"en-US","@id":"https:\/\/nge.vn\/san-pham\/man-hinh-dieu-khien-may-in-3d-creality-ender-3-v2-screen-kit\/#primaryimage","url":"https:\/\/nge.vn\/wp-content\/uploads\/2024\/10\/images-upload-woo2F6d598b7670c3d742e9d25a448582643a.jpg","contentUrl":"https:\/\/nge.vn\/wp-content\/uploads\/2024\/10\/images-upload-woo2F6d598b7670c3d742e9d25a448582643a.jpg","width":846,"height":846},{"@type":"BreadcrumbList","@id":"https:\/\/nge.vn\/san-pham\/man-hinh-dieu-khien-may-in-3d-creality-ender-3-v2-screen-kit\/#breadcrumb","itemListElement":[{"@type":"ListItem","position":1,"name":"Trang ch\u1ee7","item":"https:\/\/nge.vn\/"},{"@type":"ListItem","position":2,"name":"S\u1ea3n ph\u1ea9m","item":"https:\/\/nge.vn\/san-pham\/"},{"@type":"ListItem","position":3,"name":"M\u00e0n h\u00ecnh \u0111i\u1ec1u khi\u1ec3n m\u00e1y in 3d Creality Ender 3 V2 Screen Kit"}]},{"@type":"WebSite","@id":"https:\/\/nge.vn\/#website","url":"https:\/\/nge.vn\/","name":"NGE 3D Printers Services","description":"","potentialAction":[{"@type":"SearchAction","target":{"@type":"EntryPoint","urlTemplate":"https:\/\/nge.vn\/?s={search_term_string}"},"query-input":{"@type":"PropertyValueSpecification","valueRequired":true,"valueName":"search_term_string"}}],"inLanguage":"en-US"}]}},"_links":{"self":[{"href":"https:\/\/nge.vn\/en\/wp-json\/wp\/v2\/product\/3010","targetHints":{"allow":["GET"]}}],"collection":[{"href":"https:\/\/nge.vn\/en\/wp-json\/wp\/v2\/product"}],"about":[{"href":"https:\/\/nge.vn\/en\/wp-json\/wp\/v2\/types\/product"}],"replies":[{"embeddable":true,"href":"https:\/\/nge.vn\/en\/wp-json\/wp\/v2\/comments?post=3010"}],"wp:featuredmedia":[{"embeddable":true,"href":"https:\/\/nge.vn\/en\/wp-json\/wp\/v2\/media\/3002"}],"wp:attachment":[{"href":"https:\/\/nge.vn\/en\/wp-json\/wp\/v2\/media?parent=3010"}],"wp:term":[{"taxonomy":"product_brand","embeddable":true,"href":"https:\/\/nge.vn\/en\/wp-json\/wp\/v2\/product_brand?post=3010"},{"taxonomy":"product_cat","embeddable":true,"href":"https:\/\/nge.vn\/en\/wp-json\/wp\/v2\/product_cat?post=3010"},{"taxonomy":"product_tag","embeddable":true,"href":"https:\/\/nge.vn\/en\/wp-json\/wp\/v2\/product_tag?post=3010"}],"curies":[{"name":"wp","href":"https:\/\/api.w.org\/{rel}","templated":true}]}}