{"id":3001,"date":"2024-10-26T14:40:40","date_gmt":"2024-10-26T07:40:40","guid":{"rendered":"https:\/\/nge.123websitedev.com\/san-pham\/creality-nebula-camera-giam-sat-gia-trinh-in-thoi-gian-thuc\/"},"modified":"2024-10-29T14:37:55","modified_gmt":"2024-10-29T07:37:55","slug":"creality-nebula-camera-giam-sat-gia-trinh-in-thoi-gian-thuc","status":"publish","type":"product","link":"https:\/\/nge.vn\/en\/product\/creality-nebula-camera-giam-sat-gia-trinh-in-thoi-gian-thuc\/","title":{"rendered":"Creality Nebula Camera gi\u00e1m s\u00e1t gi\u00e1 tr\u00ecnh in th\u1eddi gian th\u1ef1c"},"content":{"rendered":"<p>Creality Nebula Camera gi\u00e1m s\u00e1t gi\u00e1 tr\u00ecnh in th\u1eddi gian th\u1ef1c<br \/>\n_Camera USB \u0111\u1ed9 ph\u00e2n gi\u1ea3i cao c\u00f3 ch\u1ee9c n\u0103ng nh\u00ecn ban \u0111\u00eam c\u00f3 th\u1ec3 gi\u00e1m s\u00e1t c\u00f4ng vi\u1ec7c in \u1ea5n su\u1ed1t 24 gi\u1edd, \u0111\u1ed3ng th\u1eddi c\u00f3 c\u1ea3 ch\u1ee9c n\u0103ng ph\u00e1t hi\u1ec7n spaghetti \u0111\u1ec3 gi\u1ea3m l\u00e3ng ph\u00ed v\u1eadt li\u1ec7u v\u00e0 ch\u1ee9c n\u0103ng quay phim tua nhanh th\u1eddi gian \u0111\u1ec3 ghi l\u1ea1i nhi\u1ec1u ni\u1ec1m vui s\u00e1ng t\u1ea1o c\u1ee7a b\u1ea1n.<br \/>\n+Gi\u00e1m s\u00e1t th\u1eddi gian th\u1ef1c<br \/>\n+Quay phim tua nhanh th\u1eddi gian<br \/>\n+Ph\u00e1t hi\u1ec7n m\u00ec spaghetti<br \/>\n+L\u1ea5y n\u00e9t th\u1ee7 c\u00f4ng<\/p>\n<p>_Theo d\u00f5i tr\u1ea1ng th\u00e1i in theo th\u1eddi gian th\u1ef1c<br \/>\nB\u1ea1n c\u00f3 th\u1ec3 theo d\u00f5i tr\u1ea1ng th\u00e1i in c\u1ee7a m\u00e1y in 3D \u0111\u01b0\u1ee3c k\u1ebft n\u1ed1i m\u1ecdi l\u00fac, m\u1ecdi n\u01a1i th\u00f4ng qua camera Nebula!<\/p>\n<p>_Ch\u1ee5p \u1ea3nh tua nhanh th\u1eddi gian, ghi l\u1ea1i kho\u1ea3nh kh\u1eafc tuy\u1ec7t v\u1eddi<br \/>\nS\u1eed d\u1ee5ng t\u00ednh n\u0103ng ch\u1ee5p \u1ea3nh tua nhanh th\u1eddi gian \u0111\u1ec3 ghi l\u1ea1i nh\u1eefng kho\u1ea3nh kh\u1eafc th\u00fa v\u1ecb trong qu\u00e1 tr\u00ecnh in 3D.<\/p>\n<p>_Ph\u00e1t hi\u1ec7n m\u00ec spaghetti, lo\u1ea1i b\u1ecf l\u00e3ng ph\u00ed<br \/>\nCamera Nebula li\u00ean t\u1ee5c theo d\u00f5i c\u00e1c \u0111i\u1ec3m b\u1ea5t th\u01b0\u1eddng trong qu\u00e1 tr\u00ecnh in. N\u1ebfu ph\u00e1t hi\u1ec7n v\u1ea5n \u0111\u1ec1, h\u1ec7 th\u1ed1ng s\u1ebd k\u1ecbp th\u1eddi c\u1ea3nh b\u00e1o v\u00e0 t\u1ea1m d\u1eebng qu\u00e1 tr\u00ecnh in \u0111\u1ec3 tr\u00e1nh l\u00e3ng ph\u00ed s\u1ee3i in.<\/p>\n<p>_Al d\u1ea5u nh\u1eafc ph\u00e1t hi\u1ec7n<br \/>\n\u0110\u00e3 ph\u00e1t hi\u1ec7n v\u1ea5n \u0111\u1ec1 v\u1ec1 ch\u1ea5t l\u01b0\u1ee3ng in v\u00e0 vi\u1ec7c in \u0111\u00e3 b\u1ecb t\u1ea1m d\u1eebng.<\/p>\n<p>_L\u1ea5y n\u00e9t th\u1ee7 c\u00f4ng \u0111\u1ec3 c\u00f3 ch\u1ea5t l\u01b0\u1ee3ng HD<br \/>\nM\u00e1y \u1ea3nh Nebula \u0111\u01b0\u1ee3c trang b\u1ecb \u1ed1ng k\u00ednh l\u1ea5y n\u00e9t c\u00f3 th\u1ec3 \u0111i\u1ec1u ch\u1ec9nh.<br \/>\nB\u1ea1n ch\u1ec9 c\u1ea7n xoay \u1ed1ng k\u00ednh theo c\u00e1ch th\u1ee7 c\u00f4ng \u0111\u1ec3 \u0111i\u1ec1u ch\u1ec9nh ti\u00eau c\u1ef1, d\u1ec5 d\u00e0ng \u0111\u1ea1t \u0111\u01b0\u1ee3c ch\u1ea5t l\u01b0\u1ee3ng h\u00ecnh \u1ea3nh \u0111\u1ed9 n\u00e9t cao.<\/p>\n<p>_Gi\u00e1m s\u00e1t in 3D 24 gi\u1edd<br \/>\nH\u00ecnh \u1ea3nh ban \u0111\u00eam v\u1eabn r\u00f5 r\u00e0ng v\u1edbi ch\u1ee9c n\u0103ng nh\u00ecn ban \u0111\u00eam t\u00edch h\u1ee3p \u0111\u00e8n h\u1ed3ng ngo\u1ea1i 940nm.<\/p>\n<p>_Giao di\u1ec7n USB, d\u1ec5 d\u00e0ng k\u1ebft n\u1ed1i<br \/>\n\u0110\u01b0\u1ee3c trang b\u1ecb c\u1ed5ng USB, d\u1ec5 d\u00e0ng k\u1ebft n\u1ed1i v\u1edbi m\u00e1y in 3D, thao t\u00e1c thu\u1eadn ti\u1ec7n.<\/p>\n<p>*M\u00f4 h\u00ecnh t\u01b0\u01a1ng th\u00edch: Creality Sonic Pad | Creality Nebula Pad | Ender-3 V3 KE | CR-10 SE | HALOT-MAGE PRO<\/p>\n<p>_S\u1ea3n ph\u1ea9m :<br \/>\n1. \u0110i\u1ec1u ch\u1ec9nh th\u1ee7 c\u00f4ng g\u00f3c camera (h\u01b0\u1edbng ngang, h\u01b0\u1edbng d\u1ecdc)<br \/>\n2. M\u00e0n h\u00ecnh ch\u00e2n m\u00e1y<\/p>\n<p>+Packing Size\uff1a65x65x125<br \/>\n+G.W\uff1a160g<br \/>\n+N.W\uff1a130g<br \/>\n+Creality Nebula Camera: 4005010062<\/p>\n<p>_Specification:<br \/>\n+Product name Creality Nebula Camera<br \/>\n+Product model NCO1<br \/>\n+Resolution 1920*1080<br \/>\n+Viewing angle H: 95\u00b0 D: 112\u00b0<br \/>\n+Night vision: Support auto switch<br \/>\n+Night vision light: 940nm LED<br \/>\n+Manual focus: Support MF, Knob<br \/>\n+Connection method: USB<br \/>\n+Rated voltage: 5V<br \/>\n+Product size: 55*40*35mm<br \/>\n+Net weight: 130g<\/p>\n<p>**To receive a better price, please contact the shop directly.<br \/>\n     0913.939.775 contact A.Quan (for English)<br \/>\n     094.144.0951 contact A.Quynh<br \/>\n**Selling price does not include VAT (+10% if VAT invoice is issued)<\/p>","protected":false},"excerpt":{"rendered":"<p>Creality Nebula Camera gi\u00e1m s\u00e1t gi\u00e1 tr\u00ecnh in th\u1eddi gian th\u1ef1c<\/p>","protected":false},"featured_media":2992,"comment_status":"open","ping_status":"closed","template":"","meta":{"inline_featured_image":false},"product_brand":[],"product_cat":[40,56],"product_tag":[],"class_list":{"0":"post-3001","1":"product","2":"type-product","3":"status-publish","4":"has-post-thumbnail","6":"product_cat-linh-kien-va-phu-kien","7":"product_cat-linh-phu-kien-may-in-3d-creality","9":"first","10":"instock","11":"taxable","12":"shipping-taxable","13":"purchasable","14":"product-type-simple"},"yoast_head":"<!-- This site is optimized with the Yoast SEO Premium plugin v22.8 (Yoast SEO v26.9) - https:\/\/yoast.com\/product\/yoast-seo-premium-wordpress\/ -->\n<title>Creality Nebula Camera gi\u00e1m s\u00e1t gi\u00e1 tr\u00ecnh in th\u1eddi gian th\u1ef1c - NGE 3D Printers Services<\/title>\n<meta name=\"robots\" content=\"index, follow, max-snippet:-1, max-image-preview:large, max-video-preview:-1\" \/>\n<link rel=\"canonical\" href=\"https:\/\/nge.vn\/en\/product\/creality-nebula-camera-giam-sat-gia-trinh-in-thoi-gian-thuc\/\" \/>\n<meta property=\"og:locale\" content=\"en_US\" \/>\n<meta property=\"og:type\" content=\"article\" \/>\n<meta property=\"og:title\" content=\"Creality Nebula Camera gi\u00e1m s\u00e1t gi\u00e1 tr\u00ecnh in th\u1eddi gian th\u1ef1c\" \/>\n<meta property=\"og:description\" content=\"Creality Nebula Camera gi\u00e1m s\u00e1t gi\u00e1 tr\u00ecnh in th\u1eddi gian th\u1ef1c\" \/>\n<meta property=\"og:url\" content=\"https:\/\/nge.vn\/en\/product\/creality-nebula-camera-giam-sat-gia-trinh-in-thoi-gian-thuc\/\" \/>\n<meta property=\"og:site_name\" content=\"NGE 3D Printers Services\" \/>\n<meta property=\"article:modified_time\" content=\"2024-10-29T07:37:55+00:00\" \/>\n<meta property=\"og:image\" content=\"https:\/\/nge.vn\/wp-content\/uploads\/2024\/10\/images-upload-woo2Fe6e276ca0b3b5d57cd12af14fb7290ff.jpg\" \/>\n\t<meta property=\"og:image:width\" content=\"1000\" \/>\n\t<meta property=\"og:image:height\" content=\"1000\" \/>\n\t<meta property=\"og:image:type\" content=\"image\/jpeg\" \/>\n<meta name=\"twitter:card\" content=\"summary_large_image\" \/>\n<meta name=\"twitter:label1\" content=\"Est. reading time\" \/>\n\t<meta name=\"twitter:data1\" content=\"3 minutes\" \/>\n<script type=\"application\/ld+json\" class=\"yoast-schema-graph\">{\"@context\":\"https:\/\/schema.org\",\"@graph\":[{\"@type\":\"WebPage\",\"@id\":\"https:\/\/nge.vn\/san-pham\/creality-nebula-camera-giam-sat-gia-trinh-in-thoi-gian-thuc\/\",\"url\":\"https:\/\/nge.vn\/san-pham\/creality-nebula-camera-giam-sat-gia-trinh-in-thoi-gian-thuc\/\",\"name\":\"Creality Nebula Camera gi\u00e1m s\u00e1t gi\u00e1 tr\u00ecnh in th\u1eddi gian th\u1ef1c - NGE 3D Printers Services\",\"isPartOf\":{\"@id\":\"https:\/\/nge.vn\/#website\"},\"primaryImageOfPage\":{\"@id\":\"https:\/\/nge.vn\/san-pham\/creality-nebula-camera-giam-sat-gia-trinh-in-thoi-gian-thuc\/#primaryimage\"},\"image\":{\"@id\":\"https:\/\/nge.vn\/san-pham\/creality-nebula-camera-giam-sat-gia-trinh-in-thoi-gian-thuc\/#primaryimage\"},\"thumbnailUrl\":\"https:\/\/nge.vn\/wp-content\/uploads\/2024\/10\/images-upload-woo2Fe6e276ca0b3b5d57cd12af14fb7290ff.jpg\",\"datePublished\":\"2024-10-26T07:40:40+00:00\",\"dateModified\":\"2024-10-29T07:37:55+00:00\",\"breadcrumb\":{\"@id\":\"https:\/\/nge.vn\/san-pham\/creality-nebula-camera-giam-sat-gia-trinh-in-thoi-gian-thuc\/#breadcrumb\"},\"inLanguage\":\"en-US\",\"potentialAction\":[{\"@type\":\"ReadAction\",\"target\":[\"https:\/\/nge.vn\/san-pham\/creality-nebula-camera-giam-sat-gia-trinh-in-thoi-gian-thuc\/\"]}]},{\"@type\":\"ImageObject\",\"inLanguage\":\"en-US\",\"@id\":\"https:\/\/nge.vn\/san-pham\/creality-nebula-camera-giam-sat-gia-trinh-in-thoi-gian-thuc\/#primaryimage\",\"url\":\"https:\/\/nge.vn\/wp-content\/uploads\/2024\/10\/images-upload-woo2Fe6e276ca0b3b5d57cd12af14fb7290ff.jpg\",\"contentUrl\":\"https:\/\/nge.vn\/wp-content\/uploads\/2024\/10\/images-upload-woo2Fe6e276ca0b3b5d57cd12af14fb7290ff.jpg\",\"width\":1000,\"height\":1000},{\"@type\":\"BreadcrumbList\",\"@id\":\"https:\/\/nge.vn\/san-pham\/creality-nebula-camera-giam-sat-gia-trinh-in-thoi-gian-thuc\/#breadcrumb\",\"itemListElement\":[{\"@type\":\"ListItem\",\"position\":1,\"name\":\"Trang ch\u1ee7\",\"item\":\"https:\/\/nge.vn\/\"},{\"@type\":\"ListItem\",\"position\":2,\"name\":\"S\u1ea3n ph\u1ea9m\",\"item\":\"https:\/\/nge.vn\/san-pham\/\"},{\"@type\":\"ListItem\",\"position\":3,\"name\":\"Creality Nebula Camera gi\u00e1m s\u00e1t gi\u00e1 tr\u00ecnh in th\u1eddi gian th\u1ef1c\"}]},{\"@type\":\"WebSite\",\"@id\":\"https:\/\/nge.vn\/#website\",\"url\":\"https:\/\/nge.vn\/\",\"name\":\"NGE 3D Printers Services\",\"description\":\"\",\"potentialAction\":[{\"@type\":\"SearchAction\",\"target\":{\"@type\":\"EntryPoint\",\"urlTemplate\":\"https:\/\/nge.vn\/?s={search_term_string}\"},\"query-input\":{\"@type\":\"PropertyValueSpecification\",\"valueRequired\":true,\"valueName\":\"search_term_string\"}}],\"inLanguage\":\"en-US\"}]}<\/script>\n<!-- \/ Yoast SEO Premium plugin. -->","yoast_head_json":{"title":"Creality Nebula Camera gi\u00e1m s\u00e1t gi\u00e1 tr\u00ecnh in th\u1eddi gian th\u1ef1c - NGE 3D Printers Services","robots":{"index":"index","follow":"follow","max-snippet":"max-snippet:-1","max-image-preview":"max-image-preview:large","max-video-preview":"max-video-preview:-1"},"canonical":"https:\/\/nge.vn\/en\/product\/creality-nebula-camera-giam-sat-gia-trinh-in-thoi-gian-thuc\/","og_locale":"en_US","og_type":"article","og_title":"Creality Nebula Camera gi\u00e1m s\u00e1t gi\u00e1 tr\u00ecnh in th\u1eddi gian th\u1ef1c","og_description":"Creality Nebula Camera gi\u00e1m s\u00e1t gi\u00e1 tr\u00ecnh in th\u1eddi gian th\u1ef1c","og_url":"https:\/\/nge.vn\/en\/product\/creality-nebula-camera-giam-sat-gia-trinh-in-thoi-gian-thuc\/","og_site_name":"NGE 3D Printers Services","article_modified_time":"2024-10-29T07:37:55+00:00","og_image":[{"width":1000,"height":1000,"url":"https:\/\/nge.vn\/wp-content\/uploads\/2024\/10\/images-upload-woo2Fe6e276ca0b3b5d57cd12af14fb7290ff.jpg","type":"image\/jpeg"}],"twitter_card":"summary_large_image","twitter_misc":{"Est. reading time":"3 minutes"},"schema":{"@context":"https:\/\/schema.org","@graph":[{"@type":"WebPage","@id":"https:\/\/nge.vn\/san-pham\/creality-nebula-camera-giam-sat-gia-trinh-in-thoi-gian-thuc\/","url":"https:\/\/nge.vn\/san-pham\/creality-nebula-camera-giam-sat-gia-trinh-in-thoi-gian-thuc\/","name":"Creality Nebula Camera gi\u00e1m s\u00e1t gi\u00e1 tr\u00ecnh in th\u1eddi gian th\u1ef1c - NGE 3D Printers Services","isPartOf":{"@id":"https:\/\/nge.vn\/#website"},"primaryImageOfPage":{"@id":"https:\/\/nge.vn\/san-pham\/creality-nebula-camera-giam-sat-gia-trinh-in-thoi-gian-thuc\/#primaryimage"},"image":{"@id":"https:\/\/nge.vn\/san-pham\/creality-nebula-camera-giam-sat-gia-trinh-in-thoi-gian-thuc\/#primaryimage"},"thumbnailUrl":"https:\/\/nge.vn\/wp-content\/uploads\/2024\/10\/images-upload-woo2Fe6e276ca0b3b5d57cd12af14fb7290ff.jpg","datePublished":"2024-10-26T07:40:40+00:00","dateModified":"2024-10-29T07:37:55+00:00","breadcrumb":{"@id":"https:\/\/nge.vn\/san-pham\/creality-nebula-camera-giam-sat-gia-trinh-in-thoi-gian-thuc\/#breadcrumb"},"inLanguage":"en-US","potentialAction":[{"@type":"ReadAction","target":["https:\/\/nge.vn\/san-pham\/creality-nebula-camera-giam-sat-gia-trinh-in-thoi-gian-thuc\/"]}]},{"@type":"ImageObject","inLanguage":"en-US","@id":"https:\/\/nge.vn\/san-pham\/creality-nebula-camera-giam-sat-gia-trinh-in-thoi-gian-thuc\/#primaryimage","url":"https:\/\/nge.vn\/wp-content\/uploads\/2024\/10\/images-upload-woo2Fe6e276ca0b3b5d57cd12af14fb7290ff.jpg","contentUrl":"https:\/\/nge.vn\/wp-content\/uploads\/2024\/10\/images-upload-woo2Fe6e276ca0b3b5d57cd12af14fb7290ff.jpg","width":1000,"height":1000},{"@type":"BreadcrumbList","@id":"https:\/\/nge.vn\/san-pham\/creality-nebula-camera-giam-sat-gia-trinh-in-thoi-gian-thuc\/#breadcrumb","itemListElement":[{"@type":"ListItem","position":1,"name":"Trang ch\u1ee7","item":"https:\/\/nge.vn\/"},{"@type":"ListItem","position":2,"name":"S\u1ea3n ph\u1ea9m","item":"https:\/\/nge.vn\/san-pham\/"},{"@type":"ListItem","position":3,"name":"Creality Nebula Camera gi\u00e1m s\u00e1t gi\u00e1 tr\u00ecnh in th\u1eddi gian th\u1ef1c"}]},{"@type":"WebSite","@id":"https:\/\/nge.vn\/#website","url":"https:\/\/nge.vn\/","name":"NGE 3D Printers Services","description":"","potentialAction":[{"@type":"SearchAction","target":{"@type":"EntryPoint","urlTemplate":"https:\/\/nge.vn\/?s={search_term_string}"},"query-input":{"@type":"PropertyValueSpecification","valueRequired":true,"valueName":"search_term_string"}}],"inLanguage":"en-US"}]}},"_links":{"self":[{"href":"https:\/\/nge.vn\/en\/wp-json\/wp\/v2\/product\/3001","targetHints":{"allow":["GET"]}}],"collection":[{"href":"https:\/\/nge.vn\/en\/wp-json\/wp\/v2\/product"}],"about":[{"href":"https:\/\/nge.vn\/en\/wp-json\/wp\/v2\/types\/product"}],"replies":[{"embeddable":true,"href":"https:\/\/nge.vn\/en\/wp-json\/wp\/v2\/comments?post=3001"}],"wp:featuredmedia":[{"embeddable":true,"href":"https:\/\/nge.vn\/en\/wp-json\/wp\/v2\/media\/2992"}],"wp:attachment":[{"href":"https:\/\/nge.vn\/en\/wp-json\/wp\/v2\/media?parent=3001"}],"wp:term":[{"taxonomy":"product_brand","embeddable":true,"href":"https:\/\/nge.vn\/en\/wp-json\/wp\/v2\/product_brand?post=3001"},{"taxonomy":"product_cat","embeddable":true,"href":"https:\/\/nge.vn\/en\/wp-json\/wp\/v2\/product_cat?post=3001"},{"taxonomy":"product_tag","embeddable":true,"href":"https:\/\/nge.vn\/en\/wp-json\/wp\/v2\/product_tag?post=3001"}],"curies":[{"name":"wp","href":"https:\/\/api.w.org\/{rel}","templated":true}]}}