{"id":2991,"date":"2024-10-26T14:36:54","date_gmt":"2024-10-26T07:36:54","guid":{"rendered":"https:\/\/nge.123websitedev.com\/san-pham\/cam-bien-nhiet-do-thermistor-cho-may-in-flsun-v400\/"},"modified":"2024-10-29T17:08:36","modified_gmt":"2024-10-29T10:08:36","slug":"cam-bien-nhiet-do-thermistor-cho-may-in-flsun-v400","status":"publish","type":"product","link":"https:\/\/nge.vn\/en\/product\/cam-bien-nhiet-do-thermistor-cho-may-in-flsun-v400\/","title":{"rendered":"C\u1ea3m bi\u1ebfn nhi\u1ec7t \u0111\u1ed9 Thermistor cho m\u00e1y in FLSUN V400"},"content":{"rendered":"<p>C\u1ea3m bi\u1ebfn nhi\u1ec7t \u0111\u1ed9 Thermistor cho m\u00e1y in FLSUN V400<br \/>\n_Thermistor Temperature Sensor:<br \/>\n+Xu\u1ea5t x\u1ee9: China<br \/>\n+D\u00e2y lo\u1ea1i: AWM 1332 VW-1 FEP 200\u2103 300V<br \/>\n+D\u00e2y \u0111i\u1ec7n 24 AWG<br \/>\n+K\u00edch th\u01b0\u1edbc \u0111\u1ea7u c\u1ea3m bi\u1ebfn: 3*15mm<br \/>\n+Diameter: 3mm<br \/>\n+Total length: 895mm<\/p>\n<p>+\u0110\u1ea7u d\u00e2y \u0111\u00e3 \u0111\u01b0\u1ee3c b\u1ea5m s\u1eb5n: jack c\u1eafm SM 2.54 2 pin m\u00e0u V\u00e0ng<\/p>\n<p>**\u0110\u1ec3 \u0111\u01b0\u1ee3c nh\u1eadn h\u1ed9 tr\u1ee3 th\u00eam v\u1ec1 Gi\u00e1 v\u00e0 Th\u00f4ng tin c\u1ee7a s\u1ea3n ph\u1ea9m, vui l\u00f2ng li\u00ean h\u1ec7:<br \/>\n          0913.939.775 g\u1eb7p A. Qu\u00e2n (for English)<br \/>\n          094.144.0951 contact A.Quynh<br \/>\n**Selling price does not include VAT (+10% if VAT invoice is issued)<\/p>","protected":false},"excerpt":{"rendered":"<p>C\u1ea3m bi\u1ebfn nhi\u1ec7t \u0111\u1ed9 Thermistor cho m\u00e1y in FLSUN V400<\/p>","protected":false},"featured_media":2983,"comment_status":"open","ping_status":"closed","template":"","meta":{"inline_featured_image":false},"product_brand":[],"product_cat":[40],"product_tag":[],"class_list":{"0":"post-2991","1":"product","2":"type-product","3":"status-publish","4":"has-post-thumbnail","6":"product_cat-linh-kien-va-phu-kien","8":"first","9":"instock","10":"taxable","11":"shipping-taxable","12":"purchasable","13":"product-type-simple"},"yoast_head":"<!-- This site is optimized with the Yoast SEO Premium plugin v22.8 (Yoast SEO v26.9) - https:\/\/yoast.com\/product\/yoast-seo-premium-wordpress\/ -->\n<title>C\u1ea3m bi\u1ebfn nhi\u1ec7t \u0111\u1ed9 Thermistor cho m\u00e1y in FLSUN V400 - NGE 3D Printers Services<\/title>\n<meta name=\"robots\" content=\"index, follow, max-snippet:-1, max-image-preview:large, max-video-preview:-1\" \/>\n<link rel=\"canonical\" href=\"https:\/\/nge.vn\/en\/product\/cam-bien-nhiet-do-thermistor-cho-may-in-flsun-v400\/\" \/>\n<meta property=\"og:locale\" content=\"en_US\" \/>\n<meta property=\"og:type\" content=\"article\" \/>\n<meta property=\"og:title\" content=\"C\u1ea3m bi\u1ebfn nhi\u1ec7t \u0111\u1ed9 Thermistor cho m\u00e1y in FLSUN V400\" \/>\n<meta property=\"og:description\" content=\"C\u1ea3m bi\u1ebfn nhi\u1ec7t \u0111\u1ed9 Thermistor cho m\u00e1y in FLSUN V400\" \/>\n<meta property=\"og:url\" content=\"https:\/\/nge.vn\/en\/product\/cam-bien-nhiet-do-thermistor-cho-may-in-flsun-v400\/\" \/>\n<meta property=\"og:site_name\" content=\"NGE 3D Printers Services\" \/>\n<meta property=\"article:modified_time\" content=\"2024-10-29T10:08:36+00:00\" \/>\n<meta property=\"og:image\" content=\"https:\/\/nge.vn\/wp-content\/uploads\/2024\/10\/images-upload-woo2F32608b36ad34e0262a734d355c06cfb4.jpg\" \/>\n\t<meta property=\"og:image:width\" content=\"769\" \/>\n\t<meta property=\"og:image:height\" content=\"769\" \/>\n\t<meta property=\"og:image:type\" content=\"image\/jpeg\" \/>\n<meta name=\"twitter:card\" content=\"summary_large_image\" \/>\n<meta name=\"twitter:label1\" content=\"Est. reading time\" \/>\n\t<meta name=\"twitter:data1\" content=\"1 minute\" \/>\n<script type=\"application\/ld+json\" class=\"yoast-schema-graph\">{\"@context\":\"https:\/\/schema.org\",\"@graph\":[{\"@type\":\"WebPage\",\"@id\":\"https:\/\/nge.vn\/san-pham\/cam-bien-nhiet-do-thermistor-cho-may-in-flsun-v400\/\",\"url\":\"https:\/\/nge.vn\/san-pham\/cam-bien-nhiet-do-thermistor-cho-may-in-flsun-v400\/\",\"name\":\"C\u1ea3m bi\u1ebfn nhi\u1ec7t \u0111\u1ed9 Thermistor cho m\u00e1y in FLSUN V400 - NGE 3D Printers Services\",\"isPartOf\":{\"@id\":\"https:\/\/nge.vn\/#website\"},\"primaryImageOfPage\":{\"@id\":\"https:\/\/nge.vn\/san-pham\/cam-bien-nhiet-do-thermistor-cho-may-in-flsun-v400\/#primaryimage\"},\"image\":{\"@id\":\"https:\/\/nge.vn\/san-pham\/cam-bien-nhiet-do-thermistor-cho-may-in-flsun-v400\/#primaryimage\"},\"thumbnailUrl\":\"https:\/\/nge.vn\/wp-content\/uploads\/2024\/10\/images-upload-woo2F32608b36ad34e0262a734d355c06cfb4.jpg\",\"datePublished\":\"2024-10-26T07:36:54+00:00\",\"dateModified\":\"2024-10-29T10:08:36+00:00\",\"breadcrumb\":{\"@id\":\"https:\/\/nge.vn\/san-pham\/cam-bien-nhiet-do-thermistor-cho-may-in-flsun-v400\/#breadcrumb\"},\"inLanguage\":\"en-US\",\"potentialAction\":[{\"@type\":\"ReadAction\",\"target\":[\"https:\/\/nge.vn\/san-pham\/cam-bien-nhiet-do-thermistor-cho-may-in-flsun-v400\/\"]}]},{\"@type\":\"ImageObject\",\"inLanguage\":\"en-US\",\"@id\":\"https:\/\/nge.vn\/san-pham\/cam-bien-nhiet-do-thermistor-cho-may-in-flsun-v400\/#primaryimage\",\"url\":\"https:\/\/nge.vn\/wp-content\/uploads\/2024\/10\/images-upload-woo2F32608b36ad34e0262a734d355c06cfb4.jpg\",\"contentUrl\":\"https:\/\/nge.vn\/wp-content\/uploads\/2024\/10\/images-upload-woo2F32608b36ad34e0262a734d355c06cfb4.jpg\",\"width\":769,\"height\":769},{\"@type\":\"BreadcrumbList\",\"@id\":\"https:\/\/nge.vn\/san-pham\/cam-bien-nhiet-do-thermistor-cho-may-in-flsun-v400\/#breadcrumb\",\"itemListElement\":[{\"@type\":\"ListItem\",\"position\":1,\"name\":\"Trang ch\u1ee7\",\"item\":\"https:\/\/nge.vn\/\"},{\"@type\":\"ListItem\",\"position\":2,\"name\":\"S\u1ea3n ph\u1ea9m\",\"item\":\"https:\/\/nge.vn\/san-pham\/\"},{\"@type\":\"ListItem\",\"position\":3,\"name\":\"C\u1ea3m bi\u1ebfn nhi\u1ec7t \u0111\u1ed9 Thermistor cho m\u00e1y in FLSUN V400\"}]},{\"@type\":\"WebSite\",\"@id\":\"https:\/\/nge.vn\/#website\",\"url\":\"https:\/\/nge.vn\/\",\"name\":\"NGE 3D Printers Services\",\"description\":\"\",\"potentialAction\":[{\"@type\":\"SearchAction\",\"target\":{\"@type\":\"EntryPoint\",\"urlTemplate\":\"https:\/\/nge.vn\/?s={search_term_string}\"},\"query-input\":{\"@type\":\"PropertyValueSpecification\",\"valueRequired\":true,\"valueName\":\"search_term_string\"}}],\"inLanguage\":\"en-US\"}]}<\/script>\n<!-- \/ Yoast SEO Premium plugin. -->","yoast_head_json":{"title":"C\u1ea3m bi\u1ebfn nhi\u1ec7t \u0111\u1ed9 Thermistor cho m\u00e1y in FLSUN V400 - NGE 3D Printers Services","robots":{"index":"index","follow":"follow","max-snippet":"max-snippet:-1","max-image-preview":"max-image-preview:large","max-video-preview":"max-video-preview:-1"},"canonical":"https:\/\/nge.vn\/en\/product\/cam-bien-nhiet-do-thermistor-cho-may-in-flsun-v400\/","og_locale":"en_US","og_type":"article","og_title":"C\u1ea3m bi\u1ebfn nhi\u1ec7t \u0111\u1ed9 Thermistor cho m\u00e1y in FLSUN V400","og_description":"C\u1ea3m bi\u1ebfn nhi\u1ec7t \u0111\u1ed9 Thermistor cho m\u00e1y in FLSUN V400","og_url":"https:\/\/nge.vn\/en\/product\/cam-bien-nhiet-do-thermistor-cho-may-in-flsun-v400\/","og_site_name":"NGE 3D Printers Services","article_modified_time":"2024-10-29T10:08:36+00:00","og_image":[{"width":769,"height":769,"url":"https:\/\/nge.vn\/wp-content\/uploads\/2024\/10\/images-upload-woo2F32608b36ad34e0262a734d355c06cfb4.jpg","type":"image\/jpeg"}],"twitter_card":"summary_large_image","twitter_misc":{"Est. reading time":"1 minute"},"schema":{"@context":"https:\/\/schema.org","@graph":[{"@type":"WebPage","@id":"https:\/\/nge.vn\/san-pham\/cam-bien-nhiet-do-thermistor-cho-may-in-flsun-v400\/","url":"https:\/\/nge.vn\/san-pham\/cam-bien-nhiet-do-thermistor-cho-may-in-flsun-v400\/","name":"C\u1ea3m bi\u1ebfn nhi\u1ec7t \u0111\u1ed9 Thermistor cho m\u00e1y in FLSUN V400 - NGE 3D Printers Services","isPartOf":{"@id":"https:\/\/nge.vn\/#website"},"primaryImageOfPage":{"@id":"https:\/\/nge.vn\/san-pham\/cam-bien-nhiet-do-thermistor-cho-may-in-flsun-v400\/#primaryimage"},"image":{"@id":"https:\/\/nge.vn\/san-pham\/cam-bien-nhiet-do-thermistor-cho-may-in-flsun-v400\/#primaryimage"},"thumbnailUrl":"https:\/\/nge.vn\/wp-content\/uploads\/2024\/10\/images-upload-woo2F32608b36ad34e0262a734d355c06cfb4.jpg","datePublished":"2024-10-26T07:36:54+00:00","dateModified":"2024-10-29T10:08:36+00:00","breadcrumb":{"@id":"https:\/\/nge.vn\/san-pham\/cam-bien-nhiet-do-thermistor-cho-may-in-flsun-v400\/#breadcrumb"},"inLanguage":"en-US","potentialAction":[{"@type":"ReadAction","target":["https:\/\/nge.vn\/san-pham\/cam-bien-nhiet-do-thermistor-cho-may-in-flsun-v400\/"]}]},{"@type":"ImageObject","inLanguage":"en-US","@id":"https:\/\/nge.vn\/san-pham\/cam-bien-nhiet-do-thermistor-cho-may-in-flsun-v400\/#primaryimage","url":"https:\/\/nge.vn\/wp-content\/uploads\/2024\/10\/images-upload-woo2F32608b36ad34e0262a734d355c06cfb4.jpg","contentUrl":"https:\/\/nge.vn\/wp-content\/uploads\/2024\/10\/images-upload-woo2F32608b36ad34e0262a734d355c06cfb4.jpg","width":769,"height":769},{"@type":"BreadcrumbList","@id":"https:\/\/nge.vn\/san-pham\/cam-bien-nhiet-do-thermistor-cho-may-in-flsun-v400\/#breadcrumb","itemListElement":[{"@type":"ListItem","position":1,"name":"Trang ch\u1ee7","item":"https:\/\/nge.vn\/"},{"@type":"ListItem","position":2,"name":"S\u1ea3n ph\u1ea9m","item":"https:\/\/nge.vn\/san-pham\/"},{"@type":"ListItem","position":3,"name":"C\u1ea3m bi\u1ebfn nhi\u1ec7t \u0111\u1ed9 Thermistor cho m\u00e1y in FLSUN V400"}]},{"@type":"WebSite","@id":"https:\/\/nge.vn\/#website","url":"https:\/\/nge.vn\/","name":"NGE 3D Printers Services","description":"","potentialAction":[{"@type":"SearchAction","target":{"@type":"EntryPoint","urlTemplate":"https:\/\/nge.vn\/?s={search_term_string}"},"query-input":{"@type":"PropertyValueSpecification","valueRequired":true,"valueName":"search_term_string"}}],"inLanguage":"en-US"}]}},"_links":{"self":[{"href":"https:\/\/nge.vn\/en\/wp-json\/wp\/v2\/product\/2991","targetHints":{"allow":["GET"]}}],"collection":[{"href":"https:\/\/nge.vn\/en\/wp-json\/wp\/v2\/product"}],"about":[{"href":"https:\/\/nge.vn\/en\/wp-json\/wp\/v2\/types\/product"}],"replies":[{"embeddable":true,"href":"https:\/\/nge.vn\/en\/wp-json\/wp\/v2\/comments?post=2991"}],"wp:featuredmedia":[{"embeddable":true,"href":"https:\/\/nge.vn\/en\/wp-json\/wp\/v2\/media\/2983"}],"wp:attachment":[{"href":"https:\/\/nge.vn\/en\/wp-json\/wp\/v2\/media?parent=2991"}],"wp:term":[{"taxonomy":"product_brand","embeddable":true,"href":"https:\/\/nge.vn\/en\/wp-json\/wp\/v2\/product_brand?post=2991"},{"taxonomy":"product_cat","embeddable":true,"href":"https:\/\/nge.vn\/en\/wp-json\/wp\/v2\/product_cat?post=2991"},{"taxonomy":"product_tag","embeddable":true,"href":"https:\/\/nge.vn\/en\/wp-json\/wp\/v2\/product_tag?post=2991"}],"curies":[{"name":"wp","href":"https:\/\/api.w.org\/{rel}","templated":true}]}}