{"id":2982,"date":"2024-10-26T14:34:54","date_gmt":"2024-10-26T07:34:54","guid":{"rendered":"https:\/\/nge.123websitedev.com\/san-pham\/may-in-3d-corexz-creality-ender-3-v3-plus-kho-in-300300330mm-printing-speed-%e2%89%a4600mm-s\/"},"modified":"2025-12-04T19:10:16","modified_gmt":"2025-12-04T12:10:16","slug":"may-in-3d-corexz-creality-ender-3-v3-plus-size-303033cm-printing-speed-max-600mm-s","status":"publish","type":"product","link":"https:\/\/nge.vn\/en\/product\/may-in-3d-corexz-creality-ender-3-v3-plus-size-303033cm-printing-speed-max-600mm-s\/","title":{"rendered":"M\u00e1y in 3d CoreXZ Creality Ender 3 V3 Plus kh\u1ed5 in 30*30*33cm Printing Speed \u2264600mm\/s"},"content":{"rendered":"<p>M\u00e1y in 3d CoreXZ Creality Ender 3 V3 Plus kh\u1ed5 in 300*300*330mm Printing Speed \u2264600mm\/s<\/p>\n<p>_Ender-3 V3 Plus M\u00e1y in 3D CoreXZ M\u1ed9t s\u1ef1 th\u00fac \u0111\u1ea9y l\u1edbn cho s\u1ef1 s\u00e1ng t\u1ea1o<br \/>\n_S\u00e1u l\u1ee3i th\u1ebf c\u1ed1t l\u00f5i \u0110\u1ec3 c\u00f3 tr\u1ea3i nghi\u1ec7m v\u00f4 song<br \/>\n+Kh\u1ed1i l\u01b0\u1ee3ng x\u00e2y d\u1ef1ng 30*30*33cm<br \/>\n+Nhi\u1ec7m v\u1ee5 n\u1eb7ng n\u1ec1 \u0110\u1ed9ng c\u01a1 k\u00e9p tr\u1ee5c Y v\u00e0 thanh h\u1ed7 tr\u1ee3<br \/>\n+\u0110\u1ec9nh cao Hi\u1ec7u su\u1ea5t B\u1ed9 m\u00e1y \u0111\u00f9n \u0111\u00e1ng tin c\u1eady kh\u00f4ng b\u1ecb t\u1eafc<br \/>\n+CoreXZ cho t\u1ed1c \u0111\u1ed9 l\u00ean t\u1edbi 600 mm\/s<br \/>\n+D\u1ec5 B\u1ea2O TR\u00cc Trao \u0111\u1ed5i nhanh v\u00f2i phun ba kim lo\u1ea1i<br \/>\n+Hai qu\u1ea1t ph\u00eda tr\u01b0\u1edbc v\u00e0 ph\u00eda sau tr\u00ean \u0111\u1ea7u in gi\u00fap l\u00e0m m\u00e1t ph\u1ea7n m\u1edbi in m\u1ed9t c\u00e1ch nhanh ch\u00f3ng v\u00e0 \u0111\u1ed3ng \u0111\u1ec1u.<\/p>\n<p>_L\u1ee3i \u00edch c\u1ee7a kh\u1ed1i l\u01b0\u1ee3ng x\u00e2y d\u1ef1ng l\u1edbn h\u01a1n<br \/>\n+In c\u00e1c v\u1eadt ph\u1ea9m c\u00f3 k\u00edch th\u01b0\u1edbc th\u1eadt trong One Piece<br \/>\n+\u00cdt c\u1eaft c\u00e1c m\u00f4 h\u00ecnh 3D si\u00eau l\u1edbn<br \/>\n+In nhi\u1ec1u b\u1ed9 ph\u1eadn nh\u1ecf h\u01a1n trong m\u1ed9t \u0111\u1ee3t<\/p>\n<p>_Thi\u1ebft k\u1ebf m\u1edbi, ti\u1ebft ki\u1ec7m kh\u00f4ng gian h\u01a1n<br \/>\nEnder-3 V3 Plus \u0111\u01b0\u1ee3c c\u01a1 c\u1ea5u l\u1ea1i t\u1eeb \u0111\u1ea7u. N\u00f3 chi\u1ebfm \u00edt kh\u00f4ng gian h\u01a1n \u0111\u00e1ng k\u1ec3 so v\u1edbi m\u00e1y in 3D c\u00f3 kh\u1ed1i l\u01b0\u1ee3ng x\u00e2y d\u1ef1ng t\u01b0\u01a1ng t\u1ef1. D\u1ec5 d\u00e0ng ph\u00f9 h\u1ee3p tr\u00ean b\u00e0n l\u00e0m vi\u1ec7c ho\u1eb7c b\u00e0n l\u00e0m vi\u1ec7c c\u1ee7a b\u1ea1n.<br \/>\n+K\u00edch th\u01b0\u1edbc m\u00e1y in 410*445*577mm<br \/>\n+Hi\u1ec7u qu\u1ea3 kh\u00f4ng gian 28,2%*<\/p>\n<p>_H\u1ec7 th\u1ed1ng chuy\u1ec3n \u0111\u1ed9ng CoreXZ thay \u0111\u1ed5i tr\u00f2 ch\u01a1i<br \/>\n+Tr\u1ee5c X v\u00e0 Z c\u1ee7a Ender-3 V3 Plus \u0111\u01b0\u1ee3c l\u1eafp gh\u00e9p v\u1edbi nhau, cho ph\u00e9p hai \u0111\u1ed9ng c\u01a1 m\u00f4-men xo\u1eafn cao ho\u1ea1t \u0111\u1ed9ng \u0111\u1ed3ng th\u1eddi \u0111\u1ec3 c\u00f3 ph\u1ea3n \u1ee9ng nhanh trong ch\u1edbp m\u1eaft.<br \/>\n0 to 600mm\/s 0.03s*<\/p>\n<p>_C\u0103ng \u0111ai ZIP, Ho\u00e0n to\u00e0n t\u1ef1 \u0111\u1ed9ng, d\u00e2y belt c\u1ee7a Ender-3 V3 Plus \u0111\u01b0\u1ee3c c\u0103ng t\u1ef1 \u0111\u1ed9ng. Vi\u1ec7c tr\u01b0\u1ee3t ho\u1eb7c k\u1eb9t d\u00e2y \u0111ai gi\u1edd \u0111\u00e2y \u0111\u00e3 tr\u1edf th\u00e0nh chuy\u1ec7n qu\u00e1 kh\u1ee9.<br \/>\nEnder-3 V3 Plus c\u00f3 m\u00f4-\u0111un WiFi \u0111\u1ec3 truy c\u1eadp internet ho\u1eb7c m\u1ea1ng LAN b\u1ea3o m\u1eadt d\u1eef li\u1ec7u.<br \/>\nV\u1edbi s\u1ef1 tr\u1ee3 gi\u00fap c\u1ee7a Creality Print ho\u1eb7c Creality Cloud APP \u0111\u1ec3 \u0111i\u1ec1u khi\u1ec3n m\u00e1y in t\u1eeb xa<br \/>\nC\u00f3 th\u1ec3 ch\u1ecdn nhi\u1ec1u \u1ee9ng d\u1ee5ng \u0111\u1ec3 b\u1eaft \u0111\u1ea7u in c\u00f9ng m\u1ed9t l\u00fac.<\/p>\n<p>***Qu\u1ea3n l\u00fd v\u00e0 \u0110i\u1ec1u khi\u1ec1n m\u00e1y in t\u1eeb xa qua app Creality Cloud tr\u00ean \u0111i\u1ec7n tho\u1ea1i<\/p>\n<p>Printing Technology: FDM<br \/>\n+Build Volume: 300*300*330mm<br \/>\n+Product Dimensions: 410*445*577mm<br \/>\n+Package Dimensions: 623*503*245mm<br \/>\n+Net Weight: 11.5kg<br \/>\n+Printing Speed: \u2264600mm\/s<br \/>\n+Acceleration: \u226420000mm\/s\u00b2<br \/>\n+Printing Accuracy: \u00b10.2mm<br \/>\n+Layer Height: 0.1-0.35mm<br \/>\n+Filament Diameter: 1.75mm<br \/>\n+File Transfer: USB drive, WLAN, Creality Cloud<br \/>\n+Nozzle Diameter: 0.4mm<br \/>\n+Build Plate: Flexible build plate<br \/>\n+Nozzle Kit: Quick-swap nozzle (hardened steel tip) integrated with heatbreak<br \/>\n+Extruder: New high-speed direct drive extruder<br \/>\n+Nozzle Temperature: \u2264300\u00b0C<br \/>\n+Heatbed Temperature: \u2264100\u00b0C<br \/>\n+Input Shaping: Yes (G-sensor included)<br \/>\n+Leveling Mode: Auto Leveling<br \/>\n+Display Screen: 4.3&#8243; HD color touch screen<br \/>\n+Mainboard: 32-bit<br \/>\n+Connectivity: WiFi<br \/>\n+Printable File Format: G-code<br \/>\n+Power Loss Recovery: Yes<br \/>\n+Filament Run-out Sensor: Yes<br \/>\n+Nebula Camera: Optional<br \/>\n+Rated Voltage: 100-120V~, 200-240V~, 50\/60Hz<br \/>\n+Rated Power: 350W<br \/>\n+Slicing Software: Creality Print<br \/>\n+File Formats for Slicing: STL, OBJ, 3MF<br \/>\n+Supported Filaments: PLA, TPU(95A), PETG, ABS, PLA-CF, PETG-CF, CR-carbon<br \/>\n+APP for Cloud Printing: Creality Cloud<br \/>\n+UI Languages: English\/Espa\u00f1ol\/Deutsche\/Fran\u00e7ais\/P\u0443\u0441\u0441\u043a\u0438\u0439\/Portugu\u00eas\/Italiano\/T\u00fcrk\/\u4e2d\u6587\/\u65e5\u672c\u8a9e\/\ud55c\uad6d\uc5b4<\/p>\n<p>0913.939.775 contact A.Quan (for English)<br \/>\n094.144.0951 contact A.Quynh<\/p>","protected":false},"excerpt":{"rendered":"<p>M\u00e1y in 3d CoreXZ Creality Ender 3 V3 Plus kh\u1ed5 in 300*300*330mm Printing Speed \u2264600mm\/s<\/p>","protected":false},"featured_media":2973,"comment_status":"open","ping_status":"closed","template":"","meta":{"inline_featured_image":false},"product_brand":[],"product_cat":[39,51],"product_tag":[],"class_list":{"0":"post-2982","1":"product","2":"type-product","3":"status-publish","4":"has-post-thumbnail","6":"product_cat-may-in-3d","7":"product_cat-may-in-3d-creality","9":"first","10":"instock","11":"sale","12":"taxable","13":"shipping-taxable","14":"purchasable","15":"product-type-simple"},"yoast_head":"<!-- This site is optimized with the Yoast SEO Premium plugin v22.8 (Yoast SEO v26.9) - https:\/\/yoast.com\/product\/yoast-seo-premium-wordpress\/ -->\n<title>M\u00e1y in 3d CoreXZ Creality Ender 3 V3 Plus kh\u1ed5 in 30*30*33cm Printing Speed \u2264600mm\/s - NGE 3D Printers Services<\/title>\n<meta name=\"robots\" content=\"index, follow, max-snippet:-1, max-image-preview:large, max-video-preview:-1\" \/>\n<link rel=\"canonical\" href=\"https:\/\/nge.vn\/en\/product\/may-in-3d-corexz-creality-ender-3-v3-plus-size-303033cm-printing-speed-max-600mm-s\/\" \/>\n<meta property=\"og:locale\" content=\"en_US\" \/>\n<meta property=\"og:type\" content=\"article\" \/>\n<meta property=\"og:title\" content=\"M\u00e1y in 3d CoreXZ Creality Ender 3 V3 Plus kh\u1ed5 in 30*30*33cm Printing Speed \u2264600mm\/s\" \/>\n<meta property=\"og:description\" content=\"M\u00e1y in 3d CoreXZ Creality Ender 3 V3 Plus kh\u1ed5 in 300*300*330mm Printing Speed \u2264600mm\/s\" \/>\n<meta property=\"og:url\" content=\"https:\/\/nge.vn\/en\/product\/may-in-3d-corexz-creality-ender-3-v3-plus-size-303033cm-printing-speed-max-600mm-s\/\" \/>\n<meta property=\"og:site_name\" content=\"NGE 3D Printers Services\" \/>\n<meta property=\"article:modified_time\" content=\"2025-12-04T12:10:16+00:00\" \/>\n<meta property=\"og:image\" content=\"https:\/\/nge.vn\/wp-content\/uploads\/2024\/10\/images-upload-woo2F2c3c292fff2f65520f5356470cbe6cfb.jpg\" \/>\n\t<meta property=\"og:image:width\" content=\"614\" \/>\n\t<meta property=\"og:image:height\" content=\"614\" \/>\n\t<meta property=\"og:image:type\" content=\"image\/jpeg\" \/>\n<meta name=\"twitter:card\" content=\"summary_large_image\" \/>\n<meta name=\"twitter:label1\" content=\"Est. reading time\" \/>\n\t<meta name=\"twitter:data1\" content=\"3 minutes\" \/>\n<script type=\"application\/ld+json\" class=\"yoast-schema-graph\">{\"@context\":\"https:\/\/schema.org\",\"@graph\":[{\"@type\":\"WebPage\",\"@id\":\"https:\/\/nge.vn\/san-pham\/may-in-3d-corexz-creality-ender-3-v3-plus-size-303033cm-printing-speed-max-600mm-s\/\",\"url\":\"https:\/\/nge.vn\/san-pham\/may-in-3d-corexz-creality-ender-3-v3-plus-size-303033cm-printing-speed-max-600mm-s\/\",\"name\":\"M\u00e1y in 3d CoreXZ Creality Ender 3 V3 Plus kh\u1ed5 in 30*30*33cm Printing Speed \u2264600mm\/s - NGE 3D Printers Services\",\"isPartOf\":{\"@id\":\"https:\/\/nge.vn\/#website\"},\"primaryImageOfPage\":{\"@id\":\"https:\/\/nge.vn\/san-pham\/may-in-3d-corexz-creality-ender-3-v3-plus-size-303033cm-printing-speed-max-600mm-s\/#primaryimage\"},\"image\":{\"@id\":\"https:\/\/nge.vn\/san-pham\/may-in-3d-corexz-creality-ender-3-v3-plus-size-303033cm-printing-speed-max-600mm-s\/#primaryimage\"},\"thumbnailUrl\":\"https:\/\/nge.vn\/wp-content\/uploads\/2024\/10\/images-upload-woo2F2c3c292fff2f65520f5356470cbe6cfb.jpg\",\"datePublished\":\"2024-10-26T07:34:54+00:00\",\"dateModified\":\"2025-12-04T12:10:16+00:00\",\"breadcrumb\":{\"@id\":\"https:\/\/nge.vn\/san-pham\/may-in-3d-corexz-creality-ender-3-v3-plus-size-303033cm-printing-speed-max-600mm-s\/#breadcrumb\"},\"inLanguage\":\"en-US\",\"potentialAction\":[{\"@type\":\"ReadAction\",\"target\":[\"https:\/\/nge.vn\/san-pham\/may-in-3d-corexz-creality-ender-3-v3-plus-size-303033cm-printing-speed-max-600mm-s\/\"]}]},{\"@type\":\"ImageObject\",\"inLanguage\":\"en-US\",\"@id\":\"https:\/\/nge.vn\/san-pham\/may-in-3d-corexz-creality-ender-3-v3-plus-size-303033cm-printing-speed-max-600mm-s\/#primaryimage\",\"url\":\"https:\/\/nge.vn\/wp-content\/uploads\/2024\/10\/images-upload-woo2F2c3c292fff2f65520f5356470cbe6cfb.jpg\",\"contentUrl\":\"https:\/\/nge.vn\/wp-content\/uploads\/2024\/10\/images-upload-woo2F2c3c292fff2f65520f5356470cbe6cfb.jpg\",\"width\":614,\"height\":614},{\"@type\":\"BreadcrumbList\",\"@id\":\"https:\/\/nge.vn\/san-pham\/may-in-3d-corexz-creality-ender-3-v3-plus-size-303033cm-printing-speed-max-600mm-s\/#breadcrumb\",\"itemListElement\":[{\"@type\":\"ListItem\",\"position\":1,\"name\":\"Trang ch\u1ee7\",\"item\":\"https:\/\/nge.vn\/\"},{\"@type\":\"ListItem\",\"position\":2,\"name\":\"S\u1ea3n ph\u1ea9m\",\"item\":\"https:\/\/nge.vn\/san-pham\/\"},{\"@type\":\"ListItem\",\"position\":3,\"name\":\"M\u00e1y in 3d CoreXZ Creality Ender 3 V3 Plus kh\u1ed5 in 30*30*33cm Printing Speed \u2264600mm\/s\"}]},{\"@type\":\"WebSite\",\"@id\":\"https:\/\/nge.vn\/#website\",\"url\":\"https:\/\/nge.vn\/\",\"name\":\"NGE 3D Printers Services\",\"description\":\"\",\"potentialAction\":[{\"@type\":\"SearchAction\",\"target\":{\"@type\":\"EntryPoint\",\"urlTemplate\":\"https:\/\/nge.vn\/?s={search_term_string}\"},\"query-input\":{\"@type\":\"PropertyValueSpecification\",\"valueRequired\":true,\"valueName\":\"search_term_string\"}}],\"inLanguage\":\"en-US\"}]}<\/script>\n<!-- \/ Yoast SEO Premium plugin. -->","yoast_head_json":{"title":"M\u00e1y in 3d CoreXZ Creality Ender 3 V3 Plus kh\u1ed5 in 30*30*33cm Printing Speed \u2264600mm\/s - NGE 3D Printers Services","robots":{"index":"index","follow":"follow","max-snippet":"max-snippet:-1","max-image-preview":"max-image-preview:large","max-video-preview":"max-video-preview:-1"},"canonical":"https:\/\/nge.vn\/en\/product\/may-in-3d-corexz-creality-ender-3-v3-plus-size-303033cm-printing-speed-max-600mm-s\/","og_locale":"en_US","og_type":"article","og_title":"M\u00e1y in 3d CoreXZ Creality Ender 3 V3 Plus kh\u1ed5 in 30*30*33cm Printing Speed \u2264600mm\/s","og_description":"M\u00e1y in 3d CoreXZ Creality Ender 3 V3 Plus kh\u1ed5 in 300*300*330mm Printing Speed \u2264600mm\/s","og_url":"https:\/\/nge.vn\/en\/product\/may-in-3d-corexz-creality-ender-3-v3-plus-size-303033cm-printing-speed-max-600mm-s\/","og_site_name":"NGE 3D Printers Services","article_modified_time":"2025-12-04T12:10:16+00:00","og_image":[{"width":614,"height":614,"url":"https:\/\/nge.vn\/wp-content\/uploads\/2024\/10\/images-upload-woo2F2c3c292fff2f65520f5356470cbe6cfb.jpg","type":"image\/jpeg"}],"twitter_card":"summary_large_image","twitter_misc":{"Est. reading time":"3 minutes"},"schema":{"@context":"https:\/\/schema.org","@graph":[{"@type":"WebPage","@id":"https:\/\/nge.vn\/san-pham\/may-in-3d-corexz-creality-ender-3-v3-plus-size-303033cm-printing-speed-max-600mm-s\/","url":"https:\/\/nge.vn\/san-pham\/may-in-3d-corexz-creality-ender-3-v3-plus-size-303033cm-printing-speed-max-600mm-s\/","name":"M\u00e1y in 3d CoreXZ Creality Ender 3 V3 Plus kh\u1ed5 in 30*30*33cm Printing Speed \u2264600mm\/s - NGE 3D Printers Services","isPartOf":{"@id":"https:\/\/nge.vn\/#website"},"primaryImageOfPage":{"@id":"https:\/\/nge.vn\/san-pham\/may-in-3d-corexz-creality-ender-3-v3-plus-size-303033cm-printing-speed-max-600mm-s\/#primaryimage"},"image":{"@id":"https:\/\/nge.vn\/san-pham\/may-in-3d-corexz-creality-ender-3-v3-plus-size-303033cm-printing-speed-max-600mm-s\/#primaryimage"},"thumbnailUrl":"https:\/\/nge.vn\/wp-content\/uploads\/2024\/10\/images-upload-woo2F2c3c292fff2f65520f5356470cbe6cfb.jpg","datePublished":"2024-10-26T07:34:54+00:00","dateModified":"2025-12-04T12:10:16+00:00","breadcrumb":{"@id":"https:\/\/nge.vn\/san-pham\/may-in-3d-corexz-creality-ender-3-v3-plus-size-303033cm-printing-speed-max-600mm-s\/#breadcrumb"},"inLanguage":"en-US","potentialAction":[{"@type":"ReadAction","target":["https:\/\/nge.vn\/san-pham\/may-in-3d-corexz-creality-ender-3-v3-plus-size-303033cm-printing-speed-max-600mm-s\/"]}]},{"@type":"ImageObject","inLanguage":"en-US","@id":"https:\/\/nge.vn\/san-pham\/may-in-3d-corexz-creality-ender-3-v3-plus-size-303033cm-printing-speed-max-600mm-s\/#primaryimage","url":"https:\/\/nge.vn\/wp-content\/uploads\/2024\/10\/images-upload-woo2F2c3c292fff2f65520f5356470cbe6cfb.jpg","contentUrl":"https:\/\/nge.vn\/wp-content\/uploads\/2024\/10\/images-upload-woo2F2c3c292fff2f65520f5356470cbe6cfb.jpg","width":614,"height":614},{"@type":"BreadcrumbList","@id":"https:\/\/nge.vn\/san-pham\/may-in-3d-corexz-creality-ender-3-v3-plus-size-303033cm-printing-speed-max-600mm-s\/#breadcrumb","itemListElement":[{"@type":"ListItem","position":1,"name":"Trang ch\u1ee7","item":"https:\/\/nge.vn\/"},{"@type":"ListItem","position":2,"name":"S\u1ea3n ph\u1ea9m","item":"https:\/\/nge.vn\/san-pham\/"},{"@type":"ListItem","position":3,"name":"M\u00e1y in 3d CoreXZ Creality Ender 3 V3 Plus kh\u1ed5 in 30*30*33cm Printing Speed \u2264600mm\/s"}]},{"@type":"WebSite","@id":"https:\/\/nge.vn\/#website","url":"https:\/\/nge.vn\/","name":"NGE 3D Printers Services","description":"","potentialAction":[{"@type":"SearchAction","target":{"@type":"EntryPoint","urlTemplate":"https:\/\/nge.vn\/?s={search_term_string}"},"query-input":{"@type":"PropertyValueSpecification","valueRequired":true,"valueName":"search_term_string"}}],"inLanguage":"en-US"}]}},"_links":{"self":[{"href":"https:\/\/nge.vn\/en\/wp-json\/wp\/v2\/product\/2982","targetHints":{"allow":["GET"]}}],"collection":[{"href":"https:\/\/nge.vn\/en\/wp-json\/wp\/v2\/product"}],"about":[{"href":"https:\/\/nge.vn\/en\/wp-json\/wp\/v2\/types\/product"}],"replies":[{"embeddable":true,"href":"https:\/\/nge.vn\/en\/wp-json\/wp\/v2\/comments?post=2982"}],"wp:featuredmedia":[{"embeddable":true,"href":"https:\/\/nge.vn\/en\/wp-json\/wp\/v2\/media\/2973"}],"wp:attachment":[{"href":"https:\/\/nge.vn\/en\/wp-json\/wp\/v2\/media?parent=2982"}],"wp:term":[{"taxonomy":"product_brand","embeddable":true,"href":"https:\/\/nge.vn\/en\/wp-json\/wp\/v2\/product_brand?post=2982"},{"taxonomy":"product_cat","embeddable":true,"href":"https:\/\/nge.vn\/en\/wp-json\/wp\/v2\/product_cat?post=2982"},{"taxonomy":"product_tag","embeddable":true,"href":"https:\/\/nge.vn\/en\/wp-json\/wp\/v2\/product_tag?post=2982"}],"curies":[{"name":"wp","href":"https:\/\/api.w.org\/{rel}","templated":true}]}}