{"id":2958,"date":"2024-10-26T14:32:17","date_gmt":"2024-10-26T07:32:17","guid":{"rendered":"https:\/\/nge.123websitedev.com\/san-pham\/cam-bien-soi-nhua-cho-may-in-3d-btt-sfs-v2-0-smart-filament-sensor-3d-printing-module\/"},"modified":"2024-10-28T16:05:20","modified_gmt":"2024-10-28T09:05:20","slug":"cam-bien-soi-nhua-cho-may-in-3d-btt-sfs-v2-0-smart-filament-sensor-3d-printing-module","status":"publish","type":"product","link":"https:\/\/nge.vn\/en\/product\/cam-bien-soi-nhua-cho-may-in-3d-btt-sfs-v2-0-smart-filament-sensor-3d-printing-module\/","title":{"rendered":"C\u1ea3m bi\u1ebfn s\u1ee3i nh\u1ef1a cho m\u00e1y in 3d BTT SFS V2.0 Smart Filament Sensor 3d Printing Module"},"content":{"rendered":"<p>Khi ph\u00e1t hi\u1ec7n v\u00f2i phun b\u1ecb t\u1eafc, h\u1ebft s\u1ee3i, bu\u1ed9c s\u1ee3i v\u00e0 tr\u1ee5c tr\u1eb7c c\u1ee7a m\u00e1y \u0111\u00f9n, SFS V2.0 s\u1ebd nhanh ch\u00f3ng \u0111\u01b0a ra c\u1ea3nh b\u00e1o l\u1ed7i tr\u00ean m\u00e0n h\u00ecnh v\u00e0 t\u1ef1 \u0111\u1ed9ng t\u1ea1m d\u1eebng in. \u0110i\u1ec1u n\u00e0y gi\u00fap ng\u0103n ng\u1eeba l\u00e3ng ph\u00ed t\u00e0i nguy\u00ean kh\u00f4ng c\u1ea7n thi\u1ebft.<br \/>\nPh\u00e1t hi\u1ec7n s\u1ef1 c\u1ed1 v\u1ec1 s\u1ee3i M117<\/p>\n<p>_Ch\u1ec9 b\u00e1o tr\u1ea1ng th\u00e1i theo th\u1eddi gian th\u1ef1c<br \/>\n+In b\u00ecnh th\u01b0\u1eddng<br \/>\n\u0110\u00e8n xanh nh\u1ea5p nh\u00e1y trong qu\u00e1 tr\u00ecnh in tr\u01a1n tru khi m\u00e1y in v\u00e0 s\u1ee3i ho\u1ea1t \u0111\u1ed9ng b\u00ecnh th\u01b0\u1eddng.<br \/>\n+S\u1ee3i h\u1ebft ho\u1eb7c b\u1ecb h\u1ecfng<br \/>\n\u0110\u00e8n \u0111\u1ecf \u1ed5n \u0111\u1ecbnh nh\u1eafc nh\u1edf ng\u01b0\u1eddi d\u00f9ng ph\u1ea3n h\u1ed3i nhanh khi s\u1ee3i thi\u1ebfu ho\u1eb7c \u0111\u1ee9t.<br \/>\n+Kh\u00e1c<br \/>\nV\u1ea5n \u0111\u1ec1 v\u1ec1 v\u00f2i phun b\u1ecb t\u1eafc\/M\u00e1y \u0111\u00f9n\/Th\u1eaft s\u1ee3i: \u0111\u00e8n xanh \u1ed5n \u0111\u1ecbnh ho\u1eb7c t\u1eaft.<\/p>\n<p>_H\u1ed7 tr\u1ee3 Firmware<br \/>\n+Klipper<br \/>\n+Marlin<br \/>\n+RepRap RRF<\/p>\n<p>_N\u1ea1p hai chi\u1ec1u<br \/>\nH\u01b0\u1edbng s\u1ee3i kh\u00f4ng b\u1ecb h\u1ea1n ch\u1ebf gi\u00fap lo\u1ea1i b\u1ecf m\u1ed1i lo v\u1ec1 h\u01b0\u1edbng, cho ph\u00e9p l\u1eafp \u0111\u1eb7t nhanh ch\u00f3ng, d\u1ec5 d\u00e0ng v\u00e0 \u0111\u1ecbnh v\u1ecb linh ho\u1ea1t \u0111\u1ec3 t\u1ed1i \u0111a h\u00f3a kh\u00f4ng gian.<\/p>\n<p>_C\u1ea3m bi\u1ebfn quang \u0111i\u1ec7n c\u00f3 \u0111\u1ed9 ch\u00ednh x\u00e1c cao<br \/>\nChi\u1ec1u d\u00e0i ph\u00e1t hi\u1ec7n l\u00fd thuy\u1ebft: 2,88mm<\/p>\n<p>*Thu\u1eadn ti\u1ec7n, t\u01b0\u01a1ng th\u00edch cao<br \/>\n_C\u1ea7n g\u1ea1t n\u1ea1p s\u1ee3i nh\u1ef1a \u0110\u1ec3 n\u1ea1p s\u1ee3i nh\u1ef1a linh ho\u1ea1t d\u1ec5 d\u00e0ng.<br \/>\n_Ba l\u1ed7 l\u1eafp<br \/>\n\u0110\u01b0\u1ee3c thi\u1ebft k\u1ebf v\u1edbi 3 l\u1ed7 l\u1eafp \u1edf m\u1eb7t sau \u0111\u1ec3 d\u1ec5 d\u00e0ng l\u1eafp v\u00e0o m\u00e1y in b\u1eb1ng gi\u00e1 \u0111\u1ee1.<br \/>\n+M\u00e1y \u0111\u00f9n Bowden<br \/>\n+M\u00e1y \u0111\u00f9n truy\u1ec1n \u0111\u1ed9ng tr\u1ef1c ti\u1ebfp<br \/>\nLi\u00ean k\u1ebft t\u1ea3i xu\u1ed1ng t\u1ec7p gi\u00e1 \u0111\u1ee1: https:\/\/github.com\/bigtreetech\/smart-filament-detection-module\/tree\/master<\/p>\n<p>_Nh\u1eb9 h\u01a1n v\u00e0 nh\u1ecf h\u01a1n<br \/>\nN\u00e2ng cao kh\u1ea3 n\u0103ng l\u1eafp \u0111\u1eb7t d\u1ec5 d\u00e0ng v\u00e0 s\u1eed d\u1ee5ng kh\u00f4ng gian m\u00e0 kh\u00f4ng l\u00e0m qu\u00e1 t\u1ea3i m\u00e1y \u0111\u00f9n truy\u1ec1n \u0111\u1ed9ng tr\u1ef1c ti\u1ebfp, duy tr\u00ec t\u1ed1c \u0111\u1ed9 in v\u00e0 \u0111\u1ed9 ch\u00ednh x\u00e1c.<br \/>\n*SFS V2.0 n\u1eb7ng 36g, nh\u1eb9 h\u01a1n 40% so v\u1edbi V1.0 v\u00e0 nh\u1ecf h\u01a1n 35,95%. 36g kh\u00f4ng bao g\u1ed3m c\u00e1c \u0111\u1ea7u n\u1ed1i \u1ed1ng Bowden<\/p>\n<p>_Kh\u1ea3 n\u0103ng t\u01b0\u01a1ng th\u00edch r\u1ed9ng<br \/>\nH\u1ed7 tr\u1ee3 m\u1ecdi bo m\u1ea1ch ch\u1ee7 c\u00f3 c\u1ed5ng I\/O kh\u1ea3 d\u1ee5ng (Endstop, Ph\u00e1t hi\u1ec7n s\u1ee3i, BLTouch, C\u1ea3m bi\u1ebfn c\u1ea3m \u1ee9ng, v.v.)<\/p>\n<p>Th\u00f4ng s\u1ed1 k\u1ef9 thu\u1eadt<br \/>\n+S\u1ee3i t\u00f3c t\u01b0\u01a1ng th\u00edch: T\u1ea5t c\u1ea3 c\u00e1c s\u1ee3i t\u00f3c 1,75mm<br \/>\n+\u0110i\u1ec7n \u00e1p \u0111\u1ecbnh m\u1ee9c 3,3V-5V<br \/>\n+Chi\u1ec1u d\u00e0i ph\u00e1t hi\u1ec7n: 2,88 mm (chi\u1ec1u d\u00e0i ph\u00e1t hi\u1ec7n l\u00fd thuy\u1ebft, c\u00f3 th\u1ec3 c\u1ea7n \u0111i\u1ec1u ch\u1ec9nh)<br \/>\n+Nhi\u1ec7t \u0111\u1ed9 l\u00e0m vi\u1ec7c: -10 \u0111\u1ebfn 50\u00b0C<br \/>\n+\u0110\u1ed9 \u1ea9m l\u00e0m vi\u1ec7c: 10% \u0111\u1ebfn 90%<br \/>\n+K\u00edch th\u01b0\u1edbc: 53,1 x 30,3 x 27,3 mm<br \/>\n+Kho\u1ea3ng c\u00e1ch l\u1ed7 l\u1eafp: 12,4 x 24,7 mm<br \/>\n+Tr\u1ecdng l\u01b0\u1ee3ng: 36g<\/p>\n<p>**C\u00f3 g\u00ec trong h\u1ed9p?<br \/>\n+SFS V2.0 x1<br \/>\n+H\u1ed9p \u0111\u00f3ng g\u00f3i x1<br \/>\n+H\u01b0\u1edbng d\u1eabn s\u1eed d\u1ee5ng x1<br \/>\n+\u1ed0ng PTFE I.D.2XO.D.4&#215;30 mm x2<br \/>\n+C\u00e1p 100 cm x1<br \/>\n+\u0110\u1ea7u n\u1ed1i \u1ed1ng Bowden PC4-M6 x2<br \/>\n+B\u1ed9 k\u1eb9p v\u00e0 k\u1eb9p x2<br \/>\n+V\u00edt \u0111\u1ea7u \u1ed5 c\u1eafm M3x6 x3<\/p>\n<p>**To receive a better price, please contact the shop directly.<br \/>\n     0913.939.775 contact A.Quan (for English)<br \/>\n     094.144.0951 contact A.Quynh<br \/>\n**Gi\u00e1 b\u00e1n ch\u01b0a bao g\u1ed3m VAT (+8% n\u1ebfu xu\u1ea5t ho\u00e1 \u0111\u01a1n GTGT)<\/p>","protected":false},"excerpt":{"rendered":"<p>C\u1ea3m bi\u1ebfn s\u1ee3i nh\u1ef1a cho m\u00e1y in 3d BTT SFS V2.0 Smart Filament Sensor 3d Printing Module<\/p>","protected":false},"featured_media":2949,"comment_status":"open","ping_status":"closed","template":"","meta":{"inline_featured_image":false},"product_brand":[],"product_cat":[40,58],"product_tag":[],"class_list":{"0":"post-2958","1":"product","2":"type-product","3":"status-publish","4":"has-post-thumbnail","6":"product_cat-linh-kien-va-phu-kien","7":"product_cat-phu-kien-may-in-3d-bigtreetech","9":"first","10":"instock","11":"taxable","12":"shipping-taxable","13":"purchasable","14":"product-type-simple"},"yoast_head":"<!-- This site is optimized with the Yoast SEO Premium plugin v22.8 (Yoast SEO v26.9) - https:\/\/yoast.com\/product\/yoast-seo-premium-wordpress\/ -->\n<title>C\u1ea3m bi\u1ebfn s\u1ee3i nh\u1ef1a cho m\u00e1y in 3d BTT SFS V2.0 Smart Filament Sensor 3d Printing Module - NGE 3D Printers Services<\/title>\n<meta name=\"robots\" content=\"index, follow, max-snippet:-1, max-image-preview:large, max-video-preview:-1\" \/>\n<link rel=\"canonical\" href=\"https:\/\/nge.vn\/en\/product\/cam-bien-soi-nhua-cho-may-in-3d-btt-sfs-v2-0-smart-filament-sensor-3d-printing-module\/\" \/>\n<meta property=\"og:locale\" content=\"en_US\" \/>\n<meta property=\"og:type\" content=\"article\" \/>\n<meta property=\"og:title\" content=\"C\u1ea3m bi\u1ebfn s\u1ee3i nh\u1ef1a cho m\u00e1y in 3d BTT SFS V2.0 Smart Filament Sensor 3d Printing Module\" \/>\n<meta property=\"og:description\" content=\"C\u1ea3m bi\u1ebfn s\u1ee3i nh\u1ef1a cho m\u00e1y in 3d BTT SFS V2.0 Smart Filament Sensor 3d Printing Module\" \/>\n<meta property=\"og:url\" content=\"https:\/\/nge.vn\/en\/product\/cam-bien-soi-nhua-cho-may-in-3d-btt-sfs-v2-0-smart-filament-sensor-3d-printing-module\/\" \/>\n<meta property=\"og:site_name\" content=\"NGE 3D Printers Services\" \/>\n<meta property=\"article:modified_time\" content=\"2024-10-28T09:05:20+00:00\" \/>\n<meta property=\"og:image\" content=\"https:\/\/nge.vn\/wp-content\/uploads\/2024\/10\/images-upload-woo2F38c0285e8d8275a7d4fae580ca7c545f.jpg\" \/>\n\t<meta property=\"og:image:width\" content=\"1000\" \/>\n\t<meta property=\"og:image:height\" content=\"1000\" \/>\n\t<meta property=\"og:image:type\" content=\"image\/jpeg\" \/>\n<meta name=\"twitter:card\" content=\"summary_large_image\" \/>\n<meta name=\"twitter:label1\" content=\"Est. reading time\" \/>\n\t<meta name=\"twitter:data1\" content=\"3 minutes\" \/>\n<script type=\"application\/ld+json\" class=\"yoast-schema-graph\">{\"@context\":\"https:\/\/schema.org\",\"@graph\":[{\"@type\":\"WebPage\",\"@id\":\"https:\/\/nge.vn\/san-pham\/cam-bien-soi-nhua-cho-may-in-3d-btt-sfs-v2-0-smart-filament-sensor-3d-printing-module\/\",\"url\":\"https:\/\/nge.vn\/san-pham\/cam-bien-soi-nhua-cho-may-in-3d-btt-sfs-v2-0-smart-filament-sensor-3d-printing-module\/\",\"name\":\"C\u1ea3m bi\u1ebfn s\u1ee3i nh\u1ef1a cho m\u00e1y in 3d BTT SFS V2.0 Smart Filament Sensor 3d Printing Module - NGE 3D Printers Services\",\"isPartOf\":{\"@id\":\"https:\/\/nge.vn\/#website\"},\"primaryImageOfPage\":{\"@id\":\"https:\/\/nge.vn\/san-pham\/cam-bien-soi-nhua-cho-may-in-3d-btt-sfs-v2-0-smart-filament-sensor-3d-printing-module\/#primaryimage\"},\"image\":{\"@id\":\"https:\/\/nge.vn\/san-pham\/cam-bien-soi-nhua-cho-may-in-3d-btt-sfs-v2-0-smart-filament-sensor-3d-printing-module\/#primaryimage\"},\"thumbnailUrl\":\"https:\/\/nge.vn\/wp-content\/uploads\/2024\/10\/images-upload-woo2F38c0285e8d8275a7d4fae580ca7c545f.jpg\",\"datePublished\":\"2024-10-26T07:32:17+00:00\",\"dateModified\":\"2024-10-28T09:05:20+00:00\",\"breadcrumb\":{\"@id\":\"https:\/\/nge.vn\/san-pham\/cam-bien-soi-nhua-cho-may-in-3d-btt-sfs-v2-0-smart-filament-sensor-3d-printing-module\/#breadcrumb\"},\"inLanguage\":\"en-US\",\"potentialAction\":[{\"@type\":\"ReadAction\",\"target\":[\"https:\/\/nge.vn\/san-pham\/cam-bien-soi-nhua-cho-may-in-3d-btt-sfs-v2-0-smart-filament-sensor-3d-printing-module\/\"]}]},{\"@type\":\"ImageObject\",\"inLanguage\":\"en-US\",\"@id\":\"https:\/\/nge.vn\/san-pham\/cam-bien-soi-nhua-cho-may-in-3d-btt-sfs-v2-0-smart-filament-sensor-3d-printing-module\/#primaryimage\",\"url\":\"https:\/\/nge.vn\/wp-content\/uploads\/2024\/10\/images-upload-woo2F38c0285e8d8275a7d4fae580ca7c545f.jpg\",\"contentUrl\":\"https:\/\/nge.vn\/wp-content\/uploads\/2024\/10\/images-upload-woo2F38c0285e8d8275a7d4fae580ca7c545f.jpg\",\"width\":1000,\"height\":1000},{\"@type\":\"BreadcrumbList\",\"@id\":\"https:\/\/nge.vn\/san-pham\/cam-bien-soi-nhua-cho-may-in-3d-btt-sfs-v2-0-smart-filament-sensor-3d-printing-module\/#breadcrumb\",\"itemListElement\":[{\"@type\":\"ListItem\",\"position\":1,\"name\":\"Trang ch\u1ee7\",\"item\":\"https:\/\/nge.vn\/\"},{\"@type\":\"ListItem\",\"position\":2,\"name\":\"S\u1ea3n ph\u1ea9m\",\"item\":\"https:\/\/nge.vn\/san-pham\/\"},{\"@type\":\"ListItem\",\"position\":3,\"name\":\"C\u1ea3m bi\u1ebfn s\u1ee3i nh\u1ef1a cho m\u00e1y in 3d BTT SFS V2.0 Smart Filament Sensor 3d Printing Module\"}]},{\"@type\":\"WebSite\",\"@id\":\"https:\/\/nge.vn\/#website\",\"url\":\"https:\/\/nge.vn\/\",\"name\":\"NGE 3D Printers Services\",\"description\":\"\",\"potentialAction\":[{\"@type\":\"SearchAction\",\"target\":{\"@type\":\"EntryPoint\",\"urlTemplate\":\"https:\/\/nge.vn\/?s={search_term_string}\"},\"query-input\":{\"@type\":\"PropertyValueSpecification\",\"valueRequired\":true,\"valueName\":\"search_term_string\"}}],\"inLanguage\":\"en-US\"}]}<\/script>\n<!-- \/ Yoast SEO Premium plugin. -->","yoast_head_json":{"title":"C\u1ea3m bi\u1ebfn s\u1ee3i nh\u1ef1a cho m\u00e1y in 3d BTT SFS V2.0 Smart Filament Sensor 3d Printing Module - NGE 3D Printers Services","robots":{"index":"index","follow":"follow","max-snippet":"max-snippet:-1","max-image-preview":"max-image-preview:large","max-video-preview":"max-video-preview:-1"},"canonical":"https:\/\/nge.vn\/en\/product\/cam-bien-soi-nhua-cho-may-in-3d-btt-sfs-v2-0-smart-filament-sensor-3d-printing-module\/","og_locale":"en_US","og_type":"article","og_title":"C\u1ea3m bi\u1ebfn s\u1ee3i nh\u1ef1a cho m\u00e1y in 3d BTT SFS V2.0 Smart Filament Sensor 3d Printing Module","og_description":"C\u1ea3m bi\u1ebfn s\u1ee3i nh\u1ef1a cho m\u00e1y in 3d BTT SFS V2.0 Smart Filament Sensor 3d Printing Module","og_url":"https:\/\/nge.vn\/en\/product\/cam-bien-soi-nhua-cho-may-in-3d-btt-sfs-v2-0-smart-filament-sensor-3d-printing-module\/","og_site_name":"NGE 3D Printers Services","article_modified_time":"2024-10-28T09:05:20+00:00","og_image":[{"width":1000,"height":1000,"url":"https:\/\/nge.vn\/wp-content\/uploads\/2024\/10\/images-upload-woo2F38c0285e8d8275a7d4fae580ca7c545f.jpg","type":"image\/jpeg"}],"twitter_card":"summary_large_image","twitter_misc":{"Est. reading time":"3 minutes"},"schema":{"@context":"https:\/\/schema.org","@graph":[{"@type":"WebPage","@id":"https:\/\/nge.vn\/san-pham\/cam-bien-soi-nhua-cho-may-in-3d-btt-sfs-v2-0-smart-filament-sensor-3d-printing-module\/","url":"https:\/\/nge.vn\/san-pham\/cam-bien-soi-nhua-cho-may-in-3d-btt-sfs-v2-0-smart-filament-sensor-3d-printing-module\/","name":"C\u1ea3m bi\u1ebfn s\u1ee3i nh\u1ef1a cho m\u00e1y in 3d BTT SFS V2.0 Smart Filament Sensor 3d Printing Module - NGE 3D Printers Services","isPartOf":{"@id":"https:\/\/nge.vn\/#website"},"primaryImageOfPage":{"@id":"https:\/\/nge.vn\/san-pham\/cam-bien-soi-nhua-cho-may-in-3d-btt-sfs-v2-0-smart-filament-sensor-3d-printing-module\/#primaryimage"},"image":{"@id":"https:\/\/nge.vn\/san-pham\/cam-bien-soi-nhua-cho-may-in-3d-btt-sfs-v2-0-smart-filament-sensor-3d-printing-module\/#primaryimage"},"thumbnailUrl":"https:\/\/nge.vn\/wp-content\/uploads\/2024\/10\/images-upload-woo2F38c0285e8d8275a7d4fae580ca7c545f.jpg","datePublished":"2024-10-26T07:32:17+00:00","dateModified":"2024-10-28T09:05:20+00:00","breadcrumb":{"@id":"https:\/\/nge.vn\/san-pham\/cam-bien-soi-nhua-cho-may-in-3d-btt-sfs-v2-0-smart-filament-sensor-3d-printing-module\/#breadcrumb"},"inLanguage":"en-US","potentialAction":[{"@type":"ReadAction","target":["https:\/\/nge.vn\/san-pham\/cam-bien-soi-nhua-cho-may-in-3d-btt-sfs-v2-0-smart-filament-sensor-3d-printing-module\/"]}]},{"@type":"ImageObject","inLanguage":"en-US","@id":"https:\/\/nge.vn\/san-pham\/cam-bien-soi-nhua-cho-may-in-3d-btt-sfs-v2-0-smart-filament-sensor-3d-printing-module\/#primaryimage","url":"https:\/\/nge.vn\/wp-content\/uploads\/2024\/10\/images-upload-woo2F38c0285e8d8275a7d4fae580ca7c545f.jpg","contentUrl":"https:\/\/nge.vn\/wp-content\/uploads\/2024\/10\/images-upload-woo2F38c0285e8d8275a7d4fae580ca7c545f.jpg","width":1000,"height":1000},{"@type":"BreadcrumbList","@id":"https:\/\/nge.vn\/san-pham\/cam-bien-soi-nhua-cho-may-in-3d-btt-sfs-v2-0-smart-filament-sensor-3d-printing-module\/#breadcrumb","itemListElement":[{"@type":"ListItem","position":1,"name":"Trang ch\u1ee7","item":"https:\/\/nge.vn\/"},{"@type":"ListItem","position":2,"name":"S\u1ea3n ph\u1ea9m","item":"https:\/\/nge.vn\/san-pham\/"},{"@type":"ListItem","position":3,"name":"C\u1ea3m bi\u1ebfn s\u1ee3i nh\u1ef1a cho m\u00e1y in 3d BTT SFS V2.0 Smart Filament Sensor 3d Printing Module"}]},{"@type":"WebSite","@id":"https:\/\/nge.vn\/#website","url":"https:\/\/nge.vn\/","name":"NGE 3D Printers Services","description":"","potentialAction":[{"@type":"SearchAction","target":{"@type":"EntryPoint","urlTemplate":"https:\/\/nge.vn\/?s={search_term_string}"},"query-input":{"@type":"PropertyValueSpecification","valueRequired":true,"valueName":"search_term_string"}}],"inLanguage":"en-US"}]}},"_links":{"self":[{"href":"https:\/\/nge.vn\/en\/wp-json\/wp\/v2\/product\/2958","targetHints":{"allow":["GET"]}}],"collection":[{"href":"https:\/\/nge.vn\/en\/wp-json\/wp\/v2\/product"}],"about":[{"href":"https:\/\/nge.vn\/en\/wp-json\/wp\/v2\/types\/product"}],"replies":[{"embeddable":true,"href":"https:\/\/nge.vn\/en\/wp-json\/wp\/v2\/comments?post=2958"}],"wp:featuredmedia":[{"embeddable":true,"href":"https:\/\/nge.vn\/en\/wp-json\/wp\/v2\/media\/2949"}],"wp:attachment":[{"href":"https:\/\/nge.vn\/en\/wp-json\/wp\/v2\/media?parent=2958"}],"wp:term":[{"taxonomy":"product_brand","embeddable":true,"href":"https:\/\/nge.vn\/en\/wp-json\/wp\/v2\/product_brand?post=2958"},{"taxonomy":"product_cat","embeddable":true,"href":"https:\/\/nge.vn\/en\/wp-json\/wp\/v2\/product_cat?post=2958"},{"taxonomy":"product_tag","embeddable":true,"href":"https:\/\/nge.vn\/en\/wp-json\/wp\/v2\/product_tag?post=2958"}],"curies":[{"name":"wp","href":"https:\/\/api.w.org\/{rel}","templated":true}]}}