{"id":2934,"date":"2024-10-26T14:29:59","date_gmt":"2024-10-26T07:29:59","guid":{"rendered":"https:\/\/nge.123websitedev.com\/san-pham\/driver-dieu-khien-dong-co-buoc-cong-suat-cao-tmc5160t-plus-stepper-motor-driver-spi-mode\/"},"modified":"2025-07-10T15:43:45","modified_gmt":"2025-07-10T08:43:45","slug":"driver-dieu-khien-dong-co-buoc-cong-suat-cao-tmc5160t-plus-stepper-motor-driver-spi-mode","status":"publish","type":"product","link":"https:\/\/nge.vn\/en\/product\/driver-dieu-khien-dong-co-buoc-cong-suat-cao-tmc5160t-plus-stepper-motor-driver-spi-mode\/","title":{"rendered":"Driver TMC5160T Plus Stepper Motor Driver SPI Mode \u0111i\u1ec1u khi\u1ec3n \u0111\u1ed9ng c\u01a1 b\u01b0\u1edbc c\u00f4ng su\u1ea5t cao"},"content":{"rendered":"<p>**C\u00e1c t\u00ednh n\u0103ng ch\u00ednh:<br \/>\n_TMC5160T Plus l\u00e0 m\u00f4-\u0111un \u0111i\u1ec1u khi\u1ec3n \u0111\u1ed9ng c\u01a1 b\u01b0\u1edbc c\u00f4ng su\u1ea5t cao, bao g\u1ed3m 8 MOSFET c\u00f4ng su\u1ea5t cao \u0111\u01b0\u1ee3c g\u1eafn ri\u00eang tr\u00ean bo m\u1ea1ch v\u1edbi \u0111i\u1ec7n \u00e1p t\u1ed1i \u0111a 60V. \u0110i\u1ec1u n\u00e0y h\u1ed7 tr\u1ee3 nhi\u1ec1u lo\u1ea1i \u0111\u1ed9ng c\u01a1 b\u01b0\u1edbc h\u01a1n v\u00e0 mang l\u1ea1i kh\u1ea3 n\u0103ng th\u00edch \u1ee9ng cao h\u01a1n.<\/p>\n<p>+8 MOSFET c\u00f4ng su\u1ea5t cao \u0111\u01b0\u1ee3c g\u1eafn ri\u00eang tr\u00ean bo m\u1ea1ch v\u1edbi \u0111i\u1ec7n \u00e1p 100V, \u0111i\u1ec7n tr\u1edf d\u00f2ng 93A v\u00e0 \u0111i\u1ec7n tr\u1edf t\u01b0\u01a1ng \u0111\u01b0\u01a1ng th\u1ea5p t\u1edbi 6m\u03a9, gi\u00fap n\u00e2ng cao \u0111\u00e1ng k\u1ec3 hi\u1ec7u su\u1ea5t c\u1ee7a \u1ed5 \u0111\u0129a<br \/>\n+H\u1ed7 tr\u1ee3 \u0111i\u1ec7n \u00e1p t\u1ed1i \u0111a 60V, d\u00f2ng \u0111i\u1ec7n hi\u1ec7u d\u1ee5ng t\u1ed1i \u0111a (IRMS) l\u00e0 10,6A v\u00e0 d\u00f2ng \u0111i\u1ec7n c\u1ef1c \u0111\u1ea1i h\u00ecnh sin l\u00ean t\u1edbi 15A<br \/>\n+C\u00f3 th\u1ec3 l\u1ef1a ch\u1ecdn ch\u1ebf \u0111\u1ed9 StealthChop TM v\u00e0 ch\u1ebf \u0111\u1ed9 SpreadCycleTM, v\u1edbi ch\u1ebf \u0111\u1ed9 \u0111\u1ed9c l\u1eadp, ch\u1ebf \u0111\u1ed9 UART v\u00e0 ch\u1ebf \u0111\u1ed9 SPI c\u00f3 th\u1ec3 l\u1ef1a ch\u1ecdn<br \/>\n+T\u1ea1o ra nhi\u1ec7t \u00edt h\u01a1n \u0111\u00e1ng k\u1ec3 so v\u1edbi c\u00e1c \u1ed5 \u0111\u0129a kh\u00e1c c\u00f3 c\u00f9ng m\u1eabu chip v\u00e0 ho\u1ea1t \u0111\u1ed9ng t\u1ed1t h\u01a1n c\u00e1c \u1ed5 \u0111\u0129a kh\u00e1c tr\u00ean th\u1ecb tr\u01b0\u1eddng<br \/>\n+C\u00f3 th\u1ec3 ng\u0103n ng\u1eeba hi\u1ec7n t\u01b0\u1ee3ng gi\u1eadt \u0111\u1ed9ng c\u01a1 v\u00e0 tr\u00e1nh m\u1ea5t b\u01b0\u1edbc<br \/>\n+\u0110\u00e3 th\u1eed nghi\u1ec7m \u0111\u1ec3 l\u00e1i \u0111\u1ed9ng c\u01a1 b\u01b0\u1edbc 36, 42, 57, 86, v.v.<br \/>\n+B\u1ea3o v\u1ec7 ESD tr\u00ean ngu\u1ed3n \u1ed5 \u0111\u0129a, ngu\u1ed3n logic, v.v., \u0111\u1ec3 ng\u0103n ng\u1eeba h\u01b0 h\u1ecfng do dao \u0111\u1ed9ng ngu\u1ed3n \u0111i\u1ec7n v\u00e0 t\u0129nh \u0111i\u1ec7n<br \/>\n+Giao di\u1ec7n qu\u1ea1t lu\u00f4n b\u1eadt 24V tr\u00ean bo m\u1ea1ch t\u1ea1o \u0111i\u1ec1u ki\u1ec7n l\u00e0m m\u00e1t t\u00edch c\u1ef1c<br \/>\n+Giao di\u1ec7n b\u1ed9 m\u00e3 h\u00f3a d\u00e0nh ri\u00eang cho vi\u1ec7c s\u1eed d\u1ee5ng DIY<br \/>\n+Thi\u1ebft k\u1ebf t\u1ea3n nhi\u1ec7t t\u00edch h\u1ee3p, mang l\u1ea1i kh\u1ea3 n\u0103ng t\u1ea3n nhi\u1ec7t cao \u0111\u1ed3ng th\u1eddi n\u00e2ng cao t\u00ednh to\u00e0n v\u1eb9n v\u00e0 t\u00ednh th\u1ea9m m\u1ef9 c\u1ee7a c\u1ea5u tr\u00fac<br \/>\n+\u0110\u01b0\u1ee3c cung c\u1ea5p b\u1ed9 chuy\u1ec3n \u0111\u1ed5i v\u00e0 d\u00e2y d\u1eabn cho c\u1ea3 \u1ed5 \u0111\u0129a ti\u00eau chu\u1ea9n v\u00e0 \u1ed5 EZ, \u0111\u1ec3 thu\u1eadn ti\u1ec7n cho ng\u01b0\u1eddi d\u00f9ng<br \/>\n+T\u1ea3n nhi\u1ec7t \u0111\u01b0\u1ee3c thi\u1ebft k\u1ebf s\u1eb5n v\u1edbi c\u00e1c l\u1ed7 g\u1eafn qu\u1ea1t \u0111\u1ec3 l\u1eafp \u0111\u1eb7t qu\u1ea1t DIY.<\/p>\n<p>_S\u1ee8C M\u1ea0NH V\u00d4 \u0110\u1ed0I CHO M\u00e1y in 3D c\u1ee7a b\u1ea1n<br \/>\nH\u1ed7 tr\u1ee3 d\u00f2ng \u0111i\u1ec7n h\u00ecnh sin \u0111\u1ec9nh l\u00ean \u0111\u1ebfn 60V, 10,6A IRMS v\u00e0 15A, TMC5160T Plus t\u0103ng t\u1ed1c \u0111\u1ed9 in, n\u00e2ng cao \u0111\u1ed9 ch\u00ednh x\u00e1c v\u00e0 \u0111i\u1ec1u khi\u1ec3n \u0111\u1ed9ng c\u01a1 c\u00f4ng su\u1ea5t cao, \u0111\u01b0a c\u00e1c d\u1ef1 \u00e1n in 3D c\u1ee7a b\u1ea1n l\u00ean t\u1ea7m cao m\u1edbi v\u1ec1 ch\u1ea5t l\u01b0\u1ee3ng v\u00e0 hi\u1ec7u qu\u1ea3.<\/p>\n<p>*Ch\u00fa \u00fd \u0111\u1ebfn tr\u00ecnh t\u1ef1 s\u1ee9c m\u1ea1nh; \u0111\u1ea3m b\u1ea3o ngu\u1ed3n tr\u00ecnh \u0111i\u1ec1u khi\u1ec3n \u0111\u01b0\u1ee3c b\u1eadt tr\u01b0\u1edbc ngu\u1ed3n logic. T\u1ee9c l\u00e0 b\u1eadt ngu\u1ed3n tr\u00ecnh \u0111i\u1ec1u khi\u1ec3n tr\u01b0\u1edbc, sau \u0111\u00f3 b\u1eadt ngu\u1ed3n bo m\u1ea1ch ch\u1ee7; B\u1ea5t k\u1ec3 tr\u00ecnh \u0111i\u1ec1u khi\u1ec3n s\u1eed d\u1ee5ng ngu\u1ed3n \u0111i\u1ec7n \u00e1p cao hay th\u1ea5p, \u0111i\u1ec7n \u00e1p \u0111\u1ea7u ra t\u1eeb b\u1ea3ng \u0111i\u1ec1u khi\u1ec3n ch\u00ednh \u0111\u1ebfn bi\u1ebfn t\u1ea7n kh\u00f4ng \u0111\u01b0\u1ee3c v\u01b0\u1ee3t qu\u00e1 24V; v\u01b0\u1ee3t qu\u00e1 \u0111i\u1ec1u n\u00e0y s\u1ebd l\u00e0m h\u1ecfng tr\u00ecnh \u0111i\u1ec1u khi\u1ec3n.<br \/>\nC\u1ed5ng qu\u1ea1t + L\u1ed7 g\u1eafn<br \/>\nL\u1eafp qu\u1ea1t 3010 \u0111\u1ec3 l\u00e0m m\u00e1t ch\u1ee7 \u0111\u1ed9ng.<br \/>\n* V\u00edt v\u00e0 qu\u1ea1t c\u1ea7n ph\u1ea3i mua ri\u00eang.<\/p>\n<p>*\u0110i\u1ec7n \u00e1p \u0111\u01b0\u1ee3c coi l\u00e0 an to\u00e0n cho con ng\u01b0\u1eddi khi ti\u1ebfp x\u00fac l\u00e0 \u226436V. Do \u0111\u00f3, khi s\u1eed d\u1ee5ng \u0111i\u1ec7n \u00e1p &gt;36V, b\u1eaft bu\u1ed9c ph\u1ea3i \u0111\u1ea3m b\u1ea3o r\u1eb1ng c\u00e1c ho\u1ea1t \u0111\u1ed9ng \u0111\u01b0\u1ee3c th\u1ef1c hi\u1ec7n b\u1edfi c\u00e1c chuy\u00ean gia \u0111\u00e3 \u0111\u01b0\u1ee3c ch\u1ee9ng nh\u1eadn.<\/p>\n<p>**To receive a better price, please contact the shop directly.<br \/>\n0913.939.775 contact A.Quan (for English)<br \/>\n094.144.0951 contact A.Quynh<br \/>\n**Selling price does not include VAT (+10% if VAT invoice is issued)<\/p>","protected":false},"excerpt":{"rendered":"<p>Driver \u0111i\u1ec1u khi\u1ec3n \u0111\u1ed9ng c\u01a1 b\u01b0\u1edbc c\u00f4ng su\u1ea5t cao TMC5160T Plus Stepper Motor Driver SPI Mode<\/p>","protected":false},"featured_media":2925,"comment_status":"open","ping_status":"closed","template":"","meta":{"inline_featured_image":false},"product_brand":[],"product_cat":[40,58],"product_tag":[],"class_list":{"0":"post-2934","1":"product","2":"type-product","3":"status-publish","4":"has-post-thumbnail","6":"product_cat-linh-kien-va-phu-kien","7":"product_cat-phu-kien-may-in-3d-bigtreetech","9":"first","10":"instock","11":"taxable","12":"shipping-taxable","13":"purchasable","14":"product-type-simple"},"yoast_head":"<!-- This site is optimized with the Yoast SEO Premium plugin v22.8 (Yoast SEO v26.9) - https:\/\/yoast.com\/product\/yoast-seo-premium-wordpress\/ -->\n<title>Driver TMC5160T Plus Stepper Motor Driver SPI Mode \u0111i\u1ec1u khi\u1ec3n \u0111\u1ed9ng c\u01a1 b\u01b0\u1edbc c\u00f4ng su\u1ea5t cao - NGE 3D Printers Services<\/title>\n<meta name=\"robots\" content=\"index, follow, max-snippet:-1, max-image-preview:large, max-video-preview:-1\" \/>\n<link rel=\"canonical\" href=\"https:\/\/nge.vn\/en\/product\/driver-dieu-khien-dong-co-buoc-cong-suat-cao-tmc5160t-plus-stepper-motor-driver-spi-mode\/\" \/>\n<meta property=\"og:locale\" content=\"en_US\" \/>\n<meta property=\"og:type\" content=\"article\" \/>\n<meta property=\"og:title\" content=\"Driver TMC5160T Plus Stepper Motor Driver SPI Mode \u0111i\u1ec1u khi\u1ec3n \u0111\u1ed9ng c\u01a1 b\u01b0\u1edbc c\u00f4ng su\u1ea5t cao\" \/>\n<meta property=\"og:description\" content=\"Driver \u0111i\u1ec1u khi\u1ec3n \u0111\u1ed9ng c\u01a1 b\u01b0\u1edbc c\u00f4ng su\u1ea5t cao TMC5160T Plus Stepper Motor Driver SPI Mode\" \/>\n<meta property=\"og:url\" content=\"https:\/\/nge.vn\/en\/product\/driver-dieu-khien-dong-co-buoc-cong-suat-cao-tmc5160t-plus-stepper-motor-driver-spi-mode\/\" \/>\n<meta property=\"og:site_name\" content=\"NGE 3D Printers Services\" \/>\n<meta property=\"article:modified_time\" content=\"2025-07-10T08:43:45+00:00\" \/>\n<meta property=\"og:image\" content=\"https:\/\/nge.vn\/wp-content\/uploads\/2024\/10\/images-upload-woo2Fb4551522deae92a62cf0c6530fe09bda.jpg\" \/>\n\t<meta property=\"og:image:width\" content=\"1000\" \/>\n\t<meta property=\"og:image:height\" content=\"1000\" \/>\n\t<meta property=\"og:image:type\" content=\"image\/jpeg\" \/>\n<meta name=\"twitter:card\" content=\"summary_large_image\" \/>\n<meta name=\"twitter:label1\" content=\"Est. reading time\" \/>\n\t<meta name=\"twitter:data1\" content=\"4 minutes\" \/>\n<script type=\"application\/ld+json\" class=\"yoast-schema-graph\">{\"@context\":\"https:\/\/schema.org\",\"@graph\":[{\"@type\":\"WebPage\",\"@id\":\"https:\/\/nge.vn\/san-pham\/driver-dieu-khien-dong-co-buoc-cong-suat-cao-tmc5160t-plus-stepper-motor-driver-spi-mode\/\",\"url\":\"https:\/\/nge.vn\/san-pham\/driver-dieu-khien-dong-co-buoc-cong-suat-cao-tmc5160t-plus-stepper-motor-driver-spi-mode\/\",\"name\":\"Driver TMC5160T Plus Stepper Motor Driver SPI Mode \u0111i\u1ec1u khi\u1ec3n \u0111\u1ed9ng c\u01a1 b\u01b0\u1edbc c\u00f4ng su\u1ea5t cao - NGE 3D Printers Services\",\"isPartOf\":{\"@id\":\"https:\/\/nge.vn\/#website\"},\"primaryImageOfPage\":{\"@id\":\"https:\/\/nge.vn\/san-pham\/driver-dieu-khien-dong-co-buoc-cong-suat-cao-tmc5160t-plus-stepper-motor-driver-spi-mode\/#primaryimage\"},\"image\":{\"@id\":\"https:\/\/nge.vn\/san-pham\/driver-dieu-khien-dong-co-buoc-cong-suat-cao-tmc5160t-plus-stepper-motor-driver-spi-mode\/#primaryimage\"},\"thumbnailUrl\":\"https:\/\/nge.vn\/wp-content\/uploads\/2024\/10\/images-upload-woo2Fb4551522deae92a62cf0c6530fe09bda.jpg\",\"datePublished\":\"2024-10-26T07:29:59+00:00\",\"dateModified\":\"2025-07-10T08:43:45+00:00\",\"breadcrumb\":{\"@id\":\"https:\/\/nge.vn\/san-pham\/driver-dieu-khien-dong-co-buoc-cong-suat-cao-tmc5160t-plus-stepper-motor-driver-spi-mode\/#breadcrumb\"},\"inLanguage\":\"en-US\",\"potentialAction\":[{\"@type\":\"ReadAction\",\"target\":[\"https:\/\/nge.vn\/san-pham\/driver-dieu-khien-dong-co-buoc-cong-suat-cao-tmc5160t-plus-stepper-motor-driver-spi-mode\/\"]}]},{\"@type\":\"ImageObject\",\"inLanguage\":\"en-US\",\"@id\":\"https:\/\/nge.vn\/san-pham\/driver-dieu-khien-dong-co-buoc-cong-suat-cao-tmc5160t-plus-stepper-motor-driver-spi-mode\/#primaryimage\",\"url\":\"https:\/\/nge.vn\/wp-content\/uploads\/2024\/10\/images-upload-woo2Fb4551522deae92a62cf0c6530fe09bda.jpg\",\"contentUrl\":\"https:\/\/nge.vn\/wp-content\/uploads\/2024\/10\/images-upload-woo2Fb4551522deae92a62cf0c6530fe09bda.jpg\",\"width\":1000,\"height\":1000},{\"@type\":\"BreadcrumbList\",\"@id\":\"https:\/\/nge.vn\/san-pham\/driver-dieu-khien-dong-co-buoc-cong-suat-cao-tmc5160t-plus-stepper-motor-driver-spi-mode\/#breadcrumb\",\"itemListElement\":[{\"@type\":\"ListItem\",\"position\":1,\"name\":\"Trang ch\u1ee7\",\"item\":\"https:\/\/nge.vn\/\"},{\"@type\":\"ListItem\",\"position\":2,\"name\":\"S\u1ea3n ph\u1ea9m\",\"item\":\"https:\/\/nge.vn\/san-pham\/\"},{\"@type\":\"ListItem\",\"position\":3,\"name\":\"Driver TMC5160T Plus Stepper Motor Driver SPI Mode \u0111i\u1ec1u khi\u1ec3n \u0111\u1ed9ng c\u01a1 b\u01b0\u1edbc c\u00f4ng su\u1ea5t cao\"}]},{\"@type\":\"WebSite\",\"@id\":\"https:\/\/nge.vn\/#website\",\"url\":\"https:\/\/nge.vn\/\",\"name\":\"NGE 3D Printers Services\",\"description\":\"\",\"potentialAction\":[{\"@type\":\"SearchAction\",\"target\":{\"@type\":\"EntryPoint\",\"urlTemplate\":\"https:\/\/nge.vn\/?s={search_term_string}\"},\"query-input\":{\"@type\":\"PropertyValueSpecification\",\"valueRequired\":true,\"valueName\":\"search_term_string\"}}],\"inLanguage\":\"en-US\"}]}<\/script>\n<!-- \/ Yoast SEO Premium plugin. -->","yoast_head_json":{"title":"Driver TMC5160T Plus Stepper Motor Driver SPI Mode \u0111i\u1ec1u khi\u1ec3n \u0111\u1ed9ng c\u01a1 b\u01b0\u1edbc c\u00f4ng su\u1ea5t cao - NGE 3D Printers Services","robots":{"index":"index","follow":"follow","max-snippet":"max-snippet:-1","max-image-preview":"max-image-preview:large","max-video-preview":"max-video-preview:-1"},"canonical":"https:\/\/nge.vn\/en\/product\/driver-dieu-khien-dong-co-buoc-cong-suat-cao-tmc5160t-plus-stepper-motor-driver-spi-mode\/","og_locale":"en_US","og_type":"article","og_title":"Driver TMC5160T Plus Stepper Motor Driver SPI Mode \u0111i\u1ec1u khi\u1ec3n \u0111\u1ed9ng c\u01a1 b\u01b0\u1edbc c\u00f4ng su\u1ea5t cao","og_description":"Driver \u0111i\u1ec1u khi\u1ec3n \u0111\u1ed9ng c\u01a1 b\u01b0\u1edbc c\u00f4ng su\u1ea5t cao TMC5160T Plus Stepper Motor Driver SPI Mode","og_url":"https:\/\/nge.vn\/en\/product\/driver-dieu-khien-dong-co-buoc-cong-suat-cao-tmc5160t-plus-stepper-motor-driver-spi-mode\/","og_site_name":"NGE 3D Printers Services","article_modified_time":"2025-07-10T08:43:45+00:00","og_image":[{"width":1000,"height":1000,"url":"https:\/\/nge.vn\/wp-content\/uploads\/2024\/10\/images-upload-woo2Fb4551522deae92a62cf0c6530fe09bda.jpg","type":"image\/jpeg"}],"twitter_card":"summary_large_image","twitter_misc":{"Est. reading time":"4 minutes"},"schema":{"@context":"https:\/\/schema.org","@graph":[{"@type":"WebPage","@id":"https:\/\/nge.vn\/san-pham\/driver-dieu-khien-dong-co-buoc-cong-suat-cao-tmc5160t-plus-stepper-motor-driver-spi-mode\/","url":"https:\/\/nge.vn\/san-pham\/driver-dieu-khien-dong-co-buoc-cong-suat-cao-tmc5160t-plus-stepper-motor-driver-spi-mode\/","name":"Driver TMC5160T Plus Stepper Motor Driver SPI Mode \u0111i\u1ec1u khi\u1ec3n \u0111\u1ed9ng c\u01a1 b\u01b0\u1edbc c\u00f4ng su\u1ea5t cao - NGE 3D Printers Services","isPartOf":{"@id":"https:\/\/nge.vn\/#website"},"primaryImageOfPage":{"@id":"https:\/\/nge.vn\/san-pham\/driver-dieu-khien-dong-co-buoc-cong-suat-cao-tmc5160t-plus-stepper-motor-driver-spi-mode\/#primaryimage"},"image":{"@id":"https:\/\/nge.vn\/san-pham\/driver-dieu-khien-dong-co-buoc-cong-suat-cao-tmc5160t-plus-stepper-motor-driver-spi-mode\/#primaryimage"},"thumbnailUrl":"https:\/\/nge.vn\/wp-content\/uploads\/2024\/10\/images-upload-woo2Fb4551522deae92a62cf0c6530fe09bda.jpg","datePublished":"2024-10-26T07:29:59+00:00","dateModified":"2025-07-10T08:43:45+00:00","breadcrumb":{"@id":"https:\/\/nge.vn\/san-pham\/driver-dieu-khien-dong-co-buoc-cong-suat-cao-tmc5160t-plus-stepper-motor-driver-spi-mode\/#breadcrumb"},"inLanguage":"en-US","potentialAction":[{"@type":"ReadAction","target":["https:\/\/nge.vn\/san-pham\/driver-dieu-khien-dong-co-buoc-cong-suat-cao-tmc5160t-plus-stepper-motor-driver-spi-mode\/"]}]},{"@type":"ImageObject","inLanguage":"en-US","@id":"https:\/\/nge.vn\/san-pham\/driver-dieu-khien-dong-co-buoc-cong-suat-cao-tmc5160t-plus-stepper-motor-driver-spi-mode\/#primaryimage","url":"https:\/\/nge.vn\/wp-content\/uploads\/2024\/10\/images-upload-woo2Fb4551522deae92a62cf0c6530fe09bda.jpg","contentUrl":"https:\/\/nge.vn\/wp-content\/uploads\/2024\/10\/images-upload-woo2Fb4551522deae92a62cf0c6530fe09bda.jpg","width":1000,"height":1000},{"@type":"BreadcrumbList","@id":"https:\/\/nge.vn\/san-pham\/driver-dieu-khien-dong-co-buoc-cong-suat-cao-tmc5160t-plus-stepper-motor-driver-spi-mode\/#breadcrumb","itemListElement":[{"@type":"ListItem","position":1,"name":"Trang ch\u1ee7","item":"https:\/\/nge.vn\/"},{"@type":"ListItem","position":2,"name":"S\u1ea3n ph\u1ea9m","item":"https:\/\/nge.vn\/san-pham\/"},{"@type":"ListItem","position":3,"name":"Driver TMC5160T Plus Stepper Motor Driver SPI Mode \u0111i\u1ec1u khi\u1ec3n \u0111\u1ed9ng c\u01a1 b\u01b0\u1edbc c\u00f4ng su\u1ea5t cao"}]},{"@type":"WebSite","@id":"https:\/\/nge.vn\/#website","url":"https:\/\/nge.vn\/","name":"NGE 3D Printers Services","description":"","potentialAction":[{"@type":"SearchAction","target":{"@type":"EntryPoint","urlTemplate":"https:\/\/nge.vn\/?s={search_term_string}"},"query-input":{"@type":"PropertyValueSpecification","valueRequired":true,"valueName":"search_term_string"}}],"inLanguage":"en-US"}]}},"_links":{"self":[{"href":"https:\/\/nge.vn\/en\/wp-json\/wp\/v2\/product\/2934","targetHints":{"allow":["GET"]}}],"collection":[{"href":"https:\/\/nge.vn\/en\/wp-json\/wp\/v2\/product"}],"about":[{"href":"https:\/\/nge.vn\/en\/wp-json\/wp\/v2\/types\/product"}],"replies":[{"embeddable":true,"href":"https:\/\/nge.vn\/en\/wp-json\/wp\/v2\/comments?post=2934"}],"wp:featuredmedia":[{"embeddable":true,"href":"https:\/\/nge.vn\/en\/wp-json\/wp\/v2\/media\/2925"}],"wp:attachment":[{"href":"https:\/\/nge.vn\/en\/wp-json\/wp\/v2\/media?parent=2934"}],"wp:term":[{"taxonomy":"product_brand","embeddable":true,"href":"https:\/\/nge.vn\/en\/wp-json\/wp\/v2\/product_brand?post=2934"},{"taxonomy":"product_cat","embeddable":true,"href":"https:\/\/nge.vn\/en\/wp-json\/wp\/v2\/product_cat?post=2934"},{"taxonomy":"product_tag","embeddable":true,"href":"https:\/\/nge.vn\/en\/wp-json\/wp\/v2\/product_tag?post=2934"}],"curies":[{"name":"wp","href":"https:\/\/api.w.org\/{rel}","templated":true}]}}