{"id":2870,"date":"2024-10-26T14:27:45","date_gmt":"2024-10-26T07:27:45","guid":{"rendered":"https:\/\/nge.123websitedev.com\/san-pham\/nhua-in-3d-resin-esun-s200-standard-resin-500-1000ml-chai\/"},"modified":"2024-10-29T17:08:20","modified_gmt":"2024-10-29T10:08:20","slug":"nhua-in-3d-resin-esun-s200-standard-resin-500-1000ml-chai","status":"publish","type":"product","link":"https:\/\/nge.vn\/en\/product\/nhua-in-3d-resin-esun-s200-standard-resin-500-1000ml-chai\/","title":{"rendered":"Nh\u1ef1a in 3d resin eSun S200 Standard Resin 500-1000ml\/ Chai"},"content":{"rendered":"<p>Nh\u1ef1a in 3d resin eSun S200 Standard Resin 500-1000ml\/ Chai<br \/>\nNh\u1ef1a ti\u00eau chu\u1ea9n l\u00e0 v\u1eadt li\u1ec7u nh\u1ef1a ti\u1ebft ki\u1ec7m chi ph\u00ed do eSUN ph\u00e1t tri\u1ec3n cho c\u00e1c t\u00ecnh hu\u1ed1ng ti\u00eau d\u00f9ng th\u00f4ng th\u01b0\u1eddng.<br \/>\nNh\u1ef1a ti\u00eau chu\u1ea9n S200 d\u1ec5 in v\u00e0 c\u00f3 th\u1ec3 t\u1ea1o th\u00e0nh c\u00e1c l\u1edbp \u0111\u1ee1 m\u1ecfng.<br \/>\nC\u00e1c chi ti\u1ebft nh\u1ecf c\u1ee7a m\u00f4 h\u00ecnh \u0111\u01b0\u1ee3c tr\u00ecnh b\u00e0y r\u00f5 r\u00e0ng.<\/p>\n<p>_M\u00f4 T\u1ea3:<br \/>\n+\u00cdt m\u00f9i;<br \/>\n+\u0110\u1ed9 ch\u00ednh x\u00e1c cao, b\u1ec1 m\u1eb7t m\u1ecbn, k\u1ebft c\u1ea5u r\u00f5 r\u00e0ng; c\u1ee9ng c\u00e1p, nh\u1ef1a ti\u00eau chu\u1ea9n S200 kh\u00f4ng d\u1ec5 b\u1ecb bi\u1ebfn d\u1ea1ng b\u1edfi ngo\u1ea1i l\u1ef1c;<br \/>\n+Nh\u1ef1a m\u00e1y in 3d Macaron m\u00e0u, th\u00edch h\u1ee3p cho nh\u1eefng ng\u01b0\u1eddi \u0111am m\u00ea in \u1ea5n;<br \/>\n+Kh\u1ea3 n\u0103ng t\u01b0\u01a1ng th\u00edch m\u1ea1nh m\u1ebd, ph\u00f9 h\u1ee3p v\u1edbi m\u00e0n h\u00ecnh \u0111\u01a1n s\u1eafc v\u00e0 m\u00e0n h\u00ecnh m\u00e0u;<br \/>\n+Hi\u1ec7u qu\u1ea3 v\u1ec1 m\u1eb7t chi ph\u00ed.<\/p>\n<p>+D\u1ec5 d\u00e0ng in<br \/>\n+\u0110\u1ed9 c\u1ee9ng cao<br \/>\n+\u0110\u1ed9 ch\u00ednh x\u00e1c cao<br \/>\n+\u00cdt m\u00f9i<br \/>\n+M\u00e0u Macaron<br \/>\n+Kh\u1ea3 n\u0103ng t\u01b0\u01a1ng th\u00edch r\u1ed9ng<br \/>\n+Ti\u1ebft ki\u1ec7m chi ph\u00ed<\/p>\n<p>_Ghi ch\u00fa: L\u1eafc \u0111\u1ec1u tr\u01b0\u1edbc khi in<\/p>\n<p>_\u1ee8ng d\u1ee5ng: C\u01a1 kh\u00ed, \u00f4 t\u00f4, \u0110i\u1ec7n, Trang s\u1ee9c, Nh\u00e2n v\u00e2\u0323t, \u0110\u1ed3 trang tr\u00ed<\/p>\n<p>_ 3D PRINTING PHOTOPOLYMER RESIN Properties Table<br \/>\n+3D PRINTING PHOTOPOLYMER RESIN: S200 Standard Resin<br \/>\n+Viscosity(mPa\u00b7s) 182-252<br \/>\n+Density(g\/cm3) 1.107-1.109<br \/>\n+Tensile Strength(MPa) 36-64<br \/>\n+Elongation at Break(%) 16-32<br \/>\n+Flexural Strength(MPa) 27-70<br \/>\n+Impact Strength(J\/m) 25-55<br \/>\n+Tearing Strength(GPa) \/<br \/>\n+Heat Distortion Temp(\u2103) \/<br \/>\n+Hardness(Shore D) 83-86<\/p>\n<p>_Grades (out of 10)<br \/>\n+Strength\uff08S\uff09 8<br \/>\n+Toughness\uff08F\uff09 7<br \/>\n+Forming\uff08P\uff09 9<br \/>\n+Accuracy\uff08S\uff09 8<br \/>\n+Speed \uff08A\uff09 9<\/p>\n<p>***Th\u00f4ng s\u1ed1 in:<br \/>\n+Initial Exposure: 30 s<br \/>\n+Exposure Time: 2.8 &#8211; 3.0s<br \/>\n+Bottom Layer Count: 4<br \/>\n+Motor Speed: 3<br \/>\n+Light-off Delay: 6<br \/>\n+Rising Height: 8mm<\/p>\n<p>**To receive a better price, please contact the shop directly.<br \/>\n0913.939.775 contact A.Quan (for English)<br \/>\n094.144.0951 contact A.Quynh<br \/>\n**Selling price does not include VAT (+10% if VAT invoice is issued)<\/p>","protected":false},"excerpt":{"rendered":"<p>Nh\u1ef1a in 3d resin eSun S200 Standard Resin 500-1000ml\/ Chai<\/p>","protected":false},"featured_media":2861,"comment_status":"open","ping_status":"closed","template":"","meta":{"inline_featured_image":false},"product_brand":[],"product_cat":[455,43,464],"product_tag":[],"class_list":{"0":"post-2870","1":"product","2":"type-product","3":"status-publish","4":"has-post-thumbnail","6":"product_cat-nhua-in-3d","7":"product_cat-nhua-in-3d-resin","8":"product_cat-nhua-in-3d-resin-esun","10":"first","11":"instock","12":"taxable","13":"shipping-taxable","14":"purchasable","15":"product-type-variable"},"yoast_head":"<!-- This site is optimized with the Yoast SEO Premium plugin v22.8 (Yoast SEO v26.9) - https:\/\/yoast.com\/product\/yoast-seo-premium-wordpress\/ -->\n<title>Nh\u1ef1a in 3d resin eSun S200 Standard Resin 500-1000ml\/ Chai - NGE 3D Printers Services<\/title>\n<meta name=\"robots\" content=\"index, follow, max-snippet:-1, max-image-preview:large, max-video-preview:-1\" \/>\n<link rel=\"canonical\" href=\"https:\/\/nge.vn\/en\/product\/nhua-in-3d-resin-esun-s200-standard-resin-500-1000ml-chai\/\" \/>\n<meta property=\"og:locale\" content=\"en_US\" \/>\n<meta property=\"og:type\" content=\"article\" \/>\n<meta property=\"og:title\" content=\"Nh\u1ef1a in 3d resin eSun S200 Standard Resin 500-1000ml\/ Chai\" \/>\n<meta property=\"og:description\" content=\"Nh\u1ef1a in 3d resin eSun S200 Standard Resin 500-1000ml\/ Chai\" \/>\n<meta property=\"og:url\" content=\"https:\/\/nge.vn\/en\/product\/nhua-in-3d-resin-esun-s200-standard-resin-500-1000ml-chai\/\" \/>\n<meta property=\"og:site_name\" content=\"NGE 3D Printers Services\" \/>\n<meta property=\"article:modified_time\" content=\"2024-10-29T10:08:20+00:00\" \/>\n<meta property=\"og:image\" content=\"https:\/\/nge.vn\/wp-content\/uploads\/2024\/10\/images-upload-woo2F037b99d6f0b14c763a067865b64d801f.jpg\" \/>\n\t<meta property=\"og:image:width\" content=\"800\" \/>\n\t<meta property=\"og:image:height\" content=\"800\" \/>\n\t<meta property=\"og:image:type\" content=\"image\/jpeg\" \/>\n<meta name=\"twitter:card\" content=\"summary_large_image\" \/>\n<meta name=\"twitter:label1\" content=\"Est. reading time\" \/>\n\t<meta name=\"twitter:data1\" content=\"2 minutes\" \/>\n<script type=\"application\/ld+json\" class=\"yoast-schema-graph\">{\"@context\":\"https:\/\/schema.org\",\"@graph\":[{\"@type\":\"WebPage\",\"@id\":\"https:\/\/nge.vn\/san-pham\/nhua-in-3d-resin-esun-s200-standard-resin-500-1000ml-chai\/\",\"url\":\"https:\/\/nge.vn\/san-pham\/nhua-in-3d-resin-esun-s200-standard-resin-500-1000ml-chai\/\",\"name\":\"Nh\u1ef1a in 3d resin eSun S200 Standard Resin 500-1000ml\/ Chai - NGE 3D Printers Services\",\"isPartOf\":{\"@id\":\"https:\/\/nge.vn\/#website\"},\"primaryImageOfPage\":{\"@id\":\"https:\/\/nge.vn\/san-pham\/nhua-in-3d-resin-esun-s200-standard-resin-500-1000ml-chai\/#primaryimage\"},\"image\":{\"@id\":\"https:\/\/nge.vn\/san-pham\/nhua-in-3d-resin-esun-s200-standard-resin-500-1000ml-chai\/#primaryimage\"},\"thumbnailUrl\":\"https:\/\/nge.vn\/wp-content\/uploads\/2024\/10\/images-upload-woo2F037b99d6f0b14c763a067865b64d801f.jpg\",\"datePublished\":\"2024-10-26T07:27:45+00:00\",\"dateModified\":\"2024-10-29T10:08:20+00:00\",\"breadcrumb\":{\"@id\":\"https:\/\/nge.vn\/san-pham\/nhua-in-3d-resin-esun-s200-standard-resin-500-1000ml-chai\/#breadcrumb\"},\"inLanguage\":\"en-US\",\"potentialAction\":[{\"@type\":\"ReadAction\",\"target\":[\"https:\/\/nge.vn\/san-pham\/nhua-in-3d-resin-esun-s200-standard-resin-500-1000ml-chai\/\"]}]},{\"@type\":\"ImageObject\",\"inLanguage\":\"en-US\",\"@id\":\"https:\/\/nge.vn\/san-pham\/nhua-in-3d-resin-esun-s200-standard-resin-500-1000ml-chai\/#primaryimage\",\"url\":\"https:\/\/nge.vn\/wp-content\/uploads\/2024\/10\/images-upload-woo2F037b99d6f0b14c763a067865b64d801f.jpg\",\"contentUrl\":\"https:\/\/nge.vn\/wp-content\/uploads\/2024\/10\/images-upload-woo2F037b99d6f0b14c763a067865b64d801f.jpg\",\"width\":800,\"height\":800},{\"@type\":\"BreadcrumbList\",\"@id\":\"https:\/\/nge.vn\/san-pham\/nhua-in-3d-resin-esun-s200-standard-resin-500-1000ml-chai\/#breadcrumb\",\"itemListElement\":[{\"@type\":\"ListItem\",\"position\":1,\"name\":\"Trang ch\u1ee7\",\"item\":\"https:\/\/nge.vn\/\"},{\"@type\":\"ListItem\",\"position\":2,\"name\":\"S\u1ea3n ph\u1ea9m\",\"item\":\"https:\/\/nge.vn\/san-pham\/\"},{\"@type\":\"ListItem\",\"position\":3,\"name\":\"Nh\u1ef1a in 3d resin eSun S200 Standard Resin 500-1000ml\/ Chai\"}]},{\"@type\":\"WebSite\",\"@id\":\"https:\/\/nge.vn\/#website\",\"url\":\"https:\/\/nge.vn\/\",\"name\":\"NGE 3D Printers Services\",\"description\":\"\",\"potentialAction\":[{\"@type\":\"SearchAction\",\"target\":{\"@type\":\"EntryPoint\",\"urlTemplate\":\"https:\/\/nge.vn\/?s={search_term_string}\"},\"query-input\":{\"@type\":\"PropertyValueSpecification\",\"valueRequired\":true,\"valueName\":\"search_term_string\"}}],\"inLanguage\":\"en-US\"}]}<\/script>\n<!-- \/ Yoast SEO Premium plugin. -->","yoast_head_json":{"title":"Nh\u1ef1a in 3d resin eSun S200 Standard Resin 500-1000ml\/ Chai - NGE 3D Printers Services","robots":{"index":"index","follow":"follow","max-snippet":"max-snippet:-1","max-image-preview":"max-image-preview:large","max-video-preview":"max-video-preview:-1"},"canonical":"https:\/\/nge.vn\/en\/product\/nhua-in-3d-resin-esun-s200-standard-resin-500-1000ml-chai\/","og_locale":"en_US","og_type":"article","og_title":"Nh\u1ef1a in 3d resin eSun S200 Standard Resin 500-1000ml\/ Chai","og_description":"Nh\u1ef1a in 3d resin eSun S200 Standard Resin 500-1000ml\/ Chai","og_url":"https:\/\/nge.vn\/en\/product\/nhua-in-3d-resin-esun-s200-standard-resin-500-1000ml-chai\/","og_site_name":"NGE 3D Printers Services","article_modified_time":"2024-10-29T10:08:20+00:00","og_image":[{"width":800,"height":800,"url":"https:\/\/nge.vn\/wp-content\/uploads\/2024\/10\/images-upload-woo2F037b99d6f0b14c763a067865b64d801f.jpg","type":"image\/jpeg"}],"twitter_card":"summary_large_image","twitter_misc":{"Est. reading time":"2 minutes"},"schema":{"@context":"https:\/\/schema.org","@graph":[{"@type":"WebPage","@id":"https:\/\/nge.vn\/san-pham\/nhua-in-3d-resin-esun-s200-standard-resin-500-1000ml-chai\/","url":"https:\/\/nge.vn\/san-pham\/nhua-in-3d-resin-esun-s200-standard-resin-500-1000ml-chai\/","name":"Nh\u1ef1a in 3d resin eSun S200 Standard Resin 500-1000ml\/ Chai - NGE 3D Printers Services","isPartOf":{"@id":"https:\/\/nge.vn\/#website"},"primaryImageOfPage":{"@id":"https:\/\/nge.vn\/san-pham\/nhua-in-3d-resin-esun-s200-standard-resin-500-1000ml-chai\/#primaryimage"},"image":{"@id":"https:\/\/nge.vn\/san-pham\/nhua-in-3d-resin-esun-s200-standard-resin-500-1000ml-chai\/#primaryimage"},"thumbnailUrl":"https:\/\/nge.vn\/wp-content\/uploads\/2024\/10\/images-upload-woo2F037b99d6f0b14c763a067865b64d801f.jpg","datePublished":"2024-10-26T07:27:45+00:00","dateModified":"2024-10-29T10:08:20+00:00","breadcrumb":{"@id":"https:\/\/nge.vn\/san-pham\/nhua-in-3d-resin-esun-s200-standard-resin-500-1000ml-chai\/#breadcrumb"},"inLanguage":"en-US","potentialAction":[{"@type":"ReadAction","target":["https:\/\/nge.vn\/san-pham\/nhua-in-3d-resin-esun-s200-standard-resin-500-1000ml-chai\/"]}]},{"@type":"ImageObject","inLanguage":"en-US","@id":"https:\/\/nge.vn\/san-pham\/nhua-in-3d-resin-esun-s200-standard-resin-500-1000ml-chai\/#primaryimage","url":"https:\/\/nge.vn\/wp-content\/uploads\/2024\/10\/images-upload-woo2F037b99d6f0b14c763a067865b64d801f.jpg","contentUrl":"https:\/\/nge.vn\/wp-content\/uploads\/2024\/10\/images-upload-woo2F037b99d6f0b14c763a067865b64d801f.jpg","width":800,"height":800},{"@type":"BreadcrumbList","@id":"https:\/\/nge.vn\/san-pham\/nhua-in-3d-resin-esun-s200-standard-resin-500-1000ml-chai\/#breadcrumb","itemListElement":[{"@type":"ListItem","position":1,"name":"Trang ch\u1ee7","item":"https:\/\/nge.vn\/"},{"@type":"ListItem","position":2,"name":"S\u1ea3n ph\u1ea9m","item":"https:\/\/nge.vn\/san-pham\/"},{"@type":"ListItem","position":3,"name":"Nh\u1ef1a in 3d resin eSun S200 Standard Resin 500-1000ml\/ Chai"}]},{"@type":"WebSite","@id":"https:\/\/nge.vn\/#website","url":"https:\/\/nge.vn\/","name":"NGE 3D Printers Services","description":"","potentialAction":[{"@type":"SearchAction","target":{"@type":"EntryPoint","urlTemplate":"https:\/\/nge.vn\/?s={search_term_string}"},"query-input":{"@type":"PropertyValueSpecification","valueRequired":true,"valueName":"search_term_string"}}],"inLanguage":"en-US"}]}},"_links":{"self":[{"href":"https:\/\/nge.vn\/en\/wp-json\/wp\/v2\/product\/2870","targetHints":{"allow":["GET"]}}],"collection":[{"href":"https:\/\/nge.vn\/en\/wp-json\/wp\/v2\/product"}],"about":[{"href":"https:\/\/nge.vn\/en\/wp-json\/wp\/v2\/types\/product"}],"replies":[{"embeddable":true,"href":"https:\/\/nge.vn\/en\/wp-json\/wp\/v2\/comments?post=2870"}],"wp:featuredmedia":[{"embeddable":true,"href":"https:\/\/nge.vn\/en\/wp-json\/wp\/v2\/media\/2861"}],"wp:attachment":[{"href":"https:\/\/nge.vn\/en\/wp-json\/wp\/v2\/media?parent=2870"}],"wp:term":[{"taxonomy":"product_brand","embeddable":true,"href":"https:\/\/nge.vn\/en\/wp-json\/wp\/v2\/product_brand?post=2870"},{"taxonomy":"product_cat","embeddable":true,"href":"https:\/\/nge.vn\/en\/wp-json\/wp\/v2\/product_cat?post=2870"},{"taxonomy":"product_tag","embeddable":true,"href":"https:\/\/nge.vn\/en\/wp-json\/wp\/v2\/product_tag?post=2870"}],"curies":[{"name":"wp","href":"https:\/\/api.w.org\/{rel}","templated":true}]}}