{"id":2852,"date":"2024-10-26T14:25:01","date_gmt":"2024-10-26T07:25:01","guid":{"rendered":"https:\/\/nge.123websitedev.com\/san-pham\/nhua-in-3d-esun-pla-chat-luong-cao-khong-tap-chat-3kg-5kg-cuon\/"},"modified":"2024-10-29T17:08:11","modified_gmt":"2024-10-29T10:08:11","slug":"nhua-in-3d-esun-pla-chat-luong-cao-khong-tap-chat-3kg-5kg-cuon","status":"publish","type":"product","link":"https:\/\/nge.vn\/en\/product\/nhua-in-3d-esun-pla-chat-luong-cao-khong-tap-chat-3kg-5kg-cuon\/","title":{"rendered":"Nh\u1ef1a in 3d eSun PLA+ ch\u1ea5t l\u01b0\u1ee3ng cao kh\u00f4ng t\u1ea1p ch\u1ea5t 3kg &#8211; 5kg\/ Cu\u1ed9n"},"content":{"rendered":"<p>Nh\u1ef1a in 3d eSun PLA+ ch\u1ea5t l\u01b0\u1ee3ng cao kh\u00f4ng t\u1ea1p ch\u1ea5t 3kg &#8211; 5kg\/ Cu\u1ed9n<\/p>\n<p>_PLA + l\u00e0 v\u1eadt li\u1ec7u th\u00e2n thi\u1ec7n v\u1edbi m\u00f4i tr\u01b0\u1eddng, d\u1ec5 in v\u00e0 c\u00f3 b\u1ec1 m\u1eb7t m\u1ecbn, \u0111\u1ed9 b\u1ec1n t\u1ed1t, \u0111\u1ed9 c\u1ee9ng, \u0111\u1ed9 b\u1ec1n c\u00e2n b\u1eb1ng, kh\u1ea3 n\u0103ng ch\u1ed1ng va \u0111\u1eadp m\u1ea1nh, r\u1ea5t th\u00edch h\u1ee3p \u0111\u1ec3 in c\u00e1c b\u1ed9 ph\u1eadn ch\u1ee9c n\u0103ng; \u0110\u01b0\u1ee3c FDA ch\u1ea5p thu\u1eadn, an to\u00e0n h\u01a1n khi s\u1eed d\u1ee5ng; C\u00f3 th\u1ec3 \u0111\u01b0\u1ee3c s\u1eed d\u1ee5ng cho c\u00e1c kh\u00e1i ni\u1ec7m m\u00f4 h\u00ecnh, t\u1ea1o m\u1eabu nhanh.<\/p>\n<p>_M\u00f4 t\u1ea3 s\u1ea3n ph\u1ea9m:<br \/>\n+H\u00e3ng s\u1ea3n xu\u1ea5t: ESUN<br \/>\n+\u0110\u00f3ng g\u00f3i: 3kg-5kg\/Cu\u1ed9n<br \/>\n+\u0110\u01b0\u1eddng k\u00ednh d\u00e2y: 1.75mm<br \/>\n+Ch\u1ea5t li\u1ec7u: PLA+<\/p>\n<p>_\u0110\u1eb7c \u0111i\u1ec3m:<br \/>\n+Chi\u1ebft xu\u1ea5t v\u00e0 tinh ch\u1ebf t\u1eeb h\u1ea1t ng\u00f4;<br \/>\n+\u0110\u1ed9 c\u1ee9ng cao, \u0111\u1ed9 b\u00f3ng t\u1ed1t v\u00e0 trong su\u1ed1t;<br \/>\n+Th\u00edch h\u1ee3p \u0111\u1ec3 in c\u00e1c m\u00f4 h\u00ecnh l\u1edbn;<br \/>\n+\u0110\u1ed9 b\u1ec1n g\u1ea5p 10 l\u1ea7n so v\u1edbi PLA tr\u00ean th\u1ecb tr\u01b0\u1eddng.<br \/>\n+Kh\u00f4ng c\u00f3 v\u1ea5n \u0111\u1ec1 v\u1ec1 d\u00e2y, b\u1ec1 m\u1eb7t c\u1ee7a b\u1ea3n in s\u1ebd m\u1ecbn h\u01a1n v\u00e0 tinh t\u1ebf h\u01a1n;<br \/>\n+Kh\u00f4ng c\u00f3 v\u1ea5n \u0111\u1ec1 n\u1ee9t v\u00e0 r\u1ed1i d\u00e2y.<\/p>\n<p>_\u1ee8ng d\u1ee5ng: Nh\u1ef1a PLA+ ho\u00e0n to\u00e0n c\u00f3 th\u1ec3 thay th\u1ebf Nh\u1ef1a PLA trong \u1ee9ng d\u1ee5ng. Th\u00edch h\u1ee3p cho h\u1ea7u h\u1ebft c\u00e1c M\u00e1y in 3D FDM!<\/p>\n<p>**Filament Properties<br \/>\n+3D PRINTING FILAMENT PLA+<br \/>\n+Density(g\/cm3) 1.23<br \/>\n+Heat Distortion Temp(\u2103,0.45MPa) 53<br \/>\n+Melt Flow Index(g\/10min) 5\uff08190\u2103\/2.16kg\uff09<br \/>\n+Tensile Strength(MPa) 63<br \/>\n+Elongation at Break(%) 20<br \/>\n+Flexural Strength(MPa) 74<br \/>\n+Flexural Modulus(MPa) 1973<br \/>\n+IZOD Impact Strength(kJ\/\u33a1) 9<br \/>\n2\/10<br \/>\n+Durability 4\/10<br \/>\n+Printability 9\/10<\/p>\n<p>***Recommended printing parameters<br \/>\n+Extruder Temperature(\u2103) 210 \u2013 230\u2103<br \/>\n+Recommended temperature\uff1a215\u2103<br \/>\n+Bed temperature(\u2103) 45 \u2013 60\u00b0C<br \/>\n+Fan Speed 100%<br \/>\n+Printing Speed 40 \u2013 100mm\/s<br \/>\n+Heated Bed Optional<br \/>\n+Recommended Build Surfaces Masking paper, PVP solid glue, PEI<\/p>\n<p>**To receive a better price, please contact the shop directly.<br \/>\n0913.939.775 contact A.Quan (for English)<br \/>\n094.144.0951 contact A.Quynh<br \/>\n**Selling price does not include VAT (+10% if VAT invoice is issued)<\/p>","protected":false},"excerpt":{"rendered":"<p>Nh\u1ef1a in 3d eSun PLA+ ch\u1ea5t l\u01b0\u1ee3ng cao kh\u00f4ng t\u1ea1p ch\u1ea5t 3kg &#8211; 5kg\/ Cu\u1ed9n<\/p>","protected":false},"featured_media":2843,"comment_status":"open","ping_status":"closed","template":"","meta":{"inline_featured_image":false},"product_brand":[],"product_cat":[455,464],"product_tag":[],"class_list":{"0":"post-2852","1":"product","2":"type-product","3":"status-publish","4":"has-post-thumbnail","6":"product_cat-nhua-in-3d","7":"product_cat-nhua-in-3d-resin-esun","9":"first","10":"instock","11":"taxable","12":"shipping-taxable","13":"purchasable","14":"product-type-variable"},"yoast_head":"<!-- This site is optimized with the Yoast SEO Premium plugin v22.8 (Yoast SEO v26.9) - https:\/\/yoast.com\/product\/yoast-seo-premium-wordpress\/ -->\n<title>Nh\u1ef1a in 3d eSun PLA+ ch\u1ea5t l\u01b0\u1ee3ng cao kh\u00f4ng t\u1ea1p ch\u1ea5t 3kg - 5kg\/ Cu\u1ed9n - NGE 3D Printers Services<\/title>\n<meta name=\"robots\" content=\"index, follow, max-snippet:-1, max-image-preview:large, max-video-preview:-1\" \/>\n<link rel=\"canonical\" href=\"https:\/\/nge.vn\/en\/product\/nhua-in-3d-esun-pla-chat-luong-cao-khong-tap-chat-3kg-5kg-cuon\/\" \/>\n<meta property=\"og:locale\" content=\"en_US\" \/>\n<meta property=\"og:type\" content=\"article\" \/>\n<meta property=\"og:title\" content=\"Nh\u1ef1a in 3d eSun PLA+ ch\u1ea5t l\u01b0\u1ee3ng cao kh\u00f4ng t\u1ea1p ch\u1ea5t 3kg - 5kg\/ Cu\u1ed9n\" \/>\n<meta property=\"og:description\" content=\"Nh\u1ef1a in 3d eSun PLA+ ch\u1ea5t l\u01b0\u1ee3ng cao kh\u00f4ng t\u1ea1p ch\u1ea5t 3kg - 5kg\/ Cu\u1ed9n\" \/>\n<meta property=\"og:url\" content=\"https:\/\/nge.vn\/en\/product\/nhua-in-3d-esun-pla-chat-luong-cao-khong-tap-chat-3kg-5kg-cuon\/\" \/>\n<meta property=\"og:site_name\" content=\"NGE 3D Printers Services\" \/>\n<meta property=\"article:modified_time\" content=\"2024-10-29T10:08:11+00:00\" \/>\n<meta property=\"og:image\" content=\"https:\/\/nge.vn\/wp-content\/uploads\/2024\/10\/images-upload-woo2F63db0cb3ebb9a8f0c6ddc254b47e0ffd.jpg\" \/>\n\t<meta property=\"og:image:width\" content=\"959\" \/>\n\t<meta property=\"og:image:height\" content=\"959\" \/>\n\t<meta property=\"og:image:type\" content=\"image\/jpeg\" \/>\n<meta name=\"twitter:card\" content=\"summary_large_image\" \/>\n<meta name=\"twitter:label1\" content=\"Est. reading time\" \/>\n\t<meta name=\"twitter:data1\" content=\"2 minutes\" \/>\n<script type=\"application\/ld+json\" class=\"yoast-schema-graph\">{\"@context\":\"https:\/\/schema.org\",\"@graph\":[{\"@type\":\"WebPage\",\"@id\":\"https:\/\/nge.vn\/san-pham\/nhua-in-3d-esun-pla-chat-luong-cao-khong-tap-chat-3kg-5kg-cuon\/\",\"url\":\"https:\/\/nge.vn\/san-pham\/nhua-in-3d-esun-pla-chat-luong-cao-khong-tap-chat-3kg-5kg-cuon\/\",\"name\":\"Nh\u1ef1a in 3d eSun PLA+ ch\u1ea5t l\u01b0\u1ee3ng cao kh\u00f4ng t\u1ea1p ch\u1ea5t 3kg - 5kg\/ Cu\u1ed9n - NGE 3D Printers Services\",\"isPartOf\":{\"@id\":\"https:\/\/nge.vn\/#website\"},\"primaryImageOfPage\":{\"@id\":\"https:\/\/nge.vn\/san-pham\/nhua-in-3d-esun-pla-chat-luong-cao-khong-tap-chat-3kg-5kg-cuon\/#primaryimage\"},\"image\":{\"@id\":\"https:\/\/nge.vn\/san-pham\/nhua-in-3d-esun-pla-chat-luong-cao-khong-tap-chat-3kg-5kg-cuon\/#primaryimage\"},\"thumbnailUrl\":\"https:\/\/nge.vn\/wp-content\/uploads\/2024\/10\/images-upload-woo2F63db0cb3ebb9a8f0c6ddc254b47e0ffd.jpg\",\"datePublished\":\"2024-10-26T07:25:01+00:00\",\"dateModified\":\"2024-10-29T10:08:11+00:00\",\"breadcrumb\":{\"@id\":\"https:\/\/nge.vn\/san-pham\/nhua-in-3d-esun-pla-chat-luong-cao-khong-tap-chat-3kg-5kg-cuon\/#breadcrumb\"},\"inLanguage\":\"en-US\",\"potentialAction\":[{\"@type\":\"ReadAction\",\"target\":[\"https:\/\/nge.vn\/san-pham\/nhua-in-3d-esun-pla-chat-luong-cao-khong-tap-chat-3kg-5kg-cuon\/\"]}]},{\"@type\":\"ImageObject\",\"inLanguage\":\"en-US\",\"@id\":\"https:\/\/nge.vn\/san-pham\/nhua-in-3d-esun-pla-chat-luong-cao-khong-tap-chat-3kg-5kg-cuon\/#primaryimage\",\"url\":\"https:\/\/nge.vn\/wp-content\/uploads\/2024\/10\/images-upload-woo2F63db0cb3ebb9a8f0c6ddc254b47e0ffd.jpg\",\"contentUrl\":\"https:\/\/nge.vn\/wp-content\/uploads\/2024\/10\/images-upload-woo2F63db0cb3ebb9a8f0c6ddc254b47e0ffd.jpg\",\"width\":959,\"height\":959},{\"@type\":\"BreadcrumbList\",\"@id\":\"https:\/\/nge.vn\/san-pham\/nhua-in-3d-esun-pla-chat-luong-cao-khong-tap-chat-3kg-5kg-cuon\/#breadcrumb\",\"itemListElement\":[{\"@type\":\"ListItem\",\"position\":1,\"name\":\"Trang ch\u1ee7\",\"item\":\"https:\/\/nge.vn\/\"},{\"@type\":\"ListItem\",\"position\":2,\"name\":\"S\u1ea3n ph\u1ea9m\",\"item\":\"https:\/\/nge.vn\/san-pham\/\"},{\"@type\":\"ListItem\",\"position\":3,\"name\":\"Nh\u1ef1a in 3d eSun PLA+ ch\u1ea5t l\u01b0\u1ee3ng cao kh\u00f4ng t\u1ea1p ch\u1ea5t 3kg &#8211; 5kg\/ Cu\u1ed9n\"}]},{\"@type\":\"WebSite\",\"@id\":\"https:\/\/nge.vn\/#website\",\"url\":\"https:\/\/nge.vn\/\",\"name\":\"NGE 3D Printers Services\",\"description\":\"\",\"potentialAction\":[{\"@type\":\"SearchAction\",\"target\":{\"@type\":\"EntryPoint\",\"urlTemplate\":\"https:\/\/nge.vn\/?s={search_term_string}\"},\"query-input\":{\"@type\":\"PropertyValueSpecification\",\"valueRequired\":true,\"valueName\":\"search_term_string\"}}],\"inLanguage\":\"en-US\"}]}<\/script>\n<!-- \/ Yoast SEO Premium plugin. -->","yoast_head_json":{"title":"Nh\u1ef1a in 3d eSun PLA+ ch\u1ea5t l\u01b0\u1ee3ng cao kh\u00f4ng t\u1ea1p ch\u1ea5t 3kg - 5kg\/ Cu\u1ed9n - NGE 3D Printers Services","robots":{"index":"index","follow":"follow","max-snippet":"max-snippet:-1","max-image-preview":"max-image-preview:large","max-video-preview":"max-video-preview:-1"},"canonical":"https:\/\/nge.vn\/en\/product\/nhua-in-3d-esun-pla-chat-luong-cao-khong-tap-chat-3kg-5kg-cuon\/","og_locale":"en_US","og_type":"article","og_title":"Nh\u1ef1a in 3d eSun PLA+ ch\u1ea5t l\u01b0\u1ee3ng cao kh\u00f4ng t\u1ea1p ch\u1ea5t 3kg - 5kg\/ Cu\u1ed9n","og_description":"Nh\u1ef1a in 3d eSun PLA+ ch\u1ea5t l\u01b0\u1ee3ng cao kh\u00f4ng t\u1ea1p ch\u1ea5t 3kg - 5kg\/ Cu\u1ed9n","og_url":"https:\/\/nge.vn\/en\/product\/nhua-in-3d-esun-pla-chat-luong-cao-khong-tap-chat-3kg-5kg-cuon\/","og_site_name":"NGE 3D Printers Services","article_modified_time":"2024-10-29T10:08:11+00:00","og_image":[{"width":959,"height":959,"url":"https:\/\/nge.vn\/wp-content\/uploads\/2024\/10\/images-upload-woo2F63db0cb3ebb9a8f0c6ddc254b47e0ffd.jpg","type":"image\/jpeg"}],"twitter_card":"summary_large_image","twitter_misc":{"Est. reading time":"2 minutes"},"schema":{"@context":"https:\/\/schema.org","@graph":[{"@type":"WebPage","@id":"https:\/\/nge.vn\/san-pham\/nhua-in-3d-esun-pla-chat-luong-cao-khong-tap-chat-3kg-5kg-cuon\/","url":"https:\/\/nge.vn\/san-pham\/nhua-in-3d-esun-pla-chat-luong-cao-khong-tap-chat-3kg-5kg-cuon\/","name":"Nh\u1ef1a in 3d eSun PLA+ ch\u1ea5t l\u01b0\u1ee3ng cao kh\u00f4ng t\u1ea1p ch\u1ea5t 3kg - 5kg\/ Cu\u1ed9n - NGE 3D Printers Services","isPartOf":{"@id":"https:\/\/nge.vn\/#website"},"primaryImageOfPage":{"@id":"https:\/\/nge.vn\/san-pham\/nhua-in-3d-esun-pla-chat-luong-cao-khong-tap-chat-3kg-5kg-cuon\/#primaryimage"},"image":{"@id":"https:\/\/nge.vn\/san-pham\/nhua-in-3d-esun-pla-chat-luong-cao-khong-tap-chat-3kg-5kg-cuon\/#primaryimage"},"thumbnailUrl":"https:\/\/nge.vn\/wp-content\/uploads\/2024\/10\/images-upload-woo2F63db0cb3ebb9a8f0c6ddc254b47e0ffd.jpg","datePublished":"2024-10-26T07:25:01+00:00","dateModified":"2024-10-29T10:08:11+00:00","breadcrumb":{"@id":"https:\/\/nge.vn\/san-pham\/nhua-in-3d-esun-pla-chat-luong-cao-khong-tap-chat-3kg-5kg-cuon\/#breadcrumb"},"inLanguage":"en-US","potentialAction":[{"@type":"ReadAction","target":["https:\/\/nge.vn\/san-pham\/nhua-in-3d-esun-pla-chat-luong-cao-khong-tap-chat-3kg-5kg-cuon\/"]}]},{"@type":"ImageObject","inLanguage":"en-US","@id":"https:\/\/nge.vn\/san-pham\/nhua-in-3d-esun-pla-chat-luong-cao-khong-tap-chat-3kg-5kg-cuon\/#primaryimage","url":"https:\/\/nge.vn\/wp-content\/uploads\/2024\/10\/images-upload-woo2F63db0cb3ebb9a8f0c6ddc254b47e0ffd.jpg","contentUrl":"https:\/\/nge.vn\/wp-content\/uploads\/2024\/10\/images-upload-woo2F63db0cb3ebb9a8f0c6ddc254b47e0ffd.jpg","width":959,"height":959},{"@type":"BreadcrumbList","@id":"https:\/\/nge.vn\/san-pham\/nhua-in-3d-esun-pla-chat-luong-cao-khong-tap-chat-3kg-5kg-cuon\/#breadcrumb","itemListElement":[{"@type":"ListItem","position":1,"name":"Trang ch\u1ee7","item":"https:\/\/nge.vn\/"},{"@type":"ListItem","position":2,"name":"S\u1ea3n ph\u1ea9m","item":"https:\/\/nge.vn\/san-pham\/"},{"@type":"ListItem","position":3,"name":"Nh\u1ef1a in 3d eSun PLA+ ch\u1ea5t l\u01b0\u1ee3ng cao kh\u00f4ng t\u1ea1p ch\u1ea5t 3kg &#8211; 5kg\/ Cu\u1ed9n"}]},{"@type":"WebSite","@id":"https:\/\/nge.vn\/#website","url":"https:\/\/nge.vn\/","name":"NGE 3D Printers Services","description":"","potentialAction":[{"@type":"SearchAction","target":{"@type":"EntryPoint","urlTemplate":"https:\/\/nge.vn\/?s={search_term_string}"},"query-input":{"@type":"PropertyValueSpecification","valueRequired":true,"valueName":"search_term_string"}}],"inLanguage":"en-US"}]}},"_links":{"self":[{"href":"https:\/\/nge.vn\/en\/wp-json\/wp\/v2\/product\/2852","targetHints":{"allow":["GET"]}}],"collection":[{"href":"https:\/\/nge.vn\/en\/wp-json\/wp\/v2\/product"}],"about":[{"href":"https:\/\/nge.vn\/en\/wp-json\/wp\/v2\/types\/product"}],"replies":[{"embeddable":true,"href":"https:\/\/nge.vn\/en\/wp-json\/wp\/v2\/comments?post=2852"}],"wp:featuredmedia":[{"embeddable":true,"href":"https:\/\/nge.vn\/en\/wp-json\/wp\/v2\/media\/2843"}],"wp:attachment":[{"href":"https:\/\/nge.vn\/en\/wp-json\/wp\/v2\/media?parent=2852"}],"wp:term":[{"taxonomy":"product_brand","embeddable":true,"href":"https:\/\/nge.vn\/en\/wp-json\/wp\/v2\/product_brand?post=2852"},{"taxonomy":"product_cat","embeddable":true,"href":"https:\/\/nge.vn\/en\/wp-json\/wp\/v2\/product_cat?post=2852"},{"taxonomy":"product_tag","embeddable":true,"href":"https:\/\/nge.vn\/en\/wp-json\/wp\/v2\/product_tag?post=2852"}],"curies":[{"name":"wp","href":"https:\/\/api.w.org\/{rel}","templated":true}]}}