{"id":2828,"date":"2024-10-26T14:21:39","date_gmt":"2024-10-26T07:21:39","guid":{"rendered":"https:\/\/nge.123websitedev.com\/san-pham\/nhua-duc-nha-khoa-esun-dc100-dental-cast-resin-500-1000ml\/"},"modified":"2024-10-29T17:00:52","modified_gmt":"2024-10-29T10:00:52","slug":"nhua-duc-nha-khoa-esun-dc100-dental-cast-resin-500-1000ml","status":"publish","type":"product","link":"https:\/\/nge.vn\/en\/product\/nhua-duc-nha-khoa-esun-dc100-dental-cast-resin-500-1000ml\/","title":{"rendered":"Nh\u1ef1a \u0111\u00fac nha khoa eSun DC100 Dental Cast Resin 500-1000ml"},"content":{"rendered":"<p>Nh\u1ef1a \u0111\u00fac nha khoa eSun DC100 Dental Cast Resin 500-1000ml<br \/>\n_Nh\u1ef1a nha khoa d\u00f9ng \u0111\u1ec3 in 3D s\u00e1p m\u00e3o r\u0103ng (crown wax-ups), s\u00e1p c\u1ea7u r\u0103ng v\u00e0 s\u00e1p \u0111\u1eb7t stent (bridge wax-ups and stent wax-ups). \u0110\u1ec3 \u0111\u00fac s\u1ea3n xu\u1ea5t ph\u00f4i trong c\u00f4ng ngh\u1ec7 \u0111\u00fac ch\u00ednh x\u00e1c. Kh\u00f4ng c\u00f3 c\u1eb7n sau khi \u0111\u1ed1t trong qu\u00e1 tr\u00ecnh \u0111\u00fac h\u00e0ng lo\u1ea1t;<br \/>\n_M\u00f4 h\u00ecnh c\u00f3 b\u1ec1 m\u1eb7t m\u1ecbn, \u0111\u1ed9 gi\u1ea3m chi ti\u1ebft cao v\u00e0 \u0111\u00fac c\u00f3 \u0111\u1ed9 ch\u00ednh x\u00e1c cao.<\/p>\n<p>_Nh\u1ef1a \u0111\u00fac \u0111\u00e1p \u1ee9ng nhu c\u1ea7u c\u1ee7a quy tr\u00ecnh \u0111\u00fac kim lo\u1ea1i cho stent di \u0111\u1ed9ng, l\u00f5i ch\u1ed1t v\u00e0 m\u00e3o r\u0103ng b\u00ean trong, c\u0169ng nh\u01b0 c\u00e1c nhu c\u1ea7u v\u1ec1 m\u00e3o to\u00e0n s\u1ee9, veneer, inlay v\u00e0 c\u00e1c nhu c\u1ea7u v\u1ec1 quy tr\u00ecnh \u0111\u00fac kh\u00e1c. (The casting resin meet the needs of metal casting processes for movable stents, post cores, and inner crowns, as well as all-ceramic crowns , veneer, inlay and other casting process needs.)<\/p>\n<p>+Kh\u00f4ng c\u00f3 d\u01b0 l\u01b0\u1ee3ng \u0111\u1ed1t (Kh\u00f4ng c\u00f3 c\u1eb7n sau khi \u0111\u1ed1t)<br \/>\n+\u0110\u00fac c\u00f3 \u0111\u1ed9 ch\u00ednh x\u00e1c cao<br \/>\n+\u0110\u00fac t\u1ed1t<\/p>\n<p>**To receive a better price, please contact the shop directly.<br \/>\n0913.939.775 contact A.Quan (for English)<br \/>\n094.144.0951 contact A.Quynh<br \/>\n**Selling price does not include VAT (+10% if VAT invoice is issued)<\/p>","protected":false},"excerpt":{"rendered":"<p>Nh\u1ef1a \u0111\u00fac nha khoa eSun DC100 Dental Cast Resin 500-1000ml<\/p>","protected":false},"featured_media":2819,"comment_status":"open","ping_status":"closed","template":"","meta":{"inline_featured_image":false},"product_brand":[],"product_cat":[455,464],"product_tag":[],"class_list":{"0":"post-2828","1":"product","2":"type-product","3":"status-publish","4":"has-post-thumbnail","6":"product_cat-nhua-in-3d","7":"product_cat-nhua-in-3d-resin-esun","9":"first","10":"instock","11":"taxable","12":"shipping-taxable","13":"purchasable","14":"product-type-variable"},"yoast_head":"<!-- This site is optimized with the Yoast SEO Premium plugin v22.8 (Yoast SEO v26.9) - https:\/\/yoast.com\/product\/yoast-seo-premium-wordpress\/ -->\n<title>Nh\u1ef1a \u0111\u00fac nha khoa eSun DC100 Dental Cast Resin 500-1000ml - NGE 3D Printers Services<\/title>\n<meta name=\"robots\" content=\"index, follow, max-snippet:-1, max-image-preview:large, max-video-preview:-1\" \/>\n<link rel=\"canonical\" href=\"https:\/\/nge.vn\/en\/product\/nhua-duc-nha-khoa-esun-dc100-dental-cast-resin-500-1000ml\/\" \/>\n<meta property=\"og:locale\" content=\"en_US\" \/>\n<meta property=\"og:type\" content=\"article\" \/>\n<meta property=\"og:title\" content=\"Nh\u1ef1a \u0111\u00fac nha khoa eSun DC100 Dental Cast Resin 500-1000ml\" \/>\n<meta property=\"og:description\" content=\"Nh\u1ef1a \u0111\u00fac nha khoa eSun DC100 Dental Cast Resin 500-1000ml\" \/>\n<meta property=\"og:url\" content=\"https:\/\/nge.vn\/en\/product\/nhua-duc-nha-khoa-esun-dc100-dental-cast-resin-500-1000ml\/\" \/>\n<meta property=\"og:site_name\" content=\"NGE 3D Printers Services\" \/>\n<meta property=\"article:modified_time\" content=\"2024-10-29T10:00:52+00:00\" \/>\n<meta property=\"og:image\" content=\"https:\/\/nge.vn\/wp-content\/uploads\/2024\/10\/images-upload-woo2F902786437cf0741b8e70a8ff876f8536.jpg\" \/>\n\t<meta property=\"og:image:width\" content=\"713\" \/>\n\t<meta property=\"og:image:height\" content=\"713\" \/>\n\t<meta property=\"og:image:type\" content=\"image\/jpeg\" \/>\n<meta name=\"twitter:card\" content=\"summary_large_image\" \/>\n<meta name=\"twitter:label1\" content=\"Est. reading time\" \/>\n\t<meta name=\"twitter:data1\" content=\"1 minute\" \/>\n<script type=\"application\/ld+json\" class=\"yoast-schema-graph\">{\"@context\":\"https:\/\/schema.org\",\"@graph\":[{\"@type\":\"WebPage\",\"@id\":\"https:\/\/nge.vn\/san-pham\/nhua-duc-nha-khoa-esun-dc100-dental-cast-resin-500-1000ml\/\",\"url\":\"https:\/\/nge.vn\/san-pham\/nhua-duc-nha-khoa-esun-dc100-dental-cast-resin-500-1000ml\/\",\"name\":\"Nh\u1ef1a \u0111\u00fac nha khoa eSun DC100 Dental Cast Resin 500-1000ml - NGE 3D Printers Services\",\"isPartOf\":{\"@id\":\"https:\/\/nge.vn\/#website\"},\"primaryImageOfPage\":{\"@id\":\"https:\/\/nge.vn\/san-pham\/nhua-duc-nha-khoa-esun-dc100-dental-cast-resin-500-1000ml\/#primaryimage\"},\"image\":{\"@id\":\"https:\/\/nge.vn\/san-pham\/nhua-duc-nha-khoa-esun-dc100-dental-cast-resin-500-1000ml\/#primaryimage\"},\"thumbnailUrl\":\"https:\/\/nge.vn\/wp-content\/uploads\/2024\/10\/images-upload-woo2F902786437cf0741b8e70a8ff876f8536.jpg\",\"datePublished\":\"2024-10-26T07:21:39+00:00\",\"dateModified\":\"2024-10-29T10:00:52+00:00\",\"breadcrumb\":{\"@id\":\"https:\/\/nge.vn\/san-pham\/nhua-duc-nha-khoa-esun-dc100-dental-cast-resin-500-1000ml\/#breadcrumb\"},\"inLanguage\":\"en-US\",\"potentialAction\":[{\"@type\":\"ReadAction\",\"target\":[\"https:\/\/nge.vn\/san-pham\/nhua-duc-nha-khoa-esun-dc100-dental-cast-resin-500-1000ml\/\"]}]},{\"@type\":\"ImageObject\",\"inLanguage\":\"en-US\",\"@id\":\"https:\/\/nge.vn\/san-pham\/nhua-duc-nha-khoa-esun-dc100-dental-cast-resin-500-1000ml\/#primaryimage\",\"url\":\"https:\/\/nge.vn\/wp-content\/uploads\/2024\/10\/images-upload-woo2F902786437cf0741b8e70a8ff876f8536.jpg\",\"contentUrl\":\"https:\/\/nge.vn\/wp-content\/uploads\/2024\/10\/images-upload-woo2F902786437cf0741b8e70a8ff876f8536.jpg\",\"width\":713,\"height\":713},{\"@type\":\"BreadcrumbList\",\"@id\":\"https:\/\/nge.vn\/san-pham\/nhua-duc-nha-khoa-esun-dc100-dental-cast-resin-500-1000ml\/#breadcrumb\",\"itemListElement\":[{\"@type\":\"ListItem\",\"position\":1,\"name\":\"Trang ch\u1ee7\",\"item\":\"https:\/\/nge.vn\/\"},{\"@type\":\"ListItem\",\"position\":2,\"name\":\"S\u1ea3n ph\u1ea9m\",\"item\":\"https:\/\/nge.vn\/san-pham\/\"},{\"@type\":\"ListItem\",\"position\":3,\"name\":\"Nh\u1ef1a \u0111\u00fac nha khoa eSun DC100 Dental Cast Resin 500-1000ml\"}]},{\"@type\":\"WebSite\",\"@id\":\"https:\/\/nge.vn\/#website\",\"url\":\"https:\/\/nge.vn\/\",\"name\":\"NGE 3D Printers Services\",\"description\":\"\",\"potentialAction\":[{\"@type\":\"SearchAction\",\"target\":{\"@type\":\"EntryPoint\",\"urlTemplate\":\"https:\/\/nge.vn\/?s={search_term_string}\"},\"query-input\":{\"@type\":\"PropertyValueSpecification\",\"valueRequired\":true,\"valueName\":\"search_term_string\"}}],\"inLanguage\":\"en-US\"}]}<\/script>\n<!-- \/ Yoast SEO Premium plugin. -->","yoast_head_json":{"title":"Nh\u1ef1a \u0111\u00fac nha khoa eSun DC100 Dental Cast Resin 500-1000ml - NGE 3D Printers Services","robots":{"index":"index","follow":"follow","max-snippet":"max-snippet:-1","max-image-preview":"max-image-preview:large","max-video-preview":"max-video-preview:-1"},"canonical":"https:\/\/nge.vn\/en\/product\/nhua-duc-nha-khoa-esun-dc100-dental-cast-resin-500-1000ml\/","og_locale":"en_US","og_type":"article","og_title":"Nh\u1ef1a \u0111\u00fac nha khoa eSun DC100 Dental Cast Resin 500-1000ml","og_description":"Nh\u1ef1a \u0111\u00fac nha khoa eSun DC100 Dental Cast Resin 500-1000ml","og_url":"https:\/\/nge.vn\/en\/product\/nhua-duc-nha-khoa-esun-dc100-dental-cast-resin-500-1000ml\/","og_site_name":"NGE 3D Printers Services","article_modified_time":"2024-10-29T10:00:52+00:00","og_image":[{"width":713,"height":713,"url":"https:\/\/nge.vn\/wp-content\/uploads\/2024\/10\/images-upload-woo2F902786437cf0741b8e70a8ff876f8536.jpg","type":"image\/jpeg"}],"twitter_card":"summary_large_image","twitter_misc":{"Est. reading time":"1 minute"},"schema":{"@context":"https:\/\/schema.org","@graph":[{"@type":"WebPage","@id":"https:\/\/nge.vn\/san-pham\/nhua-duc-nha-khoa-esun-dc100-dental-cast-resin-500-1000ml\/","url":"https:\/\/nge.vn\/san-pham\/nhua-duc-nha-khoa-esun-dc100-dental-cast-resin-500-1000ml\/","name":"Nh\u1ef1a \u0111\u00fac nha khoa eSun DC100 Dental Cast Resin 500-1000ml - NGE 3D Printers Services","isPartOf":{"@id":"https:\/\/nge.vn\/#website"},"primaryImageOfPage":{"@id":"https:\/\/nge.vn\/san-pham\/nhua-duc-nha-khoa-esun-dc100-dental-cast-resin-500-1000ml\/#primaryimage"},"image":{"@id":"https:\/\/nge.vn\/san-pham\/nhua-duc-nha-khoa-esun-dc100-dental-cast-resin-500-1000ml\/#primaryimage"},"thumbnailUrl":"https:\/\/nge.vn\/wp-content\/uploads\/2024\/10\/images-upload-woo2F902786437cf0741b8e70a8ff876f8536.jpg","datePublished":"2024-10-26T07:21:39+00:00","dateModified":"2024-10-29T10:00:52+00:00","breadcrumb":{"@id":"https:\/\/nge.vn\/san-pham\/nhua-duc-nha-khoa-esun-dc100-dental-cast-resin-500-1000ml\/#breadcrumb"},"inLanguage":"en-US","potentialAction":[{"@type":"ReadAction","target":["https:\/\/nge.vn\/san-pham\/nhua-duc-nha-khoa-esun-dc100-dental-cast-resin-500-1000ml\/"]}]},{"@type":"ImageObject","inLanguage":"en-US","@id":"https:\/\/nge.vn\/san-pham\/nhua-duc-nha-khoa-esun-dc100-dental-cast-resin-500-1000ml\/#primaryimage","url":"https:\/\/nge.vn\/wp-content\/uploads\/2024\/10\/images-upload-woo2F902786437cf0741b8e70a8ff876f8536.jpg","contentUrl":"https:\/\/nge.vn\/wp-content\/uploads\/2024\/10\/images-upload-woo2F902786437cf0741b8e70a8ff876f8536.jpg","width":713,"height":713},{"@type":"BreadcrumbList","@id":"https:\/\/nge.vn\/san-pham\/nhua-duc-nha-khoa-esun-dc100-dental-cast-resin-500-1000ml\/#breadcrumb","itemListElement":[{"@type":"ListItem","position":1,"name":"Trang ch\u1ee7","item":"https:\/\/nge.vn\/"},{"@type":"ListItem","position":2,"name":"S\u1ea3n ph\u1ea9m","item":"https:\/\/nge.vn\/san-pham\/"},{"@type":"ListItem","position":3,"name":"Nh\u1ef1a \u0111\u00fac nha khoa eSun DC100 Dental Cast Resin 500-1000ml"}]},{"@type":"WebSite","@id":"https:\/\/nge.vn\/#website","url":"https:\/\/nge.vn\/","name":"NGE 3D Printers Services","description":"","potentialAction":[{"@type":"SearchAction","target":{"@type":"EntryPoint","urlTemplate":"https:\/\/nge.vn\/?s={search_term_string}"},"query-input":{"@type":"PropertyValueSpecification","valueRequired":true,"valueName":"search_term_string"}}],"inLanguage":"en-US"}]}},"_links":{"self":[{"href":"https:\/\/nge.vn\/en\/wp-json\/wp\/v2\/product\/2828","targetHints":{"allow":["GET"]}}],"collection":[{"href":"https:\/\/nge.vn\/en\/wp-json\/wp\/v2\/product"}],"about":[{"href":"https:\/\/nge.vn\/en\/wp-json\/wp\/v2\/types\/product"}],"replies":[{"embeddable":true,"href":"https:\/\/nge.vn\/en\/wp-json\/wp\/v2\/comments?post=2828"}],"wp:featuredmedia":[{"embeddable":true,"href":"https:\/\/nge.vn\/en\/wp-json\/wp\/v2\/media\/2819"}],"wp:attachment":[{"href":"https:\/\/nge.vn\/en\/wp-json\/wp\/v2\/media?parent=2828"}],"wp:term":[{"taxonomy":"product_brand","embeddable":true,"href":"https:\/\/nge.vn\/en\/wp-json\/wp\/v2\/product_brand?post=2828"},{"taxonomy":"product_cat","embeddable":true,"href":"https:\/\/nge.vn\/en\/wp-json\/wp\/v2\/product_cat?post=2828"},{"taxonomy":"product_tag","embeddable":true,"href":"https:\/\/nge.vn\/en\/wp-json\/wp\/v2\/product_tag?post=2828"}],"curies":[{"name":"wp","href":"https:\/\/api.w.org\/{rel}","templated":true}]}}