{"id":2782,"date":"2024-10-26T14:20:39","date_gmt":"2024-10-26T07:20:39","guid":{"rendered":"https:\/\/nge.123websitedev.com\/san-pham\/nhua-in-3d-resin-esun-eresin-pla-pro-chai-0-5-1kg-chai-vo-nhua\/"},"modified":"2024-10-29T15:25:28","modified_gmt":"2024-10-29T08:25:28","slug":"nhua-in-3d-resin-esun-eresin-pla-pro-chai-0-5-1kg-chai-vo-nhua","status":"publish","type":"product","link":"https:\/\/nge.vn\/en\/product\/nhua-in-3d-resin-esun-eresin-pla-pro-chai-0-5-1kg-chai-vo-nhua\/","title":{"rendered":"Nh\u1ef1a in 3d Resin Esun eResin-PLA Pro chai 0.5-1kg\/Chai V\u1ecf Nh\u1ef1a"},"content":{"rendered":"<p>Nh\u1ef1a in 3d Esun eResin-PLA Pro d\u00f9ng cho m\u00e1y in 3D resin LCD 0.5-1kg\/Chai<br \/>\n_D\u1ef1a tr\u00ean ch\u1ea5t t\u1ed5ng h\u1ee3p PLA polyol do eSUN t\u1ef1 s\u1ea3n xu\u1ea5t, nh\u1ef1a th\u00e2n thi\u1ec7n v\u1edbi m\u00f4i tr\u01b0\u1eddng eResin-PLA Pro t\u01b0\u01a1ng th\u00edch v\u1edbi m\u00e0n h\u00ecnh m\u00e0u, m\u00e0n h\u00ecnh mono \u0111\u01a1n s\u1eafc, m\u00e1y in c\u1ee1 l\u1edbn v\u00e0 nh\u1ecf. Nh\u1ef1a PLA bio based resin c\u00f3 \u0111\u1ed9 ch\u00ednh x\u00e1c cao, \u0111\u1ed9 d\u1ebbo dai t\u1ed1t, \u00edt m\u00f9i v\u00e0 b\u1ec1 m\u1eb7t in m\u1ecbn.<br \/>\n_Resin cho m\u00e1y in 3d m\u00e0n h\u00ecnh Monochrome: eSUN \u0111\u1ed9 ch\u00ednh x\u00e1c cao eResin PLA Pro \u0111\u01b0\u1ee3c thi\u1ebft k\u1ebf \u0111\u1eb7c bi\u1ec7t \u0111\u1ec3 in kh\u1ed1i l\u01b0\u1ee3ng l\u1edbn, t\u01b0\u01a1ng th\u00edch cho m\u00e1y in m\u00e0n h\u00ecnh Monochrome v\u00e0 in tr\u00ean m\u00e1y in m\u00e0n h\u00ecnh m\u00e0u m\u00e0 kh\u00f4ng c\u00f3 c\u1eb7n ho\u1eb7c m\u00e0ng ho\u1eb7c c\u1eb7n. T\u1ef7 l\u1ec7 in th\u00e0nh c\u00f4ng cao.<\/p>\n<p>_Nh\u1ef1a th\u1ef1c v\u1eadt PLA: \u0110\u01b0\u1ee3c t\u1ed5ng h\u1ee3p b\u1edfi Axit Lactic chi\u1ebft xu\u1ea5t t\u1eeb \u200b\u200bng\u00f4. Th\u00e2n thi\u1ec7n v\u1edbi m\u00f4i tr\u01b0\u1eddng v\u00e0 c\u00f3 th\u1ec3 ph\u00e2n h\u1ee7y sinh h\u1ecdc. Gi\u1ea3m m\u00f9i v\u00e0 k\u00edch \u1ee9ng. Kh\u1ea3 n\u0103ng t\u01b0\u01a1ng th\u00edch sinh h\u1ecdc t\u1ed1t. Hi\u1ec7u \u1ee9ng khu\u00f4n tuy\u1ec7t v\u1eddi. \u0110\u1ed9 c\u1ee9ng 78-80D.<\/p>\n<p>_\u0110\u1ed9 ch\u00ednh x\u00e1c cao &amp; \u0111\u1ed9 ph\u00e2n gi\u1ea3i cao: So v\u1edbi eResin-PLA, eResin PLA Pro c\u00f3 \u0111\u1ed9 ch\u00ednh x\u00e1c cao h\u01a1n trong c\u00e1c m\u00f4 h\u00ecnh in, c\u00f3 th\u1ec3 \u0111\u00e1p \u1ee9ng nhu c\u1ea7u c\u1ee7a b\u1ea1n \u0111\u1ed1i v\u1edbi c\u00e1c b\u1ed9 ph\u1eadn \u0111\u01b0\u1ee3c \u0111\u00fac tinh t\u1ebf, ph\u00f9 h\u1ee3p v\u1edbi t\u1ea5t c\u1ea3 c\u00e1c lo\u1ea1i b\u1ed9 d\u1ee5ng c\u1ee5 nh\u00e0 xe v\u00e0 m\u00f4 h\u00ecnh nha khoa y\u00eau c\u1ea7u \u0111\u1ed9 ph\u00e2n gi\u1ea3i cao.<\/p>\n<p>_T\u00ednh ch\u1ea5t c\u01a1 h\u1ecdc \u1ed5n \u0111\u1ecbnh: C\u00e1c m\u00f4 h\u00ecnh in b\u1eb1ng nh\u1ef1a c\u00f3 \u0111\u1ed9 d\u1ebbo dai t\u1ed1t, \u0111\u1ed9 ch\u00ednh x\u00e1c cao c\u0169ng nh\u01b0 \u0111\u1ed9 c\u1ee9ng cao v\u1edbi hi\u1ec7u su\u1ea5t t\u1ed5ng th\u1ec3 c\u00e2n b\u1eb1ng. B\u00ean c\u1ea1nh \u0111\u00f3, c\u00e1c m\u00f4 h\u00ecnh in b\u1eb1ng nh\u1ef1a c\u00f3 hi\u1ec7u \u1ee9ng m\u00e0u s\u1eafc r\u1ea5t tinh khi\u1ebft v\u00e0 tuy\u1ec7t \u0111\u1eb9p gi\u1ed1ng nh\u01b0 m\u1ed9t t\u00e1c ph\u1ea9m ngh\u1ec7 thu\u1eadt.<\/p>\n<p>_Bao b\u00ec an to\u00e0n: Chai nh\u00f4m d\u00e0y \u0111\u01b0\u1ee3c b\u1ea3o v\u1ec7 ho\u00e0n to\u00e0n kh\u1ecfi \u00e1nh s\u00e1ng. Chai ch\u1ed1ng r\u00f2 r\u1ec9 \u0111\u01b0\u1ee3c b\u1ecdc ho\u00e0n to\u00e0n b\u1eb1ng t\u00fai bong b\u00f3ng nh\u1ef1a \u0111\u1ec3 \u0111\u1ea3m b\u1ea3o nh\u1ef1a \u1edf \u0111\u00fang v\u1ecb tr\u00ed c\u1ee7a ch\u00fang. \u0110\u01b0\u1ee3c thi\u1ebft k\u1ebf \u0111\u1eb7c bi\u1ec7t cho ngu\u1ed3n s\u00e1ng LED \u0111\u1ec3 \u0111\u1ea1t \u0111\u01b0\u1ee3c ch\u1ea5t l\u01b0\u1ee3ng in t\u1ed1t h\u01a1n.<\/p>\n<p>**\u0110\u1eb7c \u0111i\u1ec3m s\u1ea3n ph\u1ea9m:<br \/>\n+Th\u00e2n thi\u1ec7n m\u00f4i tr\u01b0\u1eddng, d\u1ef1a tr\u00ean sinh h\u1ecdc<br \/>\n+\u0110\u1ed9 b\u1ec1n v\u00e0 \u0111\u1ed9 d\u1ebbo dai cao, hi\u1ec7u su\u1ea5t c\u00e2n b\u1eb1ng<br \/>\n+\u0110\u1ed9 ch\u00ednh x\u00e1c cao, \u0111\u1ed9 ph\u00e2n gi\u1ea3i cao<br \/>\n+T\u01b0\u01a1ng th\u00edch v\u1edbi m\u00e0n h\u00ecnh m\u00e0u, m\u00e0n h\u00ecnh \u0111\u01a1n s\u1eafc, m\u00e1y in kh\u1ed5 l\u1edbn v\u00e0 nh\u1ecf<br \/>\n+\u0110\u1ed9 ch\u00ednh x\u00e1c cao &amp; co ng\u00f3t th\u1ea5p C\u00e1c monome acrylate l\u00e0m gi\u1ea3m s\u1ef1 co r\u00fat th\u1ec3 t\u00edch trong qu\u00e1 tr\u00ecnh ch\u1ee5p \u1ea3nh, d\u1eabn \u0111\u1ebfn \u0111\u1ed9 ch\u00ednh x\u00e1c cao c\u1ee7a m\u00f4 h\u00ecnh in v\u1edbi \u0111\u1ed9 ho\u00e0n thi\u1ec7n m\u1ecbn v\u00e0 hi\u1ec3n th\u1ecb r\u00f5 r\u00e0ng chi ti\u1ebft.<\/p>\n<p>**\u0110\u1eb7c \u0111i\u1ec3m s\u1ea3n ph\u1ea9m:<br \/>\n+Th\u00e2n thi\u1ec7n m\u00f4i tr\u01b0\u1eddng, d\u1ef1a tr\u00ean sinh h\u1ecdc<br \/>\n+\u0110\u1ed9 b\u1ec1n v\u00e0 \u0111\u1ed9 d\u1ebbo dai cao, hi\u1ec7u su\u1ea5t c\u00e2n b\u1eb1ng<br \/>\n+\u0110\u1ed9 ch\u00ednh x\u00e1c cao, \u0111\u1ed9 ph\u00e2n gi\u1ea3i cao<br \/>\n+T\u01b0\u01a1ng th\u00edch v\u1edbi m\u00e0n h\u00ecnh m\u00e0u, m\u00e0n h\u00ecnh \u0111\u01a1n s\u1eafc, m\u00e1y in kh\u1ed5 l\u1edbn v\u00e0 nh\u1ecf<\/p>\n<p>_S\u1ea3n ph\u1ea9m n\u00e0y c\u00f3 \u0111\u1ed9 ph\u00e2n gi\u1ea3i tuy\u1ec7t v\u1eddi v\u00e0 ph\u00f9 h\u1ee3p \u0111\u1ec3 l\u00e0m \u0111\u1ea1o c\u1ee5 v\u00e0 m\u00f4 h\u00ecnh nha khoa y\u00eau c\u1ea7u \u0111\u1ed9 ph\u00e2n gi\u1ea3i cao.<\/p>\n<p>_All levels (5 levels of score):<br \/>\n+Strength (S): 3<br \/>\n+Toughness (F): 3.5<br \/>\n+Forming\uff08P): 4<br \/>\n+Accuracy (S): 4.5<br \/>\n+Speed\uff08A): 3<\/p>\n<p>_C\u00e1c th\u00f4ng s\u1ed1 hi\u1ec7u su\u1ea5t:<br \/>\n+3D PRINTING PHOTOPOLYMER RESIN: eResin-PLA Pro<br \/>\n+Tensile Strength(MPa): 37-48<br \/>\n+Flexural Strength(Mpa): 36-49<br \/>\n+Elongation at Break(%): 25-28%<br \/>\n+IZOD Impact Strength\/(J\/m): 32-36<br \/>\n+Hardness(Shore D): 78-80<br \/>\n+Viscosity: 200-300<br \/>\n+Density: 1.09-1.10<\/p>\n<p>**\u0110\u1ec3 \u0111\u01b0\u1ee3c nh\u1eadn h\u1ed9 tr\u1ee3 th\u00eam v\u1ec1 Gi\u00e1 v\u00e0 Th\u00f4ng tin c\u1ee7a s\u1ea3n ph\u1ea9m, vui l\u00f2ng li\u00ean h\u1ec7:<br \/>\n0913.939.775 contact A.Quan (for English)<br \/>\n094.144.0951 contact A.Quynh<br \/>\n**Selling price does not include VAT (+10% if VAT invoice is issued)<\/p>","protected":false},"excerpt":{"rendered":"<p>Nh\u1ef1a in 3d Resin Esun eResin-PLA Pro chai 0.5-1kg\/Chai V\u1ecf Nh\u1ef1a<\/p>","protected":false},"featured_media":2773,"comment_status":"open","ping_status":"closed","template":"","meta":{"inline_featured_image":false},"product_brand":[],"product_cat":[455,464],"product_tag":[],"class_list":{"0":"post-2782","1":"product","2":"type-product","3":"status-publish","4":"has-post-thumbnail","6":"product_cat-nhua-in-3d","7":"product_cat-nhua-in-3d-resin-esun","9":"first","10":"instock","11":"taxable","12":"shipping-taxable","13":"purchasable","14":"product-type-variable"},"yoast_head":"<!-- This site is optimized with the Yoast SEO Premium plugin v22.8 (Yoast SEO v26.9) - https:\/\/yoast.com\/product\/yoast-seo-premium-wordpress\/ -->\n<title>Nh\u1ef1a in 3d Resin Esun eResin-PLA Pro chai 0.5-1kg\/Chai V\u1ecf Nh\u1ef1a - NGE 3D Printers Services<\/title>\n<meta name=\"robots\" content=\"index, follow, max-snippet:-1, max-image-preview:large, max-video-preview:-1\" \/>\n<link rel=\"canonical\" href=\"https:\/\/nge.vn\/en\/product\/nhua-in-3d-resin-esun-eresin-pla-pro-chai-0-5-1kg-chai-vo-nhua\/\" \/>\n<meta property=\"og:locale\" content=\"en_US\" \/>\n<meta property=\"og:type\" content=\"article\" \/>\n<meta property=\"og:title\" content=\"Nh\u1ef1a in 3d Resin Esun eResin-PLA Pro chai 0.5-1kg\/Chai V\u1ecf Nh\u1ef1a\" \/>\n<meta property=\"og:description\" content=\"Nh\u1ef1a in 3d Resin Esun eResin-PLA Pro chai 0.5-1kg\/Chai V\u1ecf Nh\u1ef1a\" \/>\n<meta property=\"og:url\" content=\"https:\/\/nge.vn\/en\/product\/nhua-in-3d-resin-esun-eresin-pla-pro-chai-0-5-1kg-chai-vo-nhua\/\" \/>\n<meta property=\"og:site_name\" content=\"NGE 3D Printers Services\" \/>\n<meta property=\"article:modified_time\" content=\"2024-10-29T08:25:28+00:00\" \/>\n<meta property=\"og:image\" content=\"https:\/\/nge.vn\/wp-content\/uploads\/2024\/10\/images-upload-woo2F2c6594e2c3fd2cbec5d2de15dacd6d85.jpg\" \/>\n\t<meta property=\"og:image:width\" content=\"720\" \/>\n\t<meta property=\"og:image:height\" content=\"720\" \/>\n\t<meta property=\"og:image:type\" content=\"image\/jpeg\" \/>\n<meta name=\"twitter:card\" content=\"summary_large_image\" \/>\n<meta name=\"twitter:label1\" content=\"Est. reading time\" \/>\n\t<meta name=\"twitter:data1\" content=\"4 minutes\" \/>\n<script type=\"application\/ld+json\" class=\"yoast-schema-graph\">{\"@context\":\"https:\/\/schema.org\",\"@graph\":[{\"@type\":\"WebPage\",\"@id\":\"https:\/\/nge.vn\/san-pham\/nhua-in-3d-resin-esun-eresin-pla-pro-chai-0-5-1kg-chai-vo-nhua\/\",\"url\":\"https:\/\/nge.vn\/san-pham\/nhua-in-3d-resin-esun-eresin-pla-pro-chai-0-5-1kg-chai-vo-nhua\/\",\"name\":\"Nh\u1ef1a in 3d Resin Esun eResin-PLA Pro chai 0.5-1kg\/Chai V\u1ecf Nh\u1ef1a - NGE 3D Printers Services\",\"isPartOf\":{\"@id\":\"https:\/\/nge.vn\/#website\"},\"primaryImageOfPage\":{\"@id\":\"https:\/\/nge.vn\/san-pham\/nhua-in-3d-resin-esun-eresin-pla-pro-chai-0-5-1kg-chai-vo-nhua\/#primaryimage\"},\"image\":{\"@id\":\"https:\/\/nge.vn\/san-pham\/nhua-in-3d-resin-esun-eresin-pla-pro-chai-0-5-1kg-chai-vo-nhua\/#primaryimage\"},\"thumbnailUrl\":\"https:\/\/nge.vn\/wp-content\/uploads\/2024\/10\/images-upload-woo2F2c6594e2c3fd2cbec5d2de15dacd6d85.jpg\",\"datePublished\":\"2024-10-26T07:20:39+00:00\",\"dateModified\":\"2024-10-29T08:25:28+00:00\",\"breadcrumb\":{\"@id\":\"https:\/\/nge.vn\/san-pham\/nhua-in-3d-resin-esun-eresin-pla-pro-chai-0-5-1kg-chai-vo-nhua\/#breadcrumb\"},\"inLanguage\":\"en-US\",\"potentialAction\":[{\"@type\":\"ReadAction\",\"target\":[\"https:\/\/nge.vn\/san-pham\/nhua-in-3d-resin-esun-eresin-pla-pro-chai-0-5-1kg-chai-vo-nhua\/\"]}]},{\"@type\":\"ImageObject\",\"inLanguage\":\"en-US\",\"@id\":\"https:\/\/nge.vn\/san-pham\/nhua-in-3d-resin-esun-eresin-pla-pro-chai-0-5-1kg-chai-vo-nhua\/#primaryimage\",\"url\":\"https:\/\/nge.vn\/wp-content\/uploads\/2024\/10\/images-upload-woo2F2c6594e2c3fd2cbec5d2de15dacd6d85.jpg\",\"contentUrl\":\"https:\/\/nge.vn\/wp-content\/uploads\/2024\/10\/images-upload-woo2F2c6594e2c3fd2cbec5d2de15dacd6d85.jpg\",\"width\":720,\"height\":720},{\"@type\":\"BreadcrumbList\",\"@id\":\"https:\/\/nge.vn\/san-pham\/nhua-in-3d-resin-esun-eresin-pla-pro-chai-0-5-1kg-chai-vo-nhua\/#breadcrumb\",\"itemListElement\":[{\"@type\":\"ListItem\",\"position\":1,\"name\":\"Trang ch\u1ee7\",\"item\":\"https:\/\/nge.vn\/\"},{\"@type\":\"ListItem\",\"position\":2,\"name\":\"S\u1ea3n ph\u1ea9m\",\"item\":\"https:\/\/nge.vn\/san-pham\/\"},{\"@type\":\"ListItem\",\"position\":3,\"name\":\"Nh\u1ef1a in 3d Resin Esun eResin-PLA Pro chai 0.5-1kg\/Chai V\u1ecf Nh\u1ef1a\"}]},{\"@type\":\"WebSite\",\"@id\":\"https:\/\/nge.vn\/#website\",\"url\":\"https:\/\/nge.vn\/\",\"name\":\"NGE 3D Printers Services\",\"description\":\"\",\"potentialAction\":[{\"@type\":\"SearchAction\",\"target\":{\"@type\":\"EntryPoint\",\"urlTemplate\":\"https:\/\/nge.vn\/?s={search_term_string}\"},\"query-input\":{\"@type\":\"PropertyValueSpecification\",\"valueRequired\":true,\"valueName\":\"search_term_string\"}}],\"inLanguage\":\"en-US\"}]}<\/script>\n<!-- \/ Yoast SEO Premium plugin. -->","yoast_head_json":{"title":"Nh\u1ef1a in 3d Resin Esun eResin-PLA Pro chai 0.5-1kg\/Chai V\u1ecf Nh\u1ef1a - NGE 3D Printers Services","robots":{"index":"index","follow":"follow","max-snippet":"max-snippet:-1","max-image-preview":"max-image-preview:large","max-video-preview":"max-video-preview:-1"},"canonical":"https:\/\/nge.vn\/en\/product\/nhua-in-3d-resin-esun-eresin-pla-pro-chai-0-5-1kg-chai-vo-nhua\/","og_locale":"en_US","og_type":"article","og_title":"Nh\u1ef1a in 3d Resin Esun eResin-PLA Pro chai 0.5-1kg\/Chai V\u1ecf Nh\u1ef1a","og_description":"Nh\u1ef1a in 3d Resin Esun eResin-PLA Pro chai 0.5-1kg\/Chai V\u1ecf Nh\u1ef1a","og_url":"https:\/\/nge.vn\/en\/product\/nhua-in-3d-resin-esun-eresin-pla-pro-chai-0-5-1kg-chai-vo-nhua\/","og_site_name":"NGE 3D Printers Services","article_modified_time":"2024-10-29T08:25:28+00:00","og_image":[{"width":720,"height":720,"url":"https:\/\/nge.vn\/wp-content\/uploads\/2024\/10\/images-upload-woo2F2c6594e2c3fd2cbec5d2de15dacd6d85.jpg","type":"image\/jpeg"}],"twitter_card":"summary_large_image","twitter_misc":{"Est. reading time":"4 minutes"},"schema":{"@context":"https:\/\/schema.org","@graph":[{"@type":"WebPage","@id":"https:\/\/nge.vn\/san-pham\/nhua-in-3d-resin-esun-eresin-pla-pro-chai-0-5-1kg-chai-vo-nhua\/","url":"https:\/\/nge.vn\/san-pham\/nhua-in-3d-resin-esun-eresin-pla-pro-chai-0-5-1kg-chai-vo-nhua\/","name":"Nh\u1ef1a in 3d Resin Esun eResin-PLA Pro chai 0.5-1kg\/Chai V\u1ecf Nh\u1ef1a - NGE 3D Printers Services","isPartOf":{"@id":"https:\/\/nge.vn\/#website"},"primaryImageOfPage":{"@id":"https:\/\/nge.vn\/san-pham\/nhua-in-3d-resin-esun-eresin-pla-pro-chai-0-5-1kg-chai-vo-nhua\/#primaryimage"},"image":{"@id":"https:\/\/nge.vn\/san-pham\/nhua-in-3d-resin-esun-eresin-pla-pro-chai-0-5-1kg-chai-vo-nhua\/#primaryimage"},"thumbnailUrl":"https:\/\/nge.vn\/wp-content\/uploads\/2024\/10\/images-upload-woo2F2c6594e2c3fd2cbec5d2de15dacd6d85.jpg","datePublished":"2024-10-26T07:20:39+00:00","dateModified":"2024-10-29T08:25:28+00:00","breadcrumb":{"@id":"https:\/\/nge.vn\/san-pham\/nhua-in-3d-resin-esun-eresin-pla-pro-chai-0-5-1kg-chai-vo-nhua\/#breadcrumb"},"inLanguage":"en-US","potentialAction":[{"@type":"ReadAction","target":["https:\/\/nge.vn\/san-pham\/nhua-in-3d-resin-esun-eresin-pla-pro-chai-0-5-1kg-chai-vo-nhua\/"]}]},{"@type":"ImageObject","inLanguage":"en-US","@id":"https:\/\/nge.vn\/san-pham\/nhua-in-3d-resin-esun-eresin-pla-pro-chai-0-5-1kg-chai-vo-nhua\/#primaryimage","url":"https:\/\/nge.vn\/wp-content\/uploads\/2024\/10\/images-upload-woo2F2c6594e2c3fd2cbec5d2de15dacd6d85.jpg","contentUrl":"https:\/\/nge.vn\/wp-content\/uploads\/2024\/10\/images-upload-woo2F2c6594e2c3fd2cbec5d2de15dacd6d85.jpg","width":720,"height":720},{"@type":"BreadcrumbList","@id":"https:\/\/nge.vn\/san-pham\/nhua-in-3d-resin-esun-eresin-pla-pro-chai-0-5-1kg-chai-vo-nhua\/#breadcrumb","itemListElement":[{"@type":"ListItem","position":1,"name":"Trang ch\u1ee7","item":"https:\/\/nge.vn\/"},{"@type":"ListItem","position":2,"name":"S\u1ea3n ph\u1ea9m","item":"https:\/\/nge.vn\/san-pham\/"},{"@type":"ListItem","position":3,"name":"Nh\u1ef1a in 3d Resin Esun eResin-PLA Pro chai 0.5-1kg\/Chai V\u1ecf Nh\u1ef1a"}]},{"@type":"WebSite","@id":"https:\/\/nge.vn\/#website","url":"https:\/\/nge.vn\/","name":"NGE 3D Printers Services","description":"","potentialAction":[{"@type":"SearchAction","target":{"@type":"EntryPoint","urlTemplate":"https:\/\/nge.vn\/?s={search_term_string}"},"query-input":{"@type":"PropertyValueSpecification","valueRequired":true,"valueName":"search_term_string"}}],"inLanguage":"en-US"}]}},"_links":{"self":[{"href":"https:\/\/nge.vn\/en\/wp-json\/wp\/v2\/product\/2782","targetHints":{"allow":["GET"]}}],"collection":[{"href":"https:\/\/nge.vn\/en\/wp-json\/wp\/v2\/product"}],"about":[{"href":"https:\/\/nge.vn\/en\/wp-json\/wp\/v2\/types\/product"}],"replies":[{"embeddable":true,"href":"https:\/\/nge.vn\/en\/wp-json\/wp\/v2\/comments?post=2782"}],"wp:featuredmedia":[{"embeddable":true,"href":"https:\/\/nge.vn\/en\/wp-json\/wp\/v2\/media\/2773"}],"wp:attachment":[{"href":"https:\/\/nge.vn\/en\/wp-json\/wp\/v2\/media?parent=2782"}],"wp:term":[{"taxonomy":"product_brand","embeddable":true,"href":"https:\/\/nge.vn\/en\/wp-json\/wp\/v2\/product_brand?post=2782"},{"taxonomy":"product_cat","embeddable":true,"href":"https:\/\/nge.vn\/en\/wp-json\/wp\/v2\/product_cat?post=2782"},{"taxonomy":"product_tag","embeddable":true,"href":"https:\/\/nge.vn\/en\/wp-json\/wp\/v2\/product_tag?post=2782"}],"curies":[{"name":"wp","href":"https:\/\/api.w.org\/{rel}","templated":true}]}}