{"id":2752,"date":"2025-07-08T18:10:18","date_gmt":"2025-07-08T11:10:18","guid":{"rendered":"https:\/\/nge.123websitedev.com\/san-pham\/nhua-in-3d-esun-re-filament-pla-khong-loi-1kg-cuon\/"},"modified":"2025-08-30T17:00:24","modified_gmt":"2025-08-30T10:00:24","slug":"nhua-in-3d-esun-re-filament-pla-khong-loi-1kg-cuon","status":"publish","type":"product","link":"https:\/\/nge.vn\/en\/product\/nhua-in-3d-esun-re-filament-pla-khong-loi-1kg-cuon\/","title":{"rendered":"Nh\u1ef1a in 3d ESUN Re-Filament PLA+ (kh\u00f4ng l\u00f5i) 1kg\/Cu\u1ed9n"},"content":{"rendered":"<h3 data-start=\"854\" data-end=\"928\">\u267b\ufe0f <strong data-start=\"861\" data-end=\"928\">Nh\u1ef1a In 3D eSun Re-Filament PLA+ \u2013 B\u1ec1n V\u1eefng, Cao C\u1ea5p, Kh\u00f4ng L\u00f5i<\/strong><\/h3>\n<p data-start=\"930\" data-end=\"1183\"><strong data-start=\"930\" data-end=\"955\">eSun Re-Filament PLA+<\/strong> l\u00e0 d\u00f2ng <strong data-start=\"964\" data-end=\"1002\">filament t\u00e1i thi\u1ebft k\u1ebf kh\u00f4ng c\u00f3 l\u00f5i<\/strong>, gi\u00fap ti\u1ebft ki\u1ec7m chi ph\u00ed, gi\u1ea3m r\u00e1c th\u1ea3i nh\u1ef1a v\u00e0 b\u1ea3o v\u1ec7 m\u00f4i tr\u01b0\u1eddng. B\u1ea1n c\u00f3 th\u1ec3 <strong data-start=\"1080\" data-end=\"1116\">t\u00e1i s\u1eed d\u1ee5ng l\u00f5i eSpool nhi\u1ec1u l\u1ea7n<\/strong> \u0111\u1ec3 g\u1eafn c\u00e1c cu\u1ed9n PLA+ m\u1edbi \u2013 m\u1ed9t gi\u1ea3i ph\u00e1p th\u00e2n thi\u1ec7n v\u00e0 th\u00f4ng minh.<\/p>\n<hr data-start=\"1185\" data-end=\"1188\" \/>\n<h3 data-start=\"1190\" data-end=\"1218\">\u2705 <strong data-start=\"1196\" data-end=\"1218\">T\u00ednh n\u0103ng n\u1ed5i b\u1eadt:<\/strong><\/h3>\n<ul data-start=\"1220\" data-end=\"1760\">\n<li data-start=\"1220\" data-end=\"1335\">\n<p data-start=\"1222\" data-end=\"1335\"><strong data-start=\"1222\" data-end=\"1261\">Kh\u00f4ng l\u00f5i, gi\u1ea3m chi ph\u00ed v\u00e0 r\u00e1c th\u1ea3i<\/strong><br data-start=\"1261\" data-end=\"1264\" \/>Gi\u00fap ti\u1ebft ki\u1ec7m bao b\u00ec, v\u1eadn chuy\u1ec3n v\u00e0 <strong data-start=\"1303\" data-end=\"1334\">gi\u1ea3m thi\u1ec3u carbon footprint<\/strong>.<\/p>\n<\/li>\n<li data-start=\"1337\" data-end=\"1457\">\n<p data-start=\"1339\" data-end=\"1457\"><strong data-start=\"1339\" data-end=\"1367\">Ch\u1ea5t l\u01b0\u1ee3ng PLA+ cao c\u1ea5p:<\/strong><br data-start=\"1367\" data-end=\"1370\" \/>\u0110\u1ed9 d\u1ebbo dai cao g\u1ea5p <strong data-start=\"1391\" data-end=\"1425\">10 l\u1ea7n so v\u1edbi PLA th\u00f4ng th\u01b0\u1eddng<\/strong>, kh\u00f4ng t\u1ea1p ch\u1ea5t, kh\u00f4ng b\u1ecdt kh\u00ed.<\/p>\n<\/li>\n<li data-start=\"1459\" data-end=\"1550\">\n<p data-start=\"1461\" data-end=\"1550\"><strong data-start=\"1461\" data-end=\"1488\">In m\u01b0\u1ee3t, kh\u00f4ng r\u1ed1i s\u1ee3i:<\/strong><br data-start=\"1488\" data-end=\"1491\" \/>Cu\u1ed9n d\u00e2y g\u1ecdn g\u00e0ng, <strong data-start=\"1512\" data-end=\"1529\">kh\u00f4ng g\u00e2y k\u1eb9t<\/strong> ho\u1eb7c r\u1ed1i khi in d\u00e0i.<\/p>\n<\/li>\n<li data-start=\"1552\" data-end=\"1668\">\n<p data-start=\"1554\" data-end=\"1668\"><strong data-start=\"1554\" data-end=\"1580\">Th\u00e2n thi\u1ec7n m\u00f4i tr\u01b0\u1eddng:<\/strong><br data-start=\"1580\" data-end=\"1583\" \/>Chi\u1ebft xu\u1ea5t t\u1eeb <strong data-start=\"1599\" data-end=\"1615\">tinh b\u1ed9t ng\u00f4<\/strong>, an to\u00e0n v\u00e0 d\u1ec5 ph\u00e2n hu\u1ef7 trong \u0111i\u1ec1u ki\u1ec7n c\u00f4ng nghi\u1ec7p.<\/p>\n<\/li>\n<li data-start=\"1670\" data-end=\"1760\">\n<p data-start=\"1672\" data-end=\"1760\"><strong data-start=\"1672\" data-end=\"1701\">B\u1ec1 m\u1eb7t in m\u1ecbn, kh\u00f4ng n\u1ee9t:<\/strong><br data-start=\"1701\" data-end=\"1704\" \/>B\u1ea3n in chi ti\u1ebft, <strong data-start=\"1723\" data-end=\"1739\">kh\u00f4ng d\u00e2y t\u01a1<\/strong>, \u0111\u1eb9p v\u00e0 s\u1eafc n\u00e9t h\u01a1n.<\/p>\n<\/li>\n<\/ul>\n<hr data-start=\"1762\" data-end=\"1765\" \/>\n<h3 data-start=\"1767\" data-end=\"1806\">\ud83d\udee0\ufe0f <strong data-start=\"1775\" data-end=\"1806\">Th\u00f4ng s\u1ed1 k\u1ef9 thu\u1eadt s\u1ea3n ph\u1ea9m:<\/strong><\/h3>\n<div class=\"_tableContainer_16hzy_1\">\n<div class=\"_tableWrapper_16hzy_14 group flex w-fit flex-col-reverse\" tabindex=\"-1\">\n<table class=\"w-fit min-w-(--thread-content-width)\" data-start=\"1808\" data-end=\"2959\">\n<thead data-start=\"1808\" data-end=\"1876\">\n<tr data-start=\"1808\" data-end=\"1876\">\n<th data-start=\"1808\" data-end=\"1846\" data-col-size=\"sm\"><strong data-start=\"1810\" data-end=\"1822\">Th\u00f4ng s\u1ed1<\/strong><\/th>\n<th data-start=\"1846\" data-end=\"1876\" data-col-size=\"sm\"><strong data-start=\"1848\" data-end=\"1859\">Gi\u00e1 tr\u1ecb<\/strong><\/th>\n<\/tr>\n<\/thead>\n<tbody data-start=\"1945\" data-end=\"2959\">\n<tr data-start=\"1945\" data-end=\"2012\">\n<td data-start=\"1945\" data-end=\"1982\" data-col-size=\"sm\">Th\u01b0\u01a1ng hi\u1ec7u<\/td>\n<td data-col-size=\"sm\" data-start=\"1982\" data-end=\"2012\">eSun<\/td>\n<\/tr>\n<tr data-start=\"2013\" data-end=\"2080\">\n<td data-start=\"2013\" data-end=\"2050\" data-col-size=\"sm\">Lo\u1ea1i filament<\/td>\n<td data-col-size=\"sm\" data-start=\"2050\" data-end=\"2080\">Re-Filament PLA+<\/td>\n<\/tr>\n<tr data-start=\"2081\" data-end=\"2148\">\n<td data-start=\"2081\" data-end=\"2118\" data-col-size=\"sm\">Tr\u1ecdng l\u01b0\u1ee3ng<\/td>\n<td data-col-size=\"sm\" data-start=\"2118\" data-end=\"2148\">1kg\/cu\u1ed9n<\/td>\n<\/tr>\n<tr data-start=\"2149\" data-end=\"2216\">\n<td data-start=\"2149\" data-end=\"2186\" data-col-size=\"sm\">\u0110\u01b0\u1eddng k\u00ednh s\u1ee3i<\/td>\n<td data-col-size=\"sm\" data-start=\"2186\" data-end=\"2216\">1.75mm<\/td>\n<\/tr>\n<tr data-start=\"2217\" data-end=\"2284\">\n<td data-start=\"2217\" data-end=\"2254\" data-col-size=\"sm\">M\u00e0u s\u1eafc<\/td>\n<td data-col-size=\"sm\" data-start=\"2254\" data-end=\"2284\">T\u00f9y ch\u1ecdn<\/td>\n<\/tr>\n<tr data-start=\"2285\" data-end=\"2352\">\n<td data-start=\"2285\" data-end=\"2322\" data-col-size=\"sm\">T\u1ec9 tr\u1ecdng (g\/cm\u00b3)<\/td>\n<td data-col-size=\"sm\" data-start=\"2322\" data-end=\"2352\">1.23<\/td>\n<\/tr>\n<tr data-start=\"2353\" data-end=\"2419\">\n<td data-start=\"2353\" data-end=\"2389\" data-col-size=\"sm\">Nhi\u1ec7t \u0111\u1ed9 bi\u1ebfn d\u1ea1ng (0.45MPa)<\/td>\n<td data-col-size=\"sm\" data-start=\"2389\" data-end=\"2419\">53\u00b0C<\/td>\n<\/tr>\n<tr data-start=\"2420\" data-end=\"2487\">\n<td data-start=\"2420\" data-end=\"2457\" data-col-size=\"sm\">\u0110\u1ed9 ch\u1ea3y (MFI)<\/td>\n<td data-col-size=\"sm\" data-start=\"2457\" data-end=\"2487\">5 (190\u00b0C\/2.16kg)<\/td>\n<\/tr>\n<tr data-start=\"2488\" data-end=\"2555\">\n<td data-start=\"2488\" data-end=\"2525\" data-col-size=\"sm\">\u0110\u1ed9 b\u1ec1n k\u00e9o<\/td>\n<td data-col-size=\"sm\" data-start=\"2525\" data-end=\"2555\">63 MPa<\/td>\n<\/tr>\n<tr data-start=\"2556\" data-end=\"2622\">\n<td data-start=\"2556\" data-end=\"2592\" data-col-size=\"sm\">\u0110\u1ed9 gi\u00e3n d\u00e0i khi \u0111\u1ee9t<\/td>\n<td data-col-size=\"sm\" data-start=\"2592\" data-end=\"2622\">20%<\/td>\n<\/tr>\n<tr data-start=\"2623\" data-end=\"2690\">\n<td data-start=\"2623\" data-end=\"2660\" data-col-size=\"sm\">\u0110\u1ed9 b\u1ec1n u\u1ed1n<\/td>\n<td data-col-size=\"sm\" data-start=\"2660\" data-end=\"2690\">74 MPa<\/td>\n<\/tr>\n<tr data-start=\"2691\" data-end=\"2758\">\n<td data-start=\"2691\" data-end=\"2728\" data-col-size=\"sm\">M\u00f4 \u0111un u\u1ed1n<\/td>\n<td data-col-size=\"sm\" data-start=\"2728\" data-end=\"2758\">1973 MPa<\/td>\n<\/tr>\n<tr data-start=\"2759\" data-end=\"2825\">\n<td data-start=\"2759\" data-end=\"2795\" data-col-size=\"sm\">\u0110\u1ed9 b\u1ec1n va \u0111\u1eadp (IZOD)<\/td>\n<td data-col-size=\"sm\" data-start=\"2795\" data-end=\"2825\">9 kJ\/m\u00b2<\/td>\n<\/tr>\n<tr data-start=\"2826\" data-end=\"2892\">\n<td data-start=\"2826\" data-end=\"2862\" data-col-size=\"sm\">\u0110\u1ed9 b\u1ec1n t\u1ed5ng th\u1ec3<\/td>\n<td data-col-size=\"sm\" data-start=\"2862\" data-end=\"2892\">4\/10<\/td>\n<\/tr>\n<tr data-start=\"2893\" data-end=\"2959\">\n<td data-start=\"2893\" data-end=\"2929\" data-col-size=\"sm\">\u0110\u1ed9 d\u1ec5 in<\/td>\n<td data-col-size=\"sm\" data-start=\"2929\" data-end=\"2959\">9\/10<\/td>\n<\/tr>\n<\/tbody>\n<\/table>\n<div class=\"sticky end-(--thread-content-margin) h-0 self-end select-none\">\n<div class=\"absolute end-0 flex items-end\"><\/div>\n<\/div>\n<\/div>\n<\/div>\n<hr data-start=\"2961\" data-end=\"2964\" \/>\n<h3 data-start=\"2966\" data-end=\"3001\">\ud83d\udd27 <strong data-start=\"2973\" data-end=\"3001\">Th\u00f4ng s\u1ed1 in khuy\u1ebfn ngh\u1ecb:<\/strong><\/h3>\n<div class=\"_tableContainer_16hzy_1\">\n<div class=\"_tableWrapper_16hzy_14 group flex w-fit flex-col-reverse\" tabindex=\"-1\">\n<table class=\"w-fit min-w-(--thread-content-width)\" data-start=\"3003\" data-end=\"3569\">\n<thead data-start=\"3003\" data-end=\"3071\">\n<tr data-start=\"3003\" data-end=\"3071\">\n<th data-start=\"3003\" data-end=\"3041\" data-col-size=\"sm\">Th\u00f4ng s\u1ed1<\/th>\n<th data-start=\"3041\" data-end=\"3071\" data-col-size=\"md\">Gi\u00e1 tr\u1ecb<\/th>\n<\/tr>\n<\/thead>\n<tbody data-start=\"3140\" data-end=\"3569\">\n<tr data-start=\"3140\" data-end=\"3207\">\n<td data-start=\"3140\" data-end=\"3177\" data-col-size=\"sm\">Nhi\u1ec7t \u0111\u1ed9 \u0111\u1ea7u in<\/td>\n<td data-col-size=\"md\" data-start=\"3177\" data-end=\"3207\">210 \u2013 230\u00b0C (t\u1ed1i \u01b0u: 215\u00b0C)<\/td>\n<\/tr>\n<tr data-start=\"3208\" data-end=\"3275\">\n<td data-start=\"3208\" data-end=\"3245\" data-col-size=\"sm\">Nhi\u1ec7t \u0111\u1ed9 b\u00e0n in<\/td>\n<td data-col-size=\"md\" data-start=\"3245\" data-end=\"3275\">45 \u2013 60\u00b0C<\/td>\n<\/tr>\n<tr data-start=\"3276\" data-end=\"3343\">\n<td data-start=\"3276\" data-end=\"3313\" data-col-size=\"sm\">T\u1ed1c \u0111\u1ed9 in<\/td>\n<td data-col-size=\"md\" data-start=\"3313\" data-end=\"3343\">40 \u2013 100mm\/s<\/td>\n<\/tr>\n<tr data-start=\"3344\" data-end=\"3411\">\n<td data-start=\"3344\" data-end=\"3381\" data-col-size=\"sm\">Qu\u1ea1t l\u00e0m m\u00e1t<\/td>\n<td data-col-size=\"md\" data-start=\"3381\" data-end=\"3411\">100%<\/td>\n<\/tr>\n<tr data-start=\"3412\" data-end=\"3501\">\n<td data-start=\"3412\" data-end=\"3449\" data-col-size=\"sm\">B\u1ec1 m\u1eb7t in khuy\u1ebfn ngh\u1ecb<\/td>\n<td data-col-size=\"md\" data-start=\"3449\" data-end=\"3501\">Keo PVP, b\u0103ng d\u00ednh ch\u1ecbu nhi\u1ec7t, gi\u1ea5y d\u00e1n n\u1ec1n, PEI<\/td>\n<\/tr>\n<tr data-start=\"3502\" data-end=\"3569\">\n<td data-start=\"3502\" data-end=\"3539\" data-col-size=\"sm\">B\u00e0n in nhi\u1ec7t<\/td>\n<td data-col-size=\"md\" data-start=\"3539\" data-end=\"3569\">C\u00f3 th\u1ec3 c\u00f3 ho\u1eb7c kh\u00f4ng<\/td>\n<\/tr>\n<\/tbody>\n<\/table>\n<div class=\"sticky end-(--thread-content-margin) h-0 self-end select-none\">\n<div class=\"absolute end-0 flex items-end\"><\/div>\n<\/div>\n<\/div>\n<\/div>\n<hr data-start=\"3571\" data-end=\"3574\" \/>\n<h3 data-start=\"3576\" data-end=\"3601\">\ud83d\udca1 <strong data-start=\"3583\" data-end=\"3601\">L\u01b0u \u00fd s\u1eed d\u1ee5ng:<\/strong><\/h3>\n<ul data-start=\"3603\" data-end=\"3868\">\n<li data-start=\"3603\" data-end=\"3773\">\n<p data-start=\"3605\" data-end=\"3773\">L\u1ea7n \u0111\u1ea7u s\u1eed d\u1ee5ng Re-Filament PLA+, <strong data-start=\"3639\" data-end=\"3682\">vui l\u00f2ng mua k\u00e8m eSpool (l\u00f5i cu\u1ed9n nh\u1ef1a)<\/strong>.<br data-start=\"3683\" data-end=\"3686\" \/>Sau \u0111\u00f3, b\u1ea1n c\u00f3 th\u1ec3 t\u00e1i s\u1eed d\u1ee5ng l\u00f5i eSpool nhi\u1ec1u l\u1ea7n cho c\u00e1c cu\u1ed9n Re-Filament k\u1ebf ti\u1ebfp.<\/p>\n<\/li>\n<li data-start=\"3775\" data-end=\"3868\">\n<p data-start=\"3777\" data-end=\"3868\">D\u00e0nh cho nh\u1eefng ai in \u1ea5n th\u01b0\u1eddng xuy\u00ean, in k\u1ef9 thu\u1eadt ho\u1eb7c m\u00f4 h\u00ecnh l\u1edbn c\u1ea7n \u0111\u1ed9 d\u1ebbo, b\u00e1m n\u1ec1n t\u1ed1t.<\/p>\n<\/li>\n<\/ul>\n<p>&nbsp;<\/p>\n<p>_\u0110\u00e2y l\u00e0 c\u00e1c trang b\u00e1n h\u00e0ng b\u00ean m\u00ecnh NGE 3D Printer Services chuy\u00ean cung c\u1ea5p Nh\u1ef1a in 3D v\u00e0 M\u00e1y in 3D c\u1ee7a H\u00e3ng ESUN, Flsun, BIQU, Creality, eMake3d&#8230;<br \/>\n\ud83d\uded2Shopee =&gt; https:\/\/shopee.vn\/nge3dprinter<br \/>\n\ud83d\uded2Shopee =&gt; https:\/\/shopee.vn\/nge3dservices<br \/>\n\ud83d\uded2Shopee Voron v\u00e0 eMake3D =&gt; https:\/\/shopee.vn\/3dmasterpower<br \/>\n\ud83d\uded2Shopee eMake3D =&gt; https:\/\/shopee.vn\/nge3dprinting<br \/>\n\ud83d\uded2Lazada =&gt; https:\/\/www.lazada.vn\/shop\/nge-3d-printer<br \/>\n\ud83d\uded2Lazada =&gt; https:\/\/www.lazada.vn\/shop\/nge-3d-printer-services<br \/>\n\ud83d\uded2Lazada =&gt; https:\/\/www.lazada.vn\/shop\/emake3d-vn<br \/>\n\ud83d\uded2Webslite Th\u1ebf H\u1ec7 K\u1ebf Ti\u1ebfp =&gt;https:\/\/www.theheketiep.com\/<br \/>\n\ud83d\uded2Webslite NGE.VN =&gt;https:\/\/www.nge.vn\/<br \/>\nHo\u1eb7c b\u1ea1n g\u1ecdi 094.144.0951 g\u1eb7p m\u00ecnh<br \/>\nHo\u1eb7c 0913939775 g\u1eb7p anh Qu\u00e2n<br \/>\n** Price does not include VAT (+8 or 10% if VAT invoice is issued)<\/p>","protected":false},"excerpt":{"rendered":"<p>Nh\u1ef1a in 3d ESUN Re-Filament PLA+ (kh\u00f4ng l\u00f5i) 1kg\/Cu\u1ed9n<\/p>","protected":false},"featured_media":2743,"comment_status":"open","ping_status":"closed","template":"","meta":{"inline_featured_image":false},"product_brand":[],"product_cat":[455,456,466],"product_tag":[495,619,663,715],"class_list":{"0":"post-2752","1":"product","2":"type-product","3":"status-publish","4":"has-post-thumbnail","6":"product_cat-nhua-in-3d","7":"product_cat-nhua-in-3d-fdm","8":"product_cat-soi-nhua-esun-fdm","9":"product_tag-creality","10":"product_tag-esun","11":"product_tag-nge3d","12":"product_tag-pla","14":"first","15":"instock","16":"sale","17":"taxable","18":"shipping-taxable","19":"purchasable","20":"product-type-variable"},"yoast_head":"<!-- This site is optimized with the Yoast SEO Premium plugin v22.8 (Yoast SEO v26.9) - https:\/\/yoast.com\/product\/yoast-seo-premium-wordpress\/ -->\n<title>Nh\u1ef1a in 3d ESUN Re-Filament PLA+ (kh\u00f4ng l\u00f5i) 1kg\/Cu\u1ed9n - NGE 3D Printers Services<\/title>\n<meta name=\"description\" content=\"Nh\u1ef1a in 3D eSun Re-Filament PLA+ kh\u00f4ng l\u00f5i, ch\u1ea5t l\u01b0\u1ee3ng cao, th\u00e2n thi\u1ec7n m\u00f4i tr\u01b0\u1eddng, ch\u1ed1ng r\u1ed1i, b\u1ec1 m\u1eb7t in m\u1ecbn, th\u00edch h\u1ee3p cho in k\u1ef9 thu\u1eadt v\u00e0 m\u00f4 h\u00ecnh l\u1edbn.\" \/>\n<meta name=\"robots\" content=\"index, follow, max-snippet:-1, max-image-preview:large, max-video-preview:-1\" \/>\n<link rel=\"canonical\" href=\"https:\/\/nge.vn\/en\/product\/nhua-in-3d-esun-re-filament-pla-khong-loi-1kg-cuon\/\" \/>\n<meta property=\"og:locale\" content=\"en_US\" \/>\n<meta property=\"og:type\" content=\"article\" \/>\n<meta property=\"og:title\" content=\"Nh\u1ef1a in 3d ESUN Re-Filament PLA+ (kh\u00f4ng l\u00f5i) 1kg\/Cu\u1ed9n\" \/>\n<meta property=\"og:description\" content=\"Nh\u1ef1a in 3D eSun Re-Filament PLA+ kh\u00f4ng l\u00f5i, ch\u1ea5t l\u01b0\u1ee3ng cao, th\u00e2n thi\u1ec7n m\u00f4i tr\u01b0\u1eddng, ch\u1ed1ng r\u1ed1i, b\u1ec1 m\u1eb7t in m\u1ecbn, th\u00edch h\u1ee3p cho in k\u1ef9 thu\u1eadt v\u00e0 m\u00f4 h\u00ecnh l\u1edbn.\" \/>\n<meta property=\"og:url\" content=\"https:\/\/nge.vn\/en\/product\/nhua-in-3d-esun-re-filament-pla-khong-loi-1kg-cuon\/\" \/>\n<meta property=\"og:site_name\" content=\"NGE 3D Printers Services\" \/>\n<meta property=\"article:modified_time\" content=\"2025-08-30T10:00:24+00:00\" \/>\n<meta property=\"og:image\" content=\"https:\/\/nge.vn\/wp-content\/uploads\/2024\/10\/images-upload-woo2F8c355c869ad7fc18780d6fd76368aff1.jpg\" \/>\n\t<meta property=\"og:image:width\" content=\"918\" \/>\n\t<meta property=\"og:image:height\" content=\"918\" \/>\n\t<meta property=\"og:image:type\" content=\"image\/jpeg\" \/>\n<meta name=\"twitter:card\" content=\"summary_large_image\" \/>\n<meta name=\"twitter:label1\" content=\"Est. reading time\" \/>\n\t<meta name=\"twitter:data1\" content=\"3 minutes\" \/>\n<script type=\"application\/ld+json\" class=\"yoast-schema-graph\">{\"@context\":\"https:\/\/schema.org\",\"@graph\":[{\"@type\":\"WebPage\",\"@id\":\"https:\/\/nge.vn\/san-pham\/nhua-in-3d-esun-re-filament-pla-khong-loi-1kg-cuon\/\",\"url\":\"https:\/\/nge.vn\/san-pham\/nhua-in-3d-esun-re-filament-pla-khong-loi-1kg-cuon\/\",\"name\":\"Nh\u1ef1a in 3d ESUN Re-Filament PLA+ (kh\u00f4ng l\u00f5i) 1kg\/Cu\u1ed9n - NGE 3D Printers Services\",\"isPartOf\":{\"@id\":\"https:\/\/nge.vn\/#website\"},\"primaryImageOfPage\":{\"@id\":\"https:\/\/nge.vn\/san-pham\/nhua-in-3d-esun-re-filament-pla-khong-loi-1kg-cuon\/#primaryimage\"},\"image\":{\"@id\":\"https:\/\/nge.vn\/san-pham\/nhua-in-3d-esun-re-filament-pla-khong-loi-1kg-cuon\/#primaryimage\"},\"thumbnailUrl\":\"https:\/\/nge.vn\/wp-content\/uploads\/2024\/10\/images-upload-woo2F8c355c869ad7fc18780d6fd76368aff1.jpg\",\"datePublished\":\"2025-07-08T11:10:18+00:00\",\"dateModified\":\"2025-08-30T10:00:24+00:00\",\"description\":\"Nh\u1ef1a in 3D eSun Re-Filament PLA+ kh\u00f4ng l\u00f5i, ch\u1ea5t l\u01b0\u1ee3ng cao, th\u00e2n thi\u1ec7n m\u00f4i tr\u01b0\u1eddng, ch\u1ed1ng r\u1ed1i, b\u1ec1 m\u1eb7t in m\u1ecbn, th\u00edch h\u1ee3p cho in k\u1ef9 thu\u1eadt v\u00e0 m\u00f4 h\u00ecnh l\u1edbn.\",\"breadcrumb\":{\"@id\":\"https:\/\/nge.vn\/san-pham\/nhua-in-3d-esun-re-filament-pla-khong-loi-1kg-cuon\/#breadcrumb\"},\"inLanguage\":\"en-US\",\"potentialAction\":[{\"@type\":\"ReadAction\",\"target\":[\"https:\/\/nge.vn\/san-pham\/nhua-in-3d-esun-re-filament-pla-khong-loi-1kg-cuon\/\"]}]},{\"@type\":\"ImageObject\",\"inLanguage\":\"en-US\",\"@id\":\"https:\/\/nge.vn\/san-pham\/nhua-in-3d-esun-re-filament-pla-khong-loi-1kg-cuon\/#primaryimage\",\"url\":\"https:\/\/nge.vn\/wp-content\/uploads\/2024\/10\/images-upload-woo2F8c355c869ad7fc18780d6fd76368aff1.jpg\",\"contentUrl\":\"https:\/\/nge.vn\/wp-content\/uploads\/2024\/10\/images-upload-woo2F8c355c869ad7fc18780d6fd76368aff1.jpg\",\"width\":918,\"height\":918},{\"@type\":\"BreadcrumbList\",\"@id\":\"https:\/\/nge.vn\/san-pham\/nhua-in-3d-esun-re-filament-pla-khong-loi-1kg-cuon\/#breadcrumb\",\"itemListElement\":[{\"@type\":\"ListItem\",\"position\":1,\"name\":\"Trang ch\u1ee7\",\"item\":\"https:\/\/nge.vn\/\"},{\"@type\":\"ListItem\",\"position\":2,\"name\":\"S\u1ea3n ph\u1ea9m\",\"item\":\"https:\/\/nge.vn\/san-pham\/\"},{\"@type\":\"ListItem\",\"position\":3,\"name\":\"Nh\u1ef1a in 3d ESUN Re-Filament PLA+ (kh\u00f4ng l\u00f5i) 1kg\/Cu\u1ed9n\"}]},{\"@type\":\"WebSite\",\"@id\":\"https:\/\/nge.vn\/#website\",\"url\":\"https:\/\/nge.vn\/\",\"name\":\"NGE 3D Printers Services\",\"description\":\"\",\"potentialAction\":[{\"@type\":\"SearchAction\",\"target\":{\"@type\":\"EntryPoint\",\"urlTemplate\":\"https:\/\/nge.vn\/?s={search_term_string}\"},\"query-input\":{\"@type\":\"PropertyValueSpecification\",\"valueRequired\":true,\"valueName\":\"search_term_string\"}}],\"inLanguage\":\"en-US\"}]}<\/script>\n<!-- \/ Yoast SEO Premium plugin. -->","yoast_head_json":{"title":"Nh\u1ef1a in 3d ESUN Re-Filament PLA+ (kh\u00f4ng l\u00f5i) 1kg\/Cu\u1ed9n - NGE 3D Printers Services","description":"Nh\u1ef1a in 3D eSun Re-Filament PLA+ kh\u00f4ng l\u00f5i, ch\u1ea5t l\u01b0\u1ee3ng cao, th\u00e2n thi\u1ec7n m\u00f4i tr\u01b0\u1eddng, ch\u1ed1ng r\u1ed1i, b\u1ec1 m\u1eb7t in m\u1ecbn, th\u00edch h\u1ee3p cho in k\u1ef9 thu\u1eadt v\u00e0 m\u00f4 h\u00ecnh l\u1edbn.","robots":{"index":"index","follow":"follow","max-snippet":"max-snippet:-1","max-image-preview":"max-image-preview:large","max-video-preview":"max-video-preview:-1"},"canonical":"https:\/\/nge.vn\/en\/product\/nhua-in-3d-esun-re-filament-pla-khong-loi-1kg-cuon\/","og_locale":"en_US","og_type":"article","og_title":"Nh\u1ef1a in 3d ESUN Re-Filament PLA+ (kh\u00f4ng l\u00f5i) 1kg\/Cu\u1ed9n","og_description":"Nh\u1ef1a in 3D eSun Re-Filament PLA+ kh\u00f4ng l\u00f5i, ch\u1ea5t l\u01b0\u1ee3ng cao, th\u00e2n thi\u1ec7n m\u00f4i tr\u01b0\u1eddng, ch\u1ed1ng r\u1ed1i, b\u1ec1 m\u1eb7t in m\u1ecbn, th\u00edch h\u1ee3p cho in k\u1ef9 thu\u1eadt v\u00e0 m\u00f4 h\u00ecnh l\u1edbn.","og_url":"https:\/\/nge.vn\/en\/product\/nhua-in-3d-esun-re-filament-pla-khong-loi-1kg-cuon\/","og_site_name":"NGE 3D Printers Services","article_modified_time":"2025-08-30T10:00:24+00:00","og_image":[{"width":918,"height":918,"url":"https:\/\/nge.vn\/wp-content\/uploads\/2024\/10\/images-upload-woo2F8c355c869ad7fc18780d6fd76368aff1.jpg","type":"image\/jpeg"}],"twitter_card":"summary_large_image","twitter_misc":{"Est. reading time":"3 minutes"},"schema":{"@context":"https:\/\/schema.org","@graph":[{"@type":"WebPage","@id":"https:\/\/nge.vn\/san-pham\/nhua-in-3d-esun-re-filament-pla-khong-loi-1kg-cuon\/","url":"https:\/\/nge.vn\/san-pham\/nhua-in-3d-esun-re-filament-pla-khong-loi-1kg-cuon\/","name":"Nh\u1ef1a in 3d ESUN Re-Filament PLA+ (kh\u00f4ng l\u00f5i) 1kg\/Cu\u1ed9n - NGE 3D Printers Services","isPartOf":{"@id":"https:\/\/nge.vn\/#website"},"primaryImageOfPage":{"@id":"https:\/\/nge.vn\/san-pham\/nhua-in-3d-esun-re-filament-pla-khong-loi-1kg-cuon\/#primaryimage"},"image":{"@id":"https:\/\/nge.vn\/san-pham\/nhua-in-3d-esun-re-filament-pla-khong-loi-1kg-cuon\/#primaryimage"},"thumbnailUrl":"https:\/\/nge.vn\/wp-content\/uploads\/2024\/10\/images-upload-woo2F8c355c869ad7fc18780d6fd76368aff1.jpg","datePublished":"2025-07-08T11:10:18+00:00","dateModified":"2025-08-30T10:00:24+00:00","description":"Nh\u1ef1a in 3D eSun Re-Filament PLA+ kh\u00f4ng l\u00f5i, ch\u1ea5t l\u01b0\u1ee3ng cao, th\u00e2n thi\u1ec7n m\u00f4i tr\u01b0\u1eddng, ch\u1ed1ng r\u1ed1i, b\u1ec1 m\u1eb7t in m\u1ecbn, th\u00edch h\u1ee3p cho in k\u1ef9 thu\u1eadt v\u00e0 m\u00f4 h\u00ecnh l\u1edbn.","breadcrumb":{"@id":"https:\/\/nge.vn\/san-pham\/nhua-in-3d-esun-re-filament-pla-khong-loi-1kg-cuon\/#breadcrumb"},"inLanguage":"en-US","potentialAction":[{"@type":"ReadAction","target":["https:\/\/nge.vn\/san-pham\/nhua-in-3d-esun-re-filament-pla-khong-loi-1kg-cuon\/"]}]},{"@type":"ImageObject","inLanguage":"en-US","@id":"https:\/\/nge.vn\/san-pham\/nhua-in-3d-esun-re-filament-pla-khong-loi-1kg-cuon\/#primaryimage","url":"https:\/\/nge.vn\/wp-content\/uploads\/2024\/10\/images-upload-woo2F8c355c869ad7fc18780d6fd76368aff1.jpg","contentUrl":"https:\/\/nge.vn\/wp-content\/uploads\/2024\/10\/images-upload-woo2F8c355c869ad7fc18780d6fd76368aff1.jpg","width":918,"height":918},{"@type":"BreadcrumbList","@id":"https:\/\/nge.vn\/san-pham\/nhua-in-3d-esun-re-filament-pla-khong-loi-1kg-cuon\/#breadcrumb","itemListElement":[{"@type":"ListItem","position":1,"name":"Trang ch\u1ee7","item":"https:\/\/nge.vn\/"},{"@type":"ListItem","position":2,"name":"S\u1ea3n ph\u1ea9m","item":"https:\/\/nge.vn\/san-pham\/"},{"@type":"ListItem","position":3,"name":"Nh\u1ef1a in 3d ESUN Re-Filament PLA+ (kh\u00f4ng l\u00f5i) 1kg\/Cu\u1ed9n"}]},{"@type":"WebSite","@id":"https:\/\/nge.vn\/#website","url":"https:\/\/nge.vn\/","name":"NGE 3D Printers Services","description":"","potentialAction":[{"@type":"SearchAction","target":{"@type":"EntryPoint","urlTemplate":"https:\/\/nge.vn\/?s={search_term_string}"},"query-input":{"@type":"PropertyValueSpecification","valueRequired":true,"valueName":"search_term_string"}}],"inLanguage":"en-US"}]}},"_links":{"self":[{"href":"https:\/\/nge.vn\/en\/wp-json\/wp\/v2\/product\/2752","targetHints":{"allow":["GET"]}}],"collection":[{"href":"https:\/\/nge.vn\/en\/wp-json\/wp\/v2\/product"}],"about":[{"href":"https:\/\/nge.vn\/en\/wp-json\/wp\/v2\/types\/product"}],"replies":[{"embeddable":true,"href":"https:\/\/nge.vn\/en\/wp-json\/wp\/v2\/comments?post=2752"}],"wp:featuredmedia":[{"embeddable":true,"href":"https:\/\/nge.vn\/en\/wp-json\/wp\/v2\/media\/2743"}],"wp:attachment":[{"href":"https:\/\/nge.vn\/en\/wp-json\/wp\/v2\/media?parent=2752"}],"wp:term":[{"taxonomy":"product_brand","embeddable":true,"href":"https:\/\/nge.vn\/en\/wp-json\/wp\/v2\/product_brand?post=2752"},{"taxonomy":"product_cat","embeddable":true,"href":"https:\/\/nge.vn\/en\/wp-json\/wp\/v2\/product_cat?post=2752"},{"taxonomy":"product_tag","embeddable":true,"href":"https:\/\/nge.vn\/en\/wp-json\/wp\/v2\/product_tag?post=2752"}],"curies":[{"name":"wp","href":"https:\/\/api.w.org\/{rel}","templated":true}]}}