{"id":2731,"date":"2024-10-26T14:12:27","date_gmt":"2024-10-26T07:12:27","guid":{"rendered":"https:\/\/nge.123websitedev.com\/san-pham\/nhua-in-3d-esun-epla-cf-carbon-chat-luong-cao-1kg-cuon\/"},"modified":"2025-08-29T18:07:35","modified_gmt":"2025-08-29T11:07:35","slug":"nhua-in-3d-esun-epla-cf-carbon-chat-luong-cao-1kg-cuon","status":"publish","type":"product","link":"https:\/\/nge.vn\/en\/product\/nhua-in-3d-esun-epla-cf-carbon-chat-luong-cao-1kg-cuon\/","title":{"rendered":"Nh\u1ef1a in 3d ESUN ePLA-CF carbon ch\u1ea5t l\u01b0\u1ee3ng cao 1kg\/ Cu\u1ed9n"},"content":{"rendered":"<p>Nh\u1ef1a in 3d ESUN ePLA-CF carbon ch\u1ea5t l\u01b0\u1ee3ng cao 1kg\/ Cu\u1ed9n<br \/>\nB\u1eb1ng c\u00e1ch k\u1ebft h\u1ee3p s\u1ee3i carbon c\u1eaft ng\u1eafn t\u1ea9m h\u1eefu c\u01a1 nh\u1eadp kh\u1ea9u t\u1eeb \u0110\u1ee9c v\u00e0o PLA, ch\u00fang t\u00f4i \u0111\u00e3 n\u00e2ng cao \u0111\u1ed9 b\u1ec1n t\u0103ng c\u01b0\u1eddng s\u1ee9c m\u1ea1nh v\u00e0 m\u00f4 \u0111un c\u1ee7a v\u1eadt li\u1ec7u. Vi\u1ec7c b\u1ed5 sung s\u1ee3i carbon kh\u00f4ng ch\u1ec9 c\u1ee7ng c\u1ed1 PLA m\u00e0 c\u00f2n mang l\u1ea1i cho n\u00f3 v\u1ebb ngo\u00e0i m\u1edd v\u00e0 k\u1ebft c\u1ea5u phun c\u00e1t s\u1ee3i carbon \u0111\u1eb7c bi\u1ec7t. D\u00f9 \u0111\u01b0\u1ee3c s\u1eed d\u1ee5ng l\u00e0m th\u00e0nh ph\u1ea7n k\u1ebft c\u1ea5u hay v\u00ec m\u1ee5c \u0111\u00edch th\u1ea9m m\u1ef9, ePLA-CF \u0111\u1ec1u v\u01b0\u1ee3t tr\u1ed9i nh\u1edd c\u00e1c thu\u1ed9c t\u00ednh v\u01b0\u1ee3t tr\u1ed9i c\u1ee7a n\u00f3. Hi\u1ec7u su\u1ea5t in c\u1ee7a n\u00f3 r\u1ea5t \u0111\u1eb7c bi\u1ec7t, khi\u1ebfn n\u00f3 ph\u00f9 h\u1ee3p \u0111\u1ec3 in t\u1ed1c \u0111\u1ed9 cao.<\/p>\n<p>_S\u1ee3i nh\u1ef1a m\u00e1y In 3d ESUN S\u1ee3i Carbon PLA 1kg 1.75MM In Nhanh PLA-CF S\u1ee3i nh\u1ef1a PLA Carbon Cao C\u1ea5p<\/p>\n<p>+Th\u01b0\u01a1ng hi\u1ec7u: ESUN<br \/>\n+Ch\u1ea5t li\u1ec7u: Polylactic Acid<br \/>\n+M\u00e0u s\u1eafc: D-black<br \/>\n+Tr\u1ecdng l\u01b0\u1ee3ng s\u1ea3n ph\u1ea9m: 1 kg<br \/>\n+\u0110\u01b0\u1eddng k\u00ednh s\u1ea3n ph\u1ea9m: 1,75 mm<\/p>\n<p>+C\u01b0\u1eddng \u0111\u1ed9 cao<br \/>\n+B\u1ec1 ngo\u00e0i m\u1edd<br \/>\n+K\u1ebft c\u1ea5u m\u1edd b\u1eb1ng s\u1ee3i carbon<br \/>\n+Kh\u1ea3 n\u0103ng in tuy\u1ec7t v\u1eddi<br \/>\n+In t\u1ed1c \u0111\u1ed9 cao<\/p>\n<p>_\u1ee8ng d\u1ee5ng: C\u01a1 kh\u00ed, H\u00f3a k\u1ef9 thu\u1eadt \u0110\u1ed3, \u0111\u1ea1c v\u00e0 ph\u1ee5 ki\u1ec7n, Robot, Drone (M\u00e1y bay kh\u00f4ng ng\u01b0\u1eddi l\u00e1i), \u00d4 t\u00f4, D\u1ec7t may, H\u00e0ng kh\u00f4ng v\u0169 tr\u1ee5<\/p>\n<p>1.N\u1ebfu hi\u1ec7u su\u1ea5t in b\u1ecb gi\u1ea3m v\u1edbi ePLA-CF, b\u1ea1n n\u00ean s\u1ea5y kh\u00f4 tr\u01b0\u1edbc (40\u00b0C\/ 4H) tr\u01b0\u1edbc khi in \u0111\u1ec3 \u0111\u1ea1t \u0111\u01b0\u1ee3c k\u1ebft qu\u1ea3 in t\u1ed1t nh\u1ea5t. Trong qu\u00e1 tr\u00ecnh in, n\u00ean s\u1eed d\u1ee5ng k\u1ebft h\u1ee3p v\u1edbi h\u1ed9p s\u1ea5y s\u1ee3i nh\u1ef1a eBOX Lite.<\/p>\n<p>2. D\u00e2y t\u00f3c ePLA-CF t\u01b0\u01a1ng \u0111\u1ed1i c\u1ee9ng v\u00e0 kh\u00f4ng n\u00ean u\u1ed1n cong qu\u00e1 m\u1ee9c. Trong \u0111\u01b0\u1eddng \u1ed1ng c\u1ea5p li\u1ec7u, c\u1ed1 g\u1eafng tr\u00e1nh d\u00e2y t\u00f3c b\u1ecb u\u1ed1n cong qu\u00e1 m\u1ee9c \u0111\u1ec3 tr\u00e1nh b\u1ecb \u0111\u1ee9t.<\/p>\n<p>3.ePLA-CF ch\u1ee9a s\u1ee3i carbon v\u00e0 vi\u1ec7c s\u1eed d\u1ee5ng k\u00e9o d\u00e0i c\u00f3 th\u1ec3 g\u00e2y m\u00e0i m\u00f2n qu\u00e1 m\u1ee9c tr\u00ean v\u00f2i phun v\u00e0 b\u00e1nh r\u0103ng m\u00e1y \u0111\u00f9n. N\u00ean s\u1eed d\u1ee5ng v\u00f2i phun b\u1eb1ng th\u00e9p c\u1ee9ng ho\u1eb7c v\u00f2i phun h\u1ed3ng ng\u1ecdc, v\u00e0 n\u1ebfu c\u00f3 th\u1ec3, h\u00e3y ch\u1ecdn b\u00e1nh r\u0103ng m\u00e1y \u0111\u00f9n b\u1eb1ng th\u00e9p c\u1ee9ng.<\/p>\n<p>**\u0110\u1ec3 \u0111\u01b0\u1ee3c nh\u1eadn h\u1ed9 tr\u1ee3 th\u00eam v\u1ec1 Gi\u00e1 v\u00e0 Th\u00f4ng tin c\u1ee7a s\u1ea3n ph\u1ea9m, vui l\u00f2ng li\u00ean h\u1ec7:<br \/>\n0913.939.775 g\u1eb7p A. Qu\u00e2n (for English)<br \/>\n094.144.0951 contact A.Quynh<br \/>\n**Selling price does not include VAT (+10% if VAT invoice is issued)<\/p>","protected":false},"excerpt":{"rendered":"<p>Nh\u1ef1a in 3d ESUN ePLA-CF carbon ch\u1ea5t l\u01b0\u1ee3ng cao 1kg\/ Cu\u1ed9n<\/p>","protected":false},"featured_media":2722,"comment_status":"open","ping_status":"closed","template":"","meta":{"inline_featured_image":false},"product_brand":[],"product_cat":[455,464],"product_tag":[],"class_list":{"0":"post-2731","1":"product","2":"type-product","3":"status-publish","4":"has-post-thumbnail","6":"product_cat-nhua-in-3d","7":"product_cat-nhua-in-3d-resin-esun","9":"first","10":"instock","11":"taxable","12":"shipping-taxable","13":"purchasable","14":"product-type-variable"},"yoast_head":"<!-- This site is optimized with the Yoast SEO Premium plugin v22.8 (Yoast SEO v26.9) - https:\/\/yoast.com\/product\/yoast-seo-premium-wordpress\/ -->\n<title>Nh\u1ef1a in 3d ESUN ePLA-CF carbon ch\u1ea5t l\u01b0\u1ee3ng cao 1kg\/ Cu\u1ed9n - NGE 3D Printers Services<\/title>\n<meta name=\"robots\" content=\"index, follow, max-snippet:-1, max-image-preview:large, max-video-preview:-1\" \/>\n<link rel=\"canonical\" href=\"https:\/\/nge.vn\/en\/product\/nhua-in-3d-esun-epla-cf-carbon-chat-luong-cao-1kg-cuon\/\" \/>\n<meta property=\"og:locale\" content=\"en_US\" \/>\n<meta property=\"og:type\" content=\"article\" \/>\n<meta property=\"og:title\" content=\"Nh\u1ef1a in 3d ESUN ePLA-CF carbon ch\u1ea5t l\u01b0\u1ee3ng cao 1kg\/ Cu\u1ed9n\" \/>\n<meta property=\"og:description\" content=\"Nh\u1ef1a in 3d ESUN ePLA-CF carbon ch\u1ea5t l\u01b0\u1ee3ng cao 1kg\/ Cu\u1ed9n\" \/>\n<meta property=\"og:url\" content=\"https:\/\/nge.vn\/en\/product\/nhua-in-3d-esun-epla-cf-carbon-chat-luong-cao-1kg-cuon\/\" \/>\n<meta property=\"og:site_name\" content=\"NGE 3D Printers Services\" \/>\n<meta property=\"article:modified_time\" content=\"2025-08-29T11:07:35+00:00\" \/>\n<meta property=\"og:image\" content=\"https:\/\/nge.vn\/wp-content\/uploads\/2024\/10\/images-upload-woo2F4f467b4de418285d391858cd8e1b1c7d.jpg\" \/>\n\t<meta property=\"og:image:width\" content=\"611\" \/>\n\t<meta property=\"og:image:height\" content=\"611\" \/>\n\t<meta property=\"og:image:type\" content=\"image\/jpeg\" \/>\n<meta name=\"twitter:card\" content=\"summary_large_image\" \/>\n<meta name=\"twitter:label1\" content=\"Est. reading time\" \/>\n\t<meta name=\"twitter:data1\" content=\"3 minutes\" \/>\n<script type=\"application\/ld+json\" class=\"yoast-schema-graph\">{\"@context\":\"https:\/\/schema.org\",\"@graph\":[{\"@type\":\"WebPage\",\"@id\":\"https:\/\/nge.vn\/san-pham\/nhua-in-3d-esun-epla-cf-carbon-chat-luong-cao-1kg-cuon\/\",\"url\":\"https:\/\/nge.vn\/san-pham\/nhua-in-3d-esun-epla-cf-carbon-chat-luong-cao-1kg-cuon\/\",\"name\":\"Nh\u1ef1a in 3d ESUN ePLA-CF carbon ch\u1ea5t l\u01b0\u1ee3ng cao 1kg\/ Cu\u1ed9n - NGE 3D Printers Services\",\"isPartOf\":{\"@id\":\"https:\/\/nge.vn\/#website\"},\"primaryImageOfPage\":{\"@id\":\"https:\/\/nge.vn\/san-pham\/nhua-in-3d-esun-epla-cf-carbon-chat-luong-cao-1kg-cuon\/#primaryimage\"},\"image\":{\"@id\":\"https:\/\/nge.vn\/san-pham\/nhua-in-3d-esun-epla-cf-carbon-chat-luong-cao-1kg-cuon\/#primaryimage\"},\"thumbnailUrl\":\"https:\/\/nge.vn\/wp-content\/uploads\/2024\/10\/images-upload-woo2F4f467b4de418285d391858cd8e1b1c7d.jpg\",\"datePublished\":\"2024-10-26T07:12:27+00:00\",\"dateModified\":\"2025-08-29T11:07:35+00:00\",\"breadcrumb\":{\"@id\":\"https:\/\/nge.vn\/san-pham\/nhua-in-3d-esun-epla-cf-carbon-chat-luong-cao-1kg-cuon\/#breadcrumb\"},\"inLanguage\":\"en-US\",\"potentialAction\":[{\"@type\":\"ReadAction\",\"target\":[\"https:\/\/nge.vn\/san-pham\/nhua-in-3d-esun-epla-cf-carbon-chat-luong-cao-1kg-cuon\/\"]}]},{\"@type\":\"ImageObject\",\"inLanguage\":\"en-US\",\"@id\":\"https:\/\/nge.vn\/san-pham\/nhua-in-3d-esun-epla-cf-carbon-chat-luong-cao-1kg-cuon\/#primaryimage\",\"url\":\"https:\/\/nge.vn\/wp-content\/uploads\/2024\/10\/images-upload-woo2F4f467b4de418285d391858cd8e1b1c7d.jpg\",\"contentUrl\":\"https:\/\/nge.vn\/wp-content\/uploads\/2024\/10\/images-upload-woo2F4f467b4de418285d391858cd8e1b1c7d.jpg\",\"width\":611,\"height\":611},{\"@type\":\"BreadcrumbList\",\"@id\":\"https:\/\/nge.vn\/san-pham\/nhua-in-3d-esun-epla-cf-carbon-chat-luong-cao-1kg-cuon\/#breadcrumb\",\"itemListElement\":[{\"@type\":\"ListItem\",\"position\":1,\"name\":\"Trang ch\u1ee7\",\"item\":\"https:\/\/nge.vn\/\"},{\"@type\":\"ListItem\",\"position\":2,\"name\":\"S\u1ea3n ph\u1ea9m\",\"item\":\"https:\/\/nge.vn\/san-pham\/\"},{\"@type\":\"ListItem\",\"position\":3,\"name\":\"Nh\u1ef1a in 3d ESUN ePLA-CF carbon ch\u1ea5t l\u01b0\u1ee3ng cao 1kg\/ Cu\u1ed9n\"}]},{\"@type\":\"WebSite\",\"@id\":\"https:\/\/nge.vn\/#website\",\"url\":\"https:\/\/nge.vn\/\",\"name\":\"NGE 3D Printers Services\",\"description\":\"\",\"potentialAction\":[{\"@type\":\"SearchAction\",\"target\":{\"@type\":\"EntryPoint\",\"urlTemplate\":\"https:\/\/nge.vn\/?s={search_term_string}\"},\"query-input\":{\"@type\":\"PropertyValueSpecification\",\"valueRequired\":true,\"valueName\":\"search_term_string\"}}],\"inLanguage\":\"en-US\"}]}<\/script>\n<!-- \/ Yoast SEO Premium plugin. -->","yoast_head_json":{"title":"Nh\u1ef1a in 3d ESUN ePLA-CF carbon ch\u1ea5t l\u01b0\u1ee3ng cao 1kg\/ Cu\u1ed9n - NGE 3D Printers Services","robots":{"index":"index","follow":"follow","max-snippet":"max-snippet:-1","max-image-preview":"max-image-preview:large","max-video-preview":"max-video-preview:-1"},"canonical":"https:\/\/nge.vn\/en\/product\/nhua-in-3d-esun-epla-cf-carbon-chat-luong-cao-1kg-cuon\/","og_locale":"en_US","og_type":"article","og_title":"Nh\u1ef1a in 3d ESUN ePLA-CF carbon ch\u1ea5t l\u01b0\u1ee3ng cao 1kg\/ Cu\u1ed9n","og_description":"Nh\u1ef1a in 3d ESUN ePLA-CF carbon ch\u1ea5t l\u01b0\u1ee3ng cao 1kg\/ Cu\u1ed9n","og_url":"https:\/\/nge.vn\/en\/product\/nhua-in-3d-esun-epla-cf-carbon-chat-luong-cao-1kg-cuon\/","og_site_name":"NGE 3D Printers Services","article_modified_time":"2025-08-29T11:07:35+00:00","og_image":[{"width":611,"height":611,"url":"https:\/\/nge.vn\/wp-content\/uploads\/2024\/10\/images-upload-woo2F4f467b4de418285d391858cd8e1b1c7d.jpg","type":"image\/jpeg"}],"twitter_card":"summary_large_image","twitter_misc":{"Est. reading time":"3 minutes"},"schema":{"@context":"https:\/\/schema.org","@graph":[{"@type":"WebPage","@id":"https:\/\/nge.vn\/san-pham\/nhua-in-3d-esun-epla-cf-carbon-chat-luong-cao-1kg-cuon\/","url":"https:\/\/nge.vn\/san-pham\/nhua-in-3d-esun-epla-cf-carbon-chat-luong-cao-1kg-cuon\/","name":"Nh\u1ef1a in 3d ESUN ePLA-CF carbon ch\u1ea5t l\u01b0\u1ee3ng cao 1kg\/ Cu\u1ed9n - NGE 3D Printers Services","isPartOf":{"@id":"https:\/\/nge.vn\/#website"},"primaryImageOfPage":{"@id":"https:\/\/nge.vn\/san-pham\/nhua-in-3d-esun-epla-cf-carbon-chat-luong-cao-1kg-cuon\/#primaryimage"},"image":{"@id":"https:\/\/nge.vn\/san-pham\/nhua-in-3d-esun-epla-cf-carbon-chat-luong-cao-1kg-cuon\/#primaryimage"},"thumbnailUrl":"https:\/\/nge.vn\/wp-content\/uploads\/2024\/10\/images-upload-woo2F4f467b4de418285d391858cd8e1b1c7d.jpg","datePublished":"2024-10-26T07:12:27+00:00","dateModified":"2025-08-29T11:07:35+00:00","breadcrumb":{"@id":"https:\/\/nge.vn\/san-pham\/nhua-in-3d-esun-epla-cf-carbon-chat-luong-cao-1kg-cuon\/#breadcrumb"},"inLanguage":"en-US","potentialAction":[{"@type":"ReadAction","target":["https:\/\/nge.vn\/san-pham\/nhua-in-3d-esun-epla-cf-carbon-chat-luong-cao-1kg-cuon\/"]}]},{"@type":"ImageObject","inLanguage":"en-US","@id":"https:\/\/nge.vn\/san-pham\/nhua-in-3d-esun-epla-cf-carbon-chat-luong-cao-1kg-cuon\/#primaryimage","url":"https:\/\/nge.vn\/wp-content\/uploads\/2024\/10\/images-upload-woo2F4f467b4de418285d391858cd8e1b1c7d.jpg","contentUrl":"https:\/\/nge.vn\/wp-content\/uploads\/2024\/10\/images-upload-woo2F4f467b4de418285d391858cd8e1b1c7d.jpg","width":611,"height":611},{"@type":"BreadcrumbList","@id":"https:\/\/nge.vn\/san-pham\/nhua-in-3d-esun-epla-cf-carbon-chat-luong-cao-1kg-cuon\/#breadcrumb","itemListElement":[{"@type":"ListItem","position":1,"name":"Trang ch\u1ee7","item":"https:\/\/nge.vn\/"},{"@type":"ListItem","position":2,"name":"S\u1ea3n ph\u1ea9m","item":"https:\/\/nge.vn\/san-pham\/"},{"@type":"ListItem","position":3,"name":"Nh\u1ef1a in 3d ESUN ePLA-CF carbon ch\u1ea5t l\u01b0\u1ee3ng cao 1kg\/ Cu\u1ed9n"}]},{"@type":"WebSite","@id":"https:\/\/nge.vn\/#website","url":"https:\/\/nge.vn\/","name":"NGE 3D Printers Services","description":"","potentialAction":[{"@type":"SearchAction","target":{"@type":"EntryPoint","urlTemplate":"https:\/\/nge.vn\/?s={search_term_string}"},"query-input":{"@type":"PropertyValueSpecification","valueRequired":true,"valueName":"search_term_string"}}],"inLanguage":"en-US"}]}},"_links":{"self":[{"href":"https:\/\/nge.vn\/en\/wp-json\/wp\/v2\/product\/2731","targetHints":{"allow":["GET"]}}],"collection":[{"href":"https:\/\/nge.vn\/en\/wp-json\/wp\/v2\/product"}],"about":[{"href":"https:\/\/nge.vn\/en\/wp-json\/wp\/v2\/types\/product"}],"replies":[{"embeddable":true,"href":"https:\/\/nge.vn\/en\/wp-json\/wp\/v2\/comments?post=2731"}],"wp:featuredmedia":[{"embeddable":true,"href":"https:\/\/nge.vn\/en\/wp-json\/wp\/v2\/media\/2722"}],"wp:attachment":[{"href":"https:\/\/nge.vn\/en\/wp-json\/wp\/v2\/media?parent=2731"}],"wp:term":[{"taxonomy":"product_brand","embeddable":true,"href":"https:\/\/nge.vn\/en\/wp-json\/wp\/v2\/product_brand?post=2731"},{"taxonomy":"product_cat","embeddable":true,"href":"https:\/\/nge.vn\/en\/wp-json\/wp\/v2\/product_cat?post=2731"},{"taxonomy":"product_tag","embeddable":true,"href":"https:\/\/nge.vn\/en\/wp-json\/wp\/v2\/product_tag?post=2731"}],"curies":[{"name":"wp","href":"https:\/\/api.w.org\/{rel}","templated":true}]}}