{"id":2715,"date":"2024-10-26T14:07:39","date_gmt":"2024-10-26T07:07:39","guid":{"rendered":"https:\/\/nge.123websitedev.com\/san-pham\/nhua-in-3d-esun-emarble-mau-natural-co-van-nhu-da-cam-thach-1kg-cuon\/"},"modified":"2024-10-29T15:06:50","modified_gmt":"2024-10-29T08:06:50","slug":"nhua-in-3d-esun-emarble-mau-natural-co-van-nhu-da-cam-thach-1kg-cuon","status":"publish","type":"product","link":"https:\/\/nge.vn\/en\/product\/nhua-in-3d-esun-emarble-mau-natural-co-van-nhu-da-cam-thach-1kg-cuon\/","title":{"rendered":"Nh\u1ef1a in 3d eSun eMarble m\u00e0u Natural c\u00f3 v\u00e2n nh\u01b0 \u0111\u00e1 c\u00e2\u0309m tha\u0323ch 1kg\/Cu\u1ed9n"},"content":{"rendered":"<p>Nh\u1ef1a in 3d eSun eMarble m\u00e0u Natural c\u00f3 v\u00e2n nh\u01b0 c\u00e2\u0309m tha\u0323ch 1kg\/Cu\u1ed9n<br \/>\nGi\u1ea3 \u0111\u00e1 c\u1ea9m th\u1ea1ch \/ B\u1ec1 m\u1eb7t m\u1edd \/ D\u1ec5 in<br \/>\n_eMarble l\u00e0 v\u1eadt li\u1ec7u in 3D d\u1ef1a tr\u00ean PLA v\u1edbi v\u1ebb ngo\u00e0i m\u00e1t m\u1ebb c\u00f3 v\u00e2n nh\u01b0 \u0111\u00e1 c\u1ea9m th\u1ea1ch v\u00e0 \u0111\u1eb7c \u0111i\u1ec3m d\u1ec5 in nh\u01b0 PLA.<\/p>\n<p>_\u0110\u01b0\u1eddng n\u00e9t r\u00f5 r\u00e0ng r\u00f5 r\u00e0ng, K\u1ebft c\u1ea5u th\u1ef1c t\u1ebf<br \/>\nTr\u00ean c\u01a1 s\u1edf v\u1eadt li\u1ec7u th\u00f4 PLA, v\u1eadt li\u1ec7u c\u00f3 c\u00e1c y\u1ebfu t\u1ed1 gi\u1ea3 \u0111\u00e1 c\u1ea9m th\u1ea1ch \u0111\u01b0\u1ee3c th\u00eam v\u00e0o. N\u00f3 l\u00e0m cho m\u00f4 h\u00ecnh th\u1ec3 hi\u1ec7n s\u1ef1 xu\u1ea5t hi\u1ec7n c\u1ee7a gi\u1ea3 \u0111\u00e1 c\u1ea9m th\u1ea1ch, v\u1edbi c\u00e1c \u0111\u01b0\u1eddng n\u00e9t r\u00f5 r\u00e0ng v\u00e0 k\u1ebft c\u1ea5u th\u1ef1c t\u1ebf.<\/p>\n<p>_B\u1ec1 m\u1eb7t m\u1edd<br \/>\nTinh t\u1ebf v\u00e0 kh\u00f4ng l\u1edbp, hi\u1ec7u \u1ee9ng in \u1ea5n t\u1ed1t<\/p>\n<p>_Kh\u00f4ng cong v\u00eanh \/ Bong g\u00f3c<br \/>\nD\u1ec5 d\u00e0ng in m\u00f4 h\u00ecnh l\u1edbn<\/p>\n<p>_Th\u00e2n thi\u1ec7n v\u1edbi m\u00f4i tr\u01b0\u1eddng v\u00e0 kh\u00f4ng \u0111\u1ed9c h\u1ea1i<br \/>\nV\u1eadt li\u1ec7u sinh h\u1ecdc, tinh ch\u1ebf h\u1ea1t ng\u00f4<\/p>\n<p>_Kh\u1ea3 n\u0103ng t\u01b0\u01a1ng th\u00edch<br \/>\nC\u00e1c d\u00f2ng m\u00e1y ph\u1ed5 th\u00f4ng, t\u01b0\u01a1ng th\u00edch v\u1edbi 99,99% m\u00e1y in FDM tr\u00ean th\u1ecb tr\u01b0\u1eddng;<\/p>\n<p>_L\u0129nh v\u1ef1c \u1ee9ng d\u1ee5ng<br \/>\nIn cho ph\u1ee5 ki\u1ec7n, \u0111\u1ed3 trang tr\u00ed, \u0111\u1ed3 ch\u01a1i, t\u00e1c ph\u1ea9m \u0111i\u00eau kh\u1eafc, v\u1ecf b\u1ecdc, \u0111\u1ed3 cosplay, v.v.<\/p>\n<p>**G\u1ee3i \u00fd c\u00e0i \u0111\u1eb7t:<br \/>\n+Nhi\u1ec7t \u0111\u1ed9 in \u0111\u1ec1 xu\u1ea5t: 190~230\u2103<br \/>\n+B\u00e0n nhi\u1ec7t: 45-60\u2103<br \/>\n+Qu\u1ea1t: 100%<br \/>\n+T\u1ed1c \u0111\u1ed9 in: 40-100mm\/s<\/p>\n<p>***Recommended printing parameters =&gt;https:\/\/www.esun3d.com\/uploads\/eSUN_eMarble-Filament_TDS_V4.0.pdf<\/p>\n<p>**\u0110\u1ec3 \u0111\u01b0\u1ee3c nh\u1eadn \u0111\u01b0\u1ee3c gi\u00e1 \u01b0u \u0111\u00e3i t\u1ed1t nh\u1ea5t vui l\u00f2ng li\u00ean h\u1ec7 mua tr\u1ef1c ti\u1ebfp shop:<br \/>\n     0913.939.775 contact A.Quan (for English)<br \/>\n     094.144.0951 contact A.Quynh<br \/>\n**Selling price does not include VAT (+10% if VAT invoice is issued)<\/p>","protected":false},"excerpt":{"rendered":"<p>Nh\u1ef1a in 3d eSun eMarble m\u00e0u Natural c\u00f3 v\u00e2n nh\u01b0 \u0111\u00e1 c\u00e2\u0309m tha\u0323ch 1kg\/Cu\u1ed9n<\/p>","protected":false},"featured_media":2706,"comment_status":"open","ping_status":"closed","template":"","meta":{"inline_featured_image":false},"product_brand":[],"product_cat":[455,464],"product_tag":[],"class_list":{"0":"post-2715","1":"product","2":"type-product","3":"status-publish","4":"has-post-thumbnail","6":"product_cat-nhua-in-3d","7":"product_cat-nhua-in-3d-resin-esun","9":"first","10":"instock","11":"taxable","12":"shipping-taxable","13":"purchasable","14":"product-type-simple"},"yoast_head":"<!-- This site is optimized with the Yoast SEO Premium plugin v22.8 (Yoast SEO v26.9) - https:\/\/yoast.com\/product\/yoast-seo-premium-wordpress\/ -->\n<title>Nh\u1ef1a in 3d eSun eMarble m\u00e0u Natural c\u00f3 v\u00e2n nh\u01b0 \u0111\u00e1 c\u00e2\u0309m tha\u0323ch 1kg\/Cu\u1ed9n - NGE 3D Printers Services<\/title>\n<meta name=\"robots\" content=\"index, follow, max-snippet:-1, max-image-preview:large, max-video-preview:-1\" \/>\n<link rel=\"canonical\" href=\"https:\/\/nge.vn\/en\/product\/nhua-in-3d-esun-emarble-mau-natural-co-van-nhu-da-cam-thach-1kg-cuon\/\" \/>\n<meta property=\"og:locale\" content=\"en_US\" \/>\n<meta property=\"og:type\" content=\"article\" \/>\n<meta property=\"og:title\" content=\"Nh\u1ef1a in 3d eSun eMarble m\u00e0u Natural c\u00f3 v\u00e2n nh\u01b0 \u0111\u00e1 c\u00e2\u0309m tha\u0323ch 1kg\/Cu\u1ed9n\" \/>\n<meta property=\"og:description\" content=\"Nh\u1ef1a in 3d eSun eMarble m\u00e0u Natural c\u00f3 v\u00e2n nh\u01b0 \u0111\u00e1 c\u00e2\u0309m tha\u0323ch 1kg\/Cu\u1ed9n\" \/>\n<meta property=\"og:url\" content=\"https:\/\/nge.vn\/en\/product\/nhua-in-3d-esun-emarble-mau-natural-co-van-nhu-da-cam-thach-1kg-cuon\/\" \/>\n<meta property=\"og:site_name\" content=\"NGE 3D Printers Services\" \/>\n<meta property=\"article:modified_time\" content=\"2024-10-29T08:06:50+00:00\" \/>\n<meta property=\"og:image\" content=\"https:\/\/nge.vn\/wp-content\/uploads\/2024\/10\/images-upload-woo2F048f612d62b2e4ecb16e4b28ac831449.jpg\" \/>\n\t<meta property=\"og:image:width\" content=\"591\" \/>\n\t<meta property=\"og:image:height\" content=\"591\" \/>\n\t<meta property=\"og:image:type\" content=\"image\/jpeg\" \/>\n<meta name=\"twitter:card\" content=\"summary_large_image\" \/>\n<meta name=\"twitter:label1\" content=\"Est. reading time\" \/>\n\t<meta name=\"twitter:data1\" content=\"2 minutes\" \/>\n<script type=\"application\/ld+json\" class=\"yoast-schema-graph\">{\"@context\":\"https:\/\/schema.org\",\"@graph\":[{\"@type\":\"WebPage\",\"@id\":\"https:\/\/nge.vn\/san-pham\/nhua-in-3d-esun-emarble-mau-natural-co-van-nhu-da-cam-thach-1kg-cuon\/\",\"url\":\"https:\/\/nge.vn\/san-pham\/nhua-in-3d-esun-emarble-mau-natural-co-van-nhu-da-cam-thach-1kg-cuon\/\",\"name\":\"Nh\u1ef1a in 3d eSun eMarble m\u00e0u Natural c\u00f3 v\u00e2n nh\u01b0 \u0111\u00e1 c\u00e2\u0309m tha\u0323ch 1kg\/Cu\u1ed9n - NGE 3D Printers Services\",\"isPartOf\":{\"@id\":\"https:\/\/nge.vn\/#website\"},\"primaryImageOfPage\":{\"@id\":\"https:\/\/nge.vn\/san-pham\/nhua-in-3d-esun-emarble-mau-natural-co-van-nhu-da-cam-thach-1kg-cuon\/#primaryimage\"},\"image\":{\"@id\":\"https:\/\/nge.vn\/san-pham\/nhua-in-3d-esun-emarble-mau-natural-co-van-nhu-da-cam-thach-1kg-cuon\/#primaryimage\"},\"thumbnailUrl\":\"https:\/\/nge.vn\/wp-content\/uploads\/2024\/10\/images-upload-woo2F048f612d62b2e4ecb16e4b28ac831449.jpg\",\"datePublished\":\"2024-10-26T07:07:39+00:00\",\"dateModified\":\"2024-10-29T08:06:50+00:00\",\"breadcrumb\":{\"@id\":\"https:\/\/nge.vn\/san-pham\/nhua-in-3d-esun-emarble-mau-natural-co-van-nhu-da-cam-thach-1kg-cuon\/#breadcrumb\"},\"inLanguage\":\"en-US\",\"potentialAction\":[{\"@type\":\"ReadAction\",\"target\":[\"https:\/\/nge.vn\/san-pham\/nhua-in-3d-esun-emarble-mau-natural-co-van-nhu-da-cam-thach-1kg-cuon\/\"]}]},{\"@type\":\"ImageObject\",\"inLanguage\":\"en-US\",\"@id\":\"https:\/\/nge.vn\/san-pham\/nhua-in-3d-esun-emarble-mau-natural-co-van-nhu-da-cam-thach-1kg-cuon\/#primaryimage\",\"url\":\"https:\/\/nge.vn\/wp-content\/uploads\/2024\/10\/images-upload-woo2F048f612d62b2e4ecb16e4b28ac831449.jpg\",\"contentUrl\":\"https:\/\/nge.vn\/wp-content\/uploads\/2024\/10\/images-upload-woo2F048f612d62b2e4ecb16e4b28ac831449.jpg\",\"width\":591,\"height\":591},{\"@type\":\"BreadcrumbList\",\"@id\":\"https:\/\/nge.vn\/san-pham\/nhua-in-3d-esun-emarble-mau-natural-co-van-nhu-da-cam-thach-1kg-cuon\/#breadcrumb\",\"itemListElement\":[{\"@type\":\"ListItem\",\"position\":1,\"name\":\"Trang ch\u1ee7\",\"item\":\"https:\/\/nge.vn\/\"},{\"@type\":\"ListItem\",\"position\":2,\"name\":\"S\u1ea3n ph\u1ea9m\",\"item\":\"https:\/\/nge.vn\/san-pham\/\"},{\"@type\":\"ListItem\",\"position\":3,\"name\":\"Nh\u1ef1a in 3d eSun eMarble m\u00e0u Natural c\u00f3 v\u00e2n nh\u01b0 \u0111\u00e1 c\u00e2\u0309m tha\u0323ch 1kg\/Cu\u1ed9n\"}]},{\"@type\":\"WebSite\",\"@id\":\"https:\/\/nge.vn\/#website\",\"url\":\"https:\/\/nge.vn\/\",\"name\":\"NGE 3D Printers Services\",\"description\":\"\",\"potentialAction\":[{\"@type\":\"SearchAction\",\"target\":{\"@type\":\"EntryPoint\",\"urlTemplate\":\"https:\/\/nge.vn\/?s={search_term_string}\"},\"query-input\":{\"@type\":\"PropertyValueSpecification\",\"valueRequired\":true,\"valueName\":\"search_term_string\"}}],\"inLanguage\":\"en-US\"}]}<\/script>\n<!-- \/ Yoast SEO Premium plugin. -->","yoast_head_json":{"title":"Nh\u1ef1a in 3d eSun eMarble m\u00e0u Natural c\u00f3 v\u00e2n nh\u01b0 \u0111\u00e1 c\u00e2\u0309m tha\u0323ch 1kg\/Cu\u1ed9n - NGE 3D Printers Services","robots":{"index":"index","follow":"follow","max-snippet":"max-snippet:-1","max-image-preview":"max-image-preview:large","max-video-preview":"max-video-preview:-1"},"canonical":"https:\/\/nge.vn\/en\/product\/nhua-in-3d-esun-emarble-mau-natural-co-van-nhu-da-cam-thach-1kg-cuon\/","og_locale":"en_US","og_type":"article","og_title":"Nh\u1ef1a in 3d eSun eMarble m\u00e0u Natural c\u00f3 v\u00e2n nh\u01b0 \u0111\u00e1 c\u00e2\u0309m tha\u0323ch 1kg\/Cu\u1ed9n","og_description":"Nh\u1ef1a in 3d eSun eMarble m\u00e0u Natural c\u00f3 v\u00e2n nh\u01b0 \u0111\u00e1 c\u00e2\u0309m tha\u0323ch 1kg\/Cu\u1ed9n","og_url":"https:\/\/nge.vn\/en\/product\/nhua-in-3d-esun-emarble-mau-natural-co-van-nhu-da-cam-thach-1kg-cuon\/","og_site_name":"NGE 3D Printers Services","article_modified_time":"2024-10-29T08:06:50+00:00","og_image":[{"width":591,"height":591,"url":"https:\/\/nge.vn\/wp-content\/uploads\/2024\/10\/images-upload-woo2F048f612d62b2e4ecb16e4b28ac831449.jpg","type":"image\/jpeg"}],"twitter_card":"summary_large_image","twitter_misc":{"Est. reading time":"2 minutes"},"schema":{"@context":"https:\/\/schema.org","@graph":[{"@type":"WebPage","@id":"https:\/\/nge.vn\/san-pham\/nhua-in-3d-esun-emarble-mau-natural-co-van-nhu-da-cam-thach-1kg-cuon\/","url":"https:\/\/nge.vn\/san-pham\/nhua-in-3d-esun-emarble-mau-natural-co-van-nhu-da-cam-thach-1kg-cuon\/","name":"Nh\u1ef1a in 3d eSun eMarble m\u00e0u Natural c\u00f3 v\u00e2n nh\u01b0 \u0111\u00e1 c\u00e2\u0309m tha\u0323ch 1kg\/Cu\u1ed9n - NGE 3D Printers Services","isPartOf":{"@id":"https:\/\/nge.vn\/#website"},"primaryImageOfPage":{"@id":"https:\/\/nge.vn\/san-pham\/nhua-in-3d-esun-emarble-mau-natural-co-van-nhu-da-cam-thach-1kg-cuon\/#primaryimage"},"image":{"@id":"https:\/\/nge.vn\/san-pham\/nhua-in-3d-esun-emarble-mau-natural-co-van-nhu-da-cam-thach-1kg-cuon\/#primaryimage"},"thumbnailUrl":"https:\/\/nge.vn\/wp-content\/uploads\/2024\/10\/images-upload-woo2F048f612d62b2e4ecb16e4b28ac831449.jpg","datePublished":"2024-10-26T07:07:39+00:00","dateModified":"2024-10-29T08:06:50+00:00","breadcrumb":{"@id":"https:\/\/nge.vn\/san-pham\/nhua-in-3d-esun-emarble-mau-natural-co-van-nhu-da-cam-thach-1kg-cuon\/#breadcrumb"},"inLanguage":"en-US","potentialAction":[{"@type":"ReadAction","target":["https:\/\/nge.vn\/san-pham\/nhua-in-3d-esun-emarble-mau-natural-co-van-nhu-da-cam-thach-1kg-cuon\/"]}]},{"@type":"ImageObject","inLanguage":"en-US","@id":"https:\/\/nge.vn\/san-pham\/nhua-in-3d-esun-emarble-mau-natural-co-van-nhu-da-cam-thach-1kg-cuon\/#primaryimage","url":"https:\/\/nge.vn\/wp-content\/uploads\/2024\/10\/images-upload-woo2F048f612d62b2e4ecb16e4b28ac831449.jpg","contentUrl":"https:\/\/nge.vn\/wp-content\/uploads\/2024\/10\/images-upload-woo2F048f612d62b2e4ecb16e4b28ac831449.jpg","width":591,"height":591},{"@type":"BreadcrumbList","@id":"https:\/\/nge.vn\/san-pham\/nhua-in-3d-esun-emarble-mau-natural-co-van-nhu-da-cam-thach-1kg-cuon\/#breadcrumb","itemListElement":[{"@type":"ListItem","position":1,"name":"Trang ch\u1ee7","item":"https:\/\/nge.vn\/"},{"@type":"ListItem","position":2,"name":"S\u1ea3n ph\u1ea9m","item":"https:\/\/nge.vn\/san-pham\/"},{"@type":"ListItem","position":3,"name":"Nh\u1ef1a in 3d eSun eMarble m\u00e0u Natural c\u00f3 v\u00e2n nh\u01b0 \u0111\u00e1 c\u00e2\u0309m tha\u0323ch 1kg\/Cu\u1ed9n"}]},{"@type":"WebSite","@id":"https:\/\/nge.vn\/#website","url":"https:\/\/nge.vn\/","name":"NGE 3D Printers Services","description":"","potentialAction":[{"@type":"SearchAction","target":{"@type":"EntryPoint","urlTemplate":"https:\/\/nge.vn\/?s={search_term_string}"},"query-input":{"@type":"PropertyValueSpecification","valueRequired":true,"valueName":"search_term_string"}}],"inLanguage":"en-US"}]}},"_links":{"self":[{"href":"https:\/\/nge.vn\/en\/wp-json\/wp\/v2\/product\/2715","targetHints":{"allow":["GET"]}}],"collection":[{"href":"https:\/\/nge.vn\/en\/wp-json\/wp\/v2\/product"}],"about":[{"href":"https:\/\/nge.vn\/en\/wp-json\/wp\/v2\/types\/product"}],"replies":[{"embeddable":true,"href":"https:\/\/nge.vn\/en\/wp-json\/wp\/v2\/comments?post=2715"}],"wp:featuredmedia":[{"embeddable":true,"href":"https:\/\/nge.vn\/en\/wp-json\/wp\/v2\/media\/2706"}],"wp:attachment":[{"href":"https:\/\/nge.vn\/en\/wp-json\/wp\/v2\/media?parent=2715"}],"wp:term":[{"taxonomy":"product_brand","embeddable":true,"href":"https:\/\/nge.vn\/en\/wp-json\/wp\/v2\/product_brand?post=2715"},{"taxonomy":"product_cat","embeddable":true,"href":"https:\/\/nge.vn\/en\/wp-json\/wp\/v2\/product_cat?post=2715"},{"taxonomy":"product_tag","embeddable":true,"href":"https:\/\/nge.vn\/en\/wp-json\/wp\/v2\/product_tag?post=2715"}],"curies":[{"name":"wp","href":"https:\/\/api.w.org\/{rel}","templated":true}]}}