{"id":2704,"date":"2024-10-26T14:06:01","date_gmt":"2024-10-26T07:06:01","guid":{"rendered":"https:\/\/nge.123websitedev.com\/san-pham\/may-in-3d-flsun-v400-toc-do-in-400mm-s-kho-in-%cf%86300410mm\/"},"modified":"2024-10-28T15:04:28","modified_gmt":"2024-10-28T08:04:28","slug":"may-in-3d-flsun-v400-toc-do-in-400mm-s-kho-in-%cf%86300410mm","status":"publish","type":"product","link":"https:\/\/nge.vn\/en\/product\/may-in-3d-flsun-v400-toc-do-in-400mm-s-kho-in-%cf%86300410mm\/","title":{"rendered":"M\u00e1y in 3d Flsun V400 t\u1ed1c \u0111\u1ed9 in 400mm\/s kh\u1ed5 in \u03a6300*410mm"},"content":{"rendered":"<p>M\u00e1y in 3d Flsun V400 t\u1ed1c \u0111\u1ed9 in 400mm\/s kh\u1ed5 in 300*410mm<br \/>\nFlsun V400, T\u1ed1c \u0111\u1ed9 \u0111\u00e1ng kinh ng\u1ea1c!<\/p>\n<p>\u2460 FLSUN v400 \u0111\u01b0\u1ee3c ph\u00e1t tri\u1ec3n \u0111\u1ed9c l\u1eadp v\u1edbi c\u1ea5u tr\u00fac tam gi\u00e1c \u0111\u1ec3 \u0111\u1ea1t t\u1ed1c \u0111\u1ed9 in cao 400 mm\/gi\u00e2y, ti\u1ebft ki\u1ec7m h\u01a1n 70% th\u1eddi gian in so v\u1edbi c\u00e1c m\u00e1y in 3D kh\u00e1c.<br \/>\n\u2461Ph\u1ea7n s\u1ee5n Klipper \u0111\u01b0\u1ee3c c\u00e0i \u0111\u1eb7t s\u1eb5n, s\u1eed d\u1ee5ng \u0111\u01a1n gi\u1ea3n v\u00e0 thu\u1eadn ti\u1ec7n, mang l\u1ea1i tr\u1ea3i nghi\u1ec7m t\u01b0\u01a1ng t\u00e1c th\u00f4ng minh m\u1edbi.<\/p>\n<p>FLSUN V400<br \/>\nT\u1ed1c \u0111\u1ed9 \u0111\u00e1ng kinh ng\u1ea1c 400mm\/s<\/p>\n<p>_Core Advantage<br \/>\n+400mm\/s<br \/>\n+Klipper<br \/>\n+Bi Metal 300\u2103<br \/>\n+Online Printing<br \/>\n+Silent<br \/>\n+7 inches Pad<br \/>\n+Filament detector<br \/>\n+Auto-Leveling<\/p>\n<p>_Tr\u1eadn chi\u1ebfn th\u1eddi gian<br \/>\nTi\u1ebft ki\u1ec7m 70% th\u1eddi gian in \u1ea5n<\/p>\n<p>_In t\u1ed1c \u0111\u1ed9 cao v\u1edbi ch\u1ea5t l\u01b0\u1ee3ng b\u1ea3n in t\u1ed1t<\/p>\n<p>**T\u1ea1i sao n\u00f3 c\u00f3 th\u1ec3 in \u1edf t\u1ed1c \u0111\u1ed9 400mm\/s?<\/p>\n<p>_T\u0103ng t\u1ed1c<br \/>\n+Ph\u1ea7n s\u1ee5n Klipper \u0111\u1ea7y \u0111\u1ee7 \u0111\u01b0\u1ee3c c\u00e0i \u0111\u1eb7t s\u1eb5n<br \/>\n+H\u1ed7 tr\u1ee3 wifi \u0111i\u1ec1u khi\u1ec3n t\u1eeb xa<br \/>\n+B\u1ed9 nh\u1edb DDR4 1G, EMM 16G t\u00edch h\u1ee3p<br \/>\n+IPS g\u00f3c r\u1ed9ng 7 inch<\/p>\n<p>_M\u00e1y \u0111\u00f9n truy\u1ec1n \u0111\u1ed9ng tr\u1ef1c ti\u1ebfp<br \/>\n+C\u1ea5u tr\u00fac \u1ed5 \u0111\u0129a k\u00e9p, ph\u00f9 h\u1ee3p \u0111\u1ec3 in t\u1ed1c \u0111\u1ed9 cao v\u00e0 s\u01a1i nh\u1ef1a d\u1ebbo linh ho\u1ea1t<br \/>\n+Tr\u1ecdng l\u01b0\u1ee3ng si\u00eau nh\u1eb9<br \/>\n+Qu\u1ea1t L\u00e0m M\u00e1t Nhanh<br \/>\n+T\u1ea1o m\u1eabu nhanh<br \/>\n+In Ch\u1ea5t L\u01b0\u1ee3ng Cao<br \/>\n+Gi\u00f3 m\u1ea1nh<\/p>\n<p>_Thanh rail tuy\u1ebfn t\u00ednh<br \/>\n+Thanh rail tuy\u1ebfn t\u00ednh tr\u1ee5c k\u00e9p t\u00edch h\u1ee3p t\u1ed1c \u0111\u1ed9 cao<br \/>\n+T\u1ed1c \u0111\u1ed9 cao<br \/>\n+In im l\u1eb7ng kh\u00f4ng \u1ed3n<br \/>\n+B\u1ec1n b\u1ec9 v\u1edbi th\u1eddi gian<br \/>\n+\u1ed4n \u0111\u1ecbnh<\/p>\n<p>_Bi kim lo\u1ea1i<br \/>\nT\u1ed1c \u0111\u1ed9 n\u00f3ng ch\u1ea3y cao 300\u2103<\/p>\n<p>_H\u1ed7 tr\u1ee3 in c\u00e1c lo\u1ea1i s\u01a1i nh\u1ef1a kh\u00e1c nhau<br \/>\nPLA, PLA+, G\u1ed7, TPU, ABS, PETG, PC, Ni l\u00f4ng (C\u1ea7n s\u1ea5y kh\u00f4)<\/p>\n<p>_T\u1ea5m m\u1eb7t b\u00e0n in<br \/>\n+T\u1ea5m m\u1eb7t b\u00e0n in th\u00e9p l\u00f2 xo PEI, li\u00ean k\u1ebft ch\u1eafc ch\u1eafn h\u01a1n v\u00e0 d\u1ec5 l\u1ea5y m\u00f4 h\u00ecnh<br \/>\n+PEI<br \/>\n+Soft Tile<br \/>\n+5mm Aluminum Plate<br \/>\n+V400 Hot Bed<\/p>\n<p>**Product Parameters<br \/>\n+Model Flsun V400<br \/>\n+Printing Size 300*410mm (Highest Point)<br \/>\n+Molding Tech FDM<br \/>\n+Nozzle Diameter 0.4mm<br \/>\n+Layer Height 0.05-0.3mm<br \/>\n+Precision +0.15mm<br \/>\n+Nozzle Type Single Nozzle<br \/>\n+Environment Temperature 5-40\u00b0C<br \/>\n+Nozzle Temperature \u2264300\u00b0C<br \/>\n+Hotbed Temperature \u2264110\u00b0C.<br \/>\n+Filament Support PLA\/PLA+\/ABS\/PETG\/WOOD\/TPU\/PC\/NYLON(Need dried)<br \/>\n+Printing Speed Max 400mm\/s<br \/>\n+File Format STL\/OBJ\/AMF\/3DS<br \/>\n+Slice Software Cura(recommend)\/Simplify3D\/prusaslicer\/ideamaker<br \/>\n+File Format G-code\/UFP (Previewable model)<br \/>\n+Working Mode Website\/Flsun Speeder Pad<br \/>\n+Data Transfer WIFI\/U disk<br \/>\n+Voltage Input: AC 115V-230V Output: DC 24V<br \/>\n+Power 450W<br \/>\n+Leveling Type Auto-level<br \/>\n+Filament Detection Yes<br \/>\n+Extruder Type Direct Extruder<br \/>\n+System Flsun system 1.0<\/p>\n<p>****Do Cura ch\u01b0a c\u00f3 m\u00e1y Flsun V400 v\u00e0 Profile n\u00ean c\u00e1c b\u1ea1n vui l\u00f2ng li\u00ean h\u1ec7 shop \u0111\u1ec3 l\u1ea5y Profile v\u00e0 \u0111\u01b0\u1ee3c h\u01b0\u1edbng d\u1eabn c\u00e0i \u0111\u1eb7t m\u00e1y. Xin c\u1ea3m \u01a1n<\/p>\n<p>***Ch\u00fang t\u00f4i l\u00e0 nh\u00e0 ph\u00e2n ph\u1ed1i c\u1ee7a FLSUN t\u1ea1i Vi\u1ec7t Nam , ch\u1ecbu tr\u00e1ch nhi\u1ec7m b\u1ea3o h\u00e0nh h\u1ed9 tr\u1ee3 sau b\u00e1n h\u00e0ng cho c\u00e1c d\u00f2ng m\u00e1y c\u1ee7a FLSUN, c\u00e1c s\u1ea3n ph\u1ea9m linh ki\u1ec7n thay th\u1ebf c\u1ee7a m\u00e1y \u0111\u1ec1u l\u00e0 ch\u00ednh h\u00e3ng c\u1ee7a FLSUN. Mong c\u00e1c b\u1ea1n t\u00ecm hi\u1ec3u k\u1ef9 tr\u01b0\u1edbc khi mua \u0111\u1ec3 \u0111\u01b0\u1ee3c h\u1ed9 tr\u1ee3 v\u00e0 b\u1ea3o h\u00e0nh ch\u00ednh h\u00e3ng. Xin tr\u00e2n th\u00e0nh c\u1ea3m \u01a1n<\/p>\n<p>**\u0110\u1ec3 \u0111\u01b0\u1ee3c nh\u1eadn \u0111\u01b0\u1ee3c gi\u00e1 \u01b0u \u0111\u00e3i t\u1ed1t h\u01a1n vui l\u00f2ng li\u00ean h\u1ec7 mua tr\u1ef1c ti\u1ebfp shop:<br \/>\n0913.939.775 contact A.Quan (for English)<br \/>\n094.144.0951 contact A.Quynh<br \/>\n**Selling price does not include VAT (+10% if VAT invoice is issued)<\/p>","protected":false},"excerpt":{"rendered":"<p>M\u00e1y in 3d Flsun V400 t\u1ed1c \u0111\u1ed9 in 400mm\/s kh\u1ed5 in \u03a6300*410mm<\/p>","protected":false},"featured_media":2695,"comment_status":"open","ping_status":"closed","template":"","meta":{"inline_featured_image":false},"product_brand":[],"product_cat":[39,50],"product_tag":[],"class_list":{"0":"post-2704","1":"product","2":"type-product","3":"status-publish","4":"has-post-thumbnail","6":"product_cat-may-in-3d","7":"product_cat-may-in-3d-flsun","9":"first","10":"instock","11":"taxable","12":"shipping-taxable","13":"purchasable","14":"product-type-variable"},"yoast_head":"<!-- This site is optimized with the Yoast SEO Premium plugin v22.8 (Yoast SEO v26.9) - https:\/\/yoast.com\/product\/yoast-seo-premium-wordpress\/ -->\n<title>M\u00e1y in 3d Flsun V400 t\u1ed1c \u0111\u1ed9 in 400mm\/s kh\u1ed5 in \u03a6300*410mm - NGE 3D Printers Services<\/title>\n<meta name=\"robots\" content=\"index, follow, max-snippet:-1, max-image-preview:large, max-video-preview:-1\" \/>\n<link rel=\"canonical\" href=\"https:\/\/nge.vn\/en\/product\/may-in-3d-flsun-v400-toc-do-in-400mm-s-kho-in-\u03c6300410mm\/\" \/>\n<meta property=\"og:locale\" content=\"en_US\" \/>\n<meta property=\"og:type\" content=\"article\" \/>\n<meta property=\"og:title\" content=\"M\u00e1y in 3d Flsun V400 t\u1ed1c \u0111\u1ed9 in 400mm\/s kh\u1ed5 in \u03a6300*410mm\" \/>\n<meta property=\"og:description\" content=\"M\u00e1y in 3d Flsun V400 t\u1ed1c \u0111\u1ed9 in 400mm\/s kh\u1ed5 in \u03a6300*410mm\" \/>\n<meta property=\"og:url\" content=\"https:\/\/nge.vn\/en\/product\/may-in-3d-flsun-v400-toc-do-in-400mm-s-kho-in-\u03c6300410mm\/\" \/>\n<meta property=\"og:site_name\" content=\"NGE 3D Printers Services\" \/>\n<meta property=\"article:modified_time\" content=\"2024-10-28T08:04:28+00:00\" \/>\n<meta property=\"og:image\" content=\"https:\/\/nge.vn\/wp-content\/uploads\/2024\/10\/images-upload-woo2Ffffab01ab65ba80b964d1dcf03680fa7.jpg\" \/>\n\t<meta property=\"og:image:width\" content=\"660\" \/>\n\t<meta property=\"og:image:height\" content=\"660\" \/>\n\t<meta property=\"og:image:type\" content=\"image\/jpeg\" \/>\n<meta name=\"twitter:card\" content=\"summary_large_image\" \/>\n<meta name=\"twitter:label1\" content=\"Est. reading time\" \/>\n\t<meta name=\"twitter:data1\" content=\"4 minutes\" \/>\n<script type=\"application\/ld+json\" class=\"yoast-schema-graph\">{\"@context\":\"https:\/\/schema.org\",\"@graph\":[{\"@type\":\"WebPage\",\"@id\":\"https:\/\/nge.vn\/san-pham\/may-in-3d-flsun-v400-toc-do-in-400mm-s-kho-in-%cf%86300410mm\/\",\"url\":\"https:\/\/nge.vn\/san-pham\/may-in-3d-flsun-v400-toc-do-in-400mm-s-kho-in-%cf%86300410mm\/\",\"name\":\"M\u00e1y in 3d Flsun V400 t\u1ed1c \u0111\u1ed9 in 400mm\/s kh\u1ed5 in \u03a6300*410mm - NGE 3D Printers Services\",\"isPartOf\":{\"@id\":\"https:\/\/nge.vn\/#website\"},\"primaryImageOfPage\":{\"@id\":\"https:\/\/nge.vn\/san-pham\/may-in-3d-flsun-v400-toc-do-in-400mm-s-kho-in-%cf%86300410mm\/#primaryimage\"},\"image\":{\"@id\":\"https:\/\/nge.vn\/san-pham\/may-in-3d-flsun-v400-toc-do-in-400mm-s-kho-in-%cf%86300410mm\/#primaryimage\"},\"thumbnailUrl\":\"https:\/\/nge.vn\/wp-content\/uploads\/2024\/10\/images-upload-woo2Ffffab01ab65ba80b964d1dcf03680fa7.jpg\",\"datePublished\":\"2024-10-26T07:06:01+00:00\",\"dateModified\":\"2024-10-28T08:04:28+00:00\",\"breadcrumb\":{\"@id\":\"https:\/\/nge.vn\/san-pham\/may-in-3d-flsun-v400-toc-do-in-400mm-s-kho-in-%cf%86300410mm\/#breadcrumb\"},\"inLanguage\":\"en-US\",\"potentialAction\":[{\"@type\":\"ReadAction\",\"target\":[\"https:\/\/nge.vn\/san-pham\/may-in-3d-flsun-v400-toc-do-in-400mm-s-kho-in-%cf%86300410mm\/\"]}]},{\"@type\":\"ImageObject\",\"inLanguage\":\"en-US\",\"@id\":\"https:\/\/nge.vn\/san-pham\/may-in-3d-flsun-v400-toc-do-in-400mm-s-kho-in-%cf%86300410mm\/#primaryimage\",\"url\":\"https:\/\/nge.vn\/wp-content\/uploads\/2024\/10\/images-upload-woo2Ffffab01ab65ba80b964d1dcf03680fa7.jpg\",\"contentUrl\":\"https:\/\/nge.vn\/wp-content\/uploads\/2024\/10\/images-upload-woo2Ffffab01ab65ba80b964d1dcf03680fa7.jpg\",\"width\":660,\"height\":660},{\"@type\":\"BreadcrumbList\",\"@id\":\"https:\/\/nge.vn\/san-pham\/may-in-3d-flsun-v400-toc-do-in-400mm-s-kho-in-%cf%86300410mm\/#breadcrumb\",\"itemListElement\":[{\"@type\":\"ListItem\",\"position\":1,\"name\":\"Trang ch\u1ee7\",\"item\":\"https:\/\/nge.vn\/\"},{\"@type\":\"ListItem\",\"position\":2,\"name\":\"S\u1ea3n ph\u1ea9m\",\"item\":\"https:\/\/nge.vn\/san-pham\/\"},{\"@type\":\"ListItem\",\"position\":3,\"name\":\"M\u00e1y in 3d Flsun V400 t\u1ed1c \u0111\u1ed9 in 400mm\/s kh\u1ed5 in \u03a6300*410mm\"}]},{\"@type\":\"WebSite\",\"@id\":\"https:\/\/nge.vn\/#website\",\"url\":\"https:\/\/nge.vn\/\",\"name\":\"NGE 3D Printers Services\",\"description\":\"\",\"potentialAction\":[{\"@type\":\"SearchAction\",\"target\":{\"@type\":\"EntryPoint\",\"urlTemplate\":\"https:\/\/nge.vn\/?s={search_term_string}\"},\"query-input\":{\"@type\":\"PropertyValueSpecification\",\"valueRequired\":true,\"valueName\":\"search_term_string\"}}],\"inLanguage\":\"en-US\"}]}<\/script>\n<!-- \/ Yoast SEO Premium plugin. -->","yoast_head_json":{"title":"M\u00e1y in 3d Flsun V400 t\u1ed1c \u0111\u1ed9 in 400mm\/s kh\u1ed5 in \u03a6300*410mm - NGE 3D Printers Services","robots":{"index":"index","follow":"follow","max-snippet":"max-snippet:-1","max-image-preview":"max-image-preview:large","max-video-preview":"max-video-preview:-1"},"canonical":"https:\/\/nge.vn\/en\/product\/may-in-3d-flsun-v400-toc-do-in-400mm-s-kho-in-\u03c6300410mm\/","og_locale":"en_US","og_type":"article","og_title":"M\u00e1y in 3d Flsun V400 t\u1ed1c \u0111\u1ed9 in 400mm\/s kh\u1ed5 in \u03a6300*410mm","og_description":"M\u00e1y in 3d Flsun V400 t\u1ed1c \u0111\u1ed9 in 400mm\/s kh\u1ed5 in \u03a6300*410mm","og_url":"https:\/\/nge.vn\/en\/product\/may-in-3d-flsun-v400-toc-do-in-400mm-s-kho-in-\u03c6300410mm\/","og_site_name":"NGE 3D Printers Services","article_modified_time":"2024-10-28T08:04:28+00:00","og_image":[{"width":660,"height":660,"url":"https:\/\/nge.vn\/wp-content\/uploads\/2024\/10\/images-upload-woo2Ffffab01ab65ba80b964d1dcf03680fa7.jpg","type":"image\/jpeg"}],"twitter_card":"summary_large_image","twitter_misc":{"Est. reading time":"4 minutes"},"schema":{"@context":"https:\/\/schema.org","@graph":[{"@type":"WebPage","@id":"https:\/\/nge.vn\/san-pham\/may-in-3d-flsun-v400-toc-do-in-400mm-s-kho-in-%cf%86300410mm\/","url":"https:\/\/nge.vn\/san-pham\/may-in-3d-flsun-v400-toc-do-in-400mm-s-kho-in-%cf%86300410mm\/","name":"M\u00e1y in 3d Flsun V400 t\u1ed1c \u0111\u1ed9 in 400mm\/s kh\u1ed5 in \u03a6300*410mm - NGE 3D Printers Services","isPartOf":{"@id":"https:\/\/nge.vn\/#website"},"primaryImageOfPage":{"@id":"https:\/\/nge.vn\/san-pham\/may-in-3d-flsun-v400-toc-do-in-400mm-s-kho-in-%cf%86300410mm\/#primaryimage"},"image":{"@id":"https:\/\/nge.vn\/san-pham\/may-in-3d-flsun-v400-toc-do-in-400mm-s-kho-in-%cf%86300410mm\/#primaryimage"},"thumbnailUrl":"https:\/\/nge.vn\/wp-content\/uploads\/2024\/10\/images-upload-woo2Ffffab01ab65ba80b964d1dcf03680fa7.jpg","datePublished":"2024-10-26T07:06:01+00:00","dateModified":"2024-10-28T08:04:28+00:00","breadcrumb":{"@id":"https:\/\/nge.vn\/san-pham\/may-in-3d-flsun-v400-toc-do-in-400mm-s-kho-in-%cf%86300410mm\/#breadcrumb"},"inLanguage":"en-US","potentialAction":[{"@type":"ReadAction","target":["https:\/\/nge.vn\/san-pham\/may-in-3d-flsun-v400-toc-do-in-400mm-s-kho-in-%cf%86300410mm\/"]}]},{"@type":"ImageObject","inLanguage":"en-US","@id":"https:\/\/nge.vn\/san-pham\/may-in-3d-flsun-v400-toc-do-in-400mm-s-kho-in-%cf%86300410mm\/#primaryimage","url":"https:\/\/nge.vn\/wp-content\/uploads\/2024\/10\/images-upload-woo2Ffffab01ab65ba80b964d1dcf03680fa7.jpg","contentUrl":"https:\/\/nge.vn\/wp-content\/uploads\/2024\/10\/images-upload-woo2Ffffab01ab65ba80b964d1dcf03680fa7.jpg","width":660,"height":660},{"@type":"BreadcrumbList","@id":"https:\/\/nge.vn\/san-pham\/may-in-3d-flsun-v400-toc-do-in-400mm-s-kho-in-%cf%86300410mm\/#breadcrumb","itemListElement":[{"@type":"ListItem","position":1,"name":"Trang ch\u1ee7","item":"https:\/\/nge.vn\/"},{"@type":"ListItem","position":2,"name":"S\u1ea3n ph\u1ea9m","item":"https:\/\/nge.vn\/san-pham\/"},{"@type":"ListItem","position":3,"name":"M\u00e1y in 3d Flsun V400 t\u1ed1c \u0111\u1ed9 in 400mm\/s kh\u1ed5 in \u03a6300*410mm"}]},{"@type":"WebSite","@id":"https:\/\/nge.vn\/#website","url":"https:\/\/nge.vn\/","name":"NGE 3D Printers Services","description":"","potentialAction":[{"@type":"SearchAction","target":{"@type":"EntryPoint","urlTemplate":"https:\/\/nge.vn\/?s={search_term_string}"},"query-input":{"@type":"PropertyValueSpecification","valueRequired":true,"valueName":"search_term_string"}}],"inLanguage":"en-US"}]}},"_links":{"self":[{"href":"https:\/\/nge.vn\/en\/wp-json\/wp\/v2\/product\/2704","targetHints":{"allow":["GET"]}}],"collection":[{"href":"https:\/\/nge.vn\/en\/wp-json\/wp\/v2\/product"}],"about":[{"href":"https:\/\/nge.vn\/en\/wp-json\/wp\/v2\/types\/product"}],"replies":[{"embeddable":true,"href":"https:\/\/nge.vn\/en\/wp-json\/wp\/v2\/comments?post=2704"}],"wp:featuredmedia":[{"embeddable":true,"href":"https:\/\/nge.vn\/en\/wp-json\/wp\/v2\/media\/2695"}],"wp:attachment":[{"href":"https:\/\/nge.vn\/en\/wp-json\/wp\/v2\/media?parent=2704"}],"wp:term":[{"taxonomy":"product_brand","embeddable":true,"href":"https:\/\/nge.vn\/en\/wp-json\/wp\/v2\/product_brand?post=2704"},{"taxonomy":"product_cat","embeddable":true,"href":"https:\/\/nge.vn\/en\/wp-json\/wp\/v2\/product_cat?post=2704"},{"taxonomy":"product_tag","embeddable":true,"href":"https:\/\/nge.vn\/en\/wp-json\/wp\/v2\/product_tag?post=2704"}],"curies":[{"name":"wp","href":"https:\/\/api.w.org\/{rel}","templated":true}]}}