{"id":2674,"date":"2024-10-26T14:00:02","date_gmt":"2024-10-26T07:00:02","guid":{"rendered":"https:\/\/nge.123websitedev.com\/san-pham\/nhua-in-3d-3-mau-esun-epla-silk-mystic-1kg-cuon-2\/"},"modified":"2024-10-28T14:42:33","modified_gmt":"2024-10-28T07:42:33","slug":"nhua-in-3d-3-mau-esun-epla-silk-mystic-1kg-cuon-2","status":"publish","type":"product","link":"https:\/\/nge.vn\/en\/product\/nhua-in-3d-3-mau-esun-epla-silk-mystic-1kg-cuon-2\/","title":{"rendered":"3D printing plastic 3 colors eSun ePLA-Silk Mystic 1kg\/Roll"},"content":{"rendered":"<p>3D printing plastic 3 colors eSun ePLA-Silk Mystic 1kg\/Roll<br \/>\n_Ba m\u00e0u tr\u00ean m\u1ed9t d\u00f2ng, s\u1ef1 k\u1ebft h\u1ee3p m\u00e0u s\u1eafc phong ph\u00fa c\u1ee7a s\u1ee3i nh\u1ef1a silk pla n\u00e0y l\u00e0m cho m\u1eabu in \u0111\u1ea7y b\u00ed \u1ea9n. B\u1ea1n c\u00f3 th\u1ec3 quan s\u00e1t hi\u1ec7u su\u1ea5t k\u1ebft h\u1ee3p m\u00e0u s\u1eafc phong ph\u00fa t\u1eeb c\u00e1c g\u00f3c \u0111\u1ed9 kh\u00e1c nhau c\u1ee7a s\u1ee3i nh\u1ef1a pla nhi\u1ec1u m\u00e0u.<br \/>\n_S\u1ee3i nh\u1ef1a PLA nhi\u1ec1u m\u00e0u s\u1ebd mang l\u1ea1i cho b\u1ea1n c\u1ea3m gi\u00e1c n\u0103ng \u0111\u1ed9ng tuy\u1ec7t v\u1eddi th\u00f4ng qua d\u1ea3i m\u00e0u xen k\u1ebd ba m\u00e0u. V\u1edbi k\u1ebft c\u1ea5u \u00e1nh l\u1ee5a, b\u1ec1 m\u1eb7t c\u1ee7a eSilk-PLA Mystic m\u1ecbn v\u00e0 kh\u00f4ng hi\u1ec3n th\u1ecb c\u00e1c l\u1edbp hoa v\u0103n; S\u1ee3i t\u01a1 t\u1eb1m d\u1ec5 b\u00f3c, m\u1ecbn v\u00e0 ph\u1eb3ng.<\/p>\n<p>_M\u00f4 t\u1ea3:<br \/>\n+Ba m\u00e0u b\u00ed \u1ea9n<br \/>\n+K\u1ebft c\u1ea5u b\u00f3ng l\u1ee5a<br \/>\n+B\u1ec1 m\u1eb7t l\u00e1ng m\u1ecbn<br \/>\n+D\u1ec5 d\u00e0ng b\u00f3c ra<br \/>\n+Kh\u1ea3 n\u0103ng in tuy\u1ec7t v\u1eddi<br \/>\n+Kh\u00f4ng d\u1ec5 d\u00e0ng \u0111\u1ec3 ph\u00e1 v\u1ee1<\/p>\n<p>_\u1ee8ng du\u0323ng: Ph\u1ee5 ki\u1ec7n \u0111\u1ed3 ch\u01a1i<\/p>\n<p>_B\u1ea3ng thu\u1ed9c t\u00ednh s\u1ee3i nh\u1ef1a<br \/>\n+3D PRINTING FILAMENT ePLA-Silk Mystic<br \/>\n+Density(g\/cm3) 1.256<br \/>\n+Heat Distortion Temp(\u2103,0.45MPa) 54.7<br \/>\n+Melt Flow Index(g\/10min) 11.32\uff08190\u2103\/2.16kg\uff09<br \/>\n+Tensile Strength(MPa) 57.64<br \/>\n+Elongation at Break(%) 21.76<br \/>\n+Flexural Strength(MPa) 78.70<br \/>\n+Flexural Modulus(MPa) 2800.36<br \/>\n+IZOD Impact Strength(kJ\/\u33a1) 6.45<br \/>\n+Durability 4\/10<br \/>\n+Printability 9\/10<br \/>\n+Recommended printing parameters<br \/>\n+Extruder Temperature(\u2103) 190 \u2013 230\u2103<br \/>\n+Recommended temperature\uff1a210\u2103<br \/>\n+Bed temperature(\u2103) 45 \u2013 60\u00b0C<br \/>\n+Fan Speed 100%<br \/>\n+Printing Speed 40 \u2013 100mm\/s<br \/>\n+Heated Bed Optional<br \/>\n+Recommended Build Surfaces Masking paper, PVP solid glue, PEI<\/p>\n<p>_Ghi ch\u00fa:<br \/>\nN\u00f3 c\u00f3 th\u1ec3 s\u1eed d\u1ee5ng v\u1edbi eBOX Lite \u0111\u1ec3 gi\u1eef cho s\u1ee3i nh\u1ef1a \u0111\u01b0\u1ee3c c\u1ea5p tr\u01a1n tru \u0111\u1ec3 tr\u00e1nh b\u1ecb xo\u1eafn; Gi\u1ea3m c\u1ea5u tr\u00fac g\u00f3c treo trong m\u00f4 h\u00ecnh ho\u1eb7c gi\u1ea3m t\u1ed1c \u0111\u1ed9 \u0111\u1ec3 gi\u1ea3i nhi\u1ec7t t\u1ed1t h\u01a1n.<\/p>\n<p>+\u0110\u01b0\u1eddng k\u00ednh s\u1ee3i: 1,75mm<br \/>\n+Kh\u1ed1i l\u01b0\u1ee3ng t\u1ecbnh: 1kg\/ cu\u1ed9n<\/p>\n<p>**To receive a better price, please contact the shop directly.<br \/>\n0913.939.775 contact A.Quan (for English)<br \/>\n094.144.0951 contact A.Quynh<br \/>\n**Gi\u00e1 b\u00e1n ch\u01b0a bao g\u1ed3m VAT (+8% n\u1ebfu xu\u1ea5t ho\u00e1 \u0111\u01a1n GTGT)<\/p>","protected":false},"excerpt":{"rendered":"<p>3D printing plastic 3 colors eSun ePLA-Silk Mystic 1kg\/Roll<\/p>","protected":false},"featured_media":2665,"comment_status":"open","ping_status":"closed","template":"","meta":{"inline_featured_image":false},"product_brand":[],"product_cat":[43],"product_tag":[],"class_list":{"0":"post-2674","1":"product","2":"type-product","3":"status-publish","4":"has-post-thumbnail","6":"product_cat-nhua-in-3d-resin","8":"first","9":"instock","10":"sale","11":"taxable","12":"shipping-taxable","13":"purchasable","14":"product-type-variable"},"yoast_head":"<!-- This site is optimized with the Yoast SEO Premium plugin v22.8 (Yoast SEO v26.9) - https:\/\/yoast.com\/product\/yoast-seo-premium-wordpress\/ -->\n<title>Nh\u1ef1a in 3d 3 m\u00e0u eSun ePLA-Silk Mystic 1kg\/ Cu\u1ed9n - NGE 3D Printers Services<\/title>\n<meta name=\"robots\" content=\"index, follow, max-snippet:-1, max-image-preview:large, max-video-preview:-1\" \/>\n<link rel=\"canonical\" href=\"https:\/\/nge.vn\/en\/product\/nhua-in-3d-3-mau-esun-epla-silk-mystic-1kg-cuon-2\/\" \/>\n<meta property=\"og:locale\" content=\"en_US\" \/>\n<meta property=\"og:type\" content=\"article\" \/>\n<meta property=\"og:title\" content=\"Nh\u1ef1a in 3d 3 m\u00e0u eSun ePLA-Silk Mystic 1kg\/ Cu\u1ed9n\" \/>\n<meta property=\"og:description\" content=\"Nh\u1ef1a in 3d 3 m\u00e0u eSun ePLA-Silk Mystic 1kg\/ Cu\u1ed9n\" \/>\n<meta property=\"og:url\" content=\"https:\/\/nge.vn\/en\/product\/nhua-in-3d-3-mau-esun-epla-silk-mystic-1kg-cuon-2\/\" \/>\n<meta property=\"og:site_name\" content=\"NGE 3D Printers Services\" \/>\n<meta property=\"article:modified_time\" content=\"2024-10-28T07:42:33+00:00\" \/>\n<meta property=\"og:image\" content=\"https:\/\/nge.vn\/wp-content\/uploads\/2024\/10\/images-upload-woo2F8ade389de7b976d26dd63c07c8d12c09-2.jpg\" \/>\n\t<meta property=\"og:image:width\" content=\"930\" \/>\n\t<meta property=\"og:image:height\" content=\"930\" \/>\n\t<meta property=\"og:image:type\" content=\"image\/jpeg\" \/>\n<meta name=\"twitter:card\" content=\"summary_large_image\" \/>\n<meta name=\"twitter:label1\" content=\"Est. reading time\" \/>\n\t<meta name=\"twitter:data1\" content=\"2 minutes\" \/>\n<script type=\"application\/ld+json\" class=\"yoast-schema-graph\">{\"@context\":\"https:\/\/schema.org\",\"@graph\":[{\"@type\":\"WebPage\",\"@id\":\"https:\/\/nge.vn\/san-pham\/nhua-in-3d-3-mau-esun-epla-silk-mystic-1kg-cuon-2\/\",\"url\":\"https:\/\/nge.vn\/san-pham\/nhua-in-3d-3-mau-esun-epla-silk-mystic-1kg-cuon-2\/\",\"name\":\"Nh\u1ef1a in 3d 3 m\u00e0u eSun ePLA-Silk Mystic 1kg\/ Cu\u1ed9n - NGE 3D Printers Services\",\"isPartOf\":{\"@id\":\"https:\/\/nge.vn\/#website\"},\"primaryImageOfPage\":{\"@id\":\"https:\/\/nge.vn\/san-pham\/nhua-in-3d-3-mau-esun-epla-silk-mystic-1kg-cuon-2\/#primaryimage\"},\"image\":{\"@id\":\"https:\/\/nge.vn\/san-pham\/nhua-in-3d-3-mau-esun-epla-silk-mystic-1kg-cuon-2\/#primaryimage\"},\"thumbnailUrl\":\"https:\/\/nge.vn\/wp-content\/uploads\/2024\/10\/images-upload-woo2F8ade389de7b976d26dd63c07c8d12c09-2.jpg\",\"datePublished\":\"2024-10-26T07:00:02+00:00\",\"dateModified\":\"2024-10-28T07:42:33+00:00\",\"breadcrumb\":{\"@id\":\"https:\/\/nge.vn\/san-pham\/nhua-in-3d-3-mau-esun-epla-silk-mystic-1kg-cuon-2\/#breadcrumb\"},\"inLanguage\":\"en-US\",\"potentialAction\":[{\"@type\":\"ReadAction\",\"target\":[\"https:\/\/nge.vn\/san-pham\/nhua-in-3d-3-mau-esun-epla-silk-mystic-1kg-cuon-2\/\"]}]},{\"@type\":\"ImageObject\",\"inLanguage\":\"en-US\",\"@id\":\"https:\/\/nge.vn\/san-pham\/nhua-in-3d-3-mau-esun-epla-silk-mystic-1kg-cuon-2\/#primaryimage\",\"url\":\"https:\/\/nge.vn\/wp-content\/uploads\/2024\/10\/images-upload-woo2F8ade389de7b976d26dd63c07c8d12c09-2.jpg\",\"contentUrl\":\"https:\/\/nge.vn\/wp-content\/uploads\/2024\/10\/images-upload-woo2F8ade389de7b976d26dd63c07c8d12c09-2.jpg\",\"width\":930,\"height\":930},{\"@type\":\"BreadcrumbList\",\"@id\":\"https:\/\/nge.vn\/san-pham\/nhua-in-3d-3-mau-esun-epla-silk-mystic-1kg-cuon-2\/#breadcrumb\",\"itemListElement\":[{\"@type\":\"ListItem\",\"position\":1,\"name\":\"Trang ch\u1ee7\",\"item\":\"https:\/\/nge.vn\/\"},{\"@type\":\"ListItem\",\"position\":2,\"name\":\"S\u1ea3n ph\u1ea9m\",\"item\":\"https:\/\/nge.vn\/san-pham\/\"},{\"@type\":\"ListItem\",\"position\":3,\"name\":\"Nh\u1ef1a in 3d 3 m\u00e0u eSun ePLA-Silk Mystic 1kg\/ Cu\u1ed9n\"}]},{\"@type\":\"WebSite\",\"@id\":\"https:\/\/nge.vn\/#website\",\"url\":\"https:\/\/nge.vn\/\",\"name\":\"NGE 3D Printers Services\",\"description\":\"\",\"potentialAction\":[{\"@type\":\"SearchAction\",\"target\":{\"@type\":\"EntryPoint\",\"urlTemplate\":\"https:\/\/nge.vn\/?s={search_term_string}\"},\"query-input\":{\"@type\":\"PropertyValueSpecification\",\"valueRequired\":true,\"valueName\":\"search_term_string\"}}],\"inLanguage\":\"en-US\"}]}<\/script>\n<!-- \/ Yoast SEO Premium plugin. -->","yoast_head_json":{"title":"Nh\u1ef1a in 3d 3 m\u00e0u eSun ePLA-Silk Mystic 1kg\/ Cu\u1ed9n - NGE 3D Printers Services","robots":{"index":"index","follow":"follow","max-snippet":"max-snippet:-1","max-image-preview":"max-image-preview:large","max-video-preview":"max-video-preview:-1"},"canonical":"https:\/\/nge.vn\/en\/product\/nhua-in-3d-3-mau-esun-epla-silk-mystic-1kg-cuon-2\/","og_locale":"en_US","og_type":"article","og_title":"Nh\u1ef1a in 3d 3 m\u00e0u eSun ePLA-Silk Mystic 1kg\/ Cu\u1ed9n","og_description":"Nh\u1ef1a in 3d 3 m\u00e0u eSun ePLA-Silk Mystic 1kg\/ Cu\u1ed9n","og_url":"https:\/\/nge.vn\/en\/product\/nhua-in-3d-3-mau-esun-epla-silk-mystic-1kg-cuon-2\/","og_site_name":"NGE 3D Printers Services","article_modified_time":"2024-10-28T07:42:33+00:00","og_image":[{"width":930,"height":930,"url":"https:\/\/nge.vn\/wp-content\/uploads\/2024\/10\/images-upload-woo2F8ade389de7b976d26dd63c07c8d12c09-2.jpg","type":"image\/jpeg"}],"twitter_card":"summary_large_image","twitter_misc":{"Est. reading time":"2 minutes"},"schema":{"@context":"https:\/\/schema.org","@graph":[{"@type":"WebPage","@id":"https:\/\/nge.vn\/san-pham\/nhua-in-3d-3-mau-esun-epla-silk-mystic-1kg-cuon-2\/","url":"https:\/\/nge.vn\/san-pham\/nhua-in-3d-3-mau-esun-epla-silk-mystic-1kg-cuon-2\/","name":"Nh\u1ef1a in 3d 3 m\u00e0u eSun ePLA-Silk Mystic 1kg\/ Cu\u1ed9n - NGE 3D Printers Services","isPartOf":{"@id":"https:\/\/nge.vn\/#website"},"primaryImageOfPage":{"@id":"https:\/\/nge.vn\/san-pham\/nhua-in-3d-3-mau-esun-epla-silk-mystic-1kg-cuon-2\/#primaryimage"},"image":{"@id":"https:\/\/nge.vn\/san-pham\/nhua-in-3d-3-mau-esun-epla-silk-mystic-1kg-cuon-2\/#primaryimage"},"thumbnailUrl":"https:\/\/nge.vn\/wp-content\/uploads\/2024\/10\/images-upload-woo2F8ade389de7b976d26dd63c07c8d12c09-2.jpg","datePublished":"2024-10-26T07:00:02+00:00","dateModified":"2024-10-28T07:42:33+00:00","breadcrumb":{"@id":"https:\/\/nge.vn\/san-pham\/nhua-in-3d-3-mau-esun-epla-silk-mystic-1kg-cuon-2\/#breadcrumb"},"inLanguage":"en-US","potentialAction":[{"@type":"ReadAction","target":["https:\/\/nge.vn\/san-pham\/nhua-in-3d-3-mau-esun-epla-silk-mystic-1kg-cuon-2\/"]}]},{"@type":"ImageObject","inLanguage":"en-US","@id":"https:\/\/nge.vn\/san-pham\/nhua-in-3d-3-mau-esun-epla-silk-mystic-1kg-cuon-2\/#primaryimage","url":"https:\/\/nge.vn\/wp-content\/uploads\/2024\/10\/images-upload-woo2F8ade389de7b976d26dd63c07c8d12c09-2.jpg","contentUrl":"https:\/\/nge.vn\/wp-content\/uploads\/2024\/10\/images-upload-woo2F8ade389de7b976d26dd63c07c8d12c09-2.jpg","width":930,"height":930},{"@type":"BreadcrumbList","@id":"https:\/\/nge.vn\/san-pham\/nhua-in-3d-3-mau-esun-epla-silk-mystic-1kg-cuon-2\/#breadcrumb","itemListElement":[{"@type":"ListItem","position":1,"name":"Trang ch\u1ee7","item":"https:\/\/nge.vn\/"},{"@type":"ListItem","position":2,"name":"S\u1ea3n ph\u1ea9m","item":"https:\/\/nge.vn\/san-pham\/"},{"@type":"ListItem","position":3,"name":"Nh\u1ef1a in 3d 3 m\u00e0u eSun ePLA-Silk Mystic 1kg\/ Cu\u1ed9n"}]},{"@type":"WebSite","@id":"https:\/\/nge.vn\/#website","url":"https:\/\/nge.vn\/","name":"NGE 3D Printers Services","description":"","potentialAction":[{"@type":"SearchAction","target":{"@type":"EntryPoint","urlTemplate":"https:\/\/nge.vn\/?s={search_term_string}"},"query-input":{"@type":"PropertyValueSpecification","valueRequired":true,"valueName":"search_term_string"}}],"inLanguage":"en-US"}]}},"_links":{"self":[{"href":"https:\/\/nge.vn\/en\/wp-json\/wp\/v2\/product\/2674","targetHints":{"allow":["GET"]}}],"collection":[{"href":"https:\/\/nge.vn\/en\/wp-json\/wp\/v2\/product"}],"about":[{"href":"https:\/\/nge.vn\/en\/wp-json\/wp\/v2\/types\/product"}],"replies":[{"embeddable":true,"href":"https:\/\/nge.vn\/en\/wp-json\/wp\/v2\/comments?post=2674"}],"wp:featuredmedia":[{"embeddable":true,"href":"https:\/\/nge.vn\/en\/wp-json\/wp\/v2\/media\/2665"}],"wp:attachment":[{"href":"https:\/\/nge.vn\/en\/wp-json\/wp\/v2\/media?parent=2674"}],"wp:term":[{"taxonomy":"product_brand","embeddable":true,"href":"https:\/\/nge.vn\/en\/wp-json\/wp\/v2\/product_brand?post=2674"},{"taxonomy":"product_cat","embeddable":true,"href":"https:\/\/nge.vn\/en\/wp-json\/wp\/v2\/product_cat?post=2674"},{"taxonomy":"product_tag","embeddable":true,"href":"https:\/\/nge.vn\/en\/wp-json\/wp\/v2\/product_tag?post=2674"}],"curies":[{"name":"wp","href":"https:\/\/api.w.org\/{rel}","templated":true}]}}