{"id":2664,"date":"2024-10-26T13:59:42","date_gmt":"2024-10-26T06:59:42","guid":{"rendered":"https:\/\/nge.123websitedev.com\/san-pham\/tam-pei-mat-ban-in-hai-mat-k1-max-dual-sided-printing-platform-board-kit-khong-co-nhan-dan-tu-mem\/"},"modified":"2025-08-15T10:46:42","modified_gmt":"2025-08-15T03:46:42","slug":"tam-pei-mat-ban-in-hai-mat-k1-max-dual-sided-printing-platform-board-kit-khong-co-nhan-dan-tu-mem","status":"publish","type":"product","link":"https:\/\/nge.vn\/en\/product\/tam-pei-mat-ban-in-hai-mat-k1-max-dual-sided-printing-platform-board-kit-khong-co-nhan-dan-tu-mem\/","title":{"rendered":"T\u1ea5m PEI m\u1eb7t b\u00e0n in hai m\u1eb7t K1 Max Dual-Sided Printing Platform Board Kit (Kh\u00f4ng c\u00f3 nh\u00e3n d\u00e1n t\u1eeb m\u1ec1m)"},"content":{"rendered":"<p>T\u1ea5m m\u1eb7t b\u00e0n in hai m\u1eb7t K1 Max Dual-Sided Printing Platform Board Kit (Kh\u00f4ng c\u00f3 nh\u00e3n d\u00e1n t\u1eeb m\u1ec1m)<br \/>\n_B\u1ea3ng n\u1ec1n in PEO b\u00f3ng + Matte PEI<br \/>\nCh\u1ee9c n\u0103ng s\u1eed d\u1ee5ng k\u00e9p \u0111\u1ec3 chuy\u1ec3n \u0111\u1ed5i linh ho\u1ea1t<br \/>\n+Ti\u1ebft ki\u1ec7m chi ph\u00ed<br \/>\n+D\u1ec5 d\u00e0ng th\u00e1o d\u1ee1<br \/>\n+\u0110\u1ed9 ph\u1eb3ng cao<br \/>\n+Ch\u1ecbu m\u00e0i m\u00f2n v\u00e0 b\u1ec1n<\/p>\n<p>_S\u1eed d\u1ee5ng cho c\u00e1c m\u00e1y Creality: K1 Max\/ Ender-3 V3 Plus&#8230;v\u00e0 m\u00e1y c\u00f3 size 310x315mm<\/p>\n<p>_Dual-s\u1eed d\u1ee5ng m\u1ed9t s\u1ef1 k\u1ebft h\u1ee3p m\u1ea1nh m\u1ebd<br \/>\n+M\u1ed9t n\u1ec1n t\u1ea3ng in \u0111\u00e1p \u1ee9ng nhu c\u1ea7u in \u1ea5n \u0111a d\u1ea1ng.<br \/>\n+Thi\u1ebft k\u1ebf h\u1ecda ti\u1ebft kim c\u01b0\u01a1ng PEO th\u1ec3 hi\u1ec7n h\u1ecda ti\u1ebft \u0111\u1ed9c \u0111\u00e1o v\u00e0 m\u1edbi l\u1ea1 tr\u00ean b\u1ec1 m\u1eb7t \u0111\u00e1y c\u1ee7a m\u1eabu.<br \/>\n+PEI \u0111en m\u1edd c\u00f3 \u0111\u1ed9 b\u00e1m d\u00ednh cao, gi\u00fap ch\u1ed1ng cong v\u00eanh m\u00f4 h\u00ecnh. N\u1ec1n t\u1ea3ng hai m\u1eb7t k\u1ebft h\u1ee3p \u0111i\u1ec3m m\u1ea1nh c\u1ee7a c\u1ea3 hai, cho ph\u00e9p chuy\u1ec3n \u0111\u1ed5i li\u1ec1n m\u1ea1ch.<\/p>\n<p>_\u0110\u1ed9 b\u00e1m d\u00ednh cao, khu\u00f4n \u0111\u00fac \u1ed5n \u0111\u1ecbnh<br \/>\nT\u1ea5m th\u00e9p l\u00f2 xo m\u1ecfng c\u00f3 \u0111\u1ed9 b\u00e1m d\u00ednh b\u1ec1 m\u1eb7t v\u1edbi v\u1eadt li\u1ec7u c\u00f3 \u0111\u1ed9 b\u00e1m d\u00ednh cao, gi\u00fap gi\u1ea3m qu\u00e1n t\u00ednh trong qu\u00e1 tr\u00ecnh di chuy\u1ec3n n\u1ec1n t\u1ea3ng \u0111\u1ec3 v\u1eadn h\u00e0nh m\u00e1y in 3D m\u01b0\u1ee3t m\u00e0 h\u01a1n.<br \/>\n+B\u1ec1 m\u1eb7t d\u00e1n PEO<br \/>\nc\u00f3 th\u1ec3 ch\u1ecbu \u0111\u01b0\u1ee3c nhi\u1ec7t \u0111\u1ed9 kho\u1ea3ng 80\u00b0C; \u0111\u01b0\u1ee3c khuy\u00ean d\u00f9ng \u0111\u1ec3 in PLA, PETG, TPU<br \/>\n+Th\u00e9p l\u00f2 xo m\u1ecfng 0.4mm<br \/>\n+B\u1ec1 m\u1eb7t PEI m\u1edd<br \/>\nth\u00edch h\u1ee3p \u0111\u1ec3 in g\u1ea7n nh\u01b0 t\u1ea5t c\u1ea3 c\u00e1c lo\u1ea1i s\u1ee3i ph\u1ed5 bi\u1ebfn: PLA, PETG, ABS, TPU, ASA, PET, PA, PC, v.v.<\/p>\n<p>_\u0110\u1ed9 ph\u1eb3ng cao, d\u1ec5 \u0111\u1ed5 khu\u00f4n<br \/>\nT\u1ea5m th\u00e9p l\u00f2 xo c\u00f3 \u0111\u1ed9 ph\u1eb3ng cao, c\u00f3 \u0111\u1ed9 \u0111\u00e0n h\u1ed3i tuy\u1ec7t v\u1eddi, kh\u00f4ng b\u1ecb bi\u1ebfn d\u1ea1ng sau khi u\u1ed1n nhi\u1ec1u l\u1ea7n, t\u1ea1o \u0111i\u1ec1u ki\u1ec7n thu\u1eadn l\u1ee3i cho vi\u1ec7c th\u00e1o khu\u00f4n.<\/p>\n<p>_L\u1eafp \u0111\u1eb7t nhanh ch\u00f3ng, \u0111\u1ecbnh v\u1ecb ch\u00ednh x\u00e1c<br \/>\nTay c\u1ea7m k\u00e9p \u0111\u1ed9c \u0111\u00e1o + thi\u1ebft k\u1ebf l\u1ed7 \u0111\u1ecbnh v\u1ecb k\u00e9p \u0111\u1ec3 l\u1eafp \u0111\u1eb7t ch\u00ednh x\u00e1c.<\/p>\n<p>_Product specifications<br \/>\n+T\u00ean s\u1ea3n ph\u1ea9m: B\u1ed9 b\u1ea3ng in 2 m\u1eb7t &#8211; Glossy PEO (PEO b\u00f3ng) + Matte PEI (PEI M\u1edd)<br \/>\n+D\u00f2ng m\u00e1y t\u01b0\u01a1ng th\u00edch: K1 Max &amp; Ender 3 V3 PLUS&#8230; v\u00e0 v\u1edbi m\u00e1y in FDM c\u00f3 k\u00edch th\u01b0\u1edbc n\u1ec1n t\u1ea3ng 315x310mm<br \/>\n+K\u00edch th\u01b0\u1edbc: 310x315mm<\/p>\n<p>**To receive a better price, please contact the shop directly.<br \/>\n0913.939.775 contact A.Quan (for English)<br \/>\n094.144.0951 contact A.Quynh<br \/>\n**Selling price does not include VAT (+10% if VAT invoice is issued)<\/p>","protected":false},"excerpt":{"rendered":"<p>T\u1ea5m PEI m\u1eb7t b\u00e0n in hai m\u1eb7t K1 Max Dual-Sided Printing Platform Board Kit (Kh\u00f4ng c\u00f3 nh\u00e3n d\u00e1n t\u1eeb m\u1ec1m)<\/p>","protected":false},"featured_media":2655,"comment_status":"open","ping_status":"closed","template":"","meta":{"inline_featured_image":false},"product_brand":[],"product_cat":[458,40],"product_tag":[],"class_list":{"0":"post-2664","1":"product","2":"type-product","3":"status-publish","4":"has-post-thumbnail","6":"product_cat-ban-kinh-carbon-va-pei","7":"product_cat-linh-kien-va-phu-kien","9":"first","10":"instock","11":"sale","12":"taxable","13":"shipping-taxable","14":"purchasable","15":"product-type-simple"},"yoast_head":"<!-- This site is optimized with the Yoast SEO Premium plugin v22.8 (Yoast SEO v26.9) - https:\/\/yoast.com\/product\/yoast-seo-premium-wordpress\/ -->\n<title>T\u1ea5m PEI m\u1eb7t b\u00e0n in hai m\u1eb7t K1 Max Dual-Sided Printing Platform Board Kit (Kh\u00f4ng c\u00f3 nh\u00e3n d\u00e1n t\u1eeb m\u1ec1m) - NGE 3D Printers Services<\/title>\n<meta name=\"robots\" content=\"index, follow, max-snippet:-1, max-image-preview:large, max-video-preview:-1\" \/>\n<link rel=\"canonical\" href=\"https:\/\/nge.vn\/en\/product\/tam-pei-mat-ban-in-hai-mat-k1-max-dual-sided-printing-platform-board-kit-khong-co-nhan-dan-tu-mem\/\" \/>\n<meta property=\"og:locale\" content=\"en_US\" \/>\n<meta property=\"og:type\" content=\"article\" \/>\n<meta property=\"og:title\" content=\"T\u1ea5m PEI m\u1eb7t b\u00e0n in hai m\u1eb7t K1 Max Dual-Sided Printing Platform Board Kit (Kh\u00f4ng c\u00f3 nh\u00e3n d\u00e1n t\u1eeb m\u1ec1m)\" \/>\n<meta property=\"og:description\" content=\"T\u1ea5m PEI m\u1eb7t b\u00e0n in hai m\u1eb7t K1 Max Dual-Sided Printing Platform Board Kit (Kh\u00f4ng c\u00f3 nh\u00e3n d\u00e1n t\u1eeb m\u1ec1m)\" \/>\n<meta property=\"og:url\" content=\"https:\/\/nge.vn\/en\/product\/tam-pei-mat-ban-in-hai-mat-k1-max-dual-sided-printing-platform-board-kit-khong-co-nhan-dan-tu-mem\/\" \/>\n<meta property=\"og:site_name\" content=\"NGE 3D Printers Services\" \/>\n<meta property=\"article:modified_time\" content=\"2025-08-15T03:46:42+00:00\" \/>\n<meta property=\"og:image\" content=\"https:\/\/nge.vn\/wp-content\/uploads\/2024\/10\/images-upload-woo2F66f12a3ce889943901db1d0153d3862b.jpg\" \/>\n\t<meta property=\"og:image:width\" content=\"888\" \/>\n\t<meta property=\"og:image:height\" content=\"888\" \/>\n\t<meta property=\"og:image:type\" content=\"image\/jpeg\" \/>\n<meta name=\"twitter:card\" content=\"summary_large_image\" \/>\n<meta name=\"twitter:label1\" content=\"Est. reading time\" \/>\n\t<meta name=\"twitter:data1\" content=\"3 minutes\" \/>\n<script type=\"application\/ld+json\" class=\"yoast-schema-graph\">{\"@context\":\"https:\/\/schema.org\",\"@graph\":[{\"@type\":\"WebPage\",\"@id\":\"https:\/\/nge.vn\/san-pham\/tam-pei-mat-ban-in-hai-mat-k1-max-dual-sided-printing-platform-board-kit-khong-co-nhan-dan-tu-mem\/\",\"url\":\"https:\/\/nge.vn\/san-pham\/tam-pei-mat-ban-in-hai-mat-k1-max-dual-sided-printing-platform-board-kit-khong-co-nhan-dan-tu-mem\/\",\"name\":\"T\u1ea5m PEI m\u1eb7t b\u00e0n in hai m\u1eb7t K1 Max Dual-Sided Printing Platform Board Kit (Kh\u00f4ng c\u00f3 nh\u00e3n d\u00e1n t\u1eeb m\u1ec1m) - NGE 3D Printers Services\",\"isPartOf\":{\"@id\":\"https:\/\/nge.vn\/#website\"},\"primaryImageOfPage\":{\"@id\":\"https:\/\/nge.vn\/san-pham\/tam-pei-mat-ban-in-hai-mat-k1-max-dual-sided-printing-platform-board-kit-khong-co-nhan-dan-tu-mem\/#primaryimage\"},\"image\":{\"@id\":\"https:\/\/nge.vn\/san-pham\/tam-pei-mat-ban-in-hai-mat-k1-max-dual-sided-printing-platform-board-kit-khong-co-nhan-dan-tu-mem\/#primaryimage\"},\"thumbnailUrl\":\"https:\/\/nge.vn\/wp-content\/uploads\/2024\/10\/images-upload-woo2F66f12a3ce889943901db1d0153d3862b.jpg\",\"datePublished\":\"2024-10-26T06:59:42+00:00\",\"dateModified\":\"2025-08-15T03:46:42+00:00\",\"breadcrumb\":{\"@id\":\"https:\/\/nge.vn\/san-pham\/tam-pei-mat-ban-in-hai-mat-k1-max-dual-sided-printing-platform-board-kit-khong-co-nhan-dan-tu-mem\/#breadcrumb\"},\"inLanguage\":\"en-US\",\"potentialAction\":[{\"@type\":\"ReadAction\",\"target\":[\"https:\/\/nge.vn\/san-pham\/tam-pei-mat-ban-in-hai-mat-k1-max-dual-sided-printing-platform-board-kit-khong-co-nhan-dan-tu-mem\/\"]}]},{\"@type\":\"ImageObject\",\"inLanguage\":\"en-US\",\"@id\":\"https:\/\/nge.vn\/san-pham\/tam-pei-mat-ban-in-hai-mat-k1-max-dual-sided-printing-platform-board-kit-khong-co-nhan-dan-tu-mem\/#primaryimage\",\"url\":\"https:\/\/nge.vn\/wp-content\/uploads\/2024\/10\/images-upload-woo2F66f12a3ce889943901db1d0153d3862b.jpg\",\"contentUrl\":\"https:\/\/nge.vn\/wp-content\/uploads\/2024\/10\/images-upload-woo2F66f12a3ce889943901db1d0153d3862b.jpg\",\"width\":888,\"height\":888},{\"@type\":\"BreadcrumbList\",\"@id\":\"https:\/\/nge.vn\/san-pham\/tam-pei-mat-ban-in-hai-mat-k1-max-dual-sided-printing-platform-board-kit-khong-co-nhan-dan-tu-mem\/#breadcrumb\",\"itemListElement\":[{\"@type\":\"ListItem\",\"position\":1,\"name\":\"Trang ch\u1ee7\",\"item\":\"https:\/\/nge.vn\/\"},{\"@type\":\"ListItem\",\"position\":2,\"name\":\"S\u1ea3n ph\u1ea9m\",\"item\":\"https:\/\/nge.vn\/san-pham\/\"},{\"@type\":\"ListItem\",\"position\":3,\"name\":\"T\u1ea5m PEI m\u1eb7t b\u00e0n in hai m\u1eb7t K1 Max Dual-Sided Printing Platform Board Kit (Kh\u00f4ng c\u00f3 nh\u00e3n d\u00e1n t\u1eeb m\u1ec1m)\"}]},{\"@type\":\"WebSite\",\"@id\":\"https:\/\/nge.vn\/#website\",\"url\":\"https:\/\/nge.vn\/\",\"name\":\"NGE 3D Printers Services\",\"description\":\"\",\"potentialAction\":[{\"@type\":\"SearchAction\",\"target\":{\"@type\":\"EntryPoint\",\"urlTemplate\":\"https:\/\/nge.vn\/?s={search_term_string}\"},\"query-input\":{\"@type\":\"PropertyValueSpecification\",\"valueRequired\":true,\"valueName\":\"search_term_string\"}}],\"inLanguage\":\"en-US\"}]}<\/script>\n<!-- \/ Yoast SEO Premium plugin. -->","yoast_head_json":{"title":"T\u1ea5m PEI m\u1eb7t b\u00e0n in hai m\u1eb7t K1 Max Dual-Sided Printing Platform Board Kit (Kh\u00f4ng c\u00f3 nh\u00e3n d\u00e1n t\u1eeb m\u1ec1m) - NGE 3D Printers Services","robots":{"index":"index","follow":"follow","max-snippet":"max-snippet:-1","max-image-preview":"max-image-preview:large","max-video-preview":"max-video-preview:-1"},"canonical":"https:\/\/nge.vn\/en\/product\/tam-pei-mat-ban-in-hai-mat-k1-max-dual-sided-printing-platform-board-kit-khong-co-nhan-dan-tu-mem\/","og_locale":"en_US","og_type":"article","og_title":"T\u1ea5m PEI m\u1eb7t b\u00e0n in hai m\u1eb7t K1 Max Dual-Sided Printing Platform Board Kit (Kh\u00f4ng c\u00f3 nh\u00e3n d\u00e1n t\u1eeb m\u1ec1m)","og_description":"T\u1ea5m PEI m\u1eb7t b\u00e0n in hai m\u1eb7t K1 Max Dual-Sided Printing Platform Board Kit (Kh\u00f4ng c\u00f3 nh\u00e3n d\u00e1n t\u1eeb m\u1ec1m)","og_url":"https:\/\/nge.vn\/en\/product\/tam-pei-mat-ban-in-hai-mat-k1-max-dual-sided-printing-platform-board-kit-khong-co-nhan-dan-tu-mem\/","og_site_name":"NGE 3D Printers Services","article_modified_time":"2025-08-15T03:46:42+00:00","og_image":[{"width":888,"height":888,"url":"https:\/\/nge.vn\/wp-content\/uploads\/2024\/10\/images-upload-woo2F66f12a3ce889943901db1d0153d3862b.jpg","type":"image\/jpeg"}],"twitter_card":"summary_large_image","twitter_misc":{"Est. reading time":"3 minutes"},"schema":{"@context":"https:\/\/schema.org","@graph":[{"@type":"WebPage","@id":"https:\/\/nge.vn\/san-pham\/tam-pei-mat-ban-in-hai-mat-k1-max-dual-sided-printing-platform-board-kit-khong-co-nhan-dan-tu-mem\/","url":"https:\/\/nge.vn\/san-pham\/tam-pei-mat-ban-in-hai-mat-k1-max-dual-sided-printing-platform-board-kit-khong-co-nhan-dan-tu-mem\/","name":"T\u1ea5m PEI m\u1eb7t b\u00e0n in hai m\u1eb7t K1 Max Dual-Sided Printing Platform Board Kit (Kh\u00f4ng c\u00f3 nh\u00e3n d\u00e1n t\u1eeb m\u1ec1m) - NGE 3D Printers Services","isPartOf":{"@id":"https:\/\/nge.vn\/#website"},"primaryImageOfPage":{"@id":"https:\/\/nge.vn\/san-pham\/tam-pei-mat-ban-in-hai-mat-k1-max-dual-sided-printing-platform-board-kit-khong-co-nhan-dan-tu-mem\/#primaryimage"},"image":{"@id":"https:\/\/nge.vn\/san-pham\/tam-pei-mat-ban-in-hai-mat-k1-max-dual-sided-printing-platform-board-kit-khong-co-nhan-dan-tu-mem\/#primaryimage"},"thumbnailUrl":"https:\/\/nge.vn\/wp-content\/uploads\/2024\/10\/images-upload-woo2F66f12a3ce889943901db1d0153d3862b.jpg","datePublished":"2024-10-26T06:59:42+00:00","dateModified":"2025-08-15T03:46:42+00:00","breadcrumb":{"@id":"https:\/\/nge.vn\/san-pham\/tam-pei-mat-ban-in-hai-mat-k1-max-dual-sided-printing-platform-board-kit-khong-co-nhan-dan-tu-mem\/#breadcrumb"},"inLanguage":"en-US","potentialAction":[{"@type":"ReadAction","target":["https:\/\/nge.vn\/san-pham\/tam-pei-mat-ban-in-hai-mat-k1-max-dual-sided-printing-platform-board-kit-khong-co-nhan-dan-tu-mem\/"]}]},{"@type":"ImageObject","inLanguage":"en-US","@id":"https:\/\/nge.vn\/san-pham\/tam-pei-mat-ban-in-hai-mat-k1-max-dual-sided-printing-platform-board-kit-khong-co-nhan-dan-tu-mem\/#primaryimage","url":"https:\/\/nge.vn\/wp-content\/uploads\/2024\/10\/images-upload-woo2F66f12a3ce889943901db1d0153d3862b.jpg","contentUrl":"https:\/\/nge.vn\/wp-content\/uploads\/2024\/10\/images-upload-woo2F66f12a3ce889943901db1d0153d3862b.jpg","width":888,"height":888},{"@type":"BreadcrumbList","@id":"https:\/\/nge.vn\/san-pham\/tam-pei-mat-ban-in-hai-mat-k1-max-dual-sided-printing-platform-board-kit-khong-co-nhan-dan-tu-mem\/#breadcrumb","itemListElement":[{"@type":"ListItem","position":1,"name":"Trang ch\u1ee7","item":"https:\/\/nge.vn\/"},{"@type":"ListItem","position":2,"name":"S\u1ea3n ph\u1ea9m","item":"https:\/\/nge.vn\/san-pham\/"},{"@type":"ListItem","position":3,"name":"T\u1ea5m PEI m\u1eb7t b\u00e0n in hai m\u1eb7t K1 Max Dual-Sided Printing Platform Board Kit (Kh\u00f4ng c\u00f3 nh\u00e3n d\u00e1n t\u1eeb m\u1ec1m)"}]},{"@type":"WebSite","@id":"https:\/\/nge.vn\/#website","url":"https:\/\/nge.vn\/","name":"NGE 3D Printers Services","description":"","potentialAction":[{"@type":"SearchAction","target":{"@type":"EntryPoint","urlTemplate":"https:\/\/nge.vn\/?s={search_term_string}"},"query-input":{"@type":"PropertyValueSpecification","valueRequired":true,"valueName":"search_term_string"}}],"inLanguage":"en-US"}]}},"_links":{"self":[{"href":"https:\/\/nge.vn\/en\/wp-json\/wp\/v2\/product\/2664","targetHints":{"allow":["GET"]}}],"collection":[{"href":"https:\/\/nge.vn\/en\/wp-json\/wp\/v2\/product"}],"about":[{"href":"https:\/\/nge.vn\/en\/wp-json\/wp\/v2\/types\/product"}],"replies":[{"embeddable":true,"href":"https:\/\/nge.vn\/en\/wp-json\/wp\/v2\/comments?post=2664"}],"wp:featuredmedia":[{"embeddable":true,"href":"https:\/\/nge.vn\/en\/wp-json\/wp\/v2\/media\/2655"}],"wp:attachment":[{"href":"https:\/\/nge.vn\/en\/wp-json\/wp\/v2\/media?parent=2664"}],"wp:term":[{"taxonomy":"product_brand","embeddable":true,"href":"https:\/\/nge.vn\/en\/wp-json\/wp\/v2\/product_brand?post=2664"},{"taxonomy":"product_cat","embeddable":true,"href":"https:\/\/nge.vn\/en\/wp-json\/wp\/v2\/product_cat?post=2664"},{"taxonomy":"product_tag","embeddable":true,"href":"https:\/\/nge.vn\/en\/wp-json\/wp\/v2\/product_tag?post=2664"}],"curies":[{"name":"wp","href":"https:\/\/api.w.org\/{rel}","templated":true}]}}