{"id":2614,"date":"2024-10-26T11:53:23","date_gmt":"2024-10-26T04:53:23","guid":{"rendered":"https:\/\/nge.123websitedev.com\/san-pham\/nhua-in-3d-mo-esun-epla-matte-cao-cap-cung-hon-abs-ben-nhu-pc-1kg-cuon\/"},"modified":"2024-10-29T08:54:18","modified_gmt":"2024-10-29T01:54:18","slug":"nhua-in-3d-mo-esun-epla-matte-cao-cap-cung-hon-abs-ben-nhu-pc-1kg-cuon","status":"publish","type":"product","link":"https:\/\/nge.vn\/en\/product\/nhua-in-3d-mo-esun-epla-matte-cao-cap-cung-hon-abs-ben-nhu-pc-1kg-cuon\/","title":{"rendered":"Nh\u1ef1a in 3D m\u1edd ESUN ePLA-Matte cao c\u1ea5p c\u1ee9ng h\u01a1n ABS b\u1ec1n nh\u01b0 PC 1kg\/Cu\u1ed9n"},"content":{"rendered":"<p>Nh\u1ef1a in 3D ESUN ePLA-Matte cao c\u1ea5p 1kg\/Cu\u1ed9n<br \/>\n_ePLA-Matte l\u00e0 v\u1eadt li\u1ec7u PLA ti\u1ebft ki\u1ec7m chi ph\u00ed, th\u00e2n thi\u1ec7n v\u1edbi m\u00f4i tr\u01b0\u1eddng v\u00e0 d\u1ec5 in.<br \/>\n_So v\u1edbi ABS, ePLA-Matte c\u00f3 \u0111\u1ed9 c\u1ee9ng cao h\u01a1n v\u00e0 \u0111\u1ed9 b\u1ec1n gi\u1ed1ng nh\u01b0 PC v\u00e0 kh\u00f4ng y\u00eau c\u1ea7u khoang k\u00edn, ch\u1ea5t l\u01b0\u1ee3ng co ng\u00f3t th\u1ea5p, kh\u00f4ng cong v\u00eanh v\u00e0 kh\u00f4ng n\u1ee9t, ph\u00f9 h\u1ee3p cho in m\u00f4 h\u00ecnh k\u00edch th\u01b0\u1edbc l\u1edbn;<br \/>\n_Support d\u1ec5 b\u00f3c t\u00e1ch kh\u1ecfi b\u1ec1 m\u1eb7t v\u1edbi b\u1ec1 m\u1eb7t ti\u1ebfp x\u00fac nh\u1eb5n v\u00e0 ph\u1eb3ng;<br \/>\n_S\u1ebd kh\u00f4ng c\u00f3 m\u00f9i kh\u00f3 ch\u1ecbu trong qu\u00e1 tr\u00ecnh in, an to\u00e0n v\u00e0 th\u00e2n thi\u1ec7n v\u1edbi m\u00f4i tr\u01b0\u1eddng;<br \/>\n_V\u00e0 cu\u1ed9n \u0111\u01b0\u1ee3c l\u00e0m b\u1eb1ng c\u00e1ch t\u00e1i s\u1eed d\u1ee5ng \u00e9p phun PETG, ABS, ch\u1ea5t th\u1ea3i s\u1ea3n xu\u1ea5t PLA v\u00e0 ch\u1ea5t th\u1ea3i c\u00f4ng nghi\u1ec7p kh\u00e1c, v\u00e0 h\u1ed9p b\u00ean ngo\u00e0i \u0111\u01b0\u1ee3c l\u00e0m b\u1eb1ng gi\u1ea5y c\u00f3 th\u1ec3 t\u00e1i ch\u1ebf. L\u00e0m cho in 3D b\u1ec1n v\u1eefng h\u01a1n v\u1edbi kh\u00e1i ni\u1ec7m b\u1ea3o v\u1ec7 m\u00f4i tr\u01b0\u1eddng;<br \/>\n_B\u1ec1 m\u1eb7t m\u1edd tinh t\u1ebf v\u00e0 kh\u00f4ng hi\u1ec3n th\u1ecb c\u00e1c \u0111\u01b0\u1eddng l\u1edbp;<br \/>\n_S\u1ee3i nh\u1ef1a kh\u00f4ng d\u1ec5 b\u1ecb \u0111\u1ee9t gi\u00fap cho vi\u1ec7c in \u1ea5n di\u1ec5n ra tr\u01a1n tru trong th\u1eddi gian d\u00e0i m\u00e0 kh\u00f4ng b\u1ecb t\u1eafc ngh\u1ebdn.<br \/>\n_N\u00f3 c\u00f3 th\u1ec3 \u0111\u01b0\u1ee3c s\u1eed d\u1ee5ng cho c\u00e1c m\u00f4 h\u00ecnh \u00fd t\u01b0\u1edfng ban \u0111\u1ea7u v\u00e0 t\u1ea1o m\u1eabu nhanh.<br \/>\n_M\u1eadt \u0111\u1ed9 th\u1ea5p, v\u1eadt t\u01b0 ti\u00eau hao m\u1ed9t cu\u1ed9n ePLA-Matte nhi\u1ec1u h\u01a1n 21% so v\u1edbi c\u00e1c m\u1eabu in s\u1ea3n ph\u1ea9m PLA matter (m\u1edd) kh\u00e1c.<br \/>\n+M\u00f4i tr\u01b0\u1eddng th\u00e2n thi\u1ec7n<br \/>\n+Hi\u1ec7u qu\u1ea3 v\u1ec1 chi ph\u00ed<br \/>\n+In t\u1ed1c \u0111\u1ed9 cao<br \/>\n+D\u1ec5 d\u00e0ng b\u00f3c t\u00e1ch support (gi\u00e1 \u0111\u1ee1)<br \/>\n+Kh\u1ea3 n\u0103ng in tuy\u1ec7t v\u1eddi<br \/>\n+Kh\u00f3 c\u00f3 th\u1ec3 ph\u00e1 v\u1ee1 (b\u1ec3 g\u1ea3y n\u1ee9t&#8230;)<br \/>\n+Hi\u1ec7u \u1ee9ng b\u1ec1 m\u1eb7t m\u1edd r\u1ea5t \u0111\u1eb9p<br \/>\n+M\u1eadt \u0111\u1ed9 th\u1ea5p<\/p>\n<p>_B\u1ea3ng thu\u1ed9c t\u00ednh s\u1ee3i nh\u1ef1a:<br \/>\n+3D PRINTING FILAMENT ePLA-Matte<br \/>\n+Density(g\/cm3) 1.174<br \/>\n+Heat Distortion Temp(\u2103,0.45MPa) 51<br \/>\n+Melt Flow Index(g\/10min) 2.1\uff08190\u2103\/2.16kg\uff09<br \/>\n+Tensile Strength(MPa) 34.56<br \/>\n+Elongation at Break(%) 56.1<br \/>\n+Flexural Strength(MPa) 41.21<br \/>\n+Flexural Modulus(MPa) 1119.41<br \/>\n+IZOD Impact Strength(kJ\/\u33a1) 33.15<br \/>\n+Durability 4\/10<br \/>\n+Printability 9\/10<br \/>\n_Recommended printing parameters<br \/>\n+Extruder Temperature(\u2103) 190 \u2013 230\u2103<br \/>\n+Recommended temperature 215\u2103<br \/>\n+Bed temperature(\u2103) 45 \u2013 60\u00b0C<br \/>\n+Fan Speed 100%<br \/>\n+Printing Speed 40 \u2013 100mm\/s<br \/>\n+Heated Bed Optional<br \/>\n+Recommended Build Surfaces Masking paper, PVP solid glue, PEI<\/p>\n<p>***N\u1ebfu s\u1eed d\u1ee5ng m\u00e1y c\u00f3 c\u1ee5m \u0111\u00f9n Gi\u00e1n Ti\u1ebfp:<br \/>\n+Initial Layer Speed (l\u1edbp \u0111\u1ea7u ti\u00ean): 10mm\/s<br \/>\n+Print Speed: 35-40mm\/s<br \/>\n+Speed Fan: 40%<br \/>\n+Printing Temperature (Nhi\u1ec7t \u0111\u1ed9 \u0111\u1ea7u \u0111\u00f9n): 230-235\u2103 , m\u00ecnh th\u00ec \u0111\u1ec3 230\u2103<br \/>\n+Build Plate Temperature (Nhi\u1ec7t \u0111\u1ed9 b\u00e0n nhi\u1ec7t): 65-70\u2103<br \/>\n***Remember to turn on Brim (Nh\u1edb b\u1eadt Brim)<\/p>\n<p>***Xem th\u00eam n\u1ebfu c\u00f3 v\u1ea5n \u0111\u1ec1 khi in: https:\/\/www.esun3d.com\/uploads\/ePLA-Matte-printing-problem-solutions.pdf<br \/>\n**Video in test Lucky Cat t\u1eeb nh\u1ef1a ePLA-Matte m\u00e0u Mint Green: https:\/\/www.youtube.com\/watch?v=lTIWwnvYcp4<\/p>\n<p>**\u0110\u1ec3 \u0111\u01b0\u1ee3c nh\u1eadn h\u1ed9 tr\u1ee3 th\u00eam v\u1ec1 Gi\u00e1 v\u00e0 Th\u00f4ng tin c\u1ee7a s\u1ea3n ph\u1ea9m, vui l\u00f2ng li\u00ean h\u1ec7:<br \/>\n0913.939.775 g\u1eb7p A. Qu\u00e2n (for English)<br \/>\n094.144.0951 contact A.Quynh<br \/>\n**Selling price does not include VAT (+10% if VAT invoice is issued)<\/p>","protected":false},"excerpt":{"rendered":"<p>Nh\u1ef1a in 3D m\u1edd ESUN ePLA-Matte cao c\u1ea5p c\u1ee9ng h\u01a1n ABS b\u1ec1n nh\u01b0 PC 1kg\/Cu\u1ed9n<\/p>","protected":false},"featured_media":2605,"comment_status":"open","ping_status":"closed","template":"","meta":{"inline_featured_image":false},"product_brand":[],"product_cat":[455,456,43],"product_tag":[],"class_list":{"0":"post-2614","1":"product","2":"type-product","3":"status-publish","4":"has-post-thumbnail","6":"product_cat-nhua-in-3d","7":"product_cat-nhua-in-3d-fdm","8":"product_cat-nhua-in-3d-resin","10":"first","11":"instock","12":"taxable","13":"shipping-taxable","14":"purchasable","15":"product-type-variable"},"yoast_head":"<!-- This site is optimized with the Yoast SEO Premium plugin v22.8 (Yoast SEO v26.9) - https:\/\/yoast.com\/product\/yoast-seo-premium-wordpress\/ -->\n<title>Nh\u1ef1a in 3D m\u1edd ESUN ePLA-Matte cao c\u1ea5p c\u1ee9ng h\u01a1n ABS b\u1ec1n nh\u01b0 PC 1kg\/Cu\u1ed9n - NGE 3D Printers Services<\/title>\n<meta name=\"robots\" content=\"index, follow, max-snippet:-1, max-image-preview:large, max-video-preview:-1\" \/>\n<link rel=\"canonical\" href=\"https:\/\/nge.vn\/en\/product\/nhua-in-3d-mo-esun-epla-matte-cao-cap-cung-hon-abs-ben-nhu-pc-1kg-cuon\/\" \/>\n<meta property=\"og:locale\" content=\"en_US\" \/>\n<meta property=\"og:type\" content=\"article\" \/>\n<meta property=\"og:title\" content=\"Nh\u1ef1a in 3D m\u1edd ESUN ePLA-Matte cao c\u1ea5p c\u1ee9ng h\u01a1n ABS b\u1ec1n nh\u01b0 PC 1kg\/Cu\u1ed9n\" \/>\n<meta property=\"og:description\" content=\"Nh\u1ef1a in 3D m\u1edd ESUN ePLA-Matte cao c\u1ea5p c\u1ee9ng h\u01a1n ABS b\u1ec1n nh\u01b0 PC 1kg\/Cu\u1ed9n\" \/>\n<meta property=\"og:url\" content=\"https:\/\/nge.vn\/en\/product\/nhua-in-3d-mo-esun-epla-matte-cao-cap-cung-hon-abs-ben-nhu-pc-1kg-cuon\/\" \/>\n<meta property=\"og:site_name\" content=\"NGE 3D Printers Services\" \/>\n<meta property=\"article:modified_time\" content=\"2024-10-29T01:54:18+00:00\" \/>\n<meta property=\"og:image\" content=\"https:\/\/nge.vn\/wp-content\/uploads\/2024\/10\/images-upload-woo2Fa154bf92929530d794f653c957fd4cb9.jpg\" \/>\n\t<meta property=\"og:image:width\" content=\"716\" \/>\n\t<meta property=\"og:image:height\" content=\"716\" \/>\n\t<meta property=\"og:image:type\" content=\"image\/jpeg\" \/>\n<meta name=\"twitter:card\" content=\"summary_large_image\" \/>\n<meta name=\"twitter:label1\" content=\"Est. reading time\" \/>\n\t<meta name=\"twitter:data1\" content=\"3 minutes\" \/>\n<script type=\"application\/ld+json\" class=\"yoast-schema-graph\">{\"@context\":\"https:\/\/schema.org\",\"@graph\":[{\"@type\":\"WebPage\",\"@id\":\"https:\/\/nge.vn\/san-pham\/nhua-in-3d-mo-esun-epla-matte-cao-cap-cung-hon-abs-ben-nhu-pc-1kg-cuon\/\",\"url\":\"https:\/\/nge.vn\/san-pham\/nhua-in-3d-mo-esun-epla-matte-cao-cap-cung-hon-abs-ben-nhu-pc-1kg-cuon\/\",\"name\":\"Nh\u1ef1a in 3D m\u1edd ESUN ePLA-Matte cao c\u1ea5p c\u1ee9ng h\u01a1n ABS b\u1ec1n nh\u01b0 PC 1kg\/Cu\u1ed9n - NGE 3D Printers Services\",\"isPartOf\":{\"@id\":\"https:\/\/nge.vn\/#website\"},\"primaryImageOfPage\":{\"@id\":\"https:\/\/nge.vn\/san-pham\/nhua-in-3d-mo-esun-epla-matte-cao-cap-cung-hon-abs-ben-nhu-pc-1kg-cuon\/#primaryimage\"},\"image\":{\"@id\":\"https:\/\/nge.vn\/san-pham\/nhua-in-3d-mo-esun-epla-matte-cao-cap-cung-hon-abs-ben-nhu-pc-1kg-cuon\/#primaryimage\"},\"thumbnailUrl\":\"https:\/\/nge.vn\/wp-content\/uploads\/2024\/10\/images-upload-woo2Fa154bf92929530d794f653c957fd4cb9.jpg\",\"datePublished\":\"2024-10-26T04:53:23+00:00\",\"dateModified\":\"2024-10-29T01:54:18+00:00\",\"breadcrumb\":{\"@id\":\"https:\/\/nge.vn\/san-pham\/nhua-in-3d-mo-esun-epla-matte-cao-cap-cung-hon-abs-ben-nhu-pc-1kg-cuon\/#breadcrumb\"},\"inLanguage\":\"en-US\",\"potentialAction\":[{\"@type\":\"ReadAction\",\"target\":[\"https:\/\/nge.vn\/san-pham\/nhua-in-3d-mo-esun-epla-matte-cao-cap-cung-hon-abs-ben-nhu-pc-1kg-cuon\/\"]}]},{\"@type\":\"ImageObject\",\"inLanguage\":\"en-US\",\"@id\":\"https:\/\/nge.vn\/san-pham\/nhua-in-3d-mo-esun-epla-matte-cao-cap-cung-hon-abs-ben-nhu-pc-1kg-cuon\/#primaryimage\",\"url\":\"https:\/\/nge.vn\/wp-content\/uploads\/2024\/10\/images-upload-woo2Fa154bf92929530d794f653c957fd4cb9.jpg\",\"contentUrl\":\"https:\/\/nge.vn\/wp-content\/uploads\/2024\/10\/images-upload-woo2Fa154bf92929530d794f653c957fd4cb9.jpg\",\"width\":716,\"height\":716},{\"@type\":\"BreadcrumbList\",\"@id\":\"https:\/\/nge.vn\/san-pham\/nhua-in-3d-mo-esun-epla-matte-cao-cap-cung-hon-abs-ben-nhu-pc-1kg-cuon\/#breadcrumb\",\"itemListElement\":[{\"@type\":\"ListItem\",\"position\":1,\"name\":\"Trang ch\u1ee7\",\"item\":\"https:\/\/nge.vn\/\"},{\"@type\":\"ListItem\",\"position\":2,\"name\":\"S\u1ea3n ph\u1ea9m\",\"item\":\"https:\/\/nge.vn\/san-pham\/\"},{\"@type\":\"ListItem\",\"position\":3,\"name\":\"Nh\u1ef1a in 3D m\u1edd ESUN ePLA-Matte cao c\u1ea5p c\u1ee9ng h\u01a1n ABS b\u1ec1n nh\u01b0 PC 1kg\/Cu\u1ed9n\"}]},{\"@type\":\"WebSite\",\"@id\":\"https:\/\/nge.vn\/#website\",\"url\":\"https:\/\/nge.vn\/\",\"name\":\"NGE 3D Printers Services\",\"description\":\"\",\"potentialAction\":[{\"@type\":\"SearchAction\",\"target\":{\"@type\":\"EntryPoint\",\"urlTemplate\":\"https:\/\/nge.vn\/?s={search_term_string}\"},\"query-input\":{\"@type\":\"PropertyValueSpecification\",\"valueRequired\":true,\"valueName\":\"search_term_string\"}}],\"inLanguage\":\"en-US\"}]}<\/script>\n<!-- \/ Yoast SEO Premium plugin. -->","yoast_head_json":{"title":"Nh\u1ef1a in 3D m\u1edd ESUN ePLA-Matte cao c\u1ea5p c\u1ee9ng h\u01a1n ABS b\u1ec1n nh\u01b0 PC 1kg\/Cu\u1ed9n - NGE 3D Printers Services","robots":{"index":"index","follow":"follow","max-snippet":"max-snippet:-1","max-image-preview":"max-image-preview:large","max-video-preview":"max-video-preview:-1"},"canonical":"https:\/\/nge.vn\/en\/product\/nhua-in-3d-mo-esun-epla-matte-cao-cap-cung-hon-abs-ben-nhu-pc-1kg-cuon\/","og_locale":"en_US","og_type":"article","og_title":"Nh\u1ef1a in 3D m\u1edd ESUN ePLA-Matte cao c\u1ea5p c\u1ee9ng h\u01a1n ABS b\u1ec1n nh\u01b0 PC 1kg\/Cu\u1ed9n","og_description":"Nh\u1ef1a in 3D m\u1edd ESUN ePLA-Matte cao c\u1ea5p c\u1ee9ng h\u01a1n ABS b\u1ec1n nh\u01b0 PC 1kg\/Cu\u1ed9n","og_url":"https:\/\/nge.vn\/en\/product\/nhua-in-3d-mo-esun-epla-matte-cao-cap-cung-hon-abs-ben-nhu-pc-1kg-cuon\/","og_site_name":"NGE 3D Printers Services","article_modified_time":"2024-10-29T01:54:18+00:00","og_image":[{"width":716,"height":716,"url":"https:\/\/nge.vn\/wp-content\/uploads\/2024\/10\/images-upload-woo2Fa154bf92929530d794f653c957fd4cb9.jpg","type":"image\/jpeg"}],"twitter_card":"summary_large_image","twitter_misc":{"Est. reading time":"3 minutes"},"schema":{"@context":"https:\/\/schema.org","@graph":[{"@type":"WebPage","@id":"https:\/\/nge.vn\/san-pham\/nhua-in-3d-mo-esun-epla-matte-cao-cap-cung-hon-abs-ben-nhu-pc-1kg-cuon\/","url":"https:\/\/nge.vn\/san-pham\/nhua-in-3d-mo-esun-epla-matte-cao-cap-cung-hon-abs-ben-nhu-pc-1kg-cuon\/","name":"Nh\u1ef1a in 3D m\u1edd ESUN ePLA-Matte cao c\u1ea5p c\u1ee9ng h\u01a1n ABS b\u1ec1n nh\u01b0 PC 1kg\/Cu\u1ed9n - NGE 3D Printers Services","isPartOf":{"@id":"https:\/\/nge.vn\/#website"},"primaryImageOfPage":{"@id":"https:\/\/nge.vn\/san-pham\/nhua-in-3d-mo-esun-epla-matte-cao-cap-cung-hon-abs-ben-nhu-pc-1kg-cuon\/#primaryimage"},"image":{"@id":"https:\/\/nge.vn\/san-pham\/nhua-in-3d-mo-esun-epla-matte-cao-cap-cung-hon-abs-ben-nhu-pc-1kg-cuon\/#primaryimage"},"thumbnailUrl":"https:\/\/nge.vn\/wp-content\/uploads\/2024\/10\/images-upload-woo2Fa154bf92929530d794f653c957fd4cb9.jpg","datePublished":"2024-10-26T04:53:23+00:00","dateModified":"2024-10-29T01:54:18+00:00","breadcrumb":{"@id":"https:\/\/nge.vn\/san-pham\/nhua-in-3d-mo-esun-epla-matte-cao-cap-cung-hon-abs-ben-nhu-pc-1kg-cuon\/#breadcrumb"},"inLanguage":"en-US","potentialAction":[{"@type":"ReadAction","target":["https:\/\/nge.vn\/san-pham\/nhua-in-3d-mo-esun-epla-matte-cao-cap-cung-hon-abs-ben-nhu-pc-1kg-cuon\/"]}]},{"@type":"ImageObject","inLanguage":"en-US","@id":"https:\/\/nge.vn\/san-pham\/nhua-in-3d-mo-esun-epla-matte-cao-cap-cung-hon-abs-ben-nhu-pc-1kg-cuon\/#primaryimage","url":"https:\/\/nge.vn\/wp-content\/uploads\/2024\/10\/images-upload-woo2Fa154bf92929530d794f653c957fd4cb9.jpg","contentUrl":"https:\/\/nge.vn\/wp-content\/uploads\/2024\/10\/images-upload-woo2Fa154bf92929530d794f653c957fd4cb9.jpg","width":716,"height":716},{"@type":"BreadcrumbList","@id":"https:\/\/nge.vn\/san-pham\/nhua-in-3d-mo-esun-epla-matte-cao-cap-cung-hon-abs-ben-nhu-pc-1kg-cuon\/#breadcrumb","itemListElement":[{"@type":"ListItem","position":1,"name":"Trang ch\u1ee7","item":"https:\/\/nge.vn\/"},{"@type":"ListItem","position":2,"name":"S\u1ea3n ph\u1ea9m","item":"https:\/\/nge.vn\/san-pham\/"},{"@type":"ListItem","position":3,"name":"Nh\u1ef1a in 3D m\u1edd ESUN ePLA-Matte cao c\u1ea5p c\u1ee9ng h\u01a1n ABS b\u1ec1n nh\u01b0 PC 1kg\/Cu\u1ed9n"}]},{"@type":"WebSite","@id":"https:\/\/nge.vn\/#website","url":"https:\/\/nge.vn\/","name":"NGE 3D Printers Services","description":"","potentialAction":[{"@type":"SearchAction","target":{"@type":"EntryPoint","urlTemplate":"https:\/\/nge.vn\/?s={search_term_string}"},"query-input":{"@type":"PropertyValueSpecification","valueRequired":true,"valueName":"search_term_string"}}],"inLanguage":"en-US"}]}},"_links":{"self":[{"href":"https:\/\/nge.vn\/en\/wp-json\/wp\/v2\/product\/2614","targetHints":{"allow":["GET"]}}],"collection":[{"href":"https:\/\/nge.vn\/en\/wp-json\/wp\/v2\/product"}],"about":[{"href":"https:\/\/nge.vn\/en\/wp-json\/wp\/v2\/types\/product"}],"replies":[{"embeddable":true,"href":"https:\/\/nge.vn\/en\/wp-json\/wp\/v2\/comments?post=2614"}],"wp:featuredmedia":[{"embeddable":true,"href":"https:\/\/nge.vn\/en\/wp-json\/wp\/v2\/media\/2605"}],"wp:attachment":[{"href":"https:\/\/nge.vn\/en\/wp-json\/wp\/v2\/media?parent=2614"}],"wp:term":[{"taxonomy":"product_brand","embeddable":true,"href":"https:\/\/nge.vn\/en\/wp-json\/wp\/v2\/product_brand?post=2614"},{"taxonomy":"product_cat","embeddable":true,"href":"https:\/\/nge.vn\/en\/wp-json\/wp\/v2\/product_cat?post=2614"},{"taxonomy":"product_tag","embeddable":true,"href":"https:\/\/nge.vn\/en\/wp-json\/wp\/v2\/product_tag?post=2614"}],"curies":[{"name":"wp","href":"https:\/\/api.w.org\/{rel}","templated":true}]}}