{"id":2604,"date":"2024-10-26T11:46:54","date_gmt":"2024-10-26T04:46:54","guid":{"rendered":"https:\/\/nge.123websitedev.com\/san-pham\/bo-pheu-silicon-va-coc-loc-nhua-resin\/"},"modified":"2024-10-29T17:08:01","modified_gmt":"2024-10-29T10:08:01","slug":"bo-pheu-silicon-va-coc-loc-nhua-resin","status":"publish","type":"product","link":"https:\/\/nge.vn\/en\/product\/bo-pheu-silicon-va-coc-loc-nhua-resin\/","title":{"rendered":"B\u1ed9 Ph\u1ec5u Silicon v\u00e0 C\u1ed1c L\u1ecdc nh\u1ef1a Resin"},"content":{"rendered":"<p>B\u1ed9 Ph\u1ec5u Silicon v\u00e0 C\u1ed1c L\u1ecdc nh\u1ef1a Resin<br \/>\nD\u00f9ng \u0111\u1ec3 l\u1ecdc c\u1ee3n d\u01a1 c\u00f3 trong nh\u1ef1a Resin<br \/>\nPh\u1ec5u silicon d\u00f9ng \u0111\u1ec3 \u0111\u1ed5 nh\u1ef1a tr\u1edf l\u1ea1i chai. Ph\u00f9 h\u1ee3p v\u1edbi t\u1ea5t c\u1ea3 c\u00e1c lo\u1ea1i chai t\u1eeb chi\u1ec1u r\u1ed9ng c\u1ed5 15mm v\u00e0 t\u1ea5t nhi\u00ean \u0111i\u1ec1u n\u00e0y ph\u00f9 h\u1ee3p v\u1edbi b\u1ed9 l\u1ecdc nh\u1ef1a c\u1ee7a ch\u00fang t\u00f4i.<br \/>\nH\u00e3y nh\u1edb lu\u00f4n s\u1eed d\u1ee5ng b\u1ed9 l\u1ecdc nh\u1ef1a khi b\u1ea1n \u0111\u1ed5 l\u1ea1i nh\u1ef1a v\u00e0o chai. N\u1ebfu kh\u00f4ng, c\u00e1c m\u1ea3nh v\u1ee5n t\u1eeb c\u00e1c b\u1ea3n in kh\u00f4ng th\u00e0nh c\u00f4ng, gi\u00e1 \u0111\u1ee1 b\u1ecb h\u1ecfng v\u00e0 c\u00e1c m\u1ea3nh v\u1ee5n kh\u00e1c s\u1ebd l\u00e0m \u00f4 nhi\u1ec5m chai c\u1ee7a b\u1ea1n. Ph\u1ec5u silicon n\u00e0y r\u1ea5t d\u1ec5 l\u00e0m s\u1ea1ch.<\/p>\n<p>_Specifications:<br \/>\n+Material: Silicone+Metal<br \/>\n+Width top: 75mm<br \/>\n+Width bottom: 15mm<br \/>\n+Height: 100mm<br \/>\n+Material: Silicone<br \/>\n+Type: C\u00f3 th\u1ec3 g\u1eadp l\u1ea1i<\/p>\n<p>_Bao g\u1ed3m:<br \/>\n1 * C\u1ed1c l\u1ecdc nh\u1ef1a resin kim lo\u1ea1i<br \/>\n1 * Ph\u1ec5u silicon<\/p>\n<p>**\u0110\u1ec3 \u0111\u01b0\u1ee3c nh\u1eadn h\u1ed9 tr\u1ee3 th\u00eam v\u1ec1 Gi\u00e1 v\u00e0 Th\u00f4ng tin c\u1ee7a s\u1ea3n ph\u1ea9m, vui l\u00f2ng li\u00ean h\u1ec7:<br \/>\n          0913.939.775 g\u1eb7p A. Qu\u00e2n (for English)<br \/>\n          094.144.0951 contact A.Quynh<br \/>\n**Selling price does not include VAT (+10% if VAT invoice is issued)<\/p>","protected":false},"excerpt":{"rendered":"<p>B\u1ed9 Ph\u1ec5u Silicon v\u00e0 C\u1ed1c L\u1ecdc nh\u1ef1a Resin<\/p>","protected":false},"featured_media":2595,"comment_status":"open","ping_status":"closed","template":"","meta":{"inline_featured_image":false},"product_brand":[],"product_cat":[40],"product_tag":[],"class_list":{"0":"post-2604","1":"product","2":"type-product","3":"status-publish","4":"has-post-thumbnail","6":"product_cat-linh-kien-va-phu-kien","8":"first","9":"instock","10":"taxable","11":"shipping-taxable","12":"purchasable","13":"product-type-simple"},"yoast_head":"<!-- This site is optimized with the Yoast SEO Premium plugin v22.8 (Yoast SEO v26.9) - https:\/\/yoast.com\/product\/yoast-seo-premium-wordpress\/ -->\n<title>B\u1ed9 Ph\u1ec5u Silicon v\u00e0 C\u1ed1c L\u1ecdc nh\u1ef1a Resin - NGE 3D Printers Services<\/title>\n<meta name=\"robots\" content=\"index, follow, max-snippet:-1, max-image-preview:large, max-video-preview:-1\" \/>\n<link rel=\"canonical\" href=\"https:\/\/nge.vn\/en\/product\/bo-pheu-silicon-va-coc-loc-nhua-resin\/\" \/>\n<meta property=\"og:locale\" content=\"en_US\" \/>\n<meta property=\"og:type\" content=\"article\" \/>\n<meta property=\"og:title\" content=\"B\u1ed9 Ph\u1ec5u Silicon v\u00e0 C\u1ed1c L\u1ecdc nh\u1ef1a Resin\" \/>\n<meta property=\"og:description\" content=\"B\u1ed9 Ph\u1ec5u Silicon v\u00e0 C\u1ed1c L\u1ecdc nh\u1ef1a Resin\" \/>\n<meta property=\"og:url\" content=\"https:\/\/nge.vn\/en\/product\/bo-pheu-silicon-va-coc-loc-nhua-resin\/\" \/>\n<meta property=\"og:site_name\" content=\"NGE 3D Printers Services\" \/>\n<meta property=\"article:modified_time\" content=\"2024-10-29T10:08:01+00:00\" \/>\n<meta property=\"og:image\" content=\"https:\/\/nge.vn\/wp-content\/uploads\/2024\/10\/images-upload-woo2F3b2da217d532599c4260119822e359c1.jpg\" \/>\n\t<meta property=\"og:image:width\" content=\"800\" \/>\n\t<meta property=\"og:image:height\" content=\"800\" \/>\n\t<meta property=\"og:image:type\" content=\"image\/jpeg\" \/>\n<meta name=\"twitter:card\" content=\"summary_large_image\" \/>\n<meta name=\"twitter:label1\" content=\"Est. reading time\" \/>\n\t<meta name=\"twitter:data1\" content=\"1 minute\" \/>\n<script type=\"application\/ld+json\" class=\"yoast-schema-graph\">{\"@context\":\"https:\/\/schema.org\",\"@graph\":[{\"@type\":\"WebPage\",\"@id\":\"https:\/\/nge.vn\/san-pham\/bo-pheu-silicon-va-coc-loc-nhua-resin\/\",\"url\":\"https:\/\/nge.vn\/san-pham\/bo-pheu-silicon-va-coc-loc-nhua-resin\/\",\"name\":\"B\u1ed9 Ph\u1ec5u Silicon v\u00e0 C\u1ed1c L\u1ecdc nh\u1ef1a Resin - NGE 3D Printers Services\",\"isPartOf\":{\"@id\":\"https:\/\/nge.vn\/#website\"},\"primaryImageOfPage\":{\"@id\":\"https:\/\/nge.vn\/san-pham\/bo-pheu-silicon-va-coc-loc-nhua-resin\/#primaryimage\"},\"image\":{\"@id\":\"https:\/\/nge.vn\/san-pham\/bo-pheu-silicon-va-coc-loc-nhua-resin\/#primaryimage\"},\"thumbnailUrl\":\"https:\/\/nge.vn\/wp-content\/uploads\/2024\/10\/images-upload-woo2F3b2da217d532599c4260119822e359c1.jpg\",\"datePublished\":\"2024-10-26T04:46:54+00:00\",\"dateModified\":\"2024-10-29T10:08:01+00:00\",\"breadcrumb\":{\"@id\":\"https:\/\/nge.vn\/san-pham\/bo-pheu-silicon-va-coc-loc-nhua-resin\/#breadcrumb\"},\"inLanguage\":\"en-US\",\"potentialAction\":[{\"@type\":\"ReadAction\",\"target\":[\"https:\/\/nge.vn\/san-pham\/bo-pheu-silicon-va-coc-loc-nhua-resin\/\"]}]},{\"@type\":\"ImageObject\",\"inLanguage\":\"en-US\",\"@id\":\"https:\/\/nge.vn\/san-pham\/bo-pheu-silicon-va-coc-loc-nhua-resin\/#primaryimage\",\"url\":\"https:\/\/nge.vn\/wp-content\/uploads\/2024\/10\/images-upload-woo2F3b2da217d532599c4260119822e359c1.jpg\",\"contentUrl\":\"https:\/\/nge.vn\/wp-content\/uploads\/2024\/10\/images-upload-woo2F3b2da217d532599c4260119822e359c1.jpg\",\"width\":800,\"height\":800},{\"@type\":\"BreadcrumbList\",\"@id\":\"https:\/\/nge.vn\/san-pham\/bo-pheu-silicon-va-coc-loc-nhua-resin\/#breadcrumb\",\"itemListElement\":[{\"@type\":\"ListItem\",\"position\":1,\"name\":\"Trang ch\u1ee7\",\"item\":\"https:\/\/nge.vn\/\"},{\"@type\":\"ListItem\",\"position\":2,\"name\":\"S\u1ea3n ph\u1ea9m\",\"item\":\"https:\/\/nge.vn\/san-pham\/\"},{\"@type\":\"ListItem\",\"position\":3,\"name\":\"B\u1ed9 Ph\u1ec5u Silicon v\u00e0 C\u1ed1c L\u1ecdc nh\u1ef1a Resin\"}]},{\"@type\":\"WebSite\",\"@id\":\"https:\/\/nge.vn\/#website\",\"url\":\"https:\/\/nge.vn\/\",\"name\":\"NGE 3D Printers Services\",\"description\":\"\",\"potentialAction\":[{\"@type\":\"SearchAction\",\"target\":{\"@type\":\"EntryPoint\",\"urlTemplate\":\"https:\/\/nge.vn\/?s={search_term_string}\"},\"query-input\":{\"@type\":\"PropertyValueSpecification\",\"valueRequired\":true,\"valueName\":\"search_term_string\"}}],\"inLanguage\":\"en-US\"}]}<\/script>\n<!-- \/ Yoast SEO Premium plugin. -->","yoast_head_json":{"title":"B\u1ed9 Ph\u1ec5u Silicon v\u00e0 C\u1ed1c L\u1ecdc nh\u1ef1a Resin - NGE 3D Printers Services","robots":{"index":"index","follow":"follow","max-snippet":"max-snippet:-1","max-image-preview":"max-image-preview:large","max-video-preview":"max-video-preview:-1"},"canonical":"https:\/\/nge.vn\/en\/product\/bo-pheu-silicon-va-coc-loc-nhua-resin\/","og_locale":"en_US","og_type":"article","og_title":"B\u1ed9 Ph\u1ec5u Silicon v\u00e0 C\u1ed1c L\u1ecdc nh\u1ef1a Resin","og_description":"B\u1ed9 Ph\u1ec5u Silicon v\u00e0 C\u1ed1c L\u1ecdc nh\u1ef1a Resin","og_url":"https:\/\/nge.vn\/en\/product\/bo-pheu-silicon-va-coc-loc-nhua-resin\/","og_site_name":"NGE 3D Printers Services","article_modified_time":"2024-10-29T10:08:01+00:00","og_image":[{"width":800,"height":800,"url":"https:\/\/nge.vn\/wp-content\/uploads\/2024\/10\/images-upload-woo2F3b2da217d532599c4260119822e359c1.jpg","type":"image\/jpeg"}],"twitter_card":"summary_large_image","twitter_misc":{"Est. reading time":"1 minute"},"schema":{"@context":"https:\/\/schema.org","@graph":[{"@type":"WebPage","@id":"https:\/\/nge.vn\/san-pham\/bo-pheu-silicon-va-coc-loc-nhua-resin\/","url":"https:\/\/nge.vn\/san-pham\/bo-pheu-silicon-va-coc-loc-nhua-resin\/","name":"B\u1ed9 Ph\u1ec5u Silicon v\u00e0 C\u1ed1c L\u1ecdc nh\u1ef1a Resin - NGE 3D Printers Services","isPartOf":{"@id":"https:\/\/nge.vn\/#website"},"primaryImageOfPage":{"@id":"https:\/\/nge.vn\/san-pham\/bo-pheu-silicon-va-coc-loc-nhua-resin\/#primaryimage"},"image":{"@id":"https:\/\/nge.vn\/san-pham\/bo-pheu-silicon-va-coc-loc-nhua-resin\/#primaryimage"},"thumbnailUrl":"https:\/\/nge.vn\/wp-content\/uploads\/2024\/10\/images-upload-woo2F3b2da217d532599c4260119822e359c1.jpg","datePublished":"2024-10-26T04:46:54+00:00","dateModified":"2024-10-29T10:08:01+00:00","breadcrumb":{"@id":"https:\/\/nge.vn\/san-pham\/bo-pheu-silicon-va-coc-loc-nhua-resin\/#breadcrumb"},"inLanguage":"en-US","potentialAction":[{"@type":"ReadAction","target":["https:\/\/nge.vn\/san-pham\/bo-pheu-silicon-va-coc-loc-nhua-resin\/"]}]},{"@type":"ImageObject","inLanguage":"en-US","@id":"https:\/\/nge.vn\/san-pham\/bo-pheu-silicon-va-coc-loc-nhua-resin\/#primaryimage","url":"https:\/\/nge.vn\/wp-content\/uploads\/2024\/10\/images-upload-woo2F3b2da217d532599c4260119822e359c1.jpg","contentUrl":"https:\/\/nge.vn\/wp-content\/uploads\/2024\/10\/images-upload-woo2F3b2da217d532599c4260119822e359c1.jpg","width":800,"height":800},{"@type":"BreadcrumbList","@id":"https:\/\/nge.vn\/san-pham\/bo-pheu-silicon-va-coc-loc-nhua-resin\/#breadcrumb","itemListElement":[{"@type":"ListItem","position":1,"name":"Trang ch\u1ee7","item":"https:\/\/nge.vn\/"},{"@type":"ListItem","position":2,"name":"S\u1ea3n ph\u1ea9m","item":"https:\/\/nge.vn\/san-pham\/"},{"@type":"ListItem","position":3,"name":"B\u1ed9 Ph\u1ec5u Silicon v\u00e0 C\u1ed1c L\u1ecdc nh\u1ef1a Resin"}]},{"@type":"WebSite","@id":"https:\/\/nge.vn\/#website","url":"https:\/\/nge.vn\/","name":"NGE 3D Printers Services","description":"","potentialAction":[{"@type":"SearchAction","target":{"@type":"EntryPoint","urlTemplate":"https:\/\/nge.vn\/?s={search_term_string}"},"query-input":{"@type":"PropertyValueSpecification","valueRequired":true,"valueName":"search_term_string"}}],"inLanguage":"en-US"}]}},"_links":{"self":[{"href":"https:\/\/nge.vn\/en\/wp-json\/wp\/v2\/product\/2604","targetHints":{"allow":["GET"]}}],"collection":[{"href":"https:\/\/nge.vn\/en\/wp-json\/wp\/v2\/product"}],"about":[{"href":"https:\/\/nge.vn\/en\/wp-json\/wp\/v2\/types\/product"}],"replies":[{"embeddable":true,"href":"https:\/\/nge.vn\/en\/wp-json\/wp\/v2\/comments?post=2604"}],"wp:featuredmedia":[{"embeddable":true,"href":"https:\/\/nge.vn\/en\/wp-json\/wp\/v2\/media\/2595"}],"wp:attachment":[{"href":"https:\/\/nge.vn\/en\/wp-json\/wp\/v2\/media?parent=2604"}],"wp:term":[{"taxonomy":"product_brand","embeddable":true,"href":"https:\/\/nge.vn\/en\/wp-json\/wp\/v2\/product_brand?post=2604"},{"taxonomy":"product_cat","embeddable":true,"href":"https:\/\/nge.vn\/en\/wp-json\/wp\/v2\/product_cat?post=2604"},{"taxonomy":"product_tag","embeddable":true,"href":"https:\/\/nge.vn\/en\/wp-json\/wp\/v2\/product_tag?post=2604"}],"curies":[{"name":"wp","href":"https:\/\/api.w.org\/{rel}","templated":true}]}}