{"id":2572,"date":"2024-10-26T11:45:37","date_gmt":"2024-10-26T04:45:37","guid":{"rendered":"https:\/\/nge.123websitedev.com\/san-pham\/nhua-in-3d-esun-abs-chat-luong-cao-1kg-cuon\/"},"modified":"2024-10-29T17:07:28","modified_gmt":"2024-10-29T10:07:28","slug":"nhua-in-3d-esun-abs-chat-luong-cao-1kg-cuon","status":"publish","type":"product","link":"https:\/\/nge.vn\/en\/product\/nhua-in-3d-esun-abs-chat-luong-cao-1kg-cuon\/","title":{"rendered":"Nh\u1ef1a in 3d ESUN ABS ch\u1ea5t l\u01b0\u1ee3ng cao 1kg\/Cu\u1ed9n"},"content":{"rendered":"<p>Nh\u1ef1a in 3d ESUN ABS ch\u1ea5t l\u01b0\u1ee3ng cao 1kg\/Cu\u1ed9n<br \/>\n_C\u01b0\u1eddng \u0111\u1ed9 cao;<br \/>\n_\u0110\u1ed9 d\u1ebbo dai t\u1ed1t;<br \/>\n_T\u1ef7 l\u1ec7 co r\u00fat v\u1eadt li\u1ec7u th\u1ea5p, \u0111\u01b0\u1eddng k\u00ednh \u0111\u1ed3ng nh\u1ea5t +\/- 0,05mm<br \/>\n_Kh\u1ea3 n\u0103ng ch\u1ecbu nhi\u1ec7t v\u00e0 ch\u1ed1ng tr\u1ea7y x\u01b0\u1edbc.<br \/>\n_\u0110\u1ed9 cong v\u00eanh th\u1ea5p h\u01a1n so v\u1edbi ABS kh\u00e1c.<br \/>\n_ABS l\u00e0 m\u1ed9t lo\u1ea1i nh\u1ef1a nhi\u1ec7t d\u1ebbo dai v\u00e0 b\u1ec1n, c\u00f3 th\u1ec3 ch\u1ecbu \u0111\u01b0\u1ee3c nhi\u1ec7t \u0111\u1ed9 cao.<br \/>\n_B\u1ec1 m\u1eb7t c\u00f3 th\u1ec3 \u0111\u01b0\u1ee3c \u0111\u00e1nh b\u00f3ng b\u1eb1ng c\u00e1ch s\u1eed d\u1ee5ng axeton v\u00e0 d\u1ec5 d\u00e0ng \u0111\u01b0\u1ee3c t\u1ea1o m\u00e0u.<br \/>\n_ABS n\u1ed5i ti\u1ebfng v\u1edbi kh\u1ea3 n\u0103ng ch\u1ecbu va \u0111\u1eadp v\u00e0 \u0111\u1ed9 d\u1ebbo dai cao, \u0111\u01b0\u1ee3c s\u1eed d\u1ee5ng r\u1ed9ng r\u00e3i trong c\u00f4ng nghi\u1ec7p v\u00e0 c\u00e1c \u1ee9ng d\u1ee5ng, ch\u1eb3ng h\u1ea1n nh\u01b0 \u0111\u1ed3 ch\u01a1i LEGO.<\/p>\n<p>_S\u1ee3i nh\u1ef1a eSUN l\u00e0 lo\u1ea1i s\u1ee3i chuy\u00ean nghi\u1ec7p ch\u1ea5t l\u01b0\u1ee3ng cao v\u00e0 t\u01b0\u01a1ng th\u00edch v\u1edbi t\u1ea5t c\u1ea3 c\u00e1c m\u00e1y in FDM nh\u01b0 Makerbot, Reprap, UP, Afinia, Flash Forge v\u00e0 t\u1ea5t c\u1ea3 c\u00e1c M\u00e1y in 3D FDM.<\/p>\n<p>**M\u00f4 t\u1ea3 S\u1ea3n ph\u1ea9m :<br \/>\n+H\u00e3ng s\u1ea3n xu\u1ea5t: ESUN<br \/>\n+\u0110\u01b0\u1eddng k\u00ednh s\u1ee3i: 1.75mm<br \/>\n+Tr\u1ecdng l\u01b0\u1ee3ng: 1kg\/Cu\u1ed9n<br \/>\n+Nhi\u1ec7t \u0111\u1ed9 in t\u1ed1t nh\u1ea5t: 220~260\u2103<br \/>\n+Nhi\u1ec7t \u0111\u1ed9 b\u00e0n nhi\u1ec7t: 90-110\u2103<br \/>\n+Raft \u0111\u01b0\u1ee3c \u0111\u1ec1 xu\u1ea5t khi in<\/p>\n<p>**\u0110\u1ec3 \u0111\u01b0\u1ee3c nh\u1eadn h\u1ed9 tr\u1ee3 th\u00eam v\u1ec1 Gi\u00e1 v\u00e0 Th\u00f4ng tin c\u1ee7a s\u1ea3n ph\u1ea9m, vui l\u00f2ng li\u00ean h\u1ec7:<br \/>\n0913.939.775 g\u1eb7p A. Qu\u00e2n (for English)<br \/>\n094.144.0951 contact A.Quynh<br \/>\n**Selling price does not include VAT (+10% if VAT invoice is issued)<\/p>","protected":false},"excerpt":{"rendered":"<p>Nh\u1ef1a in 3d ESUN ABS ch\u1ea5t l\u01b0\u1ee3ng cao 1kg\/Cu\u1ed9n<\/p>","protected":false},"featured_media":2563,"comment_status":"open","ping_status":"closed","template":"","meta":{"inline_featured_image":false},"product_brand":[],"product_cat":[455,464],"product_tag":[],"class_list":{"0":"post-2572","1":"product","2":"type-product","3":"status-publish","4":"has-post-thumbnail","6":"product_cat-nhua-in-3d","7":"product_cat-nhua-in-3d-resin-esun","9":"first","10":"instock","11":"taxable","12":"shipping-taxable","13":"purchasable","14":"product-type-variable"},"yoast_head":"<!-- This site is optimized with the Yoast SEO Premium plugin v22.8 (Yoast SEO v26.9) - https:\/\/yoast.com\/product\/yoast-seo-premium-wordpress\/ -->\n<title>Nh\u1ef1a in 3d ESUN ABS ch\u1ea5t l\u01b0\u1ee3ng cao 1kg\/Cu\u1ed9n - NGE 3D Printers Services<\/title>\n<meta name=\"robots\" content=\"index, follow, max-snippet:-1, max-image-preview:large, max-video-preview:-1\" \/>\n<link rel=\"canonical\" href=\"https:\/\/nge.vn\/en\/product\/nhua-in-3d-esun-abs-chat-luong-cao-1kg-cuon\/\" \/>\n<meta property=\"og:locale\" content=\"en_US\" \/>\n<meta property=\"og:type\" content=\"article\" \/>\n<meta property=\"og:title\" content=\"Nh\u1ef1a in 3d ESUN ABS ch\u1ea5t l\u01b0\u1ee3ng cao 1kg\/Cu\u1ed9n\" \/>\n<meta property=\"og:description\" content=\"Nh\u1ef1a in 3d ESUN ABS ch\u1ea5t l\u01b0\u1ee3ng cao 1kg\/Cu\u1ed9n\" \/>\n<meta property=\"og:url\" content=\"https:\/\/nge.vn\/en\/product\/nhua-in-3d-esun-abs-chat-luong-cao-1kg-cuon\/\" \/>\n<meta property=\"og:site_name\" content=\"NGE 3D Printers Services\" \/>\n<meta property=\"article:modified_time\" content=\"2024-10-29T10:07:28+00:00\" \/>\n<meta property=\"og:image\" content=\"https:\/\/nge.vn\/wp-content\/uploads\/2024\/10\/images-upload-woo2Fd575afd581647a7f470dc9fc1ec6f383.jpg\" \/>\n\t<meta property=\"og:image:width\" content=\"315\" \/>\n\t<meta property=\"og:image:height\" content=\"315\" \/>\n\t<meta property=\"og:image:type\" content=\"image\/jpeg\" \/>\n<meta name=\"twitter:card\" content=\"summary_large_image\" \/>\n<meta name=\"twitter:label1\" content=\"Est. reading time\" \/>\n\t<meta name=\"twitter:data1\" content=\"2 minutes\" \/>\n<script type=\"application\/ld+json\" class=\"yoast-schema-graph\">{\"@context\":\"https:\/\/schema.org\",\"@graph\":[{\"@type\":\"WebPage\",\"@id\":\"https:\/\/nge.vn\/san-pham\/nhua-in-3d-esun-abs-chat-luong-cao-1kg-cuon\/\",\"url\":\"https:\/\/nge.vn\/san-pham\/nhua-in-3d-esun-abs-chat-luong-cao-1kg-cuon\/\",\"name\":\"Nh\u1ef1a in 3d ESUN ABS ch\u1ea5t l\u01b0\u1ee3ng cao 1kg\/Cu\u1ed9n - NGE 3D Printers Services\",\"isPartOf\":{\"@id\":\"https:\/\/nge.vn\/#website\"},\"primaryImageOfPage\":{\"@id\":\"https:\/\/nge.vn\/san-pham\/nhua-in-3d-esun-abs-chat-luong-cao-1kg-cuon\/#primaryimage\"},\"image\":{\"@id\":\"https:\/\/nge.vn\/san-pham\/nhua-in-3d-esun-abs-chat-luong-cao-1kg-cuon\/#primaryimage\"},\"thumbnailUrl\":\"https:\/\/nge.vn\/wp-content\/uploads\/2024\/10\/images-upload-woo2Fd575afd581647a7f470dc9fc1ec6f383.jpg\",\"datePublished\":\"2024-10-26T04:45:37+00:00\",\"dateModified\":\"2024-10-29T10:07:28+00:00\",\"breadcrumb\":{\"@id\":\"https:\/\/nge.vn\/san-pham\/nhua-in-3d-esun-abs-chat-luong-cao-1kg-cuon\/#breadcrumb\"},\"inLanguage\":\"en-US\",\"potentialAction\":[{\"@type\":\"ReadAction\",\"target\":[\"https:\/\/nge.vn\/san-pham\/nhua-in-3d-esun-abs-chat-luong-cao-1kg-cuon\/\"]}]},{\"@type\":\"ImageObject\",\"inLanguage\":\"en-US\",\"@id\":\"https:\/\/nge.vn\/san-pham\/nhua-in-3d-esun-abs-chat-luong-cao-1kg-cuon\/#primaryimage\",\"url\":\"https:\/\/nge.vn\/wp-content\/uploads\/2024\/10\/images-upload-woo2Fd575afd581647a7f470dc9fc1ec6f383.jpg\",\"contentUrl\":\"https:\/\/nge.vn\/wp-content\/uploads\/2024\/10\/images-upload-woo2Fd575afd581647a7f470dc9fc1ec6f383.jpg\",\"width\":315,\"height\":315},{\"@type\":\"BreadcrumbList\",\"@id\":\"https:\/\/nge.vn\/san-pham\/nhua-in-3d-esun-abs-chat-luong-cao-1kg-cuon\/#breadcrumb\",\"itemListElement\":[{\"@type\":\"ListItem\",\"position\":1,\"name\":\"Trang ch\u1ee7\",\"item\":\"https:\/\/nge.vn\/\"},{\"@type\":\"ListItem\",\"position\":2,\"name\":\"S\u1ea3n ph\u1ea9m\",\"item\":\"https:\/\/nge.vn\/san-pham\/\"},{\"@type\":\"ListItem\",\"position\":3,\"name\":\"Nh\u1ef1a in 3d ESUN ABS ch\u1ea5t l\u01b0\u1ee3ng cao 1kg\/Cu\u1ed9n\"}]},{\"@type\":\"WebSite\",\"@id\":\"https:\/\/nge.vn\/#website\",\"url\":\"https:\/\/nge.vn\/\",\"name\":\"NGE 3D Printers Services\",\"description\":\"\",\"potentialAction\":[{\"@type\":\"SearchAction\",\"target\":{\"@type\":\"EntryPoint\",\"urlTemplate\":\"https:\/\/nge.vn\/?s={search_term_string}\"},\"query-input\":{\"@type\":\"PropertyValueSpecification\",\"valueRequired\":true,\"valueName\":\"search_term_string\"}}],\"inLanguage\":\"en-US\"}]}<\/script>\n<!-- \/ Yoast SEO Premium plugin. -->","yoast_head_json":{"title":"Nh\u1ef1a in 3d ESUN ABS ch\u1ea5t l\u01b0\u1ee3ng cao 1kg\/Cu\u1ed9n - NGE 3D Printers Services","robots":{"index":"index","follow":"follow","max-snippet":"max-snippet:-1","max-image-preview":"max-image-preview:large","max-video-preview":"max-video-preview:-1"},"canonical":"https:\/\/nge.vn\/en\/product\/nhua-in-3d-esun-abs-chat-luong-cao-1kg-cuon\/","og_locale":"en_US","og_type":"article","og_title":"Nh\u1ef1a in 3d ESUN ABS ch\u1ea5t l\u01b0\u1ee3ng cao 1kg\/Cu\u1ed9n","og_description":"Nh\u1ef1a in 3d ESUN ABS ch\u1ea5t l\u01b0\u1ee3ng cao 1kg\/Cu\u1ed9n","og_url":"https:\/\/nge.vn\/en\/product\/nhua-in-3d-esun-abs-chat-luong-cao-1kg-cuon\/","og_site_name":"NGE 3D Printers Services","article_modified_time":"2024-10-29T10:07:28+00:00","og_image":[{"width":315,"height":315,"url":"https:\/\/nge.vn\/wp-content\/uploads\/2024\/10\/images-upload-woo2Fd575afd581647a7f470dc9fc1ec6f383.jpg","type":"image\/jpeg"}],"twitter_card":"summary_large_image","twitter_misc":{"Est. reading time":"2 minutes"},"schema":{"@context":"https:\/\/schema.org","@graph":[{"@type":"WebPage","@id":"https:\/\/nge.vn\/san-pham\/nhua-in-3d-esun-abs-chat-luong-cao-1kg-cuon\/","url":"https:\/\/nge.vn\/san-pham\/nhua-in-3d-esun-abs-chat-luong-cao-1kg-cuon\/","name":"Nh\u1ef1a in 3d ESUN ABS ch\u1ea5t l\u01b0\u1ee3ng cao 1kg\/Cu\u1ed9n - NGE 3D Printers Services","isPartOf":{"@id":"https:\/\/nge.vn\/#website"},"primaryImageOfPage":{"@id":"https:\/\/nge.vn\/san-pham\/nhua-in-3d-esun-abs-chat-luong-cao-1kg-cuon\/#primaryimage"},"image":{"@id":"https:\/\/nge.vn\/san-pham\/nhua-in-3d-esun-abs-chat-luong-cao-1kg-cuon\/#primaryimage"},"thumbnailUrl":"https:\/\/nge.vn\/wp-content\/uploads\/2024\/10\/images-upload-woo2Fd575afd581647a7f470dc9fc1ec6f383.jpg","datePublished":"2024-10-26T04:45:37+00:00","dateModified":"2024-10-29T10:07:28+00:00","breadcrumb":{"@id":"https:\/\/nge.vn\/san-pham\/nhua-in-3d-esun-abs-chat-luong-cao-1kg-cuon\/#breadcrumb"},"inLanguage":"en-US","potentialAction":[{"@type":"ReadAction","target":["https:\/\/nge.vn\/san-pham\/nhua-in-3d-esun-abs-chat-luong-cao-1kg-cuon\/"]}]},{"@type":"ImageObject","inLanguage":"en-US","@id":"https:\/\/nge.vn\/san-pham\/nhua-in-3d-esun-abs-chat-luong-cao-1kg-cuon\/#primaryimage","url":"https:\/\/nge.vn\/wp-content\/uploads\/2024\/10\/images-upload-woo2Fd575afd581647a7f470dc9fc1ec6f383.jpg","contentUrl":"https:\/\/nge.vn\/wp-content\/uploads\/2024\/10\/images-upload-woo2Fd575afd581647a7f470dc9fc1ec6f383.jpg","width":315,"height":315},{"@type":"BreadcrumbList","@id":"https:\/\/nge.vn\/san-pham\/nhua-in-3d-esun-abs-chat-luong-cao-1kg-cuon\/#breadcrumb","itemListElement":[{"@type":"ListItem","position":1,"name":"Trang ch\u1ee7","item":"https:\/\/nge.vn\/"},{"@type":"ListItem","position":2,"name":"S\u1ea3n ph\u1ea9m","item":"https:\/\/nge.vn\/san-pham\/"},{"@type":"ListItem","position":3,"name":"Nh\u1ef1a in 3d ESUN ABS ch\u1ea5t l\u01b0\u1ee3ng cao 1kg\/Cu\u1ed9n"}]},{"@type":"WebSite","@id":"https:\/\/nge.vn\/#website","url":"https:\/\/nge.vn\/","name":"NGE 3D Printers Services","description":"","potentialAction":[{"@type":"SearchAction","target":{"@type":"EntryPoint","urlTemplate":"https:\/\/nge.vn\/?s={search_term_string}"},"query-input":{"@type":"PropertyValueSpecification","valueRequired":true,"valueName":"search_term_string"}}],"inLanguage":"en-US"}]}},"_links":{"self":[{"href":"https:\/\/nge.vn\/en\/wp-json\/wp\/v2\/product\/2572","targetHints":{"allow":["GET"]}}],"collection":[{"href":"https:\/\/nge.vn\/en\/wp-json\/wp\/v2\/product"}],"about":[{"href":"https:\/\/nge.vn\/en\/wp-json\/wp\/v2\/types\/product"}],"replies":[{"embeddable":true,"href":"https:\/\/nge.vn\/en\/wp-json\/wp\/v2\/comments?post=2572"}],"wp:featuredmedia":[{"embeddable":true,"href":"https:\/\/nge.vn\/en\/wp-json\/wp\/v2\/media\/2563"}],"wp:attachment":[{"href":"https:\/\/nge.vn\/en\/wp-json\/wp\/v2\/media?parent=2572"}],"wp:term":[{"taxonomy":"product_brand","embeddable":true,"href":"https:\/\/nge.vn\/en\/wp-json\/wp\/v2\/product_brand?post=2572"},{"taxonomy":"product_cat","embeddable":true,"href":"https:\/\/nge.vn\/en\/wp-json\/wp\/v2\/product_cat?post=2572"},{"taxonomy":"product_tag","embeddable":true,"href":"https:\/\/nge.vn\/en\/wp-json\/wp\/v2\/product_tag?post=2572"}],"curies":[{"name":"wp","href":"https:\/\/api.w.org\/{rel}","templated":true}]}}