{"id":2546,"date":"2024-10-26T11:36:03","date_gmt":"2024-10-26T04:36:03","guid":{"rendered":"https:\/\/nge.123websitedev.com\/san-pham\/nhua-in-3d-resin-do-trong-suot-cao-esun-pm200-pmma-like-mau-transparent-1kg-chai\/"},"modified":"2024-10-29T17:06:57","modified_gmt":"2024-10-29T10:06:57","slug":"nhua-in-3d-resin-do-trong-suot-cao-esun-pm200-pmma-like-mau-transparent-1kg-chai","status":"publish","type":"product","link":"https:\/\/nge.vn\/en\/product\/nhua-in-3d-resin-do-trong-suot-cao-esun-pm200-pmma-like-mau-transparent-1kg-chai\/","title":{"rendered":"Nh\u1ef1a in 3d Resin \u0111\u1ed9 trong su\u1ed1t cao eSun PM200 PMMA Like m\u00e0u Transparent 1kg\/Chai"},"content":{"rendered":"<p>Nh\u1ef1a in 3d Resin eSun PM200 PMMA Like m\u00e0u Transparent 1kg\/Chai<br \/>\n_\u0110\u1ed9 trong su\u1ed1t cao v\u00e0 ch\u1ed1ng \u1ed1 v\u00e0ng, th\u00edch h\u1ee3p cho c\u00e1c \u1ee9ng d\u1ee5ng c\u00f3 \u0111\u1ed9 trong su\u1ed1t cao trong m\u00f4i tr\u01b0\u1eddng nhi\u1ec7t \u0111\u1ed9 kh\u00f4ng cao, v\u1edbi b\u1ec1 m\u1eb7t gi\u1ea3 acrylic, th\u1ee7y tinh, \u0111\u1ed9 trong su\u1ed1t sau x\u1eed l\u00fd tuy\u1ec7t v\u1eddi sau khi m\u00e0i v\u00e0 \u0111\u00e1nh b\u00f3ng, phun b\u1eb1ng d\u1ea7u truy\u1ec1n tia UV cao;<br \/>\n_\u0110\u1ed9 d\u1ebbo dai cao, c\u00f3 kh\u1ea3 n\u0103ng ch\u1ed1ng va \u0111\u1eadp nh\u1ea5t \u0111\u1ecbnh;<br \/>\n_\u0111\u1ed9 trong su\u1ed1t tuy\u1ec7t v\u1eddi b\u00ean trong ph\u00f9 h\u1ee3p h\u01a1n cho vi\u1ec7c x\u00e1c minh h\u00ecnh d\u1ea1ng v\u00e0 l\u1eafp r\u00e1p, \u0111\u1ed3ng th\u1eddi c\u0169ng c\u00f3 th\u1ec3 \u0111\u01b0\u1ee3c s\u1eed d\u1ee5ng \u0111\u1ec3 x\u00e1c minh c\u00e1c m\u00f4 h\u00ecnh kh\u00e1i ni\u1ec7m trong su\u1ed1t \u0111\u1eb9p m\u1eaft.<\/p>\n<p>+\u0110\u1ed9 trong su\u1ed1t cao<br \/>\n+Ch\u1ed1ng \u1ed1 v\u00e0ng<br \/>\n+\u0110\u1ed9 d\u1ebbo dai cao<\/p>\n<p>***\u1ee8ng d\u1ee5ng: Quang h\u1ecdc, Chi\u1ebfu s\u00e1ng, M\u00e1y tr\u1ee3 th\u00ednh, C\u01a1 kh\u00ed&#8230;<\/p>\n<p>**Ghi ch\u00fa:<br \/>\n1. L\u1eafc k\u1ef9 tr\u01b0\u1edbc khi in<br \/>\n2. C\u00e1c v\u1eadt t\u01b0 ti\u00eau hao c\u1ea7n tr\u00e1nh ti\u1ebfp x\u00fac v\u1edbi \u00e1nh s\u00e1ng trong th\u1eddi gian d\u00e0i. M\u00e1y in n\u00ean \u0111\u01b0\u1ee3c che khi in. V\u1eadt t\u01b0 ti\u00eau hao trong m\u00e1ng kh\u00f4ng \u0111\u01b0\u1ee3c ti\u1ebfp x\u00fac v\u1edbi \u00e1nh s\u00e1ng trong nh\u00e0. T\u1ed1t nh\u1ea5t l\u00e0 b\u1ea1n n\u00ean l\u1ea5y c\u00e0ng nhi\u1ec1u nh\u1ef1a th\u00f4ng c\u00e0ng t\u1ed1t \u0111\u1ec3 in.<br \/>\n3. Sau khi in xong m\u00f4 h\u00ecnh, d\u00f9ng c\u1ed3n n\u1ed3ng \u0111\u1ed9 cao \u0111\u1ec3 lau s\u1ea1ch, sau \u0111\u00f3 d\u00f9ng \u0111\u00e8n UV \u0111\u1ec3 l\u01b0u h\u00f3a trong 1-2 ph\u00fat. Nh\u1ef1a \u0111\u00e3 in c\u1ea7n \u0111\u01b0\u1ee3c b\u1ea3o qu\u1ea3n trong chai ri\u00eang, kh\u00f4ng n\u00ean cho l\u1ea1i v\u00e0o chai ban \u0111\u1ea7u.<br \/>\n4. N\u1ebfu th\u1eddi gian chi\u1ebfu tia UV qu\u00e1 l\u00e2u, c\u00f3 th\u1ec3 \u0111\u1ec3 m\u1ed9t th\u1eddi gian, m\u00e0u v\u00e0ng \u1ed1 s\u1ebd m\u1ea5t d\u1ea7n.<br \/>\n5. C\u00e1c b\u01b0\u1edbc sau x\u1eed l\u00fd: l\u1ea7n \u0111\u1ea7u ti\u00ean m\u00e0i v\u00e0 \u0111\u00e1nh b\u00f3ng, th\u01b0\u1eddng t\u1eeb gi\u1ea5y nh\u00e1m c\u00f3 \u0111\u1ed9 h\u1ea1t th\u1ea5p \u0111\u1ebfn gi\u1ea5y nh\u00e1m c\u00f3 \u0111\u1ed9 h\u1ea1t cao, ch\u1eb3ng h\u1ea1n nh\u01b0 400 mesh \u2192 600 mesh \u2192 800 mesh (l\u01b0\u1edbi m\u00e0i c\u00e0ng cao th\u00ec \u0111\u1ed9 trong su\u1ed1t c\u1ee7a vecni phun c\u00e0ng cao) , V\u00e0 sau \u0111\u00f3 phun sau khi m\u00e0i. \u0110\u1ed9 trong su\u1ed1t t\u1ed1t nh\u1ea5t c\u00f3 th\u1ec3 \u0111\u1ea1t \u0111\u01b0\u1ee3c b\u1eb1ng c\u00e1ch phun d\u1ea7u truy\u1ec1n \u00e1nh s\u00e1ng cao ch\u1ed1ng tia c\u1ef1c t\u00edm sau khi m\u00e0i.<\/p>\n<p> **B\u1ea3ng thu\u1ed9c t\u00ednh nh\u1ef1a<br \/>\n+3D PRINTING PHOTOPOLYMER RESIN\tPM200 PMMA Like<br \/>\n+Viscosity(mPa\u00b7s)\t200-600<br \/>\n+Density(g\/cm3)\t1.05-1.15<br \/>\n+Tensile Strength(MPa)\t40-50<br \/>\n+Elongation at Break(%)\t32-40<br \/>\n+Flexural Strength(MPa)\t35-56<br \/>\n+Impact Strength(J\/m)\t30-36<br \/>\n+Tearing Strength(GPa)\t\/<br \/>\n+Heat Distortion Temp(\u2103)\t\/<br \/>\n+Hardness(Shore D)\t 78<\/p>\n<p>_Grades (out of 10)<br \/>\n+Strength\uff08S\uff09\t 6<br \/>\n+Toughness\uff08F\uff09\t 7<br \/>\n+Forming\uff08P\uff09\t 8<br \/>\n+Accuracy\uff08S\uff09\t 8<br \/>\n+Speed \uff08A\uff09\t 4<\/p>\n<p>***C\u00e0i \u0111\u1eb7t \u0111\u1ec1 xu\u1ea5t cho nh\u1ef1a PM200 PMMA Like d\u00f9ng tr\u00ean c\u00e1c lo\u1ea1i m\u00e1y in resin: https:\/\/www.esun3d.com\/uploads\/PM200-PMMA-Like-Recommended-Settings-For-Printer.xlsx<\/p>\n<p>**\u0110\u1ec3 \u0111\u01b0\u1ee3c nh\u1eadn h\u1ed9 tr\u1ee3 th\u00eam v\u1ec1 Gi\u00e1 v\u00e0 Th\u00f4ng tin c\u1ee7a s\u1ea3n ph\u1ea9m, vui l\u00f2ng li\u00ean h\u1ec7:<br \/>\n    0913.939.775 g\u1eb7p A. Qu\u00e2n (for English)<br \/>\n    094.144.0951 contact A.Quynh<br \/>\n**Selling price does not include VAT (+10% if VAT invoice is issued)<\/p>","protected":false},"excerpt":{"rendered":"<p>Nh\u1ef1a in 3d Resin \u0111\u1ed9 trong su\u1ed1t cao eSun PM200 PMMA Like m\u00e0u Transparent 1kg\/Chai<\/p>","protected":false},"featured_media":2537,"comment_status":"open","ping_status":"closed","template":"","meta":{"inline_featured_image":false},"product_brand":[],"product_cat":[455,466],"product_tag":[],"class_list":{"0":"post-2546","1":"product","2":"type-product","3":"status-publish","4":"has-post-thumbnail","6":"product_cat-nhua-in-3d","7":"product_cat-soi-nhua-esun-fdm","9":"first","10":"instock","11":"taxable","12":"shipping-taxable","13":"purchasable","14":"product-type-simple"},"yoast_head":"<!-- This site is optimized with the Yoast SEO Premium plugin v22.8 (Yoast SEO v26.9) - https:\/\/yoast.com\/product\/yoast-seo-premium-wordpress\/ -->\n<title>Nh\u1ef1a in 3d Resin \u0111\u1ed9 trong su\u1ed1t cao eSun PM200 PMMA Like m\u00e0u Transparent 1kg\/Chai - NGE 3D Printers Services<\/title>\n<meta name=\"robots\" content=\"index, follow, max-snippet:-1, max-image-preview:large, max-video-preview:-1\" \/>\n<link rel=\"canonical\" href=\"https:\/\/nge.vn\/en\/product\/nhua-in-3d-resin-do-trong-suot-cao-esun-pm200-pmma-like-mau-transparent-1kg-chai\/\" \/>\n<meta property=\"og:locale\" content=\"en_US\" \/>\n<meta property=\"og:type\" content=\"article\" \/>\n<meta property=\"og:title\" content=\"Nh\u1ef1a in 3d Resin \u0111\u1ed9 trong su\u1ed1t cao eSun PM200 PMMA Like m\u00e0u Transparent 1kg\/Chai\" \/>\n<meta property=\"og:description\" content=\"Nh\u1ef1a in 3d Resin \u0111\u1ed9 trong su\u1ed1t cao eSun PM200 PMMA Like m\u00e0u Transparent 1kg\/Chai\" \/>\n<meta property=\"og:url\" content=\"https:\/\/nge.vn\/en\/product\/nhua-in-3d-resin-do-trong-suot-cao-esun-pm200-pmma-like-mau-transparent-1kg-chai\/\" \/>\n<meta property=\"og:site_name\" content=\"NGE 3D Printers Services\" \/>\n<meta property=\"article:modified_time\" content=\"2024-10-29T10:06:57+00:00\" \/>\n<meta property=\"og:image\" content=\"https:\/\/nge.vn\/wp-content\/uploads\/2024\/10\/images-upload-woo2F548d456a34a343b1730eb57947f7cbab.jpg\" \/>\n\t<meta property=\"og:image:width\" content=\"1024\" \/>\n\t<meta property=\"og:image:height\" content=\"1024\" \/>\n\t<meta property=\"og:image:type\" content=\"image\/jpeg\" \/>\n<meta name=\"twitter:card\" content=\"summary_large_image\" \/>\n<meta name=\"twitter:label1\" content=\"Est. reading time\" \/>\n\t<meta name=\"twitter:data1\" content=\"3 minutes\" \/>\n<script type=\"application\/ld+json\" class=\"yoast-schema-graph\">{\"@context\":\"https:\/\/schema.org\",\"@graph\":[{\"@type\":\"WebPage\",\"@id\":\"https:\/\/nge.vn\/san-pham\/nhua-in-3d-resin-do-trong-suot-cao-esun-pm200-pmma-like-mau-transparent-1kg-chai\/\",\"url\":\"https:\/\/nge.vn\/san-pham\/nhua-in-3d-resin-do-trong-suot-cao-esun-pm200-pmma-like-mau-transparent-1kg-chai\/\",\"name\":\"Nh\u1ef1a in 3d Resin \u0111\u1ed9 trong su\u1ed1t cao eSun PM200 PMMA Like m\u00e0u Transparent 1kg\/Chai - NGE 3D Printers Services\",\"isPartOf\":{\"@id\":\"https:\/\/nge.vn\/#website\"},\"primaryImageOfPage\":{\"@id\":\"https:\/\/nge.vn\/san-pham\/nhua-in-3d-resin-do-trong-suot-cao-esun-pm200-pmma-like-mau-transparent-1kg-chai\/#primaryimage\"},\"image\":{\"@id\":\"https:\/\/nge.vn\/san-pham\/nhua-in-3d-resin-do-trong-suot-cao-esun-pm200-pmma-like-mau-transparent-1kg-chai\/#primaryimage\"},\"thumbnailUrl\":\"https:\/\/nge.vn\/wp-content\/uploads\/2024\/10\/images-upload-woo2F548d456a34a343b1730eb57947f7cbab.jpg\",\"datePublished\":\"2024-10-26T04:36:03+00:00\",\"dateModified\":\"2024-10-29T10:06:57+00:00\",\"breadcrumb\":{\"@id\":\"https:\/\/nge.vn\/san-pham\/nhua-in-3d-resin-do-trong-suot-cao-esun-pm200-pmma-like-mau-transparent-1kg-chai\/#breadcrumb\"},\"inLanguage\":\"en-US\",\"potentialAction\":[{\"@type\":\"ReadAction\",\"target\":[\"https:\/\/nge.vn\/san-pham\/nhua-in-3d-resin-do-trong-suot-cao-esun-pm200-pmma-like-mau-transparent-1kg-chai\/\"]}]},{\"@type\":\"ImageObject\",\"inLanguage\":\"en-US\",\"@id\":\"https:\/\/nge.vn\/san-pham\/nhua-in-3d-resin-do-trong-suot-cao-esun-pm200-pmma-like-mau-transparent-1kg-chai\/#primaryimage\",\"url\":\"https:\/\/nge.vn\/wp-content\/uploads\/2024\/10\/images-upload-woo2F548d456a34a343b1730eb57947f7cbab.jpg\",\"contentUrl\":\"https:\/\/nge.vn\/wp-content\/uploads\/2024\/10\/images-upload-woo2F548d456a34a343b1730eb57947f7cbab.jpg\",\"width\":1024,\"height\":1024},{\"@type\":\"BreadcrumbList\",\"@id\":\"https:\/\/nge.vn\/san-pham\/nhua-in-3d-resin-do-trong-suot-cao-esun-pm200-pmma-like-mau-transparent-1kg-chai\/#breadcrumb\",\"itemListElement\":[{\"@type\":\"ListItem\",\"position\":1,\"name\":\"Trang ch\u1ee7\",\"item\":\"https:\/\/nge.vn\/\"},{\"@type\":\"ListItem\",\"position\":2,\"name\":\"S\u1ea3n ph\u1ea9m\",\"item\":\"https:\/\/nge.vn\/san-pham\/\"},{\"@type\":\"ListItem\",\"position\":3,\"name\":\"Nh\u1ef1a in 3d Resin \u0111\u1ed9 trong su\u1ed1t cao eSun PM200 PMMA Like m\u00e0u Transparent 1kg\/Chai\"}]},{\"@type\":\"WebSite\",\"@id\":\"https:\/\/nge.vn\/#website\",\"url\":\"https:\/\/nge.vn\/\",\"name\":\"NGE 3D Printers Services\",\"description\":\"\",\"potentialAction\":[{\"@type\":\"SearchAction\",\"target\":{\"@type\":\"EntryPoint\",\"urlTemplate\":\"https:\/\/nge.vn\/?s={search_term_string}\"},\"query-input\":{\"@type\":\"PropertyValueSpecification\",\"valueRequired\":true,\"valueName\":\"search_term_string\"}}],\"inLanguage\":\"en-US\"}]}<\/script>\n<!-- \/ Yoast SEO Premium plugin. -->","yoast_head_json":{"title":"Nh\u1ef1a in 3d Resin \u0111\u1ed9 trong su\u1ed1t cao eSun PM200 PMMA Like m\u00e0u Transparent 1kg\/Chai - NGE 3D Printers Services","robots":{"index":"index","follow":"follow","max-snippet":"max-snippet:-1","max-image-preview":"max-image-preview:large","max-video-preview":"max-video-preview:-1"},"canonical":"https:\/\/nge.vn\/en\/product\/nhua-in-3d-resin-do-trong-suot-cao-esun-pm200-pmma-like-mau-transparent-1kg-chai\/","og_locale":"en_US","og_type":"article","og_title":"Nh\u1ef1a in 3d Resin \u0111\u1ed9 trong su\u1ed1t cao eSun PM200 PMMA Like m\u00e0u Transparent 1kg\/Chai","og_description":"Nh\u1ef1a in 3d Resin \u0111\u1ed9 trong su\u1ed1t cao eSun PM200 PMMA Like m\u00e0u Transparent 1kg\/Chai","og_url":"https:\/\/nge.vn\/en\/product\/nhua-in-3d-resin-do-trong-suot-cao-esun-pm200-pmma-like-mau-transparent-1kg-chai\/","og_site_name":"NGE 3D Printers Services","article_modified_time":"2024-10-29T10:06:57+00:00","og_image":[{"width":1024,"height":1024,"url":"https:\/\/nge.vn\/wp-content\/uploads\/2024\/10\/images-upload-woo2F548d456a34a343b1730eb57947f7cbab.jpg","type":"image\/jpeg"}],"twitter_card":"summary_large_image","twitter_misc":{"Est. reading time":"3 minutes"},"schema":{"@context":"https:\/\/schema.org","@graph":[{"@type":"WebPage","@id":"https:\/\/nge.vn\/san-pham\/nhua-in-3d-resin-do-trong-suot-cao-esun-pm200-pmma-like-mau-transparent-1kg-chai\/","url":"https:\/\/nge.vn\/san-pham\/nhua-in-3d-resin-do-trong-suot-cao-esun-pm200-pmma-like-mau-transparent-1kg-chai\/","name":"Nh\u1ef1a in 3d Resin \u0111\u1ed9 trong su\u1ed1t cao eSun PM200 PMMA Like m\u00e0u Transparent 1kg\/Chai - NGE 3D Printers Services","isPartOf":{"@id":"https:\/\/nge.vn\/#website"},"primaryImageOfPage":{"@id":"https:\/\/nge.vn\/san-pham\/nhua-in-3d-resin-do-trong-suot-cao-esun-pm200-pmma-like-mau-transparent-1kg-chai\/#primaryimage"},"image":{"@id":"https:\/\/nge.vn\/san-pham\/nhua-in-3d-resin-do-trong-suot-cao-esun-pm200-pmma-like-mau-transparent-1kg-chai\/#primaryimage"},"thumbnailUrl":"https:\/\/nge.vn\/wp-content\/uploads\/2024\/10\/images-upload-woo2F548d456a34a343b1730eb57947f7cbab.jpg","datePublished":"2024-10-26T04:36:03+00:00","dateModified":"2024-10-29T10:06:57+00:00","breadcrumb":{"@id":"https:\/\/nge.vn\/san-pham\/nhua-in-3d-resin-do-trong-suot-cao-esun-pm200-pmma-like-mau-transparent-1kg-chai\/#breadcrumb"},"inLanguage":"en-US","potentialAction":[{"@type":"ReadAction","target":["https:\/\/nge.vn\/san-pham\/nhua-in-3d-resin-do-trong-suot-cao-esun-pm200-pmma-like-mau-transparent-1kg-chai\/"]}]},{"@type":"ImageObject","inLanguage":"en-US","@id":"https:\/\/nge.vn\/san-pham\/nhua-in-3d-resin-do-trong-suot-cao-esun-pm200-pmma-like-mau-transparent-1kg-chai\/#primaryimage","url":"https:\/\/nge.vn\/wp-content\/uploads\/2024\/10\/images-upload-woo2F548d456a34a343b1730eb57947f7cbab.jpg","contentUrl":"https:\/\/nge.vn\/wp-content\/uploads\/2024\/10\/images-upload-woo2F548d456a34a343b1730eb57947f7cbab.jpg","width":1024,"height":1024},{"@type":"BreadcrumbList","@id":"https:\/\/nge.vn\/san-pham\/nhua-in-3d-resin-do-trong-suot-cao-esun-pm200-pmma-like-mau-transparent-1kg-chai\/#breadcrumb","itemListElement":[{"@type":"ListItem","position":1,"name":"Trang ch\u1ee7","item":"https:\/\/nge.vn\/"},{"@type":"ListItem","position":2,"name":"S\u1ea3n ph\u1ea9m","item":"https:\/\/nge.vn\/san-pham\/"},{"@type":"ListItem","position":3,"name":"Nh\u1ef1a in 3d Resin \u0111\u1ed9 trong su\u1ed1t cao eSun PM200 PMMA Like m\u00e0u Transparent 1kg\/Chai"}]},{"@type":"WebSite","@id":"https:\/\/nge.vn\/#website","url":"https:\/\/nge.vn\/","name":"NGE 3D Printers Services","description":"","potentialAction":[{"@type":"SearchAction","target":{"@type":"EntryPoint","urlTemplate":"https:\/\/nge.vn\/?s={search_term_string}"},"query-input":{"@type":"PropertyValueSpecification","valueRequired":true,"valueName":"search_term_string"}}],"inLanguage":"en-US"}]}},"_links":{"self":[{"href":"https:\/\/nge.vn\/en\/wp-json\/wp\/v2\/product\/2546","targetHints":{"allow":["GET"]}}],"collection":[{"href":"https:\/\/nge.vn\/en\/wp-json\/wp\/v2\/product"}],"about":[{"href":"https:\/\/nge.vn\/en\/wp-json\/wp\/v2\/types\/product"}],"replies":[{"embeddable":true,"href":"https:\/\/nge.vn\/en\/wp-json\/wp\/v2\/comments?post=2546"}],"wp:featuredmedia":[{"embeddable":true,"href":"https:\/\/nge.vn\/en\/wp-json\/wp\/v2\/media\/2537"}],"wp:attachment":[{"href":"https:\/\/nge.vn\/en\/wp-json\/wp\/v2\/media?parent=2546"}],"wp:term":[{"taxonomy":"product_brand","embeddable":true,"href":"https:\/\/nge.vn\/en\/wp-json\/wp\/v2\/product_brand?post=2546"},{"taxonomy":"product_cat","embeddable":true,"href":"https:\/\/nge.vn\/en\/wp-json\/wp\/v2\/product_cat?post=2546"},{"taxonomy":"product_tag","embeddable":true,"href":"https:\/\/nge.vn\/en\/wp-json\/wp\/v2\/product_tag?post=2546"}],"curies":[{"name":"wp","href":"https:\/\/api.w.org\/{rel}","templated":true}]}}