{"id":2526,"date":"2024-10-26T11:31:55","date_gmt":"2024-10-26T04:31:55","guid":{"rendered":"https:\/\/nge.123websitedev.com\/san-pham\/nhua-in-3d-resin-deo-esun-eresin-elastic-mau-transparent-yellow-0-5kg-chai\/"},"modified":"2024-10-29T15:04:24","modified_gmt":"2024-10-29T08:04:24","slug":"nhua-in-3d-resin-deo-esun-eresin-elastic-mau-transparent-yellow-0-5kg-chai","status":"publish","type":"product","link":"https:\/\/nge.vn\/en\/product\/nhua-in-3d-resin-deo-esun-eresin-elastic-mau-transparent-yellow-0-5kg-chai\/","title":{"rendered":"Nh\u1ef1a in 3d resin D\u1ebbo eSun eResin-eLastic m\u00e0u Transparent Yellow 0.5kg\/Chai"},"content":{"rendered":"<p>Nh\u1ef1a in 3d resin \u0110\u00e0n h\u1ed3i eSun eResin-eLastic m\u00e0u Transparent Yellow 0.5kg\/Chai<br \/>\n_\u0110\u1ed9 gi\u00e3n d\u00e0i cao khi \u0111\u1ee9t, \u0111\u1ed9 \u0111\u00e0n h\u1ed3i t\u1ed1t, ch\u1ed1ng x\u00e9 r\u00e1ch, k\u00e9o, u\u1ed1n v\u00e0 n\u00e9n, ph\u1ee5c h\u1ed3i nhanh, ch\u1ed1ng m\u00e0i m\u00f2n nh\u1ea5t \u0111\u1ecbnh.<br \/>\n_So v\u1edbi eResin-Flex, \u0111\u1ed9 nh\u1edbt \u0111\u01b0\u1ee3c gi\u1ea3m \u0111\u00e1ng k\u1ec3 \u0111\u1ec3 \u0111\u1ea3m b\u1ea3o qu\u00e1 tr\u00ecnh th\u00e1o l\u1eafp v\u00e0 t\u1ea1o khu\u00f4n.<br \/>\n_T\u1ef7 l\u1ec7 ph\u00e1t h\u00e0nh t\u01b0\u01a1ng \u0111\u1ed1i cao v\u00e0 d\u1ec5 in, \u0111\u1ed9 c\u1ee9ng th\u1ea5p h\u01a1n v\u00e0 c\u00e1c b\u1ed9 ph\u1eadn \u0111\u00fac m\u1ec1m h\u01a1n v\u00e0 \u0111\u00e0n h\u1ed3i h\u01a1n; trong khi \u0111\u00f3 hi\u1ec7u su\u1ea5t u\u1ed1n \u0111\u01b0\u1ee3c c\u1ea3i thi\u1ec7n \u0111\u1ec3 l\u00e0m cho c\u00e1c chi ti\u1ebft d\u00e0y c\u00f3 th\u1ec3 ch\u1ecbu \u0111\u01b0\u1ee3c nhi\u1ec1u l\u1ea7n h\u01a1n v\u00e0 \u0111\u1ed9 u\u1ed1n g\u00f3c l\u1edbn. N\u00f3 c\u00f3 th\u1ec3 \u0111\u01b0\u1ee3c s\u1eed d\u1ee5ng tr\u00ean c\u00e1c m\u1eabu s\u1ea3n ph\u1ea9m y\u00eau c\u1ea7u \u0111\u1ed9 m\u1ec1m.<br \/>\n+\u0110\u1ed9 \u0111\u00e0n h\u1ed3i t\u1ed1t<br \/>\n+Ch\u1ed1ng r\u00e1ch<br \/>\n+Ch\u1ed1ng u\u1ed1n<br \/>\n+\u0110\u1ed9 d\u1ebbo dai cao<br \/>\n+\u0110\u1ed9 c\u1ee9ng th\u1ea5p<br \/>\n+\u0110\u1ed9 nh\u1edbt th\u1ea5p<\/p>\n<p>**\u1ee8ng d\u1ee5ng: C\u01a1 kh\u00ed, \u00d4 t\u00f4, C\u00e1c thi\u1ebft b\u1ecb \u0111i\u1ec7n t\u1eed, \u0110\u01b0\u1eddng \u1ed1ng v\u1eadn chuy\u1ec3n, \u0110\u1ed3 th\u1ec3 thao&#8230;<\/p>\n<p> **B\u1ea3ng thu\u1ed9c t\u00ednh nh\u1ef1a:<br \/>\n+3D PRINTING PHOTOPOLYMER RESIN\teResin-Elastic<br \/>\n+Viscosity(mPa\u00b7s)\t500-900<br \/>\n+Density(g\/cm3)\t1.080-1.085<br \/>\n+Tensile Strength(MPa)\t4-5<br \/>\n+Elongation at Break(%)\t250-350<br \/>\n+Flexural Strength(MPa)\t\/<br \/>\n+Impact Strength(J\/m)\t\/<br \/>\n+Tearing Strength(GPa)\t8-10<br \/>\n+Heat Distortion Temp(\u2103)\t\/<br \/>\n+Hardness(Shore D)\t70A<\/p>\n<p>Grades (out of 10)<br \/>\n+Strength\uff08S\uff09\t 2<br \/>\n+Toughness\uff08F\uff09\t 10<br \/>\n+Forming\uff08P\uff09\t 4<br \/>\n+Accuracy\uff08S\uff09\t 6<br \/>\n+Speed \uff08A\uff09\t 2<\/p>\n<p>**Ghi ch\u00fa:<br \/>\n1. l\u1eafc k\u1ef9 tr\u01b0\u1edbc khi in<br \/>\n2. C\u00e0i \u0111\u1eb7t l\u00e1t c\u1eaft:<br \/>\nH\u1ed7 tr\u1ee3 m\u1ea1nh m\u1ebd h\u01a1n: Ph\u00e1 v\u1ee1 Avoild v\u1edbi th\u00e2n ch\u00ednh<br \/>\nH\u1ed7 tr\u1ee3 d\u00e0y \u0111\u1eb7c h\u01a1n \uff1a Tr\u00e1nh bi\u1ebfn d\u1ea1ng tr\u1eadt kh\u1edbp<\/p>\n<p>3.Printing data<br \/>\n+Higher lifting distance: full film realse<br \/>\n+Lifting distance\uff1a\u22656mm<br \/>\n+Slowing down Lifting speed: avoid breaking<br \/>\n+Lifting speed: \u226460mm\/min<br \/>\n+Control leveling time: full leveling<br \/>\n+Light off delay \u2265 6s<\/p>\n<p>4.Post Curing<br \/>\nKi\u1ec3m so\u00e1t h\u1ee3p l\u00fd th\u1eddi gian \u0111\u00f3ng r\u1eafn, th\u1eddi gian ti\u1ebfp x\u00fac c\u00e0ng l\u00e2u, v\u1eadt li\u1ec7u \u0111\u00f3ng r\u1eafn c\u00f3 \u0111\u1ed9 c\u1ee9ng c\u00e0ng cao, \u0111\u1ed9 d\u1ebbo c\u00e0ng k\u00e9m, \u1ed1 v\u00e0ng c\u00e0ng n\u1eb7ng.<br \/>\n\u0110\u1ec3 \u0111\u1ea3m b\u1ea3o \u0111\u1ed9 m\u1ec1m d\u1ebbo t\u1ed1t c\u1ee7a v\u1eadt li\u1ec7u v\u00e0 tr\u00e1nh c\u00e1c v\u1ea5n \u0111\u1ec1 c\u1ee9ng do sau \u0111\u00f3ng r\u1eafn, b\u1ea1n n\u00ean l\u00e0m s\u1ea1ch c\u00e1c b\u1ed9 ph\u1eadn \u0111\u01b0\u1ee3c in sau khi in thay v\u00ec x\u1eed l\u00fd sau<br \/>\nT\u00ecnh tr\u1ea1ng d\u00ednh tay tr\u00ean b\u1ec1 m\u1eb7t s\u1ebd d\u1ea7n \u0111\u01b0\u1ee3c c\u1ea3i thi\u1ec7n trong \u0111i\u1ec1u ki\u1ec7n \u00e1nh s\u00e1ng y\u1ebfu trong nh\u00e0. Tr\u00e1nh ti\u1ebfp x\u00fac v\u1edbi \u00e1nh s\u00e1ng m\u1ea1nh \u0111\u1ec3 b\u1ea3o qu\u1ea3n sau n\u00e0y<\/p>\n<p>**\u0110\u1ec3 \u0111\u01b0\u1ee3c nh\u1eadn h\u1ed9 tr\u1ee3 th\u00eam v\u1ec1 Gi\u00e1 v\u00e0 Th\u00f4ng tin c\u1ee7a s\u1ea3n ph\u1ea9m, vui l\u00f2ng li\u00ean h\u1ec7:<br \/>\n    0913.939.775 g\u1eb7p A. Qu\u00e2n (for English)<br \/>\n    094.144.0951 contact A.Quynh<br \/>\n**Selling price does not include VAT (+10% if VAT invoice is issued)<\/p>","protected":false},"excerpt":{"rendered":"<p>Nh\u1ef1a in 3d resin D\u1ebbo eSun eResin-eLastic m\u00e0u Transparent Yellow 0.5kg\/Chai<\/p>","protected":false},"featured_media":2517,"comment_status":"open","ping_status":"closed","template":"","meta":{"inline_featured_image":false},"product_brand":[],"product_cat":[455,43],"product_tag":[],"class_list":{"0":"post-2526","1":"product","2":"type-product","3":"status-publish","4":"has-post-thumbnail","6":"product_cat-nhua-in-3d","7":"product_cat-nhua-in-3d-resin","9":"first","10":"instock","11":"taxable","12":"shipping-taxable","13":"purchasable","14":"product-type-simple"},"yoast_head":"<!-- This site is optimized with the Yoast SEO Premium plugin v22.8 (Yoast SEO v26.9) - https:\/\/yoast.com\/product\/yoast-seo-premium-wordpress\/ -->\n<title>Nh\u1ef1a in 3d resin D\u1ebbo eSun eResin-eLastic m\u00e0u Transparent Yellow 0.5kg\/Chai - NGE 3D Printers Services<\/title>\n<meta name=\"robots\" content=\"index, follow, max-snippet:-1, max-image-preview:large, max-video-preview:-1\" \/>\n<link rel=\"canonical\" href=\"https:\/\/nge.vn\/en\/product\/nhua-in-3d-resin-deo-esun-eresin-elastic-mau-transparent-yellow-0-5kg-chai\/\" \/>\n<meta property=\"og:locale\" content=\"en_US\" \/>\n<meta property=\"og:type\" content=\"article\" \/>\n<meta property=\"og:title\" content=\"Nh\u1ef1a in 3d resin D\u1ebbo eSun eResin-eLastic m\u00e0u Transparent Yellow 0.5kg\/Chai\" \/>\n<meta property=\"og:description\" content=\"Nh\u1ef1a in 3d resin D\u1ebbo eSun eResin-eLastic m\u00e0u Transparent Yellow 0.5kg\/Chai\" \/>\n<meta property=\"og:url\" content=\"https:\/\/nge.vn\/en\/product\/nhua-in-3d-resin-deo-esun-eresin-elastic-mau-transparent-yellow-0-5kg-chai\/\" \/>\n<meta property=\"og:site_name\" content=\"NGE 3D Printers Services\" \/>\n<meta property=\"article:modified_time\" content=\"2024-10-29T08:04:24+00:00\" \/>\n<meta property=\"og:image\" content=\"https:\/\/nge.vn\/wp-content\/uploads\/2024\/10\/images-upload-woo2F62fceb109d1ef8bc5d32a4a3dd0b6a96.jpg\" \/>\n\t<meta property=\"og:image:width\" content=\"900\" \/>\n\t<meta property=\"og:image:height\" content=\"900\" \/>\n\t<meta property=\"og:image:type\" content=\"image\/jpeg\" \/>\n<meta name=\"twitter:card\" content=\"summary_large_image\" \/>\n<meta name=\"twitter:label1\" content=\"Est. reading time\" \/>\n\t<meta name=\"twitter:data1\" content=\"3 minutes\" \/>\n<script type=\"application\/ld+json\" class=\"yoast-schema-graph\">{\"@context\":\"https:\/\/schema.org\",\"@graph\":[{\"@type\":\"WebPage\",\"@id\":\"https:\/\/nge.vn\/san-pham\/nhua-in-3d-resin-deo-esun-eresin-elastic-mau-transparent-yellow-0-5kg-chai\/\",\"url\":\"https:\/\/nge.vn\/san-pham\/nhua-in-3d-resin-deo-esun-eresin-elastic-mau-transparent-yellow-0-5kg-chai\/\",\"name\":\"Nh\u1ef1a in 3d resin D\u1ebbo eSun eResin-eLastic m\u00e0u Transparent Yellow 0.5kg\/Chai - NGE 3D Printers Services\",\"isPartOf\":{\"@id\":\"https:\/\/nge.vn\/#website\"},\"primaryImageOfPage\":{\"@id\":\"https:\/\/nge.vn\/san-pham\/nhua-in-3d-resin-deo-esun-eresin-elastic-mau-transparent-yellow-0-5kg-chai\/#primaryimage\"},\"image\":{\"@id\":\"https:\/\/nge.vn\/san-pham\/nhua-in-3d-resin-deo-esun-eresin-elastic-mau-transparent-yellow-0-5kg-chai\/#primaryimage\"},\"thumbnailUrl\":\"https:\/\/nge.vn\/wp-content\/uploads\/2024\/10\/images-upload-woo2F62fceb109d1ef8bc5d32a4a3dd0b6a96.jpg\",\"datePublished\":\"2024-10-26T04:31:55+00:00\",\"dateModified\":\"2024-10-29T08:04:24+00:00\",\"breadcrumb\":{\"@id\":\"https:\/\/nge.vn\/san-pham\/nhua-in-3d-resin-deo-esun-eresin-elastic-mau-transparent-yellow-0-5kg-chai\/#breadcrumb\"},\"inLanguage\":\"en-US\",\"potentialAction\":[{\"@type\":\"ReadAction\",\"target\":[\"https:\/\/nge.vn\/san-pham\/nhua-in-3d-resin-deo-esun-eresin-elastic-mau-transparent-yellow-0-5kg-chai\/\"]}]},{\"@type\":\"ImageObject\",\"inLanguage\":\"en-US\",\"@id\":\"https:\/\/nge.vn\/san-pham\/nhua-in-3d-resin-deo-esun-eresin-elastic-mau-transparent-yellow-0-5kg-chai\/#primaryimage\",\"url\":\"https:\/\/nge.vn\/wp-content\/uploads\/2024\/10\/images-upload-woo2F62fceb109d1ef8bc5d32a4a3dd0b6a96.jpg\",\"contentUrl\":\"https:\/\/nge.vn\/wp-content\/uploads\/2024\/10\/images-upload-woo2F62fceb109d1ef8bc5d32a4a3dd0b6a96.jpg\",\"width\":900,\"height\":900},{\"@type\":\"BreadcrumbList\",\"@id\":\"https:\/\/nge.vn\/san-pham\/nhua-in-3d-resin-deo-esun-eresin-elastic-mau-transparent-yellow-0-5kg-chai\/#breadcrumb\",\"itemListElement\":[{\"@type\":\"ListItem\",\"position\":1,\"name\":\"Trang ch\u1ee7\",\"item\":\"https:\/\/nge.vn\/\"},{\"@type\":\"ListItem\",\"position\":2,\"name\":\"S\u1ea3n ph\u1ea9m\",\"item\":\"https:\/\/nge.vn\/san-pham\/\"},{\"@type\":\"ListItem\",\"position\":3,\"name\":\"Nh\u1ef1a in 3d resin D\u1ebbo eSun eResin-eLastic m\u00e0u Transparent Yellow 0.5kg\/Chai\"}]},{\"@type\":\"WebSite\",\"@id\":\"https:\/\/nge.vn\/#website\",\"url\":\"https:\/\/nge.vn\/\",\"name\":\"NGE 3D Printers Services\",\"description\":\"\",\"potentialAction\":[{\"@type\":\"SearchAction\",\"target\":{\"@type\":\"EntryPoint\",\"urlTemplate\":\"https:\/\/nge.vn\/?s={search_term_string}\"},\"query-input\":{\"@type\":\"PropertyValueSpecification\",\"valueRequired\":true,\"valueName\":\"search_term_string\"}}],\"inLanguage\":\"en-US\"}]}<\/script>\n<!-- \/ Yoast SEO Premium plugin. -->","yoast_head_json":{"title":"Nh\u1ef1a in 3d resin D\u1ebbo eSun eResin-eLastic m\u00e0u Transparent Yellow 0.5kg\/Chai - NGE 3D Printers Services","robots":{"index":"index","follow":"follow","max-snippet":"max-snippet:-1","max-image-preview":"max-image-preview:large","max-video-preview":"max-video-preview:-1"},"canonical":"https:\/\/nge.vn\/en\/product\/nhua-in-3d-resin-deo-esun-eresin-elastic-mau-transparent-yellow-0-5kg-chai\/","og_locale":"en_US","og_type":"article","og_title":"Nh\u1ef1a in 3d resin D\u1ebbo eSun eResin-eLastic m\u00e0u Transparent Yellow 0.5kg\/Chai","og_description":"Nh\u1ef1a in 3d resin D\u1ebbo eSun eResin-eLastic m\u00e0u Transparent Yellow 0.5kg\/Chai","og_url":"https:\/\/nge.vn\/en\/product\/nhua-in-3d-resin-deo-esun-eresin-elastic-mau-transparent-yellow-0-5kg-chai\/","og_site_name":"NGE 3D Printers Services","article_modified_time":"2024-10-29T08:04:24+00:00","og_image":[{"width":900,"height":900,"url":"https:\/\/nge.vn\/wp-content\/uploads\/2024\/10\/images-upload-woo2F62fceb109d1ef8bc5d32a4a3dd0b6a96.jpg","type":"image\/jpeg"}],"twitter_card":"summary_large_image","twitter_misc":{"Est. reading time":"3 minutes"},"schema":{"@context":"https:\/\/schema.org","@graph":[{"@type":"WebPage","@id":"https:\/\/nge.vn\/san-pham\/nhua-in-3d-resin-deo-esun-eresin-elastic-mau-transparent-yellow-0-5kg-chai\/","url":"https:\/\/nge.vn\/san-pham\/nhua-in-3d-resin-deo-esun-eresin-elastic-mau-transparent-yellow-0-5kg-chai\/","name":"Nh\u1ef1a in 3d resin D\u1ebbo eSun eResin-eLastic m\u00e0u Transparent Yellow 0.5kg\/Chai - NGE 3D Printers Services","isPartOf":{"@id":"https:\/\/nge.vn\/#website"},"primaryImageOfPage":{"@id":"https:\/\/nge.vn\/san-pham\/nhua-in-3d-resin-deo-esun-eresin-elastic-mau-transparent-yellow-0-5kg-chai\/#primaryimage"},"image":{"@id":"https:\/\/nge.vn\/san-pham\/nhua-in-3d-resin-deo-esun-eresin-elastic-mau-transparent-yellow-0-5kg-chai\/#primaryimage"},"thumbnailUrl":"https:\/\/nge.vn\/wp-content\/uploads\/2024\/10\/images-upload-woo2F62fceb109d1ef8bc5d32a4a3dd0b6a96.jpg","datePublished":"2024-10-26T04:31:55+00:00","dateModified":"2024-10-29T08:04:24+00:00","breadcrumb":{"@id":"https:\/\/nge.vn\/san-pham\/nhua-in-3d-resin-deo-esun-eresin-elastic-mau-transparent-yellow-0-5kg-chai\/#breadcrumb"},"inLanguage":"en-US","potentialAction":[{"@type":"ReadAction","target":["https:\/\/nge.vn\/san-pham\/nhua-in-3d-resin-deo-esun-eresin-elastic-mau-transparent-yellow-0-5kg-chai\/"]}]},{"@type":"ImageObject","inLanguage":"en-US","@id":"https:\/\/nge.vn\/san-pham\/nhua-in-3d-resin-deo-esun-eresin-elastic-mau-transparent-yellow-0-5kg-chai\/#primaryimage","url":"https:\/\/nge.vn\/wp-content\/uploads\/2024\/10\/images-upload-woo2F62fceb109d1ef8bc5d32a4a3dd0b6a96.jpg","contentUrl":"https:\/\/nge.vn\/wp-content\/uploads\/2024\/10\/images-upload-woo2F62fceb109d1ef8bc5d32a4a3dd0b6a96.jpg","width":900,"height":900},{"@type":"BreadcrumbList","@id":"https:\/\/nge.vn\/san-pham\/nhua-in-3d-resin-deo-esun-eresin-elastic-mau-transparent-yellow-0-5kg-chai\/#breadcrumb","itemListElement":[{"@type":"ListItem","position":1,"name":"Trang ch\u1ee7","item":"https:\/\/nge.vn\/"},{"@type":"ListItem","position":2,"name":"S\u1ea3n ph\u1ea9m","item":"https:\/\/nge.vn\/san-pham\/"},{"@type":"ListItem","position":3,"name":"Nh\u1ef1a in 3d resin D\u1ebbo eSun eResin-eLastic m\u00e0u Transparent Yellow 0.5kg\/Chai"}]},{"@type":"WebSite","@id":"https:\/\/nge.vn\/#website","url":"https:\/\/nge.vn\/","name":"NGE 3D Printers Services","description":"","potentialAction":[{"@type":"SearchAction","target":{"@type":"EntryPoint","urlTemplate":"https:\/\/nge.vn\/?s={search_term_string}"},"query-input":{"@type":"PropertyValueSpecification","valueRequired":true,"valueName":"search_term_string"}}],"inLanguage":"en-US"}]}},"_links":{"self":[{"href":"https:\/\/nge.vn\/en\/wp-json\/wp\/v2\/product\/2526","targetHints":{"allow":["GET"]}}],"collection":[{"href":"https:\/\/nge.vn\/en\/wp-json\/wp\/v2\/product"}],"about":[{"href":"https:\/\/nge.vn\/en\/wp-json\/wp\/v2\/types\/product"}],"replies":[{"embeddable":true,"href":"https:\/\/nge.vn\/en\/wp-json\/wp\/v2\/comments?post=2526"}],"wp:featuredmedia":[{"embeddable":true,"href":"https:\/\/nge.vn\/en\/wp-json\/wp\/v2\/media\/2517"}],"wp:attachment":[{"href":"https:\/\/nge.vn\/en\/wp-json\/wp\/v2\/media?parent=2526"}],"wp:term":[{"taxonomy":"product_brand","embeddable":true,"href":"https:\/\/nge.vn\/en\/wp-json\/wp\/v2\/product_brand?post=2526"},{"taxonomy":"product_cat","embeddable":true,"href":"https:\/\/nge.vn\/en\/wp-json\/wp\/v2\/product_cat?post=2526"},{"taxonomy":"product_tag","embeddable":true,"href":"https:\/\/nge.vn\/en\/wp-json\/wp\/v2\/product_tag?post=2526"}],"curies":[{"name":"wp","href":"https:\/\/api.w.org\/{rel}","templated":true}]}}