{"id":2494,"date":"2024-10-26T11:29:50","date_gmt":"2024-10-26T04:29:50","guid":{"rendered":"https:\/\/nge.123websitedev.com\/san-pham\/nhua-in-3d-2-mau-esun-epla-silk-magic-1kg-cuon\/"},"modified":"2025-09-12T15:54:45","modified_gmt":"2025-09-12T08:54:45","slug":"nhua-in-3d-2-mau-esun-epla-silk-magic-1kg-cuon","status":"publish","type":"product","link":"https:\/\/nge.vn\/en\/product\/nhua-in-3d-2-mau-esun-epla-silk-magic-1kg-cuon\/","title":{"rendered":"Nh\u1ef1a in 3d 2 m\u00e0u eSun ePLA-Silk Magic 1kg\/Cu\u1ed9n"},"content":{"rendered":"<p>Nh\u1ef1a in 3d 2 m\u00e0u (m\u00e0u k\u00e9p) eSun ePLA-Silk Magic 1kg\/Cu\u1ed9n<br \/>\n_M\u1eabu \u0111\u01b0\u1ee3c in b\u1eb1ng s\u1ee3i nh\u1ef1a PLA m\u00e0u k\u00e9p c\u00f3 v\u1ebb ngo\u00e0i hai m\u00e0u m\u01a1 m\u1ed9ng v\u00e0 l\u1ed9ng l\u1eaby. S\u1ee3i nh\u1ef1a Magic PLA s\u1ebd xu\u1ea5t hi\u1ec7n v\u1edbi c\u00e1c m\u00e0u kh\u00e1c nhau \u1edf c\u00e1c g\u00f3c \u0111\u1ed9 kh\u00e1c nhau.<\/p>\n<p>M\u00e0u k\u00e9p ma thu\u1eadt<br \/>\nBi\u1ec3u Di\u1ec5n T\u01a1 L\u1ee5a.<br \/>\nD\u1ec5 d\u00e0ng b\u00f3c ra<br \/>\nM\u00e0u k\u00e9p ma thu\u1eadt: Ngo\u1ea1i h\u00ecnh m\u00e0u m\u1edbi l\u1ea1. T\u1ea1o c\u00e1c m\u00f4 h\u00ecnh ngh\u1ec7 thu\u1eadt \u0111\u1ed9c \u0111\u00e1o<\/p>\n<p>_C\u00e1c bi\u1ec3u hi\u1ec7n m\u00e0u s\u1eafc kh\u00e1c nhau c\u00f3 th\u1ec3 \u0111\u01b0\u1ee3c quan s\u00e1t \u1edf c\u00e1c g\u00f3c \u0111\u1ed9 kh\u00e1c nhau. C\u1ea3m gi\u00e1c \u0111\u1ed9ng c\u1ee7a chuy\u1ec3n m\u00e0u hai m\u00e0u \u0111\u01b0\u1ee3c hi\u1ec3n th\u1ecb trong khi xoay m\u00f4 h\u00ecnh.<\/p>\n<p>_Hi\u1ec7u \u1ee9ng chuy\u1ec3n m\u00e0u c\u1ef1c quang hai m\u00e0u<\/p>\n<p>*S\u1ee3i nh\u1ef1a Silk PLA Rainbow:<br \/>\nM\u00f4 h\u00ecnh c\u00e0ng l\u1edbn, m\u00e0u s\u1eafc hi\u1ec3n th\u1ecb c\u00e0ng nhi\u1ec1u.<\/p>\n<p>*S\u01a1i nh\u1ef1a ePLA-Silk Magic:<br \/>\nC\u00e1c m\u00f4 h\u00ecnh nh\u1ecf c\u0169ng c\u00f3 hi\u1ec7u su\u1ea5t hai m\u00e0u<\/p>\n<p>_Th\u00e0nh ph\u1ea9m s\u00e1ng b\u00f3ng m\u01b0\u1ee3t m\u00e0:<br \/>\nB\u1ec1 m\u1eb7t m\u1ecbn, tinh t\u1ebf v\u00e0 kh\u00f4ng ph\u00e2n l\u1edbp, hi\u1ec7u \u1ee9ng in t\u1ed1t.<\/p>\n<p>_D\u1ebbo dai v\u00e0 kh\u00f4ng gi\u00f2n<br \/>\nHi\u1ec7u su\u1ea5t d\u1ebbo dai t\u1ed1t h\u01a1n so v\u1edbi PLA th\u00f4ng th\u01b0\u1eddng<\/p>\n<p>D\u1ec5 d\u00e0ng b\u00f3c ra<br \/>\nHi\u1ec7u qu\u1ea3 t\u1ed1t h\u01a1n khi in xong, kh\u00f4ng c\u1ea7n x\u1eed l\u00fd h\u1eadu k\u1ef3 th\u00eam.<\/p>\n<p>_M\u00f4 ta\u0309:<br \/>\n+Ngo\u1ea1i h\u00ecnh hai t\u00f4ng m\u00e0u tuy\u1ec7t \u0111\u1eb9p m\u01a1 m\u00e0ng<br \/>\n+k\u1ebft c\u1ea5u b\u00f3ng l\u1ee5a<br \/>\n+B\u1ec1 m\u1eb7t l\u00e1ng m\u1ecbn<br \/>\n+D\u1ec5 d\u00e0ng b\u00f3c ra<br \/>\n+Kh\u1ea3 n\u0103ng in tuy\u1ec7t v\u1eddi<br \/>\n+Kh\u00f4ng d\u1ec5 d\u00e0ng \u0111\u1ec3 ph\u00e1 v\u1ee1<\/p>\n<p>**Ghi ch\u00fa: N\u00f3 c\u00f3 th\u1ec3 \u0111\u01b0\u1ee3c s\u1eed d\u1ee5ng v\u1edbi eBOX Lite \u0111\u1ec3 gi\u1eef cho \u1ed1ng cu\u1ed9n tr\u01a1n tru m\u00e0 kh\u00f4ng b\u1ecb rung l\u1eafc \u0111\u1ec3 tr\u00e1nh b\u1ecb xo\u1eafn v\u00e0 thay \u0111\u1ed5i m\u00e0u s\u1eafc; Gi\u1ea3m c\u1ea5u tr\u00fac g\u00f3c nh\u00f4 ra trong m\u00f4 h\u00ecnh khi in ho\u1eb7c l\u00e0m ch\u1eadm t\u1ed1c \u0111\u1ed9 in khi b\u1ea1n s\u1eed d\u1ee5ng eSilk-Magic.<\/p>\n<p>_\u1ee8ng d\u1ee5ng: Ph\u1ee5 ki\u1ec7n, \u0111\u1ed3 ch\u01a1i<\/p>\n<p>_Kh\u1ea3 n\u0103ng t\u01b0\u01a1ng th\u00edch: Ph\u00f9 h\u1ee3p v\u1edbi 99% m\u00e1y in tr\u00ean th\u1ecb tr\u01b0\u1eddng.<\/p>\n<p>Th\u1eadn tr\u1ecdng: n\u00ean s\u1eed d\u1ee5ng c\u00f9ng v\u1edbi ebox Lite. gi\u1eef cho \u1ed1ng quay tr\u01a1n tru trong khi cho \u0103n, \u0111\u1ec3 tr\u00e1nh m\u00e0u s\u1eafc kh\u00f4ng \u0111\u1ed3ng \u0111\u1ec1u do xo\u1eafn d\u00e2y; \u0110\u00f4i khi kh\u1ea3 n\u0103ng l\u00e0m m\u00e1t c\u1ee7a ePLA-Silk Magic kh\u00f4ng ho\u1ea1t \u0111\u1ed9ng t\u1ed1t, n\u00ean gi\u1ea3m c\u1ea5u tr\u00fac g\u00f3c nh\u00f4 ra c\u1ee7a m\u00f4 h\u00ecnh ho\u1eb7c c\u1ed1 g\u1eafng gi\u1ea3m t\u1ed1c \u0111\u1ed9 trong khi in<\/p>\n<p>**To receive a better price, please contact the shop directly.<br \/>\n0913.939.775 contact A.Quan (for English)<br \/>\n094.144.0951 contact A.Quynh<br \/>\n**Gi\u00e1 b\u00e1n ch\u01b0a bao g\u1ed3m VAT (+8% n\u1ebfu xu\u1ea5t ho\u00e1 \u0111\u01a1n GTGT)<\/p>","protected":false},"excerpt":{"rendered":"<p>Nh\u1ef1a in 3d 2 m\u00e0u eSun ePLA-Silk Magic 1kg\/Cu\u1ed9n<\/p>","protected":false},"featured_media":2485,"comment_status":"open","ping_status":"closed","template":"","meta":{"inline_featured_image":false},"product_brand":[],"product_cat":[455,456,466],"product_tag":[],"class_list":{"0":"post-2494","1":"product","2":"type-product","3":"status-publish","4":"has-post-thumbnail","6":"product_cat-nhua-in-3d","7":"product_cat-nhua-in-3d-fdm","8":"product_cat-soi-nhua-esun-fdm","10":"first","11":"instock","12":"sale","13":"taxable","14":"shipping-taxable","15":"purchasable","16":"product-type-variable"},"yoast_head":"<!-- This site is optimized with the Yoast SEO Premium plugin v22.8 (Yoast SEO v26.9) - https:\/\/yoast.com\/product\/yoast-seo-premium-wordpress\/ -->\n<title>Nh\u1ef1a in 3d 2 m\u00e0u eSun ePLA-Silk Magic 1kg\/Cu\u1ed9n - NGE 3D Printers Services<\/title>\n<meta name=\"robots\" content=\"index, follow, max-snippet:-1, max-image-preview:large, max-video-preview:-1\" \/>\n<link rel=\"canonical\" href=\"https:\/\/nge.vn\/en\/product\/nhua-in-3d-2-mau-esun-epla-silk-magic-1kg-cuon\/\" \/>\n<meta property=\"og:locale\" content=\"en_US\" \/>\n<meta property=\"og:type\" content=\"article\" \/>\n<meta property=\"og:title\" content=\"Nh\u1ef1a in 3d 2 m\u00e0u eSun ePLA-Silk Magic 1kg\/Cu\u1ed9n\" \/>\n<meta property=\"og:description\" content=\"Nh\u1ef1a in 3d 2 m\u00e0u eSun ePLA-Silk Magic 1kg\/Cu\u1ed9n\" \/>\n<meta property=\"og:url\" content=\"https:\/\/nge.vn\/en\/product\/nhua-in-3d-2-mau-esun-epla-silk-magic-1kg-cuon\/\" \/>\n<meta property=\"og:site_name\" content=\"NGE 3D Printers Services\" \/>\n<meta property=\"article:modified_time\" content=\"2025-09-12T08:54:45+00:00\" \/>\n<meta property=\"og:image\" content=\"https:\/\/nge.vn\/wp-content\/uploads\/2024\/10\/images-upload-woo2F89eff1fa305a1774a0b50dbdcdc91c47.jpg\" \/>\n\t<meta property=\"og:image:width\" content=\"1024\" \/>\n\t<meta property=\"og:image:height\" content=\"1024\" \/>\n\t<meta property=\"og:image:type\" content=\"image\/jpeg\" \/>\n<meta name=\"twitter:card\" content=\"summary_large_image\" \/>\n<meta name=\"twitter:label1\" content=\"Est. reading time\" \/>\n\t<meta name=\"twitter:data1\" content=\"3 minutes\" \/>\n<script type=\"application\/ld+json\" class=\"yoast-schema-graph\">{\"@context\":\"https:\/\/schema.org\",\"@graph\":[{\"@type\":\"WebPage\",\"@id\":\"https:\/\/nge.vn\/san-pham\/nhua-in-3d-2-mau-esun-epla-silk-magic-1kg-cuon\/\",\"url\":\"https:\/\/nge.vn\/san-pham\/nhua-in-3d-2-mau-esun-epla-silk-magic-1kg-cuon\/\",\"name\":\"Nh\u1ef1a in 3d 2 m\u00e0u eSun ePLA-Silk Magic 1kg\/Cu\u1ed9n - NGE 3D Printers Services\",\"isPartOf\":{\"@id\":\"https:\/\/nge.vn\/#website\"},\"primaryImageOfPage\":{\"@id\":\"https:\/\/nge.vn\/san-pham\/nhua-in-3d-2-mau-esun-epla-silk-magic-1kg-cuon\/#primaryimage\"},\"image\":{\"@id\":\"https:\/\/nge.vn\/san-pham\/nhua-in-3d-2-mau-esun-epla-silk-magic-1kg-cuon\/#primaryimage\"},\"thumbnailUrl\":\"https:\/\/nge.vn\/wp-content\/uploads\/2024\/10\/images-upload-woo2F89eff1fa305a1774a0b50dbdcdc91c47.jpg\",\"datePublished\":\"2024-10-26T04:29:50+00:00\",\"dateModified\":\"2025-09-12T08:54:45+00:00\",\"breadcrumb\":{\"@id\":\"https:\/\/nge.vn\/san-pham\/nhua-in-3d-2-mau-esun-epla-silk-magic-1kg-cuon\/#breadcrumb\"},\"inLanguage\":\"en-US\",\"potentialAction\":[{\"@type\":\"ReadAction\",\"target\":[\"https:\/\/nge.vn\/san-pham\/nhua-in-3d-2-mau-esun-epla-silk-magic-1kg-cuon\/\"]}]},{\"@type\":\"ImageObject\",\"inLanguage\":\"en-US\",\"@id\":\"https:\/\/nge.vn\/san-pham\/nhua-in-3d-2-mau-esun-epla-silk-magic-1kg-cuon\/#primaryimage\",\"url\":\"https:\/\/nge.vn\/wp-content\/uploads\/2024\/10\/images-upload-woo2F89eff1fa305a1774a0b50dbdcdc91c47.jpg\",\"contentUrl\":\"https:\/\/nge.vn\/wp-content\/uploads\/2024\/10\/images-upload-woo2F89eff1fa305a1774a0b50dbdcdc91c47.jpg\",\"width\":1024,\"height\":1024},{\"@type\":\"BreadcrumbList\",\"@id\":\"https:\/\/nge.vn\/san-pham\/nhua-in-3d-2-mau-esun-epla-silk-magic-1kg-cuon\/#breadcrumb\",\"itemListElement\":[{\"@type\":\"ListItem\",\"position\":1,\"name\":\"Trang ch\u1ee7\",\"item\":\"https:\/\/nge.vn\/\"},{\"@type\":\"ListItem\",\"position\":2,\"name\":\"S\u1ea3n ph\u1ea9m\",\"item\":\"https:\/\/nge.vn\/san-pham\/\"},{\"@type\":\"ListItem\",\"position\":3,\"name\":\"Nh\u1ef1a in 3d 2 m\u00e0u eSun ePLA-Silk Magic 1kg\/Cu\u1ed9n\"}]},{\"@type\":\"WebSite\",\"@id\":\"https:\/\/nge.vn\/#website\",\"url\":\"https:\/\/nge.vn\/\",\"name\":\"NGE 3D Printers Services\",\"description\":\"\",\"potentialAction\":[{\"@type\":\"SearchAction\",\"target\":{\"@type\":\"EntryPoint\",\"urlTemplate\":\"https:\/\/nge.vn\/?s={search_term_string}\"},\"query-input\":{\"@type\":\"PropertyValueSpecification\",\"valueRequired\":true,\"valueName\":\"search_term_string\"}}],\"inLanguage\":\"en-US\"}]}<\/script>\n<!-- \/ Yoast SEO Premium plugin. -->","yoast_head_json":{"title":"Nh\u1ef1a in 3d 2 m\u00e0u eSun ePLA-Silk Magic 1kg\/Cu\u1ed9n - NGE 3D Printers Services","robots":{"index":"index","follow":"follow","max-snippet":"max-snippet:-1","max-image-preview":"max-image-preview:large","max-video-preview":"max-video-preview:-1"},"canonical":"https:\/\/nge.vn\/en\/product\/nhua-in-3d-2-mau-esun-epla-silk-magic-1kg-cuon\/","og_locale":"en_US","og_type":"article","og_title":"Nh\u1ef1a in 3d 2 m\u00e0u eSun ePLA-Silk Magic 1kg\/Cu\u1ed9n","og_description":"Nh\u1ef1a in 3d 2 m\u00e0u eSun ePLA-Silk Magic 1kg\/Cu\u1ed9n","og_url":"https:\/\/nge.vn\/en\/product\/nhua-in-3d-2-mau-esun-epla-silk-magic-1kg-cuon\/","og_site_name":"NGE 3D Printers Services","article_modified_time":"2025-09-12T08:54:45+00:00","og_image":[{"width":1024,"height":1024,"url":"https:\/\/nge.vn\/wp-content\/uploads\/2024\/10\/images-upload-woo2F89eff1fa305a1774a0b50dbdcdc91c47.jpg","type":"image\/jpeg"}],"twitter_card":"summary_large_image","twitter_misc":{"Est. reading time":"3 minutes"},"schema":{"@context":"https:\/\/schema.org","@graph":[{"@type":"WebPage","@id":"https:\/\/nge.vn\/san-pham\/nhua-in-3d-2-mau-esun-epla-silk-magic-1kg-cuon\/","url":"https:\/\/nge.vn\/san-pham\/nhua-in-3d-2-mau-esun-epla-silk-magic-1kg-cuon\/","name":"Nh\u1ef1a in 3d 2 m\u00e0u eSun ePLA-Silk Magic 1kg\/Cu\u1ed9n - NGE 3D Printers Services","isPartOf":{"@id":"https:\/\/nge.vn\/#website"},"primaryImageOfPage":{"@id":"https:\/\/nge.vn\/san-pham\/nhua-in-3d-2-mau-esun-epla-silk-magic-1kg-cuon\/#primaryimage"},"image":{"@id":"https:\/\/nge.vn\/san-pham\/nhua-in-3d-2-mau-esun-epla-silk-magic-1kg-cuon\/#primaryimage"},"thumbnailUrl":"https:\/\/nge.vn\/wp-content\/uploads\/2024\/10\/images-upload-woo2F89eff1fa305a1774a0b50dbdcdc91c47.jpg","datePublished":"2024-10-26T04:29:50+00:00","dateModified":"2025-09-12T08:54:45+00:00","breadcrumb":{"@id":"https:\/\/nge.vn\/san-pham\/nhua-in-3d-2-mau-esun-epla-silk-magic-1kg-cuon\/#breadcrumb"},"inLanguage":"en-US","potentialAction":[{"@type":"ReadAction","target":["https:\/\/nge.vn\/san-pham\/nhua-in-3d-2-mau-esun-epla-silk-magic-1kg-cuon\/"]}]},{"@type":"ImageObject","inLanguage":"en-US","@id":"https:\/\/nge.vn\/san-pham\/nhua-in-3d-2-mau-esun-epla-silk-magic-1kg-cuon\/#primaryimage","url":"https:\/\/nge.vn\/wp-content\/uploads\/2024\/10\/images-upload-woo2F89eff1fa305a1774a0b50dbdcdc91c47.jpg","contentUrl":"https:\/\/nge.vn\/wp-content\/uploads\/2024\/10\/images-upload-woo2F89eff1fa305a1774a0b50dbdcdc91c47.jpg","width":1024,"height":1024},{"@type":"BreadcrumbList","@id":"https:\/\/nge.vn\/san-pham\/nhua-in-3d-2-mau-esun-epla-silk-magic-1kg-cuon\/#breadcrumb","itemListElement":[{"@type":"ListItem","position":1,"name":"Trang ch\u1ee7","item":"https:\/\/nge.vn\/"},{"@type":"ListItem","position":2,"name":"S\u1ea3n ph\u1ea9m","item":"https:\/\/nge.vn\/san-pham\/"},{"@type":"ListItem","position":3,"name":"Nh\u1ef1a in 3d 2 m\u00e0u eSun ePLA-Silk Magic 1kg\/Cu\u1ed9n"}]},{"@type":"WebSite","@id":"https:\/\/nge.vn\/#website","url":"https:\/\/nge.vn\/","name":"NGE 3D Printers Services","description":"","potentialAction":[{"@type":"SearchAction","target":{"@type":"EntryPoint","urlTemplate":"https:\/\/nge.vn\/?s={search_term_string}"},"query-input":{"@type":"PropertyValueSpecification","valueRequired":true,"valueName":"search_term_string"}}],"inLanguage":"en-US"}]}},"_links":{"self":[{"href":"https:\/\/nge.vn\/en\/wp-json\/wp\/v2\/product\/2494","targetHints":{"allow":["GET"]}}],"collection":[{"href":"https:\/\/nge.vn\/en\/wp-json\/wp\/v2\/product"}],"about":[{"href":"https:\/\/nge.vn\/en\/wp-json\/wp\/v2\/types\/product"}],"replies":[{"embeddable":true,"href":"https:\/\/nge.vn\/en\/wp-json\/wp\/v2\/comments?post=2494"}],"wp:featuredmedia":[{"embeddable":true,"href":"https:\/\/nge.vn\/en\/wp-json\/wp\/v2\/media\/2485"}],"wp:attachment":[{"href":"https:\/\/nge.vn\/en\/wp-json\/wp\/v2\/media?parent=2494"}],"wp:term":[{"taxonomy":"product_brand","embeddable":true,"href":"https:\/\/nge.vn\/en\/wp-json\/wp\/v2\/product_brand?post=2494"},{"taxonomy":"product_cat","embeddable":true,"href":"https:\/\/nge.vn\/en\/wp-json\/wp\/v2\/product_cat?post=2494"},{"taxonomy":"product_tag","embeddable":true,"href":"https:\/\/nge.vn\/en\/wp-json\/wp\/v2\/product_tag?post=2494"}],"curies":[{"name":"wp","href":"https:\/\/api.w.org\/{rel}","templated":true}]}}