{"id":2478,"date":"2024-10-26T11:23:49","date_gmt":"2024-10-26T04:23:49","guid":{"rendered":"https:\/\/nge.123websitedev.com\/san-pham\/nhua-in-3d-khuon-nha-khoa-dental-model-resin-1000ml-chai-vo-nhua\/"},"modified":"2024-10-29T14:50:06","modified_gmt":"2024-10-29T07:50:06","slug":"nhua-in-3d-khuon-nha-khoa-dental-model-resin-1000ml-chai-vo-nhua","status":"publish","type":"product","link":"https:\/\/nge.vn\/en\/product\/nhua-in-3d-khuon-nha-khoa-dental-model-resin-1000ml-chai-vo-nhua\/","title":{"rendered":"Nh\u1ef1a in 3D khu\u00f4n nha khoa Dental Model Resin 1000ml\/Chai v\u1ecf nh\u1ef1a"},"content":{"rendered":"<p>Nh\u1ef1a in 3D khu\u00f4n nha khoa Dental Model Resin 1kg\/Chai v\u1ecf nh\u1ef1a<br \/>\n_eSUN LCD Dental Modeling Resin, s\u1eed d\u1ee5ng b\u01b0\u1edbc s\u00f3ng 405nm v\u00e0 th\u00edch h\u1ee3p cho m\u00e1y in 3d resin Creality, Anycubic, Photon v\u00e0 Elegoo.<\/p>\n<p>\u0110\u1eb7c bi\u1ec7t d\u00e0nh cho c\u00e1c chuy\u00ean gia nha khoa \u0111\u1ec3 \u0111\u00e1p \u1ee9ng c\u00e1c y\u00eau c\u1ea7u v\u1ec1 \u0111\u1ed9 ch\u00ednh x\u00e1c cao, \u0111\u1ed9 ch\u00ednh x\u00e1c v\u1ec1 k\u00edch th\u01b0\u1edbc, t\u1ed1c \u0111\u1ed9; \u0110\u01b0\u1ee3c s\u1eed d\u1ee5ng \u0111\u1ec3 in c\u00e1c m\u00f4 h\u00ecnh ch\u1ec9nh nha v\u00e0 ph\u1ee5c h\u00ecnh r\u0103ng th\u00e1o l\u1eafp v\u1edbi c\u00e1c c\u1ea1nh r\u00f5 r\u00e0ng, hi\u1ec7u su\u1ea5t co r\u00fat th\u1ea5p v\u00e0 \u0111\u1ed9 ch\u00ednh x\u00e1c l\u1eafp r\u00e1p cao.<\/p>\n<p>_\u0110\u1ed9 ch\u00ednh x\u00e1c cao &amp; co ng\u00f3t th\u1ea5p: eSUN Dental Modeling Resin ch\u1ee9a c\u00e1c monome methacrylate \u0111\u1ec3 gi\u1ea3m s\u1ef1 co r\u00fat th\u1ec3 t\u00edch trong qu\u00e1 tr\u00ecnh ch\u1ee5p \u1ea3nh, \u0111\u1ea3m b\u1ea3o \u0111\u1ed9 ch\u00ednh x\u00e1c cao c\u1ee7a m\u00f4 h\u00ecnh in v\u1edbi l\u1edbp ho\u00e0n thi\u1ec7n m\u1ecbn.<\/p>\n<p>_\u0110\u00f3ng r\u1eafn nhanh v\u00e0 \u0111\u1ed9 \u1ed5n \u0111\u1ecbnh tuy\u1ec7t v\u1eddi: eSUN Dental Modeling \u0111\u01b0\u1ee3c thi\u1ebft k\u1ebf \u0111\u1ec3 gi\u1ea3m th\u1eddi gian in v\u1edbi t\u00ednh l\u01b0u \u0111\u1ed9ng tuy\u1ec7t v\u1eddi c\u1ee7a n\u00f3. Trong khi \u0111\u00f3 nh\u1ef1a UV c\u00f3 s\u1ef1 k\u1ebft h\u1ee3p t\u1ed1t gi\u1eefa \u0111\u1ed9 c\u1ee9ng v\u00e0 \u0111\u1ed9 d\u1ebbo dai, \u0111\u1ed9 b\u00e1m d\u00ednh c\u1ee7a m\u00f4 h\u00ecnh ch\u1eafc ch\u1eafn v\u00e0 d\u1ec5 d\u00e0ng th\u00e1o r\u1eddi sau khi t\u1ea1o h\u00ecnh.<\/p>\n<p>_Nh\u1ef1a khu\u00f4n LCD chuy\u00ean nghi\u1ec7p: \u0110\u01b0\u1ee3c thi\u1ebft k\u1ebf \u0111\u1eb7c bi\u1ec7t cho ngu\u1ed3n s\u00e1ng LED \u0111\u1ec3 \u0111\u1ea1t \u0111\u01b0\u1ee3c ch\u1ea5t l\u01b0\u1ee3ng in t\u1ed1t h\u01a1n. eSUN Dental Modeling Resin t\u01b0\u01a1ng th\u00edch v\u1edbi h\u1ea7u h\u1ebft c\u00e1c m\u00e1y in 3D LCD \u0111\u1ec3 t\u1ea1o m\u00f4 h\u00ecnh nha khoa.<\/p>\n<p>_Bao b\u00ec an to\u00e0n v\u00e0 ch\u1eafc ch\u1eafn: Kh\u1ed1i l\u01b0\u1ee3ng t\u1ecbnh: 1000g. Chai nh\u1ef1a d\u00e0y ho\u00e0n to\u00e0n tr\u00e1nh \u00e1nh s\u00e1ng. Chai ch\u1ed1ng r\u00f2 r\u1ec9 \u0111\u01b0\u1ee3c b\u1ecdc ho\u00e0n to\u00e0n b\u1eb1ng t\u00fai bong b\u00f3ng nh\u1ef1a \u0111\u1ec3 \u0111\u1ea3m b\u1ea3o nh\u1ef1a \u1edf \u0111\u00fang n\u01a1i ch\u00fang thu\u1ed9c v\u1ec1.<\/p>\n<p>**T\u00ednh n\u0103ng s\u1ea3n ph\u1ea9m:<br \/>\n+Th\u1eddi gian \u0111\u00f3ng r\u1eafn ng\u1eafn,<br \/>\n+Kh\u00f4ng b\u1ecb bi\u1ebfn d\u1ea1ng trong qu\u00e1 tr\u00ecnh \u0111i\u1ec1u ch\u1ebf<br \/>\n+C\u00e1c b\u1ed9 ph\u1eadn in c\u00f3 b\u1ec1 m\u1eb7t nh\u1eb5n<br \/>\n+\u0110\u1ed9 ch\u00ednh x\u00e1c cao<br \/>\n+\u0110\u1ed9 b\u1ec1n v\u00e0 \u0111\u1ed9 d\u1ebbo dai t\u1ed1t<br \/>\n+Khu\u00f4n \u0111\u00fac v\u00e0 kh\u1ea3 n\u0103ng ch\u1ed1ng va \u0111\u1eadp tuy\u1ec7t v\u1eddi.<\/p>\n<p>**\u1ee8ng d\u1ee5ng c\u1ee7a in 3D trong nha khoa:<\/p>\n<p>*B\u1ea3ng thu\u1ed9c t\u00ednh nh\u1ef1a:<br \/>\n+3D PRINTING PHOTOPOLYMER RESIN Dental Model Resin<br \/>\n+Viscosity(mPa\u00b7s) 150-300<br \/>\n+Density(g\/cm3) 1.05-1.25<br \/>\n+Tensile Strength(MPa) 42-62<br \/>\n+Elongation at Break(%) 10-20<br \/>\n+Flexural Strength(MPa) 59-70<br \/>\n+Impact Strength(J\/m) 44-49<br \/>\n+Tearing Strength(GPa) \/<br \/>\n+Heat Distortion Temp(\u2103) \/<br \/>\n+Hardness(Shore D) 80<\/p>\n<p>**C\u00e1c c\u00e0i \u0111\u1eb7t \u0111\u1ec1 xu\u1ea5t c\u1ee7a nh\u1ef1a Dental Modle Resin cho c\u00e1c lo\u1ea1i M\u00e1y in Resin : https:\/\/www.esun3d.com\/uploads\/Dental-Modle-Resin-Recommended-Settings-For-Printer.xlsx<\/p>\n<p>C\u00e1ch s\u1eed d\u1ee5ng:<br \/>\n1) L\u1eafc k\u1ef9 tr\u01b0\u1edbc khi s\u1eed d\u1ee5ng, c\u1ea5m s\u1eed d\u1ee5ng nh\u1ef1a th\u00f4ng \u1edf n\u01a1i c\u00f3 nhi\u1ec1u \u00e1nh s\u00e1ng m\u1eb7t tr\u1eddi.<br \/>\n2. Nh\u1ef1a khu\u00f4n nha khoa c\u00f3 th\u1ec3 t\u0103ng th\u1eddi gian ti\u1ebfp x\u00fac v\u1edbi \u0111\u00e1y \u0111\u1ec3 t\u0103ng c\u01b0\u1eddng \u0111\u1ed9 b\u00e1m d\u00ednh c\u1ee7a t\u1ea5m \u0111\u00e1y.<\/p>\n<p>**C\u00e1ch l\u01b0u tr\u1eef:<br \/>\n1) Tr\u00e1nh xa \u00e1nh s\u00e1ng \u1edf nhi\u1ec7t \u0111\u1ed9 ph\u00f2ng. (\u00c1nh n\u1eafng m\u1eb7t tr\u1eddi ch\u1ee9a nhi\u1ec1u tia UV, s\u1ebd l\u00e0m \u0111\u00f4ng \u0111\u1eb7c nh\u1ef1a c\u1ea3m quang.)<br \/>\n2) N\u00ean b\u1ea3o qu\u1ea3n nh\u1ef1a d\u01b0\u1edbi 15C -35\u2103 trong h\u1ed9p k\u00edn. Tr\u00e1nh b\u1ea5t k\u1ef3 m\u00f4i tr\u01b0\u1eddng b\u1ee5i b\u1ea9n ho\u1eb7c \u1ea9m \u01b0\u1edbt.<br \/>\n3) Nh\u1ef1a \u1ed5n \u0111\u1ecbnh trong c\u00e1c \u0111i\u1ec1u ki\u1ec7n kh\u00ed h\u1eadu kh\u00e1c nhau v\u00e0 c\u0169ng d\u1ec5 b\u1ea3o qu\u1ea3n, kh\u1eafc ph\u1ee5c \u0111\u01b0\u1ee3c c\u00e1c khuy\u1ebft \u0111i\u1ec3m c\u1ee7a c\u00e1c lo\u1ea1i nh\u1ef1a kh\u00e1c l\u00e0 d\u1ec5 b\u1ecb \u1ea9m l\u00e0m m\u1ec1m v\u00e0 \u0103n m\u00f2n do m\u00f4i tr\u01b0\u1eddng.<\/p>\n<p>**\u0110\u1ec3 \u0111\u01b0\u1ee3c nh\u1eadn h\u1ed9 tr\u1ee3 th\u00eam v\u1ec1 Gi\u00e1 v\u00e0 Th\u00f4ng tin c\u1ee7a s\u1ea3n ph\u1ea9m, vui l\u00f2ng li\u00ean h\u1ec7:<br \/>\n0913.939.775 g\u1eb7p A. Qu\u00e2n (for English)<br \/>\n094.144.0951 contact A.Quynh<br \/>\n**Selling price does not include VAT (+10% if VAT invoice is issued)<\/p>","protected":false},"excerpt":{"rendered":"<p>Nh\u1ef1a in 3D khu\u00f4n nha khoa Dental Model Resin 1000ml\/Chai v\u1ecf nh\u1ef1a<\/p>","protected":false},"featured_media":2469,"comment_status":"open","ping_status":"closed","template":"","meta":{"inline_featured_image":false},"product_brand":[],"product_cat":[455,43],"product_tag":[],"class_list":{"0":"post-2478","1":"product","2":"type-product","3":"status-publish","4":"has-post-thumbnail","6":"product_cat-nhua-in-3d","7":"product_cat-nhua-in-3d-resin","9":"first","10":"instock","11":"taxable","12":"shipping-taxable","13":"purchasable","14":"product-type-variable"},"yoast_head":"<!-- This site is optimized with the Yoast SEO Premium plugin v22.8 (Yoast SEO v26.9) - https:\/\/yoast.com\/product\/yoast-seo-premium-wordpress\/ -->\n<title>Nh\u1ef1a in 3D khu\u00f4n nha khoa Dental Model Resin 1000ml\/Chai v\u1ecf nh\u1ef1a - NGE 3D Printers Services<\/title>\n<meta name=\"robots\" content=\"index, follow, max-snippet:-1, max-image-preview:large, max-video-preview:-1\" \/>\n<link rel=\"canonical\" href=\"https:\/\/nge.vn\/en\/product\/nhua-in-3d-khuon-nha-khoa-dental-model-resin-1000ml-chai-vo-nhua\/\" \/>\n<meta property=\"og:locale\" content=\"en_US\" \/>\n<meta property=\"og:type\" content=\"article\" \/>\n<meta property=\"og:title\" content=\"Nh\u1ef1a in 3D khu\u00f4n nha khoa Dental Model Resin 1000ml\/Chai v\u1ecf nh\u1ef1a\" \/>\n<meta property=\"og:description\" content=\"Nh\u1ef1a in 3D khu\u00f4n nha khoa Dental Model Resin 1000ml\/Chai v\u1ecf nh\u1ef1a\" \/>\n<meta property=\"og:url\" content=\"https:\/\/nge.vn\/en\/product\/nhua-in-3d-khuon-nha-khoa-dental-model-resin-1000ml-chai-vo-nhua\/\" \/>\n<meta property=\"og:site_name\" content=\"NGE 3D Printers Services\" \/>\n<meta property=\"article:modified_time\" content=\"2024-10-29T07:50:06+00:00\" \/>\n<meta property=\"og:image\" content=\"https:\/\/nge.vn\/wp-content\/uploads\/2024\/10\/images-upload-woo2F3f5915f41d68135c014099a774d94745.jpg\" \/>\n\t<meta property=\"og:image:width\" content=\"380\" \/>\n\t<meta property=\"og:image:height\" content=\"380\" \/>\n\t<meta property=\"og:image:type\" content=\"image\/jpeg\" \/>\n<meta name=\"twitter:card\" content=\"summary_large_image\" \/>\n<meta name=\"twitter:label1\" content=\"Est. reading time\" \/>\n\t<meta name=\"twitter:data1\" content=\"4 minutes\" \/>\n<script type=\"application\/ld+json\" class=\"yoast-schema-graph\">{\"@context\":\"https:\/\/schema.org\",\"@graph\":[{\"@type\":\"WebPage\",\"@id\":\"https:\/\/nge.vn\/san-pham\/nhua-in-3d-khuon-nha-khoa-dental-model-resin-1000ml-chai-vo-nhua\/\",\"url\":\"https:\/\/nge.vn\/san-pham\/nhua-in-3d-khuon-nha-khoa-dental-model-resin-1000ml-chai-vo-nhua\/\",\"name\":\"Nh\u1ef1a in 3D khu\u00f4n nha khoa Dental Model Resin 1000ml\/Chai v\u1ecf nh\u1ef1a - NGE 3D Printers Services\",\"isPartOf\":{\"@id\":\"https:\/\/nge.vn\/#website\"},\"primaryImageOfPage\":{\"@id\":\"https:\/\/nge.vn\/san-pham\/nhua-in-3d-khuon-nha-khoa-dental-model-resin-1000ml-chai-vo-nhua\/#primaryimage\"},\"image\":{\"@id\":\"https:\/\/nge.vn\/san-pham\/nhua-in-3d-khuon-nha-khoa-dental-model-resin-1000ml-chai-vo-nhua\/#primaryimage\"},\"thumbnailUrl\":\"https:\/\/nge.vn\/wp-content\/uploads\/2024\/10\/images-upload-woo2F3f5915f41d68135c014099a774d94745.jpg\",\"datePublished\":\"2024-10-26T04:23:49+00:00\",\"dateModified\":\"2024-10-29T07:50:06+00:00\",\"breadcrumb\":{\"@id\":\"https:\/\/nge.vn\/san-pham\/nhua-in-3d-khuon-nha-khoa-dental-model-resin-1000ml-chai-vo-nhua\/#breadcrumb\"},\"inLanguage\":\"en-US\",\"potentialAction\":[{\"@type\":\"ReadAction\",\"target\":[\"https:\/\/nge.vn\/san-pham\/nhua-in-3d-khuon-nha-khoa-dental-model-resin-1000ml-chai-vo-nhua\/\"]}]},{\"@type\":\"ImageObject\",\"inLanguage\":\"en-US\",\"@id\":\"https:\/\/nge.vn\/san-pham\/nhua-in-3d-khuon-nha-khoa-dental-model-resin-1000ml-chai-vo-nhua\/#primaryimage\",\"url\":\"https:\/\/nge.vn\/wp-content\/uploads\/2024\/10\/images-upload-woo2F3f5915f41d68135c014099a774d94745.jpg\",\"contentUrl\":\"https:\/\/nge.vn\/wp-content\/uploads\/2024\/10\/images-upload-woo2F3f5915f41d68135c014099a774d94745.jpg\",\"width\":380,\"height\":380},{\"@type\":\"BreadcrumbList\",\"@id\":\"https:\/\/nge.vn\/san-pham\/nhua-in-3d-khuon-nha-khoa-dental-model-resin-1000ml-chai-vo-nhua\/#breadcrumb\",\"itemListElement\":[{\"@type\":\"ListItem\",\"position\":1,\"name\":\"Trang ch\u1ee7\",\"item\":\"https:\/\/nge.vn\/\"},{\"@type\":\"ListItem\",\"position\":2,\"name\":\"S\u1ea3n ph\u1ea9m\",\"item\":\"https:\/\/nge.vn\/san-pham\/\"},{\"@type\":\"ListItem\",\"position\":3,\"name\":\"Nh\u1ef1a in 3D khu\u00f4n nha khoa Dental Model Resin 1000ml\/Chai v\u1ecf nh\u1ef1a\"}]},{\"@type\":\"WebSite\",\"@id\":\"https:\/\/nge.vn\/#website\",\"url\":\"https:\/\/nge.vn\/\",\"name\":\"NGE 3D Printers Services\",\"description\":\"\",\"potentialAction\":[{\"@type\":\"SearchAction\",\"target\":{\"@type\":\"EntryPoint\",\"urlTemplate\":\"https:\/\/nge.vn\/?s={search_term_string}\"},\"query-input\":{\"@type\":\"PropertyValueSpecification\",\"valueRequired\":true,\"valueName\":\"search_term_string\"}}],\"inLanguage\":\"en-US\"}]}<\/script>\n<!-- \/ Yoast SEO Premium plugin. -->","yoast_head_json":{"title":"Nh\u1ef1a in 3D khu\u00f4n nha khoa Dental Model Resin 1000ml\/Chai v\u1ecf nh\u1ef1a - NGE 3D Printers Services","robots":{"index":"index","follow":"follow","max-snippet":"max-snippet:-1","max-image-preview":"max-image-preview:large","max-video-preview":"max-video-preview:-1"},"canonical":"https:\/\/nge.vn\/en\/product\/nhua-in-3d-khuon-nha-khoa-dental-model-resin-1000ml-chai-vo-nhua\/","og_locale":"en_US","og_type":"article","og_title":"Nh\u1ef1a in 3D khu\u00f4n nha khoa Dental Model Resin 1000ml\/Chai v\u1ecf nh\u1ef1a","og_description":"Nh\u1ef1a in 3D khu\u00f4n nha khoa Dental Model Resin 1000ml\/Chai v\u1ecf nh\u1ef1a","og_url":"https:\/\/nge.vn\/en\/product\/nhua-in-3d-khuon-nha-khoa-dental-model-resin-1000ml-chai-vo-nhua\/","og_site_name":"NGE 3D Printers Services","article_modified_time":"2024-10-29T07:50:06+00:00","og_image":[{"width":380,"height":380,"url":"https:\/\/nge.vn\/wp-content\/uploads\/2024\/10\/images-upload-woo2F3f5915f41d68135c014099a774d94745.jpg","type":"image\/jpeg"}],"twitter_card":"summary_large_image","twitter_misc":{"Est. reading time":"4 minutes"},"schema":{"@context":"https:\/\/schema.org","@graph":[{"@type":"WebPage","@id":"https:\/\/nge.vn\/san-pham\/nhua-in-3d-khuon-nha-khoa-dental-model-resin-1000ml-chai-vo-nhua\/","url":"https:\/\/nge.vn\/san-pham\/nhua-in-3d-khuon-nha-khoa-dental-model-resin-1000ml-chai-vo-nhua\/","name":"Nh\u1ef1a in 3D khu\u00f4n nha khoa Dental Model Resin 1000ml\/Chai v\u1ecf nh\u1ef1a - NGE 3D Printers Services","isPartOf":{"@id":"https:\/\/nge.vn\/#website"},"primaryImageOfPage":{"@id":"https:\/\/nge.vn\/san-pham\/nhua-in-3d-khuon-nha-khoa-dental-model-resin-1000ml-chai-vo-nhua\/#primaryimage"},"image":{"@id":"https:\/\/nge.vn\/san-pham\/nhua-in-3d-khuon-nha-khoa-dental-model-resin-1000ml-chai-vo-nhua\/#primaryimage"},"thumbnailUrl":"https:\/\/nge.vn\/wp-content\/uploads\/2024\/10\/images-upload-woo2F3f5915f41d68135c014099a774d94745.jpg","datePublished":"2024-10-26T04:23:49+00:00","dateModified":"2024-10-29T07:50:06+00:00","breadcrumb":{"@id":"https:\/\/nge.vn\/san-pham\/nhua-in-3d-khuon-nha-khoa-dental-model-resin-1000ml-chai-vo-nhua\/#breadcrumb"},"inLanguage":"en-US","potentialAction":[{"@type":"ReadAction","target":["https:\/\/nge.vn\/san-pham\/nhua-in-3d-khuon-nha-khoa-dental-model-resin-1000ml-chai-vo-nhua\/"]}]},{"@type":"ImageObject","inLanguage":"en-US","@id":"https:\/\/nge.vn\/san-pham\/nhua-in-3d-khuon-nha-khoa-dental-model-resin-1000ml-chai-vo-nhua\/#primaryimage","url":"https:\/\/nge.vn\/wp-content\/uploads\/2024\/10\/images-upload-woo2F3f5915f41d68135c014099a774d94745.jpg","contentUrl":"https:\/\/nge.vn\/wp-content\/uploads\/2024\/10\/images-upload-woo2F3f5915f41d68135c014099a774d94745.jpg","width":380,"height":380},{"@type":"BreadcrumbList","@id":"https:\/\/nge.vn\/san-pham\/nhua-in-3d-khuon-nha-khoa-dental-model-resin-1000ml-chai-vo-nhua\/#breadcrumb","itemListElement":[{"@type":"ListItem","position":1,"name":"Trang ch\u1ee7","item":"https:\/\/nge.vn\/"},{"@type":"ListItem","position":2,"name":"S\u1ea3n ph\u1ea9m","item":"https:\/\/nge.vn\/san-pham\/"},{"@type":"ListItem","position":3,"name":"Nh\u1ef1a in 3D khu\u00f4n nha khoa Dental Model Resin 1000ml\/Chai v\u1ecf nh\u1ef1a"}]},{"@type":"WebSite","@id":"https:\/\/nge.vn\/#website","url":"https:\/\/nge.vn\/","name":"NGE 3D Printers Services","description":"","potentialAction":[{"@type":"SearchAction","target":{"@type":"EntryPoint","urlTemplate":"https:\/\/nge.vn\/?s={search_term_string}"},"query-input":{"@type":"PropertyValueSpecification","valueRequired":true,"valueName":"search_term_string"}}],"inLanguage":"en-US"}]}},"_links":{"self":[{"href":"https:\/\/nge.vn\/en\/wp-json\/wp\/v2\/product\/2478","targetHints":{"allow":["GET"]}}],"collection":[{"href":"https:\/\/nge.vn\/en\/wp-json\/wp\/v2\/product"}],"about":[{"href":"https:\/\/nge.vn\/en\/wp-json\/wp\/v2\/types\/product"}],"replies":[{"embeddable":true,"href":"https:\/\/nge.vn\/en\/wp-json\/wp\/v2\/comments?post=2478"}],"wp:featuredmedia":[{"embeddable":true,"href":"https:\/\/nge.vn\/en\/wp-json\/wp\/v2\/media\/2469"}],"wp:attachment":[{"href":"https:\/\/nge.vn\/en\/wp-json\/wp\/v2\/media?parent=2478"}],"wp:term":[{"taxonomy":"product_brand","embeddable":true,"href":"https:\/\/nge.vn\/en\/wp-json\/wp\/v2\/product_brand?post=2478"},{"taxonomy":"product_cat","embeddable":true,"href":"https:\/\/nge.vn\/en\/wp-json\/wp\/v2\/product_cat?post=2478"},{"taxonomy":"product_tag","embeddable":true,"href":"https:\/\/nge.vn\/en\/wp-json\/wp\/v2\/product_tag?post=2478"}],"curies":[{"name":"wp","href":"https:\/\/api.w.org\/{rel}","templated":true}]}}