{"id":2442,"date":"2024-10-26T11:09:27","date_gmt":"2024-10-26T04:09:27","guid":{"rendered":"https:\/\/nge.123websitedev.com\/san-pham\/nhua-in-3d-resin-nha-khoa-sg100-surgical-guide-resin-500ml-2\/"},"modified":"2024-10-29T15:05:20","modified_gmt":"2024-10-29T08:05:20","slug":"nhua-in-3d-resin-nha-khoa-sg100-surgical-guide-resin-500ml-2","status":"publish","type":"product","link":"https:\/\/nge.vn\/en\/product\/nhua-in-3d-resin-nha-khoa-sg100-surgical-guide-resin-500ml-2\/","title":{"rendered":"3d printing resin dental SG100 Surgical Guide Resin 500ml"},"content":{"rendered":"<p>Nh\u1ef1a in 3d resin nha khoa SG100 Surgical Guide Resin<\/p>\n<p>Ch\u1ea5t li\u1ec7u nh\u1ef1a nha khoa, th\u00edch h\u1ee3p \u0111\u1ec3 in t\u1ea5m d\u1eabn h\u01b0\u1edbng c\u1ea5y gh\u00e9p. M\u00f4 h\u00ecnh c\u00f3 b\u1ec1 m\u1eb7t nh\u1eb5n v\u00e0 r\u00f5 r\u00e0ng, \u0111\u1ed9 chi ti\u1ebft v\u00e0 \u0111\u1ed9 ch\u00ednh x\u00e1c cao.<\/p>\n<p>Nh\u1ef1a d\u1eabn h\u01b0\u1edbng ph\u1eabu thu\u1eadt c\u00f3 \u0111\u1ed9 b\u1ec1n v\u00e0 \u0111\u1ed9 d\u1ebbo dai t\u1ed1t, c\u00f3 kh\u1ea3 n\u0103ng ch\u1ed1ng va \u0111\u1eadp;<br \/>\nKh\u1eed tr\u00f9ng \u1edf nhi\u1ec7t \u0111\u1ed9 cao, kh\u1eed tr\u00f9ng \u01b0\u1edbt.<\/p>\n<p>+B\u1ec1 m\u1eb7t m\u1ecbn r\u00f5 r\u00e0ng v\u00e0 trong su\u1ed1t<br \/>\n+\u0110\u1ed9 ch\u00ednh x\u00e1c \u0111\u00fac cao<br \/>\n+Ch\u1eafc ch\u1eafn v\u00e0 \u0111\u1ed9 d\u1ebbo dai t\u1ed1t<br \/>\n+Kh\u1eed tr\u00f9ng \u1edf nhi\u1ec7t \u0111\u1ed9 cao, kh\u1eed tr\u00f9ng \u01b0\u1edbt<\/p>\n<p>_Application:<br \/>\n+Cutting gum guide<br \/>\n+Grind bone plate<br \/>\n+Implantation guide plate<br \/>\n+Orthodontic brackets are bonded with guide plates<br \/>\n+Functional retainer<br \/>\n+Bite plate<br \/>\n+Occlusal pad and X-ray guide plate<\/p>\n<p>*B\u1ea3ng thu\u1ed9c t\u00ednh nh\u1ef1a:<br \/>\n+3D PRINTING PHOTOPOLYMER RESIN\tSG100 Surgical Guide Resin<br \/>\n+Viscosity(mPa\u00b7s)\t1000-1300<br \/>\n+Density(g\/cm3)\t1.05-1.25<br \/>\n+Shore Hardness(D)\t 80-88<br \/>\n+Tensile Strength(MPa)\t47.025\u00b110%<br \/>\n+Tensile Modulus(MPa)\t561.781\u00b110%<br \/>\n+Elongation at Break(%)\t28.406\u00b110%<br \/>\n+Maximum Bending Strength (MPa) 52.846\u00b110%<br \/>\n+Flexural Modulus of Elasticity (MPa) 1166.81\u00b110%<br \/>\n+Impact Strength(J\/m)\t266.93\u00b110%<br \/>\n+Shrinkage (%) 0.4-0.8<\/p>\n<p>**To receive a better price, please contact the shop directly.<br \/>\n     0913.939.775 contact A.Quan (for English)<br \/>\n     094.144.0951 contact A.Quynh<br \/>\n**Selling price does not include VAT (+10% if VAT invoice is issued)<\/p>","protected":false},"excerpt":{"rendered":"<p>3d printing resin dental SG100 Surgical Guide Resin 500ml<\/p>","protected":false},"featured_media":2433,"comment_status":"open","ping_status":"closed","template":"","meta":{"inline_featured_image":false},"product_brand":[],"product_cat":[455,43,464],"product_tag":[],"class_list":{"0":"post-2442","1":"product","2":"type-product","3":"status-publish","4":"has-post-thumbnail","6":"product_cat-nhua-in-3d","7":"product_cat-nhua-in-3d-resin","8":"product_cat-nhua-in-3d-resin-esun","10":"first","11":"instock","12":"taxable","13":"shipping-taxable","14":"purchasable","15":"product-type-simple"},"yoast_head":"<!-- This site is optimized with the Yoast SEO Premium plugin v22.8 (Yoast SEO v26.9) - https:\/\/yoast.com\/product\/yoast-seo-premium-wordpress\/ -->\n<title>Nh\u1ef1a in 3d resin nha khoa SG100 Surgical Guide Resin 500ml - NGE 3D Printers Services<\/title>\n<meta name=\"robots\" content=\"index, follow, max-snippet:-1, max-image-preview:large, max-video-preview:-1\" \/>\n<link rel=\"canonical\" href=\"https:\/\/nge.vn\/en\/product\/nhua-in-3d-resin-nha-khoa-sg100-surgical-guide-resin-500ml-2\/\" \/>\n<meta property=\"og:locale\" content=\"en_US\" \/>\n<meta property=\"og:type\" content=\"article\" \/>\n<meta property=\"og:title\" content=\"Nh\u1ef1a in 3d resin nha khoa SG100 Surgical Guide Resin 500ml\" \/>\n<meta property=\"og:description\" content=\"Nh\u1ef1a in 3d resin nha khoa SG100 Surgical Guide Resin 500ml\" \/>\n<meta property=\"og:url\" content=\"https:\/\/nge.vn\/en\/product\/nhua-in-3d-resin-nha-khoa-sg100-surgical-guide-resin-500ml-2\/\" \/>\n<meta property=\"og:site_name\" content=\"NGE 3D Printers Services\" \/>\n<meta property=\"article:modified_time\" content=\"2024-10-29T08:05:20+00:00\" \/>\n<meta property=\"og:image\" content=\"https:\/\/nge.vn\/wp-content\/uploads\/2024\/10\/images-upload-woo2Ff57c4f4d6321a2b3ec09ea300a016951.jpg\" \/>\n\t<meta property=\"og:image:width\" content=\"712\" \/>\n\t<meta property=\"og:image:height\" content=\"712\" \/>\n\t<meta property=\"og:image:type\" content=\"image\/jpeg\" \/>\n<meta name=\"twitter:card\" content=\"summary_large_image\" \/>\n<meta name=\"twitter:label1\" content=\"Est. reading time\" \/>\n\t<meta name=\"twitter:data1\" content=\"1 minute\" \/>\n<script type=\"application\/ld+json\" class=\"yoast-schema-graph\">{\"@context\":\"https:\/\/schema.org\",\"@graph\":[{\"@type\":\"WebPage\",\"@id\":\"https:\/\/nge.vn\/san-pham\/nhua-in-3d-resin-nha-khoa-sg100-surgical-guide-resin-500ml-2\/\",\"url\":\"https:\/\/nge.vn\/san-pham\/nhua-in-3d-resin-nha-khoa-sg100-surgical-guide-resin-500ml-2\/\",\"name\":\"Nh\u1ef1a in 3d resin nha khoa SG100 Surgical Guide Resin 500ml - NGE 3D Printers Services\",\"isPartOf\":{\"@id\":\"https:\/\/nge.vn\/#website\"},\"primaryImageOfPage\":{\"@id\":\"https:\/\/nge.vn\/san-pham\/nhua-in-3d-resin-nha-khoa-sg100-surgical-guide-resin-500ml-2\/#primaryimage\"},\"image\":{\"@id\":\"https:\/\/nge.vn\/san-pham\/nhua-in-3d-resin-nha-khoa-sg100-surgical-guide-resin-500ml-2\/#primaryimage\"},\"thumbnailUrl\":\"https:\/\/nge.vn\/wp-content\/uploads\/2024\/10\/images-upload-woo2Ff57c4f4d6321a2b3ec09ea300a016951.jpg\",\"datePublished\":\"2024-10-26T04:09:27+00:00\",\"dateModified\":\"2024-10-29T08:05:20+00:00\",\"breadcrumb\":{\"@id\":\"https:\/\/nge.vn\/san-pham\/nhua-in-3d-resin-nha-khoa-sg100-surgical-guide-resin-500ml-2\/#breadcrumb\"},\"inLanguage\":\"en-US\",\"potentialAction\":[{\"@type\":\"ReadAction\",\"target\":[\"https:\/\/nge.vn\/san-pham\/nhua-in-3d-resin-nha-khoa-sg100-surgical-guide-resin-500ml-2\/\"]}]},{\"@type\":\"ImageObject\",\"inLanguage\":\"en-US\",\"@id\":\"https:\/\/nge.vn\/san-pham\/nhua-in-3d-resin-nha-khoa-sg100-surgical-guide-resin-500ml-2\/#primaryimage\",\"url\":\"https:\/\/nge.vn\/wp-content\/uploads\/2024\/10\/images-upload-woo2Ff57c4f4d6321a2b3ec09ea300a016951.jpg\",\"contentUrl\":\"https:\/\/nge.vn\/wp-content\/uploads\/2024\/10\/images-upload-woo2Ff57c4f4d6321a2b3ec09ea300a016951.jpg\",\"width\":712,\"height\":712},{\"@type\":\"BreadcrumbList\",\"@id\":\"https:\/\/nge.vn\/san-pham\/nhua-in-3d-resin-nha-khoa-sg100-surgical-guide-resin-500ml-2\/#breadcrumb\",\"itemListElement\":[{\"@type\":\"ListItem\",\"position\":1,\"name\":\"Trang ch\u1ee7\",\"item\":\"https:\/\/nge.vn\/\"},{\"@type\":\"ListItem\",\"position\":2,\"name\":\"S\u1ea3n ph\u1ea9m\",\"item\":\"https:\/\/nge.vn\/san-pham\/\"},{\"@type\":\"ListItem\",\"position\":3,\"name\":\"Nh\u1ef1a in 3d resin nha khoa SG100 Surgical Guide Resin 500ml\"}]},{\"@type\":\"WebSite\",\"@id\":\"https:\/\/nge.vn\/#website\",\"url\":\"https:\/\/nge.vn\/\",\"name\":\"NGE 3D Printers Services\",\"description\":\"\",\"potentialAction\":[{\"@type\":\"SearchAction\",\"target\":{\"@type\":\"EntryPoint\",\"urlTemplate\":\"https:\/\/nge.vn\/?s={search_term_string}\"},\"query-input\":{\"@type\":\"PropertyValueSpecification\",\"valueRequired\":true,\"valueName\":\"search_term_string\"}}],\"inLanguage\":\"en-US\"}]}<\/script>\n<!-- \/ Yoast SEO Premium plugin. -->","yoast_head_json":{"title":"Nh\u1ef1a in 3d resin nha khoa SG100 Surgical Guide Resin 500ml - NGE 3D Printers Services","robots":{"index":"index","follow":"follow","max-snippet":"max-snippet:-1","max-image-preview":"max-image-preview:large","max-video-preview":"max-video-preview:-1"},"canonical":"https:\/\/nge.vn\/en\/product\/nhua-in-3d-resin-nha-khoa-sg100-surgical-guide-resin-500ml-2\/","og_locale":"en_US","og_type":"article","og_title":"Nh\u1ef1a in 3d resin nha khoa SG100 Surgical Guide Resin 500ml","og_description":"Nh\u1ef1a in 3d resin nha khoa SG100 Surgical Guide Resin 500ml","og_url":"https:\/\/nge.vn\/en\/product\/nhua-in-3d-resin-nha-khoa-sg100-surgical-guide-resin-500ml-2\/","og_site_name":"NGE 3D Printers Services","article_modified_time":"2024-10-29T08:05:20+00:00","og_image":[{"width":712,"height":712,"url":"https:\/\/nge.vn\/wp-content\/uploads\/2024\/10\/images-upload-woo2Ff57c4f4d6321a2b3ec09ea300a016951.jpg","type":"image\/jpeg"}],"twitter_card":"summary_large_image","twitter_misc":{"Est. reading time":"1 minute"},"schema":{"@context":"https:\/\/schema.org","@graph":[{"@type":"WebPage","@id":"https:\/\/nge.vn\/san-pham\/nhua-in-3d-resin-nha-khoa-sg100-surgical-guide-resin-500ml-2\/","url":"https:\/\/nge.vn\/san-pham\/nhua-in-3d-resin-nha-khoa-sg100-surgical-guide-resin-500ml-2\/","name":"Nh\u1ef1a in 3d resin nha khoa SG100 Surgical Guide Resin 500ml - NGE 3D Printers Services","isPartOf":{"@id":"https:\/\/nge.vn\/#website"},"primaryImageOfPage":{"@id":"https:\/\/nge.vn\/san-pham\/nhua-in-3d-resin-nha-khoa-sg100-surgical-guide-resin-500ml-2\/#primaryimage"},"image":{"@id":"https:\/\/nge.vn\/san-pham\/nhua-in-3d-resin-nha-khoa-sg100-surgical-guide-resin-500ml-2\/#primaryimage"},"thumbnailUrl":"https:\/\/nge.vn\/wp-content\/uploads\/2024\/10\/images-upload-woo2Ff57c4f4d6321a2b3ec09ea300a016951.jpg","datePublished":"2024-10-26T04:09:27+00:00","dateModified":"2024-10-29T08:05:20+00:00","breadcrumb":{"@id":"https:\/\/nge.vn\/san-pham\/nhua-in-3d-resin-nha-khoa-sg100-surgical-guide-resin-500ml-2\/#breadcrumb"},"inLanguage":"en-US","potentialAction":[{"@type":"ReadAction","target":["https:\/\/nge.vn\/san-pham\/nhua-in-3d-resin-nha-khoa-sg100-surgical-guide-resin-500ml-2\/"]}]},{"@type":"ImageObject","inLanguage":"en-US","@id":"https:\/\/nge.vn\/san-pham\/nhua-in-3d-resin-nha-khoa-sg100-surgical-guide-resin-500ml-2\/#primaryimage","url":"https:\/\/nge.vn\/wp-content\/uploads\/2024\/10\/images-upload-woo2Ff57c4f4d6321a2b3ec09ea300a016951.jpg","contentUrl":"https:\/\/nge.vn\/wp-content\/uploads\/2024\/10\/images-upload-woo2Ff57c4f4d6321a2b3ec09ea300a016951.jpg","width":712,"height":712},{"@type":"BreadcrumbList","@id":"https:\/\/nge.vn\/san-pham\/nhua-in-3d-resin-nha-khoa-sg100-surgical-guide-resin-500ml-2\/#breadcrumb","itemListElement":[{"@type":"ListItem","position":1,"name":"Trang ch\u1ee7","item":"https:\/\/nge.vn\/"},{"@type":"ListItem","position":2,"name":"S\u1ea3n ph\u1ea9m","item":"https:\/\/nge.vn\/san-pham\/"},{"@type":"ListItem","position":3,"name":"Nh\u1ef1a in 3d resin nha khoa SG100 Surgical Guide Resin 500ml"}]},{"@type":"WebSite","@id":"https:\/\/nge.vn\/#website","url":"https:\/\/nge.vn\/","name":"NGE 3D Printers Services","description":"","potentialAction":[{"@type":"SearchAction","target":{"@type":"EntryPoint","urlTemplate":"https:\/\/nge.vn\/?s={search_term_string}"},"query-input":{"@type":"PropertyValueSpecification","valueRequired":true,"valueName":"search_term_string"}}],"inLanguage":"en-US"}]}},"_links":{"self":[{"href":"https:\/\/nge.vn\/en\/wp-json\/wp\/v2\/product\/2442","targetHints":{"allow":["GET"]}}],"collection":[{"href":"https:\/\/nge.vn\/en\/wp-json\/wp\/v2\/product"}],"about":[{"href":"https:\/\/nge.vn\/en\/wp-json\/wp\/v2\/types\/product"}],"replies":[{"embeddable":true,"href":"https:\/\/nge.vn\/en\/wp-json\/wp\/v2\/comments?post=2442"}],"wp:featuredmedia":[{"embeddable":true,"href":"https:\/\/nge.vn\/en\/wp-json\/wp\/v2\/media\/2433"}],"wp:attachment":[{"href":"https:\/\/nge.vn\/en\/wp-json\/wp\/v2\/media?parent=2442"}],"wp:term":[{"taxonomy":"product_brand","embeddable":true,"href":"https:\/\/nge.vn\/en\/wp-json\/wp\/v2\/product_brand?post=2442"},{"taxonomy":"product_cat","embeddable":true,"href":"https:\/\/nge.vn\/en\/wp-json\/wp\/v2\/product_cat?post=2442"},{"taxonomy":"product_tag","embeddable":true,"href":"https:\/\/nge.vn\/en\/wp-json\/wp\/v2\/product_tag?post=2442"}],"curies":[{"name":"wp","href":"https:\/\/api.w.org\/{rel}","templated":true}]}}