{"id":2428,"date":"2024-10-26T11:08:11","date_gmt":"2024-10-26T04:08:11","guid":{"rendered":"https:\/\/nge.123websitedev.com\/san-pham\/bo-tam-ban-in-pei-build-plate-cho-may-in-3d-creality-ender-5-s1-ender-3-v3-se-ender-3-v3-ke-k1-size-235235mm\/"},"modified":"2024-10-28T16:09:49","modified_gmt":"2024-10-28T09:09:49","slug":"bo-tam-ban-in-pei-build-plate-cho-may-in-3d-creality-ender-5-s1-ender-3-v3-se-ender-3-v3-ke-k1-size-235235mm","status":"publish","type":"product","link":"https:\/\/nge.vn\/en\/product\/bo-tam-ban-in-pei-build-plate-cho-may-in-3d-creality-ender-5-s1-ender-3-v3-se-ender-3-v3-ke-k1-size-235235mm\/","title":{"rendered":"B\u1ed9 t\u1ea5m b\u00e0n in PEI Build Plate cho m\u00e1y in 3d Creality Ender 5 S1\/ Ender 3 V3 SE\/ Ender 3 V3 KE\/ K1&#8230;size 235*235mm"},"content":{"rendered":"<p>B\u1ed9 t\u1ea5m b\u00e0n in PEI Build Plate cho m\u00e1y in 3d Creality Ender 5 S1\/ Ender 3 V3 SE\/ Ender 3 V3 KE\/ K1 size 235*235mm<br \/>\n+Product name: K1 PEI Build Plate &amp; K1 Smooth PEI Build Plate<br \/>\n+Compatible models: FDM 3D printers with a build plate size of 235\u00d7235mm<br \/>\n+Size: 235\u00d7235mm<br \/>\n+Packing Size\uff1a265\u00d7250\u00d780mm<br \/>\n+G.W\uff1a0.31kg<br \/>\n+Carton Size\uff1a280\u00d7265\u00d7260mm<\/p>\n<p>+K1 Smooth PEI: 4004090115<br \/>\n+K1 PEI Build Plate: 4004090116<\/p>\n<p>+ \u0110\u1ed9 b\u00e1m d\u00ednh tuy\u1ec7t v\u1eddi<br \/>\n+ Kh\u1ea3 n\u0103ng ch\u1ed1ng m\u00e0i m\u00f2n c\u01b0\u1eddng \u0111\u1ed9 cao<br \/>\n+ \u0110\u1ed9 ph\u1eb3ng cao<br \/>\n+ Lo\u1ea1i b\u1ecf m\u00f4 h\u00ecnh d\u1ec5 d\u00e0ng<br \/>\n+ Kh\u1ea3 n\u0103ng ch\u1ecbu nhi\u1ec7t tuy\u1ec7t v\u1eddi<\/p>\n<p>_B\u1ec1 m\u1eb7t PEI m\u1ecbn cho b\u1ec1 m\u1eb7t m\u00f4 h\u00ecnh ph\u1eb3ng<br \/>\n\u0110\u1ed9 b\u00e1m d\u00ednh t\u1ed1t gi\u1eefa PEI m\u1ecbn v\u00e0 c\u00e1c lo\u1ea1i s\u1ee3i kh\u00e1c nhau, m\u00f4 h\u00ecnh d\u1ec5 b\u00e1m v\u00e0o PEI v\u00e0 b\u1ec1 m\u1eb7t \u0111\u00e1y nh\u1eb5n<\/p>\n<p>_PEI c\u00f3 kh\u1ea3 n\u0103ng ch\u1ed1ng m\u00e0i m\u00f2n v\u00e0 ch\u1ecbu nhi\u1ec7t \u0111\u1ed9 cao v\u1edbi hi\u1ec7u su\u1ea5t \u1ed5n \u0111\u1ecbnh<br \/>\nV\u1eadt li\u1ec7u PEI c\u00f3 \u0111\u1eb7c t\u00ednh ch\u1ecbu nhi\u1ec7t \u0111\u1ed9 cao, ch\u1ed1ng ch\u00e1y tuy\u1ec7t v\u1eddi, \u0111\u1ed9 b\u1ec1n cao v\u00e0 \u0111\u1ed9 c\u1ee9ng cao, th\u00edch h\u1ee3p s\u1eed d\u1ee5ng l\u00e2u d\u00e0i trong \u0111i\u1ec1u ki\u1ec7n nhi\u1ec7t \u0111\u1ed9 cao<\/p>\n<p>*PEI (Polyetherimide): N\u00f3 c\u00f3 \u0111\u1ed9 b\u1ec1n cao, \u0111\u1ed9 c\u1ee9ng cao, ch\u1ed1ng m\u00e0i m\u00f2n v\u00e0 \u1ed5n \u0111\u1ecbnh k\u00edch th\u01b0\u1edbc \u1edf nhi\u1ec7t \u0111\u1ed9 cao, \u0111\u1eb7c t\u00ednh ch\u1ed1ng ch\u00e1y v\u00e0 \u0111\u1eb7c t\u00ednh \u00edt kh\u00f3i, ch\u1ec9 s\u1ed1 oxy l\u00e0 47% v\u00e0 c\u1ea5p \u0111\u1ed9 ch\u00e1y l\u00e0 c\u1ea5p \u0111\u1ed9 UL94 -V-0<\/p>\n<p>_T\u1ea5m th\u00e9p l\u00f2 xo c\u01b0\u1eddng \u0111\u1ed9 cao kh\u00f4ng d\u1ec5 bi\u1ebfn d\u1ea1ng<br \/>\n\u0110\u01b0\u1ee3c l\u00e0m b\u1eb1ng th\u00e9p t\u1ea5m l\u00f2 xo c\u01b0\u1eddng \u0111\u1ed9 cao, c\u00f3 \u0111\u1ed9 ph\u1eb3ng t\u1ed1t, \u0111\u1ed9 \u0111\u00e0n h\u1ed3i t\u1ed1t v\u00e0 kh\u00f4ng b\u1ecb bi\u1ebfn d\u1ea1ng sau khi u\u1ed1n nhi\u1ec1u l\u1ea7n<\/p>\n<p>_D\u1ec5 d\u00e0ng lo\u1ea1i b\u1ecf c\u00e1c m\u1eabu in<br \/>\nM\u1ed9t gi\u00e2y \u0111\u1ec3 th\u00e1o c\u00e1c m\u1eabu in m\u00e0 kh\u00f4ng c\u1ea7n d\u1ee5ng c\u1ee5, ch\u1ec9 b\u1eb1ng c\u00e1ch u\u1ed1n t\u1ea5m<\/p>\n<p>_Thi\u1ebft k\u1ebf t\u1ec9 m\u1ec9 chi ti\u1ebft t\u1ed1t h\u01a1n<br \/>\nTay c\u1ea7m \u0111\u00f4i ch\u1ed1ng b\u1ecfng, l\u1ed7 \u0111\u1ecbnh v\u1ecb h\u1ed7 tr\u1ee3 l\u1eafp \u0111\u1eb7t nhanh ch\u00f3ng, thi\u1ebft k\u1ebf g\u00f3c ch\u1eef R \u1edf c\u1ea1nh an to\u00e0n h\u01a1n<\/p>\n<p>***T\u01b0\u01a1ng th\u00edch v\u1edbi t\u1ea5t c\u1ea3 c\u00e1c d\u00f2ng m\u00e1y in 3d Creality: Ender-3 S1\/ Ender-3 S1 Pro\/ Ender-5 S1\/ Ender-3 V3 SE\/ Ender-3 V3 KE\/ CR-10 SE\/ Ender-3 V3\/ K1&#8230;.<br \/>\nv\u00e0 c\u00e1c d\u00f2ng m\u00e1y c\u00f3 m\u1eb7t b\u00e0n l\u00e0 235*235mm (tham kh\u1ea3o th\u00eam)<\/p>\n<p>**To receive a better price, please contact the shop directly.<br \/>\n     0913.939.775 contact A.Quan (for English)<br \/>\n     094.144.0951 contact A.Quynh<br \/>\n**Selling price does not include VAT (+10% if VAT invoice is issued)<\/p>","protected":false},"excerpt":{"rendered":"<p>B\u1ed9 t\u1ea5m b\u00e0n in PEI Build Plate cho m\u00e1y in 3d Creality Ender 5 S1\/ Ender 3 V3 SE\/ Ender 3 V3 KE\/ K1&#8230;size 235*235mm<\/p>","protected":false},"featured_media":2419,"comment_status":"open","ping_status":"closed","template":"","meta":{"inline_featured_image":false},"product_brand":[],"product_cat":[40,56],"product_tag":[],"class_list":{"0":"post-2428","1":"product","2":"type-product","3":"status-publish","4":"has-post-thumbnail","6":"product_cat-linh-kien-va-phu-kien","7":"product_cat-linh-phu-kien-may-in-3d-creality","9":"first","10":"instock","11":"taxable","12":"shipping-taxable","13":"purchasable","14":"product-type-variable"},"yoast_head":"<!-- This site is optimized with the Yoast SEO Premium plugin v22.8 (Yoast SEO v26.9) - https:\/\/yoast.com\/product\/yoast-seo-premium-wordpress\/ -->\n<title>B\u1ed9 t\u1ea5m b\u00e0n in PEI Build Plate cho m\u00e1y in 3d Creality Ender 5 S1\/ Ender 3 V3 SE\/ Ender 3 V3 KE\/ K1...size 235*235mm - NGE 3D Printers Services<\/title>\n<meta name=\"robots\" content=\"index, follow, max-snippet:-1, max-image-preview:large, max-video-preview:-1\" \/>\n<link rel=\"canonical\" href=\"https:\/\/nge.vn\/en\/product\/bo-tam-ban-in-pei-build-plate-cho-may-in-3d-creality-ender-5-s1-ender-3-v3-se-ender-3-v3-ke-k1-size-235235mm\/\" \/>\n<meta property=\"og:locale\" content=\"en_US\" \/>\n<meta property=\"og:type\" content=\"article\" \/>\n<meta property=\"og:title\" content=\"B\u1ed9 t\u1ea5m b\u00e0n in PEI Build Plate cho m\u00e1y in 3d Creality Ender 5 S1\/ Ender 3 V3 SE\/ Ender 3 V3 KE\/ K1...size 235*235mm\" \/>\n<meta property=\"og:description\" content=\"B\u1ed9 t\u1ea5m b\u00e0n in PEI Build Plate cho m\u00e1y in 3d Creality Ender 5 S1\/ Ender 3 V3 SE\/ Ender 3 V3 KE\/ K1...size 235*235mm\" \/>\n<meta property=\"og:url\" content=\"https:\/\/nge.vn\/en\/product\/bo-tam-ban-in-pei-build-plate-cho-may-in-3d-creality-ender-5-s1-ender-3-v3-se-ender-3-v3-ke-k1-size-235235mm\/\" \/>\n<meta property=\"og:site_name\" content=\"NGE 3D Printers Services\" \/>\n<meta property=\"article:modified_time\" content=\"2024-10-28T09:09:49+00:00\" \/>\n<meta property=\"og:image\" content=\"https:\/\/nge.vn\/wp-content\/uploads\/2024\/10\/images-upload-woo2F5e2e0d2c2a848643a5a5ed70ffe7720a.jpg\" \/>\n\t<meta property=\"og:image:width\" content=\"829\" \/>\n\t<meta property=\"og:image:height\" content=\"829\" \/>\n\t<meta property=\"og:image:type\" content=\"image\/jpeg\" \/>\n<meta name=\"twitter:card\" content=\"summary_large_image\" \/>\n<meta name=\"twitter:label1\" content=\"Est. reading time\" \/>\n\t<meta name=\"twitter:data1\" content=\"3 minutes\" \/>\n<script type=\"application\/ld+json\" class=\"yoast-schema-graph\">{\"@context\":\"https:\/\/schema.org\",\"@graph\":[{\"@type\":\"WebPage\",\"@id\":\"https:\/\/nge.vn\/san-pham\/bo-tam-ban-in-pei-build-plate-cho-may-in-3d-creality-ender-5-s1-ender-3-v3-se-ender-3-v3-ke-k1-size-235235mm\/\",\"url\":\"https:\/\/nge.vn\/san-pham\/bo-tam-ban-in-pei-build-plate-cho-may-in-3d-creality-ender-5-s1-ender-3-v3-se-ender-3-v3-ke-k1-size-235235mm\/\",\"name\":\"B\u1ed9 t\u1ea5m b\u00e0n in PEI Build Plate cho m\u00e1y in 3d Creality Ender 5 S1\/ Ender 3 V3 SE\/ Ender 3 V3 KE\/ K1...size 235*235mm - NGE 3D Printers Services\",\"isPartOf\":{\"@id\":\"https:\/\/nge.vn\/#website\"},\"primaryImageOfPage\":{\"@id\":\"https:\/\/nge.vn\/san-pham\/bo-tam-ban-in-pei-build-plate-cho-may-in-3d-creality-ender-5-s1-ender-3-v3-se-ender-3-v3-ke-k1-size-235235mm\/#primaryimage\"},\"image\":{\"@id\":\"https:\/\/nge.vn\/san-pham\/bo-tam-ban-in-pei-build-plate-cho-may-in-3d-creality-ender-5-s1-ender-3-v3-se-ender-3-v3-ke-k1-size-235235mm\/#primaryimage\"},\"thumbnailUrl\":\"https:\/\/nge.vn\/wp-content\/uploads\/2024\/10\/images-upload-woo2F5e2e0d2c2a848643a5a5ed70ffe7720a.jpg\",\"datePublished\":\"2024-10-26T04:08:11+00:00\",\"dateModified\":\"2024-10-28T09:09:49+00:00\",\"breadcrumb\":{\"@id\":\"https:\/\/nge.vn\/san-pham\/bo-tam-ban-in-pei-build-plate-cho-may-in-3d-creality-ender-5-s1-ender-3-v3-se-ender-3-v3-ke-k1-size-235235mm\/#breadcrumb\"},\"inLanguage\":\"en-US\",\"potentialAction\":[{\"@type\":\"ReadAction\",\"target\":[\"https:\/\/nge.vn\/san-pham\/bo-tam-ban-in-pei-build-plate-cho-may-in-3d-creality-ender-5-s1-ender-3-v3-se-ender-3-v3-ke-k1-size-235235mm\/\"]}]},{\"@type\":\"ImageObject\",\"inLanguage\":\"en-US\",\"@id\":\"https:\/\/nge.vn\/san-pham\/bo-tam-ban-in-pei-build-plate-cho-may-in-3d-creality-ender-5-s1-ender-3-v3-se-ender-3-v3-ke-k1-size-235235mm\/#primaryimage\",\"url\":\"https:\/\/nge.vn\/wp-content\/uploads\/2024\/10\/images-upload-woo2F5e2e0d2c2a848643a5a5ed70ffe7720a.jpg\",\"contentUrl\":\"https:\/\/nge.vn\/wp-content\/uploads\/2024\/10\/images-upload-woo2F5e2e0d2c2a848643a5a5ed70ffe7720a.jpg\",\"width\":829,\"height\":829},{\"@type\":\"BreadcrumbList\",\"@id\":\"https:\/\/nge.vn\/san-pham\/bo-tam-ban-in-pei-build-plate-cho-may-in-3d-creality-ender-5-s1-ender-3-v3-se-ender-3-v3-ke-k1-size-235235mm\/#breadcrumb\",\"itemListElement\":[{\"@type\":\"ListItem\",\"position\":1,\"name\":\"Trang ch\u1ee7\",\"item\":\"https:\/\/nge.vn\/\"},{\"@type\":\"ListItem\",\"position\":2,\"name\":\"S\u1ea3n ph\u1ea9m\",\"item\":\"https:\/\/nge.vn\/san-pham\/\"},{\"@type\":\"ListItem\",\"position\":3,\"name\":\"B\u1ed9 t\u1ea5m b\u00e0n in PEI Build Plate cho m\u00e1y in 3d Creality Ender 5 S1\/ Ender 3 V3 SE\/ Ender 3 V3 KE\/ K1&#8230;size 235*235mm\"}]},{\"@type\":\"WebSite\",\"@id\":\"https:\/\/nge.vn\/#website\",\"url\":\"https:\/\/nge.vn\/\",\"name\":\"NGE 3D Printers Services\",\"description\":\"\",\"potentialAction\":[{\"@type\":\"SearchAction\",\"target\":{\"@type\":\"EntryPoint\",\"urlTemplate\":\"https:\/\/nge.vn\/?s={search_term_string}\"},\"query-input\":{\"@type\":\"PropertyValueSpecification\",\"valueRequired\":true,\"valueName\":\"search_term_string\"}}],\"inLanguage\":\"en-US\"}]}<\/script>\n<!-- \/ Yoast SEO Premium plugin. -->","yoast_head_json":{"title":"B\u1ed9 t\u1ea5m b\u00e0n in PEI Build Plate cho m\u00e1y in 3d Creality Ender 5 S1\/ Ender 3 V3 SE\/ Ender 3 V3 KE\/ K1...size 235*235mm - NGE 3D Printers Services","robots":{"index":"index","follow":"follow","max-snippet":"max-snippet:-1","max-image-preview":"max-image-preview:large","max-video-preview":"max-video-preview:-1"},"canonical":"https:\/\/nge.vn\/en\/product\/bo-tam-ban-in-pei-build-plate-cho-may-in-3d-creality-ender-5-s1-ender-3-v3-se-ender-3-v3-ke-k1-size-235235mm\/","og_locale":"en_US","og_type":"article","og_title":"B\u1ed9 t\u1ea5m b\u00e0n in PEI Build Plate cho m\u00e1y in 3d Creality Ender 5 S1\/ Ender 3 V3 SE\/ Ender 3 V3 KE\/ K1...size 235*235mm","og_description":"B\u1ed9 t\u1ea5m b\u00e0n in PEI Build Plate cho m\u00e1y in 3d Creality Ender 5 S1\/ Ender 3 V3 SE\/ Ender 3 V3 KE\/ K1...size 235*235mm","og_url":"https:\/\/nge.vn\/en\/product\/bo-tam-ban-in-pei-build-plate-cho-may-in-3d-creality-ender-5-s1-ender-3-v3-se-ender-3-v3-ke-k1-size-235235mm\/","og_site_name":"NGE 3D Printers Services","article_modified_time":"2024-10-28T09:09:49+00:00","og_image":[{"width":829,"height":829,"url":"https:\/\/nge.vn\/wp-content\/uploads\/2024\/10\/images-upload-woo2F5e2e0d2c2a848643a5a5ed70ffe7720a.jpg","type":"image\/jpeg"}],"twitter_card":"summary_large_image","twitter_misc":{"Est. reading time":"3 minutes"},"schema":{"@context":"https:\/\/schema.org","@graph":[{"@type":"WebPage","@id":"https:\/\/nge.vn\/san-pham\/bo-tam-ban-in-pei-build-plate-cho-may-in-3d-creality-ender-5-s1-ender-3-v3-se-ender-3-v3-ke-k1-size-235235mm\/","url":"https:\/\/nge.vn\/san-pham\/bo-tam-ban-in-pei-build-plate-cho-may-in-3d-creality-ender-5-s1-ender-3-v3-se-ender-3-v3-ke-k1-size-235235mm\/","name":"B\u1ed9 t\u1ea5m b\u00e0n in PEI Build Plate cho m\u00e1y in 3d Creality Ender 5 S1\/ Ender 3 V3 SE\/ Ender 3 V3 KE\/ K1...size 235*235mm - NGE 3D Printers Services","isPartOf":{"@id":"https:\/\/nge.vn\/#website"},"primaryImageOfPage":{"@id":"https:\/\/nge.vn\/san-pham\/bo-tam-ban-in-pei-build-plate-cho-may-in-3d-creality-ender-5-s1-ender-3-v3-se-ender-3-v3-ke-k1-size-235235mm\/#primaryimage"},"image":{"@id":"https:\/\/nge.vn\/san-pham\/bo-tam-ban-in-pei-build-plate-cho-may-in-3d-creality-ender-5-s1-ender-3-v3-se-ender-3-v3-ke-k1-size-235235mm\/#primaryimage"},"thumbnailUrl":"https:\/\/nge.vn\/wp-content\/uploads\/2024\/10\/images-upload-woo2F5e2e0d2c2a848643a5a5ed70ffe7720a.jpg","datePublished":"2024-10-26T04:08:11+00:00","dateModified":"2024-10-28T09:09:49+00:00","breadcrumb":{"@id":"https:\/\/nge.vn\/san-pham\/bo-tam-ban-in-pei-build-plate-cho-may-in-3d-creality-ender-5-s1-ender-3-v3-se-ender-3-v3-ke-k1-size-235235mm\/#breadcrumb"},"inLanguage":"en-US","potentialAction":[{"@type":"ReadAction","target":["https:\/\/nge.vn\/san-pham\/bo-tam-ban-in-pei-build-plate-cho-may-in-3d-creality-ender-5-s1-ender-3-v3-se-ender-3-v3-ke-k1-size-235235mm\/"]}]},{"@type":"ImageObject","inLanguage":"en-US","@id":"https:\/\/nge.vn\/san-pham\/bo-tam-ban-in-pei-build-plate-cho-may-in-3d-creality-ender-5-s1-ender-3-v3-se-ender-3-v3-ke-k1-size-235235mm\/#primaryimage","url":"https:\/\/nge.vn\/wp-content\/uploads\/2024\/10\/images-upload-woo2F5e2e0d2c2a848643a5a5ed70ffe7720a.jpg","contentUrl":"https:\/\/nge.vn\/wp-content\/uploads\/2024\/10\/images-upload-woo2F5e2e0d2c2a848643a5a5ed70ffe7720a.jpg","width":829,"height":829},{"@type":"BreadcrumbList","@id":"https:\/\/nge.vn\/san-pham\/bo-tam-ban-in-pei-build-plate-cho-may-in-3d-creality-ender-5-s1-ender-3-v3-se-ender-3-v3-ke-k1-size-235235mm\/#breadcrumb","itemListElement":[{"@type":"ListItem","position":1,"name":"Trang ch\u1ee7","item":"https:\/\/nge.vn\/"},{"@type":"ListItem","position":2,"name":"S\u1ea3n ph\u1ea9m","item":"https:\/\/nge.vn\/san-pham\/"},{"@type":"ListItem","position":3,"name":"B\u1ed9 t\u1ea5m b\u00e0n in PEI Build Plate cho m\u00e1y in 3d Creality Ender 5 S1\/ Ender 3 V3 SE\/ Ender 3 V3 KE\/ K1&#8230;size 235*235mm"}]},{"@type":"WebSite","@id":"https:\/\/nge.vn\/#website","url":"https:\/\/nge.vn\/","name":"NGE 3D Printers Services","description":"","potentialAction":[{"@type":"SearchAction","target":{"@type":"EntryPoint","urlTemplate":"https:\/\/nge.vn\/?s={search_term_string}"},"query-input":{"@type":"PropertyValueSpecification","valueRequired":true,"valueName":"search_term_string"}}],"inLanguage":"en-US"}]}},"_links":{"self":[{"href":"https:\/\/nge.vn\/en\/wp-json\/wp\/v2\/product\/2428","targetHints":{"allow":["GET"]}}],"collection":[{"href":"https:\/\/nge.vn\/en\/wp-json\/wp\/v2\/product"}],"about":[{"href":"https:\/\/nge.vn\/en\/wp-json\/wp\/v2\/types\/product"}],"replies":[{"embeddable":true,"href":"https:\/\/nge.vn\/en\/wp-json\/wp\/v2\/comments?post=2428"}],"wp:featuredmedia":[{"embeddable":true,"href":"https:\/\/nge.vn\/en\/wp-json\/wp\/v2\/media\/2419"}],"wp:attachment":[{"href":"https:\/\/nge.vn\/en\/wp-json\/wp\/v2\/media?parent=2428"}],"wp:term":[{"taxonomy":"product_brand","embeddable":true,"href":"https:\/\/nge.vn\/en\/wp-json\/wp\/v2\/product_brand?post=2428"},{"taxonomy":"product_cat","embeddable":true,"href":"https:\/\/nge.vn\/en\/wp-json\/wp\/v2\/product_cat?post=2428"},{"taxonomy":"product_tag","embeddable":true,"href":"https:\/\/nge.vn\/en\/wp-json\/wp\/v2\/product_tag?post=2428"}],"curies":[{"name":"wp","href":"https:\/\/api.w.org\/{rel}","templated":true}]}}