{"id":2400,"date":"2024-10-26T11:02:41","date_gmt":"2024-10-26T04:02:41","guid":{"rendered":"https:\/\/nge.123websitedev.com\/san-pham\/dau-dun-cho-may-in-3d-creality-cr-10s-pro-cr-10-max-cr-10s-pro-v2\/"},"modified":"2024-10-29T14:55:24","modified_gmt":"2024-10-29T07:55:24","slug":"dau-dun-cho-may-in-3d-creality-cr-10s-pro-cr-10-max-cr-10s-pro-v2","status":"publish","type":"product","link":"https:\/\/nge.vn\/en\/product\/dau-dun-cho-may-in-3d-creality-cr-10s-pro-cr-10-max-cr-10s-pro-v2\/","title":{"rendered":"\u0110\u1ea7u \u0111\u00f9n cho m\u00e1y in 3d Creality CR-10S Pro\/ CR-10 Max\/ CR-10S Pro V2&#8230;"},"content":{"rendered":"<p>\u0110\u1ea7u \u0111\u00f9n cho m\u00e1y in 3d Creality CR-10S Pro\/ CR-10 Max\/ CR-10S Pro V2&#8230;<\/p>\n<p>+Material: Brass<br \/>\n+Dimension: 13x8mm<br \/>\n+Filament: for 1.75mm fialment<br \/>\n+Nozzle thread: M6x0.75<br \/>\n+Nozzle diameter 0.4mm\/ 0.6mm\/ 0.8mm\/ 1.0mm<br \/>\n+Ch\u1ec9 d\u00f9ng \u0111\u01b0\u1ee3c cho m\u00e1y in 3d Creality CR-10S Pro\/ CR-10 Max\/ CR-10S Pro V2&#8230;<\/p>\n<p>**To receive a better price, please contact the shop directly.<br \/>\n0913.939.775 contact A.Quan (for English)<br \/>\n094.144.0951 contact A.Quynh<br \/>\n**Selling price does not include VAT (+10% if VAT invoice is issued)<\/p>","protected":false},"excerpt":{"rendered":"<p>\u0110\u1ea7u \u0111\u00f9n cho m\u00e1y in 3d Creality CR-10S Pro\/ CR-10 Max\/ CR-10S Pro V2&#8230;<\/p>","protected":false},"featured_media":2391,"comment_status":"open","ping_status":"closed","template":"","meta":{"inline_featured_image":false},"product_brand":[],"product_cat":[461,40,56],"product_tag":[],"class_list":{"0":"post-2400","1":"product","2":"type-product","3":"status-publish","4":"has-post-thumbnail","6":"product_cat-linh-kien-cum-dun-va-cam-bien","7":"product_cat-linh-kien-va-phu-kien","8":"product_cat-linh-phu-kien-may-in-3d-creality","10":"first","11":"instock","12":"taxable","13":"shipping-taxable","14":"purchasable","15":"product-type-variable"},"yoast_head":"<!-- This site is optimized with the Yoast SEO Premium plugin v22.8 (Yoast SEO v26.9) - https:\/\/yoast.com\/product\/yoast-seo-premium-wordpress\/ -->\n<title>\u0110\u1ea7u \u0111\u00f9n cho m\u00e1y in 3d Creality CR-10S Pro\/ CR-10 Max\/ CR-10S Pro V2... - NGE 3D Printers Services<\/title>\n<meta name=\"robots\" content=\"index, follow, max-snippet:-1, max-image-preview:large, max-video-preview:-1\" \/>\n<link rel=\"canonical\" href=\"https:\/\/nge.vn\/en\/product\/dau-dun-cho-may-in-3d-creality-cr-10s-pro-cr-10-max-cr-10s-pro-v2\/\" \/>\n<meta property=\"og:locale\" content=\"en_US\" \/>\n<meta property=\"og:type\" content=\"article\" \/>\n<meta property=\"og:title\" content=\"\u0110\u1ea7u \u0111\u00f9n cho m\u00e1y in 3d Creality CR-10S Pro\/ CR-10 Max\/ CR-10S Pro V2...\" \/>\n<meta property=\"og:description\" content=\"\u0110\u1ea7u \u0111\u00f9n cho m\u00e1y in 3d Creality CR-10S Pro\/ CR-10 Max\/ CR-10S Pro V2...\" \/>\n<meta property=\"og:url\" content=\"https:\/\/nge.vn\/en\/product\/dau-dun-cho-may-in-3d-creality-cr-10s-pro-cr-10-max-cr-10s-pro-v2\/\" \/>\n<meta property=\"og:site_name\" content=\"NGE 3D Printers Services\" \/>\n<meta property=\"article:modified_time\" content=\"2024-10-29T07:55:24+00:00\" \/>\n<meta property=\"og:image\" content=\"https:\/\/nge.vn\/wp-content\/uploads\/2024\/10\/images-upload-woo2Fd50a3cb444ef146ff4f82eca87b5c50a.jpg\" \/>\n\t<meta property=\"og:image:width\" content=\"735\" \/>\n\t<meta property=\"og:image:height\" content=\"735\" \/>\n\t<meta property=\"og:image:type\" content=\"image\/jpeg\" \/>\n<meta name=\"twitter:card\" content=\"summary_large_image\" \/>\n<meta name=\"twitter:label1\" content=\"Est. reading time\" \/>\n\t<meta name=\"twitter:data1\" content=\"1 minute\" \/>\n<script type=\"application\/ld+json\" class=\"yoast-schema-graph\">{\"@context\":\"https:\/\/schema.org\",\"@graph\":[{\"@type\":\"WebPage\",\"@id\":\"https:\/\/nge.vn\/san-pham\/dau-dun-cho-may-in-3d-creality-cr-10s-pro-cr-10-max-cr-10s-pro-v2\/\",\"url\":\"https:\/\/nge.vn\/san-pham\/dau-dun-cho-may-in-3d-creality-cr-10s-pro-cr-10-max-cr-10s-pro-v2\/\",\"name\":\"\u0110\u1ea7u \u0111\u00f9n cho m\u00e1y in 3d Creality CR-10S Pro\/ CR-10 Max\/ CR-10S Pro V2... - NGE 3D Printers Services\",\"isPartOf\":{\"@id\":\"https:\/\/nge.vn\/#website\"},\"primaryImageOfPage\":{\"@id\":\"https:\/\/nge.vn\/san-pham\/dau-dun-cho-may-in-3d-creality-cr-10s-pro-cr-10-max-cr-10s-pro-v2\/#primaryimage\"},\"image\":{\"@id\":\"https:\/\/nge.vn\/san-pham\/dau-dun-cho-may-in-3d-creality-cr-10s-pro-cr-10-max-cr-10s-pro-v2\/#primaryimage\"},\"thumbnailUrl\":\"https:\/\/nge.vn\/wp-content\/uploads\/2024\/10\/images-upload-woo2Fd50a3cb444ef146ff4f82eca87b5c50a.jpg\",\"datePublished\":\"2024-10-26T04:02:41+00:00\",\"dateModified\":\"2024-10-29T07:55:24+00:00\",\"breadcrumb\":{\"@id\":\"https:\/\/nge.vn\/san-pham\/dau-dun-cho-may-in-3d-creality-cr-10s-pro-cr-10-max-cr-10s-pro-v2\/#breadcrumb\"},\"inLanguage\":\"en-US\",\"potentialAction\":[{\"@type\":\"ReadAction\",\"target\":[\"https:\/\/nge.vn\/san-pham\/dau-dun-cho-may-in-3d-creality-cr-10s-pro-cr-10-max-cr-10s-pro-v2\/\"]}]},{\"@type\":\"ImageObject\",\"inLanguage\":\"en-US\",\"@id\":\"https:\/\/nge.vn\/san-pham\/dau-dun-cho-may-in-3d-creality-cr-10s-pro-cr-10-max-cr-10s-pro-v2\/#primaryimage\",\"url\":\"https:\/\/nge.vn\/wp-content\/uploads\/2024\/10\/images-upload-woo2Fd50a3cb444ef146ff4f82eca87b5c50a.jpg\",\"contentUrl\":\"https:\/\/nge.vn\/wp-content\/uploads\/2024\/10\/images-upload-woo2Fd50a3cb444ef146ff4f82eca87b5c50a.jpg\",\"width\":735,\"height\":735},{\"@type\":\"BreadcrumbList\",\"@id\":\"https:\/\/nge.vn\/san-pham\/dau-dun-cho-may-in-3d-creality-cr-10s-pro-cr-10-max-cr-10s-pro-v2\/#breadcrumb\",\"itemListElement\":[{\"@type\":\"ListItem\",\"position\":1,\"name\":\"Trang ch\u1ee7\",\"item\":\"https:\/\/nge.vn\/\"},{\"@type\":\"ListItem\",\"position\":2,\"name\":\"S\u1ea3n ph\u1ea9m\",\"item\":\"https:\/\/nge.vn\/san-pham\/\"},{\"@type\":\"ListItem\",\"position\":3,\"name\":\"\u0110\u1ea7u \u0111\u00f9n cho m\u00e1y in 3d Creality CR-10S Pro\/ CR-10 Max\/ CR-10S Pro V2&#8230;\"}]},{\"@type\":\"WebSite\",\"@id\":\"https:\/\/nge.vn\/#website\",\"url\":\"https:\/\/nge.vn\/\",\"name\":\"NGE 3D Printers Services\",\"description\":\"\",\"potentialAction\":[{\"@type\":\"SearchAction\",\"target\":{\"@type\":\"EntryPoint\",\"urlTemplate\":\"https:\/\/nge.vn\/?s={search_term_string}\"},\"query-input\":{\"@type\":\"PropertyValueSpecification\",\"valueRequired\":true,\"valueName\":\"search_term_string\"}}],\"inLanguage\":\"en-US\"}]}<\/script>\n<!-- \/ Yoast SEO Premium plugin. -->","yoast_head_json":{"title":"\u0110\u1ea7u \u0111\u00f9n cho m\u00e1y in 3d Creality CR-10S Pro\/ CR-10 Max\/ CR-10S Pro V2... - NGE 3D Printers Services","robots":{"index":"index","follow":"follow","max-snippet":"max-snippet:-1","max-image-preview":"max-image-preview:large","max-video-preview":"max-video-preview:-1"},"canonical":"https:\/\/nge.vn\/en\/product\/dau-dun-cho-may-in-3d-creality-cr-10s-pro-cr-10-max-cr-10s-pro-v2\/","og_locale":"en_US","og_type":"article","og_title":"\u0110\u1ea7u \u0111\u00f9n cho m\u00e1y in 3d Creality CR-10S Pro\/ CR-10 Max\/ CR-10S Pro V2...","og_description":"\u0110\u1ea7u \u0111\u00f9n cho m\u00e1y in 3d Creality CR-10S Pro\/ CR-10 Max\/ CR-10S Pro V2...","og_url":"https:\/\/nge.vn\/en\/product\/dau-dun-cho-may-in-3d-creality-cr-10s-pro-cr-10-max-cr-10s-pro-v2\/","og_site_name":"NGE 3D Printers Services","article_modified_time":"2024-10-29T07:55:24+00:00","og_image":[{"width":735,"height":735,"url":"https:\/\/nge.vn\/wp-content\/uploads\/2024\/10\/images-upload-woo2Fd50a3cb444ef146ff4f82eca87b5c50a.jpg","type":"image\/jpeg"}],"twitter_card":"summary_large_image","twitter_misc":{"Est. reading time":"1 minute"},"schema":{"@context":"https:\/\/schema.org","@graph":[{"@type":"WebPage","@id":"https:\/\/nge.vn\/san-pham\/dau-dun-cho-may-in-3d-creality-cr-10s-pro-cr-10-max-cr-10s-pro-v2\/","url":"https:\/\/nge.vn\/san-pham\/dau-dun-cho-may-in-3d-creality-cr-10s-pro-cr-10-max-cr-10s-pro-v2\/","name":"\u0110\u1ea7u \u0111\u00f9n cho m\u00e1y in 3d Creality CR-10S Pro\/ CR-10 Max\/ CR-10S Pro V2... - NGE 3D Printers Services","isPartOf":{"@id":"https:\/\/nge.vn\/#website"},"primaryImageOfPage":{"@id":"https:\/\/nge.vn\/san-pham\/dau-dun-cho-may-in-3d-creality-cr-10s-pro-cr-10-max-cr-10s-pro-v2\/#primaryimage"},"image":{"@id":"https:\/\/nge.vn\/san-pham\/dau-dun-cho-may-in-3d-creality-cr-10s-pro-cr-10-max-cr-10s-pro-v2\/#primaryimage"},"thumbnailUrl":"https:\/\/nge.vn\/wp-content\/uploads\/2024\/10\/images-upload-woo2Fd50a3cb444ef146ff4f82eca87b5c50a.jpg","datePublished":"2024-10-26T04:02:41+00:00","dateModified":"2024-10-29T07:55:24+00:00","breadcrumb":{"@id":"https:\/\/nge.vn\/san-pham\/dau-dun-cho-may-in-3d-creality-cr-10s-pro-cr-10-max-cr-10s-pro-v2\/#breadcrumb"},"inLanguage":"en-US","potentialAction":[{"@type":"ReadAction","target":["https:\/\/nge.vn\/san-pham\/dau-dun-cho-may-in-3d-creality-cr-10s-pro-cr-10-max-cr-10s-pro-v2\/"]}]},{"@type":"ImageObject","inLanguage":"en-US","@id":"https:\/\/nge.vn\/san-pham\/dau-dun-cho-may-in-3d-creality-cr-10s-pro-cr-10-max-cr-10s-pro-v2\/#primaryimage","url":"https:\/\/nge.vn\/wp-content\/uploads\/2024\/10\/images-upload-woo2Fd50a3cb444ef146ff4f82eca87b5c50a.jpg","contentUrl":"https:\/\/nge.vn\/wp-content\/uploads\/2024\/10\/images-upload-woo2Fd50a3cb444ef146ff4f82eca87b5c50a.jpg","width":735,"height":735},{"@type":"BreadcrumbList","@id":"https:\/\/nge.vn\/san-pham\/dau-dun-cho-may-in-3d-creality-cr-10s-pro-cr-10-max-cr-10s-pro-v2\/#breadcrumb","itemListElement":[{"@type":"ListItem","position":1,"name":"Trang ch\u1ee7","item":"https:\/\/nge.vn\/"},{"@type":"ListItem","position":2,"name":"S\u1ea3n ph\u1ea9m","item":"https:\/\/nge.vn\/san-pham\/"},{"@type":"ListItem","position":3,"name":"\u0110\u1ea7u \u0111\u00f9n cho m\u00e1y in 3d Creality CR-10S Pro\/ CR-10 Max\/ CR-10S Pro V2&#8230;"}]},{"@type":"WebSite","@id":"https:\/\/nge.vn\/#website","url":"https:\/\/nge.vn\/","name":"NGE 3D Printers Services","description":"","potentialAction":[{"@type":"SearchAction","target":{"@type":"EntryPoint","urlTemplate":"https:\/\/nge.vn\/?s={search_term_string}"},"query-input":{"@type":"PropertyValueSpecification","valueRequired":true,"valueName":"search_term_string"}}],"inLanguage":"en-US"}]}},"_links":{"self":[{"href":"https:\/\/nge.vn\/en\/wp-json\/wp\/v2\/product\/2400","targetHints":{"allow":["GET"]}}],"collection":[{"href":"https:\/\/nge.vn\/en\/wp-json\/wp\/v2\/product"}],"about":[{"href":"https:\/\/nge.vn\/en\/wp-json\/wp\/v2\/types\/product"}],"replies":[{"embeddable":true,"href":"https:\/\/nge.vn\/en\/wp-json\/wp\/v2\/comments?post=2400"}],"wp:featuredmedia":[{"embeddable":true,"href":"https:\/\/nge.vn\/en\/wp-json\/wp\/v2\/media\/2391"}],"wp:attachment":[{"href":"https:\/\/nge.vn\/en\/wp-json\/wp\/v2\/media?parent=2400"}],"wp:term":[{"taxonomy":"product_brand","embeddable":true,"href":"https:\/\/nge.vn\/en\/wp-json\/wp\/v2\/product_brand?post=2400"},{"taxonomy":"product_cat","embeddable":true,"href":"https:\/\/nge.vn\/en\/wp-json\/wp\/v2\/product_cat?post=2400"},{"taxonomy":"product_tag","embeddable":true,"href":"https:\/\/nge.vn\/en\/wp-json\/wp\/v2\/product_tag?post=2400"}],"curies":[{"name":"wp","href":"https:\/\/api.w.org\/{rel}","templated":true}]}}