{"id":2374,"date":"2024-10-26T10:59:11","date_gmt":"2024-10-26T03:59:11","guid":{"rendered":"https:\/\/nge.123websitedev.com\/san-pham\/nhua-in-3d-resin-nha-khoa-esun-om100-ortho-model-resin-500-1000ml-chai\/"},"modified":"2024-10-29T17:05:56","modified_gmt":"2024-10-29T10:05:56","slug":"nhua-in-3d-resin-nha-khoa-esun-om100-ortho-model-resin-500-1000ml-chai","status":"publish","type":"product","link":"https:\/\/nge.vn\/en\/product\/nhua-in-3d-resin-nha-khoa-esun-om100-ortho-model-resin-500-1000ml-chai\/","title":{"rendered":"eSun OM100 Ortho Model Resin 500-1000ml\/Bottle 3d printing resin dental resin"},"content":{"rendered":"<p>Nh\u1ef1a in 3d resin nha khoa eSun OM100 Ortho Model Resin<br \/>\n_Nh\u1ef1a m\u00f4 h\u00ecnh Ortho l\u00e0 v\u1eadt li\u1ec7u nh\u1ef1a nha khoa \u0111\u1eb7c bi\u1ec7t. B\u1ec1 m\u1eb7t c\u1ee7a m\u00f4 h\u00ecnh ch\u1ec9nh nha m\u1ecbn, c\u00f3 kh\u1ea3 n\u0103ng t\u00e1i t\u1ea1o chi ti\u1ebft cao v\u00e0 \u0111\u1ed9 ch\u00ednh x\u00e1c \u0111\u00fac cao.<\/p>\n<p>_V\u1edbi kh\u1ea3 n\u0103ng ch\u1ecbu nhi\u1ec7t \u0111\u1ed9 cao, m\u00f4 h\u00ecnh in b\u1eb1ng nh\u1ef1a nha khoa c\u00f3 th\u1ec3 ch\u1ecbu \u0111\u01b0\u1ee3c t\u00e1c \u0111\u1ed9ng \u00e1p su\u1ea5t cao c\u1ee7a d\u1ee5ng c\u1ee5 \u0111\u00fac \u00e9p n\u00f3ng v\u00e0 kh\u1ed1i l\u01b0\u1ee3ng bi\u1ebfn d\u1ea1ng nh\u1ecf trong \u0111i\u1ec1u ki\u1ec7n nhi\u1ec7t \u0111\u1ed9 cao.<br \/>\n_V\u1edbi \u0111\u1ed9 c\u1ee9ng b\u1ec1 m\u1eb7t cao (&gt;83D), nh\u1ef1a m\u00f4 h\u00ecnh ortho ph\u00f9 h\u1ee3p \u0111\u1ec3 in 3D c\u00e1c m\u00f4 h\u00ecnh nha khoa ch\u1ecbu nhi\u1ec7t \u0111\u1ed9 cao (nh\u01b0 m\u00f4 h\u00ecnh ch\u1ec9nh nha).<\/p>\n<p>+C\u00f3 th\u1ec3 gi\u1eb7t r\u1eeda \u0111\u01b0\u1ee3c<br \/>\n+Ch\u1ecbu \u0111\u01b0\u1ee3c nhi\u1ec7t \u0111\u1ed9 cao<br \/>\n+\u0110\u1ed9 ch\u00ednh x\u00e1c \u0111\u00fac cao<br \/>\n+\u0110\u1ed9 c\u1ee9ng b\u1ec1 m\u1eb7t cao (&gt;80D)<\/p>\n<p>*B\u1ea3ng thu\u1ed9c t\u00ednh nh\u1ef1a:<br \/>\n+3D PRINTING PHOTOPOLYMER RESIN OM100 Ortho Model Resin<br \/>\n+Viscosity(mPa\u00b7s) 200-400<br \/>\n+Density(g\/cm3) 1.05-1.25<br \/>\n+Shore Hardness(D) 83-88<br \/>\n+Tensile Strength(MPa) 33.781\u00b110%<br \/>\n+Tensile Modulus(MPa) 520.969\u00b110%<br \/>\n+Elongation at Break(%) 8.775\u00b110%<br \/>\n+Maximum Bending Strength (MPa) 30.115\u00b110%<br \/>\n+Flexural Modulus of Elasticity (MPa) 708.592\u00b110%<br \/>\n+Impact Strength(J\/m) 24.2068\u00b110%<br \/>\n+Shrinkage (%) 0.4-0.8<\/p>\n<p>**To receive a better price, please contact the shop directly.<br \/>\n0913.939.775 contact A.Quan (for English)<br \/>\n094.144.0951 contact A.Quynh<br \/>\n**Selling price does not include VAT (+10% if VAT invoice is issued)<\/p>","protected":false},"excerpt":{"rendered":"<p>eSun OM100 Ortho Model Resin 500-1000ml\/Bottle 3d printing resin dental resin<\/p>","protected":false},"featured_media":2365,"comment_status":"open","ping_status":"closed","template":"","meta":{"inline_featured_image":false},"product_brand":[],"product_cat":[455,43,464],"product_tag":[],"class_list":{"0":"post-2374","1":"product","2":"type-product","3":"status-publish","4":"has-post-thumbnail","6":"product_cat-nhua-in-3d","7":"product_cat-nhua-in-3d-resin","8":"product_cat-nhua-in-3d-resin-esun","10":"first","11":"instock","12":"taxable","13":"shipping-taxable","14":"purchasable","15":"product-type-variable"},"yoast_head":"<!-- This site is optimized with the Yoast SEO Premium plugin v22.8 (Yoast SEO v26.9) - https:\/\/yoast.com\/product\/yoast-seo-premium-wordpress\/ -->\n<title>Nh\u1ef1a in 3d resin nha khoa eSun OM100 Ortho Model Resin 500-1000ml\/ Chai - NGE 3D Printers Services<\/title>\n<meta name=\"robots\" content=\"index, follow, max-snippet:-1, max-image-preview:large, max-video-preview:-1\" \/>\n<link rel=\"canonical\" href=\"https:\/\/nge.vn\/en\/product\/nhua-in-3d-resin-nha-khoa-esun-om100-ortho-model-resin-500-1000ml-chai\/\" \/>\n<meta property=\"og:locale\" content=\"en_US\" \/>\n<meta property=\"og:type\" content=\"article\" \/>\n<meta property=\"og:title\" content=\"Nh\u1ef1a in 3d resin nha khoa eSun OM100 Ortho Model Resin 500-1000ml\/ Chai\" \/>\n<meta property=\"og:description\" content=\"Nh\u1ef1a in 3d resin nha khoa eSun OM100 Ortho Model Resin 500-1000ml\/ Chai\" \/>\n<meta property=\"og:url\" content=\"https:\/\/nge.vn\/en\/product\/nhua-in-3d-resin-nha-khoa-esun-om100-ortho-model-resin-500-1000ml-chai\/\" \/>\n<meta property=\"og:site_name\" content=\"NGE 3D Printers Services\" \/>\n<meta property=\"article:modified_time\" content=\"2024-10-29T10:05:56+00:00\" \/>\n<meta property=\"og:image\" content=\"https:\/\/nge.vn\/wp-content\/uploads\/2024\/10\/images-upload-woo2Fb57a76c1ab9c60c0d696468e5b12fb83.jpg\" \/>\n\t<meta property=\"og:image:width\" content=\"559\" \/>\n\t<meta property=\"og:image:height\" content=\"559\" \/>\n\t<meta property=\"og:image:type\" content=\"image\/jpeg\" \/>\n<meta name=\"twitter:card\" content=\"summary_large_image\" \/>\n<meta name=\"twitter:label1\" content=\"Est. reading time\" \/>\n\t<meta name=\"twitter:data1\" content=\"1 minute\" \/>\n<script type=\"application\/ld+json\" class=\"yoast-schema-graph\">{\"@context\":\"https:\/\/schema.org\",\"@graph\":[{\"@type\":\"WebPage\",\"@id\":\"https:\/\/nge.vn\/san-pham\/nhua-in-3d-resin-nha-khoa-esun-om100-ortho-model-resin-500-1000ml-chai\/\",\"url\":\"https:\/\/nge.vn\/san-pham\/nhua-in-3d-resin-nha-khoa-esun-om100-ortho-model-resin-500-1000ml-chai\/\",\"name\":\"Nh\u1ef1a in 3d resin nha khoa eSun OM100 Ortho Model Resin 500-1000ml\/ Chai - NGE 3D Printers Services\",\"isPartOf\":{\"@id\":\"https:\/\/nge.vn\/#website\"},\"primaryImageOfPage\":{\"@id\":\"https:\/\/nge.vn\/san-pham\/nhua-in-3d-resin-nha-khoa-esun-om100-ortho-model-resin-500-1000ml-chai\/#primaryimage\"},\"image\":{\"@id\":\"https:\/\/nge.vn\/san-pham\/nhua-in-3d-resin-nha-khoa-esun-om100-ortho-model-resin-500-1000ml-chai\/#primaryimage\"},\"thumbnailUrl\":\"https:\/\/nge.vn\/wp-content\/uploads\/2024\/10\/images-upload-woo2Fb57a76c1ab9c60c0d696468e5b12fb83.jpg\",\"datePublished\":\"2024-10-26T03:59:11+00:00\",\"dateModified\":\"2024-10-29T10:05:56+00:00\",\"breadcrumb\":{\"@id\":\"https:\/\/nge.vn\/san-pham\/nhua-in-3d-resin-nha-khoa-esun-om100-ortho-model-resin-500-1000ml-chai\/#breadcrumb\"},\"inLanguage\":\"en-US\",\"potentialAction\":[{\"@type\":\"ReadAction\",\"target\":[\"https:\/\/nge.vn\/san-pham\/nhua-in-3d-resin-nha-khoa-esun-om100-ortho-model-resin-500-1000ml-chai\/\"]}]},{\"@type\":\"ImageObject\",\"inLanguage\":\"en-US\",\"@id\":\"https:\/\/nge.vn\/san-pham\/nhua-in-3d-resin-nha-khoa-esun-om100-ortho-model-resin-500-1000ml-chai\/#primaryimage\",\"url\":\"https:\/\/nge.vn\/wp-content\/uploads\/2024\/10\/images-upload-woo2Fb57a76c1ab9c60c0d696468e5b12fb83.jpg\",\"contentUrl\":\"https:\/\/nge.vn\/wp-content\/uploads\/2024\/10\/images-upload-woo2Fb57a76c1ab9c60c0d696468e5b12fb83.jpg\",\"width\":559,\"height\":559},{\"@type\":\"BreadcrumbList\",\"@id\":\"https:\/\/nge.vn\/san-pham\/nhua-in-3d-resin-nha-khoa-esun-om100-ortho-model-resin-500-1000ml-chai\/#breadcrumb\",\"itemListElement\":[{\"@type\":\"ListItem\",\"position\":1,\"name\":\"Trang ch\u1ee7\",\"item\":\"https:\/\/nge.vn\/\"},{\"@type\":\"ListItem\",\"position\":2,\"name\":\"S\u1ea3n ph\u1ea9m\",\"item\":\"https:\/\/nge.vn\/san-pham\/\"},{\"@type\":\"ListItem\",\"position\":3,\"name\":\"Nh\u1ef1a in 3d resin nha khoa eSun OM100 Ortho Model Resin 500-1000ml\/ Chai\"}]},{\"@type\":\"WebSite\",\"@id\":\"https:\/\/nge.vn\/#website\",\"url\":\"https:\/\/nge.vn\/\",\"name\":\"NGE 3D Printers Services\",\"description\":\"\",\"potentialAction\":[{\"@type\":\"SearchAction\",\"target\":{\"@type\":\"EntryPoint\",\"urlTemplate\":\"https:\/\/nge.vn\/?s={search_term_string}\"},\"query-input\":{\"@type\":\"PropertyValueSpecification\",\"valueRequired\":true,\"valueName\":\"search_term_string\"}}],\"inLanguage\":\"en-US\"}]}<\/script>\n<!-- \/ Yoast SEO Premium plugin. -->","yoast_head_json":{"title":"Nh\u1ef1a in 3d resin nha khoa eSun OM100 Ortho Model Resin 500-1000ml\/ Chai - NGE 3D Printers Services","robots":{"index":"index","follow":"follow","max-snippet":"max-snippet:-1","max-image-preview":"max-image-preview:large","max-video-preview":"max-video-preview:-1"},"canonical":"https:\/\/nge.vn\/en\/product\/nhua-in-3d-resin-nha-khoa-esun-om100-ortho-model-resin-500-1000ml-chai\/","og_locale":"en_US","og_type":"article","og_title":"Nh\u1ef1a in 3d resin nha khoa eSun OM100 Ortho Model Resin 500-1000ml\/ Chai","og_description":"Nh\u1ef1a in 3d resin nha khoa eSun OM100 Ortho Model Resin 500-1000ml\/ Chai","og_url":"https:\/\/nge.vn\/en\/product\/nhua-in-3d-resin-nha-khoa-esun-om100-ortho-model-resin-500-1000ml-chai\/","og_site_name":"NGE 3D Printers Services","article_modified_time":"2024-10-29T10:05:56+00:00","og_image":[{"width":559,"height":559,"url":"https:\/\/nge.vn\/wp-content\/uploads\/2024\/10\/images-upload-woo2Fb57a76c1ab9c60c0d696468e5b12fb83.jpg","type":"image\/jpeg"}],"twitter_card":"summary_large_image","twitter_misc":{"Est. reading time":"1 minute"},"schema":{"@context":"https:\/\/schema.org","@graph":[{"@type":"WebPage","@id":"https:\/\/nge.vn\/san-pham\/nhua-in-3d-resin-nha-khoa-esun-om100-ortho-model-resin-500-1000ml-chai\/","url":"https:\/\/nge.vn\/san-pham\/nhua-in-3d-resin-nha-khoa-esun-om100-ortho-model-resin-500-1000ml-chai\/","name":"Nh\u1ef1a in 3d resin nha khoa eSun OM100 Ortho Model Resin 500-1000ml\/ Chai - NGE 3D Printers Services","isPartOf":{"@id":"https:\/\/nge.vn\/#website"},"primaryImageOfPage":{"@id":"https:\/\/nge.vn\/san-pham\/nhua-in-3d-resin-nha-khoa-esun-om100-ortho-model-resin-500-1000ml-chai\/#primaryimage"},"image":{"@id":"https:\/\/nge.vn\/san-pham\/nhua-in-3d-resin-nha-khoa-esun-om100-ortho-model-resin-500-1000ml-chai\/#primaryimage"},"thumbnailUrl":"https:\/\/nge.vn\/wp-content\/uploads\/2024\/10\/images-upload-woo2Fb57a76c1ab9c60c0d696468e5b12fb83.jpg","datePublished":"2024-10-26T03:59:11+00:00","dateModified":"2024-10-29T10:05:56+00:00","breadcrumb":{"@id":"https:\/\/nge.vn\/san-pham\/nhua-in-3d-resin-nha-khoa-esun-om100-ortho-model-resin-500-1000ml-chai\/#breadcrumb"},"inLanguage":"en-US","potentialAction":[{"@type":"ReadAction","target":["https:\/\/nge.vn\/san-pham\/nhua-in-3d-resin-nha-khoa-esun-om100-ortho-model-resin-500-1000ml-chai\/"]}]},{"@type":"ImageObject","inLanguage":"en-US","@id":"https:\/\/nge.vn\/san-pham\/nhua-in-3d-resin-nha-khoa-esun-om100-ortho-model-resin-500-1000ml-chai\/#primaryimage","url":"https:\/\/nge.vn\/wp-content\/uploads\/2024\/10\/images-upload-woo2Fb57a76c1ab9c60c0d696468e5b12fb83.jpg","contentUrl":"https:\/\/nge.vn\/wp-content\/uploads\/2024\/10\/images-upload-woo2Fb57a76c1ab9c60c0d696468e5b12fb83.jpg","width":559,"height":559},{"@type":"BreadcrumbList","@id":"https:\/\/nge.vn\/san-pham\/nhua-in-3d-resin-nha-khoa-esun-om100-ortho-model-resin-500-1000ml-chai\/#breadcrumb","itemListElement":[{"@type":"ListItem","position":1,"name":"Trang ch\u1ee7","item":"https:\/\/nge.vn\/"},{"@type":"ListItem","position":2,"name":"S\u1ea3n ph\u1ea9m","item":"https:\/\/nge.vn\/san-pham\/"},{"@type":"ListItem","position":3,"name":"Nh\u1ef1a in 3d resin nha khoa eSun OM100 Ortho Model Resin 500-1000ml\/ Chai"}]},{"@type":"WebSite","@id":"https:\/\/nge.vn\/#website","url":"https:\/\/nge.vn\/","name":"NGE 3D Printers Services","description":"","potentialAction":[{"@type":"SearchAction","target":{"@type":"EntryPoint","urlTemplate":"https:\/\/nge.vn\/?s={search_term_string}"},"query-input":{"@type":"PropertyValueSpecification","valueRequired":true,"valueName":"search_term_string"}}],"inLanguage":"en-US"}]}},"_links":{"self":[{"href":"https:\/\/nge.vn\/en\/wp-json\/wp\/v2\/product\/2374","targetHints":{"allow":["GET"]}}],"collection":[{"href":"https:\/\/nge.vn\/en\/wp-json\/wp\/v2\/product"}],"about":[{"href":"https:\/\/nge.vn\/en\/wp-json\/wp\/v2\/types\/product"}],"replies":[{"embeddable":true,"href":"https:\/\/nge.vn\/en\/wp-json\/wp\/v2\/comments?post=2374"}],"wp:featuredmedia":[{"embeddable":true,"href":"https:\/\/nge.vn\/en\/wp-json\/wp\/v2\/media\/2365"}],"wp:attachment":[{"href":"https:\/\/nge.vn\/en\/wp-json\/wp\/v2\/media?parent=2374"}],"wp:term":[{"taxonomy":"product_brand","embeddable":true,"href":"https:\/\/nge.vn\/en\/wp-json\/wp\/v2\/product_brand?post=2374"},{"taxonomy":"product_cat","embeddable":true,"href":"https:\/\/nge.vn\/en\/wp-json\/wp\/v2\/product_cat?post=2374"},{"taxonomy":"product_tag","embeddable":true,"href":"https:\/\/nge.vn\/en\/wp-json\/wp\/v2\/product_tag?post=2374"}],"curies":[{"name":"wp","href":"https:\/\/api.w.org\/{rel}","templated":true}]}}