{"id":2341,"date":"2024-10-26T10:53:10","date_gmt":"2024-10-26T03:53:10","guid":{"rendered":"https:\/\/nge.123websitedev.com\/san-pham\/bigtreetech-ebb-36-42-can-bus-u2c-v2-1-de-ket-noi-thiet-bi-mo-rong-klipper-ho-tro-pt1000\/"},"modified":"2024-10-28T15:43:11","modified_gmt":"2024-10-28T08:43:11","slug":"bigtreetech-ebb-36-42-can-bus-u2c-v2-1-de-ket-noi-thiet-bi-mo-rong-klipper-ho-tro-pt1000","status":"publish","type":"product","link":"https:\/\/nge.vn\/en\/product\/bigtreetech-ebb-36-42-can-bus-u2c-v2-1-de-ket-noi-thiet-bi-mo-rong-klipper-ho-tro-pt1000\/","title":{"rendered":"BIGTREETECH EBB 36\/42 Can Bus U2C V2.1 For Connecting Klipper Extender Support PT1000"},"content":{"rendered":"<p>BIGTREETECH EBB 36\/42 Can Bus U2C V2.1 For Connecting Klipper Extender Support PT1000<br \/>\n**EBB 36\/42 Can Bus<br \/>\n+BIGTREETECH EBB36 ho\u1eb7c EBB42 CAN l\u00e0 bo m\u1ea1ch chuy\u1ec3n \u0111\u1ed5i v\u00f2i phun \u0111\u01b0\u1ee3c thi\u1ebft k\u1ebf \u0111\u1eb7c bi\u1ec7t cho m\u00e1y \u0111\u00f9n \u0111\u1ed9ng c\u01a1 b\u01b0\u1edbc 36 ho\u1eb7c 42, \u0111\u01b0\u1ee3c ra m\u1eaft b\u1edfi nh\u00f3m in 3D C\u00f4ng ty TNHH C\u00f4ng ngh\u1ec7 Big Tree Th\u00e2m Quy\u1ebfn. N\u00f3 c\u00f3 th\u1ec3 giao ti\u1ebfp qua USB ho\u1eb7c CAN, \u0111i\u1ec1u n\u00e0y s\u1ebd \u0111\u01a1n gi\u1ea3n h\u00f3a r\u1ea5t nhi\u1ec1u c\u00e1c h\u1ec7 th\u1ed1ng d\u00e2y \u0111i\u1ec7n<\/p>\n<p>_\u0110\u1eb7c \u0111i\u1ec3m:<br \/>\n+V\u1edbi n\u00fat BOOT v\u00e0 RESET d\u00e0nh ri\u00eang, ng\u01b0\u1eddi d\u00f9ng c\u00f3 th\u1ec3 c\u1eadp nh\u1eadt firmware qua ch\u1ebf \u0111\u1ed9 DFU b\u1eb1ng USB<br \/>\n+M\u1ea1ch b\u1ea3o v\u1ec7 \u0111\u01b0\u1ee3c b\u1ed5 sung tr\u00ean nhi\u1ec7t \u0111i\u1ec7n tr\u1edf gi\u00fap tr\u00e1nh ch\u00e1y chip \u0111i\u1ec1u khi\u1ec3n ch\u00ednh do d\u00f2ng \u0111i\u1ec7n r\u00f2 r\u1ec9 t\u1eeb thanh gia nhi\u1ec7t<br \/>\n+Ng\u01b0\u1eddi d\u00f9ng c\u00f3 th\u1ec3 ch\u1ecdn c\u00e1c gi\u00e1 tr\u1ecb \u0111i\u1ec7n tr\u1edf k\u00e9o l\u00ean c\u1ee7a nhi\u1ec7t \u0111i\u1ec7n tr\u1edf th\u00f4ng qua d\u00e2y nh\u1ea3y \u0111\u1ec3 h\u1ed7 tr\u1ee3 PT1000 (\u0111i\u1ec7n tr\u1edf k\u00e9o l\u00ean 2,2K), thu\u1eadn ti\u1ec7n cho vi\u1ec7c DIY<br \/>\n+K\u1ebft n\u1ed1i USB b\u1eb1ng jumper nh\u1ea3y \u0111\u1ec3 b\u1eadt ngu\u1ed3n, c\u00e1ch ly hi\u1ec7u qu\u1ea3 b\u1ea3ng \u0111i\u1ec1u khi\u1ec3n ch\u00ednh DC-DC v\u1edbi USB 5V<br \/>\n+Giao di\u1ec7n I2C d\u00e0nh ri\u00eang cho ph\u00e9p ph\u00e1t hi\u1ec7n d\u00e2y t\u00f3c b\u1ecb \u0111\u1ee9t v\u00e0 b\u1ecb t\u1eafc, \u0111\u1ed3ng th\u1eddi h\u1ed7 tr\u1ee3 c\u00e1c ch\u1ee9c n\u0103ng DIY kh\u00e1c<br \/>\n+\u0110\u00e3 th\u00eam \u0111i\u1ed1t ch\u1ed1ng flyback tr\u00ean thanh s\u01b0\u1edfi v\u00e0 c\u1ed5ng c\u1ee7a qu\u1ea1t b\u1ea3o v\u1ec7 hi\u1ec7u qu\u1ea3 \u1ed1ng MOS kh\u1ecfi b\u1ecb ch\u00e1y do \u0111i\u1ec7n \u00e1p ng\u01b0\u1ee3c<br \/>\n+B\u1ea3o v\u1ec7 ch\u1ed1ng k\u1ebft n\u1ed1i ng\u01b0\u1ee3c tr\u00ean giao di\u1ec7n ngu\u1ed3n gi\u00fap ng\u01b0\u1eddi d\u00f9ng kh\u00f4ng b\u1ecb ch\u00e1y bo m\u1ea1ch ch\u1ee7 khi k\u1ebft n\u1ed1i nh\u1ea7m \u0111\u01b0\u1eddng d\u00e2y ngu\u1ed3n ng\u01b0\u1ee3c trong qu\u00e1 tr\u00ecnh DIY<br \/>\n+Onboard MAX31865 h\u1ed7 tr\u1ee3 l\u1ef1a ch\u1ecdn 2 d\u00e2y ho\u1eb7c 4 d\u00e2y c\u1ee7a PT100\/PT1000<br \/>\n+H\u1ed7 tr\u1ee3 giao ti\u1ebfp qua CAN ho\u1eb7c USB. \u0110i\u1ec7n tr\u1edf \u0111\u1ea7u cu\u1ed1i 120R c\u1ee7a CAN c\u00f3 th\u1ec3 \u0111\u01b0\u1ee3c ch\u1ecdn th\u00f4ng qua n\u1eafp nh\u1ea3y v\u00e0 n\u00f3 d\u1ef1 tr\u1eef c\u00e1c giao di\u1ec7n m\u1edf r\u1ed9ng CAN<br \/>\n+\u0110\u01b0\u1ee3c trang b\u1ecb chip b\u1ea3o v\u1ec7 ESD tr\u00ean c\u1ed5ng USB gi\u00fap b\u1ea3ng \u0111i\u1ec1u khi\u1ec3n ch\u00ednh kh\u00f4ng b\u1ecb h\u1ecfng do t\u0129nh \u0111i\u1ec7n c\u1ee7a c\u1ed5ng USB<br \/>\n+B\u1ea3ng chuy\u1ec3n \u0111\u1ed5i \u0111\u01b0\u1ee3c trang b\u1ecb c\u00e1c thi\u1ebft b\u1ecb \u0111\u1ea7u cu\u1ed1i, s\u1eady c\u00e1i, \u0111inh t\u00e1n v\u00e0 \u1ed1c v\u00edt hai chi\u1ec1u, c\u1ea7n thi\u1ebft cho vi\u1ec7c DIY, \u0111\u00e1p \u1ee9ng r\u1ea5t nhi\u1ec1u nhu c\u1ea7u DIY c\u1ee7a kh\u00e1ch h\u00e0ng<br \/>\n**U2C v2.1<br \/>\n+BIGTREETECH U2C l\u00e0 m\u00f4-\u0111un bus USB sang CAN, c\u00f3 th\u1ec3 chuy\u1ec3n \u0111\u1ed5i c\u1ed5ng USB c\u1ee7a Raspberry Pi sang bus CAN v\u00e0 k\u1ebft n\u1ed1i bo m\u1ea1ch ch\u1ee7 in 3D, BTT EBB36\/42 CAN v\u00e0 c\u00e1c s\u1ea3n ph\u1ea9m kh\u00e1c th\u00f4ng qua CAN bus. C\u00f3 nhi\u1ec1u d\u1ea1ng giao di\u1ec7n CAN kh\u00e1c nhau tr\u00ean bo m\u1ea1ch, r\u1ea5t h\u1eefu \u00edch \u0111\u1ec3 k\u1ebft n\u1ed1i v\u1edbi c\u00e1c thi\u1ebft b\u1ecb kh\u00e1c nhau<\/p>\n<p>+CAN bus c\u00f3 nhi\u1ec1u \u01b0u \u0111i\u1ec3m trong l\u0129nh v\u1ef1c \u0111i\u1ec1u khi\u1ec3n c\u00f4ng nghi\u1ec7p n\u00ean c\u00f4ng ty ch\u00fang t\u00f4i \u0111\u00e3 cho ra m\u1eaft m\u00f4-\u0111un USB to CAN n\u00e0y. Bus CAN c\u00f3 kho\u1ea3ng c\u00e1ch truy\u1ec1n d\u00e0i v\u00e0 c\u00f3 th\u1ec3 g\u1eafn m\u1ed9t s\u1ed1 l\u01b0\u1ee3ng l\u1edbn n\u00fat tr\u00ean \u0111\u00f3. V\u00ec v\u1eady, bo m\u1ea1ch ch\u1ee7, EBB v\u00e0 c\u00e1c bo m\u1ea1ch m\u1edf r\u1ed9ng kh\u00e1c c\u00f3 th\u1ec3 \u0111\u01b0\u1ee3c g\u1eafn tr\u00ean c\u00f9ng m\u1ed9t bus CAN c\u00f9ng m\u1ed9t l\u00fac<\/p>\n<p>_\u0110\u1eb7c \u0111i\u1ec3m:<br \/>\n+H\u1ed7 tr\u1ee3 k\u1ebft n\u1ed1i CAN bus, truy\u1ec1n d\u1eef li\u1ec7u d\u00e0i, kh\u1ea3 n\u0103ng ch\u1ed1ng nhi\u1ec5u m\u1ea1nh m\u1ebd, hi\u1ec7u su\u1ea5t th\u1eddi gian th\u1ef1c m\u1ea1nh m\u1ebd v\u00e0 \u0111\u1ed9 tin c\u1eady cao<br \/>\n+B\u1ec1 m\u1eb7t c\u1ee7a PCB \u00e1p d\u1ee5ng quy tr\u00ecnh ENIG<br \/>\n+C\u1ed5ng TYPE-C \u0111\u01b0\u1ee3c trang b\u1ecb b\u1ea3o v\u1ec7 ESD \u0111\u1ec3 ng\u0103n t\u0129nh \u0111i\u1ec7n l\u00e0m h\u1ecfng ph\u1ea7n c\u1ee9ng<br \/>\n+H\u1ed7 tr\u1ee3 c\u1eadp nh\u1eadt ch\u01b0\u01a1ng tr\u00ecnh c\u01a1 s\u1edf cho bo m\u1ea1ch ch\u1ee7 th\u00f4ng qua SWD ho\u1eb7c DFU ph\u1ea7n c\u1ee9ng<br \/>\n+Nhi\u1ec1u h\u01a1n tr\u00ean giao di\u1ec7n CAN<\/p>\n<p>**To receive a better price, please contact the shop directly.<br \/>\n0913.939.775 contact A.Quan (for English)<br \/>\n094.144.0951 contact A.Quynh<br \/>\n**Selling price does not include VAT (+10% if VAT invoice is issued)<\/p>\n<p>***T\u1ea5t c\u1ea3 s\u1ea3n ph\u1ea9m linh ph\u1ee5 ki\u1ec7n kh\u00f4ng b\u1ea3o h\u00e0nh (c\u00e1c b\u1ea1n c\u00f3 th\u1ec3 li\u00ean h\u1ec7 h\u00e3ng)<\/p>","protected":false},"excerpt":{"rendered":"<p>BIGTREETECH EBB 36\/42 Can Bus U2C V2.1 For Connecting Klipper Extender Support PT1000<\/p>","protected":false},"featured_media":2332,"comment_status":"open","ping_status":"closed","template":"","meta":{"inline_featured_image":false},"product_brand":[],"product_cat":[40,58],"product_tag":[],"class_list":{"0":"post-2341","1":"product","2":"type-product","3":"status-publish","4":"has-post-thumbnail","6":"product_cat-linh-kien-va-phu-kien","7":"product_cat-phu-kien-may-in-3d-bigtreetech","9":"first","10":"instock","11":"taxable","12":"shipping-taxable","13":"purchasable","14":"product-type-variable"},"yoast_head":"<!-- This site is optimized with the Yoast SEO Premium plugin v22.8 (Yoast SEO v26.9) - https:\/\/yoast.com\/product\/yoast-seo-premium-wordpress\/ -->\n<title>BIGTREETECH EBB 36\/42 Can Bus U2C V2.1 \u0110\u1ec3 K\u1ebft N\u1ed1i Thi\u1ebft B\u1ecb M\u1edf R\u1ed9ng Klipper H\u1ed7 Tr\u1ee3 PT1000 - NGE 3D Printers Services<\/title>\n<meta name=\"robots\" content=\"index, follow, max-snippet:-1, max-image-preview:large, max-video-preview:-1\" \/>\n<link rel=\"canonical\" href=\"https:\/\/nge.vn\/en\/product\/bigtreetech-ebb-36-42-can-bus-u2c-v2-1-de-ket-noi-thiet-bi-mo-rong-klipper-ho-tro-pt1000\/\" \/>\n<meta property=\"og:locale\" content=\"en_US\" \/>\n<meta property=\"og:type\" content=\"article\" \/>\n<meta property=\"og:title\" content=\"BIGTREETECH EBB 36\/42 Can Bus U2C V2.1 \u0110\u1ec3 K\u1ebft N\u1ed1i Thi\u1ebft B\u1ecb M\u1edf R\u1ed9ng Klipper H\u1ed7 Tr\u1ee3 PT1000\" \/>\n<meta property=\"og:description\" content=\"BIGTREETECH EBB 36\/42 Can Bus U2C V2.1 \u0110\u1ec3 K\u1ebft N\u1ed1i Thi\u1ebft B\u1ecb M\u1edf R\u1ed9ng Klipper H\u1ed7 Tr\u1ee3 PT1000\" \/>\n<meta property=\"og:url\" content=\"https:\/\/nge.vn\/en\/product\/bigtreetech-ebb-36-42-can-bus-u2c-v2-1-de-ket-noi-thiet-bi-mo-rong-klipper-ho-tro-pt1000\/\" \/>\n<meta property=\"og:site_name\" content=\"NGE 3D Printers Services\" \/>\n<meta property=\"article:modified_time\" content=\"2024-10-28T08:43:11+00:00\" \/>\n<meta property=\"og:image\" content=\"https:\/\/nge.vn\/wp-content\/uploads\/2024\/10\/images-upload-woo2F4f8c64a47830c460b9955ac5ce611b5b.jpg\" \/>\n\t<meta property=\"og:image:width\" content=\"919\" \/>\n\t<meta property=\"og:image:height\" content=\"919\" \/>\n\t<meta property=\"og:image:type\" content=\"image\/jpeg\" \/>\n<meta name=\"twitter:card\" content=\"summary_large_image\" \/>\n<meta name=\"twitter:label1\" content=\"Est. reading time\" \/>\n\t<meta name=\"twitter:data1\" content=\"5 minutes\" \/>\n<script type=\"application\/ld+json\" class=\"yoast-schema-graph\">{\"@context\":\"https:\/\/schema.org\",\"@graph\":[{\"@type\":\"WebPage\",\"@id\":\"https:\/\/nge.vn\/san-pham\/bigtreetech-ebb-36-42-can-bus-u2c-v2-1-de-ket-noi-thiet-bi-mo-rong-klipper-ho-tro-pt1000\/\",\"url\":\"https:\/\/nge.vn\/san-pham\/bigtreetech-ebb-36-42-can-bus-u2c-v2-1-de-ket-noi-thiet-bi-mo-rong-klipper-ho-tro-pt1000\/\",\"name\":\"BIGTREETECH EBB 36\/42 Can Bus U2C V2.1 \u0110\u1ec3 K\u1ebft N\u1ed1i Thi\u1ebft B\u1ecb M\u1edf R\u1ed9ng Klipper H\u1ed7 Tr\u1ee3 PT1000 - NGE 3D Printers Services\",\"isPartOf\":{\"@id\":\"https:\/\/nge.vn\/#website\"},\"primaryImageOfPage\":{\"@id\":\"https:\/\/nge.vn\/san-pham\/bigtreetech-ebb-36-42-can-bus-u2c-v2-1-de-ket-noi-thiet-bi-mo-rong-klipper-ho-tro-pt1000\/#primaryimage\"},\"image\":{\"@id\":\"https:\/\/nge.vn\/san-pham\/bigtreetech-ebb-36-42-can-bus-u2c-v2-1-de-ket-noi-thiet-bi-mo-rong-klipper-ho-tro-pt1000\/#primaryimage\"},\"thumbnailUrl\":\"https:\/\/nge.vn\/wp-content\/uploads\/2024\/10\/images-upload-woo2F4f8c64a47830c460b9955ac5ce611b5b.jpg\",\"datePublished\":\"2024-10-26T03:53:10+00:00\",\"dateModified\":\"2024-10-28T08:43:11+00:00\",\"breadcrumb\":{\"@id\":\"https:\/\/nge.vn\/san-pham\/bigtreetech-ebb-36-42-can-bus-u2c-v2-1-de-ket-noi-thiet-bi-mo-rong-klipper-ho-tro-pt1000\/#breadcrumb\"},\"inLanguage\":\"en-US\",\"potentialAction\":[{\"@type\":\"ReadAction\",\"target\":[\"https:\/\/nge.vn\/san-pham\/bigtreetech-ebb-36-42-can-bus-u2c-v2-1-de-ket-noi-thiet-bi-mo-rong-klipper-ho-tro-pt1000\/\"]}]},{\"@type\":\"ImageObject\",\"inLanguage\":\"en-US\",\"@id\":\"https:\/\/nge.vn\/san-pham\/bigtreetech-ebb-36-42-can-bus-u2c-v2-1-de-ket-noi-thiet-bi-mo-rong-klipper-ho-tro-pt1000\/#primaryimage\",\"url\":\"https:\/\/nge.vn\/wp-content\/uploads\/2024\/10\/images-upload-woo2F4f8c64a47830c460b9955ac5ce611b5b.jpg\",\"contentUrl\":\"https:\/\/nge.vn\/wp-content\/uploads\/2024\/10\/images-upload-woo2F4f8c64a47830c460b9955ac5ce611b5b.jpg\",\"width\":919,\"height\":919},{\"@type\":\"BreadcrumbList\",\"@id\":\"https:\/\/nge.vn\/san-pham\/bigtreetech-ebb-36-42-can-bus-u2c-v2-1-de-ket-noi-thiet-bi-mo-rong-klipper-ho-tro-pt1000\/#breadcrumb\",\"itemListElement\":[{\"@type\":\"ListItem\",\"position\":1,\"name\":\"Trang ch\u1ee7\",\"item\":\"https:\/\/nge.vn\/\"},{\"@type\":\"ListItem\",\"position\":2,\"name\":\"S\u1ea3n ph\u1ea9m\",\"item\":\"https:\/\/nge.vn\/san-pham\/\"},{\"@type\":\"ListItem\",\"position\":3,\"name\":\"BIGTREETECH EBB 36\/42 Can Bus U2C V2.1 \u0110\u1ec3 K\u1ebft N\u1ed1i Thi\u1ebft B\u1ecb M\u1edf R\u1ed9ng Klipper H\u1ed7 Tr\u1ee3 PT1000\"}]},{\"@type\":\"WebSite\",\"@id\":\"https:\/\/nge.vn\/#website\",\"url\":\"https:\/\/nge.vn\/\",\"name\":\"NGE 3D Printers Services\",\"description\":\"\",\"potentialAction\":[{\"@type\":\"SearchAction\",\"target\":{\"@type\":\"EntryPoint\",\"urlTemplate\":\"https:\/\/nge.vn\/?s={search_term_string}\"},\"query-input\":{\"@type\":\"PropertyValueSpecification\",\"valueRequired\":true,\"valueName\":\"search_term_string\"}}],\"inLanguage\":\"en-US\"}]}<\/script>\n<!-- \/ Yoast SEO Premium plugin. -->","yoast_head_json":{"title":"BIGTREETECH EBB 36\/42 Can Bus U2C V2.1 \u0110\u1ec3 K\u1ebft N\u1ed1i Thi\u1ebft B\u1ecb M\u1edf R\u1ed9ng Klipper H\u1ed7 Tr\u1ee3 PT1000 - NGE 3D Printers Services","robots":{"index":"index","follow":"follow","max-snippet":"max-snippet:-1","max-image-preview":"max-image-preview:large","max-video-preview":"max-video-preview:-1"},"canonical":"https:\/\/nge.vn\/en\/product\/bigtreetech-ebb-36-42-can-bus-u2c-v2-1-de-ket-noi-thiet-bi-mo-rong-klipper-ho-tro-pt1000\/","og_locale":"en_US","og_type":"article","og_title":"BIGTREETECH EBB 36\/42 Can Bus U2C V2.1 \u0110\u1ec3 K\u1ebft N\u1ed1i Thi\u1ebft B\u1ecb M\u1edf R\u1ed9ng Klipper H\u1ed7 Tr\u1ee3 PT1000","og_description":"BIGTREETECH EBB 36\/42 Can Bus U2C V2.1 \u0110\u1ec3 K\u1ebft N\u1ed1i Thi\u1ebft B\u1ecb M\u1edf R\u1ed9ng Klipper H\u1ed7 Tr\u1ee3 PT1000","og_url":"https:\/\/nge.vn\/en\/product\/bigtreetech-ebb-36-42-can-bus-u2c-v2-1-de-ket-noi-thiet-bi-mo-rong-klipper-ho-tro-pt1000\/","og_site_name":"NGE 3D Printers Services","article_modified_time":"2024-10-28T08:43:11+00:00","og_image":[{"width":919,"height":919,"url":"https:\/\/nge.vn\/wp-content\/uploads\/2024\/10\/images-upload-woo2F4f8c64a47830c460b9955ac5ce611b5b.jpg","type":"image\/jpeg"}],"twitter_card":"summary_large_image","twitter_misc":{"Est. reading time":"5 minutes"},"schema":{"@context":"https:\/\/schema.org","@graph":[{"@type":"WebPage","@id":"https:\/\/nge.vn\/san-pham\/bigtreetech-ebb-36-42-can-bus-u2c-v2-1-de-ket-noi-thiet-bi-mo-rong-klipper-ho-tro-pt1000\/","url":"https:\/\/nge.vn\/san-pham\/bigtreetech-ebb-36-42-can-bus-u2c-v2-1-de-ket-noi-thiet-bi-mo-rong-klipper-ho-tro-pt1000\/","name":"BIGTREETECH EBB 36\/42 Can Bus U2C V2.1 \u0110\u1ec3 K\u1ebft N\u1ed1i Thi\u1ebft B\u1ecb M\u1edf R\u1ed9ng Klipper H\u1ed7 Tr\u1ee3 PT1000 - NGE 3D Printers Services","isPartOf":{"@id":"https:\/\/nge.vn\/#website"},"primaryImageOfPage":{"@id":"https:\/\/nge.vn\/san-pham\/bigtreetech-ebb-36-42-can-bus-u2c-v2-1-de-ket-noi-thiet-bi-mo-rong-klipper-ho-tro-pt1000\/#primaryimage"},"image":{"@id":"https:\/\/nge.vn\/san-pham\/bigtreetech-ebb-36-42-can-bus-u2c-v2-1-de-ket-noi-thiet-bi-mo-rong-klipper-ho-tro-pt1000\/#primaryimage"},"thumbnailUrl":"https:\/\/nge.vn\/wp-content\/uploads\/2024\/10\/images-upload-woo2F4f8c64a47830c460b9955ac5ce611b5b.jpg","datePublished":"2024-10-26T03:53:10+00:00","dateModified":"2024-10-28T08:43:11+00:00","breadcrumb":{"@id":"https:\/\/nge.vn\/san-pham\/bigtreetech-ebb-36-42-can-bus-u2c-v2-1-de-ket-noi-thiet-bi-mo-rong-klipper-ho-tro-pt1000\/#breadcrumb"},"inLanguage":"en-US","potentialAction":[{"@type":"ReadAction","target":["https:\/\/nge.vn\/san-pham\/bigtreetech-ebb-36-42-can-bus-u2c-v2-1-de-ket-noi-thiet-bi-mo-rong-klipper-ho-tro-pt1000\/"]}]},{"@type":"ImageObject","inLanguage":"en-US","@id":"https:\/\/nge.vn\/san-pham\/bigtreetech-ebb-36-42-can-bus-u2c-v2-1-de-ket-noi-thiet-bi-mo-rong-klipper-ho-tro-pt1000\/#primaryimage","url":"https:\/\/nge.vn\/wp-content\/uploads\/2024\/10\/images-upload-woo2F4f8c64a47830c460b9955ac5ce611b5b.jpg","contentUrl":"https:\/\/nge.vn\/wp-content\/uploads\/2024\/10\/images-upload-woo2F4f8c64a47830c460b9955ac5ce611b5b.jpg","width":919,"height":919},{"@type":"BreadcrumbList","@id":"https:\/\/nge.vn\/san-pham\/bigtreetech-ebb-36-42-can-bus-u2c-v2-1-de-ket-noi-thiet-bi-mo-rong-klipper-ho-tro-pt1000\/#breadcrumb","itemListElement":[{"@type":"ListItem","position":1,"name":"Trang ch\u1ee7","item":"https:\/\/nge.vn\/"},{"@type":"ListItem","position":2,"name":"S\u1ea3n ph\u1ea9m","item":"https:\/\/nge.vn\/san-pham\/"},{"@type":"ListItem","position":3,"name":"BIGTREETECH EBB 36\/42 Can Bus U2C V2.1 \u0110\u1ec3 K\u1ebft N\u1ed1i Thi\u1ebft B\u1ecb M\u1edf R\u1ed9ng Klipper H\u1ed7 Tr\u1ee3 PT1000"}]},{"@type":"WebSite","@id":"https:\/\/nge.vn\/#website","url":"https:\/\/nge.vn\/","name":"NGE 3D Printers Services","description":"","potentialAction":[{"@type":"SearchAction","target":{"@type":"EntryPoint","urlTemplate":"https:\/\/nge.vn\/?s={search_term_string}"},"query-input":{"@type":"PropertyValueSpecification","valueRequired":true,"valueName":"search_term_string"}}],"inLanguage":"en-US"}]}},"_links":{"self":[{"href":"https:\/\/nge.vn\/en\/wp-json\/wp\/v2\/product\/2341","targetHints":{"allow":["GET"]}}],"collection":[{"href":"https:\/\/nge.vn\/en\/wp-json\/wp\/v2\/product"}],"about":[{"href":"https:\/\/nge.vn\/en\/wp-json\/wp\/v2\/types\/product"}],"replies":[{"embeddable":true,"href":"https:\/\/nge.vn\/en\/wp-json\/wp\/v2\/comments?post=2341"}],"wp:featuredmedia":[{"embeddable":true,"href":"https:\/\/nge.vn\/en\/wp-json\/wp\/v2\/media\/2332"}],"wp:attachment":[{"href":"https:\/\/nge.vn\/en\/wp-json\/wp\/v2\/media?parent=2341"}],"wp:term":[{"taxonomy":"product_brand","embeddable":true,"href":"https:\/\/nge.vn\/en\/wp-json\/wp\/v2\/product_brand?post=2341"},{"taxonomy":"product_cat","embeddable":true,"href":"https:\/\/nge.vn\/en\/wp-json\/wp\/v2\/product_cat?post=2341"},{"taxonomy":"product_tag","embeddable":true,"href":"https:\/\/nge.vn\/en\/wp-json\/wp\/v2\/product_tag?post=2341"}],"curies":[{"name":"wp","href":"https:\/\/api.w.org\/{rel}","templated":true}]}}