{"id":2299,"date":"2025-08-25T10:45:50","date_gmt":"2025-08-25T03:45:50","guid":{"rendered":"https:\/\/nge.123websitedev.com\/san-pham\/nhua-in-3d-esun-epla-silk-metal-cao-cap-khong-tap-chat-1kg-cuon\/"},"modified":"2025-08-25T14:36:37","modified_gmt":"2025-08-25T07:36:37","slug":"nhua-in-3d-esun-epla-silk-metal-cao-cap-khong-tap-chat-1kg-cuon","status":"publish","type":"product","link":"https:\/\/nge.vn\/en\/product\/nhua-in-3d-esun-epla-silk-metal-cao-cap-khong-tap-chat-1kg-cuon\/","title":{"rendered":"Nh\u1ef1a in 3d ESUN ePLA-Silk Metal Cao C\u1ea5p kh\u00f4ng t\u1ea1p ch\u1ea5t"},"content":{"rendered":"<h3 data-start=\"862\" data-end=\"955\">\u2728 <strong data-start=\"868\" data-end=\"953\">Nh\u1ef1a in 3D eSun ePLA-Silk Metal \u2013 L\u1ef1a ch\u1ecdn cao c\u1ea5p cho m\u00f4 h\u00ecnh \u00e1nh kim sang tr\u1ecdng<\/strong><\/h3>\n<p data-start=\"956\" data-end=\"1175\">ePLA-Silk Metal l\u00e0 d\u00f2ng nh\u1ef1a PLA \u0111\u01b0\u1ee3c <strong data-start=\"994\" data-end=\"1048\">n\u00e2ng c\u1ea5p v\u1edbi ph\u1ee5 gia t\u1ea1o hi\u1ec7u \u1ee9ng \u00e1nh kim l\u1ea5p l\u00e1nh<\/strong>. V\u1edbi \u0111\u1ed9 b\u00f3ng m\u01b0\u1ee3t v\u01b0\u1ee3t tr\u1ed9i, b\u1ec1 m\u1eb7t in \u0111\u1ea1t th\u1ea9m m\u1ef9 cao, th\u00edch h\u1ee3p cho c\u00e1c s\u1ea3n ph\u1ea9m tr\u01b0ng b\u00e0y, trang tr\u00ed v\u00e0 \u1ee9ng d\u1ee5ng th\u1ef1c t\u1ebf.<\/p>\n<hr data-start=\"1177\" data-end=\"1180\" \/>\n<h3 data-start=\"1182\" data-end=\"1210\">\u26a1 <strong data-start=\"1188\" data-end=\"1208\">\u0110\u1eb7c \u0111i\u1ec3m n\u1ed5i b\u1eadt<\/strong><\/h3>\n<ul data-start=\"1211\" data-end=\"1591\">\n<li data-start=\"1211\" data-end=\"1293\">\n<p data-start=\"1213\" data-end=\"1293\">\ud83c\udf1f <strong data-start=\"1216\" data-end=\"1247\">Hi\u1ec7u \u1ee9ng \u00e1nh kim sang tr\u1ecdng<\/strong>, b\u1ec1 m\u1eb7t b\u00f3ng m\u01b0\u1ee3t v\u00e0 r\u1ef1c r\u1ee1 h\u01a1n PLA th\u01b0\u1eddng.<\/p>\n<\/li>\n<li data-start=\"1294\" data-end=\"1368\">\n<p data-start=\"1296\" data-end=\"1368\">\ud83d\udcaa <strong data-start=\"1299\" data-end=\"1334\">\u0110\u1ed9 b\u1ec1n c\u01a1 h\u1ecdc cao g\u1ea5p nhi\u1ec1u l\u1ea7n<\/strong> PLA truy\u1ec1n th\u1ed1ng, kh\u00f4ng d\u1ec5 g\u00e3y.<\/p>\n<\/li>\n<li data-start=\"1369\" data-end=\"1438\">\n<p data-start=\"1371\" data-end=\"1438\">\u2705 <strong data-start=\"1373\" data-end=\"1423\">Kh\u00f4ng cong v\u00eanh, kh\u00f4ng t\u1ea1p ch\u1ea5t, kh\u00f4ng b\u1ecdt kh\u00ed<\/strong>, in \u1ed5n \u0111\u1ecbnh.<\/p>\n<\/li>\n<li data-start=\"1439\" data-end=\"1510\">\n<p data-start=\"1441\" data-end=\"1510\">\ud83c\udf31 <strong data-start=\"1444\" data-end=\"1469\">Th\u00e2n thi\u1ec7n m\u00f4i tr\u01b0\u1eddng<\/strong>, l\u00e0m t\u1eeb h\u1ea1t b\u1eafp, d\u1ec5 ph\u00e2n h\u1ee7y sinh h\u1ecdc.<\/p>\n<\/li>\n<li data-start=\"1511\" data-end=\"1591\">\n<p data-start=\"1513\" data-end=\"1591\">\ud83d\udd04 <strong data-start=\"1516\" data-end=\"1533\">D\u1ec5 in nh\u01b0 PLA<\/strong>, t\u01b0\u01a1ng th\u00edch v\u1edbi h\u1ea7u h\u1ebft m\u00e1y in FDM 3D tr\u00ean th\u1ecb tr\u01b0\u1eddng.<\/p>\n<\/li>\n<\/ul>\n<hr data-start=\"1593\" data-end=\"1596\" \/>\n<h3 data-start=\"1598\" data-end=\"1628\">\ud83d\udd27 <strong data-start=\"1605\" data-end=\"1626\">Th\u00f4ng s\u1ed1 k\u1ef9 thu\u1eadt<\/strong><\/h3>\n<ul data-start=\"1629\" data-end=\"1771\">\n<li data-start=\"1629\" data-end=\"1658\">\n<p data-start=\"1631\" data-end=\"1658\">Tr\u1ecdng l\u01b0\u1ee3ng: <strong data-start=\"1644\" data-end=\"1656\">1kg\/cu\u1ed9n<\/strong><\/p>\n<\/li>\n<li data-start=\"1659\" data-end=\"1699\">\n<p data-start=\"1661\" data-end=\"1699\">\u0110\u01b0\u1eddng k\u00ednh s\u1ee3i: <strong data-start=\"1677\" data-end=\"1697\">1.75mm (\u00b10.02mm)<\/strong><\/p>\n<\/li>\n<li data-start=\"1700\" data-end=\"1731\">\n<p data-start=\"1702\" data-end=\"1731\">Nhi\u1ec7t \u0111\u1ed9 in: <strong data-start=\"1715\" data-end=\"1729\">190 \u2013 220\u2103<\/strong><\/p>\n<\/li>\n<li data-start=\"1732\" data-end=\"1771\">\n<p data-start=\"1734\" data-end=\"1771\">B\u00e0n nhi\u1ec7t: <strong data-start=\"1745\" data-end=\"1769\">Kh\u00f4ng c\u1ea7n \/ 60 \u2013 80\u2103<\/strong><\/p>\n<\/li>\n<\/ul>\n<hr data-start=\"1773\" data-end=\"1776\" \/>\n<h3 data-start=\"1778\" data-end=\"1799\">\ud83c\udfa8 <strong data-start=\"1785\" data-end=\"1797\">\u1ee8ng d\u1ee5ng<\/strong><\/h3>\n<p data-start=\"1800\" data-end=\"1884\">Nh\u1edd hi\u1ec7u \u1ee9ng \u00e1nh kim sang tr\u1ecdng v\u00e0 \u0111\u1ed9 b\u1ec1n cao, ePLA-Silk Metal \u0111\u01b0\u1ee3c s\u1eed d\u1ee5ng trong:<\/p>\n<ul data-start=\"1885\" data-end=\"2089\">\n<li data-start=\"1885\" data-end=\"1933\">\n<p data-start=\"1887\" data-end=\"1933\">M\u00f4 h\u00ecnh b\u1ec1 m\u1eb7t cong l\u1edbn, s\u1ea3n ph\u1ea9m tr\u01b0ng b\u00e0y.<\/p>\n<\/li>\n<li data-start=\"1934\" data-end=\"1986\">\n<p data-start=\"1936\" data-end=\"1986\">Ph\u1ee5 ki\u1ec7n \u0111\u1ed3 n\u1ed9i th\u1ea5t &amp; trang tr\u00ed n\u1ed9i\/ngo\u1ea1i th\u1ea5t.<\/p>\n<\/li>\n<li data-start=\"1987\" data-end=\"2038\">\n<p data-start=\"1989\" data-end=\"2038\">\u0110\u1ed3 th\u1ee7 c\u00f4ng m\u1ef9 ngh\u1ec7, cosplay, t\u01b0\u1ee3ng ngh\u1ec7 thu\u1eadt.<\/p>\n<\/li>\n<li data-start=\"2039\" data-end=\"2089\">\n<p data-start=\"2041\" data-end=\"2089\">C\u00e1c s\u1ea3n ph\u1ea9m c\u1ea7n <strong data-start=\"2058\" data-end=\"2086\">th\u1ea9m m\u1ef9 cao + \u0111\u1ed9 b\u1ec1n t\u1ed1t<\/strong>.<\/p>\n<\/li>\n<\/ul>\n<hr data-start=\"2091\" data-end=\"2094\" \/>\n<p data-start=\"2096\" data-end=\"2130\">\ud83d\udcde <strong data-start=\"2099\" data-end=\"2128\">Li\u00ean h\u1ec7 t\u01b0 v\u1ea5n &amp; b\u00e1o gi\u00e1:<\/strong><\/p>\n<ul data-start=\"2131\" data-end=\"2203\">\n<li data-start=\"2131\" data-end=\"2175\">\n<p data-start=\"2133\" data-end=\"2175\">0913.939.775 (A. Qu\u00e2n \u2013 English support)<\/p>\n<\/li>\n<li data-start=\"2176\" data-end=\"2203\">\n<p data-start=\"2178\" data-end=\"2203\">094.144.0951 (A. Qu\u1ef3nh)<\/p>\n<\/li>\n<\/ul>\n<p data-start=\"2205\" data-end=\"2267\">\ud83d\udcb0 <strong data-start=\"2208\" data-end=\"2265\">Gi\u00e1 b\u00e1n ch\u01b0a bao g\u1ed3m VAT (+10% n\u1ebfu xu\u1ea5t h\u00f3a \u0111\u01a1n GTGT)<\/strong><\/p>","protected":false},"excerpt":{"rendered":"<p data-start=\"332\" data-end=\"493\">Nh\u1ef1a in 3D eSun ePLA-Silk Metal (1kg\/cu\u1ed9n, \u00d81.75mm) \u2013 hi\u1ec7u \u1ee9ng \u00e1nh kim sang tr\u1ecdng, kh\u00f4ng cong v\u00eanh, b\u1ec1n g\u1ea5p nhi\u1ec1u l\u1ea7n PLA th\u01b0\u1eddng, th\u00e2n thi\u1ec7n m\u00f4i tr\u01b0\u1eddng, d\u1ec5 in.<\/p>","protected":false},"featured_media":2290,"comment_status":"open","ping_status":"closed","template":"","meta":{"inline_featured_image":false},"product_brand":[],"product_cat":[43],"product_tag":[],"class_list":{"0":"post-2299","1":"product","2":"type-product","3":"status-publish","4":"has-post-thumbnail","6":"product_cat-nhua-in-3d-resin","8":"first","9":"instock","10":"taxable","11":"shipping-taxable","12":"purchasable","13":"product-type-variable"},"yoast_head":"<!-- This site is optimized with the Yoast SEO Premium plugin v22.8 (Yoast SEO v26.9) - https:\/\/yoast.com\/product\/yoast-seo-premium-wordpress\/ -->\n<title>Nh\u1ef1a in 3d ESUN ePLA-Silk Metal Cao C\u1ea5p kh\u00f4ng t\u1ea1p ch\u1ea5t - NGE 3D Printers Services<\/title>\n<meta name=\"description\" content=\"Nh\u1ef1a in 3D eSun ePLA-Silk Metal (1kg\/cu\u1ed9n, \u00d81.75mm) \u2013 hi\u1ec7u \u1ee9ng \u00e1nh kim sang tr\u1ecdng, b\u1ec1n g\u1ea5p nhi\u1ec1u l\u1ea7n PLA th\u01b0\u1eddng, th\u00e2n thi\u1ec7n m\u00f4i tr\u01b0\u1eddng, d\u1ec5 in.\" \/>\n<meta name=\"robots\" content=\"index, follow, max-snippet:-1, max-image-preview:large, max-video-preview:-1\" \/>\n<link rel=\"canonical\" href=\"https:\/\/nge.vn\/en\/product\/nhua-in-3d-esun-epla-silk-metal-cao-cap-khong-tap-chat-1kg-cuon\/\" \/>\n<meta property=\"og:locale\" content=\"en_US\" \/>\n<meta property=\"og:type\" content=\"article\" \/>\n<meta property=\"og:title\" content=\"Nh\u1ef1a in 3d ESUN ePLA-Silk Metal Cao C\u1ea5p kh\u00f4ng t\u1ea1p ch\u1ea5t\" \/>\n<meta property=\"og:description\" content=\"Nh\u1ef1a in 3D eSun ePLA-Silk Metal (1kg\/cu\u1ed9n, \u00d81.75mm) \u2013 hi\u1ec7u \u1ee9ng \u00e1nh kim sang tr\u1ecdng, b\u1ec1n g\u1ea5p nhi\u1ec1u l\u1ea7n PLA th\u01b0\u1eddng, th\u00e2n thi\u1ec7n m\u00f4i tr\u01b0\u1eddng, d\u1ec5 in.\" \/>\n<meta property=\"og:url\" content=\"https:\/\/nge.vn\/en\/product\/nhua-in-3d-esun-epla-silk-metal-cao-cap-khong-tap-chat-1kg-cuon\/\" \/>\n<meta property=\"og:site_name\" content=\"NGE 3D Printers Services\" \/>\n<meta property=\"article:modified_time\" content=\"2025-08-25T07:36:37+00:00\" \/>\n<meta property=\"og:image\" content=\"https:\/\/nge.vn\/wp-content\/uploads\/2024\/10\/images-upload-woo2F8b97730e5945405c8f612ef5e10e3189.jpg\" \/>\n\t<meta property=\"og:image:width\" content=\"800\" \/>\n\t<meta property=\"og:image:height\" content=\"800\" \/>\n\t<meta property=\"og:image:type\" content=\"image\/jpeg\" \/>\n<meta name=\"twitter:card\" content=\"summary_large_image\" \/>\n<meta name=\"twitter:label1\" content=\"Est. reading time\" \/>\n\t<meta name=\"twitter:data1\" content=\"2 minutes\" \/>\n<script type=\"application\/ld+json\" class=\"yoast-schema-graph\">{\"@context\":\"https:\/\/schema.org\",\"@graph\":[{\"@type\":\"WebPage\",\"@id\":\"https:\/\/nge.vn\/san-pham\/nhua-in-3d-esun-epla-silk-metal-cao-cap-khong-tap-chat-1kg-cuon\/\",\"url\":\"https:\/\/nge.vn\/san-pham\/nhua-in-3d-esun-epla-silk-metal-cao-cap-khong-tap-chat-1kg-cuon\/\",\"name\":\"Nh\u1ef1a in 3d ESUN ePLA-Silk Metal Cao C\u1ea5p kh\u00f4ng t\u1ea1p ch\u1ea5t - NGE 3D Printers Services\",\"isPartOf\":{\"@id\":\"https:\/\/nge.vn\/#website\"},\"primaryImageOfPage\":{\"@id\":\"https:\/\/nge.vn\/san-pham\/nhua-in-3d-esun-epla-silk-metal-cao-cap-khong-tap-chat-1kg-cuon\/#primaryimage\"},\"image\":{\"@id\":\"https:\/\/nge.vn\/san-pham\/nhua-in-3d-esun-epla-silk-metal-cao-cap-khong-tap-chat-1kg-cuon\/#primaryimage\"},\"thumbnailUrl\":\"https:\/\/nge.vn\/wp-content\/uploads\/2024\/10\/images-upload-woo2F8b97730e5945405c8f612ef5e10e3189.jpg\",\"datePublished\":\"2025-08-25T03:45:50+00:00\",\"dateModified\":\"2025-08-25T07:36:37+00:00\",\"description\":\"Nh\u1ef1a in 3D eSun ePLA-Silk Metal (1kg\/cu\u1ed9n, \u00d81.75mm) \u2013 hi\u1ec7u \u1ee9ng \u00e1nh kim sang tr\u1ecdng, b\u1ec1n g\u1ea5p nhi\u1ec1u l\u1ea7n PLA th\u01b0\u1eddng, th\u00e2n thi\u1ec7n m\u00f4i tr\u01b0\u1eddng, d\u1ec5 in.\",\"breadcrumb\":{\"@id\":\"https:\/\/nge.vn\/san-pham\/nhua-in-3d-esun-epla-silk-metal-cao-cap-khong-tap-chat-1kg-cuon\/#breadcrumb\"},\"inLanguage\":\"en-US\",\"potentialAction\":[{\"@type\":\"ReadAction\",\"target\":[\"https:\/\/nge.vn\/san-pham\/nhua-in-3d-esun-epla-silk-metal-cao-cap-khong-tap-chat-1kg-cuon\/\"]}]},{\"@type\":\"ImageObject\",\"inLanguage\":\"en-US\",\"@id\":\"https:\/\/nge.vn\/san-pham\/nhua-in-3d-esun-epla-silk-metal-cao-cap-khong-tap-chat-1kg-cuon\/#primaryimage\",\"url\":\"https:\/\/nge.vn\/wp-content\/uploads\/2024\/10\/images-upload-woo2F8b97730e5945405c8f612ef5e10e3189.jpg\",\"contentUrl\":\"https:\/\/nge.vn\/wp-content\/uploads\/2024\/10\/images-upload-woo2F8b97730e5945405c8f612ef5e10e3189.jpg\",\"width\":800,\"height\":800},{\"@type\":\"BreadcrumbList\",\"@id\":\"https:\/\/nge.vn\/san-pham\/nhua-in-3d-esun-epla-silk-metal-cao-cap-khong-tap-chat-1kg-cuon\/#breadcrumb\",\"itemListElement\":[{\"@type\":\"ListItem\",\"position\":1,\"name\":\"Trang ch\u1ee7\",\"item\":\"https:\/\/nge.vn\/\"},{\"@type\":\"ListItem\",\"position\":2,\"name\":\"S\u1ea3n ph\u1ea9m\",\"item\":\"https:\/\/nge.vn\/san-pham\/\"},{\"@type\":\"ListItem\",\"position\":3,\"name\":\"Nh\u1ef1a in 3d ESUN ePLA-Silk Metal Cao C\u1ea5p kh\u00f4ng t\u1ea1p ch\u1ea5t\"}]},{\"@type\":\"WebSite\",\"@id\":\"https:\/\/nge.vn\/#website\",\"url\":\"https:\/\/nge.vn\/\",\"name\":\"NGE 3D Printers Services\",\"description\":\"\",\"potentialAction\":[{\"@type\":\"SearchAction\",\"target\":{\"@type\":\"EntryPoint\",\"urlTemplate\":\"https:\/\/nge.vn\/?s={search_term_string}\"},\"query-input\":{\"@type\":\"PropertyValueSpecification\",\"valueRequired\":true,\"valueName\":\"search_term_string\"}}],\"inLanguage\":\"en-US\"}]}<\/script>\n<!-- \/ Yoast SEO Premium plugin. -->","yoast_head_json":{"title":"Nh\u1ef1a in 3d ESUN ePLA-Silk Metal Cao C\u1ea5p kh\u00f4ng t\u1ea1p ch\u1ea5t - NGE 3D Printers Services","description":"Nh\u1ef1a in 3D eSun ePLA-Silk Metal (1kg\/cu\u1ed9n, \u00d81.75mm) \u2013 hi\u1ec7u \u1ee9ng \u00e1nh kim sang tr\u1ecdng, b\u1ec1n g\u1ea5p nhi\u1ec1u l\u1ea7n PLA th\u01b0\u1eddng, th\u00e2n thi\u1ec7n m\u00f4i tr\u01b0\u1eddng, d\u1ec5 in.","robots":{"index":"index","follow":"follow","max-snippet":"max-snippet:-1","max-image-preview":"max-image-preview:large","max-video-preview":"max-video-preview:-1"},"canonical":"https:\/\/nge.vn\/en\/product\/nhua-in-3d-esun-epla-silk-metal-cao-cap-khong-tap-chat-1kg-cuon\/","og_locale":"en_US","og_type":"article","og_title":"Nh\u1ef1a in 3d ESUN ePLA-Silk Metal Cao C\u1ea5p kh\u00f4ng t\u1ea1p ch\u1ea5t","og_description":"Nh\u1ef1a in 3D eSun ePLA-Silk Metal (1kg\/cu\u1ed9n, \u00d81.75mm) \u2013 hi\u1ec7u \u1ee9ng \u00e1nh kim sang tr\u1ecdng, b\u1ec1n g\u1ea5p nhi\u1ec1u l\u1ea7n PLA th\u01b0\u1eddng, th\u00e2n thi\u1ec7n m\u00f4i tr\u01b0\u1eddng, d\u1ec5 in.","og_url":"https:\/\/nge.vn\/en\/product\/nhua-in-3d-esun-epla-silk-metal-cao-cap-khong-tap-chat-1kg-cuon\/","og_site_name":"NGE 3D Printers Services","article_modified_time":"2025-08-25T07:36:37+00:00","og_image":[{"width":800,"height":800,"url":"https:\/\/nge.vn\/wp-content\/uploads\/2024\/10\/images-upload-woo2F8b97730e5945405c8f612ef5e10e3189.jpg","type":"image\/jpeg"}],"twitter_card":"summary_large_image","twitter_misc":{"Est. reading time":"2 minutes"},"schema":{"@context":"https:\/\/schema.org","@graph":[{"@type":"WebPage","@id":"https:\/\/nge.vn\/san-pham\/nhua-in-3d-esun-epla-silk-metal-cao-cap-khong-tap-chat-1kg-cuon\/","url":"https:\/\/nge.vn\/san-pham\/nhua-in-3d-esun-epla-silk-metal-cao-cap-khong-tap-chat-1kg-cuon\/","name":"Nh\u1ef1a in 3d ESUN ePLA-Silk Metal Cao C\u1ea5p kh\u00f4ng t\u1ea1p ch\u1ea5t - NGE 3D Printers Services","isPartOf":{"@id":"https:\/\/nge.vn\/#website"},"primaryImageOfPage":{"@id":"https:\/\/nge.vn\/san-pham\/nhua-in-3d-esun-epla-silk-metal-cao-cap-khong-tap-chat-1kg-cuon\/#primaryimage"},"image":{"@id":"https:\/\/nge.vn\/san-pham\/nhua-in-3d-esun-epla-silk-metal-cao-cap-khong-tap-chat-1kg-cuon\/#primaryimage"},"thumbnailUrl":"https:\/\/nge.vn\/wp-content\/uploads\/2024\/10\/images-upload-woo2F8b97730e5945405c8f612ef5e10e3189.jpg","datePublished":"2025-08-25T03:45:50+00:00","dateModified":"2025-08-25T07:36:37+00:00","description":"Nh\u1ef1a in 3D eSun ePLA-Silk Metal (1kg\/cu\u1ed9n, \u00d81.75mm) \u2013 hi\u1ec7u \u1ee9ng \u00e1nh kim sang tr\u1ecdng, b\u1ec1n g\u1ea5p nhi\u1ec1u l\u1ea7n PLA th\u01b0\u1eddng, th\u00e2n thi\u1ec7n m\u00f4i tr\u01b0\u1eddng, d\u1ec5 in.","breadcrumb":{"@id":"https:\/\/nge.vn\/san-pham\/nhua-in-3d-esun-epla-silk-metal-cao-cap-khong-tap-chat-1kg-cuon\/#breadcrumb"},"inLanguage":"en-US","potentialAction":[{"@type":"ReadAction","target":["https:\/\/nge.vn\/san-pham\/nhua-in-3d-esun-epla-silk-metal-cao-cap-khong-tap-chat-1kg-cuon\/"]}]},{"@type":"ImageObject","inLanguage":"en-US","@id":"https:\/\/nge.vn\/san-pham\/nhua-in-3d-esun-epla-silk-metal-cao-cap-khong-tap-chat-1kg-cuon\/#primaryimage","url":"https:\/\/nge.vn\/wp-content\/uploads\/2024\/10\/images-upload-woo2F8b97730e5945405c8f612ef5e10e3189.jpg","contentUrl":"https:\/\/nge.vn\/wp-content\/uploads\/2024\/10\/images-upload-woo2F8b97730e5945405c8f612ef5e10e3189.jpg","width":800,"height":800},{"@type":"BreadcrumbList","@id":"https:\/\/nge.vn\/san-pham\/nhua-in-3d-esun-epla-silk-metal-cao-cap-khong-tap-chat-1kg-cuon\/#breadcrumb","itemListElement":[{"@type":"ListItem","position":1,"name":"Trang ch\u1ee7","item":"https:\/\/nge.vn\/"},{"@type":"ListItem","position":2,"name":"S\u1ea3n ph\u1ea9m","item":"https:\/\/nge.vn\/san-pham\/"},{"@type":"ListItem","position":3,"name":"Nh\u1ef1a in 3d ESUN ePLA-Silk Metal Cao C\u1ea5p kh\u00f4ng t\u1ea1p ch\u1ea5t"}]},{"@type":"WebSite","@id":"https:\/\/nge.vn\/#website","url":"https:\/\/nge.vn\/","name":"NGE 3D Printers Services","description":"","potentialAction":[{"@type":"SearchAction","target":{"@type":"EntryPoint","urlTemplate":"https:\/\/nge.vn\/?s={search_term_string}"},"query-input":{"@type":"PropertyValueSpecification","valueRequired":true,"valueName":"search_term_string"}}],"inLanguage":"en-US"}]}},"_links":{"self":[{"href":"https:\/\/nge.vn\/en\/wp-json\/wp\/v2\/product\/2299","targetHints":{"allow":["GET"]}}],"collection":[{"href":"https:\/\/nge.vn\/en\/wp-json\/wp\/v2\/product"}],"about":[{"href":"https:\/\/nge.vn\/en\/wp-json\/wp\/v2\/types\/product"}],"replies":[{"embeddable":true,"href":"https:\/\/nge.vn\/en\/wp-json\/wp\/v2\/comments?post=2299"}],"wp:featuredmedia":[{"embeddable":true,"href":"https:\/\/nge.vn\/en\/wp-json\/wp\/v2\/media\/2290"}],"wp:attachment":[{"href":"https:\/\/nge.vn\/en\/wp-json\/wp\/v2\/media?parent=2299"}],"wp:term":[{"taxonomy":"product_brand","embeddable":true,"href":"https:\/\/nge.vn\/en\/wp-json\/wp\/v2\/product_brand?post=2299"},{"taxonomy":"product_cat","embeddable":true,"href":"https:\/\/nge.vn\/en\/wp-json\/wp\/v2\/product_cat?post=2299"},{"taxonomy":"product_tag","embeddable":true,"href":"https:\/\/nge.vn\/en\/wp-json\/wp\/v2\/product_tag?post=2299"}],"curies":[{"name":"wp","href":"https:\/\/api.w.org\/{rel}","templated":true}]}}