{"id":2245,"date":"2024-10-26T10:42:15","date_gmt":"2024-10-26T03:42:15","guid":{"rendered":"https:\/\/nge.123websitedev.com\/san-pham\/nhua-in-3d-esun-standard-resin-0-5kg-1kg-chai-vo-nhua\/"},"modified":"2024-10-29T14:55:14","modified_gmt":"2024-10-29T07:55:14","slug":"nhua-in-3d-esun-standard-resin-0-5kg-1kg-chai-vo-nhua","status":"publish","type":"product","link":"https:\/\/nge.vn\/en\/product\/nhua-in-3d-esun-standard-resin-0-5kg-1kg-chai-vo-nhua\/","title":{"rendered":"ESUN Standard Resin 3d Printing Resin 0.5kg-1kg\/Bottle Plastic Shell"},"content":{"rendered":"<p>_Nh\u1ef1a eSun Standard Resin \u0111\u01b0\u1ee3c thi\u1ebft k\u1ebf \u0111\u1eb7c bi\u1ec7t cho ngu\u1ed3n s\u00e1ng LCD\/LED \u0111\u1ec3 \u0111\u1ea1t \u0111\u01b0\u1ee3c ch\u1ea5t l\u01b0\u1ee3ng in t\u1ed1t h\u01a1n v\u00e0 t\u1ed1t h\u01a1n so v\u1edbi nh\u1ef1a c\u1ee7a Anycubic v\u00e0 Wanhao D7. N\u00f3 l\u00e0 nh\u1ef1a th\u00f4ng th\u01b0\u1eddng, t\u01b0\u01a1ng th\u00edch v\u1edbi h\u1ea7u h\u1ebft c\u00e1c m\u00e1y in LCD v\u00e0 DLP v\u1edbi \u0111\u00e8n LED UV c\u00f3 t\u1ed1c \u0111\u1ed9 in nhanh h\u01a1n v\u00e0 m\u00f9i th\u1ea5p kh\u00f4ng \u0111\u1ed9c h\u1ea1i nh\u01b0 m\u00e1y in Anycubic, Photon v\u00e0 Elegoo, Creality&#8230;<br \/>\n_\u0110\u1ed9 c\u1ee9ng 80-82D. Lo\u1ea1i nh\u1ef1a n\u00e0y \u0111\u1ea3m b\u1ea3o \u0111\u1ed9 b\u1ec1n c\u1ee7a c\u00e1c b\u1ed9 ph\u1eadn \u0111\u01b0\u1ee3c \u0111\u00fac v\u00e0 gi\u1ea3m s\u1ef1 co r\u00fat th\u1ec3 t\u00edch trong qu\u00e1 tr\u00ecnh ch\u1ee5p \u1ea3nh, \u0111\u1ea3m b\u1ea3o \u0111\u1ed9 ch\u00ednh x\u00e1c cao c\u1ee7a m\u00f4 h\u00ecnh in v\u1edbi k\u1ebft th\u00fac m\u1ecbn.<br \/>\n_V\u1edbi t\u00ednh l\u01b0u \u0111\u1ed9ng tuy\u1ec7t v\u1eddi v\u00e0 \u0111\u1ed9 \u1ed5n \u0111\u1ecbnh cao, nh\u1ef1a c\u00f3 th\u1ec3 nhanh ch\u00f3ng th\u1ea5m v\u00e0o c\u00e1c m\u00f4 h\u00ecnh, c\u1ea3i thi\u1ec7n t\u1ed1c \u0111\u1ed9 in, r\u00fat \u200b\u200bng\u1eafn th\u1eddi gian \u0111\u00f3ng r\u1eafn v\u00e0 n\u00e2ng cao hi\u1ec7u qu\u1ea3 in c\u1ee7a m\u00e1y LCD nhi\u1ec1u nh\u1ea5t c\u00f3 th\u1ec3.<br \/>\n_\u0110\u1ed9 ch\u00ednh x\u00e1c cao &amp; co ng\u00f3t th\u1ea5p: Nh\u1ef1a ti\u00eau chu\u1ea9n eSUN c\u00f3 ch\u1ee9a c\u00e1c monome methacrylate \u0111\u1ec3 gi\u1ea3m s\u1ef1 co r\u00fat th\u1ec3 t\u00edch trong qu\u00e1 tr\u00ecnh ch\u1ee5p \u1ea3nh, \u0111\u1ea3m b\u1ea3o \u0111\u1ed9 ch\u00ednh x\u00e1c cao c\u1ee7a m\u00f4 h\u00ecnh in v\u1edbi k\u1ebft th\u00fac m\u1ecbn.<br \/>\n_\u0110\u00f3ng r\u1eafn nhanh &amp; \u0111\u1ed9 \u1ed5n \u0111\u1ecbnh tuy\u1ec7t v\u1eddi: eSUN Rapid Resin \u0111\u01b0\u1ee3c thi\u1ebft k\u1ebf \u0111\u1ec3 gi\u1ea3m th\u1eddi gian in v\u1edbi t\u00ednh linh ho\u1ea1t tuy\u1ec7t v\u1eddi c\u1ee7a n\u00f3. Trong khi \u0111\u00f3 nh\u1ef1a UV c\u00f3 s\u1ef1 k\u1ebft h\u1ee3p t\u1ed1t gi\u1eefa \u0111\u1ed9 c\u1ee9ng v\u00e0 \u0111\u1ed9 d\u1ebbo dai, \u0111\u1ed9 b\u00e1m d\u00ednh c\u1ee7a m\u00f4 h\u00ecnh ch\u1eafc ch\u1eafn v\u00e0 d\u1ec5 d\u00e0ng th\u00e1o r\u1eddi sau khi t\u1ea1o h\u00ecnh.<br \/>\n_M\u00e0u s\u1eafc t\u01b0\u01a1i s\u00e1ng v\u00e0 s\u1ed1ng \u0111\u1ed9ng: V\u1edbi ch\u1ea5t m\u00e0u ch\u1ea5t l\u01b0\u1ee3ng cao v\u00e0 ch\u1ea5t b\u1eaft s\u00e1ng b\u00ean trong nh\u1ef1a eSUN UV-Curing, c\u00e1c m\u00f4 h\u00ecnh \u0111\u01b0\u1ee3c in b\u1eb1ng nh\u1ef1a c\u00f3 k\u1ebft th\u00fac m\u00e0u r\u1ea5t tinh khi\u1ebft v\u00e0 tuy\u1ec7t \u0111\u1eb9p<br \/>\n_Nh\u1ef1a khu\u00f4n LCD chuy\u00ean nghi\u1ec7p: \u0110\u01b0\u1ee3c thi\u1ebft k\u1ebf \u0111\u1eb7c bi\u1ec7t cho ngu\u1ed3n s\u00e1ng LED \u0111\u1ec3 \u0111\u1ea1t \u0111\u01b0\u1ee3c ch\u1ea5t l\u01b0\u1ee3ng in t\u1ed1t h\u01a1n \u0111\u1ec3 t\u1ea1o m\u1eabu nhanh v\u1edbi \u0111\u1ed3 ch\u01a1i, ngh\u1ec7 thu\u1eadt v\u00e0 th\u1ee7 c\u00f4ng, d\u1ee5ng c\u1ee5 gia \u0111\u00ecnh ho\u1eb7c ch\u1ebf t\u00e1c \u0111\u1ed3 trang s\u1ee9c.<br \/>\n**B\u1ea3o qu\u1ea3n v\u00e0 s\u1eed d\u1ee5ng:<br \/>\n_L\u01b0u tr\u1eef<br \/>\n1) Tr\u00e1nh xa \u00e1nh s\u00e1ng v\u00e0 \u0111\u1eady k\u00edn \u1edf nhi\u1ec7t \u0111\u1ed9 ph\u00f2ng.<br \/>\n2) N\u00ean b\u1ea3o qu\u1ea3n nh\u1ef1a t\u1eeb 15\u2103-35\u2103 trong th\u00f9ng ch\u1ee9a ban \u0111\u1ea7u. Tr\u00e1nh b\u1ea5t k\u1ef3 m\u00f4i tr\u01b0\u1eddng b\u1ee5i b\u1ea9n ho\u1eb7c \u1ea9m \u01b0\u1edbt.<br \/>\n_C\u00e1ch s\u1eed d\u1ee5ng:<br \/>\n1) L\u1eafc k\u1ef9 tr\u01b0\u1edbc khi s\u1eed d\u1ee5ng. Tr\u00e1nh \u00e1nh n\u1eafng tr\u1ef1c ti\u1ebfp trong qu\u00e1 tr\u00ecnh s\u1eed d\u1ee5ng.<br \/>\n2) Gi\u1eef n\u00f3 xa tr\u1ebb em. Kh\u00f4ng cho v\u00e0o mi\u1ec7ng.<br \/>\n3) Mang g\u0103ng tay tr\u01b0\u1edbc khi s\u1eed d\u1ee5ng \u0111\u1ec3 tr\u00e1nh ti\u1ebfp x\u00fac tr\u1ef1c ti\u1ebfp v\u1edbi da v\u00e0 gi\u1eef ph\u00f2ng th\u00f4ng tho\u00e1ng.<br \/>\n4) N\u1ebfu v\u00f4 t\u00ecnh ti\u1ebfp x\u00fac, vui l\u00f2ng r\u1eeda b\u1eb1ng nhi\u1ec1u n\u01b0\u1edbc ngay l\u1eadp t\u1ee9c. T\u00ecm ki\u1ebfm l\u1eddi khuy\u00ean y t\u1ebf n\u1ebfu c\u1ea7n thi\u1ebft.<br \/>\n5) C\u00e1c m\u00f4 h\u00ecnh ho\u00e0n thi\u1ec7n \u0111\u01b0\u1ee3c y\u00eau c\u1ea7u l\u00e0m s\u1ea1ch b\u1eb1ng c\u1ed3n n\u1ed3ng \u0111\u1ed9 cao (95%) kho\u1ea3ng 30 gi\u00e2y.<br \/>\n**\u0110\u1eb7c tr\u01b0ng:<br \/>\n+\u0110\u1ed9 nh\u1edbt th\u1ea5p<br \/>\n+M\u00f9i th\u1ea5p<br \/>\n+Kh\u00f4ng \u0111\u1ed9c h\u1ea1i<br \/>\n+C\u1ea3i thi\u1ec7n d\u00f2ng ch\u1ea3y<br \/>\n+D\u1ec5 d\u00e0ng \u0111\u1ec3 l\u00e0m s\u1ea1ch<br \/>\n+M\u1ea1nh h\u01a1n h\u1ea7u h\u1ebft c\u00e1c lo\u1ea1i nh\u1ef1a ti\u00eau chu\u1ea9n kh\u00e1c<br \/>\n+Kh\u1ea3 n\u0103ng ch\u1ed1ng x\u01b0\u1edbc<br \/>\n+\u0110\u1ed9 ch\u00ednh x\u00e1c cao<br \/>\n+\u0110\u1ed9 cong v\u00eanh th\u1ea5p<br \/>\n+Ch\u1ed1ng \u1ea9m<\/p>\n<p>\u0110\u1ed9 c\u1ee9ng cao, c\u00e1c b\u1ed9 ph\u1eadn c\u00f3 \u0111\u1ed9 m\u1ecfng d\u1ec5 in \u0111\u1ed9 ch\u00ednh x\u00e1c<\/p>\n<p>**TH\u00d4NG S\u1ed0 K\u1ef8 THU\u1eacT:<br \/>\n+3D PRINTING PHOTOPOLYMER RESIN Standard Resin<br \/>\n+Viscosity(mPa\u00b7s) 170-200<br \/>\n+Density(g\/cm3) 1.08-1.13<br \/>\n+Tensile Strength(MPa) 46-67<br \/>\n+Elongation at Break(%) 28-36<br \/>\n+Flexural Strength(MPa) 46-72<br \/>\n+Impact Strength(J\/m) 14-42<br \/>\n+Tearing Strength(GPa) 46-67<br \/>\n+Heat Distortion Temp(\u2103) \/<br \/>\n+Hardness(Shore D) 78-82<\/p>\n<p>**\u0110\u1ec3 \u0111\u01b0\u1ee3c nh\u1eadn h\u1ed9 tr\u1ee3 th\u00eam v\u1ec1 Gi\u00e1 v\u00e0 Th\u00f4ng tin c\u1ee7a s\u1ea3n ph\u1ea9m, vui l\u00f2ng li\u00ean h\u1ec7:<br \/>\n0913.939.775 g\u1eb7p A. Qu\u00e2n (for English)<br \/>\n094.144.0951 contact A.Quynh<br \/>\n**Selling price does not include VAT (+10% if VAT invoice is issued)<\/p>","protected":false},"excerpt":{"rendered":"<p>ESUN Standard Resin 3d Printing Resin 0.5kg-1kg\/Bottle Plastic Shell<\/p>","protected":false},"featured_media":2236,"comment_status":"open","ping_status":"closed","template":"","meta":{"inline_featured_image":false},"product_brand":[],"product_cat":[455,43,464,466],"product_tag":[],"class_list":{"0":"post-2245","1":"product","2":"type-product","3":"status-publish","4":"has-post-thumbnail","6":"product_cat-nhua-in-3d","7":"product_cat-nhua-in-3d-resin","8":"product_cat-nhua-in-3d-resin-esun","9":"product_cat-soi-nhua-esun-fdm","11":"first","12":"instock","13":"taxable","14":"shipping-taxable","15":"purchasable","16":"product-type-variable"},"yoast_head":"<!-- This site is optimized with the Yoast SEO Premium plugin v22.8 (Yoast SEO v26.9) - https:\/\/yoast.com\/product\/yoast-seo-premium-wordpress\/ -->\n<title>Nh\u1ef1a in 3d ESUN Standard Resin 0.5kg-1kg\/Chai V\u1ecf Nh\u1ef1a - NGE 3D Printers Services<\/title>\n<meta name=\"robots\" content=\"index, follow, max-snippet:-1, max-image-preview:large, max-video-preview:-1\" \/>\n<link rel=\"canonical\" href=\"https:\/\/nge.vn\/en\/product\/nhua-in-3d-esun-standard-resin-0-5kg-1kg-chai-vo-nhua\/\" \/>\n<meta property=\"og:locale\" content=\"en_US\" \/>\n<meta property=\"og:type\" content=\"article\" \/>\n<meta property=\"og:title\" content=\"Nh\u1ef1a in 3d ESUN Standard Resin 0.5kg-1kg\/Chai V\u1ecf Nh\u1ef1a\" \/>\n<meta property=\"og:description\" content=\"Nh\u1ef1a in 3d ESUN Standard Resin 0.5kg-1kg\/Chai V\u1ecf Nh\u1ef1a\" \/>\n<meta property=\"og:url\" content=\"https:\/\/nge.vn\/en\/product\/nhua-in-3d-esun-standard-resin-0-5kg-1kg-chai-vo-nhua\/\" \/>\n<meta property=\"og:site_name\" content=\"NGE 3D Printers Services\" \/>\n<meta property=\"article:modified_time\" content=\"2024-10-29T07:55:14+00:00\" \/>\n<meta property=\"og:image\" content=\"https:\/\/nge.vn\/wp-content\/uploads\/2024\/10\/images-upload-woo2F64a49e23eb7d2665746aadea4ec2850f.jpg\" \/>\n\t<meta property=\"og:image:width\" content=\"906\" \/>\n\t<meta property=\"og:image:height\" content=\"906\" \/>\n\t<meta property=\"og:image:type\" content=\"image\/jpeg\" \/>\n<meta name=\"twitter:card\" content=\"summary_large_image\" \/>\n<meta name=\"twitter:label1\" content=\"Est. reading time\" \/>\n\t<meta name=\"twitter:data1\" content=\"4 minutes\" \/>\n<script type=\"application\/ld+json\" class=\"yoast-schema-graph\">{\"@context\":\"https:\/\/schema.org\",\"@graph\":[{\"@type\":\"WebPage\",\"@id\":\"https:\/\/nge.vn\/san-pham\/nhua-in-3d-esun-standard-resin-0-5kg-1kg-chai-vo-nhua\/\",\"url\":\"https:\/\/nge.vn\/san-pham\/nhua-in-3d-esun-standard-resin-0-5kg-1kg-chai-vo-nhua\/\",\"name\":\"Nh\u1ef1a in 3d ESUN Standard Resin 0.5kg-1kg\/Chai V\u1ecf Nh\u1ef1a - NGE 3D Printers Services\",\"isPartOf\":{\"@id\":\"https:\/\/nge.vn\/#website\"},\"primaryImageOfPage\":{\"@id\":\"https:\/\/nge.vn\/san-pham\/nhua-in-3d-esun-standard-resin-0-5kg-1kg-chai-vo-nhua\/#primaryimage\"},\"image\":{\"@id\":\"https:\/\/nge.vn\/san-pham\/nhua-in-3d-esun-standard-resin-0-5kg-1kg-chai-vo-nhua\/#primaryimage\"},\"thumbnailUrl\":\"https:\/\/nge.vn\/wp-content\/uploads\/2024\/10\/images-upload-woo2F64a49e23eb7d2665746aadea4ec2850f.jpg\",\"datePublished\":\"2024-10-26T03:42:15+00:00\",\"dateModified\":\"2024-10-29T07:55:14+00:00\",\"breadcrumb\":{\"@id\":\"https:\/\/nge.vn\/san-pham\/nhua-in-3d-esun-standard-resin-0-5kg-1kg-chai-vo-nhua\/#breadcrumb\"},\"inLanguage\":\"en-US\",\"potentialAction\":[{\"@type\":\"ReadAction\",\"target\":[\"https:\/\/nge.vn\/san-pham\/nhua-in-3d-esun-standard-resin-0-5kg-1kg-chai-vo-nhua\/\"]}]},{\"@type\":\"ImageObject\",\"inLanguage\":\"en-US\",\"@id\":\"https:\/\/nge.vn\/san-pham\/nhua-in-3d-esun-standard-resin-0-5kg-1kg-chai-vo-nhua\/#primaryimage\",\"url\":\"https:\/\/nge.vn\/wp-content\/uploads\/2024\/10\/images-upload-woo2F64a49e23eb7d2665746aadea4ec2850f.jpg\",\"contentUrl\":\"https:\/\/nge.vn\/wp-content\/uploads\/2024\/10\/images-upload-woo2F64a49e23eb7d2665746aadea4ec2850f.jpg\",\"width\":906,\"height\":906},{\"@type\":\"BreadcrumbList\",\"@id\":\"https:\/\/nge.vn\/san-pham\/nhua-in-3d-esun-standard-resin-0-5kg-1kg-chai-vo-nhua\/#breadcrumb\",\"itemListElement\":[{\"@type\":\"ListItem\",\"position\":1,\"name\":\"Trang ch\u1ee7\",\"item\":\"https:\/\/nge.vn\/\"},{\"@type\":\"ListItem\",\"position\":2,\"name\":\"S\u1ea3n ph\u1ea9m\",\"item\":\"https:\/\/nge.vn\/san-pham\/\"},{\"@type\":\"ListItem\",\"position\":3,\"name\":\"Nh\u1ef1a in 3d ESUN Standard Resin 0.5kg-1kg\/Chai V\u1ecf Nh\u1ef1a\"}]},{\"@type\":\"WebSite\",\"@id\":\"https:\/\/nge.vn\/#website\",\"url\":\"https:\/\/nge.vn\/\",\"name\":\"NGE 3D Printers Services\",\"description\":\"\",\"potentialAction\":[{\"@type\":\"SearchAction\",\"target\":{\"@type\":\"EntryPoint\",\"urlTemplate\":\"https:\/\/nge.vn\/?s={search_term_string}\"},\"query-input\":{\"@type\":\"PropertyValueSpecification\",\"valueRequired\":true,\"valueName\":\"search_term_string\"}}],\"inLanguage\":\"en-US\"}]}<\/script>\n<!-- \/ Yoast SEO Premium plugin. -->","yoast_head_json":{"title":"Nh\u1ef1a in 3d ESUN Standard Resin 0.5kg-1kg\/Chai V\u1ecf Nh\u1ef1a - NGE 3D Printers Services","robots":{"index":"index","follow":"follow","max-snippet":"max-snippet:-1","max-image-preview":"max-image-preview:large","max-video-preview":"max-video-preview:-1"},"canonical":"https:\/\/nge.vn\/en\/product\/nhua-in-3d-esun-standard-resin-0-5kg-1kg-chai-vo-nhua\/","og_locale":"en_US","og_type":"article","og_title":"Nh\u1ef1a in 3d ESUN Standard Resin 0.5kg-1kg\/Chai V\u1ecf Nh\u1ef1a","og_description":"Nh\u1ef1a in 3d ESUN Standard Resin 0.5kg-1kg\/Chai V\u1ecf Nh\u1ef1a","og_url":"https:\/\/nge.vn\/en\/product\/nhua-in-3d-esun-standard-resin-0-5kg-1kg-chai-vo-nhua\/","og_site_name":"NGE 3D Printers Services","article_modified_time":"2024-10-29T07:55:14+00:00","og_image":[{"width":906,"height":906,"url":"https:\/\/nge.vn\/wp-content\/uploads\/2024\/10\/images-upload-woo2F64a49e23eb7d2665746aadea4ec2850f.jpg","type":"image\/jpeg"}],"twitter_card":"summary_large_image","twitter_misc":{"Est. reading time":"4 minutes"},"schema":{"@context":"https:\/\/schema.org","@graph":[{"@type":"WebPage","@id":"https:\/\/nge.vn\/san-pham\/nhua-in-3d-esun-standard-resin-0-5kg-1kg-chai-vo-nhua\/","url":"https:\/\/nge.vn\/san-pham\/nhua-in-3d-esun-standard-resin-0-5kg-1kg-chai-vo-nhua\/","name":"Nh\u1ef1a in 3d ESUN Standard Resin 0.5kg-1kg\/Chai V\u1ecf Nh\u1ef1a - NGE 3D Printers Services","isPartOf":{"@id":"https:\/\/nge.vn\/#website"},"primaryImageOfPage":{"@id":"https:\/\/nge.vn\/san-pham\/nhua-in-3d-esun-standard-resin-0-5kg-1kg-chai-vo-nhua\/#primaryimage"},"image":{"@id":"https:\/\/nge.vn\/san-pham\/nhua-in-3d-esun-standard-resin-0-5kg-1kg-chai-vo-nhua\/#primaryimage"},"thumbnailUrl":"https:\/\/nge.vn\/wp-content\/uploads\/2024\/10\/images-upload-woo2F64a49e23eb7d2665746aadea4ec2850f.jpg","datePublished":"2024-10-26T03:42:15+00:00","dateModified":"2024-10-29T07:55:14+00:00","breadcrumb":{"@id":"https:\/\/nge.vn\/san-pham\/nhua-in-3d-esun-standard-resin-0-5kg-1kg-chai-vo-nhua\/#breadcrumb"},"inLanguage":"en-US","potentialAction":[{"@type":"ReadAction","target":["https:\/\/nge.vn\/san-pham\/nhua-in-3d-esun-standard-resin-0-5kg-1kg-chai-vo-nhua\/"]}]},{"@type":"ImageObject","inLanguage":"en-US","@id":"https:\/\/nge.vn\/san-pham\/nhua-in-3d-esun-standard-resin-0-5kg-1kg-chai-vo-nhua\/#primaryimage","url":"https:\/\/nge.vn\/wp-content\/uploads\/2024\/10\/images-upload-woo2F64a49e23eb7d2665746aadea4ec2850f.jpg","contentUrl":"https:\/\/nge.vn\/wp-content\/uploads\/2024\/10\/images-upload-woo2F64a49e23eb7d2665746aadea4ec2850f.jpg","width":906,"height":906},{"@type":"BreadcrumbList","@id":"https:\/\/nge.vn\/san-pham\/nhua-in-3d-esun-standard-resin-0-5kg-1kg-chai-vo-nhua\/#breadcrumb","itemListElement":[{"@type":"ListItem","position":1,"name":"Trang ch\u1ee7","item":"https:\/\/nge.vn\/"},{"@type":"ListItem","position":2,"name":"S\u1ea3n ph\u1ea9m","item":"https:\/\/nge.vn\/san-pham\/"},{"@type":"ListItem","position":3,"name":"Nh\u1ef1a in 3d ESUN Standard Resin 0.5kg-1kg\/Chai V\u1ecf Nh\u1ef1a"}]},{"@type":"WebSite","@id":"https:\/\/nge.vn\/#website","url":"https:\/\/nge.vn\/","name":"NGE 3D Printers Services","description":"","potentialAction":[{"@type":"SearchAction","target":{"@type":"EntryPoint","urlTemplate":"https:\/\/nge.vn\/?s={search_term_string}"},"query-input":{"@type":"PropertyValueSpecification","valueRequired":true,"valueName":"search_term_string"}}],"inLanguage":"en-US"}]}},"_links":{"self":[{"href":"https:\/\/nge.vn\/en\/wp-json\/wp\/v2\/product\/2245","targetHints":{"allow":["GET"]}}],"collection":[{"href":"https:\/\/nge.vn\/en\/wp-json\/wp\/v2\/product"}],"about":[{"href":"https:\/\/nge.vn\/en\/wp-json\/wp\/v2\/types\/product"}],"replies":[{"embeddable":true,"href":"https:\/\/nge.vn\/en\/wp-json\/wp\/v2\/comments?post=2245"}],"wp:featuredmedia":[{"embeddable":true,"href":"https:\/\/nge.vn\/en\/wp-json\/wp\/v2\/media\/2236"}],"wp:attachment":[{"href":"https:\/\/nge.vn\/en\/wp-json\/wp\/v2\/media?parent=2245"}],"wp:term":[{"taxonomy":"product_brand","embeddable":true,"href":"https:\/\/nge.vn\/en\/wp-json\/wp\/v2\/product_brand?post=2245"},{"taxonomy":"product_cat","embeddable":true,"href":"https:\/\/nge.vn\/en\/wp-json\/wp\/v2\/product_cat?post=2245"},{"taxonomy":"product_tag","embeddable":true,"href":"https:\/\/nge.vn\/en\/wp-json\/wp\/v2\/product_tag?post=2245"}],"curies":[{"name":"wp","href":"https:\/\/api.w.org\/{rel}","templated":true}]}}