{"id":2226,"date":"2024-10-26T10:37:57","date_gmt":"2024-10-26T03:37:57","guid":{"rendered":"https:\/\/nge.123websitedev.com\/san-pham\/man-hinh-chieu-lcd-cho-may-in-3d-resin-creality-halot-ray-6k-va-halot-sky-6k\/"},"modified":"2024-10-29T14:56:14","modified_gmt":"2024-10-29T07:56:14","slug":"man-hinh-chieu-lcd-cho-may-in-3d-resin-creality-halot-ray-6k-va-halot-sky-6k","status":"publish","type":"product","link":"https:\/\/nge.vn\/en\/product\/man-hinh-chieu-lcd-cho-may-in-3d-resin-creality-halot-ray-6k-va-halot-sky-6k\/","title":{"rendered":"M\u00e0n h\u00ecnh chi\u1ebfu LCD cho m\u00e1y in 3d Resin Creality Halot Ray 6K v\u00e0 Halot Sky 6K"},"content":{"rendered":"<p>M\u00e0n h\u00ecnh chi\u1ebfu LCD cho m\u00e1y in 3d Resin Creality Halot Ray 6K v\u00e0 Halot Sky 6K<\/p>\n<p>_Th\u00f4ng tin s\u1ea3n ph\u1ea9m<br \/>\n+Size product: 20.6*13.5*1cm<br \/>\n+Packing Size\uff1a29*27*5cm<br \/>\n+G.W\uff1a615g<br \/>\n+N.W.\uff1a455g<br \/>\n+Package Weight: 640g<\/p>\n<p>**Compatible Models: m\u00e1y in 3d creality Halot Ray 6K v\u00e0 Halot Sky 6K (c\u00f3 th\u1ec3 upgrade cho Halot Sky 4K)<\/p>\n<p>**\u0110\u1ec3 \u0111\u01b0\u1ee3c nh\u1eadn \u0111\u01b0\u1ee3c gi\u00e1 \u01b0u \u0111\u00e3i t\u1ed1t h\u01a1n vui l\u00f2ng li\u00ean h\u1ec7 mua tr\u1ef1c ti\u1ebfp shop:<br \/>\n0913.939.775 contact A.Quan (for English)<br \/>\n094.144.0951 contact A.Quynh<br \/>\n**Gi\u00e1 b\u00e1n ch\u01b0a bao g\u1ed3m VAT (+8 hay 10% n\u1ebfu xu\u1ea5t ho\u00e1 \u0111\u01a1n GTGT)<br \/>\n***T\u1ea5t c\u1ea3 s\u1ea3n ph\u1ea9m linh ph\u1ee5 ki\u1ec7n kh\u00f4ng b\u1ea3o h\u00e0nh (c\u00e1c b\u1ea1n c\u00f3 th\u1ec3 li\u00ean h\u1ec7 h\u00e3ng h\u1ed9 tr\u1ee3 th\u00eam)<\/p>","protected":false},"excerpt":{"rendered":"<p>M\u00e0n h\u00ecnh chi\u1ebfu LCD cho m\u00e1y in 3d Resin Creality Halot Ray 6K v\u00e0 Halot Sky 6K<\/p>","protected":false},"featured_media":2221,"comment_status":"open","ping_status":"closed","template":"","meta":{"inline_featured_image":false},"product_brand":[],"product_cat":[462,40,56],"product_tag":[],"class_list":{"0":"post-2226","1":"product","2":"type-product","3":"status-publish","4":"has-post-thumbnail","6":"product_cat-board-va-man-hinh-dieu-khien","7":"product_cat-linh-kien-va-phu-kien","8":"product_cat-linh-phu-kien-may-in-3d-creality","10":"first","11":"instock","12":"taxable","13":"shipping-taxable","14":"purchasable","15":"product-type-variable"},"yoast_head":"<!-- This site is optimized with the Yoast SEO Premium plugin v22.8 (Yoast SEO v26.9) - https:\/\/yoast.com\/product\/yoast-seo-premium-wordpress\/ -->\n<title>M\u00e0n h\u00ecnh chi\u1ebfu LCD cho m\u00e1y in 3d Resin Creality Halot Ray 6K v\u00e0 Halot Sky 6K - NGE 3D Printers Services<\/title>\n<meta name=\"robots\" content=\"index, follow, max-snippet:-1, max-image-preview:large, max-video-preview:-1\" \/>\n<link rel=\"canonical\" href=\"https:\/\/nge.vn\/en\/product\/man-hinh-chieu-lcd-cho-may-in-3d-resin-creality-halot-ray-6k-va-halot-sky-6k\/\" \/>\n<meta property=\"og:locale\" content=\"en_US\" \/>\n<meta property=\"og:type\" content=\"article\" \/>\n<meta property=\"og:title\" content=\"M\u00e0n h\u00ecnh chi\u1ebfu LCD cho m\u00e1y in 3d Resin Creality Halot Ray 6K v\u00e0 Halot Sky 6K\" \/>\n<meta property=\"og:description\" content=\"M\u00e0n h\u00ecnh chi\u1ebfu LCD cho m\u00e1y in 3d Resin Creality Halot Ray 6K v\u00e0 Halot Sky 6K\" \/>\n<meta property=\"og:url\" content=\"https:\/\/nge.vn\/en\/product\/man-hinh-chieu-lcd-cho-may-in-3d-resin-creality-halot-ray-6k-va-halot-sky-6k\/\" \/>\n<meta property=\"og:site_name\" content=\"NGE 3D Printers Services\" \/>\n<meta property=\"article:modified_time\" content=\"2024-10-29T07:56:14+00:00\" \/>\n<meta property=\"og:image\" content=\"https:\/\/nge.vn\/wp-content\/uploads\/2024\/10\/images-upload-woo2F87c8ac85ffd0cd28a2547e0076f67b0c.jpg\" \/>\n\t<meta property=\"og:image:width\" content=\"1024\" \/>\n\t<meta property=\"og:image:height\" content=\"1024\" \/>\n\t<meta property=\"og:image:type\" content=\"image\/jpeg\" \/>\n<meta name=\"twitter:card\" content=\"summary_large_image\" \/>\n<meta name=\"twitter:label1\" content=\"Est. reading time\" \/>\n\t<meta name=\"twitter:data1\" content=\"1 minute\" \/>\n<script type=\"application\/ld+json\" class=\"yoast-schema-graph\">{\"@context\":\"https:\/\/schema.org\",\"@graph\":[{\"@type\":\"WebPage\",\"@id\":\"https:\/\/nge.vn\/san-pham\/man-hinh-chieu-lcd-cho-may-in-3d-resin-creality-halot-ray-6k-va-halot-sky-6k\/\",\"url\":\"https:\/\/nge.vn\/san-pham\/man-hinh-chieu-lcd-cho-may-in-3d-resin-creality-halot-ray-6k-va-halot-sky-6k\/\",\"name\":\"M\u00e0n h\u00ecnh chi\u1ebfu LCD cho m\u00e1y in 3d Resin Creality Halot Ray 6K v\u00e0 Halot Sky 6K - NGE 3D Printers Services\",\"isPartOf\":{\"@id\":\"https:\/\/nge.vn\/#website\"},\"primaryImageOfPage\":{\"@id\":\"https:\/\/nge.vn\/san-pham\/man-hinh-chieu-lcd-cho-may-in-3d-resin-creality-halot-ray-6k-va-halot-sky-6k\/#primaryimage\"},\"image\":{\"@id\":\"https:\/\/nge.vn\/san-pham\/man-hinh-chieu-lcd-cho-may-in-3d-resin-creality-halot-ray-6k-va-halot-sky-6k\/#primaryimage\"},\"thumbnailUrl\":\"https:\/\/nge.vn\/wp-content\/uploads\/2024\/10\/images-upload-woo2F87c8ac85ffd0cd28a2547e0076f67b0c.jpg\",\"datePublished\":\"2024-10-26T03:37:57+00:00\",\"dateModified\":\"2024-10-29T07:56:14+00:00\",\"breadcrumb\":{\"@id\":\"https:\/\/nge.vn\/san-pham\/man-hinh-chieu-lcd-cho-may-in-3d-resin-creality-halot-ray-6k-va-halot-sky-6k\/#breadcrumb\"},\"inLanguage\":\"en-US\",\"potentialAction\":[{\"@type\":\"ReadAction\",\"target\":[\"https:\/\/nge.vn\/san-pham\/man-hinh-chieu-lcd-cho-may-in-3d-resin-creality-halot-ray-6k-va-halot-sky-6k\/\"]}]},{\"@type\":\"ImageObject\",\"inLanguage\":\"en-US\",\"@id\":\"https:\/\/nge.vn\/san-pham\/man-hinh-chieu-lcd-cho-may-in-3d-resin-creality-halot-ray-6k-va-halot-sky-6k\/#primaryimage\",\"url\":\"https:\/\/nge.vn\/wp-content\/uploads\/2024\/10\/images-upload-woo2F87c8ac85ffd0cd28a2547e0076f67b0c.jpg\",\"contentUrl\":\"https:\/\/nge.vn\/wp-content\/uploads\/2024\/10\/images-upload-woo2F87c8ac85ffd0cd28a2547e0076f67b0c.jpg\",\"width\":1024,\"height\":1024},{\"@type\":\"BreadcrumbList\",\"@id\":\"https:\/\/nge.vn\/san-pham\/man-hinh-chieu-lcd-cho-may-in-3d-resin-creality-halot-ray-6k-va-halot-sky-6k\/#breadcrumb\",\"itemListElement\":[{\"@type\":\"ListItem\",\"position\":1,\"name\":\"Trang ch\u1ee7\",\"item\":\"https:\/\/nge.vn\/\"},{\"@type\":\"ListItem\",\"position\":2,\"name\":\"S\u1ea3n ph\u1ea9m\",\"item\":\"https:\/\/nge.vn\/san-pham\/\"},{\"@type\":\"ListItem\",\"position\":3,\"name\":\"M\u00e0n h\u00ecnh chi\u1ebfu LCD cho m\u00e1y in 3d Resin Creality Halot Ray 6K v\u00e0 Halot Sky 6K\"}]},{\"@type\":\"WebSite\",\"@id\":\"https:\/\/nge.vn\/#website\",\"url\":\"https:\/\/nge.vn\/\",\"name\":\"NGE 3D Printers Services\",\"description\":\"\",\"potentialAction\":[{\"@type\":\"SearchAction\",\"target\":{\"@type\":\"EntryPoint\",\"urlTemplate\":\"https:\/\/nge.vn\/?s={search_term_string}\"},\"query-input\":{\"@type\":\"PropertyValueSpecification\",\"valueRequired\":true,\"valueName\":\"search_term_string\"}}],\"inLanguage\":\"en-US\"}]}<\/script>\n<!-- \/ Yoast SEO Premium plugin. -->","yoast_head_json":{"title":"M\u00e0n h\u00ecnh chi\u1ebfu LCD cho m\u00e1y in 3d Resin Creality Halot Ray 6K v\u00e0 Halot Sky 6K - NGE 3D Printers Services","robots":{"index":"index","follow":"follow","max-snippet":"max-snippet:-1","max-image-preview":"max-image-preview:large","max-video-preview":"max-video-preview:-1"},"canonical":"https:\/\/nge.vn\/en\/product\/man-hinh-chieu-lcd-cho-may-in-3d-resin-creality-halot-ray-6k-va-halot-sky-6k\/","og_locale":"en_US","og_type":"article","og_title":"M\u00e0n h\u00ecnh chi\u1ebfu LCD cho m\u00e1y in 3d Resin Creality Halot Ray 6K v\u00e0 Halot Sky 6K","og_description":"M\u00e0n h\u00ecnh chi\u1ebfu LCD cho m\u00e1y in 3d Resin Creality Halot Ray 6K v\u00e0 Halot Sky 6K","og_url":"https:\/\/nge.vn\/en\/product\/man-hinh-chieu-lcd-cho-may-in-3d-resin-creality-halot-ray-6k-va-halot-sky-6k\/","og_site_name":"NGE 3D Printers Services","article_modified_time":"2024-10-29T07:56:14+00:00","og_image":[{"width":1024,"height":1024,"url":"https:\/\/nge.vn\/wp-content\/uploads\/2024\/10\/images-upload-woo2F87c8ac85ffd0cd28a2547e0076f67b0c.jpg","type":"image\/jpeg"}],"twitter_card":"summary_large_image","twitter_misc":{"Est. reading time":"1 minute"},"schema":{"@context":"https:\/\/schema.org","@graph":[{"@type":"WebPage","@id":"https:\/\/nge.vn\/san-pham\/man-hinh-chieu-lcd-cho-may-in-3d-resin-creality-halot-ray-6k-va-halot-sky-6k\/","url":"https:\/\/nge.vn\/san-pham\/man-hinh-chieu-lcd-cho-may-in-3d-resin-creality-halot-ray-6k-va-halot-sky-6k\/","name":"M\u00e0n h\u00ecnh chi\u1ebfu LCD cho m\u00e1y in 3d Resin Creality Halot Ray 6K v\u00e0 Halot Sky 6K - NGE 3D Printers Services","isPartOf":{"@id":"https:\/\/nge.vn\/#website"},"primaryImageOfPage":{"@id":"https:\/\/nge.vn\/san-pham\/man-hinh-chieu-lcd-cho-may-in-3d-resin-creality-halot-ray-6k-va-halot-sky-6k\/#primaryimage"},"image":{"@id":"https:\/\/nge.vn\/san-pham\/man-hinh-chieu-lcd-cho-may-in-3d-resin-creality-halot-ray-6k-va-halot-sky-6k\/#primaryimage"},"thumbnailUrl":"https:\/\/nge.vn\/wp-content\/uploads\/2024\/10\/images-upload-woo2F87c8ac85ffd0cd28a2547e0076f67b0c.jpg","datePublished":"2024-10-26T03:37:57+00:00","dateModified":"2024-10-29T07:56:14+00:00","breadcrumb":{"@id":"https:\/\/nge.vn\/san-pham\/man-hinh-chieu-lcd-cho-may-in-3d-resin-creality-halot-ray-6k-va-halot-sky-6k\/#breadcrumb"},"inLanguage":"en-US","potentialAction":[{"@type":"ReadAction","target":["https:\/\/nge.vn\/san-pham\/man-hinh-chieu-lcd-cho-may-in-3d-resin-creality-halot-ray-6k-va-halot-sky-6k\/"]}]},{"@type":"ImageObject","inLanguage":"en-US","@id":"https:\/\/nge.vn\/san-pham\/man-hinh-chieu-lcd-cho-may-in-3d-resin-creality-halot-ray-6k-va-halot-sky-6k\/#primaryimage","url":"https:\/\/nge.vn\/wp-content\/uploads\/2024\/10\/images-upload-woo2F87c8ac85ffd0cd28a2547e0076f67b0c.jpg","contentUrl":"https:\/\/nge.vn\/wp-content\/uploads\/2024\/10\/images-upload-woo2F87c8ac85ffd0cd28a2547e0076f67b0c.jpg","width":1024,"height":1024},{"@type":"BreadcrumbList","@id":"https:\/\/nge.vn\/san-pham\/man-hinh-chieu-lcd-cho-may-in-3d-resin-creality-halot-ray-6k-va-halot-sky-6k\/#breadcrumb","itemListElement":[{"@type":"ListItem","position":1,"name":"Trang ch\u1ee7","item":"https:\/\/nge.vn\/"},{"@type":"ListItem","position":2,"name":"S\u1ea3n ph\u1ea9m","item":"https:\/\/nge.vn\/san-pham\/"},{"@type":"ListItem","position":3,"name":"M\u00e0n h\u00ecnh chi\u1ebfu LCD cho m\u00e1y in 3d Resin Creality Halot Ray 6K v\u00e0 Halot Sky 6K"}]},{"@type":"WebSite","@id":"https:\/\/nge.vn\/#website","url":"https:\/\/nge.vn\/","name":"NGE 3D Printers Services","description":"","potentialAction":[{"@type":"SearchAction","target":{"@type":"EntryPoint","urlTemplate":"https:\/\/nge.vn\/?s={search_term_string}"},"query-input":{"@type":"PropertyValueSpecification","valueRequired":true,"valueName":"search_term_string"}}],"inLanguage":"en-US"}]}},"_links":{"self":[{"href":"https:\/\/nge.vn\/en\/wp-json\/wp\/v2\/product\/2226","targetHints":{"allow":["GET"]}}],"collection":[{"href":"https:\/\/nge.vn\/en\/wp-json\/wp\/v2\/product"}],"about":[{"href":"https:\/\/nge.vn\/en\/wp-json\/wp\/v2\/types\/product"}],"replies":[{"embeddable":true,"href":"https:\/\/nge.vn\/en\/wp-json\/wp\/v2\/comments?post=2226"}],"wp:featuredmedia":[{"embeddable":true,"href":"https:\/\/nge.vn\/en\/wp-json\/wp\/v2\/media\/2221"}],"wp:attachment":[{"href":"https:\/\/nge.vn\/en\/wp-json\/wp\/v2\/media?parent=2226"}],"wp:term":[{"taxonomy":"product_brand","embeddable":true,"href":"https:\/\/nge.vn\/en\/wp-json\/wp\/v2\/product_brand?post=2226"},{"taxonomy":"product_cat","embeddable":true,"href":"https:\/\/nge.vn\/en\/wp-json\/wp\/v2\/product_cat?post=2226"},{"taxonomy":"product_tag","embeddable":true,"href":"https:\/\/nge.vn\/en\/wp-json\/wp\/v2\/product_tag?post=2226"}],"curies":[{"name":"wp","href":"https:\/\/api.w.org\/{rel}","templated":true}]}}