{"id":2220,"date":"2024-10-26T10:35:43","date_gmt":"2024-10-26T03:35:43","guid":{"rendered":"https:\/\/nge.123websitedev.com\/san-pham\/nhua-in-3d-carbon-fiber-esun-epa-cf-natural-mau-den-1kg-cuon\/"},"modified":"2025-08-15T15:23:53","modified_gmt":"2025-08-15T08:23:53","slug":"nhua-in-3d-carbon-fiber-esun-epa-cf-natural-mau-den-1kg-cuon","status":"publish","type":"product","link":"https:\/\/nge.vn\/en\/product\/nhua-in-3d-carbon-fiber-esun-epa-cf-natural-mau-den-1kg-cuon\/","title":{"rendered":"Nh\u1ef1a in 3d Carbon Fiber ESUN ePA-CF Natural m\u00e0u \u0110en 1kg\/Cu\u1ed9n"},"content":{"rendered":"<p>Nh\u1ef1a in 3d Carbon Fiber ESUN ePA-CF Natural m\u00e0u Black 1kg\/Cu\u1ed9n<\/p>\n<p>**N\u00e9t \u0111\u1eb7c tr\u01b0ng:<br \/>\n_Th\u00e2n thi\u1ec7n v\u1edbi m\u00f4i tr\u01b0\u1eddng, d\u1ef1a tr\u00ean Nylon, 20% s\u1ee3i carbon;<br \/>\n_In m\u1ecbn, kh\u00f4ng m\u00f9i, hi\u1ec7u \u1ee9ng in ho\u00e0n thi\u1ec7n m\u1edd;<br \/>\n_\u0110\u1ed9 b\u1ec1n cao, \u0110\u1ed9 c\u1ee9ng cao, \u0110\u1ed9 d\u1ebbo dai t\u1ed1t, Ch\u1ed1ng m\u00e0i m\u00f2n, Ph\u00f9 h\u1ee3p v\u1edbi c\u00e1c b\u1ed9 ph\u1eadn c\u00f4ng nghi\u1ec7p in 3D;<br \/>\n_HD T Top 160 \u2103, sau \u0111\u00f3 th\u00edch h\u1ee3p cho c\u00e1c c\u00f4ng vi\u1ec7c nhi\u1ec7t \u0111\u1ed9 cao;<br \/>\n_So v\u1edbi Nylon, n\u00f3 c\u00f3 t\u1ef7 l\u1ec7 co r\u00fat v\u00e0 bi\u1ebfn d\u1ea1ng th\u1ea5p h\u01a1n, \u0111\u1ed9 ch\u00ednh x\u00e1c cao m\u00e0 kh\u00f4ng b\u1ecb cong v\u00eanh c\u1ea1nh;<br \/>\n_Kh\u1ea3 n\u0103ng ch\u1ed1ng ch\u00e1y t\u1ed1t, C\u1ea5p \u0111\u1ed9 ch\u1ed1ng ch\u00e1y: UL94-V2;<br \/>\n_\u0110\u1ea7u phun b\u1eb1ng th\u00e9p kh\u00f4ng g\u1ec9 s\u1ebd c\u1ea7n thi\u1ebft thay v\u00ec \u0111\u1ea7u phun b\u1eb1ng \u0111\u1ed3ng nhanh m\u00f2n khi s\u1eed d\u1ee5ng d\u00e2y t\u00f3c CFRPA.<\/p>\n<p>**\u00c1p d\u1ee5ng cho: T\u1ea1o m\u1eabu, M\u00f4 h\u00ecnh th\u1ee7 c\u00f4ng, Thi\u1ebft b\u1ecb v\u00e0 ph\u1ee5 ki\u1ec7n \u0111i\u1ec7n t\u1eed, Ph\u1ee5 t\u00f9ng c\u01a1 kh\u00ed, Ph\u1ee5 t\u00f9ng \u00f4 t\u00f4.<\/p>\n<p>**TH\u00d4NG S\u1ed0 K\u1ef8 THU\u1eacT:<br \/>\n+Nhi\u1ec7t \u0111\u1ed9 in t\u1ed1t nh\u1ea5t: 240 ~ 260 \u2103<br \/>\n+Nhi\u1ec7t \u0111\u1ed9 b\u00e0n in: 80 ~ 90 \u2103<br \/>\n+T\u1ed1c \u0111\u1ed9 in\uff1a30-60 mm\/s;<br \/>\n+T\u1ed1c \u0111\u1ed9 di chuy\u1ec3n \uff1a 90-150mm \/ s<br \/>\n+1,75mm \u00b1 0,05mm (ho\u1eb7c cao h\u01a1n)<br \/>\n+\u0110\u1ed9 co ng\u00f3t th\u1ea5p (\u00edt cong v\u00eanh)<br \/>\n+\u0110\u01b0\u1eddng k\u00ednh \u1ed5n \u0111\u1ecbnh (b\u1ea3n in m\u1ecbn)<br \/>\n+Kh\u1ea3 n\u0103ng ch\u1ecbu nhi\u1ec7t cao<\/p>\n<p>**Product Description :<br \/>\n+Brand: ESUN<br \/>\n+Color: Natural Black<br \/>\n+Material: Carbon Fiber<br \/>\n+Filament Diameter: 1.75mm<br \/>\n+Dimensional Accuracy: +\/- 0.05mm<br \/>\n+Best print temperature: 240~260\u2103<br \/>\n+Base temperature: 80~90\u2103<br \/>\n+Speed While Extruding: 30 to 60mm\/s<br \/>\n+Speed While Traveling: 90 to 150mm\/s<br \/>\n+Stable diameter (smooth prints)<br \/>\n+High heat resistance<br \/>\n+Low shrinkage (less warping)<\/p>\n<p>_Dung sai k\u00edch th\u01b0\u1edbc \u1ed5n \u0111\u1ecbnh: Dung sai t\u1ed1i thi\u1ec3u v\u00e0 \u0111\u1ed9 cong v\u00eanh th\u1ea5p \u0111\u1ec3 \u0111\u1ea3m b\u1ea3o n\u1ea1p li\u1ec7u \u0111\u1ed3ng \u0111\u1ec1u v\u00e0 b\u1ea3n in \u1ed5n \u0111\u1ecbnh, kh\u00f4ng b\u1ecb t\u1eafc ngh\u1ebdn, t\u1ef7 l\u1ec7 th\u00e0nh c\u00f4ng c\u1ef1c cao, d\u1eabn \u0111\u1ebfn c\u00e1c b\u1ed9 ph\u1eadn in c\u00f3 b\u1ec1 m\u1eb7t ho\u00e0n thi\u1ec7n v\u01b0\u1ee3t tr\u1ed9i v\u00e0 c\u00f3 \u0111\u1ed9 ch\u00ednh x\u00e1c cao.<br \/>\n_Kh\u00f4ng r\u1ed1i &amp; kh\u00f4ng t\u1eafc: To\u00e0n b\u1ed9 cu\u1ed9n d\u00e2y m\u00e1y in 3D 1KG, \u0111\u1ed9 tr\u00f2n ho\u00e0n h\u1ea3o v\u00e0 dung sai \u0111\u01b0\u1eddng k\u00ednh r\u1ea5t ch\u1eb7t ch\u1ebd kh\u00f4ng ch\u1ed3ng ch\u00e9o ho\u1eb7c r\u1ed1i. Tan t\u1ed1t, kh\u00f4ng n\u1ee9t, kh\u00f4ng c\u00f3 b\u1ecdt. c\u1ea5p li\u1ec7u tr\u01a1n tru v\u00e0 li\u00ean t\u1ee5c m\u00e0 kh\u00f4ng l\u00e0m t\u1eafc v\u00f2i phun ho\u1eb7c m\u00e1y \u0111\u00f9n.<br \/>\n_\u1ee8ng d\u1ee5ng r\u1ed9ng r\u00e3i: N\u00f3 c\u00f3 \u0111\u1ed9 b\u1ec1n v\u00e0 \u0111\u1ed9 c\u1ee9ng cao h\u01a1n, \u00edt cong v\u00eanh h\u01a1n v\u00e0 ch\u1ed1ng m\u00e0i m\u00f2n t\u1ed1t h\u01a1n so v\u1edbi s\u1ee3i nylon truy\u1ec1n th\u1ed1ng. Th\u00edch h\u1ee3p cho c\u00e1c b\u1ed9 ph\u1eadn c\u00f4ng nghi\u1ec7p m\u1ea1nh m\u1ebd v\u00e0 linh ho\u1ea1t, ch\u00e2n tay gi\u1ea3, thi\u1ebft b\u1ecb y t\u1ebf v\u00e0 trang ph\u1ee5c ph\u1ee9c t\u1ea1p, v.v.<br \/>\n_Bao b\u00ec k\u00edn h\u00fat ch\u00e2n kh\u00f4ng: Kh\u1ed1i l\u01b0\u1ee3ng t\u1ecbnh: 1KG. S\u1ee3i nh\u1ef1a eSUN \u0111i k\u00e8m trong m\u1ed9t t\u00fai h\u00fat ch\u00e2n kh\u00f4ng k\u00edn v\u1edbi t\u00fai h\u00fat \u1ea9m \u0111\u1ec3 gi\u1eef cho m\u00e1y kh\u00f4 r\u00e1o v\u00e0 tr\u00e1nh b\u1ee5i v\u00e0 c\u00e1c h\u1ea1t l\u1ea1, ng\u0103n ng\u1eeba k\u1eb9t v\u00f2i v\u00e0 t\u1ea1o ra c\u00e1c m\u00f4 h\u00ecnh 3D m\u01b0\u1ee3t m\u00e0.<\/p>\n<p>**\u0110\u1ec3 \u0111\u01b0\u1ee3c nh\u1eadn h\u1ed9 tr\u1ee3 th\u00eam v\u1ec1 Gi\u00e1 v\u00e0 Th\u00f4ng tin c\u1ee7a s\u1ea3n ph\u1ea9m, vui l\u00f2ng li\u00ean h\u1ec7:<br \/>\n0913.939.775 g\u1eb7p A. Qu\u00e2n (for English)<br \/>\n094.144.0951 contact A.Quynh<br \/>\n**Selling price does not include VAT (+10% if VAT invoice is issued)<\/p>","protected":false},"excerpt":{"rendered":"<p>Nh\u1ef1a in 3d Carbon Fiber ESUN ePA-CF Natural m\u00e0u \u0110en 1kg\/Cu\u1ed9n<\/p>","protected":false},"featured_media":2211,"comment_status":"open","ping_status":"closed","template":"","meta":{"inline_featured_image":false},"product_brand":[],"product_cat":[455,456,466],"product_tag":[],"class_list":{"0":"post-2220","1":"product","2":"type-product","3":"status-publish","4":"has-post-thumbnail","6":"product_cat-nhua-in-3d","7":"product_cat-nhua-in-3d-fdm","8":"product_cat-soi-nhua-esun-fdm","10":"first","11":"instock","12":"taxable","13":"shipping-taxable","14":"purchasable","15":"product-type-simple"},"yoast_head":"<!-- This site is optimized with the Yoast SEO Premium plugin v22.8 (Yoast SEO v26.9) - https:\/\/yoast.com\/product\/yoast-seo-premium-wordpress\/ -->\n<title>Nh\u1ef1a in 3d Carbon Fiber ESUN ePA-CF Natural m\u00e0u \u0110en 1kg\/Cu\u1ed9n - NGE 3D Printers Services<\/title>\n<meta name=\"robots\" content=\"index, follow, max-snippet:-1, max-image-preview:large, max-video-preview:-1\" \/>\n<link rel=\"canonical\" href=\"https:\/\/nge.vn\/en\/product\/nhua-in-3d-carbon-fiber-esun-epa-cf-natural-mau-den-1kg-cuon\/\" \/>\n<meta property=\"og:locale\" content=\"en_US\" \/>\n<meta property=\"og:type\" content=\"article\" \/>\n<meta property=\"og:title\" content=\"Nh\u1ef1a in 3d Carbon Fiber ESUN ePA-CF Natural m\u00e0u \u0110en 1kg\/Cu\u1ed9n\" \/>\n<meta property=\"og:description\" content=\"Nh\u1ef1a in 3d Carbon Fiber ESUN ePA-CF Natural m\u00e0u \u0110en 1kg\/Cu\u1ed9n\" \/>\n<meta property=\"og:url\" content=\"https:\/\/nge.vn\/en\/product\/nhua-in-3d-carbon-fiber-esun-epa-cf-natural-mau-den-1kg-cuon\/\" \/>\n<meta property=\"og:site_name\" content=\"NGE 3D Printers Services\" \/>\n<meta property=\"article:modified_time\" content=\"2025-08-15T08:23:53+00:00\" \/>\n<meta property=\"og:image\" content=\"https:\/\/nge.vn\/wp-content\/uploads\/2024\/10\/images-upload-woo2F13a735758eddc1dbe473057ca9329a9a.jpg\" \/>\n\t<meta property=\"og:image:width\" content=\"706\" \/>\n\t<meta property=\"og:image:height\" content=\"706\" \/>\n\t<meta property=\"og:image:type\" content=\"image\/jpeg\" \/>\n<meta name=\"twitter:card\" content=\"summary_large_image\" \/>\n<meta name=\"twitter:label1\" content=\"Est. reading time\" \/>\n\t<meta name=\"twitter:data1\" content=\"4 minutes\" \/>\n<script type=\"application\/ld+json\" class=\"yoast-schema-graph\">{\"@context\":\"https:\/\/schema.org\",\"@graph\":[{\"@type\":\"WebPage\",\"@id\":\"https:\/\/nge.vn\/san-pham\/nhua-in-3d-carbon-fiber-esun-epa-cf-natural-mau-den-1kg-cuon\/\",\"url\":\"https:\/\/nge.vn\/san-pham\/nhua-in-3d-carbon-fiber-esun-epa-cf-natural-mau-den-1kg-cuon\/\",\"name\":\"Nh\u1ef1a in 3d Carbon Fiber ESUN ePA-CF Natural m\u00e0u \u0110en 1kg\/Cu\u1ed9n - NGE 3D Printers Services\",\"isPartOf\":{\"@id\":\"https:\/\/nge.vn\/#website\"},\"primaryImageOfPage\":{\"@id\":\"https:\/\/nge.vn\/san-pham\/nhua-in-3d-carbon-fiber-esun-epa-cf-natural-mau-den-1kg-cuon\/#primaryimage\"},\"image\":{\"@id\":\"https:\/\/nge.vn\/san-pham\/nhua-in-3d-carbon-fiber-esun-epa-cf-natural-mau-den-1kg-cuon\/#primaryimage\"},\"thumbnailUrl\":\"https:\/\/nge.vn\/wp-content\/uploads\/2024\/10\/images-upload-woo2F13a735758eddc1dbe473057ca9329a9a.jpg\",\"datePublished\":\"2024-10-26T03:35:43+00:00\",\"dateModified\":\"2025-08-15T08:23:53+00:00\",\"breadcrumb\":{\"@id\":\"https:\/\/nge.vn\/san-pham\/nhua-in-3d-carbon-fiber-esun-epa-cf-natural-mau-den-1kg-cuon\/#breadcrumb\"},\"inLanguage\":\"en-US\",\"potentialAction\":[{\"@type\":\"ReadAction\",\"target\":[\"https:\/\/nge.vn\/san-pham\/nhua-in-3d-carbon-fiber-esun-epa-cf-natural-mau-den-1kg-cuon\/\"]}]},{\"@type\":\"ImageObject\",\"inLanguage\":\"en-US\",\"@id\":\"https:\/\/nge.vn\/san-pham\/nhua-in-3d-carbon-fiber-esun-epa-cf-natural-mau-den-1kg-cuon\/#primaryimage\",\"url\":\"https:\/\/nge.vn\/wp-content\/uploads\/2024\/10\/images-upload-woo2F13a735758eddc1dbe473057ca9329a9a.jpg\",\"contentUrl\":\"https:\/\/nge.vn\/wp-content\/uploads\/2024\/10\/images-upload-woo2F13a735758eddc1dbe473057ca9329a9a.jpg\",\"width\":706,\"height\":706},{\"@type\":\"BreadcrumbList\",\"@id\":\"https:\/\/nge.vn\/san-pham\/nhua-in-3d-carbon-fiber-esun-epa-cf-natural-mau-den-1kg-cuon\/#breadcrumb\",\"itemListElement\":[{\"@type\":\"ListItem\",\"position\":1,\"name\":\"Trang ch\u1ee7\",\"item\":\"https:\/\/nge.vn\/\"},{\"@type\":\"ListItem\",\"position\":2,\"name\":\"S\u1ea3n ph\u1ea9m\",\"item\":\"https:\/\/nge.vn\/san-pham\/\"},{\"@type\":\"ListItem\",\"position\":3,\"name\":\"Nh\u1ef1a in 3d Carbon Fiber ESUN ePA-CF Natural m\u00e0u \u0110en 1kg\/Cu\u1ed9n\"}]},{\"@type\":\"WebSite\",\"@id\":\"https:\/\/nge.vn\/#website\",\"url\":\"https:\/\/nge.vn\/\",\"name\":\"NGE 3D Printers Services\",\"description\":\"\",\"potentialAction\":[{\"@type\":\"SearchAction\",\"target\":{\"@type\":\"EntryPoint\",\"urlTemplate\":\"https:\/\/nge.vn\/?s={search_term_string}\"},\"query-input\":{\"@type\":\"PropertyValueSpecification\",\"valueRequired\":true,\"valueName\":\"search_term_string\"}}],\"inLanguage\":\"en-US\"}]}<\/script>\n<!-- \/ Yoast SEO Premium plugin. -->","yoast_head_json":{"title":"Nh\u1ef1a in 3d Carbon Fiber ESUN ePA-CF Natural m\u00e0u \u0110en 1kg\/Cu\u1ed9n - NGE 3D Printers Services","robots":{"index":"index","follow":"follow","max-snippet":"max-snippet:-1","max-image-preview":"max-image-preview:large","max-video-preview":"max-video-preview:-1"},"canonical":"https:\/\/nge.vn\/en\/product\/nhua-in-3d-carbon-fiber-esun-epa-cf-natural-mau-den-1kg-cuon\/","og_locale":"en_US","og_type":"article","og_title":"Nh\u1ef1a in 3d Carbon Fiber ESUN ePA-CF Natural m\u00e0u \u0110en 1kg\/Cu\u1ed9n","og_description":"Nh\u1ef1a in 3d Carbon Fiber ESUN ePA-CF Natural m\u00e0u \u0110en 1kg\/Cu\u1ed9n","og_url":"https:\/\/nge.vn\/en\/product\/nhua-in-3d-carbon-fiber-esun-epa-cf-natural-mau-den-1kg-cuon\/","og_site_name":"NGE 3D Printers Services","article_modified_time":"2025-08-15T08:23:53+00:00","og_image":[{"width":706,"height":706,"url":"https:\/\/nge.vn\/wp-content\/uploads\/2024\/10\/images-upload-woo2F13a735758eddc1dbe473057ca9329a9a.jpg","type":"image\/jpeg"}],"twitter_card":"summary_large_image","twitter_misc":{"Est. reading time":"4 minutes"},"schema":{"@context":"https:\/\/schema.org","@graph":[{"@type":"WebPage","@id":"https:\/\/nge.vn\/san-pham\/nhua-in-3d-carbon-fiber-esun-epa-cf-natural-mau-den-1kg-cuon\/","url":"https:\/\/nge.vn\/san-pham\/nhua-in-3d-carbon-fiber-esun-epa-cf-natural-mau-den-1kg-cuon\/","name":"Nh\u1ef1a in 3d Carbon Fiber ESUN ePA-CF Natural m\u00e0u \u0110en 1kg\/Cu\u1ed9n - NGE 3D Printers Services","isPartOf":{"@id":"https:\/\/nge.vn\/#website"},"primaryImageOfPage":{"@id":"https:\/\/nge.vn\/san-pham\/nhua-in-3d-carbon-fiber-esun-epa-cf-natural-mau-den-1kg-cuon\/#primaryimage"},"image":{"@id":"https:\/\/nge.vn\/san-pham\/nhua-in-3d-carbon-fiber-esun-epa-cf-natural-mau-den-1kg-cuon\/#primaryimage"},"thumbnailUrl":"https:\/\/nge.vn\/wp-content\/uploads\/2024\/10\/images-upload-woo2F13a735758eddc1dbe473057ca9329a9a.jpg","datePublished":"2024-10-26T03:35:43+00:00","dateModified":"2025-08-15T08:23:53+00:00","breadcrumb":{"@id":"https:\/\/nge.vn\/san-pham\/nhua-in-3d-carbon-fiber-esun-epa-cf-natural-mau-den-1kg-cuon\/#breadcrumb"},"inLanguage":"en-US","potentialAction":[{"@type":"ReadAction","target":["https:\/\/nge.vn\/san-pham\/nhua-in-3d-carbon-fiber-esun-epa-cf-natural-mau-den-1kg-cuon\/"]}]},{"@type":"ImageObject","inLanguage":"en-US","@id":"https:\/\/nge.vn\/san-pham\/nhua-in-3d-carbon-fiber-esun-epa-cf-natural-mau-den-1kg-cuon\/#primaryimage","url":"https:\/\/nge.vn\/wp-content\/uploads\/2024\/10\/images-upload-woo2F13a735758eddc1dbe473057ca9329a9a.jpg","contentUrl":"https:\/\/nge.vn\/wp-content\/uploads\/2024\/10\/images-upload-woo2F13a735758eddc1dbe473057ca9329a9a.jpg","width":706,"height":706},{"@type":"BreadcrumbList","@id":"https:\/\/nge.vn\/san-pham\/nhua-in-3d-carbon-fiber-esun-epa-cf-natural-mau-den-1kg-cuon\/#breadcrumb","itemListElement":[{"@type":"ListItem","position":1,"name":"Trang ch\u1ee7","item":"https:\/\/nge.vn\/"},{"@type":"ListItem","position":2,"name":"S\u1ea3n ph\u1ea9m","item":"https:\/\/nge.vn\/san-pham\/"},{"@type":"ListItem","position":3,"name":"Nh\u1ef1a in 3d Carbon Fiber ESUN ePA-CF Natural m\u00e0u \u0110en 1kg\/Cu\u1ed9n"}]},{"@type":"WebSite","@id":"https:\/\/nge.vn\/#website","url":"https:\/\/nge.vn\/","name":"NGE 3D Printers Services","description":"","potentialAction":[{"@type":"SearchAction","target":{"@type":"EntryPoint","urlTemplate":"https:\/\/nge.vn\/?s={search_term_string}"},"query-input":{"@type":"PropertyValueSpecification","valueRequired":true,"valueName":"search_term_string"}}],"inLanguage":"en-US"}]}},"_links":{"self":[{"href":"https:\/\/nge.vn\/en\/wp-json\/wp\/v2\/product\/2220","targetHints":{"allow":["GET"]}}],"collection":[{"href":"https:\/\/nge.vn\/en\/wp-json\/wp\/v2\/product"}],"about":[{"href":"https:\/\/nge.vn\/en\/wp-json\/wp\/v2\/types\/product"}],"replies":[{"embeddable":true,"href":"https:\/\/nge.vn\/en\/wp-json\/wp\/v2\/comments?post=2220"}],"wp:featuredmedia":[{"embeddable":true,"href":"https:\/\/nge.vn\/en\/wp-json\/wp\/v2\/media\/2211"}],"wp:attachment":[{"href":"https:\/\/nge.vn\/en\/wp-json\/wp\/v2\/media?parent=2220"}],"wp:term":[{"taxonomy":"product_brand","embeddable":true,"href":"https:\/\/nge.vn\/en\/wp-json\/wp\/v2\/product_brand?post=2220"},{"taxonomy":"product_cat","embeddable":true,"href":"https:\/\/nge.vn\/en\/wp-json\/wp\/v2\/product_cat?post=2220"},{"taxonomy":"product_tag","embeddable":true,"href":"https:\/\/nge.vn\/en\/wp-json\/wp\/v2\/product_tag?post=2220"}],"curies":[{"name":"wp","href":"https:\/\/api.w.org\/{rel}","templated":true}]}}