{"id":2204,"date":"2024-10-26T10:33:07","date_gmt":"2024-10-26T03:33:07","guid":{"rendered":"https:\/\/nge.123websitedev.com\/san-pham\/nhua-in-3d-esun-epla-st-do-ben-va-do-chinh-xac-cao-1kg-cuon\/"},"modified":"2025-08-25T16:56:17","modified_gmt":"2025-08-25T09:56:17","slug":"nhua-in-3d-esun-epla-st-do-ben-va-do-chinh-xac-cao-1kg-cuon","status":"publish","type":"product","link":"https:\/\/nge.vn\/en\/product\/nhua-in-3d-esun-epla-st-do-ben-va-do-chinh-xac-cao-1kg-cuon\/","title":{"rendered":"eSun ePLA-ST 3D printing plastic high durability and precision 1kg\/Roll"},"content":{"rendered":"<p>eSun ePLA-ST 3D printing plastic high durability and precision 1kg\/Roll<br \/>\n_N\u00f3 c\u00f3 c\u00e1c \u0111\u1eb7c t\u00ednh ch\u1ed1ng va \u0111\u1eadp cao, \u0111\u1ed9 gi\u00e3n d\u00e0i khi \u0111\u1ee9t, \u0111\u1ed9 b\u1ec1n li\u00ean k\u1ebft cao v\u00e0 \u0111\u1ed9 ch\u00ednh x\u00e1c in cao. Kh\u00f4ng c\u1ea7n \u1ee7 n\u00f3ng gi\u01b0\u1eddng hay in trong bu\u1ed3ng k\u00edn, kh\u00f4ng cong v\u00eanh khi in m\u1eabu l\u1edbn.<br \/>\n_\u0110\u1ed9 b\u1ec1n t\u1ed1t h\u01a1n PETG v\u00e0 c\u00f3 kh\u1ea3 n\u0103ng in t\u1ed1t \u0111\u1ed9 dai nad c\u1ee7a PLA, th\u00edch h\u1ee3p \u0111\u1ec3 in c\u00e1c b\u1ed9 ph\u1eadn c\u01a1 kh\u00ed c\u00f3 y\u00eau c\u1ea7u v\u1ec1 \u0111\u1ed9 b\u1ec1n v\u00e0 \u0111\u1ed9 ch\u00ednh x\u00e1c.<\/p>\n<p>_N\u00f3 ph\u00f9 h\u1ee3p \u0111\u1ec3 in nguy\u00ean m\u1eabu c\u1ee7a c\u00e1c b\u1ed9 ph\u1eadn c\u01a1 kh\u00ed v\u1edbi y\u00eau c\u1ea7u v\u1ec1 \u0111\u1ed9 b\u1ec1n v\u00e0 \u0111\u1ed9 ch\u00ednh x\u00e1c, c\u0169ng nh\u01b0 m\u1ed9t s\u1ed1 b\u1ed9 ph\u1eadn c\u1ea5u tr\u00fac v\u00e0 ch\u1ee9c n\u0103ng, v\u1edbi \u1ee9ng d\u1ee5ng r\u1ed9ng r\u00e3i trong thi\u1ebft k\u1ebf c\u00f4ng nghi\u1ec7p, \u0111i\u1ec7n t\u1eed ti\u00eau d\u00f9ng, ph\u1ee5 t\u00f9ng \u00f4 t\u00f4, s\u1ea3n xu\u1ea5t CNTT, m\u00e1y m\u00f3c v\u00e0 l\u0129nh v\u1ef1c \u0111i\u1ec7n.<\/p>\n<p>+Ch\u1ed1ng va \u0111\u1eadp cao<br \/>\n+PETG d\u1ebbo dai h\u01a1n PETG<br \/>\n+Kh\u1ea3 n\u0103ng in tuy\u1ec7t v\u1eddi<\/p>\n<p>*\u1ee8ng d\u1ee5ng:<br \/>\n+in c\u00e1c b\u1ed9 ph\u1eadn c\u01a1 kh\u00ed<br \/>\n+\u0110i\u1ec7n v\u00e0 \u0111i\u1ec7n t\u1eed<br \/>\n+C\u00f4ng nghi\u1ec7p \u00f4 t\u00f4<\/p>\n<p>**B\u1ea3ng thu\u1ed9c t\u00ednh s\u1ee3i:<br \/>\n+3D PRINTING FILAMENT: ePLA-ST<br \/>\n+Density(g\/cm3): 1.25<br \/>\n+Heat Distortion Temp(\u2103,0.45MPa): 52<br \/>\n+Melt Flow Index(g\/10min): 3.2\uff08190\u2103\/2.16kg\uff09<br \/>\n+Tensile Strength(MPa): 34.3<br \/>\n+Elongation at Break(%): 90<br \/>\n+Flexural Strength(MPa): 43<br \/>\n+Flexural Modulus(MPa): 1477<br \/>\n+IZOD Impact Strength(kJ\/\u33a1): 63<br \/>\n+Durability: 4\/10<br \/>\n+Printability: 9\/10<\/p>\n<p>***C\u00e1c th\u00f4ng s\u1ed1 in \u0111\u1ec1 xu\u1ea5t:<br \/>\n+Extruder Temperature(\u2103): 200 \u2013 230\u2103<br \/>\n+Recommended temperature\uff1a215\u2103<br \/>\n+Bed temperature(\u2103): 45 \u2013 60\u00b0C<br \/>\n+Fan Speed: 100%<br \/>\n+Printing Speed: 40 \u2013 100mm\/s<br \/>\n+Heated Bed: Optional<br \/>\n+Recommended Build Surfaces: Masking paper, PVP solid glue, PEI<\/p>\n<p>*In t\u1eeb xa (gi\u00e1n ti\u1ebfp) c\u1ea7n gi\u1ea3m t\u1ed1c \u0111\u1ed9 in (\u226440mm\/ s) \u0111\u1ec3 ng\u0103n ch\u1eb7n s\u1ef1 c\u1ed1 n\u1ea1p s\u1ee3i nh\u1ef1a c\u00f3 th\u1ec3 x\u1ea3y ra.<\/p>\n<p>**\u0110\u1ec3 \u0111\u01b0\u1ee3c nh\u1eadn h\u1ed9 tr\u1ee3 th\u00eam v\u1ec1 Gi\u00e1 v\u00e0 Th\u00f4ng tin c\u1ee7a s\u1ea3n ph\u1ea9m, vui l\u00f2ng li\u00ean h\u1ec7:<br \/>\n0913.939.775 g\u1eb7p A. Qu\u00e2n (for English)<br \/>\n094.144.0951 contact A.Quynh<br \/>\n**Selling price does not include VAT (+10% if VAT invoice is issued)<\/p>","protected":false},"excerpt":{"rendered":"<p>eSun ePLA-ST 3D printing plastic high durability and precision 1kg\/Roll<\/p>","protected":false},"featured_media":2195,"comment_status":"open","ping_status":"closed","template":"","meta":{"inline_featured_image":false},"product_brand":[],"product_cat":[43],"product_tag":[],"class_list":{"0":"post-2204","1":"product","2":"type-product","3":"status-publish","4":"has-post-thumbnail","6":"product_cat-nhua-in-3d-resin","8":"first","9":"instock","10":"sale","11":"taxable","12":"shipping-taxable","13":"purchasable","14":"product-type-variable"},"yoast_head":"<!-- This site is optimized with the Yoast SEO Premium plugin v22.8 (Yoast SEO v26.9) - https:\/\/yoast.com\/product\/yoast-seo-premium-wordpress\/ -->\n<title>Nh\u1ef1a in 3D eSun ePLA-ST \u0111\u1ed9 b\u1ec1n v\u00e0 \u0111\u1ed9 ch\u00ednh x\u00e1c cao 1kg\/Cu\u1ed9n - NGE 3D Printers Services<\/title>\n<meta name=\"robots\" content=\"index, follow, max-snippet:-1, max-image-preview:large, max-video-preview:-1\" \/>\n<link rel=\"canonical\" href=\"https:\/\/nge.vn\/en\/product\/nhua-in-3d-esun-epla-st-do-ben-va-do-chinh-xac-cao-1kg-cuon\/\" \/>\n<meta property=\"og:locale\" content=\"en_US\" \/>\n<meta property=\"og:type\" content=\"article\" \/>\n<meta property=\"og:title\" content=\"Nh\u1ef1a in 3D eSun ePLA-ST \u0111\u1ed9 b\u1ec1n v\u00e0 \u0111\u1ed9 ch\u00ednh x\u00e1c cao 1kg\/Cu\u1ed9n\" \/>\n<meta property=\"og:description\" content=\"Nh\u1ef1a in 3D eSun ePLA-ST \u0111\u1ed9 b\u1ec1n v\u00e0 \u0111\u1ed9 ch\u00ednh x\u00e1c cao 1kg\/Cu\u1ed9n\" \/>\n<meta property=\"og:url\" content=\"https:\/\/nge.vn\/en\/product\/nhua-in-3d-esun-epla-st-do-ben-va-do-chinh-xac-cao-1kg-cuon\/\" \/>\n<meta property=\"og:site_name\" content=\"NGE 3D Printers Services\" \/>\n<meta property=\"article:modified_time\" content=\"2025-08-25T09:56:17+00:00\" \/>\n<meta property=\"og:image\" content=\"https:\/\/nge.vn\/wp-content\/uploads\/2024\/10\/images-upload-woo2F02a545bc053e5c2f67edfcd30e977029.jpg\" \/>\n\t<meta property=\"og:image:width\" content=\"670\" \/>\n\t<meta property=\"og:image:height\" content=\"670\" \/>\n\t<meta property=\"og:image:type\" content=\"image\/jpeg\" \/>\n<meta name=\"twitter:card\" content=\"summary_large_image\" \/>\n<meta name=\"twitter:label1\" content=\"Est. reading time\" \/>\n\t<meta name=\"twitter:data1\" content=\"2 minutes\" \/>\n<script type=\"application\/ld+json\" class=\"yoast-schema-graph\">{\"@context\":\"https:\/\/schema.org\",\"@graph\":[{\"@type\":\"WebPage\",\"@id\":\"https:\/\/nge.vn\/san-pham\/nhua-in-3d-esun-epla-st-do-ben-va-do-chinh-xac-cao-1kg-cuon\/\",\"url\":\"https:\/\/nge.vn\/san-pham\/nhua-in-3d-esun-epla-st-do-ben-va-do-chinh-xac-cao-1kg-cuon\/\",\"name\":\"Nh\u1ef1a in 3D eSun ePLA-ST \u0111\u1ed9 b\u1ec1n v\u00e0 \u0111\u1ed9 ch\u00ednh x\u00e1c cao 1kg\/Cu\u1ed9n - NGE 3D Printers Services\",\"isPartOf\":{\"@id\":\"https:\/\/nge.vn\/#website\"},\"primaryImageOfPage\":{\"@id\":\"https:\/\/nge.vn\/san-pham\/nhua-in-3d-esun-epla-st-do-ben-va-do-chinh-xac-cao-1kg-cuon\/#primaryimage\"},\"image\":{\"@id\":\"https:\/\/nge.vn\/san-pham\/nhua-in-3d-esun-epla-st-do-ben-va-do-chinh-xac-cao-1kg-cuon\/#primaryimage\"},\"thumbnailUrl\":\"https:\/\/nge.vn\/wp-content\/uploads\/2024\/10\/images-upload-woo2F02a545bc053e5c2f67edfcd30e977029.jpg\",\"datePublished\":\"2024-10-26T03:33:07+00:00\",\"dateModified\":\"2025-08-25T09:56:17+00:00\",\"breadcrumb\":{\"@id\":\"https:\/\/nge.vn\/san-pham\/nhua-in-3d-esun-epla-st-do-ben-va-do-chinh-xac-cao-1kg-cuon\/#breadcrumb\"},\"inLanguage\":\"en-US\",\"potentialAction\":[{\"@type\":\"ReadAction\",\"target\":[\"https:\/\/nge.vn\/san-pham\/nhua-in-3d-esun-epla-st-do-ben-va-do-chinh-xac-cao-1kg-cuon\/\"]}]},{\"@type\":\"ImageObject\",\"inLanguage\":\"en-US\",\"@id\":\"https:\/\/nge.vn\/san-pham\/nhua-in-3d-esun-epla-st-do-ben-va-do-chinh-xac-cao-1kg-cuon\/#primaryimage\",\"url\":\"https:\/\/nge.vn\/wp-content\/uploads\/2024\/10\/images-upload-woo2F02a545bc053e5c2f67edfcd30e977029.jpg\",\"contentUrl\":\"https:\/\/nge.vn\/wp-content\/uploads\/2024\/10\/images-upload-woo2F02a545bc053e5c2f67edfcd30e977029.jpg\",\"width\":670,\"height\":670},{\"@type\":\"BreadcrumbList\",\"@id\":\"https:\/\/nge.vn\/san-pham\/nhua-in-3d-esun-epla-st-do-ben-va-do-chinh-xac-cao-1kg-cuon\/#breadcrumb\",\"itemListElement\":[{\"@type\":\"ListItem\",\"position\":1,\"name\":\"Trang ch\u1ee7\",\"item\":\"https:\/\/nge.vn\/\"},{\"@type\":\"ListItem\",\"position\":2,\"name\":\"S\u1ea3n ph\u1ea9m\",\"item\":\"https:\/\/nge.vn\/san-pham\/\"},{\"@type\":\"ListItem\",\"position\":3,\"name\":\"Nh\u1ef1a in 3D eSun ePLA-ST \u0111\u1ed9 b\u1ec1n v\u00e0 \u0111\u1ed9 ch\u00ednh x\u00e1c cao 1kg\/Cu\u1ed9n\"}]},{\"@type\":\"WebSite\",\"@id\":\"https:\/\/nge.vn\/#website\",\"url\":\"https:\/\/nge.vn\/\",\"name\":\"NGE 3D Printers Services\",\"description\":\"\",\"potentialAction\":[{\"@type\":\"SearchAction\",\"target\":{\"@type\":\"EntryPoint\",\"urlTemplate\":\"https:\/\/nge.vn\/?s={search_term_string}\"},\"query-input\":{\"@type\":\"PropertyValueSpecification\",\"valueRequired\":true,\"valueName\":\"search_term_string\"}}],\"inLanguage\":\"en-US\"}]}<\/script>\n<!-- \/ Yoast SEO Premium plugin. -->","yoast_head_json":{"title":"Nh\u1ef1a in 3D eSun ePLA-ST \u0111\u1ed9 b\u1ec1n v\u00e0 \u0111\u1ed9 ch\u00ednh x\u00e1c cao 1kg\/Cu\u1ed9n - NGE 3D Printers Services","robots":{"index":"index","follow":"follow","max-snippet":"max-snippet:-1","max-image-preview":"max-image-preview:large","max-video-preview":"max-video-preview:-1"},"canonical":"https:\/\/nge.vn\/en\/product\/nhua-in-3d-esun-epla-st-do-ben-va-do-chinh-xac-cao-1kg-cuon\/","og_locale":"en_US","og_type":"article","og_title":"Nh\u1ef1a in 3D eSun ePLA-ST \u0111\u1ed9 b\u1ec1n v\u00e0 \u0111\u1ed9 ch\u00ednh x\u00e1c cao 1kg\/Cu\u1ed9n","og_description":"Nh\u1ef1a in 3D eSun ePLA-ST \u0111\u1ed9 b\u1ec1n v\u00e0 \u0111\u1ed9 ch\u00ednh x\u00e1c cao 1kg\/Cu\u1ed9n","og_url":"https:\/\/nge.vn\/en\/product\/nhua-in-3d-esun-epla-st-do-ben-va-do-chinh-xac-cao-1kg-cuon\/","og_site_name":"NGE 3D Printers Services","article_modified_time":"2025-08-25T09:56:17+00:00","og_image":[{"width":670,"height":670,"url":"https:\/\/nge.vn\/wp-content\/uploads\/2024\/10\/images-upload-woo2F02a545bc053e5c2f67edfcd30e977029.jpg","type":"image\/jpeg"}],"twitter_card":"summary_large_image","twitter_misc":{"Est. reading time":"2 minutes"},"schema":{"@context":"https:\/\/schema.org","@graph":[{"@type":"WebPage","@id":"https:\/\/nge.vn\/san-pham\/nhua-in-3d-esun-epla-st-do-ben-va-do-chinh-xac-cao-1kg-cuon\/","url":"https:\/\/nge.vn\/san-pham\/nhua-in-3d-esun-epla-st-do-ben-va-do-chinh-xac-cao-1kg-cuon\/","name":"Nh\u1ef1a in 3D eSun ePLA-ST \u0111\u1ed9 b\u1ec1n v\u00e0 \u0111\u1ed9 ch\u00ednh x\u00e1c cao 1kg\/Cu\u1ed9n - NGE 3D Printers Services","isPartOf":{"@id":"https:\/\/nge.vn\/#website"},"primaryImageOfPage":{"@id":"https:\/\/nge.vn\/san-pham\/nhua-in-3d-esun-epla-st-do-ben-va-do-chinh-xac-cao-1kg-cuon\/#primaryimage"},"image":{"@id":"https:\/\/nge.vn\/san-pham\/nhua-in-3d-esun-epla-st-do-ben-va-do-chinh-xac-cao-1kg-cuon\/#primaryimage"},"thumbnailUrl":"https:\/\/nge.vn\/wp-content\/uploads\/2024\/10\/images-upload-woo2F02a545bc053e5c2f67edfcd30e977029.jpg","datePublished":"2024-10-26T03:33:07+00:00","dateModified":"2025-08-25T09:56:17+00:00","breadcrumb":{"@id":"https:\/\/nge.vn\/san-pham\/nhua-in-3d-esun-epla-st-do-ben-va-do-chinh-xac-cao-1kg-cuon\/#breadcrumb"},"inLanguage":"en-US","potentialAction":[{"@type":"ReadAction","target":["https:\/\/nge.vn\/san-pham\/nhua-in-3d-esun-epla-st-do-ben-va-do-chinh-xac-cao-1kg-cuon\/"]}]},{"@type":"ImageObject","inLanguage":"en-US","@id":"https:\/\/nge.vn\/san-pham\/nhua-in-3d-esun-epla-st-do-ben-va-do-chinh-xac-cao-1kg-cuon\/#primaryimage","url":"https:\/\/nge.vn\/wp-content\/uploads\/2024\/10\/images-upload-woo2F02a545bc053e5c2f67edfcd30e977029.jpg","contentUrl":"https:\/\/nge.vn\/wp-content\/uploads\/2024\/10\/images-upload-woo2F02a545bc053e5c2f67edfcd30e977029.jpg","width":670,"height":670},{"@type":"BreadcrumbList","@id":"https:\/\/nge.vn\/san-pham\/nhua-in-3d-esun-epla-st-do-ben-va-do-chinh-xac-cao-1kg-cuon\/#breadcrumb","itemListElement":[{"@type":"ListItem","position":1,"name":"Trang ch\u1ee7","item":"https:\/\/nge.vn\/"},{"@type":"ListItem","position":2,"name":"S\u1ea3n ph\u1ea9m","item":"https:\/\/nge.vn\/san-pham\/"},{"@type":"ListItem","position":3,"name":"Nh\u1ef1a in 3D eSun ePLA-ST \u0111\u1ed9 b\u1ec1n v\u00e0 \u0111\u1ed9 ch\u00ednh x\u00e1c cao 1kg\/Cu\u1ed9n"}]},{"@type":"WebSite","@id":"https:\/\/nge.vn\/#website","url":"https:\/\/nge.vn\/","name":"NGE 3D Printers Services","description":"","potentialAction":[{"@type":"SearchAction","target":{"@type":"EntryPoint","urlTemplate":"https:\/\/nge.vn\/?s={search_term_string}"},"query-input":{"@type":"PropertyValueSpecification","valueRequired":true,"valueName":"search_term_string"}}],"inLanguage":"en-US"}]}},"_links":{"self":[{"href":"https:\/\/nge.vn\/en\/wp-json\/wp\/v2\/product\/2204","targetHints":{"allow":["GET"]}}],"collection":[{"href":"https:\/\/nge.vn\/en\/wp-json\/wp\/v2\/product"}],"about":[{"href":"https:\/\/nge.vn\/en\/wp-json\/wp\/v2\/types\/product"}],"replies":[{"embeddable":true,"href":"https:\/\/nge.vn\/en\/wp-json\/wp\/v2\/comments?post=2204"}],"wp:featuredmedia":[{"embeddable":true,"href":"https:\/\/nge.vn\/en\/wp-json\/wp\/v2\/media\/2195"}],"wp:attachment":[{"href":"https:\/\/nge.vn\/en\/wp-json\/wp\/v2\/media?parent=2204"}],"wp:term":[{"taxonomy":"product_brand","embeddable":true,"href":"https:\/\/nge.vn\/en\/wp-json\/wp\/v2\/product_brand?post=2204"},{"taxonomy":"product_cat","embeddable":true,"href":"https:\/\/nge.vn\/en\/wp-json\/wp\/v2\/product_cat?post=2204"},{"taxonomy":"product_tag","embeddable":true,"href":"https:\/\/nge.vn\/en\/wp-json\/wp\/v2\/product_tag?post=2204"}],"curies":[{"name":"wp","href":"https:\/\/api.w.org\/{rel}","templated":true}]}}