{"id":2190,"date":"2024-10-26T10:29:24","date_gmt":"2024-10-26T03:29:24","guid":{"rendered":"https:\/\/nge.123websitedev.com\/san-pham\/nhua-in-3d-chiu-nhiet-do-cao-high-temp-resin-0-5kg-chai-vo-nhua\/"},"modified":"2024-10-29T17:03:57","modified_gmt":"2024-10-29T10:03:57","slug":"nhua-in-3d-chiu-nhiet-do-cao-high-temp-resin-0-5kg-chai-vo-nhua","status":"publish","type":"product","link":"https:\/\/nge.vn\/en\/product\/nhua-in-3d-chiu-nhiet-do-cao-high-temp-resin-0-5kg-chai-vo-nhua\/","title":{"rendered":"Nh\u1ef1a in 3d ch\u1ecbu nhi\u1ec7t \u0111\u1ed9 cao High Temp Resin 0.5kg\/Chai V\u1ecf Nh\u1ef1a"},"content":{"rendered":"<p>Nh\u1ef1a in 3d ch\u1ecbu nhi\u1ec7t \u0111\u1ed9 cao High Temp Resin 0.5kg\/Chai V\u1ecf Nh\u1ef1a<br \/>\n+Ch\u1ecbu nhi\u1ec7t \u0111\u1ed9 t\u1ed1t, c\u00f3 th\u1ec3 \u0111un l\u00e2u \u1edf nhi\u1ec7t \u0111\u1ed9 120\u2103 ho\u1eb7c \u0111un s\u00f4i \u1edf nhi\u1ec7t \u0111\u1ed9 100\u2103.<br \/>\n+V\u1edbi \u0111\u1ed9 c\u1ee9ng cao v\u00e0 \u0111\u1ed9 b\u1ec1n cao, \u0111\u1ed9 ch\u00ednh x\u00e1c cao, m\u00f4 h\u00ecnh \u0111\u00f3ng r\u1eafn ho\u00e0n to\u00e0n c\u00f3 c\u00e1c \u0111\u1eb7c t\u00ednh c\u01a1 h\u1ecdc v\u00e0 kh\u1ea3 n\u0103ng ch\u1ecbu nhi\u1ec7t \u0111\u1ed9 cao.<br \/>\n+C\u00f3 th\u1ec3 \u0111\u01b0\u1ee3c s\u1eed d\u1ee5ng cho khu\u00f4n nha khoa nhi\u1ec7t \u0111\u1ed9 cao, \u0111\u00e1p \u1ee9ng nhu c\u1ea7u l\u1eafp r\u00e1p v\u00e0 s\u1ea3n xu\u1ea5t m\u00f4 h\u00ecnh nha khoa t\u1ed1t, nhi\u1ec7t \u0111\u1ed9 cao v\u00e0 bi\u1ebfn d\u1ea1ng th\u1ea5p.<\/p>\n<p>_B\u1ea3ng thu\u1ed9c t\u00ednh RESIN PHOTOPOLYMER PRINTING 3D<br \/>\n+3D PRINTING PHOTOPOLYMER RESIN High Temp Resin<br \/>\n+Viscosity(mPa\u00b7s) 180-220<br \/>\n+Density(g\/cm3) 1.09-1.10<br \/>\n+Tensile Strength(MPa) 70-85<br \/>\n+Elongation at Break(%) 35-40<br \/>\n+Flexural Strength(MPa) 95-105<br \/>\n+Impact Strength(J\/m) \/<br \/>\n+Tearing Strength(GPa) \/<br \/>\n+Heat Distortion Temp(\u2103) 100.5(After printing, place in a 150\u2103 oven for 30 minutes)<br \/>\n+Hardness(Shore D) 82-84<\/p>\n<p>_Grades (out of 10)<br \/>\n+Strength\uff08S\uff09 10<br \/>\n+Toughness\uff08F\uff09 8<br \/>\n+Forming\uff08P\uff09 8<br \/>\n+Accuracy\uff08S\uff09 7<br \/>\n+Speed \uff08A\uff09 8<\/p>\n<p>**\u0110\u1ec3 \u0111\u01b0\u1ee3c nh\u1eadn h\u1ed9 tr\u1ee3 th\u00eam v\u1ec1 Gi\u00e1 v\u00e0 Th\u00f4ng tin c\u1ee7a s\u1ea3n ph\u1ea9m, vui l\u00f2ng li\u00ean h\u1ec7:<br \/>\n0913.939.775 &#8211; 0934.156.173 g\u1eb7p A. Qu\u00e2n (for English)<br \/>\n094.144.0951 contact A.Quynh<br \/>\n**Selling price does not include VAT (+10% if VAT invoice is issued)<\/p>","protected":false},"excerpt":{"rendered":"<p>Nh\u1ef1a in 3d ch\u1ecbu nhi\u1ec7t \u0111\u1ed9 cao High Temp Resin 0.5kg\/Chai V\u1ecf Nh\u1ef1a<\/p>","protected":false},"featured_media":2181,"comment_status":"open","ping_status":"closed","template":"","meta":{"inline_featured_image":false},"product_brand":[],"product_cat":[455],"product_tag":[],"class_list":{"0":"post-2190","1":"product","2":"type-product","3":"status-publish","4":"has-post-thumbnail","6":"product_cat-nhua-in-3d","8":"first","9":"instock","10":"taxable","11":"shipping-taxable","12":"purchasable","13":"product-type-variable"},"yoast_head":"<!-- This site is optimized with the Yoast SEO Premium plugin v22.8 (Yoast SEO v26.9) - https:\/\/yoast.com\/product\/yoast-seo-premium-wordpress\/ -->\n<title>Nh\u1ef1a in 3d ch\u1ecbu nhi\u1ec7t \u0111\u1ed9 cao High Temp Resin 0.5kg\/Chai V\u1ecf Nh\u1ef1a - NGE 3D Printers Services<\/title>\n<meta name=\"robots\" content=\"index, follow, max-snippet:-1, max-image-preview:large, max-video-preview:-1\" \/>\n<link rel=\"canonical\" href=\"https:\/\/nge.vn\/en\/product\/nhua-in-3d-chiu-nhiet-do-cao-high-temp-resin-0-5kg-chai-vo-nhua\/\" \/>\n<meta property=\"og:locale\" content=\"en_US\" \/>\n<meta property=\"og:type\" content=\"article\" \/>\n<meta property=\"og:title\" content=\"Nh\u1ef1a in 3d ch\u1ecbu nhi\u1ec7t \u0111\u1ed9 cao High Temp Resin 0.5kg\/Chai V\u1ecf Nh\u1ef1a\" \/>\n<meta property=\"og:description\" content=\"Nh\u1ef1a in 3d ch\u1ecbu nhi\u1ec7t \u0111\u1ed9 cao High Temp Resin 0.5kg\/Chai V\u1ecf Nh\u1ef1a\" \/>\n<meta property=\"og:url\" content=\"https:\/\/nge.vn\/en\/product\/nhua-in-3d-chiu-nhiet-do-cao-high-temp-resin-0-5kg-chai-vo-nhua\/\" \/>\n<meta property=\"og:site_name\" content=\"NGE 3D Printers Services\" \/>\n<meta property=\"article:modified_time\" content=\"2024-10-29T10:03:57+00:00\" \/>\n<meta property=\"og:image\" content=\"https:\/\/nge.vn\/wp-content\/uploads\/2024\/10\/images-upload-woo2Fca02d61c536545ef14f423126d2b7175.jpg\" \/>\n\t<meta property=\"og:image:width\" content=\"925\" \/>\n\t<meta property=\"og:image:height\" content=\"925\" \/>\n\t<meta property=\"og:image:type\" content=\"image\/jpeg\" \/>\n<meta name=\"twitter:card\" content=\"summary_large_image\" \/>\n<meta name=\"twitter:label1\" content=\"Est. reading time\" \/>\n\t<meta name=\"twitter:data1\" content=\"1 minute\" \/>\n<script type=\"application\/ld+json\" class=\"yoast-schema-graph\">{\"@context\":\"https:\/\/schema.org\",\"@graph\":[{\"@type\":\"WebPage\",\"@id\":\"https:\/\/nge.vn\/san-pham\/nhua-in-3d-chiu-nhiet-do-cao-high-temp-resin-0-5kg-chai-vo-nhua\/\",\"url\":\"https:\/\/nge.vn\/san-pham\/nhua-in-3d-chiu-nhiet-do-cao-high-temp-resin-0-5kg-chai-vo-nhua\/\",\"name\":\"Nh\u1ef1a in 3d ch\u1ecbu nhi\u1ec7t \u0111\u1ed9 cao High Temp Resin 0.5kg\/Chai V\u1ecf Nh\u1ef1a - NGE 3D Printers Services\",\"isPartOf\":{\"@id\":\"https:\/\/nge.vn\/#website\"},\"primaryImageOfPage\":{\"@id\":\"https:\/\/nge.vn\/san-pham\/nhua-in-3d-chiu-nhiet-do-cao-high-temp-resin-0-5kg-chai-vo-nhua\/#primaryimage\"},\"image\":{\"@id\":\"https:\/\/nge.vn\/san-pham\/nhua-in-3d-chiu-nhiet-do-cao-high-temp-resin-0-5kg-chai-vo-nhua\/#primaryimage\"},\"thumbnailUrl\":\"https:\/\/nge.vn\/wp-content\/uploads\/2024\/10\/images-upload-woo2Fca02d61c536545ef14f423126d2b7175.jpg\",\"datePublished\":\"2024-10-26T03:29:24+00:00\",\"dateModified\":\"2024-10-29T10:03:57+00:00\",\"breadcrumb\":{\"@id\":\"https:\/\/nge.vn\/san-pham\/nhua-in-3d-chiu-nhiet-do-cao-high-temp-resin-0-5kg-chai-vo-nhua\/#breadcrumb\"},\"inLanguage\":\"en-US\",\"potentialAction\":[{\"@type\":\"ReadAction\",\"target\":[\"https:\/\/nge.vn\/san-pham\/nhua-in-3d-chiu-nhiet-do-cao-high-temp-resin-0-5kg-chai-vo-nhua\/\"]}]},{\"@type\":\"ImageObject\",\"inLanguage\":\"en-US\",\"@id\":\"https:\/\/nge.vn\/san-pham\/nhua-in-3d-chiu-nhiet-do-cao-high-temp-resin-0-5kg-chai-vo-nhua\/#primaryimage\",\"url\":\"https:\/\/nge.vn\/wp-content\/uploads\/2024\/10\/images-upload-woo2Fca02d61c536545ef14f423126d2b7175.jpg\",\"contentUrl\":\"https:\/\/nge.vn\/wp-content\/uploads\/2024\/10\/images-upload-woo2Fca02d61c536545ef14f423126d2b7175.jpg\",\"width\":925,\"height\":925},{\"@type\":\"BreadcrumbList\",\"@id\":\"https:\/\/nge.vn\/san-pham\/nhua-in-3d-chiu-nhiet-do-cao-high-temp-resin-0-5kg-chai-vo-nhua\/#breadcrumb\",\"itemListElement\":[{\"@type\":\"ListItem\",\"position\":1,\"name\":\"Trang ch\u1ee7\",\"item\":\"https:\/\/nge.vn\/\"},{\"@type\":\"ListItem\",\"position\":2,\"name\":\"S\u1ea3n ph\u1ea9m\",\"item\":\"https:\/\/nge.vn\/san-pham\/\"},{\"@type\":\"ListItem\",\"position\":3,\"name\":\"Nh\u1ef1a in 3d ch\u1ecbu nhi\u1ec7t \u0111\u1ed9 cao High Temp Resin 0.5kg\/Chai V\u1ecf Nh\u1ef1a\"}]},{\"@type\":\"WebSite\",\"@id\":\"https:\/\/nge.vn\/#website\",\"url\":\"https:\/\/nge.vn\/\",\"name\":\"NGE 3D Printers Services\",\"description\":\"\",\"potentialAction\":[{\"@type\":\"SearchAction\",\"target\":{\"@type\":\"EntryPoint\",\"urlTemplate\":\"https:\/\/nge.vn\/?s={search_term_string}\"},\"query-input\":{\"@type\":\"PropertyValueSpecification\",\"valueRequired\":true,\"valueName\":\"search_term_string\"}}],\"inLanguage\":\"en-US\"}]}<\/script>\n<!-- \/ Yoast SEO Premium plugin. -->","yoast_head_json":{"title":"Nh\u1ef1a in 3d ch\u1ecbu nhi\u1ec7t \u0111\u1ed9 cao High Temp Resin 0.5kg\/Chai V\u1ecf Nh\u1ef1a - NGE 3D Printers Services","robots":{"index":"index","follow":"follow","max-snippet":"max-snippet:-1","max-image-preview":"max-image-preview:large","max-video-preview":"max-video-preview:-1"},"canonical":"https:\/\/nge.vn\/en\/product\/nhua-in-3d-chiu-nhiet-do-cao-high-temp-resin-0-5kg-chai-vo-nhua\/","og_locale":"en_US","og_type":"article","og_title":"Nh\u1ef1a in 3d ch\u1ecbu nhi\u1ec7t \u0111\u1ed9 cao High Temp Resin 0.5kg\/Chai V\u1ecf Nh\u1ef1a","og_description":"Nh\u1ef1a in 3d ch\u1ecbu nhi\u1ec7t \u0111\u1ed9 cao High Temp Resin 0.5kg\/Chai V\u1ecf Nh\u1ef1a","og_url":"https:\/\/nge.vn\/en\/product\/nhua-in-3d-chiu-nhiet-do-cao-high-temp-resin-0-5kg-chai-vo-nhua\/","og_site_name":"NGE 3D Printers Services","article_modified_time":"2024-10-29T10:03:57+00:00","og_image":[{"width":925,"height":925,"url":"https:\/\/nge.vn\/wp-content\/uploads\/2024\/10\/images-upload-woo2Fca02d61c536545ef14f423126d2b7175.jpg","type":"image\/jpeg"}],"twitter_card":"summary_large_image","twitter_misc":{"Est. reading time":"1 minute"},"schema":{"@context":"https:\/\/schema.org","@graph":[{"@type":"WebPage","@id":"https:\/\/nge.vn\/san-pham\/nhua-in-3d-chiu-nhiet-do-cao-high-temp-resin-0-5kg-chai-vo-nhua\/","url":"https:\/\/nge.vn\/san-pham\/nhua-in-3d-chiu-nhiet-do-cao-high-temp-resin-0-5kg-chai-vo-nhua\/","name":"Nh\u1ef1a in 3d ch\u1ecbu nhi\u1ec7t \u0111\u1ed9 cao High Temp Resin 0.5kg\/Chai V\u1ecf Nh\u1ef1a - NGE 3D Printers Services","isPartOf":{"@id":"https:\/\/nge.vn\/#website"},"primaryImageOfPage":{"@id":"https:\/\/nge.vn\/san-pham\/nhua-in-3d-chiu-nhiet-do-cao-high-temp-resin-0-5kg-chai-vo-nhua\/#primaryimage"},"image":{"@id":"https:\/\/nge.vn\/san-pham\/nhua-in-3d-chiu-nhiet-do-cao-high-temp-resin-0-5kg-chai-vo-nhua\/#primaryimage"},"thumbnailUrl":"https:\/\/nge.vn\/wp-content\/uploads\/2024\/10\/images-upload-woo2Fca02d61c536545ef14f423126d2b7175.jpg","datePublished":"2024-10-26T03:29:24+00:00","dateModified":"2024-10-29T10:03:57+00:00","breadcrumb":{"@id":"https:\/\/nge.vn\/san-pham\/nhua-in-3d-chiu-nhiet-do-cao-high-temp-resin-0-5kg-chai-vo-nhua\/#breadcrumb"},"inLanguage":"en-US","potentialAction":[{"@type":"ReadAction","target":["https:\/\/nge.vn\/san-pham\/nhua-in-3d-chiu-nhiet-do-cao-high-temp-resin-0-5kg-chai-vo-nhua\/"]}]},{"@type":"ImageObject","inLanguage":"en-US","@id":"https:\/\/nge.vn\/san-pham\/nhua-in-3d-chiu-nhiet-do-cao-high-temp-resin-0-5kg-chai-vo-nhua\/#primaryimage","url":"https:\/\/nge.vn\/wp-content\/uploads\/2024\/10\/images-upload-woo2Fca02d61c536545ef14f423126d2b7175.jpg","contentUrl":"https:\/\/nge.vn\/wp-content\/uploads\/2024\/10\/images-upload-woo2Fca02d61c536545ef14f423126d2b7175.jpg","width":925,"height":925},{"@type":"BreadcrumbList","@id":"https:\/\/nge.vn\/san-pham\/nhua-in-3d-chiu-nhiet-do-cao-high-temp-resin-0-5kg-chai-vo-nhua\/#breadcrumb","itemListElement":[{"@type":"ListItem","position":1,"name":"Trang ch\u1ee7","item":"https:\/\/nge.vn\/"},{"@type":"ListItem","position":2,"name":"S\u1ea3n ph\u1ea9m","item":"https:\/\/nge.vn\/san-pham\/"},{"@type":"ListItem","position":3,"name":"Nh\u1ef1a in 3d ch\u1ecbu nhi\u1ec7t \u0111\u1ed9 cao High Temp Resin 0.5kg\/Chai V\u1ecf Nh\u1ef1a"}]},{"@type":"WebSite","@id":"https:\/\/nge.vn\/#website","url":"https:\/\/nge.vn\/","name":"NGE 3D Printers Services","description":"","potentialAction":[{"@type":"SearchAction","target":{"@type":"EntryPoint","urlTemplate":"https:\/\/nge.vn\/?s={search_term_string}"},"query-input":{"@type":"PropertyValueSpecification","valueRequired":true,"valueName":"search_term_string"}}],"inLanguage":"en-US"}]}},"_links":{"self":[{"href":"https:\/\/nge.vn\/en\/wp-json\/wp\/v2\/product\/2190","targetHints":{"allow":["GET"]}}],"collection":[{"href":"https:\/\/nge.vn\/en\/wp-json\/wp\/v2\/product"}],"about":[{"href":"https:\/\/nge.vn\/en\/wp-json\/wp\/v2\/types\/product"}],"replies":[{"embeddable":true,"href":"https:\/\/nge.vn\/en\/wp-json\/wp\/v2\/comments?post=2190"}],"wp:featuredmedia":[{"embeddable":true,"href":"https:\/\/nge.vn\/en\/wp-json\/wp\/v2\/media\/2181"}],"wp:attachment":[{"href":"https:\/\/nge.vn\/en\/wp-json\/wp\/v2\/media?parent=2190"}],"wp:term":[{"taxonomy":"product_brand","embeddable":true,"href":"https:\/\/nge.vn\/en\/wp-json\/wp\/v2\/product_brand?post=2190"},{"taxonomy":"product_cat","embeddable":true,"href":"https:\/\/nge.vn\/en\/wp-json\/wp\/v2\/product_cat?post=2190"},{"taxonomy":"product_tag","embeddable":true,"href":"https:\/\/nge.vn\/en\/wp-json\/wp\/v2\/product_tag?post=2190"}],"curies":[{"name":"wp","href":"https:\/\/api.w.org\/{rel}","templated":true}]}}