{"id":2123,"date":"2024-10-26T10:17:12","date_gmt":"2024-10-26T03:17:12","guid":{"rendered":"https:\/\/nge.123websitedev.com\/san-pham\/may-in-3d-biqu-bx-voi-bo-mach-chu-32-bit-400mhz-tich-hop-octoprint-kho-in-252525cm\/"},"modified":"2024-10-28T15:14:47","modified_gmt":"2024-10-28T08:14:47","slug":"may-in-3d-biqu-bx-voi-bo-mach-chu-32-bit-400mhz-tich-hop-octoprint-kho-in-252525cm","status":"publish","type":"product","link":"https:\/\/nge.vn\/en\/product\/may-in-3d-biqu-bx-voi-bo-mach-chu-32-bit-400mhz-tich-hop-octoprint-kho-in-252525cm\/","title":{"rendered":"BIQU BX 3D Printer with 32-bit 400MHZ Motherboard Built-in Octoprint Printing Size 25*25*25cm"},"content":{"rendered":"<p>M\u00e1y in 3D BIQU BX c\u1ee5m \u0111\u00f9n tr\u1ef1c ti\u1ebfp H2 t\u00edch h\u1ee3p Octoprint<br \/>\n_M\u00e1y in 3d FDM c\u00f3 m\u00e1y \u0111\u00f9n tr\u1ef1c ti\u1ebfp 211g v\u00e0 bo m\u1ea1ch ch\u1ee7 t\u1ed1t nh\u1ea5t c\u1ee7a Bigtreetech t\u1eeb tr\u01b0\u1edbc \u0111\u1ebfn nay, v\u00e0 t\u00edch h\u1ee3p Octoprint.<br \/>\n_Bo m\u1ea1ch ch\u1ee7 32bit 400MHz \u0111\u1ec3 x\u1eed l\u00fd t\u00ednh to\u00e1n nhanh h\u01a1n<br \/>\n_Gi\u00e1m s\u00e1t th\u1eddi gian th\u1ef1c c\u1ee7a \u0111i\u1ec7n \u00e1p \u0111\u1ea7u v\u00e0o ngu\u1ed3n \u0111i\u1ec7n<br \/>\n_B\u1ea3o v\u1ec7 \u0111i\u1ec7n b\u1ea5t th\u01b0\u1eddng c\u1ee7a thanh \u0111\u1ed1t n\u00f3ng.<br \/>\n_C\u1eafm v\u00e0 ch\u1ea1y m\u1edf r\u1ed9ng ph\u1ea7n m\u1ec1m Raspberry Pi.<br \/>\n_3 ch\u1ebf \u0111\u1ed9 \u0111i\u1ec1u khi\u1ec3n, m\u1ed9t c\u00fa nh\u1ea5p chu\u1ed9t nhanh ch\u00f3ng.<br \/>\n_M\u00e0n h\u00ecnh HD 7 inch<br \/>\n_C\u1ee5m \u0111\u00f9n tr\u1ef1c ti\u1ebfp H2: h\u1ed9 tr\u1ee3 in \u0111\u01b0\u1ee3c nhi\u1ec1u lo\u1ea1i nh\u1ef1a kh\u00f3 in h\u01a1n nh\u01b0: TPU, TPE, ABS, Nylon&#8230;<br \/>\n+Tr\u1ecdng l\u01b0\u1ee3ng: 211g<br \/>\n+K\u00edch th\u01b0\u1edbc: 35*35*60mm<br \/>\n+M\u00f4-men xo\u1eafn \u0111\u1ea7u ra: 770mN.m<br \/>\n_V\u00f2i phun &amp; T\u1ea3n nhi\u1ec7t: \u0110\u1ed9 m\u01b0\u1ee3t l\u00ean \u0111\u1ebfn Ra0.4<br \/>\n_S\u1eed d\u1ee5ng \u0111\u1ed9ng c\u01a1 b\u01b0\u1edbc 0,9 \u0111\u1ed9, \u0111\u1ed9 ch\u00ednh x\u00e1c t\u1ed1t h\u01a1n<\/p>\n<p>_Th\u00f4ng s\u1ed1 m\u00e1y:<br \/>\n+T\u00ean m\u00e1y in: BIQU BX<br \/>\n+K\u00edch th\u01b0\u1edbc in: 250x250x250mm<br \/>\n+K\u00edch th\u01b0\u1edbc m\u00e1y: 440*553*615mm<br \/>\n+Kh\u1ed1i l\u01b0\u1ee3ng m\u00e1y: 8.6kg<br \/>\n+C\u00f4ng ngh\u1ec7 \u0111\u00fac: FDM<br \/>\n+S\u1ed1 l\u01b0\u1ee3ng v\u00f2i phun: 1 PCS<br \/>\n+\u0110\u1ed9 d\u00e0y c\u1ee7a l\u1edbp: 0.1mm &#8211; 0.3mm<br \/>\n+\u0110\u01b0\u1eddng k\u00ednh v\u00f2i phun: 0.4mm<br \/>\n+\u0110\u1ed9 ch\u00ednh x\u00e1c khi in: \u00b10.1mm<br \/>\n+S\u1ee3i nh\u1ef1a: PLA, PETG, TPU, TPE, ABS, Nylon<br \/>\n+\u0110\u1ecbnh d\u1ea1ng Slicing: STL, OBJ, AMF<br \/>\n+Ph\u01b0\u01a1ng th\u1ee9c k\u1ebft n\u1ed1i: Qua c\u00e1p d\u1eef li\u1ec7u, TF card, USB<br \/>\n+T\u01b0\u01a1ng th\u00edch Slicing: v\u1edbi Cura \/ Repetier-Host \/ Simplify 3D<br \/>\n+\u0110i\u1ec7n \u00e1p \u0111\u1ecbnh m\u1ee9c: 100-120V\/200-240V 60\/50 HZ<br \/>\n+\u0110i\u1ec7n \u00e1p \u0111\u1ea7u ra: 24V<br \/>\n+C\u00f4ng su\u1ea5t \u0111\u1ecbnh m\u1ee9c: 350W<br \/>\n+Nhi\u1ec7t \u0111\u1ed9 t\u1ed1i \u0111a c\u1ee7a b\u00e0n nhi\u1ec7t: 100\u2103<br \/>\n+Nhi\u1ec7t \u0111\u1ed9 t\u1ed1i \u0111a c\u1ee7a v\u00f2i phun: 260\u2103<br \/>\n+H\u1ec7 \u0111i\u1ec1u h\u00e0nh t\u01b0\u01a1ng th\u00edch: Win 7 \/ Win 10<br \/>\n+T\u1ed1c \u0111\u1ed9 in t\u1ed1i \u0111a: 100mm\/s<br \/>\n+T\u1ed1c \u0111\u1ed9 in b\u00ecnh th\u01b0\u1eddng: 60mm\/s<br \/>\n+Chuy\u1ec3n \u0111\u1ed5i ng\u00f4n ng\u1eef: \u0110\u01b0\u1ee3c h\u1ed7 tr\u1ee3<br \/>\n+Resume Printing: Giao di\u1ec7n c\u00f3 s\u1eb5n cho DIY<br \/>\n+Filament Run Out Detection: Giao di\u1ec7n c\u00f3 s\u1eb5n cho DIY<\/p>\n<p>_Functions:<br \/>\n1. Printing Area: 250x250x250mm<br \/>\n2.BTT SKR SE-BX V2.0<br \/>\n3.BIQU SSS (Spring Steel Sheet )<br \/>\n4.Three Operation System (Raspberry Pi, marlin &amp; touch work modes)<br \/>\n5.TMC 2226<br \/>\n6. Specific HDMI cable<br \/>\n7. Expansion function (Resume Printing, Filament Run Out Detection, Automatic Shutdown After Printing)<br \/>\n8. Auto-bed Leveling<br \/>\n9. Direct Extruder<\/p>\n<p>**\u0110\u1ec3 \u0111\u01b0\u1ee3c nh\u1eadn h\u1ed9 tr\u1ee3 th\u00eam v\u1ec1 Gi\u00e1 v\u00e0 Th\u00f4ng tin c\u1ee7a s\u1ea3n ph\u1ea9m, vui l\u00f2ng li\u00ean h\u1ec7:<br \/>\n0913.939.775 g\u1eb7p A. Qu\u00e2n (for English)<br \/>\n094.144.0951 contact A.Quynh<br \/>\n**Selling price does not include VAT (+10% if VAT invoice is issued)<\/p>","protected":false},"excerpt":{"rendered":"<p>BIQU BX 3D Printer with 32-bit 400MHZ Motherboard Built-in Octoprint Printing Size 25*25*25cm<\/p>","protected":false},"featured_media":2114,"comment_status":"open","ping_status":"closed","template":"","meta":{"inline_featured_image":false},"product_brand":[],"product_cat":[39,49],"product_tag":[],"class_list":{"0":"post-2123","1":"product","2":"type-product","3":"status-publish","4":"has-post-thumbnail","6":"product_cat-may-in-3d","7":"product_cat-may-in-3d-biqu","9":"first","10":"instock","11":"taxable","12":"shipping-taxable","13":"purchasable","14":"product-type-variable"},"yoast_head":"<!-- This site is optimized with the Yoast SEO Premium plugin v22.8 (Yoast SEO v26.9) - https:\/\/yoast.com\/product\/yoast-seo-premium-wordpress\/ -->\n<title>M\u00e1y in 3D BIQU BX v\u1edbi bo m\u1ea1ch ch\u1ee7 32 bit 400MHZ t\u00edch h\u1ee3p Octoprint kh\u1ed5 in 25*25*25cm - NGE 3D Printers Services<\/title>\n<meta name=\"robots\" content=\"index, follow, max-snippet:-1, max-image-preview:large, max-video-preview:-1\" \/>\n<link rel=\"canonical\" href=\"https:\/\/nge.vn\/en\/product\/may-in-3d-biqu-bx-voi-bo-mach-chu-32-bit-400mhz-tich-hop-octoprint-kho-in-252525cm\/\" \/>\n<meta property=\"og:locale\" content=\"en_US\" \/>\n<meta property=\"og:type\" content=\"article\" \/>\n<meta property=\"og:title\" content=\"M\u00e1y in 3D BIQU BX v\u1edbi bo m\u1ea1ch ch\u1ee7 32 bit 400MHZ t\u00edch h\u1ee3p Octoprint kh\u1ed5 in 25*25*25cm\" \/>\n<meta property=\"og:description\" content=\"M\u00e1y in 3D BIQU BX v\u1edbi bo m\u1ea1ch ch\u1ee7 32 bit 400MHZ t\u00edch h\u1ee3p Octoprint kh\u1ed5 in 25*25*25cm\" \/>\n<meta property=\"og:url\" content=\"https:\/\/nge.vn\/en\/product\/may-in-3d-biqu-bx-voi-bo-mach-chu-32-bit-400mhz-tich-hop-octoprint-kho-in-252525cm\/\" \/>\n<meta property=\"og:site_name\" content=\"NGE 3D Printers Services\" \/>\n<meta property=\"article:modified_time\" content=\"2024-10-28T08:14:47+00:00\" \/>\n<meta property=\"og:image\" content=\"https:\/\/nge.vn\/wp-content\/uploads\/2024\/10\/images-upload-woo2F3812546057bfc6ba1d85abb93c3e9de0.jpg\" \/>\n\t<meta property=\"og:image:width\" content=\"764\" \/>\n\t<meta property=\"og:image:height\" content=\"764\" \/>\n\t<meta property=\"og:image:type\" content=\"image\/jpeg\" \/>\n<meta name=\"twitter:card\" content=\"summary_large_image\" \/>\n<meta name=\"twitter:label1\" content=\"Est. reading time\" \/>\n\t<meta name=\"twitter:data1\" content=\"3 minutes\" \/>\n<script type=\"application\/ld+json\" class=\"yoast-schema-graph\">{\"@context\":\"https:\/\/schema.org\",\"@graph\":[{\"@type\":\"WebPage\",\"@id\":\"https:\/\/nge.vn\/san-pham\/may-in-3d-biqu-bx-voi-bo-mach-chu-32-bit-400mhz-tich-hop-octoprint-kho-in-252525cm\/\",\"url\":\"https:\/\/nge.vn\/san-pham\/may-in-3d-biqu-bx-voi-bo-mach-chu-32-bit-400mhz-tich-hop-octoprint-kho-in-252525cm\/\",\"name\":\"M\u00e1y in 3D BIQU BX v\u1edbi bo m\u1ea1ch ch\u1ee7 32 bit 400MHZ t\u00edch h\u1ee3p Octoprint kh\u1ed5 in 25*25*25cm - NGE 3D Printers Services\",\"isPartOf\":{\"@id\":\"https:\/\/nge.vn\/#website\"},\"primaryImageOfPage\":{\"@id\":\"https:\/\/nge.vn\/san-pham\/may-in-3d-biqu-bx-voi-bo-mach-chu-32-bit-400mhz-tich-hop-octoprint-kho-in-252525cm\/#primaryimage\"},\"image\":{\"@id\":\"https:\/\/nge.vn\/san-pham\/may-in-3d-biqu-bx-voi-bo-mach-chu-32-bit-400mhz-tich-hop-octoprint-kho-in-252525cm\/#primaryimage\"},\"thumbnailUrl\":\"https:\/\/nge.vn\/wp-content\/uploads\/2024\/10\/images-upload-woo2F3812546057bfc6ba1d85abb93c3e9de0.jpg\",\"datePublished\":\"2024-10-26T03:17:12+00:00\",\"dateModified\":\"2024-10-28T08:14:47+00:00\",\"breadcrumb\":{\"@id\":\"https:\/\/nge.vn\/san-pham\/may-in-3d-biqu-bx-voi-bo-mach-chu-32-bit-400mhz-tich-hop-octoprint-kho-in-252525cm\/#breadcrumb\"},\"inLanguage\":\"en-US\",\"potentialAction\":[{\"@type\":\"ReadAction\",\"target\":[\"https:\/\/nge.vn\/san-pham\/may-in-3d-biqu-bx-voi-bo-mach-chu-32-bit-400mhz-tich-hop-octoprint-kho-in-252525cm\/\"]}]},{\"@type\":\"ImageObject\",\"inLanguage\":\"en-US\",\"@id\":\"https:\/\/nge.vn\/san-pham\/may-in-3d-biqu-bx-voi-bo-mach-chu-32-bit-400mhz-tich-hop-octoprint-kho-in-252525cm\/#primaryimage\",\"url\":\"https:\/\/nge.vn\/wp-content\/uploads\/2024\/10\/images-upload-woo2F3812546057bfc6ba1d85abb93c3e9de0.jpg\",\"contentUrl\":\"https:\/\/nge.vn\/wp-content\/uploads\/2024\/10\/images-upload-woo2F3812546057bfc6ba1d85abb93c3e9de0.jpg\",\"width\":764,\"height\":764},{\"@type\":\"BreadcrumbList\",\"@id\":\"https:\/\/nge.vn\/san-pham\/may-in-3d-biqu-bx-voi-bo-mach-chu-32-bit-400mhz-tich-hop-octoprint-kho-in-252525cm\/#breadcrumb\",\"itemListElement\":[{\"@type\":\"ListItem\",\"position\":1,\"name\":\"Trang ch\u1ee7\",\"item\":\"https:\/\/nge.vn\/\"},{\"@type\":\"ListItem\",\"position\":2,\"name\":\"S\u1ea3n ph\u1ea9m\",\"item\":\"https:\/\/nge.vn\/san-pham\/\"},{\"@type\":\"ListItem\",\"position\":3,\"name\":\"M\u00e1y in 3D BIQU BX v\u1edbi bo m\u1ea1ch ch\u1ee7 32 bit 400MHZ t\u00edch h\u1ee3p Octoprint kh\u1ed5 in 25*25*25cm\"}]},{\"@type\":\"WebSite\",\"@id\":\"https:\/\/nge.vn\/#website\",\"url\":\"https:\/\/nge.vn\/\",\"name\":\"NGE 3D Printers Services\",\"description\":\"\",\"potentialAction\":[{\"@type\":\"SearchAction\",\"target\":{\"@type\":\"EntryPoint\",\"urlTemplate\":\"https:\/\/nge.vn\/?s={search_term_string}\"},\"query-input\":{\"@type\":\"PropertyValueSpecification\",\"valueRequired\":true,\"valueName\":\"search_term_string\"}}],\"inLanguage\":\"en-US\"}]}<\/script>\n<!-- \/ Yoast SEO Premium plugin. -->","yoast_head_json":{"title":"M\u00e1y in 3D BIQU BX v\u1edbi bo m\u1ea1ch ch\u1ee7 32 bit 400MHZ t\u00edch h\u1ee3p Octoprint kh\u1ed5 in 25*25*25cm - NGE 3D Printers Services","robots":{"index":"index","follow":"follow","max-snippet":"max-snippet:-1","max-image-preview":"max-image-preview:large","max-video-preview":"max-video-preview:-1"},"canonical":"https:\/\/nge.vn\/en\/product\/may-in-3d-biqu-bx-voi-bo-mach-chu-32-bit-400mhz-tich-hop-octoprint-kho-in-252525cm\/","og_locale":"en_US","og_type":"article","og_title":"M\u00e1y in 3D BIQU BX v\u1edbi bo m\u1ea1ch ch\u1ee7 32 bit 400MHZ t\u00edch h\u1ee3p Octoprint kh\u1ed5 in 25*25*25cm","og_description":"M\u00e1y in 3D BIQU BX v\u1edbi bo m\u1ea1ch ch\u1ee7 32 bit 400MHZ t\u00edch h\u1ee3p Octoprint kh\u1ed5 in 25*25*25cm","og_url":"https:\/\/nge.vn\/en\/product\/may-in-3d-biqu-bx-voi-bo-mach-chu-32-bit-400mhz-tich-hop-octoprint-kho-in-252525cm\/","og_site_name":"NGE 3D Printers Services","article_modified_time":"2024-10-28T08:14:47+00:00","og_image":[{"width":764,"height":764,"url":"https:\/\/nge.vn\/wp-content\/uploads\/2024\/10\/images-upload-woo2F3812546057bfc6ba1d85abb93c3e9de0.jpg","type":"image\/jpeg"}],"twitter_card":"summary_large_image","twitter_misc":{"Est. reading time":"3 minutes"},"schema":{"@context":"https:\/\/schema.org","@graph":[{"@type":"WebPage","@id":"https:\/\/nge.vn\/san-pham\/may-in-3d-biqu-bx-voi-bo-mach-chu-32-bit-400mhz-tich-hop-octoprint-kho-in-252525cm\/","url":"https:\/\/nge.vn\/san-pham\/may-in-3d-biqu-bx-voi-bo-mach-chu-32-bit-400mhz-tich-hop-octoprint-kho-in-252525cm\/","name":"M\u00e1y in 3D BIQU BX v\u1edbi bo m\u1ea1ch ch\u1ee7 32 bit 400MHZ t\u00edch h\u1ee3p Octoprint kh\u1ed5 in 25*25*25cm - NGE 3D Printers Services","isPartOf":{"@id":"https:\/\/nge.vn\/#website"},"primaryImageOfPage":{"@id":"https:\/\/nge.vn\/san-pham\/may-in-3d-biqu-bx-voi-bo-mach-chu-32-bit-400mhz-tich-hop-octoprint-kho-in-252525cm\/#primaryimage"},"image":{"@id":"https:\/\/nge.vn\/san-pham\/may-in-3d-biqu-bx-voi-bo-mach-chu-32-bit-400mhz-tich-hop-octoprint-kho-in-252525cm\/#primaryimage"},"thumbnailUrl":"https:\/\/nge.vn\/wp-content\/uploads\/2024\/10\/images-upload-woo2F3812546057bfc6ba1d85abb93c3e9de0.jpg","datePublished":"2024-10-26T03:17:12+00:00","dateModified":"2024-10-28T08:14:47+00:00","breadcrumb":{"@id":"https:\/\/nge.vn\/san-pham\/may-in-3d-biqu-bx-voi-bo-mach-chu-32-bit-400mhz-tich-hop-octoprint-kho-in-252525cm\/#breadcrumb"},"inLanguage":"en-US","potentialAction":[{"@type":"ReadAction","target":["https:\/\/nge.vn\/san-pham\/may-in-3d-biqu-bx-voi-bo-mach-chu-32-bit-400mhz-tich-hop-octoprint-kho-in-252525cm\/"]}]},{"@type":"ImageObject","inLanguage":"en-US","@id":"https:\/\/nge.vn\/san-pham\/may-in-3d-biqu-bx-voi-bo-mach-chu-32-bit-400mhz-tich-hop-octoprint-kho-in-252525cm\/#primaryimage","url":"https:\/\/nge.vn\/wp-content\/uploads\/2024\/10\/images-upload-woo2F3812546057bfc6ba1d85abb93c3e9de0.jpg","contentUrl":"https:\/\/nge.vn\/wp-content\/uploads\/2024\/10\/images-upload-woo2F3812546057bfc6ba1d85abb93c3e9de0.jpg","width":764,"height":764},{"@type":"BreadcrumbList","@id":"https:\/\/nge.vn\/san-pham\/may-in-3d-biqu-bx-voi-bo-mach-chu-32-bit-400mhz-tich-hop-octoprint-kho-in-252525cm\/#breadcrumb","itemListElement":[{"@type":"ListItem","position":1,"name":"Trang ch\u1ee7","item":"https:\/\/nge.vn\/"},{"@type":"ListItem","position":2,"name":"S\u1ea3n ph\u1ea9m","item":"https:\/\/nge.vn\/san-pham\/"},{"@type":"ListItem","position":3,"name":"M\u00e1y in 3D BIQU BX v\u1edbi bo m\u1ea1ch ch\u1ee7 32 bit 400MHZ t\u00edch h\u1ee3p Octoprint kh\u1ed5 in 25*25*25cm"}]},{"@type":"WebSite","@id":"https:\/\/nge.vn\/#website","url":"https:\/\/nge.vn\/","name":"NGE 3D Printers Services","description":"","potentialAction":[{"@type":"SearchAction","target":{"@type":"EntryPoint","urlTemplate":"https:\/\/nge.vn\/?s={search_term_string}"},"query-input":{"@type":"PropertyValueSpecification","valueRequired":true,"valueName":"search_term_string"}}],"inLanguage":"en-US"}]}},"_links":{"self":[{"href":"https:\/\/nge.vn\/en\/wp-json\/wp\/v2\/product\/2123","targetHints":{"allow":["GET"]}}],"collection":[{"href":"https:\/\/nge.vn\/en\/wp-json\/wp\/v2\/product"}],"about":[{"href":"https:\/\/nge.vn\/en\/wp-json\/wp\/v2\/types\/product"}],"replies":[{"embeddable":true,"href":"https:\/\/nge.vn\/en\/wp-json\/wp\/v2\/comments?post=2123"}],"wp:featuredmedia":[{"embeddable":true,"href":"https:\/\/nge.vn\/en\/wp-json\/wp\/v2\/media\/2114"}],"wp:attachment":[{"href":"https:\/\/nge.vn\/en\/wp-json\/wp\/v2\/media?parent=2123"}],"wp:term":[{"taxonomy":"product_brand","embeddable":true,"href":"https:\/\/nge.vn\/en\/wp-json\/wp\/v2\/product_brand?post=2123"},{"taxonomy":"product_cat","embeddable":true,"href":"https:\/\/nge.vn\/en\/wp-json\/wp\/v2\/product_cat?post=2123"},{"taxonomy":"product_tag","embeddable":true,"href":"https:\/\/nge.vn\/en\/wp-json\/wp\/v2\/product_tag?post=2123"}],"curies":[{"name":"wp","href":"https:\/\/api.w.org\/{rel}","templated":true}]}}