{"id":2109,"date":"2024-10-26T10:14:25","date_gmt":"2024-10-26T03:14:25","guid":{"rendered":"https:\/\/nge.123websitedev.com\/san-pham\/tam-mang-pictor-film-high-speed-release-film-cho-may-in-3d-resin-creality-halot-mage-mage-pro-mage-s-cac-may-10-inch\/"},"modified":"2024-10-29T17:04:20","modified_gmt":"2024-10-29T10:04:20","slug":"tam-mang-pictor-film-high-speed-release-film-cho-may-in-3d-resin-creality-halot-mage-mage-pro-mage-s-cac-may-10-inch","status":"publish","type":"product","link":"https:\/\/nge.vn\/en\/product\/tam-mang-pictor-film-high-speed-release-film-cho-may-in-3d-resin-creality-halot-mage-mage-pro-mage-s-cac-may-10-inch\/","title":{"rendered":"T\u1ea5m m\u00e0ng Pictor Film-High Speed Release Film cho m\u00e1y in 3d resin Creality Halot Mage\/ Mage Pro\/ Mage S &amp; c\u00e1c m\u00e1y 10 inch"},"content":{"rendered":"<p>T\u1ea5m m\u00e0ng Pictor Film-High Speed Release Film cho m\u00e1y in 3d resin Creality Halot Mage\/ Mage Pro\/ Mage S &amp; c\u00e1c m\u00e1y 10 inch kh\u00e1c<br \/>\n_L\u1ef1c gi\u1ea3i ph\u00f3ng th\u1ea5p<br \/>\nH\u1ed7 tr\u1ee3 in t\u1ed1c \u0111\u1ed9 cao<br \/>\nL\u1ef1c nh\u1ea3 gi\u1ea3m \u0111\u00e1ng k\u1ec3 35%, si\u00eau d\u1ec5 t\u00e1ch v\u00e0 h\u1ed7 tr\u1ee3 in t\u1ed1c \u0111\u1ed9 cao<br \/>\n(So \u200b\u200bv\u1edbi phim ph\u00e1t h\u00e0nh FEP)<\/p>\n<p>_L\u1ef1c gi\u1ea3i ph\u00f3ng \u1ed5n \u0111\u1ecbnh<br \/>\nM\u00e0ng nh\u1ea3 c\u00f3 l\u1edbp ph\u1ee7 \u0111\u1ed3ng nh\u1ea5t, b\u1ec1 m\u1eb7t nh\u1eb5n, l\u1ef1c nh\u1ea3 \u1ed5n \u0111\u1ecbnh, hi\u1ec7u su\u1ea5t nh\u1ea3 nh\u1ef1a t\u1ed1t, c\u00f3 th\u1ec3 s\u1eed d\u1ee5ng nhi\u1ec1u l\u1ea7n<\/p>\n<p>_T\u00ednh linh ho\u1ea1t t\u1ed1t<br \/>\n\u0110\u1ed9 d\u1ebbo tuy\u1ec7t v\u1eddi l\u00ean \u0111\u1ebfn 300% v\u00e0 t\u00ednh linh ho\u1ea1t t\u1ed1t c\u00f3 th\u1ec3 u\u1ed1n cong 10.000 l\u1ea7n.<\/p>\n<p>_\u0110\u1ed9 truy\u1ec1n cao<br \/>\nRelease Film c\u00f3 \u0111\u1ed9 truy\u1ec1n qua cao v\u00e0 \u0111\u1ed9 truy\u1ec1n qua tia c\u1ef1c t\u00edm tr\u00ean 92%, gi\u00fap cho c\u00e1c s\u1ea3n ph\u1ea9m in ch\u00ednh x\u00e1c v\u00e0 ho\u00e0n h\u1ea3o h\u01a1n<\/p>\n<p>_L\u1eafp r\u00e1p nhanh ch\u00f3ng &#8211; D\u1ec5 d\u00e0ng \u0111\u1ec3 c\u00e0i \u0111\u1eb7t<br \/>\na. \u0110\u1ea7u ti\u00ean, th\u00e1o c\u00e1c \u1ed1c v\u00edt \u1edf<br \/>\nd\u01b0\u1edbi c\u00f9ng c\u1ee7a khay v\u00e0 l\u1ea5y ra<br \/>\nb\u1ed9 phim ph\u00e1t h\u00e0nh b\u1ecb h\u1ecfng.<br \/>\nb. Sau \u0111\u00f3 \u0111\u1eb7t phim ph\u00e1t h\u00e0nh gi\u1eefa<br \/>\nhai khung th\u00e9p.<br \/>\nc. Cu\u1ed1i c\u00f9ng, \u0111\u1eb7t th\u00e9p l\u1eafp r\u00e1p<br \/>\nkhung tr\u1edf l\u1ea1i v\u00e0o khay v\u00e0<br \/>\nth\u1eaft ch\u1eb7t v\u00edt.<br \/>\nd. B\u1ed9 phim ph\u00e1t h\u00e0nh \u0111\u00e3 c\u00e0i \u0111\u1eb7t nh\u01b0 \u0111\u01b0\u1ee3c hi\u1ec3n th\u1ecb<\/p>\n<p>M\u1eabu t\u01b0\u01a1ng th\u00edch Halot Mage, Halot Mage Pro &amp; Halot Mage S 14K v\u00e0 c\u00e1c s\u1ea3n ph\u1ea9m 10 inch kh\u00e1c<br \/>\nK\u00edch th\u01b0\u1edbc: 286*198*0.3mm<\/p>\n<p>_Th\u00f4ng s\u1ed1 hi\u1ec7u su\u1ea5t<br \/>\n+H\u1ec7 s\u1ed1 ma s\u00e1t \u0111\u1ed9ng: 0,2<br \/>\n+H\u1ec7 s\u1ed1 ma s\u00e1t t\u0129nh: 0,04<br \/>\n+G\u00f3c ti\u1ebfp x\u00fac n\u01b0\u1edbc: 114<br \/>\n+\u0110i\u1ec3m n\u00f3ng ch\u1ea3y: 310\u00b0C<br \/>\n+Nhi\u1ec7t \u0111\u1ed9 l\u00e0m vi\u1ec7c l\u00e2u d\u00e0i: 260\u00b0C<br \/>\n+Ch\u1ed1ng ch\u00e1y: 94V0<\/p>\n<p>+L\u1ef1c gi\u1ea3i ph\u00f3ng th\u1ea5p<br \/>\n+L\u1ef1c ph\u00e1t h\u00e0nh \u1ed5n \u0111\u1ecbnh<br \/>\n+T\u00ednh linh ho\u1ea1t t\u1ed1t<br \/>\n+H\u1ed7 tr\u1ee3 in t\u1ed1c \u0111\u1ed9 cao<\/p>\n<p>+Size: 290*199*0.48mm<br \/>\n+Packing Size\uff1a365\u00d7235\u00d73mm<br \/>\n+G.W\uff1a90g(1pcs)<br \/>\n+Packeage product: Pictor Film-High Speed Release Film * 1pcs<\/p>\n<p>***S\u1eed dung cho d\u00f2ng m\u00e1y resin Creality Halot Mage 8K &amp; Halot Mage Pro 8K &amp; Halot Mage S 14K&#8230;v\u00e0 c\u00e1c d\u00f2ng m\u00e1y in 3d resin 10 inch kh\u00e1c<\/p>\n<p>**To receive a better price, please contact the shop directly.<br \/>\n0913.939.775 contact A.Quan (for English)<br \/>\n094.144.0951 contact A.Quynh<br \/>\n**Selling price does not include VAT (+10% if VAT invoice is issued)<\/p>","protected":false},"excerpt":{"rendered":"<p>T\u1ea5m m\u00e0ng Pictor Film-High Speed Release Film cho m\u00e1y in 3d resin Creality Halot Mage\/ Mage Pro\/ Mage S &amp; c\u00e1c m\u00e1y 10 inch<\/p>","protected":false},"featured_media":2100,"comment_status":"open","ping_status":"closed","template":"","meta":{"inline_featured_image":false},"product_brand":[],"product_cat":[40,56],"product_tag":[],"class_list":{"0":"post-2109","1":"product","2":"type-product","3":"status-publish","4":"has-post-thumbnail","6":"product_cat-linh-kien-va-phu-kien","7":"product_cat-linh-phu-kien-may-in-3d-creality","9":"first","10":"instock","11":"taxable","12":"shipping-taxable","13":"purchasable","14":"product-type-variable"},"yoast_head":"<!-- This site is optimized with the Yoast SEO Premium plugin v22.8 (Yoast SEO v26.9) - https:\/\/yoast.com\/product\/yoast-seo-premium-wordpress\/ -->\n<title>T\u1ea5m m\u00e0ng Pictor Film-High Speed Release Film cho m\u00e1y in 3d resin Creality Halot Mage\/ Mage Pro\/ Mage S &amp; c\u00e1c m\u00e1y 10 inch - NGE 3D Printers Services<\/title>\n<meta name=\"robots\" content=\"index, follow, max-snippet:-1, max-image-preview:large, max-video-preview:-1\" \/>\n<link rel=\"canonical\" href=\"https:\/\/nge.vn\/en\/product\/tam-mang-pictor-film-high-speed-release-film-cho-may-in-3d-resin-creality-halot-mage-mage-pro-mage-s-cac-may-10-inch\/\" \/>\n<meta property=\"og:locale\" content=\"en_US\" \/>\n<meta property=\"og:type\" content=\"article\" \/>\n<meta property=\"og:title\" content=\"T\u1ea5m m\u00e0ng Pictor Film-High Speed Release Film cho m\u00e1y in 3d resin Creality Halot Mage\/ Mage Pro\/ Mage S &amp; c\u00e1c m\u00e1y 10 inch\" \/>\n<meta property=\"og:description\" content=\"T\u1ea5m m\u00e0ng Pictor Film-High Speed Release Film cho m\u00e1y in 3d resin Creality Halot Mage\/ Mage Pro\/ Mage S &amp; c\u00e1c m\u00e1y 10 inch\" \/>\n<meta property=\"og:url\" content=\"https:\/\/nge.vn\/en\/product\/tam-mang-pictor-film-high-speed-release-film-cho-may-in-3d-resin-creality-halot-mage-mage-pro-mage-s-cac-may-10-inch\/\" \/>\n<meta property=\"og:site_name\" content=\"NGE 3D Printers Services\" \/>\n<meta property=\"article:modified_time\" content=\"2024-10-29T10:04:20+00:00\" \/>\n<meta property=\"og:image\" content=\"https:\/\/nge.vn\/wp-content\/uploads\/2024\/10\/images-upload-woo2F8ea33c93d2be87b361ced8dbbfcde70c.jpg\" \/>\n\t<meta property=\"og:image:width\" content=\"861\" \/>\n\t<meta property=\"og:image:height\" content=\"861\" \/>\n\t<meta property=\"og:image:type\" content=\"image\/jpeg\" \/>\n<meta name=\"twitter:card\" content=\"summary_large_image\" \/>\n<meta name=\"twitter:label1\" content=\"Est. reading time\" \/>\n\t<meta name=\"twitter:data1\" content=\"3 minutes\" \/>\n<script type=\"application\/ld+json\" class=\"yoast-schema-graph\">{\"@context\":\"https:\/\/schema.org\",\"@graph\":[{\"@type\":\"WebPage\",\"@id\":\"https:\/\/nge.vn\/san-pham\/tam-mang-pictor-film-high-speed-release-film-cho-may-in-3d-resin-creality-halot-mage-mage-pro-mage-s-cac-may-10-inch\/\",\"url\":\"https:\/\/nge.vn\/san-pham\/tam-mang-pictor-film-high-speed-release-film-cho-may-in-3d-resin-creality-halot-mage-mage-pro-mage-s-cac-may-10-inch\/\",\"name\":\"T\u1ea5m m\u00e0ng Pictor Film-High Speed Release Film cho m\u00e1y in 3d resin Creality Halot Mage\/ Mage Pro\/ Mage S &amp; c\u00e1c m\u00e1y 10 inch - NGE 3D Printers Services\",\"isPartOf\":{\"@id\":\"https:\/\/nge.vn\/#website\"},\"primaryImageOfPage\":{\"@id\":\"https:\/\/nge.vn\/san-pham\/tam-mang-pictor-film-high-speed-release-film-cho-may-in-3d-resin-creality-halot-mage-mage-pro-mage-s-cac-may-10-inch\/#primaryimage\"},\"image\":{\"@id\":\"https:\/\/nge.vn\/san-pham\/tam-mang-pictor-film-high-speed-release-film-cho-may-in-3d-resin-creality-halot-mage-mage-pro-mage-s-cac-may-10-inch\/#primaryimage\"},\"thumbnailUrl\":\"https:\/\/nge.vn\/wp-content\/uploads\/2024\/10\/images-upload-woo2F8ea33c93d2be87b361ced8dbbfcde70c.jpg\",\"datePublished\":\"2024-10-26T03:14:25+00:00\",\"dateModified\":\"2024-10-29T10:04:20+00:00\",\"breadcrumb\":{\"@id\":\"https:\/\/nge.vn\/san-pham\/tam-mang-pictor-film-high-speed-release-film-cho-may-in-3d-resin-creality-halot-mage-mage-pro-mage-s-cac-may-10-inch\/#breadcrumb\"},\"inLanguage\":\"en-US\",\"potentialAction\":[{\"@type\":\"ReadAction\",\"target\":[\"https:\/\/nge.vn\/san-pham\/tam-mang-pictor-film-high-speed-release-film-cho-may-in-3d-resin-creality-halot-mage-mage-pro-mage-s-cac-may-10-inch\/\"]}]},{\"@type\":\"ImageObject\",\"inLanguage\":\"en-US\",\"@id\":\"https:\/\/nge.vn\/san-pham\/tam-mang-pictor-film-high-speed-release-film-cho-may-in-3d-resin-creality-halot-mage-mage-pro-mage-s-cac-may-10-inch\/#primaryimage\",\"url\":\"https:\/\/nge.vn\/wp-content\/uploads\/2024\/10\/images-upload-woo2F8ea33c93d2be87b361ced8dbbfcde70c.jpg\",\"contentUrl\":\"https:\/\/nge.vn\/wp-content\/uploads\/2024\/10\/images-upload-woo2F8ea33c93d2be87b361ced8dbbfcde70c.jpg\",\"width\":861,\"height\":861},{\"@type\":\"BreadcrumbList\",\"@id\":\"https:\/\/nge.vn\/san-pham\/tam-mang-pictor-film-high-speed-release-film-cho-may-in-3d-resin-creality-halot-mage-mage-pro-mage-s-cac-may-10-inch\/#breadcrumb\",\"itemListElement\":[{\"@type\":\"ListItem\",\"position\":1,\"name\":\"Trang ch\u1ee7\",\"item\":\"https:\/\/nge.vn\/\"},{\"@type\":\"ListItem\",\"position\":2,\"name\":\"S\u1ea3n ph\u1ea9m\",\"item\":\"https:\/\/nge.vn\/san-pham\/\"},{\"@type\":\"ListItem\",\"position\":3,\"name\":\"T\u1ea5m m\u00e0ng Pictor Film-High Speed Release Film cho m\u00e1y in 3d resin Creality Halot Mage\/ Mage Pro\/ Mage S &amp; c\u00e1c m\u00e1y 10 inch\"}]},{\"@type\":\"WebSite\",\"@id\":\"https:\/\/nge.vn\/#website\",\"url\":\"https:\/\/nge.vn\/\",\"name\":\"NGE 3D Printers Services\",\"description\":\"\",\"potentialAction\":[{\"@type\":\"SearchAction\",\"target\":{\"@type\":\"EntryPoint\",\"urlTemplate\":\"https:\/\/nge.vn\/?s={search_term_string}\"},\"query-input\":{\"@type\":\"PropertyValueSpecification\",\"valueRequired\":true,\"valueName\":\"search_term_string\"}}],\"inLanguage\":\"en-US\"}]}<\/script>\n<!-- \/ Yoast SEO Premium plugin. -->","yoast_head_json":{"title":"T\u1ea5m m\u00e0ng Pictor Film-High Speed Release Film cho m\u00e1y in 3d resin Creality Halot Mage\/ Mage Pro\/ Mage S &amp; c\u00e1c m\u00e1y 10 inch - NGE 3D Printers Services","robots":{"index":"index","follow":"follow","max-snippet":"max-snippet:-1","max-image-preview":"max-image-preview:large","max-video-preview":"max-video-preview:-1"},"canonical":"https:\/\/nge.vn\/en\/product\/tam-mang-pictor-film-high-speed-release-film-cho-may-in-3d-resin-creality-halot-mage-mage-pro-mage-s-cac-may-10-inch\/","og_locale":"en_US","og_type":"article","og_title":"T\u1ea5m m\u00e0ng Pictor Film-High Speed Release Film cho m\u00e1y in 3d resin Creality Halot Mage\/ Mage Pro\/ Mage S &amp; c\u00e1c m\u00e1y 10 inch","og_description":"T\u1ea5m m\u00e0ng Pictor Film-High Speed Release Film cho m\u00e1y in 3d resin Creality Halot Mage\/ Mage Pro\/ Mage S &amp; c\u00e1c m\u00e1y 10 inch","og_url":"https:\/\/nge.vn\/en\/product\/tam-mang-pictor-film-high-speed-release-film-cho-may-in-3d-resin-creality-halot-mage-mage-pro-mage-s-cac-may-10-inch\/","og_site_name":"NGE 3D Printers Services","article_modified_time":"2024-10-29T10:04:20+00:00","og_image":[{"width":861,"height":861,"url":"https:\/\/nge.vn\/wp-content\/uploads\/2024\/10\/images-upload-woo2F8ea33c93d2be87b361ced8dbbfcde70c.jpg","type":"image\/jpeg"}],"twitter_card":"summary_large_image","twitter_misc":{"Est. reading time":"3 minutes"},"schema":{"@context":"https:\/\/schema.org","@graph":[{"@type":"WebPage","@id":"https:\/\/nge.vn\/san-pham\/tam-mang-pictor-film-high-speed-release-film-cho-may-in-3d-resin-creality-halot-mage-mage-pro-mage-s-cac-may-10-inch\/","url":"https:\/\/nge.vn\/san-pham\/tam-mang-pictor-film-high-speed-release-film-cho-may-in-3d-resin-creality-halot-mage-mage-pro-mage-s-cac-may-10-inch\/","name":"T\u1ea5m m\u00e0ng Pictor Film-High Speed Release Film cho m\u00e1y in 3d resin Creality Halot Mage\/ Mage Pro\/ Mage S &amp; c\u00e1c m\u00e1y 10 inch - NGE 3D Printers Services","isPartOf":{"@id":"https:\/\/nge.vn\/#website"},"primaryImageOfPage":{"@id":"https:\/\/nge.vn\/san-pham\/tam-mang-pictor-film-high-speed-release-film-cho-may-in-3d-resin-creality-halot-mage-mage-pro-mage-s-cac-may-10-inch\/#primaryimage"},"image":{"@id":"https:\/\/nge.vn\/san-pham\/tam-mang-pictor-film-high-speed-release-film-cho-may-in-3d-resin-creality-halot-mage-mage-pro-mage-s-cac-may-10-inch\/#primaryimage"},"thumbnailUrl":"https:\/\/nge.vn\/wp-content\/uploads\/2024\/10\/images-upload-woo2F8ea33c93d2be87b361ced8dbbfcde70c.jpg","datePublished":"2024-10-26T03:14:25+00:00","dateModified":"2024-10-29T10:04:20+00:00","breadcrumb":{"@id":"https:\/\/nge.vn\/san-pham\/tam-mang-pictor-film-high-speed-release-film-cho-may-in-3d-resin-creality-halot-mage-mage-pro-mage-s-cac-may-10-inch\/#breadcrumb"},"inLanguage":"en-US","potentialAction":[{"@type":"ReadAction","target":["https:\/\/nge.vn\/san-pham\/tam-mang-pictor-film-high-speed-release-film-cho-may-in-3d-resin-creality-halot-mage-mage-pro-mage-s-cac-may-10-inch\/"]}]},{"@type":"ImageObject","inLanguage":"en-US","@id":"https:\/\/nge.vn\/san-pham\/tam-mang-pictor-film-high-speed-release-film-cho-may-in-3d-resin-creality-halot-mage-mage-pro-mage-s-cac-may-10-inch\/#primaryimage","url":"https:\/\/nge.vn\/wp-content\/uploads\/2024\/10\/images-upload-woo2F8ea33c93d2be87b361ced8dbbfcde70c.jpg","contentUrl":"https:\/\/nge.vn\/wp-content\/uploads\/2024\/10\/images-upload-woo2F8ea33c93d2be87b361ced8dbbfcde70c.jpg","width":861,"height":861},{"@type":"BreadcrumbList","@id":"https:\/\/nge.vn\/san-pham\/tam-mang-pictor-film-high-speed-release-film-cho-may-in-3d-resin-creality-halot-mage-mage-pro-mage-s-cac-may-10-inch\/#breadcrumb","itemListElement":[{"@type":"ListItem","position":1,"name":"Trang ch\u1ee7","item":"https:\/\/nge.vn\/"},{"@type":"ListItem","position":2,"name":"S\u1ea3n ph\u1ea9m","item":"https:\/\/nge.vn\/san-pham\/"},{"@type":"ListItem","position":3,"name":"T\u1ea5m m\u00e0ng Pictor Film-High Speed Release Film cho m\u00e1y in 3d resin Creality Halot Mage\/ Mage Pro\/ Mage S &amp; c\u00e1c m\u00e1y 10 inch"}]},{"@type":"WebSite","@id":"https:\/\/nge.vn\/#website","url":"https:\/\/nge.vn\/","name":"NGE 3D Printers Services","description":"","potentialAction":[{"@type":"SearchAction","target":{"@type":"EntryPoint","urlTemplate":"https:\/\/nge.vn\/?s={search_term_string}"},"query-input":{"@type":"PropertyValueSpecification","valueRequired":true,"valueName":"search_term_string"}}],"inLanguage":"en-US"}]}},"_links":{"self":[{"href":"https:\/\/nge.vn\/en\/wp-json\/wp\/v2\/product\/2109","targetHints":{"allow":["GET"]}}],"collection":[{"href":"https:\/\/nge.vn\/en\/wp-json\/wp\/v2\/product"}],"about":[{"href":"https:\/\/nge.vn\/en\/wp-json\/wp\/v2\/types\/product"}],"replies":[{"embeddable":true,"href":"https:\/\/nge.vn\/en\/wp-json\/wp\/v2\/comments?post=2109"}],"wp:featuredmedia":[{"embeddable":true,"href":"https:\/\/nge.vn\/en\/wp-json\/wp\/v2\/media\/2100"}],"wp:attachment":[{"href":"https:\/\/nge.vn\/en\/wp-json\/wp\/v2\/media?parent=2109"}],"wp:term":[{"taxonomy":"product_brand","embeddable":true,"href":"https:\/\/nge.vn\/en\/wp-json\/wp\/v2\/product_brand?post=2109"},{"taxonomy":"product_cat","embeddable":true,"href":"https:\/\/nge.vn\/en\/wp-json\/wp\/v2\/product_cat?post=2109"},{"taxonomy":"product_tag","embeddable":true,"href":"https:\/\/nge.vn\/en\/wp-json\/wp\/v2\/product_tag?post=2109"}],"curies":[{"name":"wp","href":"https:\/\/api.w.org\/{rel}","templated":true}]}}