{"id":2099,"date":"2024-10-26T10:11:42","date_gmt":"2024-10-26T03:11:42","guid":{"rendered":"https:\/\/nge.123websitedev.com\/san-pham\/bo-5-tam-mang-fep-release-film-cho-may-in-3d-resin-creality-halot-mage-mage-pro-mage-s-cac-may-10-inch-khac\/"},"modified":"2024-10-29T17:04:37","modified_gmt":"2024-10-29T10:04:37","slug":"bo-5-tam-mang-fep-release-film-cho-may-in-3d-resin-creality-halot-mage-mage-pro-mage-s-cac-may-10-inch-khac","status":"publish","type":"product","link":"https:\/\/nge.vn\/en\/product\/bo-5-tam-mang-fep-release-film-cho-may-in-3d-resin-creality-halot-mage-mage-pro-mage-s-cac-may-10-inch-khac\/","title":{"rendered":"Set of 5 FEP Release Film sheets for Creality Halot Mage\/ Mage Pro\/ Mage S resin 3d printers &amp; other 10 inch machines"},"content":{"rendered":"<p>B\u1ed9 5 t\u1ea5m m\u00e0ng nh\u1ea3 FEP Release Film cho m\u00e1y in 3d resin Creality Halot Mage\/ Mage Pro\/ Mage S &amp; c\u00e1c m\u00e1y 10 inch kh\u00e1c<br \/>\n_L\u1ef1c nh\u1ea3 \u1ed5n \u0111\u1ecbnh<br \/>\nM\u00e0ng \u0111\u00fac \u00e9p \u0111\u00f9n n\u00f3ng ch\u1ea3y l\u00e0m b\u1eb1ng nh\u1ef1a FEP c\u00f3 \u0111\u1ed9 tinh khi\u1ebft cao v\u1edbi b\u1ec1 m\u1eb7t nh\u1eb5n, ch\u1ed1ng m\u00e0i m\u00f2n t\u1ed1t, l\u1ef1c nh\u1ea3 \u1ed5n \u0111\u1ecbnh, hi\u1ec7u qu\u1ea3 nh\u1ea3 nh\u1ef1a t\u1ed1t, c\u00f3 th\u1ec3 s\u1eed d\u1ee5ng nhi\u1ec1u l\u1ea7n.<\/p>\n<p>_T\u00ednh linh ho\u1ea1t t\u1ed1t<br \/>\n\u0110\u1ed9 d\u1ebbo tuy\u1ec7t v\u1eddi l\u00ean \u0111\u1ebfn 300% v\u00e0 t\u00ednh linh ho\u1ea1t t\u1ed1t c\u00f3 th\u1ec3 u\u1ed1n cong 10.000 l\u1ea7n.<\/p>\n<p>L\u1eafp r\u00e1p nhanh &#8211; D\u1ec5 d\u00e0ng \u0111\u1ec3 c\u00e0i \u0111\u1eb7t<br \/>\n1_\u0110\u1ed5 nh\u1ef1a trong th\u00f9ng nh\u1ef1a tr\u1edf l\u1ea1i chai ban \u0111\u1ea7u, sau \u0111\u00f3 l\u00e0m s\u1ea1ch.<br \/>\n(L\u01b0u \u00fd: Vui l\u00f2ng \u0111\u1ea3m b\u1ea3o kh\u00f4ng c\u00f2n c\u1eb7n b\u1ea9n b\u00ean trong Th\u00f9ng)<\/p>\n<p>2_Th\u00e1o t\u1ea5t c\u1ea3 c\u00e1c v\u00edt \u1edf \u0111\u00e1y th\u00f9ng nh\u1ef1a, l\u1ea5y t\u1ea5m c\u1ed1 \u0111\u1ecbnh v\u00e0 m\u00e0ng th\u00e1o ra.<br \/>\n(L\u01b0u \u00fd: T\u1ea5m c\u1ed1 \u0111\u1ecbnh v\u00e0 \u0111\u00e1y th\u00f9ng c\u1ea7n \u0111\u01b0\u1ee3c l\u00e0m s\u1ea1ch)<\/p>\n<p>3_ Nh\u1eb9 nh\u00e0ng th\u00e1o m\u00e0ng b\u1ea3o v\u1ec7 \u1edf m\u1eb7t tr\u01b0\u1edbc v\u00e0 m\u1eb7t sau c\u1ee7a phim th\u00e1o.<\/p>\n<p>4_C\u0103n ch\u1ec9nh c\u00e1c l\u1ed7 \u0111\u1ecbnh v\u1ecb m\u00e0ng nh\u1ea3 v\u1edbi c\u00e1c ch\u1ed1t \u0111\u1ecbnh v\u1ecb t\u1ea5m c\u1ed1 \u0111\u1ecbnh.<\/p>\n<p>5_Nh\u1ea5n v\u00e0o \u0111\u00e1y th\u00f9ng v\u00e0 si\u1ebft ch\u1eb7t t\u1eebng v\u00edt theo \u0111\u01b0\u1eddng ch\u00e9o c\u1ee7a nhau. (L\u01b0u \u00fd: \u0110\u1ea3m b\u1ea3o kh\u00f4ng c\u00f3 m\u1ea3nh v\u1ee5n n\u00e0o gi\u1eefa t\u1ea5m c\u1ed1 \u0111\u1ecbnh v\u00e0 m\u00e0ng nh\u1ea3)<\/p>\n<p>6_\u0110\u1ea3m b\u1ea3o m\u00e0ng nh\u1ea3 ph\u1eb3ng v\u00e0 ch\u1eb7t sau khi l\u1eafp \u0111\u1eb7t. (L\u01b0u \u00fd: N\u1ebfu kh\u00f4ng ph\u1eb3ng ho\u1eb7c l\u1ecfng l\u1ebbo, vui l\u00f2ng ki\u1ec3m tra xem c\u00e1c v\u00edt c\u00f3 b\u1ecb kh\u00f3a hay m\u00e0ng nh\u1ea3 c\u00f3 b\u1ea5t th\u01b0\u1eddng kh\u00f4ng)<\/p>\n<p>***S\u1eed dung cho d\u00f2ng m\u00e1y resin Creality Halot Mage 8K &amp; Halot Mage Pro 8K &amp; Halot Mage S 14K&#8230;v\u00e0 c\u00e1c d\u00f2ng m\u00e1y in 3d resin 10 inch kh\u00e1c<\/p>\n<p>+FEP Release Film ch\u1ea5t l\u01b0\u1ee3ng cao<br \/>\n+\u0110\u1ed9 truy\u1ec1n tia c\u1ef1c t\u00edm tr\u00ean 95%<br \/>\n+Tu\u1ed5i th\u1ecd d\u00e0i<br \/>\n+Hi\u1ec7u qu\u1ea3 b\u1ea3o d\u01b0\u1ee1ng t\u1ed1t<br \/>\n+V\u1edbi \u0111\u1ed9 ch\u00ednh x\u00e1c in \u1ea5n cao<\/p>\n<p>+Packing Size\uff1a365\u00d7235\u00d75mm<br \/>\n+G.W\uff1a175g<br \/>\n+N.W.\uff1a125g<br \/>\n+Package Product: FEP Release Film * 5pcs<\/p>\n<p>**To receive a better price, please contact the shop directly.<br \/>\n     0913.939.775 contact A.Quan (for English)<br \/>\n     094.144.0951 contact A.Quynh<br \/>\n**Selling price does not include VAT (+10% if VAT invoice is issued)<\/p>","protected":false},"excerpt":{"rendered":"<p>Set of 5 FEP Release Film sheets for Creality Halot Mage\/ Mage Pro\/ Mage S resin 3d printers &amp; other 10 inch machines<\/p>","protected":false},"featured_media":2090,"comment_status":"open","ping_status":"closed","template":"","meta":{"inline_featured_image":false},"product_brand":[],"product_cat":[457,40,56],"product_tag":[],"class_list":{"0":"post-2099","1":"product","2":"type-product","3":"status-publish","4":"has-post-thumbnail","6":"product_cat-linh-kien-may-in-3d-resin","7":"product_cat-linh-kien-va-phu-kien","8":"product_cat-linh-phu-kien-may-in-3d-creality","10":"first","11":"instock","12":"taxable","13":"shipping-taxable","14":"purchasable","15":"product-type-simple"},"yoast_head":"<!-- This site is optimized with the Yoast SEO Premium plugin v22.8 (Yoast SEO v26.9) - https:\/\/yoast.com\/product\/yoast-seo-premium-wordpress\/ -->\n<title>B\u1ed9 5 t\u1ea5m m\u00e0ng FEP Release Film cho m\u00e1y in 3d resin Creality Halot Mage\/ Mage Pro\/ Mage S &amp; c\u00e1c m\u00e1y 10 inch kh\u00e1c - NGE 3D Printers Services<\/title>\n<meta name=\"robots\" content=\"index, follow, max-snippet:-1, max-image-preview:large, max-video-preview:-1\" \/>\n<link rel=\"canonical\" href=\"https:\/\/nge.vn\/en\/product\/bo-5-tam-mang-fep-release-film-cho-may-in-3d-resin-creality-halot-mage-mage-pro-mage-s-cac-may-10-inch-khac\/\" \/>\n<meta property=\"og:locale\" content=\"en_US\" \/>\n<meta property=\"og:type\" content=\"article\" \/>\n<meta property=\"og:title\" content=\"B\u1ed9 5 t\u1ea5m m\u00e0ng FEP Release Film cho m\u00e1y in 3d resin Creality Halot Mage\/ Mage Pro\/ Mage S &amp; c\u00e1c m\u00e1y 10 inch kh\u00e1c\" \/>\n<meta property=\"og:description\" content=\"B\u1ed9 5 t\u1ea5m m\u00e0ng FEP Release Film cho m\u00e1y in 3d resin Creality Halot Mage\/ Mage Pro\/ Mage S &amp; c\u00e1c m\u00e1y 10 inch kh\u00e1c\" \/>\n<meta property=\"og:url\" content=\"https:\/\/nge.vn\/en\/product\/bo-5-tam-mang-fep-release-film-cho-may-in-3d-resin-creality-halot-mage-mage-pro-mage-s-cac-may-10-inch-khac\/\" \/>\n<meta property=\"og:site_name\" content=\"NGE 3D Printers Services\" \/>\n<meta property=\"article:modified_time\" content=\"2024-10-29T10:04:37+00:00\" \/>\n<meta property=\"og:image\" content=\"https:\/\/nge.vn\/wp-content\/uploads\/2024\/10\/images-upload-woo2Fb2e26792ba34b86376c4bc6bc5bc073f.jpg\" \/>\n\t<meta property=\"og:image:width\" content=\"870\" \/>\n\t<meta property=\"og:image:height\" content=\"870\" \/>\n\t<meta property=\"og:image:type\" content=\"image\/jpeg\" \/>\n<meta name=\"twitter:card\" content=\"summary_large_image\" \/>\n<meta name=\"twitter:label1\" content=\"Est. reading time\" \/>\n\t<meta name=\"twitter:data1\" content=\"3 minutes\" \/>\n<script type=\"application\/ld+json\" class=\"yoast-schema-graph\">{\"@context\":\"https:\/\/schema.org\",\"@graph\":[{\"@type\":\"WebPage\",\"@id\":\"https:\/\/nge.vn\/san-pham\/bo-5-tam-mang-fep-release-film-cho-may-in-3d-resin-creality-halot-mage-mage-pro-mage-s-cac-may-10-inch-khac\/\",\"url\":\"https:\/\/nge.vn\/san-pham\/bo-5-tam-mang-fep-release-film-cho-may-in-3d-resin-creality-halot-mage-mage-pro-mage-s-cac-may-10-inch-khac\/\",\"name\":\"B\u1ed9 5 t\u1ea5m m\u00e0ng FEP Release Film cho m\u00e1y in 3d resin Creality Halot Mage\/ Mage Pro\/ Mage S &amp; c\u00e1c m\u00e1y 10 inch kh\u00e1c - NGE 3D Printers Services\",\"isPartOf\":{\"@id\":\"https:\/\/nge.vn\/#website\"},\"primaryImageOfPage\":{\"@id\":\"https:\/\/nge.vn\/san-pham\/bo-5-tam-mang-fep-release-film-cho-may-in-3d-resin-creality-halot-mage-mage-pro-mage-s-cac-may-10-inch-khac\/#primaryimage\"},\"image\":{\"@id\":\"https:\/\/nge.vn\/san-pham\/bo-5-tam-mang-fep-release-film-cho-may-in-3d-resin-creality-halot-mage-mage-pro-mage-s-cac-may-10-inch-khac\/#primaryimage\"},\"thumbnailUrl\":\"https:\/\/nge.vn\/wp-content\/uploads\/2024\/10\/images-upload-woo2Fb2e26792ba34b86376c4bc6bc5bc073f.jpg\",\"datePublished\":\"2024-10-26T03:11:42+00:00\",\"dateModified\":\"2024-10-29T10:04:37+00:00\",\"breadcrumb\":{\"@id\":\"https:\/\/nge.vn\/san-pham\/bo-5-tam-mang-fep-release-film-cho-may-in-3d-resin-creality-halot-mage-mage-pro-mage-s-cac-may-10-inch-khac\/#breadcrumb\"},\"inLanguage\":\"en-US\",\"potentialAction\":[{\"@type\":\"ReadAction\",\"target\":[\"https:\/\/nge.vn\/san-pham\/bo-5-tam-mang-fep-release-film-cho-may-in-3d-resin-creality-halot-mage-mage-pro-mage-s-cac-may-10-inch-khac\/\"]}]},{\"@type\":\"ImageObject\",\"inLanguage\":\"en-US\",\"@id\":\"https:\/\/nge.vn\/san-pham\/bo-5-tam-mang-fep-release-film-cho-may-in-3d-resin-creality-halot-mage-mage-pro-mage-s-cac-may-10-inch-khac\/#primaryimage\",\"url\":\"https:\/\/nge.vn\/wp-content\/uploads\/2024\/10\/images-upload-woo2Fb2e26792ba34b86376c4bc6bc5bc073f.jpg\",\"contentUrl\":\"https:\/\/nge.vn\/wp-content\/uploads\/2024\/10\/images-upload-woo2Fb2e26792ba34b86376c4bc6bc5bc073f.jpg\",\"width\":870,\"height\":870},{\"@type\":\"BreadcrumbList\",\"@id\":\"https:\/\/nge.vn\/san-pham\/bo-5-tam-mang-fep-release-film-cho-may-in-3d-resin-creality-halot-mage-mage-pro-mage-s-cac-may-10-inch-khac\/#breadcrumb\",\"itemListElement\":[{\"@type\":\"ListItem\",\"position\":1,\"name\":\"Trang ch\u1ee7\",\"item\":\"https:\/\/nge.vn\/\"},{\"@type\":\"ListItem\",\"position\":2,\"name\":\"S\u1ea3n ph\u1ea9m\",\"item\":\"https:\/\/nge.vn\/san-pham\/\"},{\"@type\":\"ListItem\",\"position\":3,\"name\":\"B\u1ed9 5 t\u1ea5m m\u00e0ng FEP Release Film cho m\u00e1y in 3d resin Creality Halot Mage\/ Mage Pro\/ Mage S &amp; c\u00e1c m\u00e1y 10 inch kh\u00e1c\"}]},{\"@type\":\"WebSite\",\"@id\":\"https:\/\/nge.vn\/#website\",\"url\":\"https:\/\/nge.vn\/\",\"name\":\"NGE 3D Printers Services\",\"description\":\"\",\"potentialAction\":[{\"@type\":\"SearchAction\",\"target\":{\"@type\":\"EntryPoint\",\"urlTemplate\":\"https:\/\/nge.vn\/?s={search_term_string}\"},\"query-input\":{\"@type\":\"PropertyValueSpecification\",\"valueRequired\":true,\"valueName\":\"search_term_string\"}}],\"inLanguage\":\"en-US\"}]}<\/script>\n<!-- \/ Yoast SEO Premium plugin. -->","yoast_head_json":{"title":"B\u1ed9 5 t\u1ea5m m\u00e0ng FEP Release Film cho m\u00e1y in 3d resin Creality Halot Mage\/ Mage Pro\/ Mage S &amp; c\u00e1c m\u00e1y 10 inch kh\u00e1c - NGE 3D Printers Services","robots":{"index":"index","follow":"follow","max-snippet":"max-snippet:-1","max-image-preview":"max-image-preview:large","max-video-preview":"max-video-preview:-1"},"canonical":"https:\/\/nge.vn\/en\/product\/bo-5-tam-mang-fep-release-film-cho-may-in-3d-resin-creality-halot-mage-mage-pro-mage-s-cac-may-10-inch-khac\/","og_locale":"en_US","og_type":"article","og_title":"B\u1ed9 5 t\u1ea5m m\u00e0ng FEP Release Film cho m\u00e1y in 3d resin Creality Halot Mage\/ Mage Pro\/ Mage S &amp; c\u00e1c m\u00e1y 10 inch kh\u00e1c","og_description":"B\u1ed9 5 t\u1ea5m m\u00e0ng FEP Release Film cho m\u00e1y in 3d resin Creality Halot Mage\/ Mage Pro\/ Mage S &amp; c\u00e1c m\u00e1y 10 inch kh\u00e1c","og_url":"https:\/\/nge.vn\/en\/product\/bo-5-tam-mang-fep-release-film-cho-may-in-3d-resin-creality-halot-mage-mage-pro-mage-s-cac-may-10-inch-khac\/","og_site_name":"NGE 3D Printers Services","article_modified_time":"2024-10-29T10:04:37+00:00","og_image":[{"width":870,"height":870,"url":"https:\/\/nge.vn\/wp-content\/uploads\/2024\/10\/images-upload-woo2Fb2e26792ba34b86376c4bc6bc5bc073f.jpg","type":"image\/jpeg"}],"twitter_card":"summary_large_image","twitter_misc":{"Est. reading time":"3 minutes"},"schema":{"@context":"https:\/\/schema.org","@graph":[{"@type":"WebPage","@id":"https:\/\/nge.vn\/san-pham\/bo-5-tam-mang-fep-release-film-cho-may-in-3d-resin-creality-halot-mage-mage-pro-mage-s-cac-may-10-inch-khac\/","url":"https:\/\/nge.vn\/san-pham\/bo-5-tam-mang-fep-release-film-cho-may-in-3d-resin-creality-halot-mage-mage-pro-mage-s-cac-may-10-inch-khac\/","name":"B\u1ed9 5 t\u1ea5m m\u00e0ng FEP Release Film cho m\u00e1y in 3d resin Creality Halot Mage\/ Mage Pro\/ Mage S &amp; c\u00e1c m\u00e1y 10 inch kh\u00e1c - NGE 3D Printers Services","isPartOf":{"@id":"https:\/\/nge.vn\/#website"},"primaryImageOfPage":{"@id":"https:\/\/nge.vn\/san-pham\/bo-5-tam-mang-fep-release-film-cho-may-in-3d-resin-creality-halot-mage-mage-pro-mage-s-cac-may-10-inch-khac\/#primaryimage"},"image":{"@id":"https:\/\/nge.vn\/san-pham\/bo-5-tam-mang-fep-release-film-cho-may-in-3d-resin-creality-halot-mage-mage-pro-mage-s-cac-may-10-inch-khac\/#primaryimage"},"thumbnailUrl":"https:\/\/nge.vn\/wp-content\/uploads\/2024\/10\/images-upload-woo2Fb2e26792ba34b86376c4bc6bc5bc073f.jpg","datePublished":"2024-10-26T03:11:42+00:00","dateModified":"2024-10-29T10:04:37+00:00","breadcrumb":{"@id":"https:\/\/nge.vn\/san-pham\/bo-5-tam-mang-fep-release-film-cho-may-in-3d-resin-creality-halot-mage-mage-pro-mage-s-cac-may-10-inch-khac\/#breadcrumb"},"inLanguage":"en-US","potentialAction":[{"@type":"ReadAction","target":["https:\/\/nge.vn\/san-pham\/bo-5-tam-mang-fep-release-film-cho-may-in-3d-resin-creality-halot-mage-mage-pro-mage-s-cac-may-10-inch-khac\/"]}]},{"@type":"ImageObject","inLanguage":"en-US","@id":"https:\/\/nge.vn\/san-pham\/bo-5-tam-mang-fep-release-film-cho-may-in-3d-resin-creality-halot-mage-mage-pro-mage-s-cac-may-10-inch-khac\/#primaryimage","url":"https:\/\/nge.vn\/wp-content\/uploads\/2024\/10\/images-upload-woo2Fb2e26792ba34b86376c4bc6bc5bc073f.jpg","contentUrl":"https:\/\/nge.vn\/wp-content\/uploads\/2024\/10\/images-upload-woo2Fb2e26792ba34b86376c4bc6bc5bc073f.jpg","width":870,"height":870},{"@type":"BreadcrumbList","@id":"https:\/\/nge.vn\/san-pham\/bo-5-tam-mang-fep-release-film-cho-may-in-3d-resin-creality-halot-mage-mage-pro-mage-s-cac-may-10-inch-khac\/#breadcrumb","itemListElement":[{"@type":"ListItem","position":1,"name":"Trang ch\u1ee7","item":"https:\/\/nge.vn\/"},{"@type":"ListItem","position":2,"name":"S\u1ea3n ph\u1ea9m","item":"https:\/\/nge.vn\/san-pham\/"},{"@type":"ListItem","position":3,"name":"B\u1ed9 5 t\u1ea5m m\u00e0ng FEP Release Film cho m\u00e1y in 3d resin Creality Halot Mage\/ Mage Pro\/ Mage S &amp; c\u00e1c m\u00e1y 10 inch kh\u00e1c"}]},{"@type":"WebSite","@id":"https:\/\/nge.vn\/#website","url":"https:\/\/nge.vn\/","name":"NGE 3D Printers Services","description":"","potentialAction":[{"@type":"SearchAction","target":{"@type":"EntryPoint","urlTemplate":"https:\/\/nge.vn\/?s={search_term_string}"},"query-input":{"@type":"PropertyValueSpecification","valueRequired":true,"valueName":"search_term_string"}}],"inLanguage":"en-US"}]}},"_links":{"self":[{"href":"https:\/\/nge.vn\/en\/wp-json\/wp\/v2\/product\/2099","targetHints":{"allow":["GET"]}}],"collection":[{"href":"https:\/\/nge.vn\/en\/wp-json\/wp\/v2\/product"}],"about":[{"href":"https:\/\/nge.vn\/en\/wp-json\/wp\/v2\/types\/product"}],"replies":[{"embeddable":true,"href":"https:\/\/nge.vn\/en\/wp-json\/wp\/v2\/comments?post=2099"}],"wp:featuredmedia":[{"embeddable":true,"href":"https:\/\/nge.vn\/en\/wp-json\/wp\/v2\/media\/2090"}],"wp:attachment":[{"href":"https:\/\/nge.vn\/en\/wp-json\/wp\/v2\/media?parent=2099"}],"wp:term":[{"taxonomy":"product_brand","embeddable":true,"href":"https:\/\/nge.vn\/en\/wp-json\/wp\/v2\/product_brand?post=2099"},{"taxonomy":"product_cat","embeddable":true,"href":"https:\/\/nge.vn\/en\/wp-json\/wp\/v2\/product_cat?post=2099"},{"taxonomy":"product_tag","embeddable":true,"href":"https:\/\/nge.vn\/en\/wp-json\/wp\/v2\/product_tag?post=2099"}],"curies":[{"name":"wp","href":"https:\/\/api.w.org\/{rel}","templated":true}]}}