{"id":2083,"date":"2024-10-26T10:09:29","date_gmt":"2024-10-26T03:09:29","guid":{"rendered":"https:\/\/nge.123websitedev.com\/san-pham\/dau-dun-nhua-nozzle-m6-0-4mm-cho-may-in-3d-creality-cr-m4-k1-k1-max-ender-3-v3-ke-cr-10-se\/"},"modified":"2024-10-29T14:54:50","modified_gmt":"2024-10-29T07:54:50","slug":"dau-dun-nhua-nozzle-m6-0-4mm-cho-may-in-3d-creality-cr-m4-k1-k1-max-ender-3-v3-ke-cr-10-se","status":"publish","type":"product","link":"https:\/\/nge.vn\/en\/product\/dau-dun-nhua-nozzle-m6-0-4mm-cho-may-in-3d-creality-cr-m4-k1-k1-max-ender-3-v3-ke-cr-10-se\/","title":{"rendered":"\u0110\u1ea7u \u0111\u00f9n nh\u1ef1a Nozzle M6 0.4mm cho m\u00e1y in 3d Creality CR-M4 &amp; K1 &amp; K1 Max &amp; Ender 3 V3 KE &amp; CR-10 SE"},"content":{"rendered":"<p>\u0110\u1ea7u \u0111\u00f9n nh\u1ef1a Nozzle M6 0.4mm cho m\u00e1y in 3d Creality CR-M4 &amp; K1 &amp; K1 Max &amp; Ender 3 V3 KE &amp; CR-10 SE<br \/>\n+H\u00e3ng s\u1ea3n xu\u1ea5t: Creality<br \/>\n+Lo\u1ea1i s\u1ea3n ph\u1ea9m: \u0110\u1ea7u \u0111\u00f9n M6 0.4mm<br \/>\n+Ch\u1ea5t li\u1ec7u: \u0110\u1ed3ng (Copper) &amp; Th\u00e9p c\u1ee9ng (Hardened Steel)<br \/>\n+Tr\u1ecdng L\u01b0\u1ee3ng: 4g<br \/>\n+K\u00edch th\u01b0\u1edbc: 23*6*6mm<br \/>\n+\u0110\u01b0\u1eddng k\u00ednh ren: 6mm<br \/>\n+\u0110\u01b0\u1eddng k\u00ednh l\u1ed7: 0.4mm<\/p>\n<p>+G\u00f3i s\u1ea3n ph\u1ea9m:<br \/>\n\u0110\u1ea7u \u0111\u00f9n M6 0.4mm * 1 c\u00e1i<\/p>\n<p>**S\u1eed d\u1ee5ng cho m\u00e1y in 3d Creality CR-M4 &amp; K1 &amp; K1 Max &amp; Ender 3 V3 KE &amp; CR-10 SE&#8230;.<\/p>\n<p>**To receive a better price, please contact the shop directly.<br \/>\n0913.939.775 contact A.Quan (for English)<br \/>\n094.144.0951 contact A.Quynh<br \/>\n**Selling price does not include VAT (+10% if VAT invoice is issued)<\/p>","protected":false},"excerpt":{"rendered":"<p>\u0110\u1ea7u \u0111\u00f9n nh\u1ef1a Nozzle M6 0.4mm cho m\u00e1y in 3d Creality CR-M4 &amp; K1 &amp; K1 Max &amp; Ender 3 V3 KE &amp; CR-10 SE<\/p>","protected":false},"featured_media":2074,"comment_status":"open","ping_status":"closed","template":"","meta":{"inline_featured_image":false},"product_brand":[],"product_cat":[461,40,56],"product_tag":[],"class_list":{"0":"post-2083","1":"product","2":"type-product","3":"status-publish","4":"has-post-thumbnail","6":"product_cat-linh-kien-cum-dun-va-cam-bien","7":"product_cat-linh-kien-va-phu-kien","8":"product_cat-linh-phu-kien-may-in-3d-creality","10":"first","11":"instock","12":"taxable","13":"shipping-taxable","14":"purchasable","15":"product-type-variable"},"yoast_head":"<!-- This site is optimized with the Yoast SEO Premium plugin v22.8 (Yoast SEO v26.9) - https:\/\/yoast.com\/product\/yoast-seo-premium-wordpress\/ -->\n<title>\u0110\u1ea7u \u0111\u00f9n nh\u1ef1a Nozzle M6 0.4mm cho m\u00e1y in 3d Creality CR-M4 &amp; K1 &amp; K1 Max &amp; Ender 3 V3 KE &amp; CR-10 SE - NGE 3D Printers Services<\/title>\n<meta name=\"robots\" content=\"index, follow, max-snippet:-1, max-image-preview:large, max-video-preview:-1\" \/>\n<link rel=\"canonical\" href=\"https:\/\/nge.vn\/en\/product\/dau-dun-nhua-nozzle-m6-0-4mm-cho-may-in-3d-creality-cr-m4-k1-k1-max-ender-3-v3-ke-cr-10-se\/\" \/>\n<meta property=\"og:locale\" content=\"en_US\" \/>\n<meta property=\"og:type\" content=\"article\" \/>\n<meta property=\"og:title\" content=\"\u0110\u1ea7u \u0111\u00f9n nh\u1ef1a Nozzle M6 0.4mm cho m\u00e1y in 3d Creality CR-M4 &amp; K1 &amp; K1 Max &amp; Ender 3 V3 KE &amp; CR-10 SE\" \/>\n<meta property=\"og:description\" content=\"\u0110\u1ea7u \u0111\u00f9n nh\u1ef1a Nozzle M6 0.4mm cho m\u00e1y in 3d Creality CR-M4 &amp; K1 &amp; K1 Max &amp; Ender 3 V3 KE &amp; CR-10 SE\" \/>\n<meta property=\"og:url\" content=\"https:\/\/nge.vn\/en\/product\/dau-dun-nhua-nozzle-m6-0-4mm-cho-may-in-3d-creality-cr-m4-k1-k1-max-ender-3-v3-ke-cr-10-se\/\" \/>\n<meta property=\"og:site_name\" content=\"NGE 3D Printers Services\" \/>\n<meta property=\"article:modified_time\" content=\"2024-10-29T07:54:50+00:00\" \/>\n<meta property=\"og:image\" content=\"https:\/\/nge.vn\/wp-content\/uploads\/2024\/10\/images-upload-woo2Fca11d583b468ae0336284070a0119432.jpg\" \/>\n\t<meta property=\"og:image:width\" content=\"1000\" \/>\n\t<meta property=\"og:image:height\" content=\"1000\" \/>\n\t<meta property=\"og:image:type\" content=\"image\/jpeg\" \/>\n<meta name=\"twitter:card\" content=\"summary_large_image\" \/>\n<meta name=\"twitter:label1\" content=\"Est. reading time\" \/>\n\t<meta name=\"twitter:data1\" content=\"1 minute\" \/>\n<script type=\"application\/ld+json\" class=\"yoast-schema-graph\">{\"@context\":\"https:\/\/schema.org\",\"@graph\":[{\"@type\":\"WebPage\",\"@id\":\"https:\/\/nge.vn\/san-pham\/dau-dun-nhua-nozzle-m6-0-4mm-cho-may-in-3d-creality-cr-m4-k1-k1-max-ender-3-v3-ke-cr-10-se\/\",\"url\":\"https:\/\/nge.vn\/san-pham\/dau-dun-nhua-nozzle-m6-0-4mm-cho-may-in-3d-creality-cr-m4-k1-k1-max-ender-3-v3-ke-cr-10-se\/\",\"name\":\"\u0110\u1ea7u \u0111\u00f9n nh\u1ef1a Nozzle M6 0.4mm cho m\u00e1y in 3d Creality CR-M4 &amp; K1 &amp; K1 Max &amp; Ender 3 V3 KE &amp; CR-10 SE - NGE 3D Printers Services\",\"isPartOf\":{\"@id\":\"https:\/\/nge.vn\/#website\"},\"primaryImageOfPage\":{\"@id\":\"https:\/\/nge.vn\/san-pham\/dau-dun-nhua-nozzle-m6-0-4mm-cho-may-in-3d-creality-cr-m4-k1-k1-max-ender-3-v3-ke-cr-10-se\/#primaryimage\"},\"image\":{\"@id\":\"https:\/\/nge.vn\/san-pham\/dau-dun-nhua-nozzle-m6-0-4mm-cho-may-in-3d-creality-cr-m4-k1-k1-max-ender-3-v3-ke-cr-10-se\/#primaryimage\"},\"thumbnailUrl\":\"https:\/\/nge.vn\/wp-content\/uploads\/2024\/10\/images-upload-woo2Fca11d583b468ae0336284070a0119432.jpg\",\"datePublished\":\"2024-10-26T03:09:29+00:00\",\"dateModified\":\"2024-10-29T07:54:50+00:00\",\"breadcrumb\":{\"@id\":\"https:\/\/nge.vn\/san-pham\/dau-dun-nhua-nozzle-m6-0-4mm-cho-may-in-3d-creality-cr-m4-k1-k1-max-ender-3-v3-ke-cr-10-se\/#breadcrumb\"},\"inLanguage\":\"en-US\",\"potentialAction\":[{\"@type\":\"ReadAction\",\"target\":[\"https:\/\/nge.vn\/san-pham\/dau-dun-nhua-nozzle-m6-0-4mm-cho-may-in-3d-creality-cr-m4-k1-k1-max-ender-3-v3-ke-cr-10-se\/\"]}]},{\"@type\":\"ImageObject\",\"inLanguage\":\"en-US\",\"@id\":\"https:\/\/nge.vn\/san-pham\/dau-dun-nhua-nozzle-m6-0-4mm-cho-may-in-3d-creality-cr-m4-k1-k1-max-ender-3-v3-ke-cr-10-se\/#primaryimage\",\"url\":\"https:\/\/nge.vn\/wp-content\/uploads\/2024\/10\/images-upload-woo2Fca11d583b468ae0336284070a0119432.jpg\",\"contentUrl\":\"https:\/\/nge.vn\/wp-content\/uploads\/2024\/10\/images-upload-woo2Fca11d583b468ae0336284070a0119432.jpg\",\"width\":1000,\"height\":1000},{\"@type\":\"BreadcrumbList\",\"@id\":\"https:\/\/nge.vn\/san-pham\/dau-dun-nhua-nozzle-m6-0-4mm-cho-may-in-3d-creality-cr-m4-k1-k1-max-ender-3-v3-ke-cr-10-se\/#breadcrumb\",\"itemListElement\":[{\"@type\":\"ListItem\",\"position\":1,\"name\":\"Trang ch\u1ee7\",\"item\":\"https:\/\/nge.vn\/\"},{\"@type\":\"ListItem\",\"position\":2,\"name\":\"S\u1ea3n ph\u1ea9m\",\"item\":\"https:\/\/nge.vn\/san-pham\/\"},{\"@type\":\"ListItem\",\"position\":3,\"name\":\"\u0110\u1ea7u \u0111\u00f9n nh\u1ef1a Nozzle M6 0.4mm cho m\u00e1y in 3d Creality CR-M4 &amp; K1 &amp; K1 Max &amp; Ender 3 V3 KE &amp; CR-10 SE\"}]},{\"@type\":\"WebSite\",\"@id\":\"https:\/\/nge.vn\/#website\",\"url\":\"https:\/\/nge.vn\/\",\"name\":\"NGE 3D Printers Services\",\"description\":\"\",\"potentialAction\":[{\"@type\":\"SearchAction\",\"target\":{\"@type\":\"EntryPoint\",\"urlTemplate\":\"https:\/\/nge.vn\/?s={search_term_string}\"},\"query-input\":{\"@type\":\"PropertyValueSpecification\",\"valueRequired\":true,\"valueName\":\"search_term_string\"}}],\"inLanguage\":\"en-US\"}]}<\/script>\n<!-- \/ Yoast SEO Premium plugin. -->","yoast_head_json":{"title":"\u0110\u1ea7u \u0111\u00f9n nh\u1ef1a Nozzle M6 0.4mm cho m\u00e1y in 3d Creality CR-M4 &amp; K1 &amp; K1 Max &amp; Ender 3 V3 KE &amp; CR-10 SE - NGE 3D Printers Services","robots":{"index":"index","follow":"follow","max-snippet":"max-snippet:-1","max-image-preview":"max-image-preview:large","max-video-preview":"max-video-preview:-1"},"canonical":"https:\/\/nge.vn\/en\/product\/dau-dun-nhua-nozzle-m6-0-4mm-cho-may-in-3d-creality-cr-m4-k1-k1-max-ender-3-v3-ke-cr-10-se\/","og_locale":"en_US","og_type":"article","og_title":"\u0110\u1ea7u \u0111\u00f9n nh\u1ef1a Nozzle M6 0.4mm cho m\u00e1y in 3d Creality CR-M4 &amp; K1 &amp; K1 Max &amp; Ender 3 V3 KE &amp; CR-10 SE","og_description":"\u0110\u1ea7u \u0111\u00f9n nh\u1ef1a Nozzle M6 0.4mm cho m\u00e1y in 3d Creality CR-M4 &amp; K1 &amp; K1 Max &amp; Ender 3 V3 KE &amp; CR-10 SE","og_url":"https:\/\/nge.vn\/en\/product\/dau-dun-nhua-nozzle-m6-0-4mm-cho-may-in-3d-creality-cr-m4-k1-k1-max-ender-3-v3-ke-cr-10-se\/","og_site_name":"NGE 3D Printers Services","article_modified_time":"2024-10-29T07:54:50+00:00","og_image":[{"width":1000,"height":1000,"url":"https:\/\/nge.vn\/wp-content\/uploads\/2024\/10\/images-upload-woo2Fca11d583b468ae0336284070a0119432.jpg","type":"image\/jpeg"}],"twitter_card":"summary_large_image","twitter_misc":{"Est. reading time":"1 minute"},"schema":{"@context":"https:\/\/schema.org","@graph":[{"@type":"WebPage","@id":"https:\/\/nge.vn\/san-pham\/dau-dun-nhua-nozzle-m6-0-4mm-cho-may-in-3d-creality-cr-m4-k1-k1-max-ender-3-v3-ke-cr-10-se\/","url":"https:\/\/nge.vn\/san-pham\/dau-dun-nhua-nozzle-m6-0-4mm-cho-may-in-3d-creality-cr-m4-k1-k1-max-ender-3-v3-ke-cr-10-se\/","name":"\u0110\u1ea7u \u0111\u00f9n nh\u1ef1a Nozzle M6 0.4mm cho m\u00e1y in 3d Creality CR-M4 &amp; K1 &amp; K1 Max &amp; Ender 3 V3 KE &amp; CR-10 SE - NGE 3D Printers Services","isPartOf":{"@id":"https:\/\/nge.vn\/#website"},"primaryImageOfPage":{"@id":"https:\/\/nge.vn\/san-pham\/dau-dun-nhua-nozzle-m6-0-4mm-cho-may-in-3d-creality-cr-m4-k1-k1-max-ender-3-v3-ke-cr-10-se\/#primaryimage"},"image":{"@id":"https:\/\/nge.vn\/san-pham\/dau-dun-nhua-nozzle-m6-0-4mm-cho-may-in-3d-creality-cr-m4-k1-k1-max-ender-3-v3-ke-cr-10-se\/#primaryimage"},"thumbnailUrl":"https:\/\/nge.vn\/wp-content\/uploads\/2024\/10\/images-upload-woo2Fca11d583b468ae0336284070a0119432.jpg","datePublished":"2024-10-26T03:09:29+00:00","dateModified":"2024-10-29T07:54:50+00:00","breadcrumb":{"@id":"https:\/\/nge.vn\/san-pham\/dau-dun-nhua-nozzle-m6-0-4mm-cho-may-in-3d-creality-cr-m4-k1-k1-max-ender-3-v3-ke-cr-10-se\/#breadcrumb"},"inLanguage":"en-US","potentialAction":[{"@type":"ReadAction","target":["https:\/\/nge.vn\/san-pham\/dau-dun-nhua-nozzle-m6-0-4mm-cho-may-in-3d-creality-cr-m4-k1-k1-max-ender-3-v3-ke-cr-10-se\/"]}]},{"@type":"ImageObject","inLanguage":"en-US","@id":"https:\/\/nge.vn\/san-pham\/dau-dun-nhua-nozzle-m6-0-4mm-cho-may-in-3d-creality-cr-m4-k1-k1-max-ender-3-v3-ke-cr-10-se\/#primaryimage","url":"https:\/\/nge.vn\/wp-content\/uploads\/2024\/10\/images-upload-woo2Fca11d583b468ae0336284070a0119432.jpg","contentUrl":"https:\/\/nge.vn\/wp-content\/uploads\/2024\/10\/images-upload-woo2Fca11d583b468ae0336284070a0119432.jpg","width":1000,"height":1000},{"@type":"BreadcrumbList","@id":"https:\/\/nge.vn\/san-pham\/dau-dun-nhua-nozzle-m6-0-4mm-cho-may-in-3d-creality-cr-m4-k1-k1-max-ender-3-v3-ke-cr-10-se\/#breadcrumb","itemListElement":[{"@type":"ListItem","position":1,"name":"Trang ch\u1ee7","item":"https:\/\/nge.vn\/"},{"@type":"ListItem","position":2,"name":"S\u1ea3n ph\u1ea9m","item":"https:\/\/nge.vn\/san-pham\/"},{"@type":"ListItem","position":3,"name":"\u0110\u1ea7u \u0111\u00f9n nh\u1ef1a Nozzle M6 0.4mm cho m\u00e1y in 3d Creality CR-M4 &amp; K1 &amp; K1 Max &amp; Ender 3 V3 KE &amp; CR-10 SE"}]},{"@type":"WebSite","@id":"https:\/\/nge.vn\/#website","url":"https:\/\/nge.vn\/","name":"NGE 3D Printers Services","description":"","potentialAction":[{"@type":"SearchAction","target":{"@type":"EntryPoint","urlTemplate":"https:\/\/nge.vn\/?s={search_term_string}"},"query-input":{"@type":"PropertyValueSpecification","valueRequired":true,"valueName":"search_term_string"}}],"inLanguage":"en-US"}]}},"_links":{"self":[{"href":"https:\/\/nge.vn\/en\/wp-json\/wp\/v2\/product\/2083","targetHints":{"allow":["GET"]}}],"collection":[{"href":"https:\/\/nge.vn\/en\/wp-json\/wp\/v2\/product"}],"about":[{"href":"https:\/\/nge.vn\/en\/wp-json\/wp\/v2\/types\/product"}],"replies":[{"embeddable":true,"href":"https:\/\/nge.vn\/en\/wp-json\/wp\/v2\/comments?post=2083"}],"wp:featuredmedia":[{"embeddable":true,"href":"https:\/\/nge.vn\/en\/wp-json\/wp\/v2\/media\/2074"}],"wp:attachment":[{"href":"https:\/\/nge.vn\/en\/wp-json\/wp\/v2\/media?parent=2083"}],"wp:term":[{"taxonomy":"product_brand","embeddable":true,"href":"https:\/\/nge.vn\/en\/wp-json\/wp\/v2\/product_brand?post=2083"},{"taxonomy":"product_cat","embeddable":true,"href":"https:\/\/nge.vn\/en\/wp-json\/wp\/v2\/product_cat?post=2083"},{"taxonomy":"product_tag","embeddable":true,"href":"https:\/\/nge.vn\/en\/wp-json\/wp\/v2\/product_tag?post=2083"}],"curies":[{"name":"wp","href":"https:\/\/api.w.org\/{rel}","templated":true}]}}