{"id":2065,"date":"2024-10-26T10:04:16","date_gmt":"2024-10-26T03:04:16","guid":{"rendered":"https:\/\/nge.123websitedev.com\/san-pham\/bo-cum-dun-neo-series-hotend-kit-cho-dong-may-in-3d-ender-3-neo-ender-3-max-neo-ender-3-v2-neo\/"},"modified":"2024-10-29T17:10:36","modified_gmt":"2024-10-29T10:10:36","slug":"bo-cum-dun-neo-series-hotend-kit-cho-dong-may-in-3d-ender-3-neo-ender-3-max-neo-ender-3-v2-neo","status":"publish","type":"product","link":"https:\/\/nge.vn\/en\/product\/bo-cum-dun-neo-series-hotend-kit-cho-dong-may-in-3d-ender-3-neo-ender-3-max-neo-ender-3-v2-neo\/","title":{"rendered":"Neo Series Hotend Kit for Ender 3 Neo &amp; Ender 3 Max Neo &amp; Ender 3 V2 Neo 3d printer series"},"content":{"rendered":"<p>B\u1ed9 c\u1ee5m \u0111\u00f9n Neo Series Hotend Kit (glass head heat sensitive) cho m\u00e1y in 3d d\u00f2ng Ender 3 Neo &amp; Ender 3 Max Neo &amp; Ender 3 V2 Neo<\/p>\n<p>+H\u00e3ng s\u1ea3n xu\u1ea5t: Creality<br \/>\n+Trong l\u01b0\u1ee3ng: 191g<br \/>\n+K\u00edch th\u01b0\u1edbc: 165*155*50mm<br \/>\n+T\u01b0\u01a1ng th\u00edch v\u1edbi c\u00e1c d\u00f2ng m\u00e1y in 3d Creality Ender 3 Neo &amp; Ender 3 Max Neo &amp; Ender 3 V2 Neo<\/p>\n<p>**\u0110\u1ec3 \u0111\u01b0\u1ee3c nh\u1eadn \u0111\u01b0\u1ee3c gi\u00e1 \u01b0u \u0111\u00e3i t\u1ed1t h\u01a1n vui l\u00f2ng li\u00ean h\u1ec7 mua tr\u1ef1c ti\u1ebfp shop<br \/>\n     0934.156.173 g\u1eb7p A.Quy\u1ec1n (English)<br \/>\n      0923.876.930 g\u1eb7p A.Qu\u1ef3nh<br \/>\n**Selling price does not include VAT (+10% if VAT invoice is issued)<\/p>","protected":false},"excerpt":{"rendered":"<p>Neo Series Hotend Kit for Ender 3 Neo &amp; Ender 3 Max Neo &amp; Ender 3 V2 Neo 3d printer series<\/p>","protected":false},"featured_media":2056,"comment_status":"open","ping_status":"closed","template":"","meta":{"inline_featured_image":false},"product_brand":[],"product_cat":[40],"product_tag":[],"class_list":{"0":"post-2065","1":"product","2":"type-product","3":"status-publish","4":"has-post-thumbnail","6":"product_cat-linh-kien-va-phu-kien","8":"first","9":"instock","10":"taxable","11":"shipping-taxable","12":"purchasable","13":"product-type-simple"},"yoast_head":"<!-- This site is optimized with the Yoast SEO Premium plugin v22.8 (Yoast SEO v26.9) - https:\/\/yoast.com\/product\/yoast-seo-premium-wordpress\/ -->\n<title>B\u1ed9 c\u1ee5m \u0111\u00f9n Neo Series Hotend Kit cho d\u00f2ng m\u00e1y in 3d Ender 3 Neo &amp; Ender 3 Max Neo &amp; Ender 3 V2 Neo - NGE 3D Printers Services<\/title>\n<meta name=\"robots\" content=\"index, follow, max-snippet:-1, max-image-preview:large, max-video-preview:-1\" \/>\n<link rel=\"canonical\" href=\"https:\/\/nge.vn\/en\/product\/bo-cum-dun-neo-series-hotend-kit-cho-dong-may-in-3d-ender-3-neo-ender-3-max-neo-ender-3-v2-neo\/\" \/>\n<meta property=\"og:locale\" content=\"en_US\" \/>\n<meta property=\"og:type\" content=\"article\" \/>\n<meta property=\"og:title\" content=\"B\u1ed9 c\u1ee5m \u0111\u00f9n Neo Series Hotend Kit cho d\u00f2ng m\u00e1y in 3d Ender 3 Neo &amp; Ender 3 Max Neo &amp; Ender 3 V2 Neo\" \/>\n<meta property=\"og:description\" content=\"B\u1ed9 c\u1ee5m \u0111\u00f9n Neo Series Hotend Kit cho d\u00f2ng m\u00e1y in 3d Ender 3 Neo &amp; Ender 3 Max Neo &amp; Ender 3 V2 Neo\" \/>\n<meta property=\"og:url\" content=\"https:\/\/nge.vn\/en\/product\/bo-cum-dun-neo-series-hotend-kit-cho-dong-may-in-3d-ender-3-neo-ender-3-max-neo-ender-3-v2-neo\/\" \/>\n<meta property=\"og:site_name\" content=\"NGE 3D Printers Services\" \/>\n<meta property=\"article:modified_time\" content=\"2024-10-29T10:10:36+00:00\" \/>\n<meta property=\"og:image\" content=\"https:\/\/nge.vn\/wp-content\/uploads\/2024\/10\/images-upload-woo2F9c6703aebed4455750f86b63f81040cf.jpg\" \/>\n\t<meta property=\"og:image:width\" content=\"1000\" \/>\n\t<meta property=\"og:image:height\" content=\"1000\" \/>\n\t<meta property=\"og:image:type\" content=\"image\/jpeg\" \/>\n<meta name=\"twitter:card\" content=\"summary_large_image\" \/>\n<meta name=\"twitter:label1\" content=\"Est. reading time\" \/>\n\t<meta name=\"twitter:data1\" content=\"1 minute\" \/>\n<script type=\"application\/ld+json\" class=\"yoast-schema-graph\">{\"@context\":\"https:\/\/schema.org\",\"@graph\":[{\"@type\":\"WebPage\",\"@id\":\"https:\/\/nge.vn\/san-pham\/bo-cum-dun-neo-series-hotend-kit-cho-dong-may-in-3d-ender-3-neo-ender-3-max-neo-ender-3-v2-neo\/\",\"url\":\"https:\/\/nge.vn\/san-pham\/bo-cum-dun-neo-series-hotend-kit-cho-dong-may-in-3d-ender-3-neo-ender-3-max-neo-ender-3-v2-neo\/\",\"name\":\"B\u1ed9 c\u1ee5m \u0111\u00f9n Neo Series Hotend Kit cho d\u00f2ng m\u00e1y in 3d Ender 3 Neo &amp; Ender 3 Max Neo &amp; Ender 3 V2 Neo - NGE 3D Printers Services\",\"isPartOf\":{\"@id\":\"https:\/\/nge.vn\/#website\"},\"primaryImageOfPage\":{\"@id\":\"https:\/\/nge.vn\/san-pham\/bo-cum-dun-neo-series-hotend-kit-cho-dong-may-in-3d-ender-3-neo-ender-3-max-neo-ender-3-v2-neo\/#primaryimage\"},\"image\":{\"@id\":\"https:\/\/nge.vn\/san-pham\/bo-cum-dun-neo-series-hotend-kit-cho-dong-may-in-3d-ender-3-neo-ender-3-max-neo-ender-3-v2-neo\/#primaryimage\"},\"thumbnailUrl\":\"https:\/\/nge.vn\/wp-content\/uploads\/2024\/10\/images-upload-woo2F9c6703aebed4455750f86b63f81040cf.jpg\",\"datePublished\":\"2024-10-26T03:04:16+00:00\",\"dateModified\":\"2024-10-29T10:10:36+00:00\",\"breadcrumb\":{\"@id\":\"https:\/\/nge.vn\/san-pham\/bo-cum-dun-neo-series-hotend-kit-cho-dong-may-in-3d-ender-3-neo-ender-3-max-neo-ender-3-v2-neo\/#breadcrumb\"},\"inLanguage\":\"en-US\",\"potentialAction\":[{\"@type\":\"ReadAction\",\"target\":[\"https:\/\/nge.vn\/san-pham\/bo-cum-dun-neo-series-hotend-kit-cho-dong-may-in-3d-ender-3-neo-ender-3-max-neo-ender-3-v2-neo\/\"]}]},{\"@type\":\"ImageObject\",\"inLanguage\":\"en-US\",\"@id\":\"https:\/\/nge.vn\/san-pham\/bo-cum-dun-neo-series-hotend-kit-cho-dong-may-in-3d-ender-3-neo-ender-3-max-neo-ender-3-v2-neo\/#primaryimage\",\"url\":\"https:\/\/nge.vn\/wp-content\/uploads\/2024\/10\/images-upload-woo2F9c6703aebed4455750f86b63f81040cf.jpg\",\"contentUrl\":\"https:\/\/nge.vn\/wp-content\/uploads\/2024\/10\/images-upload-woo2F9c6703aebed4455750f86b63f81040cf.jpg\",\"width\":1000,\"height\":1000},{\"@type\":\"BreadcrumbList\",\"@id\":\"https:\/\/nge.vn\/san-pham\/bo-cum-dun-neo-series-hotend-kit-cho-dong-may-in-3d-ender-3-neo-ender-3-max-neo-ender-3-v2-neo\/#breadcrumb\",\"itemListElement\":[{\"@type\":\"ListItem\",\"position\":1,\"name\":\"Trang ch\u1ee7\",\"item\":\"https:\/\/nge.vn\/\"},{\"@type\":\"ListItem\",\"position\":2,\"name\":\"S\u1ea3n ph\u1ea9m\",\"item\":\"https:\/\/nge.vn\/san-pham\/\"},{\"@type\":\"ListItem\",\"position\":3,\"name\":\"B\u1ed9 c\u1ee5m \u0111\u00f9n Neo Series Hotend Kit cho d\u00f2ng m\u00e1y in 3d Ender 3 Neo &amp; Ender 3 Max Neo &amp; Ender 3 V2 Neo\"}]},{\"@type\":\"WebSite\",\"@id\":\"https:\/\/nge.vn\/#website\",\"url\":\"https:\/\/nge.vn\/\",\"name\":\"NGE 3D Printers Services\",\"description\":\"\",\"potentialAction\":[{\"@type\":\"SearchAction\",\"target\":{\"@type\":\"EntryPoint\",\"urlTemplate\":\"https:\/\/nge.vn\/?s={search_term_string}\"},\"query-input\":{\"@type\":\"PropertyValueSpecification\",\"valueRequired\":true,\"valueName\":\"search_term_string\"}}],\"inLanguage\":\"en-US\"}]}<\/script>\n<!-- \/ Yoast SEO Premium plugin. -->","yoast_head_json":{"title":"B\u1ed9 c\u1ee5m \u0111\u00f9n Neo Series Hotend Kit cho d\u00f2ng m\u00e1y in 3d Ender 3 Neo &amp; Ender 3 Max Neo &amp; Ender 3 V2 Neo - NGE 3D Printers Services","robots":{"index":"index","follow":"follow","max-snippet":"max-snippet:-1","max-image-preview":"max-image-preview:large","max-video-preview":"max-video-preview:-1"},"canonical":"https:\/\/nge.vn\/en\/product\/bo-cum-dun-neo-series-hotend-kit-cho-dong-may-in-3d-ender-3-neo-ender-3-max-neo-ender-3-v2-neo\/","og_locale":"en_US","og_type":"article","og_title":"B\u1ed9 c\u1ee5m \u0111\u00f9n Neo Series Hotend Kit cho d\u00f2ng m\u00e1y in 3d Ender 3 Neo &amp; Ender 3 Max Neo &amp; Ender 3 V2 Neo","og_description":"B\u1ed9 c\u1ee5m \u0111\u00f9n Neo Series Hotend Kit cho d\u00f2ng m\u00e1y in 3d Ender 3 Neo &amp; Ender 3 Max Neo &amp; Ender 3 V2 Neo","og_url":"https:\/\/nge.vn\/en\/product\/bo-cum-dun-neo-series-hotend-kit-cho-dong-may-in-3d-ender-3-neo-ender-3-max-neo-ender-3-v2-neo\/","og_site_name":"NGE 3D Printers Services","article_modified_time":"2024-10-29T10:10:36+00:00","og_image":[{"width":1000,"height":1000,"url":"https:\/\/nge.vn\/wp-content\/uploads\/2024\/10\/images-upload-woo2F9c6703aebed4455750f86b63f81040cf.jpg","type":"image\/jpeg"}],"twitter_card":"summary_large_image","twitter_misc":{"Est. reading time":"1 minute"},"schema":{"@context":"https:\/\/schema.org","@graph":[{"@type":"WebPage","@id":"https:\/\/nge.vn\/san-pham\/bo-cum-dun-neo-series-hotend-kit-cho-dong-may-in-3d-ender-3-neo-ender-3-max-neo-ender-3-v2-neo\/","url":"https:\/\/nge.vn\/san-pham\/bo-cum-dun-neo-series-hotend-kit-cho-dong-may-in-3d-ender-3-neo-ender-3-max-neo-ender-3-v2-neo\/","name":"B\u1ed9 c\u1ee5m \u0111\u00f9n Neo Series Hotend Kit cho d\u00f2ng m\u00e1y in 3d Ender 3 Neo &amp; Ender 3 Max Neo &amp; Ender 3 V2 Neo - NGE 3D Printers Services","isPartOf":{"@id":"https:\/\/nge.vn\/#website"},"primaryImageOfPage":{"@id":"https:\/\/nge.vn\/san-pham\/bo-cum-dun-neo-series-hotend-kit-cho-dong-may-in-3d-ender-3-neo-ender-3-max-neo-ender-3-v2-neo\/#primaryimage"},"image":{"@id":"https:\/\/nge.vn\/san-pham\/bo-cum-dun-neo-series-hotend-kit-cho-dong-may-in-3d-ender-3-neo-ender-3-max-neo-ender-3-v2-neo\/#primaryimage"},"thumbnailUrl":"https:\/\/nge.vn\/wp-content\/uploads\/2024\/10\/images-upload-woo2F9c6703aebed4455750f86b63f81040cf.jpg","datePublished":"2024-10-26T03:04:16+00:00","dateModified":"2024-10-29T10:10:36+00:00","breadcrumb":{"@id":"https:\/\/nge.vn\/san-pham\/bo-cum-dun-neo-series-hotend-kit-cho-dong-may-in-3d-ender-3-neo-ender-3-max-neo-ender-3-v2-neo\/#breadcrumb"},"inLanguage":"en-US","potentialAction":[{"@type":"ReadAction","target":["https:\/\/nge.vn\/san-pham\/bo-cum-dun-neo-series-hotend-kit-cho-dong-may-in-3d-ender-3-neo-ender-3-max-neo-ender-3-v2-neo\/"]}]},{"@type":"ImageObject","inLanguage":"en-US","@id":"https:\/\/nge.vn\/san-pham\/bo-cum-dun-neo-series-hotend-kit-cho-dong-may-in-3d-ender-3-neo-ender-3-max-neo-ender-3-v2-neo\/#primaryimage","url":"https:\/\/nge.vn\/wp-content\/uploads\/2024\/10\/images-upload-woo2F9c6703aebed4455750f86b63f81040cf.jpg","contentUrl":"https:\/\/nge.vn\/wp-content\/uploads\/2024\/10\/images-upload-woo2F9c6703aebed4455750f86b63f81040cf.jpg","width":1000,"height":1000},{"@type":"BreadcrumbList","@id":"https:\/\/nge.vn\/san-pham\/bo-cum-dun-neo-series-hotend-kit-cho-dong-may-in-3d-ender-3-neo-ender-3-max-neo-ender-3-v2-neo\/#breadcrumb","itemListElement":[{"@type":"ListItem","position":1,"name":"Trang ch\u1ee7","item":"https:\/\/nge.vn\/"},{"@type":"ListItem","position":2,"name":"S\u1ea3n ph\u1ea9m","item":"https:\/\/nge.vn\/san-pham\/"},{"@type":"ListItem","position":3,"name":"B\u1ed9 c\u1ee5m \u0111\u00f9n Neo Series Hotend Kit cho d\u00f2ng m\u00e1y in 3d Ender 3 Neo &amp; Ender 3 Max Neo &amp; Ender 3 V2 Neo"}]},{"@type":"WebSite","@id":"https:\/\/nge.vn\/#website","url":"https:\/\/nge.vn\/","name":"NGE 3D Printers Services","description":"","potentialAction":[{"@type":"SearchAction","target":{"@type":"EntryPoint","urlTemplate":"https:\/\/nge.vn\/?s={search_term_string}"},"query-input":{"@type":"PropertyValueSpecification","valueRequired":true,"valueName":"search_term_string"}}],"inLanguage":"en-US"}]}},"_links":{"self":[{"href":"https:\/\/nge.vn\/en\/wp-json\/wp\/v2\/product\/2065","targetHints":{"allow":["GET"]}}],"collection":[{"href":"https:\/\/nge.vn\/en\/wp-json\/wp\/v2\/product"}],"about":[{"href":"https:\/\/nge.vn\/en\/wp-json\/wp\/v2\/types\/product"}],"replies":[{"embeddable":true,"href":"https:\/\/nge.vn\/en\/wp-json\/wp\/v2\/comments?post=2065"}],"wp:featuredmedia":[{"embeddable":true,"href":"https:\/\/nge.vn\/en\/wp-json\/wp\/v2\/media\/2056"}],"wp:attachment":[{"href":"https:\/\/nge.vn\/en\/wp-json\/wp\/v2\/media?parent=2065"}],"wp:term":[{"taxonomy":"product_brand","embeddable":true,"href":"https:\/\/nge.vn\/en\/wp-json\/wp\/v2\/product_brand?post=2065"},{"taxonomy":"product_cat","embeddable":true,"href":"https:\/\/nge.vn\/en\/wp-json\/wp\/v2\/product_cat?post=2065"},{"taxonomy":"product_tag","embeddable":true,"href":"https:\/\/nge.vn\/en\/wp-json\/wp\/v2\/product_tag?post=2065"}],"curies":[{"name":"wp","href":"https:\/\/api.w.org\/{rel}","templated":true}]}}