{"id":1991,"date":"2024-10-26T09:59:00","date_gmt":"2024-10-26T02:59:00","guid":{"rendered":"https:\/\/nge.123websitedev.com\/san-pham\/nhua-in-3d-resin-esun-eresin-pla-0-5-1kg-chai\/"},"modified":"2024-10-28T14:44:07","modified_gmt":"2024-10-28T07:44:07","slug":"nhua-in-3d-resin-esun-eresin-pla-0-5-1kg-chai","status":"publish","type":"product","link":"https:\/\/nge.vn\/en\/product\/nhua-in-3d-resin-esun-eresin-pla-0-5-1kg-chai\/","title":{"rendered":"Nh\u1ef1a in 3d Resin ESUN eResin-PLA 0.5-1kg\/Chai"},"content":{"rendered":"<p>Nh\u1ef1a in 3d Resin ESUN eResin-PLA d\u00f9ng cho m\u00e1y in 3D resin LCD &#8211; Bio-based resin (Nh\u1ef1a sinh h\u1ecdc) 0.5-1kg\/Chai<br \/>\n_Nh\u1ef1a in 3D d\u1ef1a tr\u00ean sinh h\u1ecdc n\u00e0y s\u1eed d\u1ee5ng c\u00e1c monome PLA l\u00e0m nguy\u00ean li\u1ec7u th\u00f4 v\u00e0 c\u00f3 c\u00e1c t\u00ednh n\u0103ng \u0111\u1ed9c \u0111\u00e1o khi\u1ebfn n\u00f3 tr\u1edf th\u00e0nh m\u1ed9t lo\u1ea1i nh\u1ef1a \u0111a d\u1ee5ng ho\u00e0n h\u1ea3o. \u0110\u01b0\u1ee3c thi\u1ebft k\u1ebf \u0111\u1eb7c bi\u1ec7t cho ngu\u1ed3n s\u00e1ng LCD \/ LED \u0111\u1ec3 \u0111\u1ea1t \u0111\u01b0\u1ee3c ch\u1ea5t l\u01b0\u1ee3ng in t\u1ed1t h\u01a1n. Nh\u1ef1a PLA, T\u01b0\u01a1ng th\u00edch v\u1edbi h\u1ea7u h\u1ebft c\u00e1c m\u00e1y in LCD s\u1eed d\u1ee5ng \u00e1nh s\u00e1ng b\u01b0\u1edbc s\u00f3ng 405 nm. \u0110\u1ed9 c\u1ee9ng 75 b\u1edd D v\u00e0 c\u00f3 t\u1ed1c \u0111\u1ed9 in nhanh h\u01a1n, bao g\u1ed3m Phrozen, Anycubic, Wanhao, Creality, Elegoo, Longer, v.v.<br \/>\n**B\u1ea3o qu\u1ea3n v\u00e0 s\u1eed d\u1ee5ng:<br \/>\n_L\u01b0u tr\u1eef:<br \/>\n1) Tr\u00e1nh xa \u00e1nh s\u00e1ng v\u00e0 \u0111\u1eady k\u00edn \u1edf nhi\u1ec7t \u0111\u1ed9 ph\u00f2ng.<br \/>\n2) N\u00ean b\u1ea3o qu\u1ea3n nh\u1ef1a t\u1eeb 15\u2103 \u0111\u1ebfn 35\u2103 trong th\u00f9ng ch\u1ee9a ban \u0111\u1ea7u. Tr\u00e1nh b\u1ea5t k\u1ef3 m\u00f4i tr\u01b0\u1eddng b\u1ee5i b\u1ea9n ho\u1eb7c \u1ea9m \u01b0\u1edbt.<br \/>\n_S\u1eed d\u1ee5ng:<br \/>\n1) L\u1eafc k\u1ef9 tr\u01b0\u1edbc khi s\u1eed d\u1ee5ng. Tr\u00e1nh \u00e1nh n\u1eafng tr\u1ef1c ti\u1ebfp trong qu\u00e1 tr\u00ecnh s\u1eed d\u1ee5ng.<br \/>\n2) Gi\u1eef n\u00f3 xa tr\u1ebb em. Kh\u00f4ng cho v\u00e0o mi\u1ec7ng.<br \/>\n3) Mang g\u0103ng tay tr\u01b0\u1edbc khi s\u1eed d\u1ee5ng \u0111\u1ec3 tr\u00e1nh ti\u1ebfp x\u00fac tr\u1ef1c ti\u1ebfp v\u1edbi da v\u00e0 gi\u1eef ph\u00f2ng th\u00f4ng tho\u00e1ng.<br \/>\n4) N\u1ebfu v\u00f4 t\u00ecnh ti\u1ebfp x\u00fac, vui l\u00f2ng r\u1eeda b\u1eb1ng nhi\u1ec1u n\u01b0\u1edbc ngay l\u1eadp t\u1ee9c. T\u00ecm ki\u1ebfm l\u1eddi khuy\u00ean y t\u1ebf n\u1ebfu c\u1ea7n thi\u1ebft.<br \/>\n5) C\u00e1c m\u00f4 h\u00ecnh \u0111\u00e3 ho\u00e0n thi\u1ec7n \u0111\u01b0\u1ee3c y\u00eau c\u1ea7u l\u00e0m s\u1ea1ch b\u1eb1ng c\u1ed3n n\u1ed3ng \u0111\u1ed9 cao (95%) trong kho\u1ea3ng 30 gi\u00e2y.<br \/>\n**\u0110\u1eb7c tr\u01b0ng:<br \/>\n+M\u00f9i th\u1ea5p<br \/>\n+An to\u00e0n &amp; th\u00e2n thi\u1ec7n v\u1edbi m\u00f4i tr\u01b0\u1eddng<br \/>\n+Ph\u00e2n h\u1ee7y sinh h\u1ecdc<br \/>\n+\u0110\u1ed9 nh\u1edbt th\u1ea5p<br \/>\n+C\u1ea3i thi\u1ec7n d\u00f2ng ch\u1ea3y<br \/>\n+D\u1ec5 d\u00e0ng \u0111\u1ec3 l\u00e0m s\u1ea1ch<br \/>\n+M\u1ea1nh h\u01a1n h\u1ea7u h\u1ebft c\u00e1c lo\u1ea1i nh\u1ef1a ti\u00eau chu\u1ea9n kh\u00e1c<br \/>\n+Kh\u1ea3 n\u0103ng ch\u1ed1ng x\u01b0\u1edbc<br \/>\n+\u0110\u1ed9 ch\u00ednh x\u00e1c cao<br \/>\n+\u0110\u1ed9 cong v\u00eanh th\u1ea5p<br \/>\n+Ch\u1ed1ng \u1ea9m<\/p>\n<p>**TH\u00d4NG S\u1ed0 K\u1ef8 THU\u1eacT:<br \/>\n_Ch\u1ea5t li\u1ec7u: PLA<br \/>\n_B\u01b0\u1edbc s\u00f3ng (nm): 395-405<br \/>\n_T\u1ec9 tr\u1ecdng (g\/m^3): 1.07-1.13<br \/>\n_\u0110\u1ed9 nh\u1edbt (25\u00b0C MPa s): 200-300<br \/>\n_\u0110\u1ed9 c\u1ee9ng (B\u1edd D): 75-80<br \/>\n_S\u1ee9c c\u0103ng (MPa): 35-50<br \/>\n_\u0110\u1ed9 gi\u00e3n d\u00e0i khi \u0111\u1ee9t (%): 20-50<br \/>\n_\u0110\u1ed9 b\u1ec1n u\u1ed1n(MPa): 40-60<br \/>\n_M\u00f4-\u0111un u\u1ed1n d\u1ebbo (MPa): 600-800<br \/>\n_IZOD S\u1ee9c m\u1ea1nh t\u00e1c \u0111\u1ed9ng (J\/m): 15-32<br \/>\n_Tr\u1ecdng l\u01b0\u1ee3ng g\u00f3i: 720kg &#8211; 1.320 kg<br \/>\n_K\u00edch th\u01b0\u1edbc g\u00f3i: 25*11*11cm &#8211; 30\u00d713\u00d713 cm<\/p>\n<p>**Xem th\u00eam MSDS_eSUN_LCD-eResin-PLA:<br \/>\nhttps:\/\/www.fepshop.com\/wp-content\/uploads\/2020\/03\/MSDS_eSUN_LCD-eResin-PLA.pdf<\/p>\n<p>**\u0110\u1ec3 \u0111\u01b0\u1ee3c nh\u1eadn h\u1ed9 tr\u1ee3 th\u00eam v\u1ec1 Gi\u00e1 v\u00e0 Th\u00f4ng tin c\u1ee7a s\u1ea3n ph\u1ea9m, vui l\u00f2ng li\u00ean h\u1ec7:<br \/>\n0913.939.775 g\u1eb7p A. Qu\u00e2n (for English)<br \/>\n094.144.0951 contact A.Quynh<br \/>\n**Selling price does not include VAT (+10% if VAT invoice is issued)<\/p>","protected":false},"excerpt":{"rendered":"<p>Nh\u1ef1a in 3d Resin ESUN eResin-PLA 0.5-1kg\/Chai<\/p>","protected":false},"featured_media":1982,"comment_status":"open","ping_status":"closed","template":"","meta":{"inline_featured_image":false},"product_brand":[],"product_cat":[43],"product_tag":[],"class_list":{"0":"post-1991","1":"product","2":"type-product","3":"status-publish","4":"has-post-thumbnail","6":"product_cat-nhua-in-3d-resin","8":"first","9":"instock","10":"taxable","11":"shipping-taxable","12":"purchasable","13":"product-type-variable"},"yoast_head":"<!-- This site is optimized with the Yoast SEO Premium plugin v22.8 (Yoast SEO v26.9) - https:\/\/yoast.com\/product\/yoast-seo-premium-wordpress\/ -->\n<title>Nh\u1ef1a in 3d Resin ESUN eResin-PLA 0.5-1kg\/Chai - NGE 3D Printers Services<\/title>\n<meta name=\"robots\" content=\"index, follow, max-snippet:-1, max-image-preview:large, max-video-preview:-1\" \/>\n<link rel=\"canonical\" href=\"https:\/\/nge.vn\/en\/product\/nhua-in-3d-resin-esun-eresin-pla-0-5-1kg-chai\/\" \/>\n<meta property=\"og:locale\" content=\"en_US\" \/>\n<meta property=\"og:type\" content=\"article\" \/>\n<meta property=\"og:title\" content=\"Nh\u1ef1a in 3d Resin ESUN eResin-PLA 0.5-1kg\/Chai\" \/>\n<meta property=\"og:description\" content=\"Nh\u1ef1a in 3d Resin ESUN eResin-PLA 0.5-1kg\/Chai\" \/>\n<meta property=\"og:url\" content=\"https:\/\/nge.vn\/en\/product\/nhua-in-3d-resin-esun-eresin-pla-0-5-1kg-chai\/\" \/>\n<meta property=\"og:site_name\" content=\"NGE 3D Printers Services\" \/>\n<meta property=\"article:modified_time\" content=\"2024-10-28T07:44:07+00:00\" \/>\n<meta property=\"og:image\" content=\"https:\/\/nge.vn\/wp-content\/uploads\/2024\/10\/images-upload-woo2Fb139485ee74adb06a99d52c84b500bef.jpg\" \/>\n\t<meta property=\"og:image:width\" content=\"500\" \/>\n\t<meta property=\"og:image:height\" content=\"500\" \/>\n\t<meta property=\"og:image:type\" content=\"image\/jpeg\" \/>\n<meta name=\"twitter:card\" content=\"summary_large_image\" \/>\n<meta name=\"twitter:label1\" content=\"Est. reading time\" \/>\n\t<meta name=\"twitter:data1\" content=\"3 minutes\" \/>\n<script type=\"application\/ld+json\" class=\"yoast-schema-graph\">{\"@context\":\"https:\/\/schema.org\",\"@graph\":[{\"@type\":\"WebPage\",\"@id\":\"https:\/\/nge.vn\/san-pham\/nhua-in-3d-resin-esun-eresin-pla-0-5-1kg-chai\/\",\"url\":\"https:\/\/nge.vn\/san-pham\/nhua-in-3d-resin-esun-eresin-pla-0-5-1kg-chai\/\",\"name\":\"Nh\u1ef1a in 3d Resin ESUN eResin-PLA 0.5-1kg\/Chai - NGE 3D Printers Services\",\"isPartOf\":{\"@id\":\"https:\/\/nge.vn\/#website\"},\"primaryImageOfPage\":{\"@id\":\"https:\/\/nge.vn\/san-pham\/nhua-in-3d-resin-esun-eresin-pla-0-5-1kg-chai\/#primaryimage\"},\"image\":{\"@id\":\"https:\/\/nge.vn\/san-pham\/nhua-in-3d-resin-esun-eresin-pla-0-5-1kg-chai\/#primaryimage\"},\"thumbnailUrl\":\"https:\/\/nge.vn\/wp-content\/uploads\/2024\/10\/images-upload-woo2Fb139485ee74adb06a99d52c84b500bef.jpg\",\"datePublished\":\"2024-10-26T02:59:00+00:00\",\"dateModified\":\"2024-10-28T07:44:07+00:00\",\"breadcrumb\":{\"@id\":\"https:\/\/nge.vn\/san-pham\/nhua-in-3d-resin-esun-eresin-pla-0-5-1kg-chai\/#breadcrumb\"},\"inLanguage\":\"en-US\",\"potentialAction\":[{\"@type\":\"ReadAction\",\"target\":[\"https:\/\/nge.vn\/san-pham\/nhua-in-3d-resin-esun-eresin-pla-0-5-1kg-chai\/\"]}]},{\"@type\":\"ImageObject\",\"inLanguage\":\"en-US\",\"@id\":\"https:\/\/nge.vn\/san-pham\/nhua-in-3d-resin-esun-eresin-pla-0-5-1kg-chai\/#primaryimage\",\"url\":\"https:\/\/nge.vn\/wp-content\/uploads\/2024\/10\/images-upload-woo2Fb139485ee74adb06a99d52c84b500bef.jpg\",\"contentUrl\":\"https:\/\/nge.vn\/wp-content\/uploads\/2024\/10\/images-upload-woo2Fb139485ee74adb06a99d52c84b500bef.jpg\",\"width\":500,\"height\":500},{\"@type\":\"BreadcrumbList\",\"@id\":\"https:\/\/nge.vn\/san-pham\/nhua-in-3d-resin-esun-eresin-pla-0-5-1kg-chai\/#breadcrumb\",\"itemListElement\":[{\"@type\":\"ListItem\",\"position\":1,\"name\":\"Trang ch\u1ee7\",\"item\":\"https:\/\/nge.vn\/\"},{\"@type\":\"ListItem\",\"position\":2,\"name\":\"S\u1ea3n ph\u1ea9m\",\"item\":\"https:\/\/nge.vn\/san-pham\/\"},{\"@type\":\"ListItem\",\"position\":3,\"name\":\"Nh\u1ef1a in 3d Resin ESUN eResin-PLA 0.5-1kg\/Chai\"}]},{\"@type\":\"WebSite\",\"@id\":\"https:\/\/nge.vn\/#website\",\"url\":\"https:\/\/nge.vn\/\",\"name\":\"NGE 3D Printers Services\",\"description\":\"\",\"potentialAction\":[{\"@type\":\"SearchAction\",\"target\":{\"@type\":\"EntryPoint\",\"urlTemplate\":\"https:\/\/nge.vn\/?s={search_term_string}\"},\"query-input\":{\"@type\":\"PropertyValueSpecification\",\"valueRequired\":true,\"valueName\":\"search_term_string\"}}],\"inLanguage\":\"en-US\"}]}<\/script>\n<!-- \/ Yoast SEO Premium plugin. -->","yoast_head_json":{"title":"Nh\u1ef1a in 3d Resin ESUN eResin-PLA 0.5-1kg\/Chai - NGE 3D Printers Services","robots":{"index":"index","follow":"follow","max-snippet":"max-snippet:-1","max-image-preview":"max-image-preview:large","max-video-preview":"max-video-preview:-1"},"canonical":"https:\/\/nge.vn\/en\/product\/nhua-in-3d-resin-esun-eresin-pla-0-5-1kg-chai\/","og_locale":"en_US","og_type":"article","og_title":"Nh\u1ef1a in 3d Resin ESUN eResin-PLA 0.5-1kg\/Chai","og_description":"Nh\u1ef1a in 3d Resin ESUN eResin-PLA 0.5-1kg\/Chai","og_url":"https:\/\/nge.vn\/en\/product\/nhua-in-3d-resin-esun-eresin-pla-0-5-1kg-chai\/","og_site_name":"NGE 3D Printers Services","article_modified_time":"2024-10-28T07:44:07+00:00","og_image":[{"width":500,"height":500,"url":"https:\/\/nge.vn\/wp-content\/uploads\/2024\/10\/images-upload-woo2Fb139485ee74adb06a99d52c84b500bef.jpg","type":"image\/jpeg"}],"twitter_card":"summary_large_image","twitter_misc":{"Est. reading time":"3 minutes"},"schema":{"@context":"https:\/\/schema.org","@graph":[{"@type":"WebPage","@id":"https:\/\/nge.vn\/san-pham\/nhua-in-3d-resin-esun-eresin-pla-0-5-1kg-chai\/","url":"https:\/\/nge.vn\/san-pham\/nhua-in-3d-resin-esun-eresin-pla-0-5-1kg-chai\/","name":"Nh\u1ef1a in 3d Resin ESUN eResin-PLA 0.5-1kg\/Chai - NGE 3D Printers Services","isPartOf":{"@id":"https:\/\/nge.vn\/#website"},"primaryImageOfPage":{"@id":"https:\/\/nge.vn\/san-pham\/nhua-in-3d-resin-esun-eresin-pla-0-5-1kg-chai\/#primaryimage"},"image":{"@id":"https:\/\/nge.vn\/san-pham\/nhua-in-3d-resin-esun-eresin-pla-0-5-1kg-chai\/#primaryimage"},"thumbnailUrl":"https:\/\/nge.vn\/wp-content\/uploads\/2024\/10\/images-upload-woo2Fb139485ee74adb06a99d52c84b500bef.jpg","datePublished":"2024-10-26T02:59:00+00:00","dateModified":"2024-10-28T07:44:07+00:00","breadcrumb":{"@id":"https:\/\/nge.vn\/san-pham\/nhua-in-3d-resin-esun-eresin-pla-0-5-1kg-chai\/#breadcrumb"},"inLanguage":"en-US","potentialAction":[{"@type":"ReadAction","target":["https:\/\/nge.vn\/san-pham\/nhua-in-3d-resin-esun-eresin-pla-0-5-1kg-chai\/"]}]},{"@type":"ImageObject","inLanguage":"en-US","@id":"https:\/\/nge.vn\/san-pham\/nhua-in-3d-resin-esun-eresin-pla-0-5-1kg-chai\/#primaryimage","url":"https:\/\/nge.vn\/wp-content\/uploads\/2024\/10\/images-upload-woo2Fb139485ee74adb06a99d52c84b500bef.jpg","contentUrl":"https:\/\/nge.vn\/wp-content\/uploads\/2024\/10\/images-upload-woo2Fb139485ee74adb06a99d52c84b500bef.jpg","width":500,"height":500},{"@type":"BreadcrumbList","@id":"https:\/\/nge.vn\/san-pham\/nhua-in-3d-resin-esun-eresin-pla-0-5-1kg-chai\/#breadcrumb","itemListElement":[{"@type":"ListItem","position":1,"name":"Trang ch\u1ee7","item":"https:\/\/nge.vn\/"},{"@type":"ListItem","position":2,"name":"S\u1ea3n ph\u1ea9m","item":"https:\/\/nge.vn\/san-pham\/"},{"@type":"ListItem","position":3,"name":"Nh\u1ef1a in 3d Resin ESUN eResin-PLA 0.5-1kg\/Chai"}]},{"@type":"WebSite","@id":"https:\/\/nge.vn\/#website","url":"https:\/\/nge.vn\/","name":"NGE 3D Printers Services","description":"","potentialAction":[{"@type":"SearchAction","target":{"@type":"EntryPoint","urlTemplate":"https:\/\/nge.vn\/?s={search_term_string}"},"query-input":{"@type":"PropertyValueSpecification","valueRequired":true,"valueName":"search_term_string"}}],"inLanguage":"en-US"}]}},"_links":{"self":[{"href":"https:\/\/nge.vn\/en\/wp-json\/wp\/v2\/product\/1991","targetHints":{"allow":["GET"]}}],"collection":[{"href":"https:\/\/nge.vn\/en\/wp-json\/wp\/v2\/product"}],"about":[{"href":"https:\/\/nge.vn\/en\/wp-json\/wp\/v2\/types\/product"}],"replies":[{"embeddable":true,"href":"https:\/\/nge.vn\/en\/wp-json\/wp\/v2\/comments?post=1991"}],"wp:featuredmedia":[{"embeddable":true,"href":"https:\/\/nge.vn\/en\/wp-json\/wp\/v2\/media\/1982"}],"wp:attachment":[{"href":"https:\/\/nge.vn\/en\/wp-json\/wp\/v2\/media?parent=1991"}],"wp:term":[{"taxonomy":"product_brand","embeddable":true,"href":"https:\/\/nge.vn\/en\/wp-json\/wp\/v2\/product_brand?post=1991"},{"taxonomy":"product_cat","embeddable":true,"href":"https:\/\/nge.vn\/en\/wp-json\/wp\/v2\/product_cat?post=1991"},{"taxonomy":"product_tag","embeddable":true,"href":"https:\/\/nge.vn\/en\/wp-json\/wp\/v2\/product_tag?post=1991"}],"curies":[{"name":"wp","href":"https:\/\/api.w.org\/{rel}","templated":true}]}}