{"id":1981,"date":"2024-10-26T09:55:38","date_gmt":"2024-10-26T02:55:38","guid":{"rendered":"https:\/\/nge.123websitedev.com\/san-pham\/buong-kin-cho-may-in-3d-creality-ender-3d-printer-enclosure-size-726048cm\/"},"modified":"2024-10-29T14:56:39","modified_gmt":"2024-10-29T07:56:39","slug":"buong-kin-cho-may-in-3d-creality-ender-3d-printer-enclosure-size-726048cm","status":"publish","type":"product","link":"https:\/\/nge.vn\/en\/product\/buong-kin-cho-may-in-3d-creality-ender-3d-printer-enclosure-size-726048cm\/","title":{"rendered":"Bu\u1ed3ng k\u00edn cho m\u00e1y in 3D Creality Ender 3D Printer Enclosure size 72*60*48cm"},"content":{"rendered":"<p>Bu\u1ed3ng k\u00edn cho m\u00e1y in 3D Creality Ender 3D Printer Enclosure<br \/>\n_Bu\u1ed3ng k\u00edn Creality Ender 3D Printer Enclosure kh\u00f4ng ch\u1ec9 d\u00f9ng cho c\u00e1c m\u00e1y c\u1ee7a H\u00e3ng Creality m\u00e0 \u0111\u1ec1u c\u00f3 th\u1ec3 s\u1eed d\u1ee5ng cho m\u00e1y c\u1ee7a c\u00e1c h\u00e3ng kh\u00e1c nh\u01b0 BIQU, Anycubic&#8230;.<br \/>\n_Do c\u00e1c d\u00f2ng m\u00e1y Ender 3, Ender 5&#8230;v\u00e0 1 s\u1ed1 m\u00e1y in 3d tr\u00ean th\u1ecb tr\u01b0\u1eddng c\u00f3 thi\u1ebft k\u1ebf h\u1edf kh\u00f4ng c\u00f3 bu\u1ed3ng k\u00edn n\u00ean nhi\u1ec7t \u0111\u1ed9 khi in kh\u00f4ng \u0111\u01b0\u1ee3c \u1ed5n \u0111\u1ecbnh, c\u0169ng nh\u01b0 1 s\u1ed1 lo\u1ea1i nh\u1ef1a tr\u00ean th\u1ecb tr\u01b0\u1eddng khi in y\u00eau c\u1ea7u ph\u1ea3i c\u00f3 nhi\u1ec7t \u0111\u1ed9 bu\u1ed3ng k\u00edn cao \u0111\u1ec3 tr\u00e1nh cong v\u00eanh bong tr\u00f3c nh\u01b0 PETG, ABS&#8230;<br \/>\n_\u0110\u1ec3 tr\u00e1nh h\u01b0 h\u1ea1i m\u1eabu in v\u00e0 l\u00e3ng ph\u00ed nh\u1ef1a, \u0111i\u1ec7n n\u0103ng khi in l\u1ed7i v\u00e0 tr\u00e1nh c\u00e1c t\u00ecnh tr\u1ea1ng tr\u00ean m\u1ecdi ng\u01b0\u1eddi c\u00f3 th\u1ec3 s\u1eed d\u1ee5ng Bu\u1ed3ng K\u00edn Ender 3D Printer Enclosure c\u1ee7a H\u00e3ng Creality:<br \/>\n+Hi\u1ec7u qu\u1ea3 c\u00e1ch nhi\u1ec7t t\u1ed1t<br \/>\n+Ch\u1ed1ng ch\u00e1y v\u00e0 ch\u1ed1ng th\u1ea5m n\u01b0\u1edbc<br \/>\n+G\u1ea5p v\u00e0 k\u00e9o d\u00e0i m\u00e0 kh\u00f4ng c\u00f3 n\u1ebfp g\u1ea5p<br \/>\n+C\u00f3 th\u1ec3 th\u00e1o r\u1eddi<\/p>\n<p>**Ch\u1ed1ng ch\u00e1y hi\u1ec7u qu\u1ea3, ch\u1ecbu nhi\u1ec7t cao<br \/>\nCh\u1ea5t li\u1ec7u v\u1ea3i l\u00e1 nh\u00f4m ch\u1ed1ng ch\u00e1y, ch\u1ecbu nhi\u1ec7t \u0111\u1ed9 cao, ch\u1ed1ng ch\u00e1y v\u00e0 ch\u1ed1ng \u0103n m\u00f2n Gi\u1eef in \u1edf nhi\u1ec7t \u0111\u1ed9 \u1ed5n \u0111\u1ecbnh trong v\u1ecf b\u1ecdc trong c\u00e1c \u0111i\u1ec1u ki\u1ec7n ph\u1ee9c t\u1ea1p<\/p>\n<p>+Brand: Creality<br \/>\n+Size: 59*70*48cm<br \/>\n+Packing Size\uff1a70*15*8cm<br \/>\n+G.W\uff1a1660g<br \/>\n+N.W\uff1a1220g<\/p>\n<p>**S\u1eed d\u1ee5ng cho c\u00e1c m\u00e1y:<br \/>\nEnder-2, Ender-2 Pro\uff0cCP-01<br \/>\nEnder-3, Ender-3S, Ender-3 Pro, Ender-3 V2&#8230;<\/p>\n<p>**\u0110\u1ec3 \u0111\u01b0\u1ee3c nh\u1eadn h\u1ed9 tr\u1ee3 th\u00eam v\u1ec1 Gi\u00e1 v\u00e0 Th\u00f4ng tin c\u1ee7a s\u1ea3n ph\u1ea9m, vui l\u00f2ng li\u00ean h\u1ec7:<br \/>\n    0913.939.775 g\u1eb7p A. Qu\u00e2n (for English)<br \/>\n    094.144.0951 contact A.Quynh<br \/>\n**Selling price does not include VAT (+10% if VAT invoice is issued)<\/p>","protected":false},"excerpt":{"rendered":"<p>Bu\u1ed3ng k\u00edn cho m\u00e1y in 3D Creality Ender 3D Printer Enclosure size 72*60*48cm<\/p>","protected":false},"featured_media":1972,"comment_status":"open","ping_status":"closed","template":"","meta":{"inline_featured_image":false},"product_brand":[],"product_cat":[458,40,56],"product_tag":[],"class_list":{"0":"post-1981","1":"product","2":"type-product","3":"status-publish","4":"has-post-thumbnail","6":"product_cat-ban-kinh-carbon-va-pei","7":"product_cat-linh-kien-va-phu-kien","8":"product_cat-linh-phu-kien-may-in-3d-creality","10":"first","11":"instock","12":"taxable","13":"shipping-taxable","14":"purchasable","15":"product-type-simple"},"yoast_head":"<!-- This site is optimized with the Yoast SEO Premium plugin v22.8 (Yoast SEO v26.9) - https:\/\/yoast.com\/product\/yoast-seo-premium-wordpress\/ -->\n<title>Bu\u1ed3ng k\u00edn cho m\u00e1y in 3D Creality Ender 3D Printer Enclosure size 72*60*48cm - NGE 3D Printers Services<\/title>\n<meta name=\"robots\" content=\"index, follow, max-snippet:-1, max-image-preview:large, max-video-preview:-1\" \/>\n<link rel=\"canonical\" href=\"https:\/\/nge.vn\/en\/product\/buong-kin-cho-may-in-3d-creality-ender-3d-printer-enclosure-size-726048cm\/\" \/>\n<meta property=\"og:locale\" content=\"en_US\" \/>\n<meta property=\"og:type\" content=\"article\" \/>\n<meta property=\"og:title\" content=\"Bu\u1ed3ng k\u00edn cho m\u00e1y in 3D Creality Ender 3D Printer Enclosure size 72*60*48cm\" \/>\n<meta property=\"og:description\" content=\"Bu\u1ed3ng k\u00edn cho m\u00e1y in 3D Creality Ender 3D Printer Enclosure size 72*60*48cm\" \/>\n<meta property=\"og:url\" content=\"https:\/\/nge.vn\/en\/product\/buong-kin-cho-may-in-3d-creality-ender-3d-printer-enclosure-size-726048cm\/\" \/>\n<meta property=\"og:site_name\" content=\"NGE 3D Printers Services\" \/>\n<meta property=\"article:modified_time\" content=\"2024-10-29T07:56:39+00:00\" \/>\n<meta property=\"og:image\" content=\"https:\/\/nge.vn\/wp-content\/uploads\/2024\/10\/images-upload-woo2Fe4838ef35eeb9a6cb9d75a66a2490219.jpg\" \/>\n\t<meta property=\"og:image:width\" content=\"643\" \/>\n\t<meta property=\"og:image:height\" content=\"643\" \/>\n\t<meta property=\"og:image:type\" content=\"image\/jpeg\" \/>\n<meta name=\"twitter:card\" content=\"summary_large_image\" \/>\n<meta name=\"twitter:label1\" content=\"Est. reading time\" \/>\n\t<meta name=\"twitter:data1\" content=\"2 minutes\" \/>\n<script type=\"application\/ld+json\" class=\"yoast-schema-graph\">{\"@context\":\"https:\/\/schema.org\",\"@graph\":[{\"@type\":\"WebPage\",\"@id\":\"https:\/\/nge.vn\/san-pham\/buong-kin-cho-may-in-3d-creality-ender-3d-printer-enclosure-size-726048cm\/\",\"url\":\"https:\/\/nge.vn\/san-pham\/buong-kin-cho-may-in-3d-creality-ender-3d-printer-enclosure-size-726048cm\/\",\"name\":\"Bu\u1ed3ng k\u00edn cho m\u00e1y in 3D Creality Ender 3D Printer Enclosure size 72*60*48cm - NGE 3D Printers Services\",\"isPartOf\":{\"@id\":\"https:\/\/nge.vn\/#website\"},\"primaryImageOfPage\":{\"@id\":\"https:\/\/nge.vn\/san-pham\/buong-kin-cho-may-in-3d-creality-ender-3d-printer-enclosure-size-726048cm\/#primaryimage\"},\"image\":{\"@id\":\"https:\/\/nge.vn\/san-pham\/buong-kin-cho-may-in-3d-creality-ender-3d-printer-enclosure-size-726048cm\/#primaryimage\"},\"thumbnailUrl\":\"https:\/\/nge.vn\/wp-content\/uploads\/2024\/10\/images-upload-woo2Fe4838ef35eeb9a6cb9d75a66a2490219.jpg\",\"datePublished\":\"2024-10-26T02:55:38+00:00\",\"dateModified\":\"2024-10-29T07:56:39+00:00\",\"breadcrumb\":{\"@id\":\"https:\/\/nge.vn\/san-pham\/buong-kin-cho-may-in-3d-creality-ender-3d-printer-enclosure-size-726048cm\/#breadcrumb\"},\"inLanguage\":\"en-US\",\"potentialAction\":[{\"@type\":\"ReadAction\",\"target\":[\"https:\/\/nge.vn\/san-pham\/buong-kin-cho-may-in-3d-creality-ender-3d-printer-enclosure-size-726048cm\/\"]}]},{\"@type\":\"ImageObject\",\"inLanguage\":\"en-US\",\"@id\":\"https:\/\/nge.vn\/san-pham\/buong-kin-cho-may-in-3d-creality-ender-3d-printer-enclosure-size-726048cm\/#primaryimage\",\"url\":\"https:\/\/nge.vn\/wp-content\/uploads\/2024\/10\/images-upload-woo2Fe4838ef35eeb9a6cb9d75a66a2490219.jpg\",\"contentUrl\":\"https:\/\/nge.vn\/wp-content\/uploads\/2024\/10\/images-upload-woo2Fe4838ef35eeb9a6cb9d75a66a2490219.jpg\",\"width\":643,\"height\":643},{\"@type\":\"BreadcrumbList\",\"@id\":\"https:\/\/nge.vn\/san-pham\/buong-kin-cho-may-in-3d-creality-ender-3d-printer-enclosure-size-726048cm\/#breadcrumb\",\"itemListElement\":[{\"@type\":\"ListItem\",\"position\":1,\"name\":\"Trang ch\u1ee7\",\"item\":\"https:\/\/nge.vn\/\"},{\"@type\":\"ListItem\",\"position\":2,\"name\":\"S\u1ea3n ph\u1ea9m\",\"item\":\"https:\/\/nge.vn\/san-pham\/\"},{\"@type\":\"ListItem\",\"position\":3,\"name\":\"Bu\u1ed3ng k\u00edn cho m\u00e1y in 3D Creality Ender 3D Printer Enclosure size 72*60*48cm\"}]},{\"@type\":\"WebSite\",\"@id\":\"https:\/\/nge.vn\/#website\",\"url\":\"https:\/\/nge.vn\/\",\"name\":\"NGE 3D Printers Services\",\"description\":\"\",\"potentialAction\":[{\"@type\":\"SearchAction\",\"target\":{\"@type\":\"EntryPoint\",\"urlTemplate\":\"https:\/\/nge.vn\/?s={search_term_string}\"},\"query-input\":{\"@type\":\"PropertyValueSpecification\",\"valueRequired\":true,\"valueName\":\"search_term_string\"}}],\"inLanguage\":\"en-US\"}]}<\/script>\n<!-- \/ Yoast SEO Premium plugin. -->","yoast_head_json":{"title":"Bu\u1ed3ng k\u00edn cho m\u00e1y in 3D Creality Ender 3D Printer Enclosure size 72*60*48cm - NGE 3D Printers Services","robots":{"index":"index","follow":"follow","max-snippet":"max-snippet:-1","max-image-preview":"max-image-preview:large","max-video-preview":"max-video-preview:-1"},"canonical":"https:\/\/nge.vn\/en\/product\/buong-kin-cho-may-in-3d-creality-ender-3d-printer-enclosure-size-726048cm\/","og_locale":"en_US","og_type":"article","og_title":"Bu\u1ed3ng k\u00edn cho m\u00e1y in 3D Creality Ender 3D Printer Enclosure size 72*60*48cm","og_description":"Bu\u1ed3ng k\u00edn cho m\u00e1y in 3D Creality Ender 3D Printer Enclosure size 72*60*48cm","og_url":"https:\/\/nge.vn\/en\/product\/buong-kin-cho-may-in-3d-creality-ender-3d-printer-enclosure-size-726048cm\/","og_site_name":"NGE 3D Printers Services","article_modified_time":"2024-10-29T07:56:39+00:00","og_image":[{"width":643,"height":643,"url":"https:\/\/nge.vn\/wp-content\/uploads\/2024\/10\/images-upload-woo2Fe4838ef35eeb9a6cb9d75a66a2490219.jpg","type":"image\/jpeg"}],"twitter_card":"summary_large_image","twitter_misc":{"Est. reading time":"2 minutes"},"schema":{"@context":"https:\/\/schema.org","@graph":[{"@type":"WebPage","@id":"https:\/\/nge.vn\/san-pham\/buong-kin-cho-may-in-3d-creality-ender-3d-printer-enclosure-size-726048cm\/","url":"https:\/\/nge.vn\/san-pham\/buong-kin-cho-may-in-3d-creality-ender-3d-printer-enclosure-size-726048cm\/","name":"Bu\u1ed3ng k\u00edn cho m\u00e1y in 3D Creality Ender 3D Printer Enclosure size 72*60*48cm - NGE 3D Printers Services","isPartOf":{"@id":"https:\/\/nge.vn\/#website"},"primaryImageOfPage":{"@id":"https:\/\/nge.vn\/san-pham\/buong-kin-cho-may-in-3d-creality-ender-3d-printer-enclosure-size-726048cm\/#primaryimage"},"image":{"@id":"https:\/\/nge.vn\/san-pham\/buong-kin-cho-may-in-3d-creality-ender-3d-printer-enclosure-size-726048cm\/#primaryimage"},"thumbnailUrl":"https:\/\/nge.vn\/wp-content\/uploads\/2024\/10\/images-upload-woo2Fe4838ef35eeb9a6cb9d75a66a2490219.jpg","datePublished":"2024-10-26T02:55:38+00:00","dateModified":"2024-10-29T07:56:39+00:00","breadcrumb":{"@id":"https:\/\/nge.vn\/san-pham\/buong-kin-cho-may-in-3d-creality-ender-3d-printer-enclosure-size-726048cm\/#breadcrumb"},"inLanguage":"en-US","potentialAction":[{"@type":"ReadAction","target":["https:\/\/nge.vn\/san-pham\/buong-kin-cho-may-in-3d-creality-ender-3d-printer-enclosure-size-726048cm\/"]}]},{"@type":"ImageObject","inLanguage":"en-US","@id":"https:\/\/nge.vn\/san-pham\/buong-kin-cho-may-in-3d-creality-ender-3d-printer-enclosure-size-726048cm\/#primaryimage","url":"https:\/\/nge.vn\/wp-content\/uploads\/2024\/10\/images-upload-woo2Fe4838ef35eeb9a6cb9d75a66a2490219.jpg","contentUrl":"https:\/\/nge.vn\/wp-content\/uploads\/2024\/10\/images-upload-woo2Fe4838ef35eeb9a6cb9d75a66a2490219.jpg","width":643,"height":643},{"@type":"BreadcrumbList","@id":"https:\/\/nge.vn\/san-pham\/buong-kin-cho-may-in-3d-creality-ender-3d-printer-enclosure-size-726048cm\/#breadcrumb","itemListElement":[{"@type":"ListItem","position":1,"name":"Trang ch\u1ee7","item":"https:\/\/nge.vn\/"},{"@type":"ListItem","position":2,"name":"S\u1ea3n ph\u1ea9m","item":"https:\/\/nge.vn\/san-pham\/"},{"@type":"ListItem","position":3,"name":"Bu\u1ed3ng k\u00edn cho m\u00e1y in 3D Creality Ender 3D Printer Enclosure size 72*60*48cm"}]},{"@type":"WebSite","@id":"https:\/\/nge.vn\/#website","url":"https:\/\/nge.vn\/","name":"NGE 3D Printers Services","description":"","potentialAction":[{"@type":"SearchAction","target":{"@type":"EntryPoint","urlTemplate":"https:\/\/nge.vn\/?s={search_term_string}"},"query-input":{"@type":"PropertyValueSpecification","valueRequired":true,"valueName":"search_term_string"}}],"inLanguage":"en-US"}]}},"_links":{"self":[{"href":"https:\/\/nge.vn\/en\/wp-json\/wp\/v2\/product\/1981","targetHints":{"allow":["GET"]}}],"collection":[{"href":"https:\/\/nge.vn\/en\/wp-json\/wp\/v2\/product"}],"about":[{"href":"https:\/\/nge.vn\/en\/wp-json\/wp\/v2\/types\/product"}],"replies":[{"embeddable":true,"href":"https:\/\/nge.vn\/en\/wp-json\/wp\/v2\/comments?post=1981"}],"wp:featuredmedia":[{"embeddable":true,"href":"https:\/\/nge.vn\/en\/wp-json\/wp\/v2\/media\/1972"}],"wp:attachment":[{"href":"https:\/\/nge.vn\/en\/wp-json\/wp\/v2\/media?parent=1981"}],"wp:term":[{"taxonomy":"product_brand","embeddable":true,"href":"https:\/\/nge.vn\/en\/wp-json\/wp\/v2\/product_brand?post=1981"},{"taxonomy":"product_cat","embeddable":true,"href":"https:\/\/nge.vn\/en\/wp-json\/wp\/v2\/product_cat?post=1981"},{"taxonomy":"product_tag","embeddable":true,"href":"https:\/\/nge.vn\/en\/wp-json\/wp\/v2\/product_tag?post=1981"}],"curies":[{"name":"wp","href":"https:\/\/api.w.org\/{rel}","templated":true}]}}