{"id":1971,"date":"2024-10-26T09:54:04","date_gmt":"2024-10-26T02:54:04","guid":{"rendered":"https:\/\/nge.123websitedev.com\/san-pham\/khop-noi-mem-plum-blossom-coupling-d20l25-cao-cap-co-ron-chiu-tai\/"},"modified":"2024-10-28T16:00:52","modified_gmt":"2024-10-28T09:00:52","slug":"khop-noi-mem-plum-blossom-coupling-d20l25-cao-cap-co-ron-chiu-tai","status":"publish","type":"product","link":"https:\/\/nge.vn\/en\/product\/khop-noi-mem-plum-blossom-coupling-d20l25-cao-cap-co-ron-chiu-tai\/","title":{"rendered":"Kh\u1edbp n\u1ed1i m\u1ec1m Plum Blossom Coupling D20L25 cao c\u1ea5p c\u00f3 ron ch\u1ecbu t\u1ea3i"},"content":{"rendered":"<p>Kh\u1edbp n\u1ed1i tr\u1ee5c linh ho\u1ea1t Plum Blossom D20L25 c\u00f3 ron ch\u1ecbu t\u1ea3i<br \/>\n_Kh\u1edbp N\u1ed1i M\u1ec1m Nh\u00f4m D20L25 l\u00e0 s\u1ea3n ph\u1ea9m kh\u1edbp n\u1ed1i tr\u1ee5c \u0111\u1ed9ng c\u01a1 v\u1edbi thanh vitme th\u01b0\u1eddng \u0111\u01b0\u1ee3c s\u1eed d\u1ee5ng trong ch\u1ebf t\u1ea1o m\u00e1y CNC v\u00e0 M\u00e1y in 3d v\u00e0 c\u00e1c lo\u1ea1i m\u00e1y c\u00f4ng nhi\u1ec7p kh\u00e1c&#8230;. \u0110\u01b0\u1ee3c thi\u1ebft k\u1ebf v\u1edbi 2 \u0111\u1ea7u kh\u1edbp c\u00f3 kh\u1ea3 n\u0103ng thay \u0111\u1ed5i linh ho\u1ea1t, gi\u1eefa c\u00e1c \u0111\u1ea7u kh\u1edbp c\u00f3 1 b\u1ed9 ph\u1eadn nh\u1ef1a ch\u1ecbu t\u1ea3i c\u00f3 kh\u1ea3 n\u0103ng gi\u00fap gi\u1ea3m t\u1ed1i \u0111a \u0111\u1ed9 r\u01a1 c\u1ee7a c\u00e1c chi ti\u1ebft m\u00e1y kh\u00e1c, gi\u00fap m\u00e1y ho\u1ea1t \u0111\u1ed9ng \u1ed5n \u0111\u1ecbnh nh\u1ea5t.<br \/>\n_Kh\u1edbp n\u1ed1i m\u1ec1m \u0111\u01b0\u1ee3c s\u1eed d\u1ee5ng tr\u00ean c\u00e1c M\u00e1y in 3D, CNC v\u00e0 Laser&#8230; \u0111\u1ec3 n\u1ed1i tr\u1ee5c \u0111\u1ed9ng c\u01a1 v\u1edbi \u0111\u1ea7u v\u00e0o v\u00edt me&#8230;gi\u00fap \u0111i\u1ec1u khi\u1ec3n tr\u1ee5c Z&#8230; m\u1ed9t c\u00e1ch ch\u00ednh x\u00e1c v\u00e0 gi\u1ea3m t\u1ea3i tr\u1ecdng \u0111\u1ed9ng l\u00ean h\u1ec7 th\u1ed1ng d\u1eabn \u0111\u1ed9ng.<\/p>\n<p>+H\u00e3ng: BIQU<br \/>\n+Ch\u1ea5t li\u1ec7u: Nh\u00f4m \u0111\u1eb7c<br \/>\n+\u0110\u01b0\u1eddng k\u00ednh ngo\u00e0i: 20mm<br \/>\n+Chi\u1ec1u d\u00e0i: 25mm<br \/>\n+\u0110\u01b0\u1eddng k\u00ednh trong 2 \u0111\u1ea7u: 5*8mm<\/p>\n<p>**G\u00f3i s\u1ea3n ph\u1ea9m:<br \/>\nKh\u1edbp n\u1ed1i Plum Blossom * 1<\/p>\n<p>**To receive a better price, please contact the shop directly.<br \/>\n     0913.939.775 contact A.Quan (for English)<br \/>\n     094.144.0951 contact A.Quynh<br \/>\n**Selling price does not include VAT (+10% if VAT invoice is issued)<\/p>","protected":false},"excerpt":{"rendered":"<p>Kh\u1edbp n\u1ed1i m\u1ec1m Plum Blossom Coupling D20L25 cao c\u1ea5p c\u00f3 ron ch\u1ecbu t\u1ea3i<\/p>","protected":false},"featured_media":1962,"comment_status":"open","ping_status":"closed","template":"","meta":{"inline_featured_image":false},"product_brand":[],"product_cat":[40,58],"product_tag":[],"class_list":{"0":"post-1971","1":"product","2":"type-product","3":"status-publish","4":"has-post-thumbnail","6":"product_cat-linh-kien-va-phu-kien","7":"product_cat-phu-kien-may-in-3d-bigtreetech","9":"first","10":"instock","11":"taxable","12":"shipping-taxable","13":"purchasable","14":"product-type-simple"},"yoast_head":"<!-- This site is optimized with the Yoast SEO Premium plugin v22.8 (Yoast SEO v26.9) - https:\/\/yoast.com\/product\/yoast-seo-premium-wordpress\/ -->\n<title>Kh\u1edbp n\u1ed1i m\u1ec1m Plum Blossom Coupling D20L25 cao c\u1ea5p c\u00f3 ron ch\u1ecbu t\u1ea3i - NGE 3D Printers Services<\/title>\n<meta name=\"robots\" content=\"index, follow, max-snippet:-1, max-image-preview:large, max-video-preview:-1\" \/>\n<link rel=\"canonical\" href=\"https:\/\/nge.vn\/en\/product\/khop-noi-mem-plum-blossom-coupling-d20l25-cao-cap-co-ron-chiu-tai\/\" \/>\n<meta property=\"og:locale\" content=\"en_US\" \/>\n<meta property=\"og:type\" content=\"article\" \/>\n<meta property=\"og:title\" content=\"Kh\u1edbp n\u1ed1i m\u1ec1m Plum Blossom Coupling D20L25 cao c\u1ea5p c\u00f3 ron ch\u1ecbu t\u1ea3i\" \/>\n<meta property=\"og:description\" content=\"Kh\u1edbp n\u1ed1i m\u1ec1m Plum Blossom Coupling D20L25 cao c\u1ea5p c\u00f3 ron ch\u1ecbu t\u1ea3i\" \/>\n<meta property=\"og:url\" content=\"https:\/\/nge.vn\/en\/product\/khop-noi-mem-plum-blossom-coupling-d20l25-cao-cap-co-ron-chiu-tai\/\" \/>\n<meta property=\"og:site_name\" content=\"NGE 3D Printers Services\" \/>\n<meta property=\"article:modified_time\" content=\"2024-10-28T09:00:52+00:00\" \/>\n<meta property=\"og:image\" content=\"https:\/\/nge.vn\/wp-content\/uploads\/2024\/10\/images-upload-woo2F6a04de6455cc7f1cd36700fa58e200b1.jpg\" \/>\n\t<meta property=\"og:image:width\" content=\"485\" \/>\n\t<meta property=\"og:image:height\" content=\"485\" \/>\n\t<meta property=\"og:image:type\" content=\"image\/jpeg\" \/>\n<meta name=\"twitter:card\" content=\"summary_large_image\" \/>\n<meta name=\"twitter:label1\" content=\"Est. reading time\" \/>\n\t<meta name=\"twitter:data1\" content=\"2 minutes\" \/>\n<script type=\"application\/ld+json\" class=\"yoast-schema-graph\">{\"@context\":\"https:\/\/schema.org\",\"@graph\":[{\"@type\":\"WebPage\",\"@id\":\"https:\/\/nge.vn\/san-pham\/khop-noi-mem-plum-blossom-coupling-d20l25-cao-cap-co-ron-chiu-tai\/\",\"url\":\"https:\/\/nge.vn\/san-pham\/khop-noi-mem-plum-blossom-coupling-d20l25-cao-cap-co-ron-chiu-tai\/\",\"name\":\"Kh\u1edbp n\u1ed1i m\u1ec1m Plum Blossom Coupling D20L25 cao c\u1ea5p c\u00f3 ron ch\u1ecbu t\u1ea3i - NGE 3D Printers Services\",\"isPartOf\":{\"@id\":\"https:\/\/nge.vn\/#website\"},\"primaryImageOfPage\":{\"@id\":\"https:\/\/nge.vn\/san-pham\/khop-noi-mem-plum-blossom-coupling-d20l25-cao-cap-co-ron-chiu-tai\/#primaryimage\"},\"image\":{\"@id\":\"https:\/\/nge.vn\/san-pham\/khop-noi-mem-plum-blossom-coupling-d20l25-cao-cap-co-ron-chiu-tai\/#primaryimage\"},\"thumbnailUrl\":\"https:\/\/nge.vn\/wp-content\/uploads\/2024\/10\/images-upload-woo2F6a04de6455cc7f1cd36700fa58e200b1.jpg\",\"datePublished\":\"2024-10-26T02:54:04+00:00\",\"dateModified\":\"2024-10-28T09:00:52+00:00\",\"breadcrumb\":{\"@id\":\"https:\/\/nge.vn\/san-pham\/khop-noi-mem-plum-blossom-coupling-d20l25-cao-cap-co-ron-chiu-tai\/#breadcrumb\"},\"inLanguage\":\"en-US\",\"potentialAction\":[{\"@type\":\"ReadAction\",\"target\":[\"https:\/\/nge.vn\/san-pham\/khop-noi-mem-plum-blossom-coupling-d20l25-cao-cap-co-ron-chiu-tai\/\"]}]},{\"@type\":\"ImageObject\",\"inLanguage\":\"en-US\",\"@id\":\"https:\/\/nge.vn\/san-pham\/khop-noi-mem-plum-blossom-coupling-d20l25-cao-cap-co-ron-chiu-tai\/#primaryimage\",\"url\":\"https:\/\/nge.vn\/wp-content\/uploads\/2024\/10\/images-upload-woo2F6a04de6455cc7f1cd36700fa58e200b1.jpg\",\"contentUrl\":\"https:\/\/nge.vn\/wp-content\/uploads\/2024\/10\/images-upload-woo2F6a04de6455cc7f1cd36700fa58e200b1.jpg\",\"width\":485,\"height\":485},{\"@type\":\"BreadcrumbList\",\"@id\":\"https:\/\/nge.vn\/san-pham\/khop-noi-mem-plum-blossom-coupling-d20l25-cao-cap-co-ron-chiu-tai\/#breadcrumb\",\"itemListElement\":[{\"@type\":\"ListItem\",\"position\":1,\"name\":\"Trang ch\u1ee7\",\"item\":\"https:\/\/nge.vn\/\"},{\"@type\":\"ListItem\",\"position\":2,\"name\":\"S\u1ea3n ph\u1ea9m\",\"item\":\"https:\/\/nge.vn\/san-pham\/\"},{\"@type\":\"ListItem\",\"position\":3,\"name\":\"Kh\u1edbp n\u1ed1i m\u1ec1m Plum Blossom Coupling D20L25 cao c\u1ea5p c\u00f3 ron ch\u1ecbu t\u1ea3i\"}]},{\"@type\":\"WebSite\",\"@id\":\"https:\/\/nge.vn\/#website\",\"url\":\"https:\/\/nge.vn\/\",\"name\":\"NGE 3D Printers Services\",\"description\":\"\",\"potentialAction\":[{\"@type\":\"SearchAction\",\"target\":{\"@type\":\"EntryPoint\",\"urlTemplate\":\"https:\/\/nge.vn\/?s={search_term_string}\"},\"query-input\":{\"@type\":\"PropertyValueSpecification\",\"valueRequired\":true,\"valueName\":\"search_term_string\"}}],\"inLanguage\":\"en-US\"}]}<\/script>\n<!-- \/ Yoast SEO Premium plugin. -->","yoast_head_json":{"title":"Kh\u1edbp n\u1ed1i m\u1ec1m Plum Blossom Coupling D20L25 cao c\u1ea5p c\u00f3 ron ch\u1ecbu t\u1ea3i - NGE 3D Printers Services","robots":{"index":"index","follow":"follow","max-snippet":"max-snippet:-1","max-image-preview":"max-image-preview:large","max-video-preview":"max-video-preview:-1"},"canonical":"https:\/\/nge.vn\/en\/product\/khop-noi-mem-plum-blossom-coupling-d20l25-cao-cap-co-ron-chiu-tai\/","og_locale":"en_US","og_type":"article","og_title":"Kh\u1edbp n\u1ed1i m\u1ec1m Plum Blossom Coupling D20L25 cao c\u1ea5p c\u00f3 ron ch\u1ecbu t\u1ea3i","og_description":"Kh\u1edbp n\u1ed1i m\u1ec1m Plum Blossom Coupling D20L25 cao c\u1ea5p c\u00f3 ron ch\u1ecbu t\u1ea3i","og_url":"https:\/\/nge.vn\/en\/product\/khop-noi-mem-plum-blossom-coupling-d20l25-cao-cap-co-ron-chiu-tai\/","og_site_name":"NGE 3D Printers Services","article_modified_time":"2024-10-28T09:00:52+00:00","og_image":[{"width":485,"height":485,"url":"https:\/\/nge.vn\/wp-content\/uploads\/2024\/10\/images-upload-woo2F6a04de6455cc7f1cd36700fa58e200b1.jpg","type":"image\/jpeg"}],"twitter_card":"summary_large_image","twitter_misc":{"Est. reading time":"2 minutes"},"schema":{"@context":"https:\/\/schema.org","@graph":[{"@type":"WebPage","@id":"https:\/\/nge.vn\/san-pham\/khop-noi-mem-plum-blossom-coupling-d20l25-cao-cap-co-ron-chiu-tai\/","url":"https:\/\/nge.vn\/san-pham\/khop-noi-mem-plum-blossom-coupling-d20l25-cao-cap-co-ron-chiu-tai\/","name":"Kh\u1edbp n\u1ed1i m\u1ec1m Plum Blossom Coupling D20L25 cao c\u1ea5p c\u00f3 ron ch\u1ecbu t\u1ea3i - NGE 3D Printers Services","isPartOf":{"@id":"https:\/\/nge.vn\/#website"},"primaryImageOfPage":{"@id":"https:\/\/nge.vn\/san-pham\/khop-noi-mem-plum-blossom-coupling-d20l25-cao-cap-co-ron-chiu-tai\/#primaryimage"},"image":{"@id":"https:\/\/nge.vn\/san-pham\/khop-noi-mem-plum-blossom-coupling-d20l25-cao-cap-co-ron-chiu-tai\/#primaryimage"},"thumbnailUrl":"https:\/\/nge.vn\/wp-content\/uploads\/2024\/10\/images-upload-woo2F6a04de6455cc7f1cd36700fa58e200b1.jpg","datePublished":"2024-10-26T02:54:04+00:00","dateModified":"2024-10-28T09:00:52+00:00","breadcrumb":{"@id":"https:\/\/nge.vn\/san-pham\/khop-noi-mem-plum-blossom-coupling-d20l25-cao-cap-co-ron-chiu-tai\/#breadcrumb"},"inLanguage":"en-US","potentialAction":[{"@type":"ReadAction","target":["https:\/\/nge.vn\/san-pham\/khop-noi-mem-plum-blossom-coupling-d20l25-cao-cap-co-ron-chiu-tai\/"]}]},{"@type":"ImageObject","inLanguage":"en-US","@id":"https:\/\/nge.vn\/san-pham\/khop-noi-mem-plum-blossom-coupling-d20l25-cao-cap-co-ron-chiu-tai\/#primaryimage","url":"https:\/\/nge.vn\/wp-content\/uploads\/2024\/10\/images-upload-woo2F6a04de6455cc7f1cd36700fa58e200b1.jpg","contentUrl":"https:\/\/nge.vn\/wp-content\/uploads\/2024\/10\/images-upload-woo2F6a04de6455cc7f1cd36700fa58e200b1.jpg","width":485,"height":485},{"@type":"BreadcrumbList","@id":"https:\/\/nge.vn\/san-pham\/khop-noi-mem-plum-blossom-coupling-d20l25-cao-cap-co-ron-chiu-tai\/#breadcrumb","itemListElement":[{"@type":"ListItem","position":1,"name":"Trang ch\u1ee7","item":"https:\/\/nge.vn\/"},{"@type":"ListItem","position":2,"name":"S\u1ea3n ph\u1ea9m","item":"https:\/\/nge.vn\/san-pham\/"},{"@type":"ListItem","position":3,"name":"Kh\u1edbp n\u1ed1i m\u1ec1m Plum Blossom Coupling D20L25 cao c\u1ea5p c\u00f3 ron ch\u1ecbu t\u1ea3i"}]},{"@type":"WebSite","@id":"https:\/\/nge.vn\/#website","url":"https:\/\/nge.vn\/","name":"NGE 3D Printers Services","description":"","potentialAction":[{"@type":"SearchAction","target":{"@type":"EntryPoint","urlTemplate":"https:\/\/nge.vn\/?s={search_term_string}"},"query-input":{"@type":"PropertyValueSpecification","valueRequired":true,"valueName":"search_term_string"}}],"inLanguage":"en-US"}]}},"_links":{"self":[{"href":"https:\/\/nge.vn\/en\/wp-json\/wp\/v2\/product\/1971","targetHints":{"allow":["GET"]}}],"collection":[{"href":"https:\/\/nge.vn\/en\/wp-json\/wp\/v2\/product"}],"about":[{"href":"https:\/\/nge.vn\/en\/wp-json\/wp\/v2\/types\/product"}],"replies":[{"embeddable":true,"href":"https:\/\/nge.vn\/en\/wp-json\/wp\/v2\/comments?post=1971"}],"wp:featuredmedia":[{"embeddable":true,"href":"https:\/\/nge.vn\/en\/wp-json\/wp\/v2\/media\/1962"}],"wp:attachment":[{"href":"https:\/\/nge.vn\/en\/wp-json\/wp\/v2\/media?parent=1971"}],"wp:term":[{"taxonomy":"product_brand","embeddable":true,"href":"https:\/\/nge.vn\/en\/wp-json\/wp\/v2\/product_brand?post=1971"},{"taxonomy":"product_cat","embeddable":true,"href":"https:\/\/nge.vn\/en\/wp-json\/wp\/v2\/product_cat?post=1971"},{"taxonomy":"product_tag","embeddable":true,"href":"https:\/\/nge.vn\/en\/wp-json\/wp\/v2\/product_tag?post=1971"}],"curies":[{"name":"wp","href":"https:\/\/api.w.org\/{rel}","templated":true}]}}