{"id":1954,"date":"2024-10-26T09:51:26","date_gmt":"2024-10-26T02:51:26","guid":{"rendered":"https:\/\/nge.123websitedev.com\/san-pham\/pc4-01-1-75mm-dau-ket-noi-cum-dun-bowden-va-ong-petf-1pcs\/"},"modified":"2024-10-28T16:01:12","modified_gmt":"2024-10-28T09:01:12","slug":"pc4-01-1-75mm-dau-ket-noi-cum-dun-bowden-va-ong-petf-1pcs","status":"publish","type":"product","link":"https:\/\/nge.vn\/en\/product\/pc4-01-1-75mm-dau-ket-noi-cum-dun-bowden-va-ong-petf-1pcs\/","title":{"rendered":"PC4-01 1.75Mm \u0111\u1ea7u k\u1ebft n\u1ed1i c\u1ee5m \u0111\u00f9n Bowden v\u00e0 \u1ed1ng PETF 1pcs"},"content":{"rendered":"<p>PC4-01 1.75Mm \u0110\u1ea7u k\u1ebft n\u1ed1i c\u1ee5m \u0111\u00f9n Bowden v\u00e0 \u1ed1ng PETF 1pcs<br \/>\n+Brand Name: BIQU<br \/>\n+Model Number: Pneumatic Connectors<br \/>\n+Name: Pneumatic Connectors<br \/>\n+Usage: For 3D printer part<br \/>\n+Stock: In stock<br \/>\n+Condition: New 100%<br \/>\n+Place of region: Guangdong,China(Mainland)<br \/>\n+Material: stainless steel<br \/>\n+PTFE tubing OD: 4mm<br \/>\n+Thread diameter: 10mm<br \/>\n+Size: 19*10*10mm<br \/>\n+C\u00f3 th\u1ec3 \u0111\u00fat \u1ed1ng telfon xuy\u00ean su\u1ed1t \u0111\u1ea7u PC4-01<\/p>\n<p>***S\u1eed d\u1ee5ng r\u1ed9ng r\u00e3i \u0111\u1ec3 k\u1ebft n\u1ed1i m\u00e1y \u0111\u00f9n Bowden v\u00e0 \u1ed1ng PETF<\/p>\n<p>**G\u00f3i s\u1ea3n ph\u1ea9m:<br \/>\nPC4-01 * 1 pcs<\/p>\n<p>**To receive a better price, please contact the shop directly.<br \/>\n     0913.939.775 contact A.Quan (for English)<br \/>\n     094.144.0951 contact A.Quynh<br \/>\n**Selling price does not include VAT (+10% if VAT invoice is issued)<\/p>","protected":false},"excerpt":{"rendered":"<p>PC4-01 1.75Mm \u0111\u1ea7u k\u1ebft n\u1ed1i c\u1ee5m \u0111\u00f9n Bowden v\u00e0 \u1ed1ng PETF 1pcs<\/p>","protected":false},"featured_media":1945,"comment_status":"open","ping_status":"closed","template":"","meta":{"inline_featured_image":false},"product_brand":[],"product_cat":[40,58],"product_tag":[],"class_list":{"0":"post-1954","1":"product","2":"type-product","3":"status-publish","4":"has-post-thumbnail","6":"product_cat-linh-kien-va-phu-kien","7":"product_cat-phu-kien-may-in-3d-bigtreetech","9":"first","10":"instock","11":"taxable","12":"shipping-taxable","13":"purchasable","14":"product-type-simple"},"yoast_head":"<!-- This site is optimized with the Yoast SEO Premium plugin v22.8 (Yoast SEO v26.9) - https:\/\/yoast.com\/product\/yoast-seo-premium-wordpress\/ -->\n<title>PC4-01 1.75Mm \u0111\u1ea7u k\u1ebft n\u1ed1i c\u1ee5m \u0111\u00f9n Bowden v\u00e0 \u1ed1ng PETF 1pcs - NGE 3D Printers Services<\/title>\n<meta name=\"robots\" content=\"index, follow, max-snippet:-1, max-image-preview:large, max-video-preview:-1\" \/>\n<link rel=\"canonical\" href=\"https:\/\/nge.vn\/en\/product\/pc4-01-1-75mm-dau-ket-noi-cum-dun-bowden-va-ong-petf-1pcs\/\" \/>\n<meta property=\"og:locale\" content=\"en_US\" \/>\n<meta property=\"og:type\" content=\"article\" \/>\n<meta property=\"og:title\" content=\"PC4-01 1.75Mm \u0111\u1ea7u k\u1ebft n\u1ed1i c\u1ee5m \u0111\u00f9n Bowden v\u00e0 \u1ed1ng PETF 1pcs\" \/>\n<meta property=\"og:description\" content=\"PC4-01 1.75Mm \u0111\u1ea7u k\u1ebft n\u1ed1i c\u1ee5m \u0111\u00f9n Bowden v\u00e0 \u1ed1ng PETF 1pcs\" \/>\n<meta property=\"og:url\" content=\"https:\/\/nge.vn\/en\/product\/pc4-01-1-75mm-dau-ket-noi-cum-dun-bowden-va-ong-petf-1pcs\/\" \/>\n<meta property=\"og:site_name\" content=\"NGE 3D Printers Services\" \/>\n<meta property=\"article:modified_time\" content=\"2024-10-28T09:01:12+00:00\" \/>\n<meta property=\"og:image\" content=\"https:\/\/nge.vn\/wp-content\/uploads\/2024\/10\/images-upload-woo2Fecb39f4bcf70f9576148fb2e3f200e89.jpg\" \/>\n\t<meta property=\"og:image:width\" content=\"467\" \/>\n\t<meta property=\"og:image:height\" content=\"467\" \/>\n\t<meta property=\"og:image:type\" content=\"image\/jpeg\" \/>\n<meta name=\"twitter:card\" content=\"summary_large_image\" \/>\n<meta name=\"twitter:label1\" content=\"Est. reading time\" \/>\n\t<meta name=\"twitter:data1\" content=\"1 minute\" \/>\n<script type=\"application\/ld+json\" class=\"yoast-schema-graph\">{\"@context\":\"https:\/\/schema.org\",\"@graph\":[{\"@type\":\"WebPage\",\"@id\":\"https:\/\/nge.vn\/san-pham\/pc4-01-1-75mm-dau-ket-noi-cum-dun-bowden-va-ong-petf-1pcs\/\",\"url\":\"https:\/\/nge.vn\/san-pham\/pc4-01-1-75mm-dau-ket-noi-cum-dun-bowden-va-ong-petf-1pcs\/\",\"name\":\"PC4-01 1.75Mm \u0111\u1ea7u k\u1ebft n\u1ed1i c\u1ee5m \u0111\u00f9n Bowden v\u00e0 \u1ed1ng PETF 1pcs - NGE 3D Printers Services\",\"isPartOf\":{\"@id\":\"https:\/\/nge.vn\/#website\"},\"primaryImageOfPage\":{\"@id\":\"https:\/\/nge.vn\/san-pham\/pc4-01-1-75mm-dau-ket-noi-cum-dun-bowden-va-ong-petf-1pcs\/#primaryimage\"},\"image\":{\"@id\":\"https:\/\/nge.vn\/san-pham\/pc4-01-1-75mm-dau-ket-noi-cum-dun-bowden-va-ong-petf-1pcs\/#primaryimage\"},\"thumbnailUrl\":\"https:\/\/nge.vn\/wp-content\/uploads\/2024\/10\/images-upload-woo2Fecb39f4bcf70f9576148fb2e3f200e89.jpg\",\"datePublished\":\"2024-10-26T02:51:26+00:00\",\"dateModified\":\"2024-10-28T09:01:12+00:00\",\"breadcrumb\":{\"@id\":\"https:\/\/nge.vn\/san-pham\/pc4-01-1-75mm-dau-ket-noi-cum-dun-bowden-va-ong-petf-1pcs\/#breadcrumb\"},\"inLanguage\":\"en-US\",\"potentialAction\":[{\"@type\":\"ReadAction\",\"target\":[\"https:\/\/nge.vn\/san-pham\/pc4-01-1-75mm-dau-ket-noi-cum-dun-bowden-va-ong-petf-1pcs\/\"]}]},{\"@type\":\"ImageObject\",\"inLanguage\":\"en-US\",\"@id\":\"https:\/\/nge.vn\/san-pham\/pc4-01-1-75mm-dau-ket-noi-cum-dun-bowden-va-ong-petf-1pcs\/#primaryimage\",\"url\":\"https:\/\/nge.vn\/wp-content\/uploads\/2024\/10\/images-upload-woo2Fecb39f4bcf70f9576148fb2e3f200e89.jpg\",\"contentUrl\":\"https:\/\/nge.vn\/wp-content\/uploads\/2024\/10\/images-upload-woo2Fecb39f4bcf70f9576148fb2e3f200e89.jpg\",\"width\":467,\"height\":467},{\"@type\":\"BreadcrumbList\",\"@id\":\"https:\/\/nge.vn\/san-pham\/pc4-01-1-75mm-dau-ket-noi-cum-dun-bowden-va-ong-petf-1pcs\/#breadcrumb\",\"itemListElement\":[{\"@type\":\"ListItem\",\"position\":1,\"name\":\"Trang ch\u1ee7\",\"item\":\"https:\/\/nge.vn\/\"},{\"@type\":\"ListItem\",\"position\":2,\"name\":\"S\u1ea3n ph\u1ea9m\",\"item\":\"https:\/\/nge.vn\/san-pham\/\"},{\"@type\":\"ListItem\",\"position\":3,\"name\":\"PC4-01 1.75Mm \u0111\u1ea7u k\u1ebft n\u1ed1i c\u1ee5m \u0111\u00f9n Bowden v\u00e0 \u1ed1ng PETF 1pcs\"}]},{\"@type\":\"WebSite\",\"@id\":\"https:\/\/nge.vn\/#website\",\"url\":\"https:\/\/nge.vn\/\",\"name\":\"NGE 3D Printers Services\",\"description\":\"\",\"potentialAction\":[{\"@type\":\"SearchAction\",\"target\":{\"@type\":\"EntryPoint\",\"urlTemplate\":\"https:\/\/nge.vn\/?s={search_term_string}\"},\"query-input\":{\"@type\":\"PropertyValueSpecification\",\"valueRequired\":true,\"valueName\":\"search_term_string\"}}],\"inLanguage\":\"en-US\"}]}<\/script>\n<!-- \/ Yoast SEO Premium plugin. -->","yoast_head_json":{"title":"PC4-01 1.75Mm \u0111\u1ea7u k\u1ebft n\u1ed1i c\u1ee5m \u0111\u00f9n Bowden v\u00e0 \u1ed1ng PETF 1pcs - NGE 3D Printers Services","robots":{"index":"index","follow":"follow","max-snippet":"max-snippet:-1","max-image-preview":"max-image-preview:large","max-video-preview":"max-video-preview:-1"},"canonical":"https:\/\/nge.vn\/en\/product\/pc4-01-1-75mm-dau-ket-noi-cum-dun-bowden-va-ong-petf-1pcs\/","og_locale":"en_US","og_type":"article","og_title":"PC4-01 1.75Mm \u0111\u1ea7u k\u1ebft n\u1ed1i c\u1ee5m \u0111\u00f9n Bowden v\u00e0 \u1ed1ng PETF 1pcs","og_description":"PC4-01 1.75Mm \u0111\u1ea7u k\u1ebft n\u1ed1i c\u1ee5m \u0111\u00f9n Bowden v\u00e0 \u1ed1ng PETF 1pcs","og_url":"https:\/\/nge.vn\/en\/product\/pc4-01-1-75mm-dau-ket-noi-cum-dun-bowden-va-ong-petf-1pcs\/","og_site_name":"NGE 3D Printers Services","article_modified_time":"2024-10-28T09:01:12+00:00","og_image":[{"width":467,"height":467,"url":"https:\/\/nge.vn\/wp-content\/uploads\/2024\/10\/images-upload-woo2Fecb39f4bcf70f9576148fb2e3f200e89.jpg","type":"image\/jpeg"}],"twitter_card":"summary_large_image","twitter_misc":{"Est. reading time":"1 minute"},"schema":{"@context":"https:\/\/schema.org","@graph":[{"@type":"WebPage","@id":"https:\/\/nge.vn\/san-pham\/pc4-01-1-75mm-dau-ket-noi-cum-dun-bowden-va-ong-petf-1pcs\/","url":"https:\/\/nge.vn\/san-pham\/pc4-01-1-75mm-dau-ket-noi-cum-dun-bowden-va-ong-petf-1pcs\/","name":"PC4-01 1.75Mm \u0111\u1ea7u k\u1ebft n\u1ed1i c\u1ee5m \u0111\u00f9n Bowden v\u00e0 \u1ed1ng PETF 1pcs - NGE 3D Printers Services","isPartOf":{"@id":"https:\/\/nge.vn\/#website"},"primaryImageOfPage":{"@id":"https:\/\/nge.vn\/san-pham\/pc4-01-1-75mm-dau-ket-noi-cum-dun-bowden-va-ong-petf-1pcs\/#primaryimage"},"image":{"@id":"https:\/\/nge.vn\/san-pham\/pc4-01-1-75mm-dau-ket-noi-cum-dun-bowden-va-ong-petf-1pcs\/#primaryimage"},"thumbnailUrl":"https:\/\/nge.vn\/wp-content\/uploads\/2024\/10\/images-upload-woo2Fecb39f4bcf70f9576148fb2e3f200e89.jpg","datePublished":"2024-10-26T02:51:26+00:00","dateModified":"2024-10-28T09:01:12+00:00","breadcrumb":{"@id":"https:\/\/nge.vn\/san-pham\/pc4-01-1-75mm-dau-ket-noi-cum-dun-bowden-va-ong-petf-1pcs\/#breadcrumb"},"inLanguage":"en-US","potentialAction":[{"@type":"ReadAction","target":["https:\/\/nge.vn\/san-pham\/pc4-01-1-75mm-dau-ket-noi-cum-dun-bowden-va-ong-petf-1pcs\/"]}]},{"@type":"ImageObject","inLanguage":"en-US","@id":"https:\/\/nge.vn\/san-pham\/pc4-01-1-75mm-dau-ket-noi-cum-dun-bowden-va-ong-petf-1pcs\/#primaryimage","url":"https:\/\/nge.vn\/wp-content\/uploads\/2024\/10\/images-upload-woo2Fecb39f4bcf70f9576148fb2e3f200e89.jpg","contentUrl":"https:\/\/nge.vn\/wp-content\/uploads\/2024\/10\/images-upload-woo2Fecb39f4bcf70f9576148fb2e3f200e89.jpg","width":467,"height":467},{"@type":"BreadcrumbList","@id":"https:\/\/nge.vn\/san-pham\/pc4-01-1-75mm-dau-ket-noi-cum-dun-bowden-va-ong-petf-1pcs\/#breadcrumb","itemListElement":[{"@type":"ListItem","position":1,"name":"Trang ch\u1ee7","item":"https:\/\/nge.vn\/"},{"@type":"ListItem","position":2,"name":"S\u1ea3n ph\u1ea9m","item":"https:\/\/nge.vn\/san-pham\/"},{"@type":"ListItem","position":3,"name":"PC4-01 1.75Mm \u0111\u1ea7u k\u1ebft n\u1ed1i c\u1ee5m \u0111\u00f9n Bowden v\u00e0 \u1ed1ng PETF 1pcs"}]},{"@type":"WebSite","@id":"https:\/\/nge.vn\/#website","url":"https:\/\/nge.vn\/","name":"NGE 3D Printers Services","description":"","potentialAction":[{"@type":"SearchAction","target":{"@type":"EntryPoint","urlTemplate":"https:\/\/nge.vn\/?s={search_term_string}"},"query-input":{"@type":"PropertyValueSpecification","valueRequired":true,"valueName":"search_term_string"}}],"inLanguage":"en-US"}]}},"_links":{"self":[{"href":"https:\/\/nge.vn\/en\/wp-json\/wp\/v2\/product\/1954","targetHints":{"allow":["GET"]}}],"collection":[{"href":"https:\/\/nge.vn\/en\/wp-json\/wp\/v2\/product"}],"about":[{"href":"https:\/\/nge.vn\/en\/wp-json\/wp\/v2\/types\/product"}],"replies":[{"embeddable":true,"href":"https:\/\/nge.vn\/en\/wp-json\/wp\/v2\/comments?post=1954"}],"wp:featuredmedia":[{"embeddable":true,"href":"https:\/\/nge.vn\/en\/wp-json\/wp\/v2\/media\/1945"}],"wp:attachment":[{"href":"https:\/\/nge.vn\/en\/wp-json\/wp\/v2\/media?parent=1954"}],"wp:term":[{"taxonomy":"product_brand","embeddable":true,"href":"https:\/\/nge.vn\/en\/wp-json\/wp\/v2\/product_brand?post=1954"},{"taxonomy":"product_cat","embeddable":true,"href":"https:\/\/nge.vn\/en\/wp-json\/wp\/v2\/product_cat?post=1954"},{"taxonomy":"product_tag","embeddable":true,"href":"https:\/\/nge.vn\/en\/wp-json\/wp\/v2\/product_tag?post=1954"}],"curies":[{"name":"wp","href":"https:\/\/api.w.org\/{rel}","templated":true}]}}