{"id":1925,"date":"2024-10-26T09:46:50","date_gmt":"2024-10-26T02:46:50","guid":{"rendered":"https:\/\/nge.123websitedev.com\/san-pham\/bo-mach-chu-im-lang-ender-5-plus-silent-motherboard\/"},"modified":"2024-10-29T17:25:06","modified_gmt":"2024-10-29T10:25:06","slug":"bo-mach-chu-im-lang-ender-5-plus-silent-motherboard","status":"publish","type":"product","link":"https:\/\/nge.vn\/en\/product\/bo-mach-chu-im-lang-ender-5-plus-silent-motherboard\/","title":{"rendered":"Bo m\u1ea1ch ch\u1ee7 im l\u1eb7ng Ender-5 Plus Silent Motherboard"},"content":{"rendered":"<p>Bo m\u1ea1ch ch\u1ee7 im l\u1eb7ng Ender-5 Plus Silent Motherboard<br \/>\n_S\u1ef1 L\u1ef1a Ch\u1ecdn Hi\u1ec7u Qu\u1ea3 Cho Tr\u00ed Tu\u1ec7 S\u00e1ng T\u1ea1o<br \/>\n+\u0110i\u1ec1u khi\u1ec3n v\u00e0 truy\u1ec1n \u0111\u1ed9ng t\u00edch h\u1ee3p hi\u1ec7u su\u1ea5t cao<br \/>\n+T\u1ea3n Nhi\u1ec7t To\u00e0n Di\u1ec7n<\/p>\n<p>**Chip nh\u1eadp kh\u1ea9u, \u0111\u1ec3 t\u1eadn h\u01b0\u1edfng vi\u1ec7c in \u1ea5n kh\u00f4ng \u1ed3n \u00e0o<br \/>\n_Chip \u0111i\u1ec1u khi\u1ec3n ch\u00ednh ATM nh\u1eadp kh\u1ea9u<br \/>\n+Truy\u1ec1n \u0111\u1ed9ng v\u00e0 \u0111i\u1ec1u khi\u1ec3n t\u00edch h\u1ee3p<\/p>\n<p>_Chip qu\u1ea3n l\u00fd ngu\u1ed3n chuy\u00ean d\u1ee5ng<br \/>\nH\u1ed7 tr\u1ee3 ngu\u1ed3n v\u00e0o 28V<\/p>\n<p>_Ch\u1ea5t li\u1ec7u cao c\u1ea5p \u0111\u01b0\u1ee3c tuy\u1ec3n ch\u1ecdn<br \/>\n\u1ed0ng MOS ch\u1ea5t l\u01b0\u1ee3ng cao<\/p>\n<p>_Ch\u1ee9c n\u0103ng \u0111\u1ea7y \u0111\u1ee7<br \/>\nH\u1ed7 tr\u1ee3 t\u1ef1 \u0111\u1ed9ng san l\u1ea5p m\u1eb7t b\u1eb1ng, c\u1ea3m bi\u1ebfn d\u00e2y t\u00f3c, ti\u1ebfp t\u1ee5c in sau khi m\u1ea5t \u0111i\u1ec7n<\/p>\n<p>_Hi\u1ec7u su\u1ea5t \u0111\u1ea7y tham v\u1ecdng, \u0111i tr\u01b0\u1edbc m\u1ed9t b\u01b0\u1edbc<\/p>\n<p>_N\u00e2ng c\u1ea5p chip ch\u00ednh v\u00e0 c\u1ea3i thi\u1ec7n t\u1ed1c \u0111\u1ed9 t\u00ednh to\u00e1n v\u00e0 \u0111\u1ed9 ch\u00ednh x\u00e1c, gi\u00fap c\u00e1c chi ti\u1ebft in s\u1ed1ng \u0111\u1ed9ng h\u01a1n<br \/>\n+T\u1ef7 l\u1ec7 x\u1eed l\u00fd \u0111\u1ed3 h\u1ecda +65%<br \/>\n+Ti\u00eau th\u1ee5 \u0111i\u1ec7n n\u0103ng -25%<br \/>\n+\u0110\u1ed9 Ch\u00ednh X\u00e1c In +35%<\/p>\n<p>_Hi\u1ec7u su\u1ea5t cao v\u00e0 ti\u00eau th\u1ee5 n\u0103ng l\u01b0\u1ee3ng th\u1ea5p<br \/>\n\u0110\u01b0\u1ee3c trang b\u1ecb MCU 8 bit, \u0110\u1ea7u v\u00e0o ngu\u1ed3n 28V, B\u1ea3o v\u1ec7 ESD<\/p>\n<p>_\u0110\u01b0\u1ee3c trang b\u1ecb MCU 8 bit ATM, mang l\u1ea1i tr\u1ea3i nghi\u1ec7m m\u1edbi<br \/>\n+T\u0103ng \u0111\u1ed9 \u1ed5n \u0111\u1ecbnh l\u00ean 38,5%<br \/>\n+Gi\u1ea3m t\u1ef7 l\u1ec7 lag 73,7%<\/p>\n<p>T\u1ea3n nhi\u1ec7t Pioneer, T\u1ea3n nhi\u1ec7t to\u00e0n di\u1ec7n<br \/>\n+S\u1eed d\u1ee5ng MOS nhi\u1ec7t \u0111\u1ed9 th\u1ea5p, gi\u00fap t\u1ea3n nhi\u1ec7t t\u1ed5ng th\u1ec3 c\u1ee7a bo m\u1ea1ch ch\u1ee7 t\u1ed1t h\u01a1n<br \/>\n+K\u1ebft n\u1ed1i c\u1ea3m bi\u1ebfn nhi\u1ec7t \u0111\u1ed9 qua qu\u1ea1t th\u00f4ng minh<br \/>\n+Cho ph\u00e9p ki\u1ec3m so\u00e1t th\u1eddi gian th\u1ef1c b\u1eb1ng m\u1ed9t c\u00fa nh\u1ea5p chu\u1ed9t<br \/>\n+\u0110\u1ec3 h\u1ec7 th\u1ed1ng l\u00e0m m\u00e1t d\u1ec5 d\u00e0ng \u1ee9ng ph\u00f3 v\u1edbi nhi\u1ec1u t\u00ecnh hu\u1ed1ng h\u01a1n<\/p>\n<p>**L\u1ef1a ch\u1ecdn nguy\u00ean li\u1ec7u nghi\u00eam ng\u1eb7t, s\u1eed d\u1ee5ng l\u00e2u b\u1ec1n<br \/>\n_V\u1eadt li\u1ec7u cu\u1ed9n c\u1ea3m \u0111\u01b0\u1ee3c bao k\u00edn ho\u00e0n to\u00e0n gi\u00fap n\u00f3 c\u00f3 kh\u1ea3 n\u0103ng ch\u1ed1ng oxy h\u00f3a, ch\u1ed1ng \u0103n m\u00f2n v\u00e0 ch\u1ecbu nhi\u1ec7t \u0111\u1ed9 cao, \u0111\u1ea3m b\u1ea3o ho\u1ea1t \u0111\u1ed9ng \u1ed5n \u0111\u1ecbnh l\u00e2u d\u00e0i<br \/>\n+\u1ed0ng MOS ch\u1ea5t l\u01b0\u1ee3ng cao<br \/>\n\u1ed4n \u0111\u1ecbnh nhi\u1ec7t t\u1ed1t<br \/>\n+Giao di\u1ec7n<br \/>\n\u1ed4n \u0111\u1ecbnh nhi\u1ec7t t\u1ed1t<br \/>\n+H\u00e0ng ngh\u00ecn l\u1ea7n<br \/>\nKi\u1ec3m tra \u0111\u1ed9 b\u1ec1n<\/p>\n<p>**Ch\u1ee9c n\u0103ng \u0111\u1ea7y \u0111\u1ee7, c\u00e0i \u0111\u1eb7t d\u1ec5 d\u00e0ng<br \/>\nH\u1ed7 tr\u1ee3 t\u1ef1 \u0111\u1ed9ng c\u00e2n b\u1eb1ng, c\u1ea3m bi\u1ebfn d\u00e2y t\u00f3c, ti\u1ebfp t\u1ee5c in sau khi m\u1ea5t \u0111i\u1ec7n, c\u00e0i \u0111\u1eb7t d\u1ec5 d\u00e0ng, tr\u1ea3i nghi\u1ec7m DIY d\u1ec5 d\u00e0ng<\/p>\n<p>***Ender-5 Plus Silent Motherboard<br \/>\n+Product name: Silent Motherboard<br \/>\n+Applicable model: Ender-5 Plus<br \/>\n+Material technology: Glass fiber<br \/>\n+Packing size: 150*115*45mm<\/p>\n<p>**To receive a better price, please contact the shop directly.<br \/>\n     0913.939.775 contact A.Quan (for English)<br \/>\n     094.144.0951 contact A.Quynh<br \/>\n**Selling price does not include VAT (+10% if VAT invoice is issued)<\/p>","protected":false},"excerpt":{"rendered":"<p>Bo m\u1ea1ch ch\u1ee7 im l\u1eb7ng Ender-5 Plus Silent Motherboard<\/p>","protected":false},"featured_media":1916,"comment_status":"open","ping_status":"closed","template":"","meta":{"inline_featured_image":false},"product_brand":[],"product_cat":[462,40],"product_tag":[],"class_list":{"0":"post-1925","1":"product","2":"type-product","3":"status-publish","4":"has-post-thumbnail","6":"product_cat-board-va-man-hinh-dieu-khien","7":"product_cat-linh-kien-va-phu-kien","9":"first","10":"instock","11":"taxable","12":"shipping-taxable","13":"purchasable","14":"product-type-simple"},"yoast_head":"<!-- This site is optimized with the Yoast SEO Premium plugin v22.8 (Yoast SEO v26.9) - https:\/\/yoast.com\/product\/yoast-seo-premium-wordpress\/ -->\n<title>Bo m\u1ea1ch ch\u1ee7 im l\u1eb7ng Ender-5 Plus Silent Motherboard - NGE 3D Printers Services<\/title>\n<meta name=\"robots\" content=\"index, follow, max-snippet:-1, max-image-preview:large, max-video-preview:-1\" \/>\n<link rel=\"canonical\" href=\"https:\/\/nge.vn\/en\/product\/bo-mach-chu-im-lang-ender-5-plus-silent-motherboard\/\" \/>\n<meta property=\"og:locale\" content=\"en_US\" \/>\n<meta property=\"og:type\" content=\"article\" \/>\n<meta property=\"og:title\" content=\"Bo m\u1ea1ch ch\u1ee7 im l\u1eb7ng Ender-5 Plus Silent Motherboard\" \/>\n<meta property=\"og:description\" content=\"Bo m\u1ea1ch ch\u1ee7 im l\u1eb7ng Ender-5 Plus Silent Motherboard\" \/>\n<meta property=\"og:url\" content=\"https:\/\/nge.vn\/en\/product\/bo-mach-chu-im-lang-ender-5-plus-silent-motherboard\/\" \/>\n<meta property=\"og:site_name\" content=\"NGE 3D Printers Services\" \/>\n<meta property=\"article:modified_time\" content=\"2024-10-29T10:25:06+00:00\" \/>\n<meta property=\"og:image\" content=\"https:\/\/nge.vn\/wp-content\/uploads\/2024\/10\/images-upload-woo2Fa9b989ad35604084f678de21086e3179.jpg\" \/>\n\t<meta property=\"og:image:width\" content=\"832\" \/>\n\t<meta property=\"og:image:height\" content=\"832\" \/>\n\t<meta property=\"og:image:type\" content=\"image\/jpeg\" \/>\n<meta name=\"twitter:card\" content=\"summary_large_image\" \/>\n<meta name=\"twitter:label1\" content=\"Est. reading time\" \/>\n\t<meta name=\"twitter:data1\" content=\"3 minutes\" \/>\n<script type=\"application\/ld+json\" class=\"yoast-schema-graph\">{\"@context\":\"https:\/\/schema.org\",\"@graph\":[{\"@type\":\"WebPage\",\"@id\":\"https:\/\/nge.vn\/san-pham\/bo-mach-chu-im-lang-ender-5-plus-silent-motherboard\/\",\"url\":\"https:\/\/nge.vn\/san-pham\/bo-mach-chu-im-lang-ender-5-plus-silent-motherboard\/\",\"name\":\"Bo m\u1ea1ch ch\u1ee7 im l\u1eb7ng Ender-5 Plus Silent Motherboard - NGE 3D Printers Services\",\"isPartOf\":{\"@id\":\"https:\/\/nge.vn\/#website\"},\"primaryImageOfPage\":{\"@id\":\"https:\/\/nge.vn\/san-pham\/bo-mach-chu-im-lang-ender-5-plus-silent-motherboard\/#primaryimage\"},\"image\":{\"@id\":\"https:\/\/nge.vn\/san-pham\/bo-mach-chu-im-lang-ender-5-plus-silent-motherboard\/#primaryimage\"},\"thumbnailUrl\":\"https:\/\/nge.vn\/wp-content\/uploads\/2024\/10\/images-upload-woo2Fa9b989ad35604084f678de21086e3179.jpg\",\"datePublished\":\"2024-10-26T02:46:50+00:00\",\"dateModified\":\"2024-10-29T10:25:06+00:00\",\"breadcrumb\":{\"@id\":\"https:\/\/nge.vn\/san-pham\/bo-mach-chu-im-lang-ender-5-plus-silent-motherboard\/#breadcrumb\"},\"inLanguage\":\"en-US\",\"potentialAction\":[{\"@type\":\"ReadAction\",\"target\":[\"https:\/\/nge.vn\/san-pham\/bo-mach-chu-im-lang-ender-5-plus-silent-motherboard\/\"]}]},{\"@type\":\"ImageObject\",\"inLanguage\":\"en-US\",\"@id\":\"https:\/\/nge.vn\/san-pham\/bo-mach-chu-im-lang-ender-5-plus-silent-motherboard\/#primaryimage\",\"url\":\"https:\/\/nge.vn\/wp-content\/uploads\/2024\/10\/images-upload-woo2Fa9b989ad35604084f678de21086e3179.jpg\",\"contentUrl\":\"https:\/\/nge.vn\/wp-content\/uploads\/2024\/10\/images-upload-woo2Fa9b989ad35604084f678de21086e3179.jpg\",\"width\":832,\"height\":832},{\"@type\":\"BreadcrumbList\",\"@id\":\"https:\/\/nge.vn\/san-pham\/bo-mach-chu-im-lang-ender-5-plus-silent-motherboard\/#breadcrumb\",\"itemListElement\":[{\"@type\":\"ListItem\",\"position\":1,\"name\":\"Trang ch\u1ee7\",\"item\":\"https:\/\/nge.vn\/\"},{\"@type\":\"ListItem\",\"position\":2,\"name\":\"S\u1ea3n ph\u1ea9m\",\"item\":\"https:\/\/nge.vn\/san-pham\/\"},{\"@type\":\"ListItem\",\"position\":3,\"name\":\"Bo m\u1ea1ch ch\u1ee7 im l\u1eb7ng Ender-5 Plus Silent Motherboard\"}]},{\"@type\":\"WebSite\",\"@id\":\"https:\/\/nge.vn\/#website\",\"url\":\"https:\/\/nge.vn\/\",\"name\":\"NGE 3D Printers Services\",\"description\":\"\",\"potentialAction\":[{\"@type\":\"SearchAction\",\"target\":{\"@type\":\"EntryPoint\",\"urlTemplate\":\"https:\/\/nge.vn\/?s={search_term_string}\"},\"query-input\":{\"@type\":\"PropertyValueSpecification\",\"valueRequired\":true,\"valueName\":\"search_term_string\"}}],\"inLanguage\":\"en-US\"}]}<\/script>\n<!-- \/ Yoast SEO Premium plugin. -->","yoast_head_json":{"title":"Bo m\u1ea1ch ch\u1ee7 im l\u1eb7ng Ender-5 Plus Silent Motherboard - NGE 3D Printers Services","robots":{"index":"index","follow":"follow","max-snippet":"max-snippet:-1","max-image-preview":"max-image-preview:large","max-video-preview":"max-video-preview:-1"},"canonical":"https:\/\/nge.vn\/en\/product\/bo-mach-chu-im-lang-ender-5-plus-silent-motherboard\/","og_locale":"en_US","og_type":"article","og_title":"Bo m\u1ea1ch ch\u1ee7 im l\u1eb7ng Ender-5 Plus Silent Motherboard","og_description":"Bo m\u1ea1ch ch\u1ee7 im l\u1eb7ng Ender-5 Plus Silent Motherboard","og_url":"https:\/\/nge.vn\/en\/product\/bo-mach-chu-im-lang-ender-5-plus-silent-motherboard\/","og_site_name":"NGE 3D Printers Services","article_modified_time":"2024-10-29T10:25:06+00:00","og_image":[{"width":832,"height":832,"url":"https:\/\/nge.vn\/wp-content\/uploads\/2024\/10\/images-upload-woo2Fa9b989ad35604084f678de21086e3179.jpg","type":"image\/jpeg"}],"twitter_card":"summary_large_image","twitter_misc":{"Est. reading time":"3 minutes"},"schema":{"@context":"https:\/\/schema.org","@graph":[{"@type":"WebPage","@id":"https:\/\/nge.vn\/san-pham\/bo-mach-chu-im-lang-ender-5-plus-silent-motherboard\/","url":"https:\/\/nge.vn\/san-pham\/bo-mach-chu-im-lang-ender-5-plus-silent-motherboard\/","name":"Bo m\u1ea1ch ch\u1ee7 im l\u1eb7ng Ender-5 Plus Silent Motherboard - NGE 3D Printers Services","isPartOf":{"@id":"https:\/\/nge.vn\/#website"},"primaryImageOfPage":{"@id":"https:\/\/nge.vn\/san-pham\/bo-mach-chu-im-lang-ender-5-plus-silent-motherboard\/#primaryimage"},"image":{"@id":"https:\/\/nge.vn\/san-pham\/bo-mach-chu-im-lang-ender-5-plus-silent-motherboard\/#primaryimage"},"thumbnailUrl":"https:\/\/nge.vn\/wp-content\/uploads\/2024\/10\/images-upload-woo2Fa9b989ad35604084f678de21086e3179.jpg","datePublished":"2024-10-26T02:46:50+00:00","dateModified":"2024-10-29T10:25:06+00:00","breadcrumb":{"@id":"https:\/\/nge.vn\/san-pham\/bo-mach-chu-im-lang-ender-5-plus-silent-motherboard\/#breadcrumb"},"inLanguage":"en-US","potentialAction":[{"@type":"ReadAction","target":["https:\/\/nge.vn\/san-pham\/bo-mach-chu-im-lang-ender-5-plus-silent-motherboard\/"]}]},{"@type":"ImageObject","inLanguage":"en-US","@id":"https:\/\/nge.vn\/san-pham\/bo-mach-chu-im-lang-ender-5-plus-silent-motherboard\/#primaryimage","url":"https:\/\/nge.vn\/wp-content\/uploads\/2024\/10\/images-upload-woo2Fa9b989ad35604084f678de21086e3179.jpg","contentUrl":"https:\/\/nge.vn\/wp-content\/uploads\/2024\/10\/images-upload-woo2Fa9b989ad35604084f678de21086e3179.jpg","width":832,"height":832},{"@type":"BreadcrumbList","@id":"https:\/\/nge.vn\/san-pham\/bo-mach-chu-im-lang-ender-5-plus-silent-motherboard\/#breadcrumb","itemListElement":[{"@type":"ListItem","position":1,"name":"Trang ch\u1ee7","item":"https:\/\/nge.vn\/"},{"@type":"ListItem","position":2,"name":"S\u1ea3n ph\u1ea9m","item":"https:\/\/nge.vn\/san-pham\/"},{"@type":"ListItem","position":3,"name":"Bo m\u1ea1ch ch\u1ee7 im l\u1eb7ng Ender-5 Plus Silent Motherboard"}]},{"@type":"WebSite","@id":"https:\/\/nge.vn\/#website","url":"https:\/\/nge.vn\/","name":"NGE 3D Printers Services","description":"","potentialAction":[{"@type":"SearchAction","target":{"@type":"EntryPoint","urlTemplate":"https:\/\/nge.vn\/?s={search_term_string}"},"query-input":{"@type":"PropertyValueSpecification","valueRequired":true,"valueName":"search_term_string"}}],"inLanguage":"en-US"}]}},"_links":{"self":[{"href":"https:\/\/nge.vn\/en\/wp-json\/wp\/v2\/product\/1925","targetHints":{"allow":["GET"]}}],"collection":[{"href":"https:\/\/nge.vn\/en\/wp-json\/wp\/v2\/product"}],"about":[{"href":"https:\/\/nge.vn\/en\/wp-json\/wp\/v2\/types\/product"}],"replies":[{"embeddable":true,"href":"https:\/\/nge.vn\/en\/wp-json\/wp\/v2\/comments?post=1925"}],"wp:featuredmedia":[{"embeddable":true,"href":"https:\/\/nge.vn\/en\/wp-json\/wp\/v2\/media\/1916"}],"wp:attachment":[{"href":"https:\/\/nge.vn\/en\/wp-json\/wp\/v2\/media?parent=1925"}],"wp:term":[{"taxonomy":"product_brand","embeddable":true,"href":"https:\/\/nge.vn\/en\/wp-json\/wp\/v2\/product_brand?post=1925"},{"taxonomy":"product_cat","embeddable":true,"href":"https:\/\/nge.vn\/en\/wp-json\/wp\/v2\/product_cat?post=1925"},{"taxonomy":"product_tag","embeddable":true,"href":"https:\/\/nge.vn\/en\/wp-json\/wp\/v2\/product_tag?post=1925"}],"curies":[{"name":"wp","href":"https:\/\/api.w.org\/{rel}","templated":true}]}}