{"id":1901,"date":"2024-10-26T09:43:34","date_gmt":"2024-10-26T02:43:34","guid":{"rendered":"https:\/\/nge.123websitedev.com\/san-pham\/module-truyen-dan-khong-day-dam-may-bigtreetech-btt-tf-cloud-v1-0-btt-sd-cloud-v1-0\/"},"modified":"2024-10-28T16:01:29","modified_gmt":"2024-10-28T09:01:29","slug":"module-truyen-dan-khong-day-dam-may-bigtreetech-btt-tf-cloud-v1-0-btt-sd-cloud-v1-0","status":"publish","type":"product","link":"https:\/\/nge.vn\/en\/product\/module-truyen-dan-khong-day-dam-may-bigtreetech-btt-tf-cloud-v1-0-btt-sd-cloud-v1-0\/","title":{"rendered":"Module truy\u1ec1n d\u1eabn kh\u00f4ng d\u00e2y \u0111\u00e1m m\u00e2y BIGTREETECH BTT TF Cloud V1.0 \/ BTT SD Cloud V1.0"},"content":{"rendered":"<p>Module truy\u1ec1n d\u1eabn kh\u00f4ng d\u00e2y \u0111\u00e1m m\u00e2y BIGTREETECH BTT TF Cloud V1.0 \/ BTT SD Cloud V1.0<br \/>\nTh\u00f4ng s\u1ed1 m\u00f4-\u0111un:<br \/>\n1) M\u00f4-\u0111un s\u1eed d\u1ee5ng ESP-12S, d\u1ef1a tr\u00ean m\u00f4-\u0111un chip UART-WIFI c\u00f4ng su\u1ea5t th\u1ea5p c\u1ee7a ESP8266;<br \/>\n2) T\u1ea7n s\u1ed1 ch\u00ednh h\u1ed7 tr\u1ee3 80 MHz v\u00e0 160 MHz;<br \/>\n3) D\u1ea3i ph\u1ed5: 2412-2484MHZ;<br \/>\n4) \u0110i\u1ec7n \u00e1p logic: DC 3,3v;<br \/>\n5) \u0110i\u1ec7n \u00e1p \u0111\u1ea7u v\u00e0o USB: DC 5V;<br \/>\n6) K\u00edch th\u01b0\u1edbc: SD &#8211; 24mm * 58,3mm; TF &#8211; 24mm * 45,5mm;<br \/>\n7) Y\u00eau c\u1ea7u \u0111\u1ecbnh d\u1ea1ng t\u00ean t\u1ec7p truy\u1ec1n: ch\u1ec9 h\u1ed7 tr\u1ee3 t\u00ean t\u1ec7p bao g\u1ed3m m\u00e3 ASCII;<br \/>\n8) B\u1ed9 nh\u1edb th\u1ebb TF: 128M.<\/p>\n<p>**Ph\u1ea1m vi \u1ee9ng d\u1ee5ng:<br \/>\n_B\u1ea5t k\u1ef3 giao di\u1ec7n th\u1ebb SD n\u00e0o giao ti\u1ebfp qua SPI \u0111\u1ec1u c\u00f3 th\u1ec3 \u0111\u01b0\u1ee3c c\u1eafm v\u00e0 s\u1eed d\u1ee5ng tr\u1ef1c ti\u1ebfp. Ch\u1eb3ng h\u1ea1n nh\u01b0:<\/p>\n<p>_D\u00f2ng bo m\u1ea1ch ch\u1ee7 BIGTREETECH SKR\u3001bo m\u1ea1ch ch\u1ee7 GTR\u3001BIGTREETECH TFT24 V1.1\u3001BIGTREETECH TFT35 V3.0\u3001BIGTREETECH TFT35-E3 V3.0, v.v.<\/p>\n<p>L\u01b0u \u00fd: kh\u00f4ng th\u1ec3 s\u1eed d\u1ee5ng t\u1ea5t c\u1ea3 c\u00e1c giao di\u1ec7n th\u1ebb SD giao ti\u1ebfp qua ch\u1ebf \u0111\u1ed9 SDIO;<br \/>\nV\u00ed d\u1ee5: BIGTREETECH TFT35 V2.0!!<\/p>\n<p>**To receive a better price, please contact the shop directly.<br \/>\n0913.939.775 contact A.Quan (for English)<br \/>\n094.144.0951 contact A.Quynh<br \/>\n**Selling price does not include VAT (+10% if VAT invoice is issued)<\/p>","protected":false},"excerpt":{"rendered":"<p>Module truy\u1ec1n d\u1eabn kh\u00f4ng d\u00e2y \u0111\u00e1m m\u00e2y BIGTREETECH BTT TF Cloud V1.0 \/ BTT SD Cloud V1.0<\/p>","protected":false},"featured_media":1894,"comment_status":"open","ping_status":"closed","template":"","meta":{"inline_featured_image":false},"product_brand":[],"product_cat":[40,58],"product_tag":[],"class_list":{"0":"post-1901","1":"product","2":"type-product","3":"status-publish","4":"has-post-thumbnail","6":"product_cat-linh-kien-va-phu-kien","7":"product_cat-phu-kien-may-in-3d-bigtreetech","9":"first","10":"instock","11":"taxable","12":"shipping-taxable","13":"purchasable","14":"product-type-variable"},"yoast_head":"<!-- This site is optimized with the Yoast SEO Premium plugin v22.8 (Yoast SEO v26.9) - https:\/\/yoast.com\/product\/yoast-seo-premium-wordpress\/ -->\n<title>Module truy\u1ec1n d\u1eabn kh\u00f4ng d\u00e2y \u0111\u00e1m m\u00e2y BIGTREETECH BTT TF Cloud V1.0 \/ BTT SD Cloud V1.0 - NGE 3D Printers Services<\/title>\n<meta name=\"robots\" content=\"index, follow, max-snippet:-1, max-image-preview:large, max-video-preview:-1\" \/>\n<link rel=\"canonical\" href=\"https:\/\/nge.vn\/en\/product\/module-truyen-dan-khong-day-dam-may-bigtreetech-btt-tf-cloud-v1-0-btt-sd-cloud-v1-0\/\" \/>\n<meta property=\"og:locale\" content=\"en_US\" \/>\n<meta property=\"og:type\" content=\"article\" \/>\n<meta property=\"og:title\" content=\"Module truy\u1ec1n d\u1eabn kh\u00f4ng d\u00e2y \u0111\u00e1m m\u00e2y BIGTREETECH BTT TF Cloud V1.0 \/ BTT SD Cloud V1.0\" \/>\n<meta property=\"og:description\" content=\"Module truy\u1ec1n d\u1eabn kh\u00f4ng d\u00e2y \u0111\u00e1m m\u00e2y BIGTREETECH BTT TF Cloud V1.0 \/ BTT SD Cloud V1.0\" \/>\n<meta property=\"og:url\" content=\"https:\/\/nge.vn\/en\/product\/module-truyen-dan-khong-day-dam-may-bigtreetech-btt-tf-cloud-v1-0-btt-sd-cloud-v1-0\/\" \/>\n<meta property=\"og:site_name\" content=\"NGE 3D Printers Services\" \/>\n<meta property=\"article:modified_time\" content=\"2024-10-28T09:01:29+00:00\" \/>\n<meta property=\"og:image\" content=\"https:\/\/nge.vn\/wp-content\/uploads\/2024\/10\/images-upload-woo2F7c01afb4fbfbf4d52828bb7269a58a6c.jpg\" \/>\n\t<meta property=\"og:image:width\" content=\"1000\" \/>\n\t<meta property=\"og:image:height\" content=\"1000\" \/>\n\t<meta property=\"og:image:type\" content=\"image\/jpeg\" \/>\n<meta name=\"twitter:card\" content=\"summary_large_image\" \/>\n<meta name=\"twitter:label1\" content=\"Est. reading time\" \/>\n\t<meta name=\"twitter:data1\" content=\"1 minute\" \/>\n<script type=\"application\/ld+json\" class=\"yoast-schema-graph\">{\"@context\":\"https:\/\/schema.org\",\"@graph\":[{\"@type\":\"WebPage\",\"@id\":\"https:\/\/nge.vn\/san-pham\/module-truyen-dan-khong-day-dam-may-bigtreetech-btt-tf-cloud-v1-0-btt-sd-cloud-v1-0\/\",\"url\":\"https:\/\/nge.vn\/san-pham\/module-truyen-dan-khong-day-dam-may-bigtreetech-btt-tf-cloud-v1-0-btt-sd-cloud-v1-0\/\",\"name\":\"Module truy\u1ec1n d\u1eabn kh\u00f4ng d\u00e2y \u0111\u00e1m m\u00e2y BIGTREETECH BTT TF Cloud V1.0 \/ BTT SD Cloud V1.0 - NGE 3D Printers Services\",\"isPartOf\":{\"@id\":\"https:\/\/nge.vn\/#website\"},\"primaryImageOfPage\":{\"@id\":\"https:\/\/nge.vn\/san-pham\/module-truyen-dan-khong-day-dam-may-bigtreetech-btt-tf-cloud-v1-0-btt-sd-cloud-v1-0\/#primaryimage\"},\"image\":{\"@id\":\"https:\/\/nge.vn\/san-pham\/module-truyen-dan-khong-day-dam-may-bigtreetech-btt-tf-cloud-v1-0-btt-sd-cloud-v1-0\/#primaryimage\"},\"thumbnailUrl\":\"https:\/\/nge.vn\/wp-content\/uploads\/2024\/10\/images-upload-woo2F7c01afb4fbfbf4d52828bb7269a58a6c.jpg\",\"datePublished\":\"2024-10-26T02:43:34+00:00\",\"dateModified\":\"2024-10-28T09:01:29+00:00\",\"breadcrumb\":{\"@id\":\"https:\/\/nge.vn\/san-pham\/module-truyen-dan-khong-day-dam-may-bigtreetech-btt-tf-cloud-v1-0-btt-sd-cloud-v1-0\/#breadcrumb\"},\"inLanguage\":\"en-US\",\"potentialAction\":[{\"@type\":\"ReadAction\",\"target\":[\"https:\/\/nge.vn\/san-pham\/module-truyen-dan-khong-day-dam-may-bigtreetech-btt-tf-cloud-v1-0-btt-sd-cloud-v1-0\/\"]}]},{\"@type\":\"ImageObject\",\"inLanguage\":\"en-US\",\"@id\":\"https:\/\/nge.vn\/san-pham\/module-truyen-dan-khong-day-dam-may-bigtreetech-btt-tf-cloud-v1-0-btt-sd-cloud-v1-0\/#primaryimage\",\"url\":\"https:\/\/nge.vn\/wp-content\/uploads\/2024\/10\/images-upload-woo2F7c01afb4fbfbf4d52828bb7269a58a6c.jpg\",\"contentUrl\":\"https:\/\/nge.vn\/wp-content\/uploads\/2024\/10\/images-upload-woo2F7c01afb4fbfbf4d52828bb7269a58a6c.jpg\",\"width\":1000,\"height\":1000},{\"@type\":\"BreadcrumbList\",\"@id\":\"https:\/\/nge.vn\/san-pham\/module-truyen-dan-khong-day-dam-may-bigtreetech-btt-tf-cloud-v1-0-btt-sd-cloud-v1-0\/#breadcrumb\",\"itemListElement\":[{\"@type\":\"ListItem\",\"position\":1,\"name\":\"Trang ch\u1ee7\",\"item\":\"https:\/\/nge.vn\/\"},{\"@type\":\"ListItem\",\"position\":2,\"name\":\"S\u1ea3n ph\u1ea9m\",\"item\":\"https:\/\/nge.vn\/san-pham\/\"},{\"@type\":\"ListItem\",\"position\":3,\"name\":\"Module truy\u1ec1n d\u1eabn kh\u00f4ng d\u00e2y \u0111\u00e1m m\u00e2y BIGTREETECH BTT TF Cloud V1.0 \/ BTT SD Cloud V1.0\"}]},{\"@type\":\"WebSite\",\"@id\":\"https:\/\/nge.vn\/#website\",\"url\":\"https:\/\/nge.vn\/\",\"name\":\"NGE 3D Printers Services\",\"description\":\"\",\"potentialAction\":[{\"@type\":\"SearchAction\",\"target\":{\"@type\":\"EntryPoint\",\"urlTemplate\":\"https:\/\/nge.vn\/?s={search_term_string}\"},\"query-input\":{\"@type\":\"PropertyValueSpecification\",\"valueRequired\":true,\"valueName\":\"search_term_string\"}}],\"inLanguage\":\"en-US\"}]}<\/script>\n<!-- \/ Yoast SEO Premium plugin. -->","yoast_head_json":{"title":"Module truy\u1ec1n d\u1eabn kh\u00f4ng d\u00e2y \u0111\u00e1m m\u00e2y BIGTREETECH BTT TF Cloud V1.0 \/ BTT SD Cloud V1.0 - NGE 3D Printers Services","robots":{"index":"index","follow":"follow","max-snippet":"max-snippet:-1","max-image-preview":"max-image-preview:large","max-video-preview":"max-video-preview:-1"},"canonical":"https:\/\/nge.vn\/en\/product\/module-truyen-dan-khong-day-dam-may-bigtreetech-btt-tf-cloud-v1-0-btt-sd-cloud-v1-0\/","og_locale":"en_US","og_type":"article","og_title":"Module truy\u1ec1n d\u1eabn kh\u00f4ng d\u00e2y \u0111\u00e1m m\u00e2y BIGTREETECH BTT TF Cloud V1.0 \/ BTT SD Cloud V1.0","og_description":"Module truy\u1ec1n d\u1eabn kh\u00f4ng d\u00e2y \u0111\u00e1m m\u00e2y BIGTREETECH BTT TF Cloud V1.0 \/ BTT SD Cloud V1.0","og_url":"https:\/\/nge.vn\/en\/product\/module-truyen-dan-khong-day-dam-may-bigtreetech-btt-tf-cloud-v1-0-btt-sd-cloud-v1-0\/","og_site_name":"NGE 3D Printers Services","article_modified_time":"2024-10-28T09:01:29+00:00","og_image":[{"width":1000,"height":1000,"url":"https:\/\/nge.vn\/wp-content\/uploads\/2024\/10\/images-upload-woo2F7c01afb4fbfbf4d52828bb7269a58a6c.jpg","type":"image\/jpeg"}],"twitter_card":"summary_large_image","twitter_misc":{"Est. reading time":"1 minute"},"schema":{"@context":"https:\/\/schema.org","@graph":[{"@type":"WebPage","@id":"https:\/\/nge.vn\/san-pham\/module-truyen-dan-khong-day-dam-may-bigtreetech-btt-tf-cloud-v1-0-btt-sd-cloud-v1-0\/","url":"https:\/\/nge.vn\/san-pham\/module-truyen-dan-khong-day-dam-may-bigtreetech-btt-tf-cloud-v1-0-btt-sd-cloud-v1-0\/","name":"Module truy\u1ec1n d\u1eabn kh\u00f4ng d\u00e2y \u0111\u00e1m m\u00e2y BIGTREETECH BTT TF Cloud V1.0 \/ BTT SD Cloud V1.0 - NGE 3D Printers Services","isPartOf":{"@id":"https:\/\/nge.vn\/#website"},"primaryImageOfPage":{"@id":"https:\/\/nge.vn\/san-pham\/module-truyen-dan-khong-day-dam-may-bigtreetech-btt-tf-cloud-v1-0-btt-sd-cloud-v1-0\/#primaryimage"},"image":{"@id":"https:\/\/nge.vn\/san-pham\/module-truyen-dan-khong-day-dam-may-bigtreetech-btt-tf-cloud-v1-0-btt-sd-cloud-v1-0\/#primaryimage"},"thumbnailUrl":"https:\/\/nge.vn\/wp-content\/uploads\/2024\/10\/images-upload-woo2F7c01afb4fbfbf4d52828bb7269a58a6c.jpg","datePublished":"2024-10-26T02:43:34+00:00","dateModified":"2024-10-28T09:01:29+00:00","breadcrumb":{"@id":"https:\/\/nge.vn\/san-pham\/module-truyen-dan-khong-day-dam-may-bigtreetech-btt-tf-cloud-v1-0-btt-sd-cloud-v1-0\/#breadcrumb"},"inLanguage":"en-US","potentialAction":[{"@type":"ReadAction","target":["https:\/\/nge.vn\/san-pham\/module-truyen-dan-khong-day-dam-may-bigtreetech-btt-tf-cloud-v1-0-btt-sd-cloud-v1-0\/"]}]},{"@type":"ImageObject","inLanguage":"en-US","@id":"https:\/\/nge.vn\/san-pham\/module-truyen-dan-khong-day-dam-may-bigtreetech-btt-tf-cloud-v1-0-btt-sd-cloud-v1-0\/#primaryimage","url":"https:\/\/nge.vn\/wp-content\/uploads\/2024\/10\/images-upload-woo2F7c01afb4fbfbf4d52828bb7269a58a6c.jpg","contentUrl":"https:\/\/nge.vn\/wp-content\/uploads\/2024\/10\/images-upload-woo2F7c01afb4fbfbf4d52828bb7269a58a6c.jpg","width":1000,"height":1000},{"@type":"BreadcrumbList","@id":"https:\/\/nge.vn\/san-pham\/module-truyen-dan-khong-day-dam-may-bigtreetech-btt-tf-cloud-v1-0-btt-sd-cloud-v1-0\/#breadcrumb","itemListElement":[{"@type":"ListItem","position":1,"name":"Trang ch\u1ee7","item":"https:\/\/nge.vn\/"},{"@type":"ListItem","position":2,"name":"S\u1ea3n ph\u1ea9m","item":"https:\/\/nge.vn\/san-pham\/"},{"@type":"ListItem","position":3,"name":"Module truy\u1ec1n d\u1eabn kh\u00f4ng d\u00e2y \u0111\u00e1m m\u00e2y BIGTREETECH BTT TF Cloud V1.0 \/ BTT SD Cloud V1.0"}]},{"@type":"WebSite","@id":"https:\/\/nge.vn\/#website","url":"https:\/\/nge.vn\/","name":"NGE 3D Printers Services","description":"","potentialAction":[{"@type":"SearchAction","target":{"@type":"EntryPoint","urlTemplate":"https:\/\/nge.vn\/?s={search_term_string}"},"query-input":{"@type":"PropertyValueSpecification","valueRequired":true,"valueName":"search_term_string"}}],"inLanguage":"en-US"}]}},"_links":{"self":[{"href":"https:\/\/nge.vn\/en\/wp-json\/wp\/v2\/product\/1901","targetHints":{"allow":["GET"]}}],"collection":[{"href":"https:\/\/nge.vn\/en\/wp-json\/wp\/v2\/product"}],"about":[{"href":"https:\/\/nge.vn\/en\/wp-json\/wp\/v2\/types\/product"}],"replies":[{"embeddable":true,"href":"https:\/\/nge.vn\/en\/wp-json\/wp\/v2\/comments?post=1901"}],"wp:featuredmedia":[{"embeddable":true,"href":"https:\/\/nge.vn\/en\/wp-json\/wp\/v2\/media\/1894"}],"wp:attachment":[{"href":"https:\/\/nge.vn\/en\/wp-json\/wp\/v2\/media?parent=1901"}],"wp:term":[{"taxonomy":"product_brand","embeddable":true,"href":"https:\/\/nge.vn\/en\/wp-json\/wp\/v2\/product_brand?post=1901"},{"taxonomy":"product_cat","embeddable":true,"href":"https:\/\/nge.vn\/en\/wp-json\/wp\/v2\/product_cat?post=1901"},{"taxonomy":"product_tag","embeddable":true,"href":"https:\/\/nge.vn\/en\/wp-json\/wp\/v2\/product_tag?post=1901"}],"curies":[{"name":"wp","href":"https:\/\/api.w.org\/{rel}","templated":true}]}}