{"id":1887,"date":"2024-10-26T09:42:12","date_gmt":"2024-10-26T02:42:12","guid":{"rendered":"https:\/\/nge.123websitedev.com\/san-pham\/board-bigtreetech-ebb-sb2209-sb2240-can-v1-0-va-ebb-sb0000-cho-voron-stealthburner\/"},"modified":"2024-10-28T16:02:19","modified_gmt":"2024-10-28T09:02:19","slug":"board-bigtreetech-ebb-sb2209-sb2240-can-v1-0-va-ebb-sb0000-cho-voron-stealthburner","status":"publish","type":"product","link":"https:\/\/nge.vn\/en\/product\/board-bigtreetech-ebb-sb2209-sb2240-can-v1-0-va-ebb-sb0000-cho-voron-stealthburner\/","title":{"rendered":"Board BIGTREETECH EBB SB2209\/SB2240 CAN V1.0 v\u00e0 EBB SB0000 cho Voron StealthBurner"},"content":{"rendered":"<p>Board chuy\u1ec3n \u0111\u1ed5i BIGTREETECH EBB SB2209\/SB2240 CAN V1.0 Cho Voron StealthBurner<br \/>\n**EBB SB2240\/2209 CAN<br \/>\n_Can\/USB-C Communication | TMC2240\/2209 Driver | For Voron StealthBurner<br \/>\n+CAN Bus Communication<br \/>\n+Built-in TMC2240\/TMC2209 Driver<br \/>\n+For Voron StealthBurner Drop-in installation<br \/>\n+Support PT100\/PT1000<br \/>\n+Onboard Temperature Sensor<br \/>\n+2 x 2 pins Fan, 1 x 4 pins Fan 5V\/12V\/24V Selection<\/p>\n<p>_C\u00e0i \u0111\u1eb7t Drop-in<br \/>\nKho\u1ea3ng c\u00e1ch v\u00e0 v\u1ecb tr\u00ed ti\u00eau \u0111\u1ec1 c\u1ea9n th\u1eadn c\u00f3 ngh\u0129a l\u00e0 vi\u1ec7c \u0111i d\u00e2y s\u1ebd d\u1ec5 d\u00e0ng. Kh\u00f4ng c\u1ea7n h\u00e0n b\u1ea5t c\u1ee9 th\u1ee9 g\u00ec nh\u1edd c\u00e1c ch\u00e2n ti\u00eau \u0111\u1ec1 tr\u00ean bo m\u1ea1ch.<\/p>\n<p>_M\u1ed9t \u0111i\u1ec1u n\u1eefa<br \/>\nTh\u00eam m\u00e0n h\u00ecnh ph\u1ee5 v\u00e0o n\u1eafp tr\u01b0\u1edbc c\u1ee7a m\u00e1y \u0111\u00f9n. L\u00e0m cho m\u00e1y c\u1ee7a b\u1ea1n n\u1ed5i b\u1eadt gi\u1eefa \u0111\u00e1m \u0111\u00f4ng.<\/p>\n<p>_M\u1ea1nh m\u1ebd v\u00e0 \u0111\u00e1ng tin c\u1eady<br \/>\nVi\u1ec7c s\u1eed d\u1ee5ng c\u00e1c MCUs 32 bit, 64 MHz hi\u1ec7u su\u1ea5t cao t\u1eeb STM \u0111\u1ea7u ng\u00e0nh \u0111\u1ea3m b\u1ea3o hi\u1ec7u su\u1ea5t \u1ed5n \u0111\u1ecbnh v\u1edbi t\u00edn hi\u1ec7u bus CAN c\u00f3 th\u1ec3 h\u1ed7 tr\u1ee3 t\u1ed1c \u0111\u1ed9 d\u1eef li\u1ec7u cao h\u01a1n trong kho\u1ea3ng c\u00e1ch xa h\u01a1n m\u00e0 kh\u00f4ng g\u1eb7p l\u1ed7i.<\/p>\n<p>_Chip \u0111i\u1ec1u khi\u1ec3n si\u00eau im l\u1eb7ng TMC2240 m\u1edbi nh\u1ea5t<br \/>\nTMC2240 c\u00f3 c\u00e1c ch\u1ee9c n\u0103ng ch\u1ea9n \u0111o\u00e1n v\u00e0 b\u1ea3o v\u1ec7 phong ph\u00fa, ch\u1eb3ng h\u1ea1n nh\u01b0 b\u1ea3o v\u1ec7 ng\u1eafn m\u1ea1ch\/h\u1edf m\u1ea1ch, t\u1eaft m\u00e1y do nhi\u1ec7t v\u00e0 kh\u00f3a \u0111i\u1ec7n \u00e1p th\u1ea5p. Nh\u1edd t\u1ed1i \u01b0u h\u00f3a b\u00ean trong, n\u00f3 c\u00f3 th\u1ec3 truy\u1ec1n nhi\u1ec1u d\u00f2ng \u0111i\u1ec7n h\u01a1n \u1edf nhi\u1ec7t \u0111\u1ed9 th\u1ea5p h\u01a1n, gi\u1eef cho m\u00e1y \u0111\u00f9n c\u1ee7a b\u1ea1n ch\u1ea1y l\u00e2u h\u01a1n.<br \/>\n(EBB SB2240 C\u00d3 TH\u1ec2 \u0111i k\u00e8m v\u1edbi TMC2240, EBB SB2209 C\u00d3 TH\u1ec2 \u0111i k\u00e8m v\u1edbi TMC2209.)<\/p>\n<p>\u0110\u1ea5u d\u00e2y v\u1edbi b\u1ea3ng \u0111i\u1ec1u khi\u1ec3n<br \/>\nv\u00ed d\u1ee5.<br \/>\n\u2022 Manta M8P + EBB SB2240\/2209 CAN + EBB SB0000 CAN<br \/>\n\u2022 Octopus Pro + U2C + Raspberry Pi + EBB SB2240\/2209 CAN<\/p>\n<p>_EBB SB2209\/2240 includes:<br \/>\n\u2022 EBB SB2240\/2209 CAN x1<br \/>\n\u2022 EBB SB0000 CAN x 1<br \/>\n\u2022 3m CAN bus Cable x 1<br \/>\n\u2022 Heat Sink x 1<br \/>\n\u2022 DIY Crimp Terminal Set x 1<br \/>\n\u2022 Jumper Cap Set x 1<br \/>\n\u2022 Zip Ties x 2<br \/>\n\u2022 Fixing Screw Set x 1<br \/>\n\uff08Gifts: 30PIN wire x 1<br \/>\n100K NTC B3950 thermistor x 1)<\/p>\n<p>***Specifications<br \/>\nEBB SB2240 CAN \/ EBB SB2209 CAN<br \/>\n+Built-in Driver: TMC2240 \/ TMC2209<br \/>\n+Driver Working Mode: SPI \/ UART<br \/>\n+MCU: Arm\u00ae 32-bit Cortex\u00ae-MO+ CPU STM32GOB1CBT6 64MHz<br \/>\n+Input Voltage: DC12V-DC24V 9A<br \/>\n+Logic Voltage: DC 3.3V<br \/>\n+Heater Connection: Heater Cartridge (EO), Max Output Current: 5A<br \/>\n+Onboard Sensor: ADXL345<br \/>\n+Fan Port: 2x PWM (FANO, FAN1), 1 x4 pins Fan Port<br \/>\n+Fan Port Max Current: 1A Continuous, 1.5A Instantaneous<br \/>\n+Stepper Motor Interface: EM<br \/>\n+Temperature Sensor Interface: 1x 100K NTC or PT1000(THO), 1 x PT100\/PT1000 Selectable<br \/>\n+USB Communication Interface: USB-Type-C<br \/>\n+DCDC 5V Output Max Current: 1A<br \/>\n+Expansion Port: EndStop, ABL, RGB, PT100\/PT1000, USB, CAN, SPI<\/p>\n<p>***G\u00f3i s\u1ea3n ph\u1ea9m:<br \/>\n+EBB SB2240 CAN or EBB SB2209 CAN<br \/>\n+EBB SB000 Can<br \/>\n+D\u00e2y cable \u0111en v\u00e0 c\u00e1c \u0111\u1ea7u jack<\/p>\n<p>**To receive a better price, please contact the shop directly.<br \/>\n0913.939.775 contact A.Quan (for English)<br \/>\n094.144.0951 contact A.Quynh<br \/>\n**Selling price does not include VAT (+10% if VAT invoice is issued)<\/p>\n<p>***T\u1ea5t c\u1ea3 s\u1ea3n ph\u1ea9m linh ph\u1ee5 ki\u1ec7n kh\u00f4ng b\u1ea3o h\u00e0nh (c\u00e1c b\u1ea1n c\u00f3 th\u1ec3 li\u00ean h\u1ec7 h\u00e3ng h\u1ed9 tr\u1ee3 th\u00eam)<\/p>","protected":false},"excerpt":{"rendered":"<p>Board BIGTREETECH EBB SB2209\/SB2240 CAN V1.0 v\u00e0 EBB SB0000 cho Voron StealthBurner<\/p>","protected":false},"featured_media":1878,"comment_status":"open","ping_status":"closed","template":"","meta":{"inline_featured_image":false},"product_brand":[],"product_cat":[40,58],"product_tag":[],"class_list":{"0":"post-1887","1":"product","2":"type-product","3":"status-publish","4":"has-post-thumbnail","6":"product_cat-linh-kien-va-phu-kien","7":"product_cat-phu-kien-may-in-3d-bigtreetech","9":"first","10":"instock","11":"taxable","12":"shipping-taxable","13":"purchasable","14":"product-type-variable"},"yoast_head":"<!-- This site is optimized with the Yoast SEO Premium plugin v22.8 (Yoast SEO v26.9) - https:\/\/yoast.com\/product\/yoast-seo-premium-wordpress\/ -->\n<title>Board BIGTREETECH EBB SB2209\/SB2240 CAN V1.0 v\u00e0 EBB SB0000 cho Voron StealthBurner - NGE 3D Printers Services<\/title>\n<meta name=\"robots\" content=\"index, follow, max-snippet:-1, max-image-preview:large, max-video-preview:-1\" \/>\n<link rel=\"canonical\" href=\"https:\/\/nge.vn\/en\/product\/board-bigtreetech-ebb-sb2209-sb2240-can-v1-0-va-ebb-sb0000-cho-voron-stealthburner\/\" \/>\n<meta property=\"og:locale\" content=\"en_US\" \/>\n<meta property=\"og:type\" content=\"article\" \/>\n<meta property=\"og:title\" content=\"Board BIGTREETECH EBB SB2209\/SB2240 CAN V1.0 v\u00e0 EBB SB0000 cho Voron StealthBurner\" \/>\n<meta property=\"og:description\" content=\"Board BIGTREETECH EBB SB2209\/SB2240 CAN V1.0 v\u00e0 EBB SB0000 cho Voron StealthBurner\" \/>\n<meta property=\"og:url\" content=\"https:\/\/nge.vn\/en\/product\/board-bigtreetech-ebb-sb2209-sb2240-can-v1-0-va-ebb-sb0000-cho-voron-stealthburner\/\" \/>\n<meta property=\"og:site_name\" content=\"NGE 3D Printers Services\" \/>\n<meta property=\"article:modified_time\" content=\"2024-10-28T09:02:19+00:00\" \/>\n<meta property=\"og:image\" content=\"https:\/\/nge.vn\/wp-content\/uploads\/2024\/10\/images-upload-woo2Fc51b9e1183c7fbdff766e8a253c63af8.jpg\" \/>\n\t<meta property=\"og:image:width\" content=\"596\" \/>\n\t<meta property=\"og:image:height\" content=\"596\" \/>\n\t<meta property=\"og:image:type\" content=\"image\/jpeg\" \/>\n<meta name=\"twitter:card\" content=\"summary_large_image\" \/>\n<meta name=\"twitter:label1\" content=\"Est. reading time\" \/>\n\t<meta name=\"twitter:data1\" content=\"3 minutes\" \/>\n<script type=\"application\/ld+json\" class=\"yoast-schema-graph\">{\"@context\":\"https:\/\/schema.org\",\"@graph\":[{\"@type\":\"WebPage\",\"@id\":\"https:\/\/nge.vn\/san-pham\/board-bigtreetech-ebb-sb2209-sb2240-can-v1-0-va-ebb-sb0000-cho-voron-stealthburner\/\",\"url\":\"https:\/\/nge.vn\/san-pham\/board-bigtreetech-ebb-sb2209-sb2240-can-v1-0-va-ebb-sb0000-cho-voron-stealthburner\/\",\"name\":\"Board BIGTREETECH EBB SB2209\/SB2240 CAN V1.0 v\u00e0 EBB SB0000 cho Voron StealthBurner - NGE 3D Printers Services\",\"isPartOf\":{\"@id\":\"https:\/\/nge.vn\/#website\"},\"primaryImageOfPage\":{\"@id\":\"https:\/\/nge.vn\/san-pham\/board-bigtreetech-ebb-sb2209-sb2240-can-v1-0-va-ebb-sb0000-cho-voron-stealthburner\/#primaryimage\"},\"image\":{\"@id\":\"https:\/\/nge.vn\/san-pham\/board-bigtreetech-ebb-sb2209-sb2240-can-v1-0-va-ebb-sb0000-cho-voron-stealthburner\/#primaryimage\"},\"thumbnailUrl\":\"https:\/\/nge.vn\/wp-content\/uploads\/2024\/10\/images-upload-woo2Fc51b9e1183c7fbdff766e8a253c63af8.jpg\",\"datePublished\":\"2024-10-26T02:42:12+00:00\",\"dateModified\":\"2024-10-28T09:02:19+00:00\",\"breadcrumb\":{\"@id\":\"https:\/\/nge.vn\/san-pham\/board-bigtreetech-ebb-sb2209-sb2240-can-v1-0-va-ebb-sb0000-cho-voron-stealthburner\/#breadcrumb\"},\"inLanguage\":\"en-US\",\"potentialAction\":[{\"@type\":\"ReadAction\",\"target\":[\"https:\/\/nge.vn\/san-pham\/board-bigtreetech-ebb-sb2209-sb2240-can-v1-0-va-ebb-sb0000-cho-voron-stealthburner\/\"]}]},{\"@type\":\"ImageObject\",\"inLanguage\":\"en-US\",\"@id\":\"https:\/\/nge.vn\/san-pham\/board-bigtreetech-ebb-sb2209-sb2240-can-v1-0-va-ebb-sb0000-cho-voron-stealthburner\/#primaryimage\",\"url\":\"https:\/\/nge.vn\/wp-content\/uploads\/2024\/10\/images-upload-woo2Fc51b9e1183c7fbdff766e8a253c63af8.jpg\",\"contentUrl\":\"https:\/\/nge.vn\/wp-content\/uploads\/2024\/10\/images-upload-woo2Fc51b9e1183c7fbdff766e8a253c63af8.jpg\",\"width\":596,\"height\":596},{\"@type\":\"BreadcrumbList\",\"@id\":\"https:\/\/nge.vn\/san-pham\/board-bigtreetech-ebb-sb2209-sb2240-can-v1-0-va-ebb-sb0000-cho-voron-stealthburner\/#breadcrumb\",\"itemListElement\":[{\"@type\":\"ListItem\",\"position\":1,\"name\":\"Trang ch\u1ee7\",\"item\":\"https:\/\/nge.vn\/\"},{\"@type\":\"ListItem\",\"position\":2,\"name\":\"S\u1ea3n ph\u1ea9m\",\"item\":\"https:\/\/nge.vn\/san-pham\/\"},{\"@type\":\"ListItem\",\"position\":3,\"name\":\"Board BIGTREETECH EBB SB2209\/SB2240 CAN V1.0 v\u00e0 EBB SB0000 cho Voron StealthBurner\"}]},{\"@type\":\"WebSite\",\"@id\":\"https:\/\/nge.vn\/#website\",\"url\":\"https:\/\/nge.vn\/\",\"name\":\"NGE 3D Printers Services\",\"description\":\"\",\"potentialAction\":[{\"@type\":\"SearchAction\",\"target\":{\"@type\":\"EntryPoint\",\"urlTemplate\":\"https:\/\/nge.vn\/?s={search_term_string}\"},\"query-input\":{\"@type\":\"PropertyValueSpecification\",\"valueRequired\":true,\"valueName\":\"search_term_string\"}}],\"inLanguage\":\"en-US\"}]}<\/script>\n<!-- \/ Yoast SEO Premium plugin. -->","yoast_head_json":{"title":"Board BIGTREETECH EBB SB2209\/SB2240 CAN V1.0 v\u00e0 EBB SB0000 cho Voron StealthBurner - NGE 3D Printers Services","robots":{"index":"index","follow":"follow","max-snippet":"max-snippet:-1","max-image-preview":"max-image-preview:large","max-video-preview":"max-video-preview:-1"},"canonical":"https:\/\/nge.vn\/en\/product\/board-bigtreetech-ebb-sb2209-sb2240-can-v1-0-va-ebb-sb0000-cho-voron-stealthburner\/","og_locale":"en_US","og_type":"article","og_title":"Board BIGTREETECH EBB SB2209\/SB2240 CAN V1.0 v\u00e0 EBB SB0000 cho Voron StealthBurner","og_description":"Board BIGTREETECH EBB SB2209\/SB2240 CAN V1.0 v\u00e0 EBB SB0000 cho Voron StealthBurner","og_url":"https:\/\/nge.vn\/en\/product\/board-bigtreetech-ebb-sb2209-sb2240-can-v1-0-va-ebb-sb0000-cho-voron-stealthburner\/","og_site_name":"NGE 3D Printers Services","article_modified_time":"2024-10-28T09:02:19+00:00","og_image":[{"width":596,"height":596,"url":"https:\/\/nge.vn\/wp-content\/uploads\/2024\/10\/images-upload-woo2Fc51b9e1183c7fbdff766e8a253c63af8.jpg","type":"image\/jpeg"}],"twitter_card":"summary_large_image","twitter_misc":{"Est. reading time":"3 minutes"},"schema":{"@context":"https:\/\/schema.org","@graph":[{"@type":"WebPage","@id":"https:\/\/nge.vn\/san-pham\/board-bigtreetech-ebb-sb2209-sb2240-can-v1-0-va-ebb-sb0000-cho-voron-stealthburner\/","url":"https:\/\/nge.vn\/san-pham\/board-bigtreetech-ebb-sb2209-sb2240-can-v1-0-va-ebb-sb0000-cho-voron-stealthburner\/","name":"Board BIGTREETECH EBB SB2209\/SB2240 CAN V1.0 v\u00e0 EBB SB0000 cho Voron StealthBurner - NGE 3D Printers Services","isPartOf":{"@id":"https:\/\/nge.vn\/#website"},"primaryImageOfPage":{"@id":"https:\/\/nge.vn\/san-pham\/board-bigtreetech-ebb-sb2209-sb2240-can-v1-0-va-ebb-sb0000-cho-voron-stealthburner\/#primaryimage"},"image":{"@id":"https:\/\/nge.vn\/san-pham\/board-bigtreetech-ebb-sb2209-sb2240-can-v1-0-va-ebb-sb0000-cho-voron-stealthburner\/#primaryimage"},"thumbnailUrl":"https:\/\/nge.vn\/wp-content\/uploads\/2024\/10\/images-upload-woo2Fc51b9e1183c7fbdff766e8a253c63af8.jpg","datePublished":"2024-10-26T02:42:12+00:00","dateModified":"2024-10-28T09:02:19+00:00","breadcrumb":{"@id":"https:\/\/nge.vn\/san-pham\/board-bigtreetech-ebb-sb2209-sb2240-can-v1-0-va-ebb-sb0000-cho-voron-stealthburner\/#breadcrumb"},"inLanguage":"en-US","potentialAction":[{"@type":"ReadAction","target":["https:\/\/nge.vn\/san-pham\/board-bigtreetech-ebb-sb2209-sb2240-can-v1-0-va-ebb-sb0000-cho-voron-stealthburner\/"]}]},{"@type":"ImageObject","inLanguage":"en-US","@id":"https:\/\/nge.vn\/san-pham\/board-bigtreetech-ebb-sb2209-sb2240-can-v1-0-va-ebb-sb0000-cho-voron-stealthburner\/#primaryimage","url":"https:\/\/nge.vn\/wp-content\/uploads\/2024\/10\/images-upload-woo2Fc51b9e1183c7fbdff766e8a253c63af8.jpg","contentUrl":"https:\/\/nge.vn\/wp-content\/uploads\/2024\/10\/images-upload-woo2Fc51b9e1183c7fbdff766e8a253c63af8.jpg","width":596,"height":596},{"@type":"BreadcrumbList","@id":"https:\/\/nge.vn\/san-pham\/board-bigtreetech-ebb-sb2209-sb2240-can-v1-0-va-ebb-sb0000-cho-voron-stealthburner\/#breadcrumb","itemListElement":[{"@type":"ListItem","position":1,"name":"Trang ch\u1ee7","item":"https:\/\/nge.vn\/"},{"@type":"ListItem","position":2,"name":"S\u1ea3n ph\u1ea9m","item":"https:\/\/nge.vn\/san-pham\/"},{"@type":"ListItem","position":3,"name":"Board BIGTREETECH EBB SB2209\/SB2240 CAN V1.0 v\u00e0 EBB SB0000 cho Voron StealthBurner"}]},{"@type":"WebSite","@id":"https:\/\/nge.vn\/#website","url":"https:\/\/nge.vn\/","name":"NGE 3D Printers Services","description":"","potentialAction":[{"@type":"SearchAction","target":{"@type":"EntryPoint","urlTemplate":"https:\/\/nge.vn\/?s={search_term_string}"},"query-input":{"@type":"PropertyValueSpecification","valueRequired":true,"valueName":"search_term_string"}}],"inLanguage":"en-US"}]}},"_links":{"self":[{"href":"https:\/\/nge.vn\/en\/wp-json\/wp\/v2\/product\/1887","targetHints":{"allow":["GET"]}}],"collection":[{"href":"https:\/\/nge.vn\/en\/wp-json\/wp\/v2\/product"}],"about":[{"href":"https:\/\/nge.vn\/en\/wp-json\/wp\/v2\/types\/product"}],"replies":[{"embeddable":true,"href":"https:\/\/nge.vn\/en\/wp-json\/wp\/v2\/comments?post=1887"}],"wp:featuredmedia":[{"embeddable":true,"href":"https:\/\/nge.vn\/en\/wp-json\/wp\/v2\/media\/1878"}],"wp:attachment":[{"href":"https:\/\/nge.vn\/en\/wp-json\/wp\/v2\/media?parent=1887"}],"wp:term":[{"taxonomy":"product_brand","embeddable":true,"href":"https:\/\/nge.vn\/en\/wp-json\/wp\/v2\/product_brand?post=1887"},{"taxonomy":"product_cat","embeddable":true,"href":"https:\/\/nge.vn\/en\/wp-json\/wp\/v2\/product_cat?post=1887"},{"taxonomy":"product_tag","embeddable":true,"href":"https:\/\/nge.vn\/en\/wp-json\/wp\/v2\/product_tag?post=1887"}],"curies":[{"name":"wp","href":"https:\/\/api.w.org\/{rel}","templated":true}]}}